{"id":22248,"date":"2018-05-02T11:04:20","date_gmt":"2018-05-02T11:04:20","guid":{"rendered":"http:\/\/s712081921.mialojamiento.es\/publications"},"modified":"2020-07-08T11:43:43","modified_gmt":"2020-07-08T09:43:43","slug":"publications","status":"publish","type":"page","link":"https:\/\/museus.esplugues.cat\/en\/publications","title":{"rendered":"Books"},"content":{"rendered":"<p>[et_pb_section fb_built=&#8221;1&#8243; _builder_version=&#8221;4.0.7&#8243; background_color=&#8221;#eeefe4&#8243; custom_margin_tablet=&#8221;&#8221; custom_margin_phone=&#8221;0px||0px||false|false&#8221; custom_margin_last_edited=&#8221;on|phone&#8221; custom_padding=&#8221;0px||0px||false|false&#8221;][et_pb_row _builder_version=&#8221;4.0.7&#8243;][et_pb_column type=&#8221;4_4&#8243; _builder_version=&#8221;4.0.7&#8243;][et_pb_text _builder_version=&#8221;4.2&#8243; header_font=&#8221;|300|||||||&#8221; header_font_size=&#8221;50px&#8221; custom_margin_tablet=&#8221;&#8221; custom_margin_phone=&#8221;0px||0px||false|false&#8221; custom_margin_last_edited=&#8221;on|phone&#8221; custom_padding=&#8221;0px||0px||false|false&#8221; header_font_size_tablet=&#8221;&#8221; header_font_size_phone=&#8221;35px&#8221; header_font_size_last_edited=&#8221;on|phone&#8221;]<\/p>\n<h1>Books<\/h1>\n<p>[\/et_pb_text][\/et_pb_column][\/et_pb_row][\/et_pb_section][et_pb_section fb_built=&#8221;1&#8243; admin_label=&#8221;section&#8221; _builder_version=&#8221;3.22&#8243;][et_pb_row _builder_version=&#8221;4.2&#8243;][et_pb_column type=&#8221;4_4&#8243; _builder_version=&#8221;4.2&#8243;][et_pb_text _builder_version=&#8221;4.2&#8243;]From the reception of Can Tintur\u00e9 Museum you are able to find a small shop with different publication on the contents of the museums as well as a range of products, among which is the collection of tiles reproductions from ancient factory Pujol i Bausis.[\/et_pb_text][\/et_pb_column][\/et_pb_row][et_pb_row column_structure=&#8221;1_3,1_3,1_3&#8243; admin_label=&#8221;row&#8221; _builder_version=&#8221;3.25&#8243; background_size=&#8221;initial&#8221; background_position=&#8221;top_left&#8221; background_repeat=&#8221;repeat&#8221;][et_pb_column type=&#8221;1_3&#8243; _builder_version=&#8221;3.25&#8243; custom_padding=&#8221;|||&#8221; custom_padding__hover=&#8221;|||&#8221;][et_pb_text admin_label=&#8221;Text&#8221; _builder_version=&#8221;4.4.9&#8243; background_size=&#8221;initial&#8221; background_position=&#8221;top_left&#8221; background_repeat=&#8221;repeat&#8221; custom_padding=&#8221;||0px|||&#8221; hover_enabled=&#8221;0&#8243;]<\/p>\n<p><a href=\"\/wp-content\/uploads\/2014\/01\/reis.jpg\"><img loading=\"lazy\" decoding=\"async\" class=\"alignnone size-full wp-image-2980\" src=\"\/wp-content\/uploads\/2014\/01\/reis.jpg\" alt=\"El fanguet i els tres reis\" width=\"255\" height=\"226\" \/><\/a><\/p>\n<p><strong>Title:<\/strong> En Fanguet i els tres Reis<br \/><strong>Authorship:<\/strong> Text: Marta Salin\u00e9 Pictures: Marta Capdevila i Planta<br \/><strong>Edition:<\/strong> Ajuntament d\u2019Esplugues, 2007<br \/><strong>Price:<\/strong> Free<\/p>\n<p>&nbsp;<\/p>\n<p>[\/et_pb_text][\/et_pb_column][et_pb_column type=&#8221;1_3&#8243; _builder_version=&#8221;3.25&#8243; custom_padding=&#8221;|||&#8221; custom_padding__hover=&#8221;|||&#8221;][et_pb_text admin_label=&#8221;Text&#8221; _builder_version=&#8221;4.4.9&#8243; background_size=&#8221;initial&#8221; background_position=&#8221;top_left&#8221; background_repeat=&#8221;repeat&#8221; hover_enabled=&#8221;0&#8243;]<\/p>\n<p><a href=\"https:\/\/museus.esplugues.cat\/wp-content\/uploads\/\"><img loading=\"lazy\" decoding=\"async\" src=\"https:\/\/museus.esplugues.cat\/wp-content\/uploads\/2020\/06\/guiacantinture.jpeg\" width=\"255\" height=\"226\" alt=\"\" class=\"wp-image-30756 aligncenter size-full\" style=\"float: left;\" \/><\/a><\/p>\n<p>&nbsp;<\/p>\n<p>&nbsp;<\/p>\n<p>&nbsp;<\/p>\n<p>&nbsp;<\/p>\n<p>&nbsp;<\/p>\n<p>&nbsp;<\/p>\n<p><strong>Title:<\/strong> Guia del Museu Can Tintur\u00e9. Col\u2022lecci\u00f3 de rajola de mostra Salvador Miquel<br \/><strong>Authorship:<\/strong> VV.AA.<br \/><strong>Edition:<\/strong> Ajuntament d\u2019Esplugues, 2006<br \/><strong>Price:<\/strong> 5.00\u20ac<\/p>\n<p>&nbsp;<\/p>\n<p>[\/et_pb_text][\/et_pb_column][et_pb_column type=&#8221;1_3&#8243; _builder_version=&#8221;3.25&#8243; custom_padding=&#8221;|||&#8221; custom_padding__hover=&#8221;|||&#8221;][et_pb_text _builder_version=&#8221;4.4.9&#8243; hover_enabled=&#8221;0&#8243;]<\/p>\n<p><a href=\"\/wp-content\/uploads\/2014\/01\/tradic.jpg\"><img loading=\"lazy\" decoding=\"async\" class=\"alignnone size-full wp-image-2981\" src=\"\/wp-content\/uploads\/2014\/01\/tradic.jpg\" alt=\"Tradici\u00f3n y modernidad. La cer\u00e0mica en el modernismo\" width=\"255\" height=\"226\" \/><\/a><\/p>\n<p><strong>T\u00edtol:<\/strong> Tradici\u00f3n y modernidad. La cer\u00e0mica en el modernismo. IX Congreso Anual de la Asociaci\u00f3n de Ceramolog\u00eda<br \/><strong>Authorship:<\/strong> VV.AA.<br \/><strong>Edition:<\/strong> Ajuntament d\u2019Esplugues i Asociaci\u00f3n de Ceramologia, 2006<br \/><strong>Price:<\/strong> 20.00\u20ac<\/p>\n<p>[\/et_pb_text][\/et_pb_column][\/et_pb_row][et_pb_row column_structure=&#8221;1_3,1_3,1_3&#8243; admin_label=&#8221;row&#8221; _builder_version=&#8221;3.25&#8243; background_size=&#8221;initial&#8221; background_position=&#8221;top_left&#8221; background_repeat=&#8221;repeat&#8221;][et_pb_column type=&#8221;1_3&#8243; _builder_version=&#8221;3.25&#8243; custom_padding=&#8221;|||&#8221; custom_padding__hover=&#8221;|||&#8221;][et_pb_text _builder_version=&#8221;4.4.9&#8243; hover_enabled=&#8221;0&#8243;]<\/p>\n<p><a href=\"\/wp-content\/uploads\/2014\/03\/kjh.jpg\"><img loading=\"lazy\" decoding=\"async\" src=\"https:\/\/museus.esplugues.cat\/wp-content\/uploads\/2020\/06\/bru.jpg\" width=\"255\" height=\"226\" alt=\"\" class=\"wp-image-30759 aligncenter size-full\" style=\"float: left;\" \/><\/a><\/p>\n<p>&nbsp;<\/p>\n<p>&nbsp;<\/p>\n<p>&nbsp;<\/p>\n<p>&nbsp;<\/p>\n<p>&nbsp;<\/p>\n<p>&nbsp;<\/p>\n<p><strong>Title:<\/strong> Llu\u00eds Br\u00fa, fragments d\u2019un creador. Els mosaics modernistes<br \/><strong>Authorship:<\/strong> VV.AA.<br \/><strong>Edition:<\/strong> Ajuntament d\u2019Esplugues, 2005<br \/><strong>Price:<\/strong> 20.00\u20ac<\/p>\n<p>[\/et_pb_text][\/et_pb_column][et_pb_column type=&#8221;1_3&#8243; _builder_version=&#8221;3.25&#8243; custom_padding=&#8221;|||&#8221; custom_padding__hover=&#8221;|||&#8221;][et_pb_text _builder_version=&#8221;4.4.9&#8243; hover_enabled=&#8221;0&#8243;]<\/p>\n<p><a href=\"https:\/\/museus.esplugues.cat\/wp-content\/uploads\/\"><img loading=\"lazy\" decoding=\"async\" src=\"https:\/\/museus.esplugues.cat\/wp-content\/uploads\/2020\/06\/can-t.jpg\" width=\"255\" height=\"226\" alt=\"\" class=\"wp-image-30764 aligncenter size-full\" style=\"float: left;\" \/><\/a><\/p>\n<p>&nbsp;<\/p>\n<p>&nbsp;<\/p>\n<p>&nbsp;<\/p>\n<p>&nbsp;<\/p>\n<p>&nbsp;<\/p>\n<p>&nbsp;<\/p>\n<p><strong>Title:<\/strong> El reflex d\u2019un temps. Can Tintur\u00e9. Col\u2022lecci\u00f3 de rajola de mostra Salvador Miquel<br \/><strong>Authorship:<\/strong> VV.AA.<br \/><strong>Edition:<\/strong> Ajuntament d\u2019Esplugues, 2003<br \/><strong>Price:<\/strong> 20.00\u20ac0\u20ac<\/p>\n<p>[\/et_pb_text][\/et_pb_column][et_pb_column type=&#8221;1_3&#8243; _builder_version=&#8221;3.25&#8243; custom_padding=&#8221;|||&#8221; custom_padding__hover=&#8221;|||&#8221;][et_pb_text _builder_version=&#8221;4.4.9&#8243; custom_margin=&#8221;||19px|||&#8221; hover_enabled=&#8221;0&#8243;]<\/p>\n<p><img loading=\"lazy\" decoding=\"async\" class=\"alignleft size-square wp-image-22231\" src=\"https:\/\/museus.esplugues.cat\/wp-content\/uploads\/2018\/05\/P-Patrimoni-180x180.jpg\" alt=\"\" width=\"223\" height=\"223\" srcset=\"https:\/\/museus.esplugues.cat\/wp-content\/uploads\/2018\/05\/P-Patrimoni-180x180.jpg 180w, https:\/\/museus.esplugues.cat\/wp-content\/uploads\/2018\/05\/P-Patrimoni-80x80.jpg 80w, https:\/\/museus.esplugues.cat\/wp-content\/uploads\/2018\/05\/P-Patrimoni-36x36.jpg 36w, https:\/\/museus.esplugues.cat\/wp-content\/uploads\/2018\/05\/P-Patrimoni-120x120.jpg 120w\" sizes=\"(max-width: 223px) 100vw, 223px\" \/><\/p>\n<p>&nbsp;<\/p>\n<p>&nbsp;<\/p>\n<p>&nbsp;<\/p>\n<p>&nbsp;<\/p>\n<p>&nbsp;<\/p>\n<p>&nbsp;<\/p>\n<p>[\/et_pb_text][et_pb_text _builder_version=&#8221;4.4.9&#8243; hover_enabled=&#8221;0&#8243; custom_margin=&#8221;-3px|||||&#8221;]<\/p>\n<p><strong>Title:<\/strong> Esplugues i el Modernisme. Patrimoni i Ciutat. Miscel\u2022l\u00e0nia del Grup d\u2019Estudis d\u2019Esplugues, vol. I<br \/><strong>Authorship:<\/strong> VV.AA.<br \/><strong>Edition:<\/strong> Grup d\u2019Estudis d\u2019Esplugues, 2000<br \/><strong>Price:<\/strong> 6.01\u20ac<\/p>\n<p>[\/et_pb_text][\/et_pb_column][\/et_pb_row][et_pb_row column_structure=&#8221;1_3,1_3,1_3&#8243; admin_label=&#8221;row&#8221; _builder_version=&#8221;3.25&#8243; background_size=&#8221;initial&#8221; background_position=&#8221;top_left&#8221; background_repeat=&#8221;repeat&#8221;][et_pb_column type=&#8221;1_3&#8243; _builder_version=&#8221;3.25&#8243; custom_padding=&#8221;|||&#8221; custom_padding__hover=&#8221;|||&#8221;][et_pb_text _builder_version=&#8221;4.2&#8243; custom_margin=&#8221;||24px|||&#8221;]<img loading=\"lazy\" decoding=\"async\" class=\"alignleft size-square wp-image-22234\" src=\"https:\/\/museus.esplugues.cat\/wp-content\/uploads\/2018\/05\/P-Piasubias-180x180.jpg\" alt=\"\" width=\"214\" height=\"214\" srcset=\"https:\/\/museus.esplugues.cat\/wp-content\/uploads\/2018\/05\/P-Piasubias-180x180.jpg 180w, https:\/\/museus.esplugues.cat\/wp-content\/uploads\/2018\/05\/P-Piasubias-80x80.jpg 80w, https:\/\/museus.esplugues.cat\/wp-content\/uploads\/2018\/05\/P-Piasubias-36x36.jpg 36w, https:\/\/museus.esplugues.cat\/wp-content\/uploads\/2018\/05\/P-Piasubias-120x120.jpg 120w\" sizes=\"(max-width: 214px) 100vw, 214px\" \/><\/p>\n<p>&nbsp;<\/p>\n<p>&nbsp;<\/p>\n<p>&nbsp;<\/p>\n<p>&nbsp;<\/p>\n<p>&nbsp;<\/p>\n<p>&nbsp;[\/et_pb_text][et_pb_text _builder_version=&#8221;4.4.9&#8243; hover_enabled=&#8221;0&#8243;]<\/p>\n<p><strong>Title:<\/strong> Pujol i Bausis, centre productor de cer\u00e0mica arquitect\u00f2nica a Esplugues de Llobregat<br \/><strong>Authorship:<\/strong> M\u00aa Pia Subias i Pujadas<br \/><strong>Edition:<\/strong> Ajuntament d\u2019Esplugues, 1989<br \/><strong>Price:<\/strong> 6.01\u20ac<\/p>\n<p>[\/et_pb_text][\/et_pb_column][et_pb_column type=&#8221;1_3&#8243; _builder_version=&#8221;3.25&#8243; custom_padding=&#8221;|||&#8221; custom_padding__hover=&#8221;|||&#8221;][et_pb_text _builder_version=&#8221;4.4.9&#8243; hover_enabled=&#8221;0&#8243;]<\/p>\n<p><a href=\"\/wp-content\/uploads\/2014\/01\/jjju.jpg\"><img loading=\"lazy\" decoding=\"async\" class=\"alignnone size-full wp-image-2992\" src=\"\/wp-content\/uploads\/2014\/01\/jjju.jpg\" alt=\"Juan Alberto, director art\u00edstic. Creador d\u2019Esplugas City\" width=\"255\" height=\"226\" \/><\/a><\/p>\n<p><strong>Title:<\/strong> Juan Alberto, director art\u00edstic. Creador d\u2019Esplugas City<br \/><strong>Authorship:<\/strong> VVAA<br \/><strong>Edition:<\/strong> Ajuntament d\u2019Esplugues, 2009<br \/><strong>Price:<\/strong> 20.00\u20ac<\/p>\n<p>&nbsp;<\/p>\n<p>[\/et_pb_text][\/et_pb_column][et_pb_column type=&#8221;1_3&#8243; _builder_version=&#8221;3.25&#8243; custom_padding=&#8221;|||&#8221; custom_padding__hover=&#8221;|||&#8221;][et_pb_text _builder_version=&#8221;4.4.9&#8243; hover_enabled=&#8221;0&#8243;]<\/p>\n<p><a href=\"\/wp-content\/uploads\/2014\/01\/moto.jpg\"><img loading=\"lazy\" decoding=\"async\" class=\"alignnone size-full wp-image-2993\" src=\"\/wp-content\/uploads\/2014\/01\/moto.jpg\" alt=\"Com una moto! 50 anys de motociclisme a Esplugues\" width=\"255\" height=\"226\" \/><\/a><\/p>\n<p><strong>Title:<\/strong> <em>Com una moto! 50 anys de motociclisme a Esplugues<br \/> <\/em><strong>Autorship:<\/strong> VVAA<br \/> <strong>Edition:<\/strong> Ajuntament d\u2019Esplugues, 2008<br \/> <strong>Price:<\/strong> 15.00\u20ac<\/p>\n<p>[\/et_pb_text][\/et_pb_column][\/et_pb_row][\/et_pb_section]<\/p>\n","protected":false},"excerpt":{"rendered":"<p>BooksFrom the reception of Can Tintur\u00e9 Museum you are able to find a small shop with different publication on the contents of the museums as well as a range of products, among which is the collection of tiles reproductions from ancient factory Pujol i Bausis. Title: En Fanguet i els tres ReisAuthorship: Text: Marta Salin\u00e9 [&hellip;]<\/p>\n","protected":false},"author":1,"featured_media":0,"parent":0,"menu_order":0,"comment_status":"open","ping_status":"open","template":"","meta":{"_et_pb_use_builder":"on","_et_pb_old_content":"","_et_gb_content_width":"","_uag_custom_page_level_css":"","footnotes":""},"class_list":["post-22248","page","type-page","status-publish","hentry"],"uagb_featured_image_src":{"full":false,"thumbnail":false,"medium":false,"medium_large":false,"large":false,"1536x1536":false,"2048x2048":false,"et-pb-post-main-image":false,"et-pb-post-main-image-fullwidth":false,"et-pb-portfolio-image":false,"et-pb-portfolio-module-image":false,"et-pb-portfolio-image-single":false,"et-pb-gallery-module-image-portrait":false,"et-pb-post-main-image-fullwidth-large":false,"et-pb-image--responsive--desktop":false,"et-pb-image--responsive--tablet":false,"et-pb-image--responsive--phone":false},"uagb_author_info":{"display_name":"alpha","author_link":"https:\/\/museus.esplugues.cat\/en\/author\/alpha"},"uagb_comment_info":0,"uagb_excerpt":"BooksFrom the reception of Can Tintur\u00e9 Museum you are able to find a small shop with different publication on the contents of the museums as well as a range of products, among which is the collection of tiles reproductions from ancient factory Pujol i Bausis. Title: En Fanguet i els tres ReisAuthorship: Text: Marta Salin\u00e9&hellip;","_links":{"self":[{"href":"https:\/\/museus.esplugues.cat\/en\/wp-json\/wp\/v2\/pages\/22248","targetHints":{"allow":["GET"]}}],"collection":[{"href":"https:\/\/museus.esplugues.cat\/en\/wp-json\/wp\/v2\/pages"}],"about":[{"href":"https:\/\/museus.esplugues.cat\/en\/wp-json\/wp\/v2\/types\/page"}],"author":[{"embeddable":true,"href":"https:\/\/museus.esplugues.cat\/en\/wp-json\/wp\/v2\/users\/1"}],"replies":[{"embeddable":true,"href":"https:\/\/museus.esplugues.cat\/en\/wp-json\/wp\/v2\/comments?post=22248"}],"version-history":[{"count":5,"href":"https:\/\/museus.esplugues.cat\/en\/wp-json\/wp\/v2\/pages\/22248\/revisions"}],"predecessor-version":[{"id":31101,"href":"https:\/\/museus.esplugues.cat\/en\/wp-json\/wp\/v2\/pages\/22248\/revisions\/31101"}],"wp:attachment":[{"href":"https:\/\/museus.esplugues.cat\/en\/wp-json\/wp\/v2\/media?parent=22248"}],"curies":[{"name":"wp","href":"https:\/\/api.w.org\/{rel}","templated":true}]}}