{"id":22417,"date":"2018-05-02T12:02:35","date_gmt":"2018-05-02T12:02:35","guid":{"rendered":"http:\/\/s712081921.mialojamiento.es\/collection-of-flat-tiles-by-pujol-i-bausis"},"modified":"2022-12-19T11:57:35","modified_gmt":"2022-12-19T10:57:35","slug":"collection-of-flat-tiles-by-pujol-i-bausis","status":"publish","type":"page","link":"https:\/\/museus.esplugues.cat\/en\/collection-of-flat-tiles-by-pujol-i-bausis","title":{"rendered":"Collection of flat tiles by Pujol i Bausis"},"content":{"rendered":"<p>[et_pb_section fb_built=&#8221;1&#8243; _builder_version=&#8221;4.4.7&#8243; use_background_color_gradient=&#8221;on&#8221; background_color_gradient_start=&#8221;#8c944d&#8221; background_color_gradient_end=&#8221;rgba(140,148,77,0.21)&#8221; background_color_gradient_direction=&#8221;130deg&#8221; background_color_gradient_start_position=&#8221;49%&#8221; background_color_gradient_end_position=&#8221;18%&#8221; background_image=&#8221;https:\/\/museus.esplugues.cat\/wp-content\/uploads\/2020\/06\/R006.jpg&#8221; background_size=&#8221;contain&#8221; background_repeat=&#8221;repeat&#8221; background_blend=&#8221;multiply&#8221; global_colors_info=&#8221;{}&#8221;][et_pb_row column_structure=&#8221;2_3,1_3&#8243; _builder_version=&#8221;4.0.7&#8243; global_colors_info=&#8221;{}&#8221;][et_pb_column type=&#8221;2_3&#8243; _builder_version=&#8221;4.0.7&#8243; global_colors_info=&#8221;{}&#8221;][et_pb_text _builder_version=&#8221;4.4.7&#8243; header_font=&#8221;|300|||||||&#8221; header_text_color=&#8221;#ffffff&#8221; header_font_size=&#8221;50px&#8221; header_font_size_tablet=&#8221;&#8221; header_font_size_phone=&#8221;30px&#8221; header_font_size_last_edited=&#8221;on|desktop&#8221; global_colors_info=&#8221;{}&#8221;]<\/p>\n<h1>Collection of flat tiles by Pujol i Bausis<\/h1>\n<p>[\/et_pb_text][\/et_pb_column][et_pb_column type=&#8221;1_3&#8243; _builder_version=&#8221;4.0.7&#8243; global_colors_info=&#8221;{}&#8221;][\/et_pb_column][\/et_pb_row][\/et_pb_section][et_pb_section fb_built=&#8221;1&#8243; admin_label=&#8221;section&#8221; _builder_version=&#8221;3.22&#8243; global_colors_info=&#8221;{}&#8221;][et_pb_row admin_label=&#8221;row&#8221; _builder_version=&#8221;3.25&#8243; background_size=&#8221;initial&#8221; background_position=&#8221;top_left&#8221; background_repeat=&#8221;repeat&#8221; global_colors_info=&#8221;{}&#8221;][et_pb_column type=&#8221;4_4&#8243; _builder_version=&#8221;3.25&#8243; custom_padding=&#8221;|||&#8221; global_colors_info=&#8221;{}&#8221; custom_padding__hover=&#8221;|||&#8221;][et_pb_text admin_label=&#8221;Text&#8221; _builder_version=&#8221;4.4.9&#8243; background_size=&#8221;initial&#8221; background_position=&#8221;top_left&#8221; background_repeat=&#8221;repeat&#8221; global_colors_info=&#8221;{}&#8221;]<\/p>\n<p>From the reception of Can Tintur\u00e9 Museum you are able to find a small shop with different publication on the contents of the museums as well as a range of products, among which is the collection of tiles reproductions from ancient factory Pujol i Bausis.<\/p>\n<p>[\/et_pb_text][\/et_pb_column][\/et_pb_row][et_pb_row column_structure=&#8221;1_3,1_3,1_3&#8243; _builder_version=&#8221;4.2&#8243; global_colors_info=&#8221;{}&#8221;][et_pb_column type=&#8221;1_3&#8243; _builder_version=&#8221;4.2&#8243; global_colors_info=&#8221;{}&#8221;][et_pb_text _builder_version=&#8221;4.4.9&#8243; global_colors_info=&#8221;{}&#8221;]<\/p>\n<p><a href=\"\/wp-content\/uploads\/2014\/01\/1.png\"><img loading=\"lazy\" decoding=\"async\" class=\"alignnone size-full wp-image-2999\" src=\"\/wp-content\/uploads\/2014\/01\/1.png\" alt=\"MEL-Rajola obra de l\u2019arquitecte Llu\u00eds Dom\u00e8nech i Montaner\" width=\"215\" height=\"214\" \/><\/a><\/p>\n<p><strong>Description:<\/strong><br \/>Tile design applied at Reus Pere Mata Institute, a work by the architect Llu\u00eds Dom\u00e8nech i Montaner. Project of the designer and mosaicist Llu\u00eds Br\u00fa,1910. Tiles collection Pujol i Bausis, no. 1, 1996<br \/><strong>Price:<\/strong> 20,00\u20ac<\/p>\n<p>[\/et_pb_text][\/et_pb_column][et_pb_column type=&#8221;1_3&#8243; _builder_version=&#8221;4.2&#8243; global_colors_info=&#8221;{}&#8221;][et_pb_text _builder_version=&#8221;4.4.9&#8243; global_colors_info=&#8221;{}&#8221;]<\/p>\n<p><a href=\"\/wp-content\/uploads\/2014\/01\/model-de-rajola-aplicada-parc-guell.jpeg\"><img loading=\"lazy\" decoding=\"async\" class=\"alignnone size-full wp-image-3867\" src=\"\/wp-content\/uploads\/2014\/01\/model-de-rajola-aplicada-parc-guell.jpeg\" alt=\"Model de rajola aplicada al Parc G\u00fcell de Barcelona\" width=\"215\" height=\"214\" \/><\/a><\/p>\n<p><strong>Description:<\/strong><br \/>Tile design applied at G\u00fcell Parc in Barcelona, a work by the architect Antoni Gaud\u00ed. Tiles collection Pujol i Bausis, no. 2, 1997<br \/><strong>Price:<\/strong> 20,00\u20ac<\/p>\n<p>[\/et_pb_text][\/et_pb_column][et_pb_column type=&#8221;1_3&#8243; _builder_version=&#8221;4.2&#8243; global_colors_info=&#8221;{}&#8221;][et_pb_text _builder_version=&#8221;4.4.9&#8243; global_colors_info=&#8221;{}&#8221;]<\/p>\n<p><a href=\"\/wp-content\/uploads\/2014\/01\/MEL-Rajola-modernista.-Palau-Macaya.-Barcelona.-Puig-i-Cadafalch.jpg\"><img loading=\"lazy\" decoding=\"async\" class=\"alignnone size-full wp-image-3001\" src=\"\/wp-content\/uploads\/2014\/01\/MEL-Rajola-modernista.-Palau-Macaya.-Barcelona.-Puig-i-Cadafalch.jpg\" alt=\"MEL-Rajola modernista. Palau Macaya. Barcelona. Puig i Cadafalch\" width=\"215\" height=\"214\" \/><\/a><br \/> <strong><\/strong><\/p>\n<p><strong>Description:<\/strong><br \/>Tile design applied at Can Casanovas, a work by the architect Antoni Maria Galliss\u00e0, the works by the architect i Josep Puig i Cadafalch\u2019s at Punxes and Palau Macaya house in Barcelona. The architect Antoni M. Galliss\u00e0 project, 1901<br \/>Tiles collection Pujol i Bausis, no. 3, 1998<br \/><strong>Price:<\/strong> 20,00\u20ac<\/p>\n<p>[\/et_pb_text][\/et_pb_column][\/et_pb_row][et_pb_row column_structure=&#8221;1_3,1_3,1_3&#8243; _builder_version=&#8221;4.2&#8243; global_colors_info=&#8221;{}&#8221;][et_pb_column type=&#8221;1_3&#8243; _builder_version=&#8221;4.2&#8243; global_colors_info=&#8221;{}&#8221;][et_pb_text _builder_version=&#8221;4.4.9&#8243; global_colors_info=&#8221;{}&#8221;]<\/p>\n<p><a href=\"\/wp-content\/uploads\/2014\/01\/model-de-rajola-aplicada-casa-lleo-morera.jpeg\"><img loading=\"lazy\" decoding=\"async\" class=\"alignnone size-full wp-image-3869\" src=\"\/wp-content\/uploads\/2014\/01\/model-de-rajola-aplicada-casa-lleo-morera.jpeg\" alt=\"Model de rajola aplicada a la casa Lle\u00f3 Morera de Barcelona\" width=\"214\" height=\"214\" \/><\/a><\/p>\n<p><strong>Description:<\/strong><br \/>Tile design applied at Lle\u00f3 Morera house in Barcelona, a work by the architect Llu\u00eds Dom\u00e8nech i Montaner.The project of the designer and mosaicist Llu\u00eds Br\u00fa. Tiles collection Pujol i Bausis, no. 4, 1999.<br \/><strong>Price:<\/strong> 20,00\u20ac<\/p>\n<p>[\/et_pb_text][\/et_pb_column][et_pb_column type=&#8221;1_3&#8243; _builder_version=&#8221;4.2&#8243; global_colors_info=&#8221;{}&#8221;][et_pb_text _builder_version=&#8221;4.4.9&#8243; global_colors_info=&#8221;{}&#8221;]<\/p>\n<p><a href=\"\/wp-content\/uploads\/2014\/04\/R005-3.jpg\"><img loading=\"lazy\" decoding=\"async\" class=\"alignnone size-full wp-image-2999\" src=\"\/wp-content\/uploads\/2014\/04\/R005-3.jpg\" alt=\"MEL- Rajola modernista. Casa Lle\u00f3 Morera. Barcelona. Domenech i Montaner\" width=\"215\" height=\"214\" \/><\/a><\/p>\n<p><strong>Description:<\/strong><br \/>Tile design applied at Lle\u00f3 Morera house in Barcelona, a work by the architect Llu\u00eds Dom\u00e8nech i Montaner.The project of the designer and mosaicist Llu\u00eds Br\u00fa. Tiles collection Pujol i Bausis, no.5, 2000.<br \/><strong>Price:<\/strong> 20,00\u20ac<\/p>\n<p>[\/et_pb_text][\/et_pb_column][et_pb_column type=&#8221;1_3&#8243; _builder_version=&#8221;4.2&#8243; global_colors_info=&#8221;{}&#8221;][et_pb_text _builder_version=&#8221;4.4.9&#8243; global_colors_info=&#8221;{}&#8221;]<\/p>\n<p><a href=\"\/wp-content\/uploads\/2014\/01\/MEL-Rajola-modernista-Puig-i-Cadafalch.jpg\"><img loading=\"lazy\" decoding=\"async\" class=\"alignnone size-full wp-image-3006\" src=\"\/wp-content\/uploads\/2014\/01\/MEL-Rajola-modernista-Puig-i-Cadafalch.jpg\" alt=\"MEL- Rajola modernista Puig i Cadafalch\" width=\"215\" height=\"214\" \/><\/a><\/p>\n<p><strong>Description:<\/strong><br \/>Tile design applied at Coll i Regas de Matar\u00f3 and at Puigi Cadafalch House in Argentona, works and project by the architect Josep Puig i Cadafalch. iles collection Pujol i Bausis, no. 6, 2001.<br \/><strong>Price:<\/strong> 20,00\u20ac<\/p>\n<p>[\/et_pb_text][\/et_pb_column][\/et_pb_row][et_pb_row column_structure=&#8221;1_3,1_3,1_3&#8243; _builder_version=&#8221;4.2&#8243; global_colors_info=&#8221;{}&#8221;][et_pb_column type=&#8221;1_3&#8243; _builder_version=&#8221;4.2&#8243; global_colors_info=&#8221;{}&#8221;][et_pb_text _builder_version=&#8221;4.4.9&#8243; global_colors_info=&#8221;{}&#8221;]<\/p>\n<p><a href=\"\/wp-content\/uploads\/2014\/01\/model-de-rajola-aplicada-palau-guell.jpeg\"><img loading=\"lazy\" decoding=\"async\" class=\"alignnone size-full wp-image-3871\" src=\"\/wp-content\/uploads\/2014\/01\/model-de-rajola-aplicada-palau-guell.jpeg\" alt=\"Model de rajola aplicada al Palau G\u00fcell de Barcelona\" width=\"215\" height=\"218\" \/><\/a><\/p>\n<p><strong>Description:<\/strong><br \/>Tile design applied at Palau G\u00fcell in Barcelona, a work by the architect Antoni Gaud\u00ed. Tiles collection Pujol i Bausis, no. 7, 2002.<br \/><strong>Price:<\/strong> 20,00\u20ac<\/p>\n<p>[\/et_pb_text][\/et_pb_column][et_pb_column type=&#8221;1_3&#8243; _builder_version=&#8221;4.2&#8243; global_colors_info=&#8221;{}&#8221;][et_pb_text _builder_version=&#8221;4.4.9&#8243; global_colors_info=&#8221;{}&#8221;]<\/p>\n<p><a href=\"\/wp-content\/uploads\/2014\/01\/model-de-rajola-aplicada-carrer-rosello-213.jpeg\"><img loading=\"lazy\" decoding=\"async\" class=\"alignnone size-full wp-image-3872\" src=\"\/wp-content\/uploads\/2014\/01\/model-de-rajola-aplicada-carrer-rosello-213.jpeg\" alt=\"Model de rajola aplicada al carrer Rossell\u00f3 213 de Barcelona\" width=\"215\" height=\"216\" \/><\/a><\/p>\n<p><strong>Description:<\/strong><br \/>Tile design applied in Rossel\u00f3 213 Street in Barcelona, The project of the artist, painter, and decorador called Adri\u00e0 Gual, 1915. Tiles collection Pujol i Bausis, no. 8, 2003.<br \/><strong>Price:<\/strong> 20,00\u20ac<\/p>\n<p>[\/et_pb_text][\/et_pb_column][et_pb_column type=&#8221;1_3&#8243; _builder_version=&#8221;4.2&#8243; global_colors_info=&#8221;{}&#8221;][et_pb_text _builder_version=&#8221;4.4.9&#8243; global_colors_info=&#8221;{}&#8221;]<\/p>\n<p><a href=\"https:\/\/museus.esplugues.cat\/wp-content\/uploads\/\"><img loading=\"lazy\" decoding=\"async\" src=\"https:\/\/museus.esplugues.cat\/wp-content\/uploads\/2020\/06\/R009.jpg\" width=\"217\" height=\"220\" alt=\"\" class=\"wp-image-28112 aligncenter size-full\" style=\"float: left;\" \/><\/a><\/p>\n<p>&nbsp;<\/p>\n<p>&nbsp;<\/p>\n<p>&nbsp;<\/p>\n<p>&nbsp;<\/p>\n<p>&nbsp;<\/p>\n<p>&nbsp;<\/p>\n<p><strong>Description:<\/strong><br \/>Tile model applied to some missing houses on the street of the Church of Esplugues de Llobregat. Pujol i Bausis tile collection, no. 9, 2004.<br \/> <strong>Price:<\/strong> 20,00\u20ac<\/p>\n<p>[\/et_pb_text][\/et_pb_column][\/et_pb_row][et_pb_row column_structure=&#8221;1_3,1_3,1_3&#8243; _builder_version=&#8221;4.2&#8243; global_colors_info=&#8221;{}&#8221;][et_pb_column type=&#8221;1_3&#8243; _builder_version=&#8221;4.2&#8243; global_colors_info=&#8221;{}&#8221;][et_pb_text _builder_version=&#8221;4.4.9&#8243; global_colors_info=&#8221;{}&#8221;]<\/p>\n<p><a href=\"\/wp-content\/uploads\/2014\/01\/model-de-rajola-aplicada-lleo-morera-barcelona.jpeg\"><img loading=\"lazy\" decoding=\"async\" class=\"alignnone size-full wp-image-3873\" src=\"\/wp-content\/uploads\/2014\/01\/model-de-rajola-aplicada-lleo-morera-barcelona.jpeg\" alt=\"Model de rajola aplicada a la casa Lle\u00f3 Morera de Barcelona\" width=\"215\" height=\"215\" \/><\/a><\/p>\n<p><strong>Description:<\/strong><br \/>Tile design applied at Lle\u00f3 Morera house in Barcelona, at Nav\u00e0s House, and at Pere Mata de Reus Institute, works by the architect Lluis Dom\u00e8nech i Montaner. The project of the designer and mosaicist called Llu\u00eds Br\u00fa. Tiles collection Pujol i Bausis, no. 10, 2005.<br \/><strong>Price:<\/strong> 20,00\u20ac<\/p>\n<p>[\/et_pb_text][\/et_pb_column][et_pb_column type=&#8221;1_3&#8243; _builder_version=&#8221;4.2&#8243; global_colors_info=&#8221;{}&#8221;][et_pb_text _builder_version=&#8221;4.4.9&#8243; global_colors_info=&#8221;{}&#8221;]<\/p>\n<p><a href=\"\/wp-content\/uploads\/2014\/01\/MEL-Rajola-modernista.-Casa-Barbey.-La-Garriga.-Joaquim-Raspall.jpg\"><img loading=\"lazy\" decoding=\"async\" class=\"alignnone size-full wp-image-3012\" src=\"\/wp-content\/uploads\/2014\/01\/MEL-Rajola-modernista.-Casa-Barbey.-La-Garriga.-Joaquim-Raspall.jpg\" alt=\"MEL- Rajola modernista. Casa Barbey. La Garriga. Joaquim Raspall\" width=\"215\" height=\"214\" \/><\/a><\/p>\n<p><strong>Description:<\/strong><br \/>Tile design applied at Barbey de La Garriga house, a work by the architect Manuel Joaquim Raspall i Mayol. Tiles collection Pujol i Bausis, no. 11, 2006.<br \/><strong>Price:<\/strong> 20,00\u20ac<\/p>\n<p>[\/et_pb_text][\/et_pb_column][et_pb_column type=&#8221;1_3&#8243; _builder_version=&#8221;4.2&#8243; global_colors_info=&#8221;{}&#8221;][et_pb_text _builder_version=&#8221;4.4.9&#8243; global_colors_info=&#8221;{}&#8221;]<\/p>\n<p><a href=\"\/wp-content\/uploads\/2014\/04\/rajolahospital.jpg\"><img loading=\"lazy\" decoding=\"async\" class=\"alignnone size-full wp-image-2999\" src=\"\/wp-content\/uploads\/2014\/04\/rajolahospital.jpg\" alt=\"MEL-Rajola modernista\" width=\"215\" height=\"214\" \/><\/a><\/p>\n<p><strong>Description:<\/strong><br \/>Tile design applied in Santa Cruz and San Pablo Hospital in Barcelona, and in the pavilion of the \u201cMerced\u201d, a work by the architect Llu\u00eds Dom\u00e8nech i Montaner. Tiles collection Pujol i Bausis, no. 12, 2007.<br \/><strong>Price:<\/strong> 20,00\u20ac<\/p>\n<p>[\/et_pb_text][\/et_pb_column][\/et_pb_row][et_pb_row column_structure=&#8221;1_3,1_3,1_3&#8243; _builder_version=&#8221;4.2&#8243; global_colors_info=&#8221;{}&#8221;][et_pb_column type=&#8221;1_3&#8243; _builder_version=&#8221;4.2&#8243; global_colors_info=&#8221;{}&#8221;][et_pb_text _builder_version=&#8221;4.4.9&#8243; global_colors_info=&#8221;{}&#8221;]<\/p>\n<p><a href=\"\/wp-content\/uploads\/2014\/01\/MEL-Rajola-modernista.-carrer-Bonavista.-Sant-Just-Desvern.jpg\"><img loading=\"lazy\" decoding=\"async\" class=\"alignnone size-full wp-image-3013\" src=\"\/wp-content\/uploads\/2014\/01\/MEL-Rajola-modernista.-carrer-Bonavista.-Sant-Just-Desvern.jpg\" alt=\"MEL- Rajola modernista. carrer Bonavista. Sant Just Desvern\" width=\"215\" height=\"215\" \/><\/a><\/p>\n<p><strong>Description:<\/strong><br \/>Tile design applied at an ancient dairy in Bonavista 40 street in Sant Just Desvern. Tiles collection Pujol i Bausis, no.13, 2009.<br \/><strong>Price:<\/strong> 20,00\u20ac<\/p>\n<p>[\/et_pb_text][\/et_pb_column][et_pb_column type=&#8221;1_3&#8243; _builder_version=&#8221;4.2&#8243; global_colors_info=&#8221;{}&#8221;][et_pb_text _builder_version=&#8221;4.4.9&#8243; global_colors_info=&#8221;{}&#8221;]<\/p>\n<p><a href=\"\/wp-content\/uploads\/2014\/02\/MEL-Rajola-modernista-Balneari-de-Broquetes-Caldes-de-Montbui.jpg\"><img loading=\"lazy\" decoding=\"async\" class=\"alignnone size-full wp-image-3115\" src=\"\/wp-content\/uploads\/2014\/02\/MEL-Rajola-modernista-Balneari-de-Broquetes-Caldes-de-Montbui.jpg\" alt=\"MEL- Rajola modernista Balneari de Broquetes Caldes de Montbui\" width=\"215\" height=\"216\" \/><\/a><\/p>\n<p><strong>Description:<\/strong><br \/>Tile design applied at the spa called Broquetas de Caldes de Montbui, probably as Joan Baptista Al\u00f3s idea.Tiles collection Pujol i Bausis, no. 14, 2011.<br \/><strong>Price:<\/strong> 20,00\u20ac<\/p>\n<p>[\/et_pb_text][\/et_pb_column][et_pb_column type=&#8221;1_3&#8243; _builder_version=&#8221;4.2&#8243; global_colors_info=&#8221;{}&#8221;][et_pb_text _builder_version=&#8221;4.4.9&#8243; global_colors_info=&#8221;{}&#8221;]<\/p>\n<p><a href=\"\/wp-content\/uploads\/2014\/01\/rajola-15.jpg\"><img loading=\"lazy\" decoding=\"async\" class=\"alignnone size-full wp-image-3014\" src=\"\/wp-content\/uploads\/2014\/01\/rajola-15.jpg\" alt=\"MEL-Rajola de l\u2019actual Espai Xavier Corber\u00f3 a Esplugues de Llobregat\" width=\"215\" height=\"211\" \/><\/a><\/p>\n<p><strong>Description:<\/strong><br \/>Tile design applied located at one among the tiled walls of \u201cLa Rajoleta\u201d and the kitchen of the current Space Xavier Corber\u00f3 in Esplugues de Llobregat, in Sant Pau 4 street in Barcelona and at Parellada houses, in Montserrat 18-24, Martorell. Tiles collection Pujol i Bausis, no. 15, 2013.<br \/><strong>Price:<\/strong> 20,00\u20ac<\/p>\n<p>[\/et_pb_text][\/et_pb_column][\/et_pb_row][et_pb_row column_structure=&#8221;1_3,1_3,1_3&#8243; _builder_version=&#8221;4.2&#8243; custom_padding=&#8221;||2px|||&#8221; global_colors_info=&#8221;{}&#8221;][et_pb_column type=&#8221;1_3&#8243; _builder_version=&#8221;4.2&#8243; global_colors_info=&#8221;{}&#8221;][et_pb_text _builder_version=&#8221;4.14.2&#8243; hover_enabled=&#8221;0&#8243; global_colors_info=&#8221;{}&#8221; sticky_enabled=&#8221;0&#8243;]<\/p>\n<div class=\"avia-image-container  av-styling-   avia-builder-el-34  el_before_av_textblock  avia-builder-el-first  avia-align-left \" itemscope=\"itemscope\" itemtype=\"https:\/\/schema.org\/ImageObject\">\n<div class=\"avia-image-container-inner\"><img loading=\"lazy\" decoding=\"async\" class=\"avia_image \" src=\"https:\/\/museus.esplugues.cat\/wp-content\/uploads\/2018\/05\/2Rajola2015-180x180.jpg\" alt=\"\" title=\"2Rajola2015\" itemprop=\"contentURL\" width=\"243\" height=\"243\" \/><\/div>\n<\/div>\n<section class=\"av_textblock_section\" itemscope=\"itemscope\" itemtype=\"https:\/\/schema.org\/CreativeWork\">\n<div class=\"avia_textblock \" itemprop=\"text\">\n<p><strong><\/strong><\/p>\n<p><strong>Description:<\/strong><br \/>Tile desing locatd at Casa Nav\u00e0s de Reus; Sant Just Can Ginestar; Dragon House Olot; Serinyena House Cadaques; C. No. Vill\u00e0 teachers. 55 El Masnou; Farm Source of Hospitalet de Ll.; No. C. Union. 15, No. C. Floridablanca. 79, Av. Meridiana no. 99-101 Barcelona.<\/p>\n<p>Collection of tiles and Bausis Pujol, no. 16, 2015.<br \/><strong>Price: <\/strong>20,00\u20ac<\/p>\n<\/div>\n<\/section>\n<p>[\/et_pb_text][\/et_pb_column][et_pb_column type=&#8221;1_3&#8243; _builder_version=&#8221;4.2&#8243; global_colors_info=&#8221;{}&#8221;][et_pb_text _builder_version=&#8221;4.4.9&#8243; global_colors_info=&#8221;{}&#8221;]<\/p>\n<div class=\"avia-image-container  av-styling-   avia-builder-el-34  el_before_av_textblock  avia-builder-el-first  avia-align-left \" itemscope=\"itemscope\" itemtype=\"https:\/\/schema.org\/ImageObject\">\n<div class=\"avia-image-container-inner\"><img loading=\"lazy\" decoding=\"async\" src=\"https:\/\/museus.esplugues.cat\/wp-content\/uploads\/2020\/06\/Model-Rajola-17.Margarides.jpg\" width=\"243\" height=\"243\" alt=\"\" class=\"wp-image-28090 aligncenter size-full\" style=\"float: left;\" srcset=\"https:\/\/museus.esplugues.cat\/wp-content\/uploads\/2020\/06\/Model-Rajola-17.Margarides.jpg 243w, https:\/\/museus.esplugues.cat\/wp-content\/uploads\/2020\/06\/Model-Rajola-17.Margarides-80x80.jpg 80w\" sizes=\"(max-width: 243px) 100vw, 243px\" \/><\/div>\n<\/div>\n<section class=\"av_textblock_section\" itemscope=\"itemscope\" itemtype=\"https:\/\/schema.org\/CreativeWork\">\n<div class=\"avia_textblock \" itemprop=\"text\">\n<p><strong><\/strong><\/p>\n<p>&nbsp;<\/p>\n<p>&nbsp;<\/p>\n<p>&nbsp;<\/p>\n<p>&nbsp;<\/p>\n<p>&nbsp;<\/p>\n<p>&nbsp;<\/p>\n<p><strong><\/strong><\/p>\n<p><strong><\/strong><\/p>\n<p><strong>Description:<\/strong><br \/>Floral tile with the drawing of daisies that corresponds to one of the most unique desing from the factory Pujol y Bausis. The author of the project is unknown as well as current locations of its application.<br \/>The Municipal Archive of Esplugues also conserves stancils and a beautiful colored project of the tiles<br \/>Collection of Pujol and Bausis tiles, no. 17, 2017<br \/><strong>Price:<\/strong> 20,00\u20ac<\/p>\n<p>&nbsp;<\/p>\n<p>&nbsp;<\/p>\n<\/div>\n<\/section>\n<p>[\/et_pb_text][\/et_pb_column][et_pb_column type=&#8221;1_3&#8243; _builder_version=&#8221;4.2&#8243; global_colors_info=&#8221;{}&#8221;][et_pb_text _builder_version=&#8221;4.4.9&#8243; global_colors_info=&#8221;{}&#8221;]<\/p>\n<div class=\"avia-image-container  av-styling-   avia-builder-el-34  el_before_av_textblock  avia-builder-el-first  avia-align-left \" itemscope=\"itemscope\" itemtype=\"https:\/\/schema.org\/ImageObject\">\n<div class=\"avia-image-container-inner\"><img loading=\"lazy\" decoding=\"async\" src=\"https:\/\/museus.esplugues.cat\/wp-content\/uploads\/2020\/06\/Rajola18.jpg\" width=\"243\" height=\"243\" alt=\"\" class=\"wp-image-28093 aligncenter size-full\" style=\"float: left;\" srcset=\"https:\/\/museus.esplugues.cat\/wp-content\/uploads\/2020\/06\/Rajola18.jpg 243w, https:\/\/museus.esplugues.cat\/wp-content\/uploads\/2020\/06\/Rajola18-80x80.jpg 80w\" sizes=\"(max-width: 243px) 100vw, 243px\" \/><\/div>\n<\/div>\n<section class=\"av_textblock_section\" itemscope=\"itemscope\" itemtype=\"https:\/\/schema.org\/CreativeWork\">\n<div class=\"avia_textblock \" itemprop=\"text\">\n<p><strong><\/strong><\/p>\n<p><strong><\/strong><\/p>\n<p><strong><\/strong><\/p>\n<p><strong><\/strong><\/p>\n<p><strong><\/strong><\/p>\n<p><strong><\/strong><\/p>\n<p><strong><\/strong><\/p>\n<p><strong><\/strong><\/p>\n<p><strong><\/strong><\/p>\n<p><strong><\/strong><\/p>\n<p><strong><\/strong><\/p>\n<p><strong><\/strong><\/p>\n<p><strong><\/strong><\/p>\n<p><strong><\/strong><\/p>\n<p><strong><\/strong><\/p>\n<p><strong><\/strong><\/p>\n<p><strong><\/strong><\/p>\n<p><strong><\/strong><\/p>\n<p><strong><\/strong><\/p>\n<p><strong>Description:<br \/><\/strong><strong><\/strong>Modernist tile located at, Casa Vidal, Casa Berenguer, Pallars, 173;Tapioles, 47 and Ronda de Sant Antoni, 45. All in Barcelona<br \/>Collection of Pujol and Bausis tiles, no. 18, 2019<br \/><strong>Price:<\/strong> 20,00\u20ac<\/p>\n<\/div>\n<\/section>\n<p>[\/et_pb_text][\/et_pb_column][\/et_pb_row][et_pb_row column_structure=&#8221;1_3,1_3,1_3&#8243; _builder_version=&#8221;4.2&#8243; custom_padding=&#8221;||2px|||&#8221; global_colors_info=&#8221;{}&#8221;][et_pb_column type=&#8221;1_3&#8243; _builder_version=&#8221;4.2&#8243; global_colors_info=&#8221;{}&#8221;][et_pb_image src=&#8221;https:\/\/museus.esplugues.cat\/wp-content\/uploads\/2022\/12\/Foto-rajola-num-19.jpg&#8221; _builder_version=&#8221;4.14.2&#8243; _module_preset=&#8221;default&#8221; title_text=&#8221;dav&#8221; align=&#8221;center&#8221; width=&#8221;61%&#8221; hover_enabled=&#8221;0&#8243; sticky_enabled=&#8221;0&#8243;][\/et_pb_image][et_pb_text _builder_version=&#8221;4.14.2&#8243; hover_enabled=&#8221;0&#8243; global_colors_info=&#8221;{}&#8221; sticky_enabled=&#8221;0&#8243;]<\/p>\n<div class=\"avia-image-container  av-styling-   avia-builder-el-34  el_before_av_textblock  avia-builder-el-first  avia-align-left \" itemscope=\"itemscope\" itemtype=\"https:\/\/schema.org\/ImageObject\">\n<div class=\"avia-image-container-inner\"><strong>Description:<\/strong><\/div>\n<\/div>\n<section class=\"av_textblock_section\" itemscope=\"itemscope\" itemtype=\"https:\/\/schema.org\/CreativeWork\">\n<div class=\"avia_textblock \" itemprop=\"text\">\n<p>Floral tiles model ca. 1900-1930. It has the particularity that the same model can be adapted to other pieces of different shapes (quadrangular, rectangular and triangular) converging \u2013<br \/>or not- on the same railing.<\/p>\n<p>Location: Passage of the Cemetery no. 1 Santos-Montju\u00efc . Barcelona.<\/p>\n<p>Pujol tile collection and<br \/>Bausis, no. 19, 2021<\/p>\n<p><strong>Price: <\/strong>20,00\u20ac<\/p>\n<\/div>\n<\/section>\n<p>[\/et_pb_text][\/et_pb_column][et_pb_column type=&#8221;1_3&#8243; _builder_version=&#8221;4.2&#8243; global_colors_info=&#8221;{}&#8221;][\/et_pb_column][et_pb_column type=&#8221;1_3&#8243; _builder_version=&#8221;4.2&#8243; global_colors_info=&#8221;{}&#8221;][\/et_pb_column][\/et_pb_row][\/et_pb_section]<\/p>\n","protected":false},"excerpt":{"rendered":"<p>Collection of flat tiles by Pujol i BausisFrom the reception of Can Tintur\u00e9 Museum you are able to find a small shop with different publication on the contents of the museums as well as a range of products, among which is the collection of tiles reproductions from ancient factory Pujol i Bausis. Description:Tile design applied [&hellip;]<\/p>\n","protected":false},"author":1,"featured_media":0,"parent":0,"menu_order":0,"comment_status":"open","ping_status":"open","template":"","meta":{"_et_pb_use_builder":"on","_et_pb_old_content":"","_et_gb_content_width":"","_uag_custom_page_level_css":"","footnotes":""},"class_list":["post-22417","page","type-page","status-publish","hentry"],"uagb_featured_image_src":{"full":false,"thumbnail":false,"medium":false,"medium_large":false,"large":false,"1536x1536":false,"2048x2048":false,"et-pb-post-main-image":false,"et-pb-post-main-image-fullwidth":false,"et-pb-portfolio-image":false,"et-pb-portfolio-module-image":false,"et-pb-portfolio-image-single":false,"et-pb-gallery-module-image-portrait":false,"et-pb-post-main-image-fullwidth-large":false,"et-pb-image--responsive--desktop":false,"et-pb-image--responsive--tablet":false,"et-pb-image--responsive--phone":false},"uagb_author_info":{"display_name":"alpha","author_link":"https:\/\/museus.esplugues.cat\/en\/author\/alpha"},"uagb_comment_info":0,"uagb_excerpt":"Collection of flat tiles by Pujol i BausisFrom the reception of Can Tintur\u00e9 Museum you are able to find a small shop with different publication on the contents of the museums as well as a range of products, among which is the collection of tiles reproductions from ancient factory Pujol i Bausis. Description:Tile design applied&hellip;","_links":{"self":[{"href":"https:\/\/museus.esplugues.cat\/en\/wp-json\/wp\/v2\/pages\/22417","targetHints":{"allow":["GET"]}}],"collection":[{"href":"https:\/\/museus.esplugues.cat\/en\/wp-json\/wp\/v2\/pages"}],"about":[{"href":"https:\/\/museus.esplugues.cat\/en\/wp-json\/wp\/v2\/types\/page"}],"author":[{"embeddable":true,"href":"https:\/\/museus.esplugues.cat\/en\/wp-json\/wp\/v2\/users\/1"}],"replies":[{"embeddable":true,"href":"https:\/\/museus.esplugues.cat\/en\/wp-json\/wp\/v2\/comments?post=22417"}],"version-history":[{"count":5,"href":"https:\/\/museus.esplugues.cat\/en\/wp-json\/wp\/v2\/pages\/22417\/revisions"}],"predecessor-version":[{"id":36111,"href":"https:\/\/museus.esplugues.cat\/en\/wp-json\/wp\/v2\/pages\/22417\/revisions\/36111"}],"wp:attachment":[{"href":"https:\/\/museus.esplugues.cat\/en\/wp-json\/wp\/v2\/media?parent=22417"}],"curies":[{"name":"wp","href":"https:\/\/api.w.org\/{rel}","templated":true}]}}