{"id":22445,"date":"2018-05-03T08:06:53","date_gmt":"2018-05-03T08:06:53","guid":{"rendered":"http:\/\/s712081921.mialojamiento.es\/embossed-pieces-collection-by-pujol-i-bausis"},"modified":"2022-12-19T11:35:40","modified_gmt":"2022-12-19T10:35:40","slug":"embossed-pieces-collection-by-pujol-i-bausis","status":"publish","type":"page","link":"https:\/\/museus.esplugues.cat\/en\/embossed-pieces-collection-by-pujol-i-bausis","title":{"rendered":"Embossed pieces collection by Pujol i Bausis"},"content":{"rendered":"<p>[et_pb_section fb_built=&#8221;1&#8243; _builder_version=&#8221;4.4.7&#8243; use_background_color_gradient=&#8221;on&#8221; background_color_gradient_start=&#8221;#8c944d&#8221; background_color_gradient_end=&#8221;rgba(140,148,77,0.21)&#8221; background_color_gradient_direction=&#8221;130deg&#8221; background_color_gradient_start_position=&#8221;49%&#8221; background_color_gradient_end_position=&#8221;18%&#8221; background_image=&#8221;https:\/\/museus.esplugues.cat\/wp-content\/uploads\/2020\/06\/R009.jpg&#8221; background_size=&#8221;contain&#8221; background_repeat=&#8221;repeat&#8221; background_blend=&#8221;multiply&#8221; global_colors_info=&#8221;{}&#8221;][et_pb_row column_structure=&#8221;2_3,1_3&#8243; _builder_version=&#8221;4.0.7&#8243; global_colors_info=&#8221;{}&#8221;][et_pb_column type=&#8221;2_3&#8243; _builder_version=&#8221;4.0.7&#8243; global_colors_info=&#8221;{}&#8221;][et_pb_text _builder_version=&#8221;4.4.7&#8243; header_font=&#8221;|300|||||||&#8221; header_text_color=&#8221;#ffffff&#8221; header_font_size=&#8221;50px&#8221; header_font_size_tablet=&#8221;&#8221; header_font_size_phone=&#8221;30px&#8221; header_font_size_last_edited=&#8221;on|desktop&#8221; global_colors_info=&#8221;{}&#8221;]<\/p>\n<h1>Embossed pieces collection by Pujol i Bausis<\/h1>\n<p>[\/et_pb_text][\/et_pb_column][et_pb_column type=&#8221;1_3&#8243; _builder_version=&#8221;4.0.7&#8243; global_colors_info=&#8221;{}&#8221;][\/et_pb_column][\/et_pb_row][\/et_pb_section][et_pb_section fb_built=&#8221;1&#8243; admin_label=&#8221;section&#8221; _builder_version=&#8221;3.22&#8243; global_colors_info=&#8221;{}&#8221;][et_pb_row admin_label=&#8221;row&#8221; _builder_version=&#8221;3.25&#8243; background_size=&#8221;initial&#8221; background_position=&#8221;top_left&#8221; background_repeat=&#8221;repeat&#8221; custom_padding=&#8221;0px|||||&#8221; global_colors_info=&#8221;{}&#8221;][et_pb_column type=&#8221;4_4&#8243; _builder_version=&#8221;3.25&#8243; custom_padding=&#8221;|||&#8221; global_colors_info=&#8221;{}&#8221; custom_padding__hover=&#8221;|||&#8221;][et_pb_text admin_label=&#8221;Text&#8221; _builder_version=&#8221;4.4.9&#8243; background_size=&#8221;initial&#8221; background_position=&#8221;top_left&#8221; background_repeat=&#8221;repeat&#8221; global_colors_info=&#8221;{}&#8221;]<\/p>\n<p>&nbsp;<\/p>\n<p>From the reception of Can Tintur\u00e9 Museum you are able to find a small shop with different publication on the contents of the museums as well as a range of products, among which is the collection of tiles reproductions from ancient factory Pujol i Bausis.<\/p>\n<p>&nbsp;<\/p>\n<p>[\/et_pb_text][\/et_pb_column][\/et_pb_row][et_pb_row column_structure=&#8221;1_3,1_3,1_3&#8243; _builder_version=&#8221;4.2&#8243; global_colors_info=&#8221;{}&#8221;][et_pb_column type=&#8221;1_3&#8243; _builder_version=&#8221;4.2&#8243; global_colors_info=&#8221;{}&#8221;][et_pb_text _builder_version=&#8221;4.2&#8243; custom_margin=&#8221;||0px|||&#8221; global_colors_info=&#8221;{}&#8221;]<\/p>\n<p><a href=\"https:\/\/museus.esplugues.cat\/wp-content\/uploads\/2014\/01\/re.jpg\"><img loading=\"lazy\" decoding=\"async\" class=\"alignnone size-full wp-image-3019\" src=\"https:\/\/museus.esplugues.cat\/wp-content\/uploads\/2014\/01\/re.jpg\" alt=\"MEL-Rajola modernista. Lle\u00f3 Morera Barcelona Dom\u00e8nech i Montaner\" width=\"215\" height=\"227\" \/><\/a><\/p>\n<p>[\/et_pb_text][et_pb_text _builder_version=&#8221;4.4.9&#8243; global_colors_info=&#8221;{}&#8221;]<\/p>\n<p><strong>Description:<\/strong><br \/>Tile design applied to the Lle\u00f3 Morera house in Barcelona, by Llu\u00eds Dom\u00e8nech i Montaner. Pujol i Bausis embossed tile collection, no. 1, 2008.<br \/><strong>Price:<\/strong> \u20ac 20.00<\/p>\n<p>[\/et_pb_text][\/et_pb_column][et_pb_column type=&#8221;1_3&#8243; _builder_version=&#8221;4.2&#8243; global_colors_info=&#8221;{}&#8221;][et_pb_text _builder_version=&#8221;4.2&#8243; custom_margin=&#8221;||19px|||&#8221; custom_padding=&#8221;||8px|||&#8221; global_colors_info=&#8221;{}&#8221;]<\/p>\n<p><a href=\"https:\/\/museus.esplugues.cat\/wp-content\/uploads\/2014\/01\/bf.jpg\"><img loading=\"lazy\" decoding=\"async\" class=\"alignnone size-full wp-image-3020\" src=\"https:\/\/museus.esplugues.cat\/wp-content\/uploads\/2014\/01\/bf.jpg\" alt=\"MEL- Rajola modernista. Casa Cargols Hospitalet. Tom\u00e0s i Barba\" width=\"241\" height=\"225\" \/><\/a><\/p>\n<p>[\/et_pb_text][et_pb_text _builder_version=&#8221;4.4.9&#8243; custom_margin=&#8221;-3px|||||&#8221; global_colors_info=&#8221;{}&#8221;]<\/p>\n<p><strong>Description:<\/strong><br \/>Tile design applied to the Casa dels Cargols in Hospitalet de Llobregat, by Mariano Tom\u00e0s i Barba architect, and at the Sant Nicasi de Gav\u00e0 fountain. <br \/>Pujol i Bausis embossed tile collection, no. 2, 2010.<br \/><strong>Price:<\/strong> \u20ac 20.00<\/p>\n<p>[\/et_pb_text][\/et_pb_column][et_pb_column type=&#8221;1_3&#8243; _builder_version=&#8221;4.2&#8243; global_colors_info=&#8221;{}&#8221;][et_pb_text _builder_version=&#8221;4.2&#8243; custom_margin=&#8221;||-5px|||&#8221; custom_padding=&#8221;||0px|||&#8221; global_colors_info=&#8221;{}&#8221;]<\/p>\n<p><a href=\"https:\/\/museus.esplugues.cat\/wp-content\/uploads\/2014\/04\/re.jpg\"><img loading=\"lazy\" decoding=\"async\" class=\"alignnone size-full wp-image-3020\" src=\"https:\/\/museus.esplugues.cat\/wp-content\/uploads\/2014\/04\/re.jpg\" alt=\"Imatge Escata Cartonet\" width=\"215\" height=\"200\" \/><\/a><\/p>\n<p>[\/et_pb_text][et_pb_text _builder_version=&#8221;4.4.9&#8243; global_colors_info=&#8221;{}&#8221;]<\/p>\n<p><strong>Description:<\/strong><br \/>Design of ceramic piece on metallic decoration applied in many roofs during the art noveau period<br \/> Pujol i Bausis embossed tile collection, no. 3, 2012.<br \/><strong>Price:<\/strong> \u20ac 20.00<\/p>\n<p>[\/et_pb_text][\/et_pb_column][\/et_pb_row][et_pb_row column_structure=&#8221;1_3,1_3,1_3&#8243; _builder_version=&#8221;4.2&#8243; global_colors_info=&#8221;{}&#8221;][et_pb_column type=&#8221;1_3&#8243; _builder_version=&#8221;4.2&#8243; global_colors_info=&#8221;{}&#8221;][et_pb_image src=&#8221;https:\/\/museus.esplugues.cat\/wp-content\/uploads\/2020\/02\/peca-relleu-4-2014-1.jpg&#8221; _builder_version=&#8221;4.2&#8243; global_colors_info=&#8221;{}&#8221;][\/et_pb_image][et_pb_text _builder_version=&#8221;4.4.9&#8243; custom_margin=&#8221;7px|||||&#8221; global_colors_info=&#8221;{}&#8221;]<\/p>\n<p><strong>Description:<\/strong><br \/>Ceramic spiral pattern applied on walls and ceilings to allow air pass <br \/>Pujol i Bausis embossed tile collection, no. 4, 2014.<br \/><strong>Price:<\/strong> \u20ac 20.00<\/p>\n<p>[\/et_pb_text][\/et_pb_column][et_pb_column type=&#8221;1_3&#8243; _builder_version=&#8221;4.2&#8243; global_colors_info=&#8221;{}&#8221;][et_pb_image src=&#8221;https:\/\/museus.esplugues.cat\/wp-content\/uploads\/2020\/02\/1a2.jpg&#8221; _builder_version=&#8221;4.2&#8243; global_colors_info=&#8221;{}&#8221;][\/et_pb_image][et_pb_text _builder_version=&#8221;4.4.9&#8243; custom_margin=&#8221;-3px|||||&#8221; global_colors_info=&#8221;{}&#8221;]<\/p>\n<p><strong>Description:<\/strong><br \/>This piece, in different colors, was used by different architects, such as Josep M. Jujol or Ignasi Mas, in the decoration of their buildings. <br \/>Pujol i Bausis embossed tile collection, no. 5, 2016.<br \/><strong>Price:<\/strong> \u20ac 20.00\u20ac<\/p>\n<p>[\/et_pb_text][\/et_pb_column][et_pb_column type=&#8221;1_3&#8243; _builder_version=&#8221;4.2&#8243; global_colors_info=&#8221;{}&#8221;][et_pb_image src=&#8221;https:\/\/museus.esplugues.cat\/wp-content\/uploads\/2020\/02\/2Rajola2018-300&#215;300-2.jpg&#8221; _builder_version=&#8221;4.2&#8243; global_colors_info=&#8221;{}&#8221;][\/et_pb_image][et_pb_text _builder_version=&#8221;4.4.9&#8243; global_colors_info=&#8221;{}&#8221;]<\/p>\n<p><strong><\/strong><\/p>\n<p><strong>Description:<\/strong><br \/>Design with an eight-petalled flower t. The placement and continuity of each of the pieces, one next to the other, formed the decorative strip . <br \/>Pujol i Bausis embossed tile collection, no. 6, 2018.<\/p>\n<p><strong>Price:<\/strong> \u20ac 20.00<\/p>\n<p>[\/et_pb_text][\/et_pb_column][\/et_pb_row][et_pb_row column_structure=&#8221;1_3,1_3,1_3&#8243; _builder_version=&#8221;4.2&#8243; global_colors_info=&#8221;{}&#8221;][et_pb_column type=&#8221;1_3&#8243; _builder_version=&#8221;4.2&#8243; global_colors_info=&#8221;{}&#8221;][et_pb_image src=&#8221;https:\/\/museus.esplugues.cat\/wp-content\/uploads\/2020\/12\/Rajola-2020.jpg&#8221; _builder_version=&#8221;4.14.2&#8243; hover_enabled=&#8221;0&#8243; global_colors_info=&#8221;{}&#8221; title_text=&#8221;Rajola 2020&#8243; width=&#8221;59%&#8221; align=&#8221;center&#8221; sticky_enabled=&#8221;0&#8243;][\/et_pb_image][et_pb_text _builder_version=&#8221;4.14.2&#8243; custom_margin=&#8221;7px|||||&#8221; hover_enabled=&#8221;0&#8243; global_colors_info=&#8221;{}&#8221; sticky_enabled=&#8221;0&#8243;]<\/p>\n<p><strong>Description:<\/strong><br \/>High-relief hexagonal tile model has as its central motif a flower, with a medieval appearance<br \/>Pujol i Bausis embossed tile collection, no. 7, 2020.<br \/><strong>Price:<\/strong> \u20ac 20.00<\/p>\n<p>[\/et_pb_text][\/et_pb_column][et_pb_column type=&#8221;1_3&#8243; _builder_version=&#8221;4.2&#8243; global_colors_info=&#8221;{}&#8221;][et_pb_image src=&#8221;https:\/\/museus.esplugues.cat\/wp-content\/uploads\/2022\/12\/PIB-8-VOLUM.WEB_-1.jpg&#8221; _builder_version=&#8221;4.14.2&#8243; hover_enabled=&#8221;0&#8243; global_colors_info=&#8221;{}&#8221; title_text=&#8221;PIB 8 VOLUM.WEB&#8221; width=&#8221;67%&#8221; align=&#8221;center&#8221; sticky_enabled=&#8221;0&#8243;][\/et_pb_image][et_pb_text _builder_version=&#8221;4.14.2&#8243; custom_margin=&#8221;-3px|||||&#8221; hover_enabled=&#8221;0&#8243; global_colors_info=&#8221;{}&#8221; sticky_enabled=&#8221;0&#8243;]<\/p>\n<p><strong>Description:<\/strong><br \/>This high-relief rectangular tile model has as its central motif three flowers with 5 petals with leaves and stems.<br \/>Pujol i Bausis embossed tile collection, no. 8, 2022.<br \/><strong>Price:<\/strong> \u20ac 20.00\u20ac<\/p>\n<p>[\/et_pb_text][\/et_pb_column][et_pb_column type=&#8221;1_3&#8243; _builder_version=&#8221;4.2&#8243; global_colors_info=&#8221;{}&#8221;][\/et_pb_column][\/et_pb_row][\/et_pb_section]<\/p>\n","protected":false},"excerpt":{"rendered":"<p>Embossed pieces collection by Pujol i Bausis&nbsp; From the reception of Can Tintur\u00e9 Museum you are able to find a small shop with different publication on the contents of the museums as well as a range of products, among which is the collection of tiles reproductions from ancient factory Pujol i Bausis. &nbsp;Description:Tile design applied [&hellip;]<\/p>\n","protected":false},"author":1,"featured_media":0,"parent":0,"menu_order":0,"comment_status":"open","ping_status":"open","template":"","meta":{"_et_pb_use_builder":"on","_et_pb_old_content":"","_et_gb_content_width":"","_uag_custom_page_level_css":"","footnotes":""},"class_list":["post-22445","page","type-page","status-publish","hentry"],"uagb_featured_image_src":{"full":false,"thumbnail":false,"medium":false,"medium_large":false,"large":false,"1536x1536":false,"2048x2048":false,"et-pb-post-main-image":false,"et-pb-post-main-image-fullwidth":false,"et-pb-portfolio-image":false,"et-pb-portfolio-module-image":false,"et-pb-portfolio-image-single":false,"et-pb-gallery-module-image-portrait":false,"et-pb-post-main-image-fullwidth-large":false,"et-pb-image--responsive--desktop":false,"et-pb-image--responsive--tablet":false,"et-pb-image--responsive--phone":false},"uagb_author_info":{"display_name":"alpha","author_link":"https:\/\/museus.esplugues.cat\/en\/author\/alpha"},"uagb_comment_info":0,"uagb_excerpt":"Embossed pieces collection by Pujol i Bausis&nbsp; From the reception of Can Tintur\u00e9 Museum you are able to find a small shop with different publication on the contents of the museums as well as a range of products, among which is the collection of tiles reproductions from ancient factory Pujol i Bausis. &nbsp;Description:Tile design applied&hellip;","_links":{"self":[{"href":"https:\/\/museus.esplugues.cat\/en\/wp-json\/wp\/v2\/pages\/22445","targetHints":{"allow":["GET"]}}],"collection":[{"href":"https:\/\/museus.esplugues.cat\/en\/wp-json\/wp\/v2\/pages"}],"about":[{"href":"https:\/\/museus.esplugues.cat\/en\/wp-json\/wp\/v2\/types\/page"}],"author":[{"embeddable":true,"href":"https:\/\/museus.esplugues.cat\/en\/wp-json\/wp\/v2\/users\/1"}],"replies":[{"embeddable":true,"href":"https:\/\/museus.esplugues.cat\/en\/wp-json\/wp\/v2\/comments?post=22445"}],"version-history":[{"count":5,"href":"https:\/\/museus.esplugues.cat\/en\/wp-json\/wp\/v2\/pages\/22445\/revisions"}],"predecessor-version":[{"id":36099,"href":"https:\/\/museus.esplugues.cat\/en\/wp-json\/wp\/v2\/pages\/22445\/revisions\/36099"}],"wp:attachment":[{"href":"https:\/\/museus.esplugues.cat\/en\/wp-json\/wp\/v2\/media?parent=22445"}],"curies":[{"name":"wp","href":"https:\/\/api.w.org\/{rel}","templated":true}]}}