{"id":22478,"date":"2018-05-03T08:33:53","date_gmt":"2018-05-03T08:33:53","guid":{"rendered":"http:\/\/s712081921.mialojamiento.es\/objectes-de-regal"},"modified":"2020-07-08T12:25:37","modified_gmt":"2020-07-08T10:25:37","slug":"gift-items","status":"publish","type":"page","link":"https:\/\/museus.esplugues.cat\/en\/gift-items","title":{"rendered":"Gift items"},"content":{"rendered":"\n[et_pb_section fb_built=&#8221;1&#8243; _builder_version=&#8221;4.0.7&#8243; background_color=&#8221;#eeefe4&#8243; custom_margin_tablet=&#8221;&#8221; custom_margin_phone=&#8221;0px||0px||false|false&#8221; custom_margin_last_edited=&#8221;on|phone&#8221; custom_padding=&#8221;0px||0px||false|false&#8221;][et_pb_row _builder_version=&#8221;4.0.7&#8243;][et_pb_column type=&#8221;4_4&#8243; _builder_version=&#8221;4.0.7&#8243;][et_pb_text _builder_version=&#8221;4.2&#8243; header_font=&#8221;|300|||||||&#8221; header_font_size=&#8221;50px&#8221; custom_margin_tablet=&#8221;&#8221; custom_margin_phone=&#8221;0px||0px||false|false&#8221; custom_margin_last_edited=&#8221;on|phone&#8221; custom_padding=&#8221;0px||0px||false|false&#8221; header_font_size_tablet=&#8221;&#8221; header_font_size_phone=&#8221;35px&#8221; header_font_size_last_edited=&#8221;on|phone&#8221;]<h1>Gift items<\/h1>[\/et_pb_text][\/et_pb_column][\/et_pb_row][\/et_pb_section][et_pb_section fb_built=&#8221;1&#8243; admin_label=&#8221;section&#8221; _builder_version=&#8221;3.22&#8243;][et_pb_row admin_label=&#8221;row&#8221; _builder_version=&#8221;3.25&#8243; background_size=&#8221;initial&#8221; background_position=&#8221;top_left&#8221; background_repeat=&#8221;repeat&#8221; custom_padding=&#8221;||0px|||&#8221;][et_pb_column type=&#8221;4_4&#8243; _builder_version=&#8221;3.25&#8243; custom_padding=&#8221;|||&#8221; custom_padding__hover=&#8221;|||&#8221;][et_pb_text admin_label=&#8221;Text&#8221; _builder_version=&#8221;4.4.9&#8243; background_size=&#8221;initial&#8221; background_position=&#8221;top_left&#8221; background_repeat=&#8221;repeat&#8221; hover_enabled=&#8221;0&#8243;]<p>From the reception of Can Tintur\u00e9 Museum you are able to find a small shop with different publication on the contents of the museums as well as a range of products, among which is the collection of tiles reproductions from ancient factory Pujol I Bausis.<\/p>\n[\/et_pb_text][\/et_pb_column][\/et_pb_row][et_pb_row _builder_version=&#8221;4.2&#8243;][et_pb_column type=&#8221;4_4&#8243; _builder_version=&#8221;4.2&#8243;][et_pb_text _builder_version=&#8221;4.4.9&#8243; hover_enabled=&#8221;0&#8243;]<h2>Magnets<\/h2>\n[\/et_pb_text][\/et_pb_column][\/et_pb_row][et_pb_row column_structure=&#8221;1_3,1_3,1_3&#8243; _builder_version=&#8221;4.2&#8243; custom_margin=&#8221;-27px|auto||auto||&#8221;][et_pb_column type=&#8221;1_3&#8243; _builder_version=&#8221;4.2&#8243;][et_pb_text _builder_version=&#8221;4.4.9&#8243; hover_enabled=&#8221;0&#8243;]<p><img loading=\"lazy\" decoding=\"async\" class=\"alignnone size-full wp-image-3063\" src=\"https:\/\/museus.esplugues.cat\/wp-content\/uploads\/2014\/01\/iman.jpg\" alt=\"Iman del model de rajola anomenat \u201cou ferrat\u201d. Barcelona, segle XIX.\" width=\"300\" height=\"404\" \/><\/p>\n<p><strong>Description:<\/strong> Magnet in a tile design called \u201cfried egg\u201d. Barcelona, XIX century<br \/><strong>Price:<\/strong> 2.04\u20ac<\/p>\n[\/et_pb_text][\/et_pb_column][et_pb_column type=&#8221;1_3&#8243; _builder_version=&#8221;4.2&#8243;][et_pb_text _builder_version=&#8221;4.4.9&#8243; hover_enabled=&#8221;0&#8243;]<p><a href=\"\/wp-content\/uploads\/2014\/01\/iman2.jpg\"><img loading=\"lazy\" decoding=\"async\" class=\"alignnone size-full wp-image-3064\" src=\"\/wp-content\/uploads\/2014\/01\/iman2.jpg\" alt=\"Iman del model de rajola anomenat \u201cfulla de bleda\u201d. Val\u00e8ncia, segles XVI-XVII.\" width=\"300\" height=\"404\" \/><\/a><\/p>\n<p><strong>Description:<\/strong> Magnet in a tile design called \u201cchard leaf\u201d. Valencia, XVI-XVII centuries<br \/><strong>Price:<\/strong> 2.04\u20ac<\/p>\n[\/et_pb_text][\/et_pb_column][et_pb_column type=&#8221;1_3&#8243; _builder_version=&#8221;4.2&#8243;][et_pb_text _builder_version=&#8221;4.4.9&#8243; hover_enabled=&#8221;0&#8243;]<p><a href=\"\/wp-content\/uploads\/2014\/01\/iman3.jpg\"><img loading=\"lazy\" decoding=\"async\" class=\"alignnone size-full wp-image-3065\" src=\"\/wp-content\/uploads\/2014\/01\/iman3.jpg\" alt=\"Iman del model de rajola anomenat \u201ccoca\u201d. Barcelona, segles XVIII\" width=\"300\" height=\"404\" \/><\/a><\/p>\n<p><strong>Description:<\/strong> Magnet in a tile design called \u201cflat cake\u201d. Barcelona, XVIII century<br \/><strong>Price:<\/strong> 2.04\u20ac<\/p>\n[\/et_pb_text][\/et_pb_column][\/et_pb_row][et_pb_row column_structure=&#8221;1_3,1_3,1_3&#8243; _builder_version=&#8221;4.2&#8243;][et_pb_column type=&#8221;1_3&#8243; _builder_version=&#8221;4.2&#8243;][et_pb_text _builder_version=&#8221;4.4.9&#8243; hover_enabled=&#8221;0&#8243;]<p><a href=\"\/wp-content\/uploads\/2014\/01\/iman4.jpg\"><img loading=\"lazy\" decoding=\"async\" class=\"alignnone size-full wp-image-3066\" src=\"\/wp-content\/uploads\/2014\/01\/iman4.jpg\" alt=\" Iman del model de rajola anomenat \u201cpastanaga\u201d. Barcelona, segles XVIII\" width=\"300\" height=\"404\" \/><\/a><\/p>\n<p><strong>Description:<\/strong> Magnet in a tile design called \u201ccarrot\u201d. Barcelona, XVIII century<br \/><strong>Price:<\/strong> 2.04\u20ac<\/p>\n[\/et_pb_text][\/et_pb_column][et_pb_column type=&#8221;1_3&#8243; _builder_version=&#8221;4.2&#8243;][et_pb_text _builder_version=&#8221;4.4.9&#8243; custom_padding=&#8221;||0px|||&#8221; hover_enabled=&#8221;0&#8243;]<p><a href=\"\/wp-content\/uploads\/2014\/01\/iman-copy.jpg\"><img loading=\"lazy\" decoding=\"async\" class=\"alignnone size-full wp-image-3067\" src=\"\/wp-content\/uploads\/2014\/01\/iman-copy.jpg\" alt=\"Iman del model de rajola anomenat \u201cbotifarra\u201d. Barcelona, segles XVIII\" width=\"300\" height=\"404\" \/><\/a><\/p>\n<p><strong>Description:<\/strong> Magnet in a tile design called \u201csausage\u201d. Barcelona, XVIII century<br \/><strong>Price:<\/strong> 2.04\u20ac<\/p>\n[\/et_pb_text][\/et_pb_column][et_pb_column type=&#8221;1_3&#8243; _builder_version=&#8221;4.2&#8243;][et_pb_image src=&#8221;https:\/\/museus.esplugues.cat\/wp-content\/uploads\/2020\/02\/Margarides2017-180&#215;180-1.jpg&#8221; _builder_version=&#8221;4.2&#8243;][\/et_pb_image][et_pb_text _builder_version=&#8221;4.4.9&#8243; hover_enabled=&#8221;0&#8243;]<div class=\"avia-image-container  av-styling-   avia-builder-el-19  el_after_av_textblock  el_before_av_textblock  avia-align-center \" itemscope=\"itemscope\" itemtype=\"https:\/\/schema.org\/ImageObject\"><\/div>\n<div class=\"avia-image-container  av-styling-   avia-builder-el-19  el_after_av_textblock  el_before_av_textblock  avia-align-center \" itemscope=\"itemscope\" itemtype=\"https:\/\/schema.org\/ImageObject\"><\/div>\n<div class=\"avia-image-container  av-styling-   avia-builder-el-19  el_after_av_textblock  el_before_av_textblock  avia-align-center \" itemscope=\"itemscope\" itemtype=\"https:\/\/schema.org\/ImageObject\"><\/div>\n<div class=\"avia-image-container  av-styling-   avia-builder-el-19  el_after_av_textblock  el_before_av_textblock  avia-align-center \" itemscope=\"itemscope\" itemtype=\"https:\/\/schema.org\/ImageObject\"><\/div>\n<div class=\"avia-image-container  av-styling-   avia-builder-el-19  el_after_av_textblock  el_before_av_textblock  avia-align-center \" itemscope=\"itemscope\" itemtype=\"https:\/\/schema.org\/ImageObject\"><\/div>\n<div class=\"avia-image-container  av-styling-   avia-builder-el-19  el_after_av_textblock  el_before_av_textblock  avia-align-center \" itemscope=\"itemscope\" itemtype=\"https:\/\/schema.org\/ImageObject\">\n<div class=\"avia-image-container-inner\"><\/div>\n<\/div>\n<section class=\"av_textblock_section\" itemscope=\"itemscope\" itemtype=\"https:\/\/schema.org\/CreativeWork\">\n<div class=\"avia_textblock \" itemprop=\"text\">\n<p><strong><\/strong><\/p>\n<p><strong><\/strong><\/p>\n<p><strong><\/strong><\/p>\n<p><strong><\/strong><\/p>\n<p><strong><\/strong><\/p>\n<p><strong>Description:<\/strong> Magnet in a tile modernist<br \/><strong>Price:<\/strong> 2.04\u20ac<\/p>\n<\/div>\n<\/section>\n[\/et_pb_text][\/et_pb_column][\/et_pb_row][et_pb_row column_structure=&#8221;1_3,1_3,1_3&#8243; _builder_version=&#8221;4.2&#8243; custom_margin=&#8221;19px|auto||auto||&#8221;][et_pb_column type=&#8221;1_3&#8243; _builder_version=&#8221;4.2&#8243;][et_pb_text _builder_version=&#8221;4.4.9&#8243; hover_enabled=&#8221;0&#8243;]<p><a href=\"\/wp-content\/uploads\/2014\/01\/iman4.jpg\"><img loading=\"lazy\" decoding=\"async\" src=\"https:\/\/museus.esplugues.cat\/wp-content\/uploads\/2020\/06\/R001.jpg\" width=\"239\" height=\"238\" alt=\"\" class=\"wp-image-28098 aligncenter size-full\" \/><\/a><\/p>\n<p><strong>Description:<\/strong> Magnet in a tile modernist<br \/><strong>Price:<\/strong> 2.04\u20ac<\/p>\n[\/et_pb_text][\/et_pb_column][et_pb_column type=&#8221;1_3&#8243; _builder_version=&#8221;4.2&#8243;][et_pb_text _builder_version=&#8221;4.4.9&#8243; custom_padding=&#8221;||0px|||&#8221; hover_enabled=&#8221;0&#8243;]<p><a href=\"\/wp-content\/uploads\/2014\/01\/iman-copy.jpg\"><img loading=\"lazy\" decoding=\"async\" src=\"https:\/\/museus.esplugues.cat\/wp-content\/uploads\/2020\/06\/R002.jpg\" width=\"239\" height=\"238\" alt=\"\" class=\"wp-image-28101 aligncenter size-full\" \/><\/a><\/p>\n<p><strong>Description:<\/strong> Magnet in a tile modernist<br \/><strong>Price:<\/strong> 2.04\u20ac<\/p>\n[\/et_pb_text][\/et_pb_column][et_pb_column type=&#8221;1_3&#8243; _builder_version=&#8221;4.2&#8243;][et_pb_text _builder_version=&#8221;4.4.9&#8243; custom_padding=&#8221;||0px|||&#8221; hover_enabled=&#8221;0&#8243;]<p><a href=\"\/wp-content\/uploads\/2014\/01\/iman-copy.jpg\"><img loading=\"lazy\" decoding=\"async\" src=\"https:\/\/museus.esplugues.cat\/wp-content\/uploads\/2020\/06\/R003.jpg\" width=\"240\" height=\"239\" alt=\"\" class=\"wp-image-28104 aligncenter size-full\" \/><\/a><\/p>\n<p><strong>Description:<\/strong> Magnet in a tile modernist<br \/><strong>Price:<\/strong> 2.04\u20ac<\/p>\n[\/et_pb_text][\/et_pb_column][\/et_pb_row][et_pb_row column_structure=&#8221;1_3,1_3,1_3&#8243; _builder_version=&#8221;4.2&#8243; custom_margin=&#8221;19px|auto||auto||&#8221;][et_pb_column type=&#8221;1_3&#8243; _builder_version=&#8221;4.2&#8243;][et_pb_text _builder_version=&#8221;4.4.9&#8243; hover_enabled=&#8221;0&#8243;]<p><a href=\"\/wp-content\/uploads\/2014\/01\/iman4.jpg\"><img loading=\"lazy\" decoding=\"async\" src=\"https:\/\/museus.esplugues.cat\/wp-content\/uploads\/2020\/06\/R006.jpg\" width=\"240\" height=\"238\" alt=\"\" class=\"wp-image-28107 aligncenter size-full\" \/><\/a><\/p>\n<p><strong>Description:<\/strong> Magnet in a tile modernist<br \/><strong>Price:<\/strong> 2.04\u20ac<\/p>\n[\/et_pb_text][\/et_pb_column][et_pb_column type=&#8221;1_3&#8243; _builder_version=&#8221;4.2&#8243;][et_pb_text _builder_version=&#8221;4.4.9&#8243; custom_padding=&#8221;||0px|||&#8221; hover_enabled=&#8221;0&#8243;]<p><a href=\"\/wp-content\/uploads\/2014\/01\/iman-copy.jpg\"><img loading=\"lazy\" decoding=\"async\" src=\"https:\/\/museus.esplugues.cat\/wp-content\/uploads\/2020\/06\/R009.jpg\" width=\"240\" height=\"243\" alt=\"\" class=\"wp-image-28110 aligncenter size-full\" \/><\/a><\/p>\n<p><strong>Description:<\/strong> Magnet in a tile modernist<br \/><strong>Price:<\/strong> 2.04\u20ac<\/p>\n[\/et_pb_text][\/et_pb_column][et_pb_column type=&#8221;1_3&#8243; _builder_version=&#8221;4.2&#8243;][et_pb_text _builder_version=&#8221;4.4.9&#8243; custom_padding=&#8221;||0px|||&#8221; hover_enabled=&#8221;0&#8243;]<p><a href=\"\/wp-content\/uploads\/2014\/01\/iman-copy.jpg\"><img loading=\"lazy\" decoding=\"async\" src=\"https:\/\/museus.esplugues.cat\/wp-content\/uploads\/2020\/06\/R012.jpg\" width=\"240\" height=\"245\" alt=\"\" class=\"wp-image-28113 aligncenter size-full\" \/><\/a><\/p>\n<p><strong>Description:<\/strong> Magnet in a tile modernist<br \/><strong>Price:<\/strong> 2.04\u20ac<\/p>\n[\/et_pb_text][\/et_pb_column][\/et_pb_row][et_pb_row _builder_version=&#8221;4.2&#8243;][et_pb_column type=&#8221;4_4&#8243; _builder_version=&#8221;4.2&#8243;][et_pb_text _builder_version=&#8221;4.4.9&#8243; hover_enabled=&#8221;0&#8243;]<h2>Notebooks<\/h2>\n[\/et_pb_text][\/et_pb_column][\/et_pb_row][et_pb_row column_structure=&#8221;1_3,1_3,1_3&#8243; _builder_version=&#8221;4.2&#8243;][et_pb_column type=&#8221;1_3&#8243; _builder_version=&#8221;4.2&#8243;][et_pb_text _builder_version=&#8221;4.4.9&#8243; hover_enabled=&#8221;0&#8243;]<p><a href=\"\/wp-content\/uploads\/2014\/03\/mi.jpg\"><img loading=\"lazy\" decoding=\"async\" class=\"alignnone size-full wp-image-3460\" src=\"\/wp-content\/uploads\/2014\/03\/mi.jpg\" alt=\"Llibreta de 14 x 8cm amb l\u2019arrambador n\u00fam. 30 del cat\u00e0leg de la f\u00e0brica Pujol i Bausis.\" width=\"300\" height=\"513\" \/><\/a><\/p>\n<p><strong>Description:<\/strong> 14 x 8 cm book with a skirting board no. 30 of the catalogue of Pujol i Bausis factory. Project of Llu\u00eds Br\u00fa, 1910<br \/> <strong>Price:<\/strong> 2.04\u20ac<\/p>\n[\/et_pb_text][\/et_pb_column][et_pb_column type=&#8221;1_3&#8243; _builder_version=&#8221;4.2&#8243;][et_pb_text _builder_version=&#8221;4.4.9&#8243; hover_enabled=&#8221;0&#8243;]<p><a href=\"\/wp-content\/uploads\/2014\/01\/llib-mini.jpg\"><img loading=\"lazy\" decoding=\"async\" class=\"alignnone size-full wp-image-3072\" src=\"\/wp-content\/uploads\/2014\/01\/llib-mini.jpg\" alt=\"Llibreta de 14 x 8cm amb l\u2019arrambador n\u00fam. 31 del cat\u00e0leg de la f\u00e0brica Pujol i Bausis. \" width=\"300\" height=\"483\" \/><\/a><\/p>\n<p><strong><\/strong><\/p>\n<p><strong><\/strong><\/p>\n<p><strong>Description:<\/strong> 14 x 8 cm book with a skirting board no. 31 of the catalogue of Pujol i Bausis factory. Project of Antoni Galiss\u00e0, 1901<br \/> <strong>Price:<\/strong> 2.04\u20ac<\/p>\n[\/et_pb_text][\/et_pb_column][et_pb_column type=&#8221;1_3&#8243; _builder_version=&#8221;4.2&#8243;][et_pb_text _builder_version=&#8221;4.4.9&#8243; hover_enabled=&#8221;0&#8243;]<p><a href=\"\/wp-content\/uploads\/2014\/01\/s.jpg\"><img loading=\"lazy\" decoding=\"async\" class=\"alignnone size-full wp-image-3074\" src=\"\/wp-content\/uploads\/2014\/01\/s.jpg\" alt=\"Llibreta de 14 x 8cm amb l\u2019arrambador n\u00fam. 17 del cat\u00e0leg de la f\u00e0brica Pujol i Bausis. \" width=\"300\" height=\"513\" \/><\/a><\/p>\n<p><strong>Description:<\/strong> 14 x 8 cm book with a skirting board no. 17 of the catalogue of Pujol i Bausis factory. Project of Adri\u00e0 Gual, 1915<br \/><strong>Price:<\/strong> 2.04\u20ac<\/p>\n[\/et_pb_text][\/et_pb_column][\/et_pb_row][et_pb_row column_structure=&#8221;1_3,1_3,1_3&#8243; _builder_version=&#8221;4.2&#8243;][et_pb_column type=&#8221;1_3&#8243; _builder_version=&#8221;4.2&#8243;][et_pb_text _builder_version=&#8221;4.4.9&#8243; hover_enabled=&#8221;0&#8243;]<section class=\"av_textblock_section\" itemscope=\"itemscope\" itemtype=\"https:\/\/schema.org\/CreativeWork\">\n<div class=\"avia_textblock \" itemprop=\"text\"><\/div>\n<\/section>\n<section class=\"av_textblock_section\" itemscope=\"itemscope\" itemtype=\"https:\/\/schema.org\/CreativeWork\">\n<div class=\"avia_textblock \" itemprop=\"text\">\n<p><img loading=\"lazy\" decoding=\"async\" src=\"https:\/\/museus.esplugues.cat\/wp-content\/uploads\/2020\/06\/lli.jpg\" width=\"300\" height=\"275\" alt=\"\" class=\"wp-image-30792 aligncenter size-full\" \/><\/p>\n<p><strong>Description:<\/strong> 15 x 15 cm book that contains tiles patterns from XVI to XVIII of Salvador Miquel\u2019s tile collection<br \/><strong>Price:<\/strong> 4.10\u20ac<\/p>\n<\/div>\n<\/section>\n[\/et_pb_text][\/et_pb_column][et_pb_column type=&#8221;1_3&#8243; _builder_version=&#8221;4.2&#8243;][\/et_pb_column][et_pb_column type=&#8221;1_3&#8243; _builder_version=&#8221;4.2&#8243;][\/et_pb_column][\/et_pb_row][et_pb_row _builder_version=&#8221;4.2&#8243;][et_pb_column type=&#8221;4_4&#8243; _builder_version=&#8221;4.2&#8243;][et_pb_text _builder_version=&#8221;4.4.9&#8243; hover_enabled=&#8221;0&#8243;]<h2>Rubber<\/h2>\n[\/et_pb_text][\/et_pb_column][\/et_pb_row][et_pb_row column_structure=&#8221;1_3,1_3,1_3&#8243; _builder_version=&#8221;4.2&#8243;][et_pb_column type=&#8221;1_3&#8243; _builder_version=&#8221;4.2&#8243;][et_pb_text _builder_version=&#8221;4.4.9&#8243; hover_enabled=&#8221;0&#8243;]<p><a href=\"https:\/\/museus.esplugues.cat\/wp-content\/uploads\/\"><img loading=\"lazy\" decoding=\"async\" src=\"https:\/\/museus.esplugues.cat\/wp-content\/uploads\/2020\/06\/gomes.jpg\" width=\"300\" height=\"302\" alt=\"\" class=\"wp-image-30795 aligncenter size-full\" srcset=\"https:\/\/museus.esplugues.cat\/wp-content\/uploads\/2020\/06\/gomes.jpg 300w, https:\/\/museus.esplugues.cat\/wp-content\/uploads\/2020\/06\/gomes-298x300.jpg 298w, https:\/\/museus.esplugues.cat\/wp-content\/uploads\/2020\/06\/gomes-80x80.jpg 80w\" sizes=\"(max-width: 300px) 100vw, 300px\" \/><\/a><\/p>\n<p><strong><\/strong><\/p>\n<p><strong>Description:<\/strong> Rubber in tile design applied at Lle\u00f3 Morera house in Barcelona, a work by Llu\u00eds Dom\u00e8nech i Montaner, made in Pujol i Bausis factory.<br \/><strong>Price:<\/strong> 2.04\u20ac<\/p>\n[\/et_pb_text][\/et_pb_column][et_pb_column type=&#8221;1_3&#8243; _builder_version=&#8221;4.2&#8243;][et_pb_text _builder_version=&#8221;4.4.9&#8243; hover_enabled=&#8221;0&#8243;]<p><a href=\"\/wp-content\/uploads\/2014\/01\/goma-amb-model-de-rajola-aplicada.jpeg\"><img loading=\"lazy\" decoding=\"async\" class=\"alignnone size-full wp-image-3862\" src=\"\/wp-content\/uploads\/2014\/01\/goma-amb-model-de-rajola-aplicada.jpeg\" alt=\"Goma amb model de rajola aplicada a l\u2019Hospital de la Santa Creu i Sant Pau de Barcelona, pavell\u00f3 de la \u201cMerc\u00e8\u201d, obra de l\u2019arquitecte Llu\u00eds Dom\u00e8nech i Montaner,\" width=\"300\" height=\"310\" \/><\/a><\/p>\n<p><strong>Description:<\/strong> Rubber in tile design applied at Santa Cruz y San Pablo Hospital in Barcelona, pavilion of the \u201cMerced\u201d, a work by the architect Llu\u00eds Dom\u00e8nech i Montaner, made in Pujol i Bausis factory.<br \/><strong>Price:<\/strong> 2.04\u20ac<\/p>\n[\/et_pb_text][\/et_pb_column][et_pb_column type=&#8221;1_3&#8243; _builder_version=&#8221;4.2&#8243;][et_pb_text _builder_version=&#8221;4.4.9&#8243; hover_enabled=&#8221;0&#8243;]<p><a href=\"\/wp-content\/uploads\/2014\/01\/MEL-Goma-model-de-rajola-Hospital-de-Sant-Pau.jpg\"><img loading=\"lazy\" decoding=\"async\" class=\"alignnone size-full wp-image-3078\" src=\"\/wp-content\/uploads\/2014\/01\/MEL-Goma-model-de-rajola-Hospital-de-Sant-Pau.jpg\" alt=\"Goma amb model de rajola aplicada en una antiga lleteria al carrer Bonavista n\u00fam. 40 de Sant Just Desvern\" width=\"300\" height=\"296\" \/><\/a><\/p>\n<p><strong><\/strong><\/p>\n<p><strong>Description:<\/strong> Rubber in tile design applied at an ancient dairy in Bonavista 40 Street, Sant Just Desvern, made in Pujol i Bausis factory.<br \/><strong>Price:<\/strong> 2.04\u20ac<\/p>\n[\/et_pb_text][\/et_pb_column][\/et_pb_row][et_pb_row _builder_version=&#8221;4.2&#8243;][et_pb_column type=&#8221;4_4&#8243; _builder_version=&#8221;4.2&#8243;][et_pb_text _builder_version=&#8221;4.4.9&#8243; hover_enabled=&#8221;0&#8243;]<h2>Ceramic figure<\/h2>\n[\/et_pb_text][\/et_pb_column][\/et_pb_row][et_pb_row column_structure=&#8221;1_3,1_3,1_3&#8243; _builder_version=&#8221;4.2&#8243;][et_pb_column type=&#8221;1_3&#8243; _builder_version=&#8221;4.2&#8243;][et_pb_text _builder_version=&#8221;4.4.9&#8243; hover_enabled=&#8221;0&#8243;]<p><a href=\"\/wp-content\/uploads\/2014\/01\/Fanguet-ceramic1.jpg\"><img loading=\"lazy\" decoding=\"async\" class=\"alignnone size-full wp-image-3359\" src=\"\/wp-content\/uploads\/2014\/01\/Fanguet-ceramic1.jpg\" alt=\"Fanguet cer\u00e0mic\" width=\"700\" height=\"1112\" \/><\/a><\/p>\n<p><strong>Description:<\/strong> Painted ceramic figure of Fanguet, the real ceramist of Esplugues<br \/><strong>Price:<\/strong> 12.31\u20ac<\/p>\n[\/et_pb_text][\/et_pb_column][et_pb_column type=&#8221;1_3&#8243; _builder_version=&#8221;4.2&#8243;][et_pb_text _builder_version=&#8221;4.4.9&#8243; hover_enabled=&#8221;0&#8243;]<p><a href=\"\/wp-content\/uploads\/2014\/01\/Fanguet-fang-petit.jpg\"><img loading=\"lazy\" decoding=\"async\" class=\"alignnone size-full wp-image-3058\" src=\"\/wp-content\/uploads\/2014\/01\/Fanguet-fang-petit.jpg\" alt=\"Fanguet de fang \" width=\"350\" height=\"558\" \/><\/a><\/p>\n<p><strong>Description:<\/strong> Clay figure to paint Fanguet, the real ceramist of Esplugues.<br \/><strong>Price:<\/strong> 3.07\u20ac<\/p>\n[\/et_pb_text][\/et_pb_column][et_pb_column type=&#8221;1_3&#8243; _builder_version=&#8221;4.2&#8243;][\/et_pb_column][\/et_pb_row][\/et_pb_section]\n","protected":false},"excerpt":{"rendered":"<p>Gift itemsFrom the reception of Can Tintur\u00e9 Museum you are able to find a small shop with different publication on the contents of the museums as well as a range of products, among which is the collection of tiles reproductions from ancient factory Pujol I Bausis. Magnets Description: Magnet in a tile design called \u201cfried [&hellip;]<\/p>\n","protected":false},"author":1,"featured_media":0,"parent":0,"menu_order":0,"comment_status":"open","ping_status":"open","template":"","meta":{"_et_pb_use_builder":"on","_et_pb_old_content":"","_et_gb_content_width":"","_uag_custom_page_level_css":"","footnotes":""},"class_list":["post-22478","page","type-page","status-publish","hentry"],"uagb_featured_image_src":{"full":false,"thumbnail":false,"medium":false,"medium_large":false,"large":false,"1536x1536":false,"2048x2048":false,"et-pb-post-main-image":false,"et-pb-post-main-image-fullwidth":false,"et-pb-portfolio-image":false,"et-pb-portfolio-module-image":false,"et-pb-portfolio-image-single":false,"et-pb-gallery-module-image-portrait":false,"et-pb-post-main-image-fullwidth-large":false,"et-pb-image--responsive--desktop":false,"et-pb-image--responsive--tablet":false,"et-pb-image--responsive--phone":false},"uagb_author_info":{"display_name":"alpha","author_link":"https:\/\/museus.esplugues.cat\/en\/author\/alpha"},"uagb_comment_info":0,"uagb_excerpt":"Gift itemsFrom the reception of Can Tintur\u00e9 Museum you are able to find a small shop with different publication on the contents of the museums as well as a range of products, among which is the collection of tiles reproductions from ancient factory Pujol I Bausis. Magnets Description: Magnet in a tile design called \u201cfried&hellip;","_links":{"self":[{"href":"https:\/\/museus.esplugues.cat\/en\/wp-json\/wp\/v2\/pages\/22478","targetHints":{"allow":["GET"]}}],"collection":[{"href":"https:\/\/museus.esplugues.cat\/en\/wp-json\/wp\/v2\/pages"}],"about":[{"href":"https:\/\/museus.esplugues.cat\/en\/wp-json\/wp\/v2\/types\/page"}],"author":[{"embeddable":true,"href":"https:\/\/museus.esplugues.cat\/en\/wp-json\/wp\/v2\/users\/1"}],"replies":[{"embeddable":true,"href":"https:\/\/museus.esplugues.cat\/en\/wp-json\/wp\/v2\/comments?post=22478"}],"version-history":[{"count":5,"href":"https:\/\/museus.esplugues.cat\/en\/wp-json\/wp\/v2\/pages\/22478\/revisions"}],"predecessor-version":[{"id":31126,"href":"https:\/\/museus.esplugues.cat\/en\/wp-json\/wp\/v2\/pages\/22478\/revisions\/31126"}],"wp:attachment":[{"href":"https:\/\/museus.esplugues.cat\/en\/wp-json\/wp\/v2\/media?parent=22478"}],"curies":[{"name":"wp","href":"https:\/\/api.w.org\/{rel}","templated":true}]}}