{"id":31202,"date":"2020-07-10T10:42:35","date_gmt":"2020-07-10T08:42:35","guid":{"rendered":"https:\/\/museus.esplugues.cat\/home"},"modified":"2026-01-27T15:25:37","modified_gmt":"2026-01-27T14:25:37","slug":"home","status":"publish","type":"page","link":"https:\/\/museus.esplugues.cat\/en","title":{"rendered":"Home"},"content":{"rendered":"<p>[et_pb_section fb_built=&#8221;1&#8243; fullwidth=&#8221;on&#8221; _builder_version=&#8221;4.16&#8243; global_colors_info=&#8221;{}&#8221;][et_pb_fullwidth_slider _builder_version=&#8221;4.25.1&#8243; button_alignment=&#8221;center&#8221; custom_margin=&#8221;0px||||false|false&#8221; custom_padding=&#8221;250px||250px|0px|false|false&#8221; global_colors_info=&#8221;{}&#8221;][et_pb_slide heading=&#8221;Can Tintur\u00e9&#8221; _builder_version=&#8221;4.16&#8243; header_level=&#8221;h2&#8243; header_font=&#8221;|600|||||||&#8221; header_font_size=&#8221;40px&#8221; body_font_size=&#8221;18px&#8221; background_color=&#8221;rgba(54,56,1,0.38)&#8221; background_enable_color=&#8221;on&#8221; background_image=&#8221;https:\/\/museus.esplugues.cat\/wp-content\/uploads\/2020\/06\/CT.prova3_.jpg&#8221; background_enable_image=&#8221;on&#8221; background_blend=&#8221;multiply&#8221; custom_button=&#8221;on&#8221; button_text_size=&#8221;30px&#8221; button_bg_color=&#8221;rgba(0,0,0,0)&#8221; button_border_width=&#8221;1px&#8221; button_font=&#8221;|700|||||||&#8221; button_alignment=&#8221;center&#8221; custom_padding=&#8221;0px|0px|0px|0px|true|false&#8221; link_option_url=&#8221;https:\/\/museus.esplugues.cat\/en\/can-tinture&#8221; global_colors_info=&#8221;{}&#8221; sticky_transition=&#8221;on&#8221;]<\/p>\n<p>Salvador Miquel sample tile collection<\/p>\n<p>[\/et_pb_slide][et_pb_slide heading=&#8221;%22La Rajoleta%22 &#8221; _builder_version=&#8221;4.16&#8243; header_level=&#8221;h2&#8243; header_font=&#8221;|600|||||||&#8221; header_font_size=&#8221;40px&#8221; background_color=&#8221;rgba(54,56,1,0.38)&#8221; background_enable_color=&#8221;on&#8221; background_image=&#8221;https:\/\/museus.esplugues.cat\/wp-content\/uploads\/2020\/06\/home-La-Rajoleta.jpg&#8221; background_enable_image=&#8221;on&#8221; background_blend=&#8221;multiply&#8221; custom_button=&#8221;on&#8221; button_text_size=&#8221;30px&#8221; button_bg_color=&#8221;rgba(0,0,0,0)&#8221; button_border_width=&#8221;1px&#8221; button_font=&#8221;|700|||||||&#8221; custom_padding=&#8221;|0px||0px|false|false&#8221; link_option_url=&#8221;https:\/\/museus.esplugues.cat\/en\/ceramic-museum-la-rajoleta&#8221; global_colors_info=&#8221;{}&#8221; sticky_transition=&#8221;on&#8221;][\/et_pb_slide][\/et_pb_fullwidth_slider][\/et_pb_section][et_pb_section fb_built=&#8221;1&#8243; disabled_on=&#8221;on|on|on&#8221; _builder_version=&#8221;4.16&#8243; custom_margin=&#8221;0px|0px|0px|0px|false|false&#8221; custom_padding=&#8221;0px|0px|0px|0px|false|false&#8221; disabled=&#8221;on&#8221; global_colors_info=&#8221;{}&#8221;][\/et_pb_section][et_pb_section fb_built=&#8221;1&#8243; _builder_version=&#8221;4.16&#8243; custom_padding=&#8221;1px||6px|||&#8221; global_colors_info=&#8221;{}&#8221;][et_pb_row _builder_version=&#8221;4.16&#8243; custom_padding=&#8221;||3px|||&#8221; global_colors_info=&#8221;{}&#8221;][et_pb_column type=&#8221;4_4&#8243; _builder_version=&#8221;4.16&#8243; custom_padding=&#8221;|||&#8221; global_colors_info=&#8221;{}&#8221; custom_padding__hover=&#8221;|||&#8221;][et_pb_text _builder_version=&#8221;4.16&#8243; custom_margin=&#8221;2px||-3px|||&#8221; global_colors_info=&#8221;{}&#8221;]<\/p>\n<h3 style=\"text-align: center;\">OUR SOCIAL NETWORK<\/h3>\n<p>[\/et_pb_text][\/et_pb_column][\/et_pb_row][et_pb_row column_structure=&#8221;1_5,1_5,1_5,1_5,1_5&#8243; _builder_version=&#8221;4.16&#8243; custom_margin=&#8221;-4px|auto||auto||&#8221; global_colors_info=&#8221;{}&#8221;][et_pb_column type=&#8221;1_5&#8243; _builder_version=&#8221;4.16&#8243; custom_padding=&#8221;|||&#8221; global_colors_info=&#8221;{}&#8221; custom_padding__hover=&#8221;|||&#8221;][\/et_pb_column][et_pb_column type=&#8221;1_5&#8243; _builder_version=&#8221;4.16&#8243; custom_padding=&#8221;|||&#8221; global_colors_info=&#8221;{}&#8221; custom_padding__hover=&#8221;|||&#8221;][et_pb_image src=&#8221;https:\/\/museus.esplugues.cat\/wp-content\/uploads\/2020\/06\/facebook.png&#8221; title_text=&#8221;facebook&#8221; url=&#8221;https:\/\/www.facebook.com\/MuseusdEsplugues&#8221; url_new_window=&#8221;on&#8221; _builder_version=&#8221;4.16&#8243; width=&#8221;30%&#8221; module_alignment=&#8221;center&#8221; global_colors_info=&#8221;{}&#8221;][\/et_pb_image][\/et_pb_column][et_pb_column type=&#8221;1_5&#8243; _builder_version=&#8221;4.16&#8243; custom_padding=&#8221;|||&#8221; global_colors_info=&#8221;{}&#8221; custom_padding__hover=&#8221;|||&#8221;][et_pb_image src=&#8221;https:\/\/museus.esplugues.cat\/wp-content\/uploads\/2020\/06\/twitter.png&#8221; title_text=&#8221;twitter&#8221; url=&#8221;https:\/\/twitter.com\/MuseusEsplugues&#8221; url_new_window=&#8221;on&#8221; _builder_version=&#8221;4.16&#8243; width=&#8221;30%&#8221; module_alignment=&#8221;center&#8221; global_colors_info=&#8221;{}&#8221;][\/et_pb_image][\/et_pb_column][et_pb_column type=&#8221;1_5&#8243; _builder_version=&#8221;4.16&#8243; custom_padding=&#8221;|||&#8221; global_colors_info=&#8221;{}&#8221; custom_padding__hover=&#8221;|||&#8221;][et_pb_image src=&#8221;https:\/\/museus.esplugues.cat\/wp-content\/uploads\/2020\/06\/instagram.png&#8221; title_text=&#8221;instagram&#8221; url=&#8221;https:\/\/www.instagram.com\/museus_esplugues\/&#8221; url_new_window=&#8221;on&#8221; _builder_version=&#8221;4.16&#8243; width=&#8221;30%&#8221; module_alignment=&#8221;center&#8221; global_colors_info=&#8221;{}&#8221;][\/et_pb_image][\/et_pb_column][et_pb_column type=&#8221;1_5&#8243; _builder_version=&#8221;4.16&#8243; custom_padding=&#8221;|||&#8221; global_colors_info=&#8221;{}&#8221; custom_padding__hover=&#8221;|||&#8221;][\/et_pb_column][\/et_pb_row][\/et_pb_section][et_pb_section fb_built=&#8221;1&#8243; disabled_on=&#8221;on|on|off&#8221; _builder_version=&#8221;4.21.0&#8243; background_color=&#8221;#f9f9f9&#8243; global_colors_info=&#8221;{}&#8221;][et_pb_row disabled_on=&#8221;on|on|off&#8221; _builder_version=&#8221;4.21.0&#8243; global_colors_info=&#8221;{}&#8221;][et_pb_column type=&#8221;4_4&#8243; _builder_version=&#8221;4.16&#8243; global_colors_info=&#8221;{}&#8221;][et_pb_text _builder_version=&#8221;4.27.4&#8243; header_3_font_size=&#8221;35px&#8221; hover_enabled=&#8221;0&#8243; global_colors_info=&#8221;{}&#8221; sticky_enabled=&#8221;0&#8243;]<\/p>\n<h2 class=\"tw-data-text tw-text-large tw-ta\" data-placeholder=\"Traducci\u00f3\" id=\"tw-target-text\" role=\"text\" data-ved=\"2ahUKEwisr4uc9KuSAxUsOfsDHTmiL4QQ3ewLegQIERAW\" dir=\"ltr\" aria-label=\"Text tradu\u00eft: NEW GUIDED TOUR SCHEDULE\" tabindex=\"-1\"><span class=\"Y2IQFc\" lang=\"en\">NEW GUIDED TOUR SCHEDULE<\/span><\/h2>\n<p>[\/et_pb_text][\/et_pb_column][\/et_pb_row][et_pb_row disabled_on=&#8221;on|on|on&#8221; _builder_version=&#8221;4.16&#8243; disabled=&#8221;on&#8221; global_colors_info=&#8221;{}&#8221;][et_pb_column type=&#8221;4_4&#8243; _builder_version=&#8221;4.16&#8243; global_colors_info=&#8221;{}&#8221;][et_pb_image src=&#8221;https:\/\/museus.esplugues.cat\/wp-content\/uploads\/2026\/01\/Banner-web-1080x350px-ANIMAT.gif&#8221; _builder_version=&#8221;4.27.4&#8243; _module_preset=&#8221;default&#8221; title_text=&#8221;Banner-web-1080x350px-ANIMAT&#8221; url=&#8221;@ET-DC@eyJkeW5hbWljIjp0cnVlLCJjb250ZW50IjoicG9zdF9saW5rX3VybF9wYWdlIiwic2V0dGluZ3MiOnsicG9zdF9pZCI6IjQ2NTQ0In19@&#8221; _dynamic_attributes=&#8221;url&#8221; hover_enabled=&#8221;0&#8243; sticky_enabled=&#8221;0&#8243;][\/et_pb_image][\/et_pb_column][\/et_pb_row][et_pb_row column_structure=&#8221;1_3,1_3,1_3&#8243; use_custom_gutter=&#8221;on&#8221; gutter_width=&#8221;4&#8243; disabled_on=&#8221;on|on|on&#8221; _builder_version=&#8221;4.16&#8243; custom_margin=&#8221;-15px|auto||auto||&#8221; disabled=&#8221;on&#8221; global_colors_info=&#8221;{}&#8221;][et_pb_column type=&#8221;1_3&#8243; _builder_version=&#8221;4.16&#8243; background_color=&#8221;rgba(194,198,162,0.21)&#8221; custom_padding=&#8221;15px|20px|15px|20px|false|true&#8221; border_color_all=&#8221;#8b9450&#8243; border_style_all=&#8221;outset&#8221; global_colors_info=&#8221;{}&#8221;][et_pb_image src=&#8221;https:\/\/museus.esplugues.cat\/wp-content\/uploads\/2020\/06\/Visitar-museu2.jpg&#8221; title_text=&#8221;Visitar museu2&#8243; url=&#8221;https:\/\/museus.esplugues.cat\/entrada-dels-nacionals-amb-ulls-de-kautela&#8221; align=&#8221;center&#8221; _builder_version=&#8221;4.16&#8243; background_enable_image=&#8221;off&#8221; custom_margin=&#8221;-15px|-20px||-20px|false|false&#8221; global_colors_info=&#8221;{}&#8221;][\/et_pb_image][et_pb_text _builder_version=&#8221;4.16&#8243; custom_margin=&#8221;||16px|||&#8221; global_colors_info=&#8221;{}&#8221;]<\/p>\n<h2 style=\"text-align: center;\">Com pots visitar els Museus d\u2019Esplugues?<\/h2>\n<p style=\"text-align: center;\"><span>Aqu\u00ed podr\u00e0s tota la informaci\u00f3 pr\u00e0ctica per visitar els museus d\u2019Esplugues.<br \/><\/span><span>Recordeu que les visites guiades a Can Tintur\u00e9 i La Rajoleta no estan temporalment\u00a0 disponibles.<\/span><\/p>\n<p>[\/et_pb_text][et_pb_button button_url=&#8221;https:\/\/museus.esplugues.cat\/visita-els-museus&#8221; button_text=&#8221;M\u00e9s informaci\u00f3&#8221; button_alignment=&#8221;center&#8221; _builder_version=&#8221;4.16&#8243; global_colors_info=&#8221;{}&#8221;][\/et_pb_button][\/et_pb_column][et_pb_column type=&#8221;1_3&#8243; _builder_version=&#8221;4.16&#8243; background_color=&#8221;rgba(194,198,162,0.21)&#8221; custom_padding=&#8221;15px|20px|15px|20px|false|true&#8221; border_color_all=&#8221;#8b9450&#8243; border_style_all=&#8221;outset&#8221; global_colors_info=&#8221;{}&#8221;][et_pb_image src=&#8221;https:\/\/museus.esplugues.cat\/wp-content\/uploads\/2020\/06\/Accessibilitat.jpg&#8221; title_text=&#8221;Accessibilitat&#8221; url=&#8221;https:\/\/museus.esplugues.cat\/entrada-dels-nacionals-amb-ulls-de-kautela&#8221; align=&#8221;center&#8221; _builder_version=&#8221;4.16&#8243; background_enable_image=&#8221;off&#8221; custom_margin=&#8221;-15px|-20px||-20px|false|false&#8221; global_colors_info=&#8221;{}&#8221;][\/et_pb_image][et_pb_text _builder_version=&#8221;4.16&#8243; custom_margin=&#8221;||16px|||&#8221; global_colors_info=&#8221;{}&#8221;]<\/p>\n<h2 style=\"text-align: center;\">Can Tintur\u00e9, un museu accessible<\/h2>\n<p style=\"text-align: center;\"><span>Els Museus d\u2019Esplugues fa m\u00e9s de deu anys que treballem per obrir els nostres mueseu a tothom. Aqu\u00ed trobareu, la informaci\u00f3 per visitar el museu de manera accessible.<\/span><\/p>\n<p style=\"text-align: center;\"><span>A causa de les mesures de seguretat actuals, els serveis de fulls de sala en braile i el pr\u00e8stec de cadira de rodes no estan disponible<\/span><\/p>\n<p>[\/et_pb_text][et_pb_button button_url=&#8221;https:\/\/museus.esplugues.cat\/accessibilitat&#8221; button_text=&#8221;M\u00e9s informaci\u00f3&#8221; button_alignment=&#8221;center&#8221; _builder_version=&#8221;4.16&#8243; global_colors_info=&#8221;{}&#8221;][\/et_pb_button][\/et_pb_column][et_pb_column type=&#8221;1_3&#8243; _builder_version=&#8221;4.16&#8243; background_color=&#8221;rgba(194,198,162,0.21)&#8221; custom_padding=&#8221;15px|20px|15px|20px|false|false&#8221; border_color_all=&#8221;#8b9450&#8243; border_style_all=&#8221;outset&#8221; global_colors_info=&#8221;{}&#8221;][et_pb_image src=&#8221;https:\/\/museus.esplugues.cat\/wp-content\/uploads\/2020\/06\/patrimoni.jpg&#8221; title_text=&#8221;patrimoni&#8221; url=&#8221;https:\/\/museus.esplugues.cat\/entrada-dels-nacionals-amb-ulls-de-kautela&#8221; align=&#8221;center&#8221; _builder_version=&#8221;4.16&#8243; background_enable_image=&#8221;off&#8221; custom_margin=&#8221;-15px|-20px||-20px|false|false&#8221; global_colors_info=&#8221;{}&#8221;][\/et_pb_image][et_pb_text _builder_version=&#8221;4.16&#8243; custom_margin=&#8221;||16px|||&#8221; global_colors_info=&#8221;{}&#8221;]<\/p>\n<h2 style=\"text-align: center;\">Patrimoni<\/h2>\n<p style=\"text-align: center;\"><span>Els Museus d\u2019Esplugues gestionen directament els seg\u00fcents recursos patrimonials d\u2019Esplugues:<br \/><\/span><\/p>\n<p style=\"text-align: center;\">Ruta hist\u00f2rica de La m\u00e0 d&#8217;Esplugues<\/p>\n<p style=\"text-align: center;\">Bateries antia\u00e8ries de Sant Pere M\u00e0rtir<\/p>\n<p style=\"text-align: center;\">Monestir de Montsi\u00f3<\/p>\n<p>[\/et_pb_text][et_pb_button button_url=&#8221;https:\/\/museus.esplugues.cat\/patrimoni&#8221; button_text=&#8221;M\u00e9s informaci\u00f3&#8221; button_alignment=&#8221;center&#8221; _builder_version=&#8221;4.16&#8243; global_colors_info=&#8221;{}&#8221;][\/et_pb_button][\/et_pb_column][\/et_pb_row][\/et_pb_section][et_pb_section fb_built=&#8221;1&#8243; _builder_version=&#8221;4.16&#8243; background_enable_color=&#8221;off&#8221; global_colors_info=&#8221;{}&#8221;][et_pb_row column_structure=&#8221;1_3,1_3,1_3&#8243; use_custom_gutter=&#8221;on&#8221; gutter_width=&#8221;4&#8243; _builder_version=&#8221;4.16&#8243; custom_margin=&#8221;-15px|auto||auto||&#8221; global_colors_info=&#8221;{}&#8221;][et_pb_column type=&#8221;1_3&#8243; _builder_version=&#8221;4.16&#8243; background_color=&#8221;rgba(194,198,162,0.21)&#8221; custom_padding=&#8221;15px|20px|15px|20px|false|true&#8221; border_color_all=&#8221;#8b9450&#8243; border_style_all=&#8221;outset&#8221; global_colors_info=&#8221;{}&#8221;][et_pb_image src=&#8221;https:\/\/museus.esplugues.cat\/wp-content\/uploads\/2020\/06\/Visitar-museu2-1.jpg&#8221; title_text=&#8221;Visitar museu2&#8243; url=&#8221;https:\/\/museus.esplugues.cat\/entrada-dels-nacionals-amb-ulls-de-kautela&#8221; align=&#8221;center&#8221; _builder_version=&#8221;4.16&#8243; background_enable_image=&#8221;off&#8221; custom_margin=&#8221;-15px|-20px||-20px|false|false&#8221; global_colors_info=&#8221;{}&#8221;][\/et_pb_image][et_pb_text _builder_version=&#8221;4.16&#8243; custom_margin=&#8221;||16px|||&#8221; global_colors_info=&#8221;{}&#8221;]<\/p>\n<h2 style=\"text-align: center;\">Visit the Museums<\/h2>\n<p style=\"text-align: center;\">Here you can find all the practical information to visit the museums of Esplugues<\/p>\n<p>[\/et_pb_text][et_pb_button button_url=&#8221;https:\/\/museus.esplugues.cat\/en\/visit-the-museums&#8221; button_text=&#8221;More information&#8221; button_alignment=&#8221;center&#8221; _builder_version=&#8221;4.16&#8243; global_colors_info=&#8221;{}&#8221;][\/et_pb_button][\/et_pb_column][et_pb_column type=&#8221;1_3&#8243; _builder_version=&#8221;4.16&#8243; background_color=&#8221;rgba(194,198,162,0.21)&#8221; custom_padding=&#8221;15px|20px|15px|20px|false|true&#8221; border_color_all=&#8221;#8b9450&#8243; border_style_all=&#8221;outset&#8221; global_colors_info=&#8221;{}&#8221;][et_pb_image src=&#8221;https:\/\/museus.esplugues.cat\/wp-content\/uploads\/2020\/06\/Accessibilitat-1.jpg&#8221; title_text=&#8221;Accessibilitat&#8221; url=&#8221;https:\/\/museus.esplugues.cat\/entrada-dels-nacionals-amb-ulls-de-kautela&#8221; align=&#8221;center&#8221; _builder_version=&#8221;4.16&#8243; background_enable_image=&#8221;off&#8221; custom_margin=&#8221;-15px|-20px||-20px|false|false&#8221; global_colors_info=&#8221;{}&#8221;][\/et_pb_image][et_pb_text _builder_version=&#8221;4.16&#8243; custom_margin=&#8221;||16px|||&#8221; global_colors_info=&#8221;{}&#8221;]<\/p>\n<h2 style=\"text-align: center;\">Can Tintur\u00e9, an accessible museum<\/h2>\n<p style=\"text-align: center;\">The Museums work for ten years to open our museums to everyone. Here you will find information on how to visit the museum in an accessible way.<\/p>\n<p>[\/et_pb_text][et_pb_button button_url=&#8221;https:\/\/museus.esplugues.cat\/en\/accessibility&#8221; button_text=&#8221;More information&#8221; button_alignment=&#8221;center&#8221; _builder_version=&#8221;4.16&#8243; global_colors_info=&#8221;{}&#8221;][\/et_pb_button][\/et_pb_column][et_pb_column type=&#8221;1_3&#8243; _builder_version=&#8221;4.16&#8243; background_color=&#8221;rgba(194,198,162,0.21)&#8221; custom_padding=&#8221;15px|20px|15px|20px|false|false&#8221; border_color_all=&#8221;#8b9450&#8243; border_style_all=&#8221;outset&#8221; global_colors_info=&#8221;{}&#8221;][et_pb_image src=&#8221;https:\/\/museus.esplugues.cat\/wp-content\/uploads\/2020\/06\/patrimoni-1.jpg&#8221; title_text=&#8221;patrimoni&#8221; url=&#8221;https:\/\/museus.esplugues.cat\/entrada-dels-nacionals-amb-ulls-de-kautela&#8221; align=&#8221;center&#8221; _builder_version=&#8221;4.16&#8243; background_enable_image=&#8221;off&#8221; custom_margin=&#8221;-15px|-20px||-20px|false|false&#8221; global_colors_info=&#8221;{}&#8221;][\/et_pb_image][et_pb_text _builder_version=&#8221;4.16&#8243; custom_margin=&#8221;||16px|||&#8221; global_colors_info=&#8221;{}&#8221;]<\/p>\n<h2 style=\"text-align: center;\">Discover the Heritage of Esplugues<\/h2>\n<p style=\"text-align: center;\">The Esplugues Museums organize activities in the following heritage resources of Esplugues.<\/p>\n<p>[\/et_pb_text][et_pb_button button_url=&#8221;https:\/\/museus.esplugues.cat\/en\/heritage&#8221; button_text=&#8221;More information&#8221; button_alignment=&#8221;center&#8221; _builder_version=&#8221;4.16&#8243; global_colors_info=&#8221;{}&#8221;][\/et_pb_button][\/et_pb_column][\/et_pb_row][\/et_pb_section][et_pb_section fb_built=&#8221;1&#8243; disabled_on=&#8221;off|off|off&#8221; _builder_version=&#8221;4.16&#8243; background_color=&#8221;#ffffff&#8221; background_image=&#8221;https:\/\/museus.esplugues.cat\/wp-content\/uploads\/2019\/10\/mosaico.jpg&#8221; background_size=&#8221;initial&#8221; background_position=&#8221;top_left&#8221; background_repeat=&#8221;repeat&#8221; background_blend=&#8221;multiply&#8221; custom_margin=&#8221;0px||0px||false|false&#8221; custom_padding=&#8221;0px||0px||false|false&#8221; global_colors_info=&#8221;{}&#8221;][et_pb_row column_structure=&#8221;1_2,1_2&#8243; _builder_version=&#8221;4.16&#8243; background_color=&#8221;rgba(0,0,0,0.6)&#8221; global_colors_info=&#8221;{}&#8221;][et_pb_column type=&#8221;1_2&#8243; _builder_version=&#8221;4.16&#8243; global_colors_info=&#8221;{}&#8221;][et_pb_image src=&#8221;https:\/\/museus.esplugues.cat\/wp-content\/uploads\/2019\/12\/ajuntament-esplugues.png&#8221; title_text=&#8221;ajuntament-esplugues&#8221; url=&#8221;https:\/\/www.esplugues.cat\/&#8221; align=&#8221;center&#8221; _builder_version=&#8221;4.16&#8243; global_colors_info=&#8221;{}&#8221;][\/et_pb_image][\/et_pb_column][et_pb_column type=&#8221;1_2&#8243; _builder_version=&#8221;4.16&#8243; global_colors_info=&#8221;{}&#8221;][et_pb_image src=&#8221;https:\/\/museus.esplugues.cat\/wp-content\/uploads\/2020\/06\/EspluguesConectaPtarimoni-1.png&#8221; title_text=&#8221;EspluguesConectaPtarimoni&#8221; align=&#8221;center&#8221; _builder_version=&#8221;4.16&#8243; width=&#8221;55%&#8221; global_colors_info=&#8221;{}&#8221;][\/et_pb_image][\/et_pb_column][\/et_pb_row][\/et_pb_section]<\/p>\n","protected":false},"excerpt":{"rendered":"<p>Salvador Miquel sample tile collectionOUR SOCIAL NETWORKNEW GUIDED TOUR SCHEDULECom pots visitar els Museus d\u2019Esplugues? Aqu\u00ed podr\u00e0s tota la informaci\u00f3 pr\u00e0ctica per visitar els museus d\u2019Esplugues.Recordeu que les visites guiades a Can Tintur\u00e9 i La Rajoleta no estan temporalment\u00a0 disponibles.Can Tintur\u00e9, un museu accessible Els Museus d\u2019Esplugues fa m\u00e9s de deu anys que treballem per [&hellip;]<\/p>\n","protected":false},"author":2,"featured_media":0,"parent":0,"menu_order":0,"comment_status":"closed","ping_status":"closed","template":"","meta":{"_et_pb_use_builder":"on","_et_pb_old_content":"","_et_gb_content_width":"","_uag_custom_page_level_css":"","footnotes":""},"class_list":["post-31202","page","type-page","status-publish","hentry"],"uagb_featured_image_src":{"full":false,"thumbnail":false,"medium":false,"medium_large":false,"large":false,"1536x1536":false,"2048x2048":false,"et-pb-post-main-image":false,"et-pb-post-main-image-fullwidth":false,"et-pb-portfolio-image":false,"et-pb-portfolio-module-image":false,"et-pb-portfolio-image-single":false,"et-pb-gallery-module-image-portrait":false,"et-pb-post-main-image-fullwidth-large":false,"et-pb-image--responsive--desktop":false,"et-pb-image--responsive--tablet":false,"et-pb-image--responsive--phone":false},"uagb_author_info":{"display_name":"empiezapori","author_link":"https:\/\/museus.esplugues.cat\/en\/author\/empiezapori"},"uagb_comment_info":0,"uagb_excerpt":"Salvador Miquel sample tile collectionOUR SOCIAL NETWORKNEW GUIDED TOUR SCHEDULECom pots visitar els Museus d\u2019Esplugues? Aqu\u00ed podr\u00e0s tota la informaci\u00f3 pr\u00e0ctica per visitar els museus d\u2019Esplugues.Recordeu que les visites guiades a Can Tintur\u00e9 i La Rajoleta no estan temporalment\u00a0 disponibles.Can Tintur\u00e9, un museu accessible Els Museus d\u2019Esplugues fa m\u00e9s de deu anys que treballem per&hellip;","_links":{"self":[{"href":"https:\/\/museus.esplugues.cat\/en\/wp-json\/wp\/v2\/pages\/31202","targetHints":{"allow":["GET"]}}],"collection":[{"href":"https:\/\/museus.esplugues.cat\/en\/wp-json\/wp\/v2\/pages"}],"about":[{"href":"https:\/\/museus.esplugues.cat\/en\/wp-json\/wp\/v2\/types\/page"}],"author":[{"embeddable":true,"href":"https:\/\/museus.esplugues.cat\/en\/wp-json\/wp\/v2\/users\/2"}],"replies":[{"embeddable":true,"href":"https:\/\/museus.esplugues.cat\/en\/wp-json\/wp\/v2\/comments?post=31202"}],"version-history":[{"count":7,"href":"https:\/\/museus.esplugues.cat\/en\/wp-json\/wp\/v2\/pages\/31202\/revisions"}],"predecessor-version":[{"id":46904,"href":"https:\/\/museus.esplugues.cat\/en\/wp-json\/wp\/v2\/pages\/31202\/revisions\/46904"}],"wp:attachment":[{"href":"https:\/\/museus.esplugues.cat\/en\/wp-json\/wp\/v2\/media?parent=31202"}],"curies":[{"name":"wp","href":"https:\/\/api.w.org\/{rel}","templated":true}]}}