{"id":33281,"date":"2021-04-08T13:31:02","date_gmt":"2021-04-08T11:31:02","guid":{"rendered":"https:\/\/museus.esplugues.cat\/biennal"},"modified":"2023-03-20T09:51:22","modified_gmt":"2023-03-20T08:51:22","slug":"biennal2021","status":"publish","type":"page","link":"https:\/\/museus.esplugues.cat\/en\/biennal2021","title":{"rendered":"20 Biennal de cer\u00e0mica d\u2019Esplugues Angelina Al\u00f3s"},"content":{"rendered":"<p>[et_pb_section fb_built=&#8221;1&#8243; _builder_version=&#8221;4.4.7&#8243; background_color=&#8221;#eeefe4&#8243; custom_margin=&#8221;0px||0px||false|false&#8221; custom_padding=&#8221;0px||0px||false|false&#8221; global_colors_info=&#8221;{}&#8221;][et_pb_row _builder_version=&#8221;4.4.7&#8243; custom_margin=&#8221;0px||0px||false|false&#8221; custom_padding=&#8221;0px||0px||false|false&#8221; global_colors_info=&#8221;{}&#8221;][et_pb_column type=&#8221;4_4&#8243; _builder_version=&#8221;4.4.7&#8243; global_colors_info=&#8221;{}&#8221;][et_pb_image src=&#8221;https:\/\/museus.esplugues.cat\/wp-content\/uploads\/2021\/04\/Capcalera20Biennal.jpg&#8221; alt=&#8221;20 Biennal de cer\u00e0mica d&#8217;Esplugues&#8221; title_text=&#8221;20 Biennal de cer\u00e0mica&#8221; align=&#8221;center&#8221; _builder_version=&#8221;4.9.1&#8243; global_colors_info=&#8221;{}&#8221;][\/et_pb_image][\/et_pb_column][\/et_pb_row][\/et_pb_section][et_pb_section fb_built=&#8221;1&#8243; _builder_version=&#8221;4.0.7&#8243; custom_margin=&#8221;0px||0px||false|false&#8221; custom_padding=&#8221;0px||0px||false|false&#8221; global_colors_info=&#8221;{}&#8221;][et_pb_row custom_padding_last_edited=&#8221;on|phone&#8221; _builder_version=&#8221;4.0.7&#8243; custom_margin=&#8221;0px||0px||false|false&#8221; custom_padding=&#8221;30px||0px||false|false&#8221; custom_padding_tablet=&#8221;&#8221; custom_padding_phone=&#8221;&#8221; border_width_bottom=&#8221;1px&#8221; border_color_bottom=&#8221;#8C944D&#8221; border_style_bottom=&#8221;dotted&#8221; global_colors_info=&#8221;{}&#8221;][et_pb_column type=&#8221;4_4&#8243; _builder_version=&#8221;4.0.7&#8243; global_colors_info=&#8221;{}&#8221;][et_pb_text _builder_version=&#8221;4.9.1&#8243; header_2_font=&#8221;|300|||||||&#8221; header_2_font_size=&#8221;30px&#8221; header_2_font_size_tablet=&#8221;&#8221; header_2_font_size_phone=&#8221;25px&#8221; header_2_font_size_last_edited=&#8221;on|phone&#8221; global_colors_info=&#8221;{}&#8221;]<\/p>\n<h2>20 Biennal de cer\u00e0mica d\u2019Esplugues Angelina Al\u00f3s<\/h2>\n<p>[\/et_pb_text][\/et_pb_column][\/et_pb_row][et_pb_row custom_padding_last_edited=&#8221;on|phone&#8221; _builder_version=&#8221;4.0.7&#8243; custom_margin=&#8221;0px||0px||false|false&#8221; custom_padding=&#8221;30px||0px||false|false&#8221; custom_padding_tablet=&#8221;&#8221; custom_padding_phone=&#8221;&#8221; border_width_bottom=&#8221;1px&#8221; border_color_bottom=&#8221;#8C944D&#8221; border_style_bottom=&#8221;dotted&#8221; global_colors_info=&#8221;{}&#8221;][et_pb_column type=&#8221;4_4&#8243; _builder_version=&#8221;4.0.7&#8243; global_colors_info=&#8221;{}&#8221;][et_pb_button button_text=&#8221;Aqu\u00ed votaci\u00f3 popular online de les peces seleccionades i guanyadores fins al 4 de febrer&#8221; _builder_version=&#8221;4.14.2&#8243; _module_preset=&#8221;default&#8221; custom_button=&#8221;on&#8221; button_text_size=&#8221;22px&#8221; button_url=&#8221;https:\/\/participa311-espluguesparticipa.diba.cat\/processes\/biennalEsplugues?locale=ca&#8221; hover_enabled=&#8221;0&#8243; sticky_enabled=&#8221;0&#8243; button_alignment=&#8221;center&#8221; button_bg_color=&#8221;#f08286&#8243; button_bg_enable_color=&#8221;on&#8221;][\/et_pb_button][\/et_pb_column][\/et_pb_row][et_pb_row use_custom_gutter=&#8221;on&#8221; gutter_width=&#8221;4&#8243; _builder_version=&#8221;4.9.1&#8243; custom_padding=&#8221;||0px||false|false&#8221; global_colors_info=&#8221;{}&#8221;][et_pb_column type=&#8221;4_4&#8243; _builder_version=&#8221;4.0.7&#8243; global_colors_info=&#8221;{}&#8221;][et_pb_text _builder_version=&#8221;4.9.1&#8243; _module_preset=&#8221;default&#8221; text_font=&#8221;|600|||||||&#8221; text_text_color=&#8221;#FFFFFF&#8221; text_font_size=&#8221;23px&#8221; background_color=&#8221;#f08286&#8243; custom_margin=&#8221;0px||||false|false&#8221; custom_padding=&#8221;7px|0px|15px|7px|false|false&#8221; border_width_all=&#8221;0px&#8221; border_color_all=&#8221;#000000&#8243; border_style_right=&#8221;solid&#8221; global_colors_info=&#8221;{}&#8221;]<\/p>\n<p>CALENDARI<\/p>\n<p>[\/et_pb_text][\/et_pb_column][\/et_pb_row][et_pb_row column_structure=&#8221;1_6,1_6,1_6,1_6,1_6,1_6&#8243; _builder_version=&#8221;4.9.1&#8243; _module_preset=&#8221;48574ec8-5954-44a2-ab22-c30d83df5cee&#8221; global_colors_info=&#8221;{}&#8221;][et_pb_column type=&#8221;1_6&#8243; _builder_version=&#8221;4.9.1&#8243; _module_preset=&#8221;default&#8221; global_colors_info=&#8221;{}&#8221;][et_pb_text _builder_version=&#8221;4.9.1&#8243; _module_preset=&#8221;default&#8221; background_color=&#8221;#DCE7DE&#8221; custom_margin=&#8221;-20px||-20px|0px|false|false&#8221; custom_padding=&#8221;4px|7px|11px|12px|false|false&#8221; global_colors_info=&#8221;{}&#8221;]<\/p>\n<p style=\"text-align: center;\"><strong>Inscripcions<\/strong><\/p>\n<p style=\"text-align: center;\">Del 12 d&#8217;abril al 31 de maig<\/p>\n<p>[\/et_pb_text][\/et_pb_column][et_pb_column type=&#8221;1_6&#8243; _builder_version=&#8221;4.9.1&#8243; _module_preset=&#8221;default&#8221; global_colors_info=&#8221;{}&#8221;][et_pb_text _builder_version=&#8221;4.9.1&#8243; _module_preset=&#8221;default&#8221; text_font=&#8221;||||||||&#8221; background_color=&#8221;#DCE7DE&#8221; custom_margin=&#8221;-20px||-20px|0px|false|false&#8221; custom_padding=&#8221;4px|7px|11px|12px|false|false&#8221; global_colors_info=&#8221;{}&#8221;]<\/p>\n<p style=\"text-align: center;\"><strong>Selecci\u00f3 de peces<\/strong><\/p>\n<p style=\"text-align: center;\">Dimecres, 16 de\u00a0 juny<\/p>\n<p>[\/et_pb_text][et_pb_text _builder_version=&#8221;4.9.1&#8243; _module_preset=&#8221;default&#8221; text_font=&#8221;||on||||||&#8221; text_font_size=&#8221;11px&#8221; background_color=&#8221;#DCE7DE&#8221; custom_margin=&#8221;-20px||-20px|0px|false|false&#8221; custom_padding=&#8221;28px|7px|11px|12px|false|false&#8221; global_colors_info=&#8221;{}&#8221;]<\/p>\n<p style=\"text-align: center;\">Es publicar\u00e0 en aquesta web a partir del 17\/06\/21 a les 10:00<\/p>\n<p>[\/et_pb_text][\/et_pb_column][et_pb_column type=&#8221;1_6&#8243; _builder_version=&#8221;4.9.1&#8243; _module_preset=&#8221;default&#8221; global_colors_info=&#8221;{}&#8221;][et_pb_text _builder_version=&#8221;4.9.1&#8243; _module_preset=&#8221;default&#8221; background_color=&#8221;#DCE7DE&#8221; custom_margin=&#8221;-20px||-20px|0px|false|false&#8221; custom_padding=&#8221;4px|7px|11px|12px|false|false&#8221; global_colors_info=&#8221;{}&#8221;]<\/p>\n<p style=\"text-align: center;\"><strong>Lliurament d&#8217;obres seleccionades<\/strong><\/p>\n<p style=\"text-align: center;\">Del 16 al 24 de juliol<\/p>\n<p>[\/et_pb_text][\/et_pb_column][et_pb_column type=&#8221;1_6&#8243; _builder_version=&#8221;4.9.1&#8243; _module_preset=&#8221;default&#8221; global_colors_info=&#8221;{}&#8221;][et_pb_text _builder_version=&#8221;4.9.1&#8243; _module_preset=&#8221;default&#8221; background_color=&#8221;#DCE7DE&#8221; custom_margin=&#8221;-20px||-20px|0px|false|false&#8221; custom_padding=&#8221;4px|7px|11px|12px|false|false&#8221; global_colors_info=&#8221;{}&#8221;]<\/p>\n<p style=\"text-align: center;\"><strong>Lliurament de guardons<\/strong><\/p>\n<p style=\"text-align: center;\">Dimecres, 27 d&#8217;octubre a les 19 h.<\/p>\n<p>[\/et_pb_text][\/et_pb_column][et_pb_column type=&#8221;1_6&#8243; _builder_version=&#8221;4.9.1&#8243; _module_preset=&#8221;default&#8221; global_colors_info=&#8221;{}&#8221;][et_pb_text _builder_version=&#8221;4.9.10&#8243; _module_preset=&#8221;default&#8221; background_color=&#8221;#DCE7DE&#8221; custom_margin=&#8221;-20px||-20px|0px|false|false&#8221; custom_padding=&#8221;4px|7px|11px|12px|false|false&#8221; global_colors_info=&#8221;{}&#8221;]<\/p>\n<p style=\"text-align: center;\"><strong>Exposici\u00f3 temporal <\/strong><\/p>\n<p style=\"text-align: center;\"><strong>Obres guanyadores i seleccionades<\/strong><\/p>\n<p style=\"text-align: center;\">Del 28 d&#8217;octubre de 2021 al 6 de febrer de 2022<\/p>\n<p>[\/et_pb_text][\/et_pb_column][et_pb_column type=&#8221;1_6&#8243; _builder_version=&#8221;4.9.1&#8243; _module_preset=&#8221;default&#8221; global_colors_info=&#8221;{}&#8221;][et_pb_text _builder_version=&#8221;4.14.2&#8243; _module_preset=&#8221;default&#8221; background_color=&#8221;#DCE7DE&#8221; custom_margin=&#8221;-20px||-20px|0px|false|false&#8221; custom_padding=&#8221;4px|7px|11px|12px|false|false&#8221; hover_enabled=&#8221;0&#8243; global_colors_info=&#8221;{}&#8221; sticky_enabled=&#8221;0&#8243;]<\/p>\n<p style=\"text-align: center;\"><strong>Acte de clausura<\/strong><\/p>\n<p style=\"text-align: center;\">Diumenge, 6 de febrer de 2022<\/p>\n<p>[\/et_pb_text][\/et_pb_column][\/et_pb_row][et_pb_row use_custom_gutter=&#8221;on&#8221; gutter_width=&#8221;4&#8243; _builder_version=&#8221;4.9.1&#8243; custom_padding=&#8221;||0px||false|false&#8221; global_colors_info=&#8221;{}&#8221;][et_pb_column type=&#8221;4_4&#8243; _builder_version=&#8221;4.0.7&#8243; global_colors_info=&#8221;{}&#8221;][et_pb_text _builder_version=&#8221;4.9.10&#8243; _module_preset=&#8221;default&#8221; text_font=&#8221;|600|||||||&#8221; text_text_color=&#8221;#FFFFFF&#8221; text_font_size=&#8221;23px&#8221; background_color=&#8221;#f08286&#8243; custom_margin=&#8221;0px||||false|false&#8221; custom_padding=&#8221;7px|0px|15px|7px|false|false&#8221; link_option_url=&#8221;https:\/\/museus.esplugues.cat\/exposicions-temporals\/20biennalespluguesexposicio&#8221; hover_enabled=&#8221;0&#8243; border_width_all=&#8221;0px&#8221; border_color_all=&#8221;#000000&#8243; border_style_right=&#8221;solid&#8221; global_colors_info=&#8221;{}&#8221; sticky_enabled=&#8221;0&#8243;]<\/p>\n<p>EXPOSICI\u00d3 TEMPORAL<\/p>\n<p>[\/et_pb_text][et_pb_text _builder_version=&#8221;4.9.10&#8243; _module_preset=&#8221;default&#8221; custom_margin=&#8221;1px||19px||false|false&#8221; custom_padding=&#8221;0px||||false|false&#8221; global_colors_info=&#8221;{}&#8221;]<\/p>\n<p>El dimecres 16 de juny ha tingut lloc als Museus d\u2019Esplugues de Llobregat la primera reuni\u00f3 del jurat de la 20 Edici\u00f3 de la Biennal de cer\u00e0mica d\u2019 Esplugues que\u00a0 ha triat les 24 peces que concursen en la fase final del certamen.<\/p>\n<p>[\/et_pb_text][et_pb_image src=&#8221;https:\/\/museus.esplugues.cat\/wp-content\/uploads\/2021\/10\/IMG-20211027-WA0002.jpg&#8221; title_text=&#8221;IMG-20211027-WA0002&#8243; url=&#8221;https:\/\/museus.esplugues.cat\/exposicions-temporals\/20biennalespluguesexposicio&#8221; _builder_version=&#8221;4.9.10&#8243; _module_preset=&#8221;default&#8221; global_colors_info=&#8221;{}&#8221;][\/et_pb_image][et_pb_button button_url=&#8221;https:\/\/museus.esplugues.cat\/exposicions-temporals\/20biennalespluguesexposicio&#8221; button_text=&#8221;M\u00e9s informaci\u00f3&#8230;&#8221; _builder_version=&#8221;4.9.10&#8243; _module_preset=&#8221;default&#8221; custom_button=&#8221;on&#8221; button_text_color=&#8221;#FFFFFF&#8221; button_bg_color=&#8221;#EF888D&#8221; button_font=&#8221;|700|||||||&#8221; custom_margin=&#8221;0px||||false|false&#8221; global_colors_info=&#8221;{}&#8221;][\/et_pb_button][et_pb_text _builder_version=&#8221;4.9.10&#8243; _module_preset=&#8221;default&#8221; text_font=&#8221;|600|||||||&#8221; text_text_color=&#8221;#FFFFFF&#8221; text_font_size=&#8221;23px&#8221; background_color=&#8221;#f08286&#8243; custom_margin=&#8221;0px||||false|false&#8221; custom_padding=&#8221;7px|0px|15px|7px|false|false&#8221; border_width_all=&#8221;0px&#8221; border_color_all=&#8221;#000000&#8243; border_style_right=&#8221;solid&#8221; global_colors_info=&#8221;{}&#8221;]<\/p>\n<p>LLIURAMENT DE GUARDONS<\/p>\n<p>[\/et_pb_text][et_pb_video src=&#8221;https:\/\/youtu.be\/5ZJHz6GZtU0&#8243; _builder_version=&#8221;4.9.10&#8243; _module_preset=&#8221;default&#8221; global_colors_info=&#8221;{}&#8221;][\/et_pb_video][\/et_pb_column][\/et_pb_row][et_pb_row column_structure=&#8221;1_2,1_2&#8243; use_custom_gutter=&#8221;on&#8221; gutter_width=&#8221;4&#8243; _builder_version=&#8221;4.9.1&#8243; custom_padding=&#8221;||0px||false|false&#8221; global_colors_info=&#8221;{}&#8221;][et_pb_column type=&#8221;1_2&#8243; _builder_version=&#8221;4.0.7&#8243; global_colors_info=&#8221;{}&#8221;][et_pb_text _builder_version=&#8221;4.9.1&#8243; _module_preset=&#8221;default&#8221; text_font=&#8221;|600|||||||&#8221; text_text_color=&#8221;#FFFFFF&#8221; text_font_size=&#8221;23px&#8221; background_color=&#8221;#f08286&#8243; custom_margin=&#8221;0px||||false|false&#8221; custom_padding=&#8221;7px|0px|15px|7px|false|false&#8221; border_width_all=&#8221;0px&#8221; border_color_all=&#8221;#000000&#8243; border_style_right=&#8221;solid&#8221; global_colors_info=&#8221;{}&#8221;]<\/p>\n<p>OBRES SELECCIONADES<\/p>\n<p>[\/et_pb_text][et_pb_text _builder_version=&#8221;4.9.1&#8243; _module_preset=&#8221;default&#8221; custom_margin=&#8221;1px||19px||false|false&#8221; custom_padding=&#8221;0px||||false|false&#8221; global_colors_info=&#8221;{}&#8221;]<\/p>\n<p>El dimecres 16 de juny ha tingut lloc als Museus d\u2019Esplugues de Llobregat la primera reuni\u00f3 del jurat de la 20 Edici\u00f3 de la Biennal de cer\u00e0mica d\u2019 Esplugues que\u00a0 ha triat les 24 peces que concursen en la fase final del certamen.<\/p>\n<p>[\/et_pb_text][et_pb_button button_url=&#8221;@ET-DC@eyJkeW5hbWljIjp0cnVlLCJjb250ZW50IjoicG9zdF9saW5rX3VybF9wYWdlIiwic2V0dGluZ3MiOnsicG9zdF9pZCI6IjMzODUxIn19@&#8221; button_text=&#8221;Llistat de peces seleccionades&#8221; _builder_version=&#8221;4.9.1&#8243; _dynamic_attributes=&#8221;button_url&#8221; _module_preset=&#8221;default&#8221; custom_button=&#8221;on&#8221; button_text_color=&#8221;#FFFFFF&#8221; button_bg_color=&#8221;#EF888D&#8221; button_font=&#8221;|700|||||||&#8221; custom_margin=&#8221;0px||||false|false&#8221; global_colors_info=&#8221;{}&#8221;][\/et_pb_button][\/et_pb_column][et_pb_column type=&#8221;1_2&#8243; _builder_version=&#8221;4.9.1&#8243; _module_preset=&#8221;default&#8221; global_colors_info=&#8221;{}&#8221;][et_pb_text _builder_version=&#8221;4.9.1&#8243; _module_preset=&#8221;default&#8221; text_font=&#8221;|600|||||||&#8221; text_text_color=&#8221;#FFFFFF&#8221; text_font_size=&#8221;23px&#8221; background_color=&#8221;#f08286&#8243; custom_margin=&#8221;0px||||false|false&#8221; custom_padding=&#8221;7px|0px|15px|7px|false|false&#8221; border_width_all=&#8221;0px&#8221; border_color_all=&#8221;#000000&#8243; border_style_right=&#8221;solid&#8221; global_colors_info=&#8221;{}&#8221;]<\/p>\n<p>ACTUALITAT<\/p>\n<p>[\/et_pb_text][et_pb_text _builder_version=&#8221;4.9.1&#8243; _module_preset=&#8221;default&#8221; text_text_color=&#8221;#000000&#8243; custom_margin=&#8221;1px||19px||false|false&#8221; custom_padding=&#8221;0px||||false|false&#8221; global_colors_info=&#8221;{}&#8221;]<\/p>\n<p><strong>Arrenca la 20 Biennal de cer\u00e0mica d\u2019Esplugues amb la selecci\u00f3 de peces a concurs.<\/strong><\/p>\n<p>16\u00a0 de juny de 2021<\/p>\n<p>[\/et_pb_text][et_pb_button button_url=&#8221;@ET-DC@eyJkeW5hbWljIjp0cnVlLCJjb250ZW50IjoicG9zdF9saW5rX3VybF9wb3N0Iiwic2V0dGluZ3MiOnsicG9zdF9pZCI6IjMzODcwIn19@&#8221; button_text=&#8221;Seguir llegint&#8221; _builder_version=&#8221;4.9.1&#8243; _dynamic_attributes=&#8221;button_url&#8221; _module_preset=&#8221;default&#8221; custom_button=&#8221;on&#8221; button_text_color=&#8221;#FFFFFF&#8221; button_bg_color=&#8221;#EF888D&#8221; button_font=&#8221;|700|||||||&#8221; custom_margin=&#8221;0px||||false|false&#8221; global_colors_info=&#8221;{}&#8221;][\/et_pb_button][\/et_pb_column][\/et_pb_row][et_pb_row use_custom_gutter=&#8221;on&#8221; gutter_width=&#8221;4&#8243; _builder_version=&#8221;4.9.1&#8243; custom_padding=&#8221;||0px||false|false&#8221; global_colors_info=&#8221;{}&#8221;][et_pb_column type=&#8221;4_4&#8243; _builder_version=&#8221;4.0.7&#8243; global_colors_info=&#8221;{}&#8221;][et_pb_text _builder_version=&#8221;4.9.1&#8243; _module_preset=&#8221;default&#8221; text_font=&#8221;|600|||||||&#8221; text_text_color=&#8221;#FFFFFF&#8221; text_font_size=&#8221;23px&#8221; background_color=&#8221;#f08286&#8243; custom_margin=&#8221;0px||||false|false&#8221; custom_padding=&#8221;7px|0px|15px|7px|false|false&#8221; border_width_all=&#8221;0px&#8221; border_color_all=&#8221;#000000&#8243; border_style_right=&#8221;solid&#8221; global_colors_info=&#8221;{}&#8221;]<\/p>\n<p>BASES I INSCRIPCIONS<\/p>\n<p>[\/et_pb_text][et_pb_text _builder_version=&#8221;4.9.1&#8243; _module_preset=&#8221;default&#8221; custom_margin=&#8221;-12px||-12px||false|false&#8221; custom_padding=&#8221;0px||||false|false&#8221; global_colors_info=&#8221;{}&#8221;]<\/p>\n<p>Amb la 20a BIENNAL DE CER\u00c0MICA D\u2019ESPLUGUES ANGELINA AL\u00d3S, l\u2019Ajuntament d\u2018Esplugues t\u00e9 el desig i la voluntat de continuar impulsant la pres\u00e8ncia de la cer\u00e0mica a la nostra ciutat.<\/p>\n<p>Les bases reguladores de la concessi\u00f3 d\u2019aquest certamen foren aprovades per la Junta de Govern Local de l\u2019Ajuntament d\u2019Esplugues amb data 9 de mar\u00e7 de 2018. Aquesta convocat\u00f2ria est\u00e0 inclosa espec\u00edficament entre les l\u00ednies de subvenci\u00f3 del Pla Estrat\u00e8gic 2020-2024<\/p>\n<p>[\/et_pb_text][\/et_pb_column][\/et_pb_row][et_pb_row column_structure=&#8221;3_5,2_5&#8243; _builder_version=&#8221;4.9.1&#8243; _module_preset=&#8221;48574ec8-5954-44a2-ab22-c30d83df5cee&#8221; global_colors_info=&#8221;{}&#8221;][et_pb_column type=&#8221;3_5&#8243; _builder_version=&#8221;4.9.1&#8243; _module_preset=&#8221;default&#8221; border_width_right=&#8221;1px&#8221; border_color_right=&#8221;#DCE7DE&#8221; global_colors_info=&#8221;{}&#8221;][et_pb_text _builder_version=&#8221;4.9.1&#8243; _module_preset=&#8221;default&#8221; global_colors_info=&#8221;{}&#8221;]<\/p>\n<p><em>Consutla aqu\u00ed les bases per participar&#8230;<\/em><\/p>\n<p>[\/et_pb_text][et_pb_image src=&#8221;https:\/\/museus.esplugues.cat\/wp-content\/uploads\/2021\/04\/TW600x335.jpg&#8221; alt=&#8221;Bases de la Biennal de cer\u00e0mica&#8221; title_text=&#8221;Bases de la Biennal de cer\u00e0mica&#8221; url=&#8221;@ET-DC@eyJkeW5hbWljIjp0cnVlLCJjb250ZW50IjoicG9zdF9saW5rX3VybF9hdHRhY2htZW50Iiwic2V0dGluZ3MiOnsicG9zdF9pZCI6IjMzMjI2In19@&#8221; _builder_version=&#8221;4.9.1&#8243; _dynamic_attributes=&#8221;url&#8221; _module_preset=&#8221;default&#8221; width=&#8221;75%&#8221; global_colors_info=&#8221;{}&#8221;][\/et_pb_image][\/et_pb_column][et_pb_column type=&#8221;2_5&#8243; _builder_version=&#8221;4.9.1&#8243; _module_preset=&#8221;default&#8221; border_width_right=&#8221;1px&#8221; border_color_right=&#8221;#DCE7DE&#8221; global_colors_info=&#8221;{}&#8221;][et_pb_text _builder_version=&#8221;4.9.1&#8243; _module_preset=&#8221;default&#8221; global_colors_info=&#8221;{}&#8221;]<\/p>\n<p><em>Per participar a la Biennal&#8230;<\/em><\/p>\n<p>[\/et_pb_text][et_pb_button button_url=&#8221;https:\/\/intranet.esplugues.cat\/WebAplic\/Biennal\/Biennal2021.nsf\/FRM_INICI?OpenForm&#038;IDIOMA=CA&#8221; button_text=&#8221;Inscripci\u00f3 online aqu\u00ed&#8221; button_alignment=&#8221;center&#8221; _builder_version=&#8221;4.9.1&#8243; _module_preset=&#8221;default&#8221; custom_button=&#8221;on&#8221; button_text_size=&#8221;17px&#8221; button_text_color=&#8221;#000000&#8243; button_bg_color=&#8221;#DCE7DE&#8221; global_colors_info=&#8221;{}&#8221;][\/et_pb_button][et_pb_text _builder_version=&#8221;4.9.1&#8243; _module_preset=&#8221;default&#8221; custom_margin=&#8221;100px||||false|false&#8221; global_colors_info=&#8221;{}&#8221;]<\/p>\n<p><em>Si tens algun dubte, pregunta&#8217;ns&#8230;<\/em><\/p>\n<p>[\/et_pb_text][et_pb_button button_url=&#8221;@ET-DC@eyJkeW5hbWljIjp0cnVlLCJjb250ZW50IjoicG9zdF9saW5rX3VybF9wYWdlIiwic2V0dGluZ3MiOnsicG9zdF9pZCI6IjMzMjUzIn19@&#8221; button_text=&#8221;Formulari de contacte&#8221; button_alignment=&#8221;center&#8221; _builder_version=&#8221;4.9.1&#8243; _dynamic_attributes=&#8221;button_url&#8221; _module_preset=&#8221;default&#8221; custom_button=&#8221;on&#8221; button_text_size=&#8221;17px&#8221; button_text_color=&#8221;#000000&#8243; button_bg_color=&#8221;#DCE7DE&#8221; global_colors_info=&#8221;{}&#8221;][\/et_pb_button][\/et_pb_column][\/et_pb_row][et_pb_row _builder_version=&#8221;4.9.1&#8243; _module_preset=&#8221;default&#8221; global_colors_info=&#8221;{}&#8221;][et_pb_column type=&#8221;4_4&#8243; _builder_version=&#8221;4.9.1&#8243; _module_preset=&#8221;default&#8221; global_colors_info=&#8221;{}&#8221;][et_pb_divider color=&#8221;#F08286&#8243; _builder_version=&#8221;4.9.1&#8243; _module_preset=&#8221;default&#8221; global_colors_info=&#8221;{}&#8221;][\/et_pb_divider][et_pb_text _builder_version=&#8221;4.9.1&#8243; _module_preset=&#8221;default&#8221; global_colors_info=&#8221;{}&#8221;]<\/p>\n<p>Organitza:<\/p>\n<p>[\/et_pb_text][et_pb_image src=&#8221;https:\/\/museus.esplugues.cat\/wp-content\/uploads\/2021\/04\/lgos2.jpg&#8221; title_text=&#8221;Organitzadors Biennal&#8221; align=&#8221;center&#8221; _builder_version=&#8221;4.9.1&#8243; _module_preset=&#8221;default&#8221; custom_margin=&#8221;-51px||||false|false&#8221; custom_padding=&#8221;0px||||false|false&#8221; global_colors_info=&#8221;{}&#8221;][\/et_pb_image][et_pb_text _builder_version=&#8221;4.9.1&#8243; _module_preset=&#8221;default&#8221; global_colors_info=&#8221;{}&#8221;]<\/p>\n<p>Patrocina:<\/p>\n<p>[\/et_pb_text][et_pb_image src=&#8221;https:\/\/museus.esplugues.cat\/wp-content\/uploads\/2021\/04\/logos.jpg&#8221; title_text=&#8221;Patrocinadors&#8221; align=&#8221;center&#8221; _builder_version=&#8221;4.9.1&#8243; _module_preset=&#8221;default&#8221; custom_margin=&#8221;-50px||||false|false&#8221; global_colors_info=&#8221;{}&#8221;][\/et_pb_image][\/et_pb_column][\/et_pb_row][\/et_pb_section]<\/p>\n","protected":false},"excerpt":{"rendered":"<p>20 Biennal de cer\u00e0mica d\u2019Esplugues Angelina Al\u00f3sCALENDARIInscripcions Del 12 d&#8217;abril al 31 de maigSelecci\u00f3 de peces Dimecres, 16 de\u00a0 junyEs publicar\u00e0 en aquesta web a partir del 17\/06\/21 a les 10:00Lliurament d&#8217;obres seleccionades Del 16 al 24 de juliolLliurament de guardons Dimecres, 27 d&#8217;octubre a les 19 h.Exposici\u00f3 temporal Obres guanyadores i seleccionades Del 28 [&hellip;]<\/p>\n","protected":false},"author":1,"featured_media":33278,"parent":0,"menu_order":0,"comment_status":"closed","ping_status":"closed","template":"","meta":{"_et_pb_use_builder":"on","_et_pb_old_content":"","_et_gb_content_width":"","_uag_custom_page_level_css":"","footnotes":""},"class_list":["post-33281","page","type-page","status-publish","has-post-thumbnail","hentry"],"uagb_featured_image_src":{"full":["https:\/\/museus.esplugues.cat\/wp-content\/uploads\/2021\/04\/MiniaturaWEB.jpg",300,200,false],"thumbnail":["https:\/\/museus.esplugues.cat\/wp-content\/uploads\/2021\/04\/MiniaturaWEB-80x80.jpg",80,80,true],"medium":["https:\/\/museus.esplugues.cat\/wp-content\/uploads\/2021\/04\/MiniaturaWEB.jpg",300,200,false],"medium_large":["https:\/\/museus.esplugues.cat\/wp-content\/uploads\/2021\/04\/MiniaturaWEB.jpg",300,200,false],"large":["https:\/\/museus.esplugues.cat\/wp-content\/uploads\/2021\/04\/MiniaturaWEB.jpg",300,200,false],"1536x1536":["https:\/\/museus.esplugues.cat\/wp-content\/uploads\/2021\/04\/MiniaturaWEB.jpg",300,200,false],"2048x2048":["https:\/\/museus.esplugues.cat\/wp-content\/uploads\/2021\/04\/MiniaturaWEB.jpg",300,200,false],"et-pb-post-main-image":["https:\/\/museus.esplugues.cat\/wp-content\/uploads\/2021\/04\/MiniaturaWEB.jpg",300,200,false],"et-pb-post-main-image-fullwidth":["https:\/\/museus.esplugues.cat\/wp-content\/uploads\/2021\/04\/MiniaturaWEB.jpg",300,200,false],"et-pb-portfolio-image":["https:\/\/museus.esplugues.cat\/wp-content\/uploads\/2021\/04\/MiniaturaWEB.jpg",300,200,false],"et-pb-portfolio-module-image":["https:\/\/museus.esplugues.cat\/wp-content\/uploads\/2021\/04\/MiniaturaWEB.jpg",300,200,false],"et-pb-portfolio-image-single":["https:\/\/museus.esplugues.cat\/wp-content\/uploads\/2021\/04\/MiniaturaWEB.jpg",300,200,false],"et-pb-gallery-module-image-portrait":["https:\/\/museus.esplugues.cat\/wp-content\/uploads\/2021\/04\/MiniaturaWEB.jpg",300,200,false],"et-pb-post-main-image-fullwidth-large":["https:\/\/museus.esplugues.cat\/wp-content\/uploads\/2021\/04\/MiniaturaWEB.jpg",300,200,false],"et-pb-image--responsive--desktop":["https:\/\/museus.esplugues.cat\/wp-content\/uploads\/2021\/04\/MiniaturaWEB.jpg",300,200,false],"et-pb-image--responsive--tablet":["https:\/\/museus.esplugues.cat\/wp-content\/uploads\/2021\/04\/MiniaturaWEB.jpg",300,200,false],"et-pb-image--responsive--phone":["https:\/\/museus.esplugues.cat\/wp-content\/uploads\/2021\/04\/MiniaturaWEB.jpg",300,200,false]},"uagb_author_info":{"display_name":"alpha","author_link":"https:\/\/museus.esplugues.cat\/en\/author\/alpha"},"uagb_comment_info":0,"uagb_excerpt":"20 Biennal de cer\u00e0mica d\u2019Esplugues Angelina Al\u00f3sCALENDARIInscripcions Del 12 d'abril al 31 de maigSelecci\u00f3 de peces Dimecres, 16 de\u00a0 junyEs publicar\u00e0 en aquesta web a partir del 17\/06\/21 a les 10:00Lliurament d'obres seleccionades Del 16 al 24 de juliolLliurament de guardons Dimecres, 27 d'octubre a les 19 h.Exposici\u00f3 temporal Obres guanyadores i seleccionades Del 28&hellip;","_links":{"self":[{"href":"https:\/\/museus.esplugues.cat\/en\/wp-json\/wp\/v2\/pages\/33281","targetHints":{"allow":["GET"]}}],"collection":[{"href":"https:\/\/museus.esplugues.cat\/en\/wp-json\/wp\/v2\/pages"}],"about":[{"href":"https:\/\/museus.esplugues.cat\/en\/wp-json\/wp\/v2\/types\/page"}],"author":[{"embeddable":true,"href":"https:\/\/museus.esplugues.cat\/en\/wp-json\/wp\/v2\/users\/1"}],"replies":[{"embeddable":true,"href":"https:\/\/museus.esplugues.cat\/en\/wp-json\/wp\/v2\/comments?post=33281"}],"version-history":[{"count":5,"href":"https:\/\/museus.esplugues.cat\/en\/wp-json\/wp\/v2\/pages\/33281\/revisions"}],"predecessor-version":[{"id":36876,"href":"https:\/\/museus.esplugues.cat\/en\/wp-json\/wp\/v2\/pages\/33281\/revisions\/36876"}],"wp:featuredmedia":[{"embeddable":true,"href":"https:\/\/museus.esplugues.cat\/en\/wp-json\/wp\/v2\/media\/33278"}],"wp:attachment":[{"href":"https:\/\/museus.esplugues.cat\/en\/wp-json\/wp\/v2\/media?parent=33281"}],"curies":[{"name":"wp","href":"https:\/\/api.w.org\/{rel}","templated":true}]}}