{"id":36409,"date":"2023-01-23T12:25:13","date_gmt":"2023-01-23T11:25:13","guid":{"rendered":"https:\/\/museus.esplugues.cat\/tempory-exhibitions\/lutum-lessencia-dels-edificis"},"modified":"2023-01-23T13:10:49","modified_gmt":"2023-01-23T12:10:49","slug":"lutum-lessencia-dels-edificis","status":"publish","type":"page","link":"https:\/\/museus.esplugues.cat\/en\/tempory-exhibitions\/lutum-lessencia-dels-edificis","title":{"rendered":"Lutum, l&#8217;ess\u00e8ncia dels edificis"},"content":{"rendered":"<p>[et_pb_section fb_built=&#8221;1&#8243; _builder_version=&#8221;4.14.2&#8243; background_color=&#8221;#FFFFFF&#8221; custom_margin=&#8221;0px||0px||false|false&#8221; custom_padding=&#8221;0px||0px||false|false&#8221; global_colors_info=&#8221;{}&#8221;][et_pb_row _builder_version=&#8221;4.4.7&#8243; custom_margin=&#8221;0px||0px||false|false&#8221; custom_padding=&#8221;0px||0px||false|false&#8221; global_colors_info=&#8221;{}&#8221;][et_pb_column type=&#8221;4_4&#8243; _builder_version=&#8221;4.4.7&#8243; global_colors_info=&#8221;{}&#8221;][et_pb_image src=&#8221;https:\/\/museus.esplugues.cat\/wp-content\/uploads\/2023\/01\/Slider-side-1080&#215;350-px.jpg&#8221; title_text=&#8221;lutum essencia&#8221; align=&#8221;center&#8221; _builder_version=&#8221;4.14.2&#8243; global_colors_info=&#8221;{}&#8221;][\/et_pb_image][\/et_pb_column][\/et_pb_row][et_pb_row _builder_version=&#8221;4.9.1&#8243; background_color=&#8221;rgba(0,0,0,0)&#8221; global_colors_info=&#8221;{}&#8221;][et_pb_column type=&#8221;4_4&#8243; _builder_version=&#8221;4.0.7&#8243; global_colors_info=&#8221;{}&#8221;][et_pb_text _builder_version=&#8221;4.14.2&#8243; text_font=&#8221;|600|||||||&#8221; text_text_color=&#8221;#FFFFFF&#8221; text_font_size=&#8221;23px&#8221; text_line_height=&#8221;1.5em&#8221; link_font=&#8221;||||on||||&#8221; link_text_color=&#8221;#FFFFFF&#8221; ul_font_size=&#8221;13px&#8221; ul_line_height=&#8221;20px&#8221; header_text_color=&#8221;RGBA(0,0,0,0)&#8221; header_letter_spacing=&#8221;7px&#8221; header_3_font=&#8221;|300||on|||||&#8221; background_color=&#8221;#000000&#8243; background_layout=&#8221;dark&#8221; custom_margin=&#8221;0px||||false|false&#8221; custom_padding=&#8221;30px|6px||11px|false|false&#8221; hover_enabled=&#8221;0&#8243; global_colors_info=&#8221;{}&#8221; sticky_enabled=&#8221;0&#8243;]<\/p>\n<p><em>Lutum in Latin means clay, a natural material that has accompanied humanity since its origins<\/em>.<\/p>\n<p>&nbsp;<\/p>\n<p>[\/et_pb_text][et_pb_text _builder_version=&#8221;4.14.2&#8243; text_font=&#8221;||||||||&#8221; text_text_color=&#8221;#000000&#8243; text_line_height=&#8221;1.5em&#8221; link_font=&#8221;||||on||||&#8221; link_text_color=&#8221;#FFFFFF&#8221; ul_font_size=&#8221;13px&#8221; ul_line_height=&#8221;20px&#8221; header_text_color=&#8221;RGBA(0,0,0,0)&#8221; header_letter_spacing=&#8221;7px&#8221; header_3_font=&#8221;|300||on|||||&#8221; background_layout=&#8221;dark&#8221; custom_margin=&#8221;0px||||false|false&#8221; custom_padding=&#8221;30px|6px||11px|false|false&#8221; hover_enabled=&#8221;0&#8243; global_colors_info=&#8221;{}&#8221; sticky_enabled=&#8221;0&#8243;]<\/p>\n<p>Temporary exhibition that highlights ceramics applied to architecture: roof tiles, tiles, gutters or bricks&#8230;<br \/>Elements that throughout history have contributed to protecting or making homes more comfortable.<\/p>\n<p>The exhibition brings together the lifelong research of the technical architect and collector Joan Rosal, who offers us a tour of Catalan architecture from the mid-19th century, through pieces of architectural ceramics.<\/p>\n<p>[\/et_pb_text][\/et_pb_column][\/et_pb_row][\/et_pb_section][et_pb_section fb_built=&#8221;1&#8243; _builder_version=&#8221;4.9.1&#8243; background_color=&#8221;#FFFFFF&#8221; custom_margin=&#8221;0px||0px||false|false&#8221; custom_padding=&#8221;0px||0px||false|false&#8221; global_colors_info=&#8221;{}&#8221;][et_pb_row use_custom_gutter=&#8221;on&#8221; gutter_width=&#8221;4&#8243; _builder_version=&#8221;4.9.1&#8243; background_color=&#8221;#FFFFFF&#8221; global_colors_info=&#8221;{}&#8221;][et_pb_column type=&#8221;4_4&#8243; _builder_version=&#8221;4.0.7&#8243; global_colors_info=&#8221;{}&#8221;][et_pb_text _builder_version=&#8221;4.14.2&#8243; _module_preset=&#8221;default&#8221; text_font=&#8221;|700|||||||&#8221; text_text_color=&#8221;#FFFFFF&#8221; text_font_size=&#8221;19px&#8221; background_color=&#8221;#000000&#8243; custom_margin=&#8221;0px|||0px|false|false&#8221; custom_padding=&#8221;|||7px|false|false&#8221; global_colors_info=&#8221;{}&#8221;]<\/p>\n<p style=\"text-align: left;\">Information<\/p>\n<p>[\/et_pb_text][\/et_pb_column][\/et_pb_row][et_pb_row column_structure=&#8221;2_3,1_3&#8243; use_custom_gutter=&#8221;on&#8221; gutter_width=&#8221;4&#8243; _builder_version=&#8221;4.9.1&#8243; background_color=&#8221;#FFFFFF&#8221; global_colors_info=&#8221;{}&#8221;][et_pb_column type=&#8221;2_3&#8243; _builder_version=&#8221;4.0.7&#8243; global_colors_info=&#8221;{}&#8221;][et_pb_text _builder_version=&#8221;4.14.2&#8243; global_colors_info=&#8221;{}&#8221;]<\/p>\n<p>From February 16 to July 2, 2023<\/p>\n<p>Can Tintur\u00e9 Museum<\/p>\n<p>Free entrance<\/p>\n<p>Schedule:<\/p>\n<p>From Tuesday to Friday from 5 to 8 p.m.<\/p>\n<p>Saturdays from 10 a.m. to 2 p.m. and from 5 p.m. to 8 p.m.,<\/p>\n<p>Sundays and holidays from 10 a.m. to 2 p.m.<\/p>\n<p>Closed every Monday in August, December 25 and 26, 2022, and January 1 and 6, 2023.<\/p>\n<p>[\/et_pb_text][\/et_pb_column][et_pb_column type=&#8221;1_3&#8243; _builder_version=&#8221;4.0.7&#8243; global_colors_info=&#8221;{}&#8221;][et_pb_image src=&#8221;https:\/\/museus.esplugues.cat\/wp-content\/uploads\/2023\/01\/1.png&#8221; title_text=&#8221;1&#8243; align=&#8221;right&#8221; _builder_version=&#8221;4.14.2&#8243; _module_preset=&#8221;default&#8221; global_colors_info=&#8221;{}&#8221;][\/et_pb_image][\/et_pb_column][\/et_pb_row][et_pb_row column_structure=&#8221;1_5,1_5,1_5,1_5,1_5&#8243; _builder_version=&#8221;4.14.2&#8243; _module_preset=&#8221;default&#8221; background_color=&#8221;#FFFFFF&#8221; custom_padding=&#8221;||37px||false|false&#8221; global_colors_info=&#8221;{}&#8221;][et_pb_column type=&#8221;1_5&#8243; _builder_version=&#8221;4.14.2&#8243; _module_preset=&#8221;default&#8221; background_color=&#8221;#FFFFFF&#8221; custom_padding=&#8221;|||0px|false|false&#8221; global_colors_info=&#8221;{}&#8221;][et_pb_image src=&#8221;https:\/\/museus.esplugues.cat\/wp-content\/uploads\/2023\/01\/8.png&#8221; title_text=&#8221;8&#8243; _builder_version=&#8221;4.14.2&#8243; _module_preset=&#8221;default&#8221; global_colors_info=&#8221;{}&#8221;][\/et_pb_image][\/et_pb_column][et_pb_column type=&#8221;1_5&#8243; _builder_version=&#8221;4.14.2&#8243; _module_preset=&#8221;default&#8221; background_color=&#8221;#FFFFFF&#8221; global_colors_info=&#8221;{}&#8221;][et_pb_image src=&#8221;https:\/\/museus.esplugues.cat\/wp-content\/uploads\/2023\/01\/7.png&#8221; title_text=&#8221;7&#8243; _builder_version=&#8221;4.14.2&#8243; _module_preset=&#8221;default&#8221; global_colors_info=&#8221;{}&#8221;][\/et_pb_image][\/et_pb_column][et_pb_column type=&#8221;1_5&#8243; _builder_version=&#8221;4.14.2&#8243; _module_preset=&#8221;default&#8221; background_color=&#8221;#FFFFFF&#8221; global_colors_info=&#8221;{}&#8221;][et_pb_image src=&#8221;https:\/\/museus.esplugues.cat\/wp-content\/uploads\/2023\/01\/5.png&#8221; title_text=&#8221;5&#8243; _builder_version=&#8221;4.14.2&#8243; _module_preset=&#8221;default&#8221; global_colors_info=&#8221;{}&#8221;][\/et_pb_image][\/et_pb_column][et_pb_column type=&#8221;1_5&#8243; _builder_version=&#8221;4.14.2&#8243; _module_preset=&#8221;default&#8221; background_color=&#8221;#FFFFFF&#8221; global_colors_info=&#8221;{}&#8221;][et_pb_image src=&#8221;https:\/\/museus.esplugues.cat\/wp-content\/uploads\/2023\/01\/3.png&#8221; title_text=&#8221;3&#8243; _builder_version=&#8221;4.14.2&#8243; _module_preset=&#8221;default&#8221; global_colors_info=&#8221;{}&#8221;][\/et_pb_image][\/et_pb_column][et_pb_column type=&#8221;1_5&#8243; _builder_version=&#8221;4.14.2&#8243; _module_preset=&#8221;default&#8221; background_color=&#8221;#FFFFFF&#8221; global_colors_info=&#8221;{}&#8221;][et_pb_image src=&#8221;https:\/\/museus.esplugues.cat\/wp-content\/uploads\/2023\/01\/4.png&#8221; title_text=&#8221;4&#8243; _builder_version=&#8221;4.14.2&#8243; _module_preset=&#8221;default&#8221; global_colors_info=&#8221;{}&#8221;][\/et_pb_image][\/et_pb_column][\/et_pb_row][et_pb_row column_structure=&#8221;3_5,2_5&#8243; use_custom_gutter=&#8221;on&#8221; gutter_width=&#8221;4&#8243; _builder_version=&#8221;4.14.2&#8243; background_color=&#8221;#000000&#8243; global_colors_info=&#8221;{}&#8221;][et_pb_column type=&#8221;3_5&#8243; _builder_version=&#8221;4.0.7&#8243; global_colors_info=&#8221;{}&#8221;][et_pb_text _builder_version=&#8221;4.14.2&#8243; _module_preset=&#8221;default&#8221; text_font=&#8221;|700|||||||&#8221; text_text_color=&#8221;#FFFFFF&#8221; text_font_size=&#8221;19px&#8221; background_color=&#8221;#000000&#8243; hover_enabled=&#8221;0&#8243; global_colors_info=&#8221;{}&#8221; sticky_enabled=&#8221;0&#8243;]<\/p>\n<p style=\"text-align: center;\">Share your #lutum experience<\/p>\n<p>[\/et_pb_text][\/et_pb_column][et_pb_column type=&#8221;2_5&#8243; _builder_version=&#8221;4.0.7&#8243; global_colors_info=&#8221;{}&#8221;][et_pb_social_media_follow _builder_version=&#8221;4.14.2&#8243; _module_preset=&#8221;default&#8221; background_color=&#8221;#000000&#8243; text_orientation=&#8221;center&#8221; custom_margin=&#8221;0px|||7px|false|false&#8221; custom_padding=&#8221;9px||||false|false&#8221; global_colors_info=&#8221;{}&#8221;][et_pb_social_media_follow_network social_network=&#8221;facebook&#8221; url=&#8221;https:\/\/www.facebook.com\/MuseusdEsplugues&#8221; _builder_version=&#8221;4.9.1&#8243; _module_preset=&#8221;default&#8221; background_color=&#8221;#3b5998&#8243; global_colors_info=&#8221;{}&#8221; follow_button=&#8221;off&#8221; url_new_window=&#8221;on&#8221;]facebook[\/et_pb_social_media_follow_network][et_pb_social_media_follow_network social_network=&#8221;twitter&#8221; url=&#8221;https:\/\/twitter.com\/MuseusEsplugues&#8221; _builder_version=&#8221;4.9.1&#8243; _module_preset=&#8221;default&#8221; background_color=&#8221;#00aced&#8221; global_colors_info=&#8221;{}&#8221; follow_button=&#8221;off&#8221; url_new_window=&#8221;on&#8221;]twitter[\/et_pb_social_media_follow_network][et_pb_social_media_follow_network social_network=&#8221;instagram&#8221; url=&#8221;https:\/\/www.instagram.com\/museus_esplugues\/&#8221; use_icon_font_size=&#8221;on&#8221; _builder_version=&#8221;4.9.1&#8243; _module_preset=&#8221;default&#8221; background_color=&#8221;#ea2c59&#8243; global_colors_info=&#8221;{}&#8221; follow_button=&#8221;off&#8221; url_new_window=&#8221;on&#8221;]instagram[\/et_pb_social_media_follow_network][et_pb_social_media_follow_network social_network=&#8221;youtube&#8221; url=&#8221;https:\/\/www.youtube.com\/channel\/UCneJk88G-0_2BfEpKvvOkVA&#8221; _builder_version=&#8221;4.9.1&#8243; _module_preset=&#8221;default&#8221; background_color=&#8221;#a82400&#8243; global_colors_info=&#8221;{}&#8221; follow_button=&#8221;off&#8221; url_new_window=&#8221;on&#8221;]youtube[\/et_pb_social_media_follow_network][\/et_pb_social_media_follow][\/et_pb_column][\/et_pb_row][\/et_pb_section][et_pb_section fb_built=&#8221;1&#8243; _builder_version=&#8221;4.9.1&#8243; background_color=&#8221;#FFFFFF&#8221; global_colors_info=&#8221;{}&#8221;][et_pb_row column_structure=&#8221;1_4,1_4,1_4,1_4&#8243; disabled_on=&#8221;on|on|on&#8221; _builder_version=&#8221;4.14.2&#8243; _module_preset=&#8221;default&#8221; disabled=&#8221;on&#8221; global_colors_info=&#8221;{}&#8221;][et_pb_column type=&#8221;1_4&#8243; _builder_version=&#8221;4.14.2&#8243; _module_preset=&#8221;default&#8221; border_width_all=&#8221;1px&#8221; border_width_top=&#8221;0px&#8221; border_color_right=&#8221;#283373&#8243; border_width_bottom=&#8221;0px&#8221; border_width_left=&#8221;0px&#8221; global_colors_info=&#8221;{}&#8221;][et_pb_text _builder_version=&#8221;4.14.2&#8243; _module_preset=&#8221;default&#8221; text_text_color=&#8221;#000000&#8243; global_colors_info=&#8221;{}&#8221;]<\/p>\n<p><span class=\"evcal_desc2 evcal_event_title\" itemprop=\"name\">Inauguraci\u00f3<\/span><\/p>\n<p><span style=\"text-decoration: underline;\"><strong><span class=\"evcal_desc2 evcal_event_title\" itemprop=\"name\">Lutum, l&#8217;ess\u00e8ncia dels edificis<\/span><\/strong><\/span><\/p>\n<p><strong><span class=\"evcal_desc2 evcal_event_title\" itemprop=\"name\">Dijous, 16 de febrer a les 18 h, a La Masoveria\u00a0<\/span><\/strong><\/p>\n<p>Acte d\u2019obertura de la nova exposici\u00f3 temporal que ocupar\u00e0 les sales de la planta baixa de Can Tintur\u00e9.<\/p>\n<p><em>Acc\u00e9s lliure<\/em><\/p>\n<p>[\/et_pb_text][et_pb_text _builder_version=&#8221;4.14.2&#8243; _module_preset=&#8221;default&#8221; text_text_color=&#8221;#FFFFFF&#8221; global_colors_info=&#8221;{}&#8221;]<\/p>\n<p>Your content goes here. Edit or remove this text inline or in the module Content settings.\u00a0<\/p>\n<p>[\/et_pb_text][\/et_pb_column][et_pb_column type=&#8221;1_4&#8243; _builder_version=&#8221;4.14.2&#8243; _module_preset=&#8221;default&#8221; background_color=&#8221;#FFFFFF&#8221; border_width_right=&#8221;1px&#8221; border_color_right=&#8221;#283373&#8243; global_colors_info=&#8221;{}&#8221;][et_pb_text _builder_version=&#8221;4.14.2&#8243; _module_preset=&#8221;default&#8221; text_text_color=&#8221;#000000&#8243; global_colors_info=&#8221;{}&#8221;]<\/p>\n<p><span class=\"evcal_desc2 evcal_event_title\">Activitat familiar<\/span><\/p>\n<p><span style=\"text-decoration: underline;\"><strong><span class=\"evcal_desc2 evcal_event_title\">Petites hist\u00f2ries, grans dones: Carme Pin\u00f3s<\/span><\/strong><\/span><\/p>\n<p><strong><span class=\"evcal_desc2 evcal_event_title\">Dissabte, 11 de mar\u00e7 a les 11:30 a La Masoveria\u00a0<\/span><\/strong><\/p>\n<p>Representaci\u00f3 d&#8217;un nou conte dedicat a l&#8217;arquitecte Carme Pin\u00f3s.<\/p>\n<p>[\/et_pb_text][et_pb_text _builder_version=&#8221;4.14.2&#8243; _module_preset=&#8221;default&#8221; text_text_color=&#8221;#FFFFFF&#8221; global_colors_info=&#8221;{}&#8221;]<\/p>\n<p>Your content goes here. Edit or remove this text inline or in the module Content settings. You can also style every aspect of this content in the module\u00a0<\/p>\n<p>[\/et_pb_text][\/et_pb_column][et_pb_column type=&#8221;1_4&#8243; _builder_version=&#8221;4.14.2&#8243; _module_preset=&#8221;default&#8221; background_color=&#8221;#FFFFFF&#8221; border_width_right=&#8221;1px&#8221; border_color_right=&#8221;#283373&#8243; global_colors_info=&#8221;{}&#8221;][et_pb_text _builder_version=&#8221;4.14.2&#8243; _module_preset=&#8221;default&#8221; text_text_color=&#8221;#000000&#8243; global_colors_info=&#8221;{}&#8221;]<\/p>\n<p><span class=\"evcal_desc2 evcal_event_title\" itemprop=\"name\">Confer\u00e8ncia<\/span><\/p>\n<p><span style=\"text-decoration: underline;\"><strong>El patrimoni arquitect\u00f2nic en clau de g\u00e8nere<\/strong><\/span><\/p>\n<p><strong><span class=\"evcal_desc2 evcal_event_title\" itemprop=\"name\">Dimecres, 29 de mar\u00e7 a les 18:30 a La Masoveria\u00a0<\/span><\/strong><\/p>\n<p>[\/et_pb_text][\/et_pb_column][et_pb_column type=&#8221;1_4&#8243; _builder_version=&#8221;4.14.2&#8243; _module_preset=&#8221;default&#8221; global_colors_info=&#8221;{}&#8221;][et_pb_text _builder_version=&#8221;4.14.2&#8243; _module_preset=&#8221;default&#8221; text_text_color=&#8221;#000000&#8243; global_colors_info=&#8221;{}&#8221;]<\/p>\n<p><span class=\"evcal_desc2 evcal_event_title\" itemprop=\"name\"><\/span><\/p>\n<p><span style=\"text-decoration: underline;\"><strong><span class=\"evcal_desc2 evcal_event_title\" itemprop=\"name\"><\/span><\/strong><\/span><\/p>\n<p><span style=\"text-decoration: underline;\"><strong><span class=\"evcal_desc2 evcal_event_title\" itemprop=\"name\"><\/span><\/strong><\/span><\/p>\n<p><span style=\"text-decoration: underline;\"><strong><span class=\"evcal_desc2 evcal_event_title\" itemprop=\"name\">Visites guiades<\/span><\/strong><\/span><\/p>\n<p><strong><span class=\"evcal_desc2 evcal_event_title\" itemprop=\"name\">Dissabte, 15 d&#8217;abril a les 18 h.<\/span><\/strong><\/p>\n<p>Us convidem a descobrir com la cer\u00e0mica \u00e9s present a les nostres llars i als nostres carrer, i com aquestes faciliten la nostra vida i milloren les nostres cases<\/p>\n<p>[\/et_pb_text][et_pb_button button_url=&#8221;https:\/\/forms.gle\/hcr4nsEp5Q4BefGK8&#8243; url_new_window=&#8221;on&#8221; button_text=&#8221;Inscripci\u00f3 online&#8221; _builder_version=&#8221;4.14.2&#8243; _module_preset=&#8221;default&#8221; custom_button=&#8221;on&#8221; button_text_size=&#8221;11px&#8221; button_text_color=&#8221;#283373&#8243; button_bg_color=&#8221;RGBA(255,255,255,0)&#8221; button_border_width=&#8221;1px&#8221; button_border_color=&#8221;#283373&#8243; background_layout=&#8221;dark&#8221; global_colors_info=&#8221;{}&#8221;][\/et_pb_button][\/et_pb_column][\/et_pb_row][\/et_pb_section][et_pb_section fb_built=&#8221;1&#8243; _builder_version=&#8221;4.14.2&#8243; background_color=&#8221;#FFFFFF&#8221; custom_margin=&#8221;0px||0px||false|false&#8221; custom_padding=&#8221;0px||0px||false|false&#8221; global_colors_info=&#8221;{}&#8221;][et_pb_row _builder_version=&#8221;4.4.9&#8243; custom_margin=&#8221;-16px||||false|false&#8221; global_colors_info=&#8221;{}&#8221;][et_pb_column type=&#8221;4_4&#8243; _builder_version=&#8221;4.4.9&#8243; global_colors_info=&#8221;{}&#8221;][et_pb_image src=&#8221;https:\/\/museus.esplugues.cat\/wp-content\/uploads\/2023\/01\/logo-1.png&#8221; title_text=&#8221;logo&#8221; _builder_version=&#8221;4.14.2&#8243; width=&#8221;109%&#8221; global_colors_info=&#8221;{}&#8221;][\/et_pb_image][\/et_pb_column][\/et_pb_row][\/et_pb_section]<\/p>\n","protected":false},"excerpt":{"rendered":"<p>Temporary exhibition that highlights ceramics applied to architecture<\/p>\n","protected":false},"author":1,"featured_media":36365,"parent":31046,"menu_order":1,"comment_status":"closed","ping_status":"closed","template":"","meta":{"_et_pb_use_builder":"on","_et_pb_old_content":"","_et_gb_content_width":"","_uag_custom_page_level_css":"","footnotes":""},"class_list":["post-36409","page","type-page","status-publish","has-post-thumbnail","hentry"],"uagb_featured_image_src":{"full":["https:\/\/museus.esplugues.cat\/wp-content\/uploads\/2023\/01\/miniatura-300x200px.jpg",300,200,false],"thumbnail":["https:\/\/museus.esplugues.cat\/wp-content\/uploads\/2023\/01\/miniatura-300x200px-80x80.jpg",80,80,true],"medium":["https:\/\/museus.esplugues.cat\/wp-content\/uploads\/2023\/01\/miniatura-300x200px.jpg",300,200,false],"medium_large":["https:\/\/museus.esplugues.cat\/wp-content\/uploads\/2023\/01\/miniatura-300x200px.jpg",300,200,false],"large":["https:\/\/museus.esplugues.cat\/wp-content\/uploads\/2023\/01\/miniatura-300x200px.jpg",300,200,false],"1536x1536":["https:\/\/museus.esplugues.cat\/wp-content\/uploads\/2023\/01\/miniatura-300x200px.jpg",300,200,false],"2048x2048":["https:\/\/museus.esplugues.cat\/wp-content\/uploads\/2023\/01\/miniatura-300x200px.jpg",300,200,false],"et-pb-post-main-image":["https:\/\/museus.esplugues.cat\/wp-content\/uploads\/2023\/01\/miniatura-300x200px.jpg",300,200,false],"et-pb-post-main-image-fullwidth":["https:\/\/museus.esplugues.cat\/wp-content\/uploads\/2023\/01\/miniatura-300x200px.jpg",300,200,false],"et-pb-portfolio-image":["https:\/\/museus.esplugues.cat\/wp-content\/uploads\/2023\/01\/miniatura-300x200px.jpg",300,200,false],"et-pb-portfolio-module-image":["https:\/\/museus.esplugues.cat\/wp-content\/uploads\/2023\/01\/miniatura-300x200px.jpg",300,200,false],"et-pb-portfolio-image-single":["https:\/\/museus.esplugues.cat\/wp-content\/uploads\/2023\/01\/miniatura-300x200px.jpg",300,200,false],"et-pb-gallery-module-image-portrait":["https:\/\/museus.esplugues.cat\/wp-content\/uploads\/2023\/01\/miniatura-300x200px.jpg",300,200,false],"et-pb-post-main-image-fullwidth-large":["https:\/\/museus.esplugues.cat\/wp-content\/uploads\/2023\/01\/miniatura-300x200px.jpg",300,200,false],"et-pb-image--responsive--desktop":["https:\/\/museus.esplugues.cat\/wp-content\/uploads\/2023\/01\/miniatura-300x200px.jpg",300,200,false],"et-pb-image--responsive--tablet":["https:\/\/museus.esplugues.cat\/wp-content\/uploads\/2023\/01\/miniatura-300x200px.jpg",300,200,false],"et-pb-image--responsive--phone":["https:\/\/museus.esplugues.cat\/wp-content\/uploads\/2023\/01\/miniatura-300x200px.jpg",300,200,false]},"uagb_author_info":{"display_name":"alpha","author_link":"https:\/\/museus.esplugues.cat\/en\/author\/alpha"},"uagb_comment_info":0,"uagb_excerpt":"Temporary exhibition that highlights ceramics applied to architecture","_links":{"self":[{"href":"https:\/\/museus.esplugues.cat\/en\/wp-json\/wp\/v2\/pages\/36409","targetHints":{"allow":["GET"]}}],"collection":[{"href":"https:\/\/museus.esplugues.cat\/en\/wp-json\/wp\/v2\/pages"}],"about":[{"href":"https:\/\/museus.esplugues.cat\/en\/wp-json\/wp\/v2\/types\/page"}],"author":[{"embeddable":true,"href":"https:\/\/museus.esplugues.cat\/en\/wp-json\/wp\/v2\/users\/1"}],"replies":[{"embeddable":true,"href":"https:\/\/museus.esplugues.cat\/en\/wp-json\/wp\/v2\/comments?post=36409"}],"version-history":[{"count":5,"href":"https:\/\/museus.esplugues.cat\/en\/wp-json\/wp\/v2\/pages\/36409\/revisions"}],"predecessor-version":[{"id":36436,"href":"https:\/\/museus.esplugues.cat\/en\/wp-json\/wp\/v2\/pages\/36409\/revisions\/36436"}],"up":[{"embeddable":true,"href":"https:\/\/museus.esplugues.cat\/en\/wp-json\/wp\/v2\/pages\/31046"}],"wp:featuredmedia":[{"embeddable":true,"href":"https:\/\/museus.esplugues.cat\/en\/wp-json\/wp\/v2\/media\/36365"}],"wp:attachment":[{"href":"https:\/\/museus.esplugues.cat\/en\/wp-json\/wp\/v2\/media?parent=36409"}],"curies":[{"name":"wp","href":"https:\/\/api.w.org\/{rel}","templated":true}]}}