{"id":38039,"date":"2023-06-12T15:28:46","date_gmt":"2023-06-12T13:28:46","guid":{"rendered":"https:\/\/museus.esplugues.cat\/our-god-is-great-21"},"modified":"2023-07-04T09:18:39","modified_gmt":"2023-07-04T07:18:39","slug":"our-god-is-great-21","status":"publish","type":"page","link":"https:\/\/museus.esplugues.cat\/en\/biennal\/our-god-is-great-21","title":{"rendered":"Our God is great #21"},"content":{"rendered":"<p>[et_pb_section fb_built=&#8221;1&#8243; _builder_version=&#8221;4.21.0&#8243; background_color=&#8221;#FACBA5&#8243; custom_margin=&#8221;0px||0px||false|false&#8221; custom_padding=&#8221;0px||6px||false|false&#8221; global_colors_info=&#8221;{}&#8221;][et_pb_row _builder_version=&#8221;4.16&#8243; background_color=&#8221;RGBA(255,255,255,0)&#8221; background_image=&#8221;https:\/\/museus.esplugues.cat\/wp-content\/uploads\/2023\/03\/slider-blog-1080x350px.jpg&#8221; custom_margin=&#8221;0px||0px||false|false&#8221; custom_padding=&#8221;0px||0px||false|false&#8221; global_colors_info=&#8221;{}&#8221;][et_pb_column type=&#8221;4_4&#8243; _builder_version=&#8221;4.16&#8243; global_colors_info=&#8221;{}&#8221;][et_pb_image src=&#8221;https:\/\/museus.esplugues.cat\/wp-content\/uploads\/2023\/03\/slider-blog-1080x350px.jpg&#8221; title_text=&#8221;slider-blog-1080x350px&#8221; _builder_version=&#8221;4.16&#8243; _module_preset=&#8221;default&#8221; global_colors_info=&#8221;{}&#8221;][\/et_pb_image][\/et_pb_column][\/et_pb_row][\/et_pb_section][et_pb_section fb_built=&#8221;1&#8243; _builder_version=&#8221;4.16&#8243; background_color=&#8221;#FFFFFF&#8221; width=&#8221;100%&#8221; module_alignment=&#8221;center&#8221; custom_margin=&#8221;0px||0px||false|false&#8221; custom_padding=&#8221;0px||0px||false|false&#8221; global_colors_info=&#8221;{}&#8221;][et_pb_row _builder_version=&#8221;4.21.0&#8243; _module_preset=&#8221;default&#8221; width=&#8221;100%&#8221; custom_margin=&#8221;-7px||||false|false&#8221; global_colors_info=&#8221;{}&#8221;][et_pb_column type=&#8221;4_4&#8243; _builder_version=&#8221;4.16&#8243; _module_preset=&#8221;default&#8221; global_colors_info=&#8221;{}&#8221;][et_pb_text _builder_version=&#8221;4.21.0&#8243; _module_preset=&#8221;default&#8221; text_font=&#8221;|700||||on|||&#8221; text_text_color=&#8221;rgba(249,112,0,0.76)&#8221; text_font_size=&#8221;25px&#8221; background_color=&#8221;RGBA(255,255,255,0)&#8221; min_height=&#8221;47px&#8221; custom_margin=&#8221;10px|-40px||0px|false|false&#8221; custom_padding=&#8221;||8px|11px|false|false&#8221; border_radii=&#8221;on|11px|11px|11px|11px&#8221; global_colors_info=&#8221;{}&#8221;]<\/p>\n<p>OUR GOD IS GREAT #21<\/p>\n<p>[\/et_pb_text][et_pb_text _builder_version=&#8221;4.21.0&#8243; _module_preset=&#8221;default&#8221; text_font=&#8221;|300|on||||||&#8221; text_text_color=&#8221;rgba(249,112,0,0.76)&#8221; text_font_size=&#8221;25px&#8221; background_color=&#8221;RGBA(255,255,255,0)&#8221; min_height=&#8221;47px&#8221; custom_margin=&#8221;0px|-40px|0px|0px|false|false&#8221; custom_padding=&#8221;||0px|0px|false|false&#8221; border_radii=&#8221;on|11px|11px|11px|11px&#8221; global_colors_info=&#8221;{}&#8221;]<\/p>\n<p><strong>Liu Xi <\/strong>(China)<\/p>\n<p>[\/et_pb_text][et_pb_divider color=&#8221;#EC751B&#8221; _builder_version=&#8221;4.21.0&#8243; _module_preset=&#8221;default&#8221; custom_margin=&#8221;||-43px||false|false&#8221; custom_padding=&#8221;||0px||false|false&#8221; global_colors_info=&#8221;{}&#8221;][\/et_pb_divider][\/et_pb_column][\/et_pb_row][et_pb_row column_structure=&#8221;1_3,2_3&#8243; _builder_version=&#8221;4.21.0&#8243; _module_preset=&#8221;default&#8221; global_colors_info=&#8221;{}&#8221;][et_pb_column type=&#8221;1_3&#8243; _builder_version=&#8221;4.21.0&#8243; _module_preset=&#8221;default&#8221; global_colors_info=&#8221;{}&#8221;][et_pb_text _builder_version=&#8221;4.21.0&#8243; _module_preset=&#8221;default&#8221; custom_margin=&#8221;||0px||false|false&#8221; custom_padding=&#8221;||0px|17px|false|false&#8221; border_radii=&#8221;on|16px|16px|16px|16px&#8221; border_width_all=&#8221;1px&#8221; border_color_all=&#8221;#EC751B&#8221; global_colors_info=&#8221;{}&#8221;]<\/p>\n<ul>\n<li><strong>Ceramic with gold chroming<\/strong><\/li>\n<li>Modelled<\/li>\n<li>Reduction firing at 1350\u00ba C<\/li>\n<\/ul>\n<p>[\/et_pb_text][et_pb_text _builder_version=&#8221;4.21.0&#8243; _module_preset=&#8221;default&#8221; custom_padding=&#8221;12px||||false|false&#8221; global_colors_info=&#8221;{}&#8221;]<\/p>\n<p>L&#8217;obra en paraules de l&#8217;artista:<\/p>\n<p>[\/et_pb_text][et_pb_text _builder_version=&#8221;4.21.0&#8243; _module_preset=&#8221;default&#8221; text_font_size=&#8221;16px&#8221; custom_margin=&#8221;6px|0px|6px|2px|true|false&#8221; custom_padding=&#8221;0px|5px|0px|17px|false|false&#8221; border_radii=&#8221;on|16px|16px|16px|16px&#8221; border_width_all=&#8221;1px&#8221; border_color_all=&#8221;#EC751B&#8221; global_colors_info=&#8221;{}&#8221;]<\/p>\n<p>Vaig n\u00e9ixer dona en un petit poble del nord de la Xina envoltat d&#8217;una profunda influ\u00e8ncia del confucianisme. Part d&#8217;aquesta influ\u00e8ncia va ser una disparitat entre les estructures de poder d&#8217;homes i dones. La inferioritat es va inculcar des de la inf\u00e0ncia.<\/p>\n<p>La desigualtat va frenar el meu creixement individual fins que vaig comen\u00e7ar a treballar en contra d&#8217;aquelles maneres obsoletes i vaig emprendre un viatge d&#8217;auto descobriment.<\/p>\n<p>L&#8217;art cer\u00e0mic em va concedir la llibertat d&#8217;expressi\u00f3 que buscava.<\/p>\n<p>[\/et_pb_text][\/et_pb_column][et_pb_column type=&#8221;2_3&#8243; _builder_version=&#8221;4.21.0&#8243; _module_preset=&#8221;default&#8221; global_colors_info=&#8221;{}&#8221;][et_pb_image src=&#8221;https:\/\/museus.esplugues.cat\/wp-content\/uploads\/2023\/06\/OUR-GOD-IS-GREAT-21_H.png&#8221; title_text=&#8221;OUR GOD IS GREAT #21_H&#8221; _builder_version=&#8221;4.21.0&#8243; _module_preset=&#8221;default&#8221; global_colors_info=&#8221;{}&#8221;][\/et_pb_image][\/et_pb_column][\/et_pb_row][et_pb_row column_structure=&#8221;1_3,1_3,1_3&#8243; _builder_version=&#8221;4.21.0&#8243; _module_preset=&#8221;default&#8221; global_colors_info=&#8221;{}&#8221;][et_pb_column type=&#8221;1_3&#8243; _builder_version=&#8221;4.21.0&#8243; _module_preset=&#8221;default&#8221; global_colors_info=&#8221;{}&#8221;][et_pb_image src=&#8221;https:\/\/museus.esplugues.cat\/wp-content\/uploads\/2023\/06\/1.Detall-OUR-GOD-IS-GREAT-21.png&#8221; title_text=&#8221;1.Detall OUR GOD IS GREAT #21&#8243; _builder_version=&#8221;4.21.0&#8243; _module_preset=&#8221;default&#8221; global_colors_info=&#8221;{}&#8221;][\/et_pb_image][\/et_pb_column][et_pb_column type=&#8221;1_3&#8243; _builder_version=&#8221;4.21.0&#8243; _module_preset=&#8221;default&#8221; global_colors_info=&#8221;{}&#8221;][et_pb_image src=&#8221;https:\/\/museus.esplugues.cat\/wp-content\/uploads\/2023\/06\/2.Detall-OUR-GOD-IS-GREAT-21.png&#8221; title_text=&#8221;2.Detall OUR GOD IS GREAT #21&#8243; _builder_version=&#8221;4.21.0&#8243; _module_preset=&#8221;default&#8221; global_colors_info=&#8221;{}&#8221;][\/et_pb_image][\/et_pb_column][et_pb_column type=&#8221;1_3&#8243; _builder_version=&#8221;4.21.0&#8243; _module_preset=&#8221;default&#8221; global_colors_info=&#8221;{}&#8221;][et_pb_image src=&#8221;https:\/\/museus.esplugues.cat\/wp-content\/uploads\/2023\/06\/3.Detall-OUR-GOD-IS-GREAT-21.png&#8221; title_text=&#8221;3.Detall OUR GOD IS GREAT #21&#8243; _builder_version=&#8221;4.21.0&#8243; _module_preset=&#8221;default&#8221; global_colors_info=&#8221;{}&#8221;][\/et_pb_image][\/et_pb_column][\/et_pb_row][et_pb_row column_structure=&#8221;1_3,2_3&#8243; _builder_version=&#8221;4.21.0&#8243; _module_preset=&#8221;default&#8221; global_colors_info=&#8221;{}&#8221;][et_pb_column type=&#8221;1_3&#8243; _builder_version=&#8221;4.21.0&#8243; _module_preset=&#8221;default&#8221; global_colors_info=&#8221;{}&#8221;][et_pb_text _builder_version=&#8221;4.21.0&#8243; _module_preset=&#8221;default&#8221; custom_padding=&#8221;54px||||false|false&#8221; global_colors_info=&#8221;{}&#8221;]<\/p>\n<p>You choose The public award!<\/p>\n<p>[\/et_pb_text][\/et_pb_column][et_pb_column type=&#8221;2_3&#8243; _builder_version=&#8221;4.21.0&#8243; _module_preset=&#8221;default&#8221; global_colors_info=&#8221;{}&#8221;][et_pb_button button_text=&#8221;Vote here!&#8221; _builder_version=&#8221;4.21.0&#8243; _module_preset=&#8221;default&#8221; custom_button=&#8221;on&#8221; button_text_size=&#8221;24px&#8221; button_text_color=&#8221;#FFFFFF&#8221; button_bg_color=&#8221;#f7954a&#8221; custom_margin=&#8221;34px||-6px||false|false&#8221; custom_padding=&#8221;0px||||false|false&#8221; global_colors_info=&#8221;{}&#8221;][\/et_pb_button][\/et_pb_column][\/et_pb_row][et_pb_row _builder_version=&#8221;4.21.0&#8243; _module_preset=&#8221;default&#8221; global_colors_info=&#8221;{}&#8221;][et_pb_column type=&#8221;4_4&#8243; _builder_version=&#8221;4.21.0&#8243; _module_preset=&#8221;default&#8221; global_colors_info=&#8221;{}&#8221;][et_pb_divider color=&#8221;#EC751B&#8221; _builder_version=&#8221;4.21.0&#8243; _module_preset=&#8221;default&#8221; global_colors_info=&#8221;{}&#8221;][\/et_pb_divider][et_pb_text _builder_version=&#8221;4.21.0&#8243; _module_preset=&#8221;default&#8221; text_font=&#8221;|700||||on|||&#8221; text_text_color=&#8221;rgba(249,112,0,0.76)&#8221; text_font_size=&#8221;30px&#8221; background_color=&#8221;RGBA(255,255,255,0)&#8221; min_height=&#8221;47px&#8221; custom_margin=&#8221;10px|-12px||0px|false|false&#8221; custom_padding=&#8221;||0px|12px|false|false&#8221; border_radii=&#8221;on|11px|11px|11px|11px&#8221; global_colors_info=&#8221;{}&#8221;]<\/p>\n<p>liu xi<\/p>\n<p>[\/et_pb_text][\/et_pb_column][\/et_pb_row][et_pb_row column_structure=&#8221;1_3,1_3,1_3&#8243; _builder_version=&#8221;4.21.0&#8243; _module_preset=&#8221;default&#8221; global_colors_info=&#8221;{}&#8221;][et_pb_column type=&#8221;1_3&#8243; _builder_version=&#8221;4.21.0&#8243; _module_preset=&#8221;default&#8221; global_colors_info=&#8221;{}&#8221;][et_pb_text _builder_version=&#8221;4.21.0&#8243; _module_preset=&#8221;default&#8221; text_font=&#8221;|800|||||||&#8221; text_text_color=&#8221;#ed6200&#8243; text_font_size=&#8221;25px&#8221; text_line_height=&#8221;1.8em&#8221; background_color=&#8221;#edd8cb&#8221; custom_padding=&#8221;17px|16px|12px|13px|false|false&#8221; border_radii=&#8221;on|16px|16px|16px|16px&#8221; global_colors_info=&#8221;{}&#8221;]<\/p>\n<p style=\"text-align: center;\">&#8220;&#8230;El fang i jo vam trencar les convencions i, a poc a poc, em vaig empoderar.&#8221;<\/p>\n<p>[\/et_pb_text][\/et_pb_column][et_pb_column type=&#8221;1_3&#8243; _builder_version=&#8221;4.21.0&#8243; _module_preset=&#8221;default&#8221; global_colors_info=&#8221;{}&#8221;][et_pb_text _builder_version=&#8221;4.21.0&#8243; _module_preset=&#8221;default&#8221; global_colors_info=&#8221;{}&#8221;]<\/p>\n<p><span style=\"color: #ff6600;\"><strong>Liu Xi <\/strong><\/span>\u00a0was born in 1986 in Shandong province, China. After graduating from the Sculpture Department in the Central Academy of Fine Arts in Beijing, Liu Xi moved to Shanghai and set up her studio there.<\/p>\n<p>Constantly experimenting with the technical and aesthetic limits of ceramics and the material possibilities of clay and glazes, Liu explores themes of sexuality and gender, self-discovery, identity and freedom.<\/p>\n<p>She has taken part in numerous exhibitions in China and abroad including Portugal, Norway, Spain, Korea and the United Kingdom. Her works have been included in various international ceramics biennales where she has won numerous prizes. She actively participates in residency programmes in Bali, Taiwan, India, Mexico and Yixing.<\/p>\n<p>&nbsp;<\/p>\n<p>[\/et_pb_text][\/et_pb_column][et_pb_column type=&#8221;1_3&#8243; _builder_version=&#8221;4.21.0&#8243; _module_preset=&#8221;default&#8221; global_colors_info=&#8221;{}&#8221;][et_pb_image src=&#8221;https:\/\/museus.esplugues.cat\/wp-content\/uploads\/2023\/06\/LiuXi_CV_amb-foto1.png&#8221; title_text=&#8221;LiuXi_CV_amb foto1&#8243; _builder_version=&#8221;4.21.0&#8243; _module_preset=&#8221;default&#8221; global_colors_info=&#8221;{}&#8221;][\/et_pb_image][\/et_pb_column][\/et_pb_row][\/et_pb_section][et_pb_section fb_built=&#8221;1&#8243; _builder_version=&#8221;4.16&#8243; background_color=&#8221;#FFFFFF&#8221; custom_margin=&#8221;0px||0px||false|false&#8221; custom_padding=&#8221;0px||0px||false|false&#8221; global_colors_info=&#8221;{}&#8221;][et_pb_row _builder_version=&#8221;4.21.0&#8243; _module_preset=&#8221;default&#8221; global_colors_info=&#8221;{}&#8221;][et_pb_column type=&#8221;4_4&#8243; _builder_version=&#8221;4.21.0&#8243; _module_preset=&#8221;default&#8221; global_colors_info=&#8221;{}&#8221;][et_pb_button button_url=&#8221;@ET-DC@eyJkeW5hbWljIjp0cnVlLCJjb250ZW50IjoicG9zdF9saW5rX3VybF9wYWdlIiwic2V0dGluZ3MiOnsicG9zdF9pZCI6IjM3NTc4In19@&#8221; button_text=&#8221;Tornar a la p\u00e0gina : 21 Biennal d&#8217;Esplugues. Exposici\u00f3 d&#8217;obres guanyadores i seleccionades&#8221; button_alignment=&#8221;center&#8221; _builder_version=&#8221;4.21.0&#8243; _dynamic_attributes=&#8221;button_url&#8221; _module_preset=&#8221;default&#8221; custom_button=&#8221;on&#8221; button_text_color=&#8221;#ffffff&#8221; button_bg_color=&#8221;#f1aa74&#8243; global_colors_info=&#8221;{}&#8221;][\/et_pb_button][\/et_pb_column][\/et_pb_row][\/et_pb_section]<\/p>\n","protected":false},"excerpt":{"rendered":"<p>OUR GOD IS GREAT #21<br \/>\nLiu Xi (Xina) <\/p>\n","protected":false},"author":1,"featured_media":37833,"parent":36955,"menu_order":0,"comment_status":"closed","ping_status":"closed","template":"","meta":{"_et_pb_use_builder":"on","_et_pb_old_content":"","_et_gb_content_width":"","_uag_custom_page_level_css":"","footnotes":""},"class_list":["post-38039","page","type-page","status-publish","has-post-thumbnail","hentry"],"uagb_featured_image_src":{"full":["https:\/\/museus.esplugues.cat\/wp-content\/uploads\/2023\/06\/Our-God-is-great-21-300x200-1.png",300,200,false],"thumbnail":["https:\/\/museus.esplugues.cat\/wp-content\/uploads\/2023\/06\/Our-God-is-great-21-300x200-1-80x80.png",80,80,true],"medium":["https:\/\/museus.esplugues.cat\/wp-content\/uploads\/2023\/06\/Our-God-is-great-21-300x200-1.png",300,200,false],"medium_large":["https:\/\/museus.esplugues.cat\/wp-content\/uploads\/2023\/06\/Our-God-is-great-21-300x200-1.png",300,200,false],"large":["https:\/\/museus.esplugues.cat\/wp-content\/uploads\/2023\/06\/Our-God-is-great-21-300x200-1.png",300,200,false],"1536x1536":["https:\/\/museus.esplugues.cat\/wp-content\/uploads\/2023\/06\/Our-God-is-great-21-300x200-1.png",300,200,false],"2048x2048":["https:\/\/museus.esplugues.cat\/wp-content\/uploads\/2023\/06\/Our-God-is-great-21-300x200-1.png",300,200,false],"et-pb-post-main-image":["https:\/\/museus.esplugues.cat\/wp-content\/uploads\/2023\/06\/Our-God-is-great-21-300x200-1.png",300,200,false],"et-pb-post-main-image-fullwidth":["https:\/\/museus.esplugues.cat\/wp-content\/uploads\/2023\/06\/Our-God-is-great-21-300x200-1.png",300,200,false],"et-pb-portfolio-image":["https:\/\/museus.esplugues.cat\/wp-content\/uploads\/2023\/06\/Our-God-is-great-21-300x200-1.png",300,200,false],"et-pb-portfolio-module-image":["https:\/\/museus.esplugues.cat\/wp-content\/uploads\/2023\/06\/Our-God-is-great-21-300x200-1.png",300,200,false],"et-pb-portfolio-image-single":["https:\/\/museus.esplugues.cat\/wp-content\/uploads\/2023\/06\/Our-God-is-great-21-300x200-1.png",300,200,false],"et-pb-gallery-module-image-portrait":["https:\/\/museus.esplugues.cat\/wp-content\/uploads\/2023\/06\/Our-God-is-great-21-300x200-1.png",300,200,false],"et-pb-post-main-image-fullwidth-large":["https:\/\/museus.esplugues.cat\/wp-content\/uploads\/2023\/06\/Our-God-is-great-21-300x200-1.png",300,200,false],"et-pb-image--responsive--desktop":["https:\/\/museus.esplugues.cat\/wp-content\/uploads\/2023\/06\/Our-God-is-great-21-300x200-1.png",300,200,false],"et-pb-image--responsive--tablet":["https:\/\/museus.esplugues.cat\/wp-content\/uploads\/2023\/06\/Our-God-is-great-21-300x200-1.png",300,200,false],"et-pb-image--responsive--phone":["https:\/\/museus.esplugues.cat\/wp-content\/uploads\/2023\/06\/Our-God-is-great-21-300x200-1.png",300,200,false]},"uagb_author_info":{"display_name":"alpha","author_link":"https:\/\/museus.esplugues.cat\/en\/author\/alpha"},"uagb_comment_info":0,"uagb_excerpt":"OUR GOD IS GREAT #21 Liu Xi (Xina)","_links":{"self":[{"href":"https:\/\/museus.esplugues.cat\/en\/wp-json\/wp\/v2\/pages\/38039","targetHints":{"allow":["GET"]}}],"collection":[{"href":"https:\/\/museus.esplugues.cat\/en\/wp-json\/wp\/v2\/pages"}],"about":[{"href":"https:\/\/museus.esplugues.cat\/en\/wp-json\/wp\/v2\/types\/page"}],"author":[{"embeddable":true,"href":"https:\/\/museus.esplugues.cat\/en\/wp-json\/wp\/v2\/users\/1"}],"replies":[{"embeddable":true,"href":"https:\/\/museus.esplugues.cat\/en\/wp-json\/wp\/v2\/comments?post=38039"}],"version-history":[{"count":5,"href":"https:\/\/museus.esplugues.cat\/en\/wp-json\/wp\/v2\/pages\/38039\/revisions"}],"predecessor-version":[{"id":38087,"href":"https:\/\/museus.esplugues.cat\/en\/wp-json\/wp\/v2\/pages\/38039\/revisions\/38087"}],"up":[{"embeddable":true,"href":"https:\/\/museus.esplugues.cat\/en\/wp-json\/wp\/v2\/pages\/36955"}],"wp:featuredmedia":[{"embeddable":true,"href":"https:\/\/museus.esplugues.cat\/en\/wp-json\/wp\/v2\/media\/37833"}],"wp:attachment":[{"href":"https:\/\/museus.esplugues.cat\/en\/wp-json\/wp\/v2\/media?parent=38039"}],"curies":[{"name":"wp","href":"https:\/\/api.w.org\/{rel}","templated":true}]}}