{"id":46608,"date":"2026-02-04T13:13:13","date_gmt":"2026-02-04T12:13:13","guid":{"rendered":"https:\/\/museus.esplugues.cat\/?page_id=46608"},"modified":"2026-02-04T13:19:48","modified_gmt":"2026-02-04T12:19:48","slug":"gallissa-un-modernista-neogotic","status":"publish","type":"page","link":"https:\/\/museus.esplugues.cat\/en\/tempory-exhibitions\/gallissa-un-modernista-neogotic","title":{"rendered":"Galliss\u00e0. Un modernista neog\u00f2tic"},"content":{"rendered":"<p>[et_pb_section fb_built=&#8221;1&#8243; _builder_version=&#8221;4.27.4&#8243; background_color=&#8221;#f5dfc8&#8243; custom_margin=&#8221;0px||0px||false|false&#8221; custom_padding=&#8221;0px||0px||false|false&#8221; global_colors_info=&#8221;{}&#8221;][et_pb_row _builder_version=&#8221;4.27.4&#8243; custom_margin=&#8221;0px||0px||false|false&#8221; custom_padding=&#8221;0px||0px||false|false&#8221; global_colors_info=&#8221;{}&#8221;][et_pb_column type=&#8221;4_4&#8243; _builder_version=&#8221;4.16&#8243; global_colors_info=&#8221;{}&#8221;][et_pb_image src=&#8221;https:\/\/museus.esplugues.cat\/wp-content\/uploads\/2026\/02\/Slider-side-1080-x-350.png&#8221; title_text=&#8221;Slider side 1080 x 350&#8243; align=&#8221;center&#8221; _builder_version=&#8221;4.27.4&#8243; background_color=&#8221;RGBA(255,255,255,0)&#8221; global_colors_info=&#8221;{}&#8221;][\/et_pb_image][\/et_pb_column][\/et_pb_row][\/et_pb_section][et_pb_section fb_built=&#8221;1&#8243; _builder_version=&#8221;4.16&#8243; background_color=&#8221;#FFFFFF&#8221; custom_margin=&#8221;0px||0px||false|false&#8221; custom_padding=&#8221;0px||0px||false|false&#8221; global_colors_info=&#8221;{}&#8221;][et_pb_row use_custom_gutter=&#8221;on&#8221; gutter_width=&#8221;4&#8243; _builder_version=&#8221;4.23.1&#8243; background_color=&#8221;RGBA(255,255,255,0)&#8221; global_colors_info=&#8221;{}&#8221;][et_pb_column type=&#8221;4_4&#8243; _builder_version=&#8221;4.16&#8243; global_colors_info=&#8221;{}&#8221;][et_pb_text _builder_version=&#8221;4.27.4&#8243; _module_preset=&#8221;default&#8221; text_font=&#8221;|600|||||||&#8221; text_text_color=&#8221;#000000&#8243; text_font_size=&#8221;20px&#8221; hover_enabled=&#8221;0&#8243; global_colors_info=&#8221;{}&#8221; sticky_enabled=&#8221;0&#8243;]<\/p>\n<p><strong>Rediscovering the architect who remained in the shadow of the great names, yet left a decisive mark on Modernism, in the art of applied ceramics in architecture, and in Esplugues:<\/strong><\/p>\n<p>[\/et_pb_text][et_pb_text _builder_version=&#8221;4.27.4&#8243; _module_preset=&#8221;default&#8221; text_font=&#8221;|800|||||||&#8221; text_text_color=&#8221;#8bac7f&#8221; text_font_size=&#8221;29px&#8221; global_colors_info=&#8221;{}&#8221;]<\/p>\n<p>Antoni Maria Galliss\u00e0 i Roqu\u00e9<\/p>\n<p>[\/et_pb_text][\/et_pb_column][\/et_pb_row][et_pb_row column_structure=&#8221;3_5,2_5&#8243; use_custom_gutter=&#8221;on&#8221; gutter_width=&#8221;4&#8243; _builder_version=&#8221;4.27.4&#8243; background_color=&#8221;RGBA(255,255,255,0)&#8221; global_colors_info=&#8221;{}&#8221;][et_pb_column type=&#8221;3_5&#8243; _builder_version=&#8221;4.16&#8243; global_colors_info=&#8221;{}&#8221;][et_pb_image src=&#8221;https:\/\/museus.esplugues.cat\/wp-content\/uploads\/2026\/02\/cenefa.png&#8221; title_text=&#8221;cenefa&#8221; _builder_version=&#8221;4.27.4&#8243; _module_preset=&#8221;default&#8221; global_colors_info=&#8221;{}&#8221;][\/et_pb_image][et_pb_text _builder_version=&#8221;4.27.4&#8243; _module_preset=&#8221;default&#8221; hover_enabled=&#8221;0&#8243; global_colors_info=&#8221;{}&#8221; sticky_enabled=&#8221;0&#8243;]<\/p>\n<p>This exhibition sheds light on the figure of an architect often overshadowed by the prominent names of his time. A discreet but essential creator in the birth of Modernism and in the revival of applied ceramics in architecture.<\/p>\n<p>Through his legacy, we discover a way of understanding architecture where art and craft engage in dialogue, and where collaboration with the Pujol i Bausis factory gave rise to one of the city\u2019s heritage gems: <strong>Can Casanovas<\/strong>, a unique building that still speaks today of the talent and sensitivity of that era.<\/p>\n<p>[\/et_pb_text][et_pb_text _builder_version=&#8221;4.27.4&#8243; _module_preset=&#8221;default&#8221; text_font=&#8221;|700|||||||&#8221; text_text_color=&#8221;#FFFFFF&#8221; text_font_size=&#8221;19px&#8221; background_color=&#8221;#e2ae37&#8243; custom_margin=&#8221;0px|||0px|false|false&#8221; custom_padding=&#8221;|||7px|false|false&#8221; hover_enabled=&#8221;0&#8243; global_colors_info=&#8221;{}&#8221; sticky_enabled=&#8221;0&#8243;]<\/p>\n<p style=\"text-align: left;\"><strong>Practical Information<\/strong><\/p>\n<p>[\/et_pb_text][et_pb_text _builder_version=&#8221;4.27.4&#8243; hover_enabled=&#8221;0&#8243; global_colors_info=&#8221;{}&#8221; sticky_enabled=&#8221;0&#8243;]<\/p>\n<p>From February 20, 2026<br \/><strong>Museu Can Tintur\u00e9<\/strong><br \/>Free admission<br \/><strong>Opening hours:<\/strong><\/p>\n<ul>\n<li>Tuesday to Friday: 5:00 PM \u2013 8:00 PM<\/li>\n<li>Saturday: 10:00 AM \u2013 2:00 PM and 5:00 PM \u2013 8:00 PM<\/li>\n<li>Sunday and public holidays: 10:00 AM \u2013 2:00 PM<\/li>\n<li>Closed on Mondays<\/li>\n<\/ul>\n<p>[\/et_pb_text][et_pb_social_media_follow _builder_version=&#8221;4.27.4&#8243; _module_preset=&#8221;default&#8221; background_color=&#8221;RGBA(255,255,255,0)&#8221; text_orientation=&#8221;left&#8221; custom_margin=&#8221;0px|||7px|false|false&#8221; custom_padding=&#8221;9px||||false|false&#8221; global_colors_info=&#8221;{}&#8221;][et_pb_social_media_follow_network social_network=&#8221;facebook&#8221; url=&#8221;https:\/\/www.facebook.com\/MuseusdEsplugues&#8221; _builder_version=&#8221;4.16&#8243; _module_preset=&#8221;default&#8221; background_color=&#8221;#3b5998&#8243; global_colors_info=&#8221;{}&#8221; follow_button=&#8221;off&#8221; url_new_window=&#8221;on&#8221;]facebook[\/et_pb_social_media_follow_network][et_pb_social_media_follow_network social_network=&#8221;twitter&#8221; url=&#8221;https:\/\/twitter.com\/MuseusEsplugues&#8221; _builder_version=&#8221;4.22.2&#8243; _module_preset=&#8221;default&#8221; background_color=&#8221;#000000&#8243; global_colors_info=&#8221;{}&#8221; follow_button=&#8221;off&#8221; url_new_window=&#8221;on&#8221;]twitter[\/et_pb_social_media_follow_network][et_pb_social_media_follow_network social_network=&#8221;instagram&#8221; url=&#8221;https:\/\/www.instagram.com\/museus_esplugues\/&#8221; use_icon_font_size=&#8221;on&#8221; _builder_version=&#8221;4.16&#8243; _module_preset=&#8221;default&#8221; background_color=&#8221;#ea2c59&#8243; global_colors_info=&#8221;{}&#8221; follow_button=&#8221;off&#8221; url_new_window=&#8221;on&#8221;]instagram[\/et_pb_social_media_follow_network][et_pb_social_media_follow_network social_network=&#8221;youtube&#8221; url=&#8221;https:\/\/www.youtube.com\/channel\/UCneJk88G-0_2BfEpKvvOkVA&#8221; _builder_version=&#8221;4.16&#8243; _module_preset=&#8221;default&#8221; background_color=&#8221;#a82400&#8243; global_colors_info=&#8221;{}&#8221; follow_button=&#8221;off&#8221; url_new_window=&#8221;on&#8221;]youtube[\/et_pb_social_media_follow_network][\/et_pb_social_media_follow][\/et_pb_column][et_pb_column type=&#8221;2_5&#8243; _builder_version=&#8221;4.16&#8243; global_colors_info=&#8221;{}&#8221;][et_pb_image src=&#8221;https:\/\/museus.esplugues.cat\/wp-content\/uploads\/2026\/02\/3.-Retrat-Gallissa.jpg&#8221; title_text=&#8221;3. Retrat Galliss\u00e0&#8221; align=&#8221;center&#8221; disabled_on=&#8221;off|on|off&#8221; _builder_version=&#8221;4.27.4&#8243; _module_preset=&#8221;default&#8221; width=&#8221;76%&#8221; global_colors_info=&#8221;{}&#8221;][\/et_pb_image][et_pb_text _builder_version=&#8221;4.27.4&#8243; _module_preset=&#8221;default&#8221; text_text_color=&#8221;rgba(255,255,255,0.92)&#8221; text_font_size=&#8221;15px&#8221; background_color=&#8221;#e2ae38&#8243; custom_padding=&#8221;|||12px|false|false&#8221; hover_enabled=&#8221;0&#8243; border_radii=&#8221;on|16px|16px|16px|16px&#8221; global_colors_info=&#8221;{}&#8221; sticky_enabled=&#8221;0&#8243;]<\/p>\n<p><strong>Antoni Maria Galliss\u00e0 i Roqu\u00e9 <\/strong><\/p>\n<p>Barcelona, 1861\u20131903. Architect and professor, graphic designer, historian, collector, photographer, hiker, and politician.<br \/><em>Portrait of Antoni Maria Galliss\u00e0 i Roqu\u00e9. La Il\u00b7lustraci\u00f3 Catalana (May 15, 1903)<\/em><\/p>\n<p>[\/et_pb_text][\/et_pb_column][\/et_pb_row][\/et_pb_section][et_pb_section fb_built=&#8221;1&#8243; _builder_version=&#8221;4.16&#8243; background_color=&#8221;#FFFFFF&#8221; custom_margin=&#8221;0px||0px||false|false&#8221; custom_padding=&#8221;0px||0px||false|false&#8221; global_colors_info=&#8221;{}&#8221;][et_pb_row use_custom_gutter=&#8221;on&#8221; gutter_width=&#8221;4&#8243; _builder_version=&#8221;4.16&#8243; background_color=&#8221;#FFFFFF&#8221; global_colors_info=&#8221;{}&#8221;][et_pb_column type=&#8221;4_4&#8243; _builder_version=&#8221;4.16&#8243; global_colors_info=&#8221;{}&#8221;][et_pb_text _builder_version=&#8221;4.27.4&#8243; _module_preset=&#8221;default&#8221; text_font=&#8221;|700|||||||&#8221; text_text_color=&#8221;#FFFFFF&#8221; text_font_size=&#8221;19px&#8221; background_color=&#8221;#5067AC&#8221; custom_margin=&#8221;0px|||0px|false|false&#8221; custom_padding=&#8221;|||7px|false|false&#8221; hover_enabled=&#8221;0&#8243; global_colors_info=&#8221;{}&#8221; sticky_enabled=&#8221;0&#8243;]<\/p>\n<p style=\"text-align: left;\">The exibition<\/p>\n<p>[\/et_pb_text][\/et_pb_column][\/et_pb_row][et_pb_row column_structure=&#8221;3_4,1_4&#8243; use_custom_gutter=&#8221;on&#8221; gutter_width=&#8221;4&#8243; disabled_on=&#8221;off|off|off&#8221; _builder_version=&#8221;4.27.4&#8243; background_color=&#8221;#FFFFFF&#8221; global_colors_info=&#8221;{}&#8221;][et_pb_column type=&#8221;3_4&#8243; _builder_version=&#8221;4.16&#8243; global_colors_info=&#8221;{}&#8221;][et_pb_text _builder_version=&#8221;4.27.4&#8243; text_font=&#8221;|600|||||||&#8221; text_text_color=&#8221;#6D6D6D&#8221; text_font_size=&#8221;16px&#8221; text_line_height=&#8221;1.5em&#8221; link_font=&#8221;||||on||||&#8221; link_text_color=&#8221;#FFFFFF&#8221; ul_font_size=&#8221;13px&#8221; ul_line_height=&#8221;20px&#8221; header_text_color=&#8221;RGBA(0,0,0,0)&#8221; header_letter_spacing=&#8221;7px&#8221; header_3_font=&#8221;|300||on|||||&#8221; background_layout=&#8221;dark&#8221; custom_margin=&#8221;0px||||false|false&#8221; custom_padding=&#8221;30px|6px||11px|false|false&#8221; hover_enabled=&#8221;0&#8243; global_colors_info=&#8221;{}&#8221; sticky_enabled=&#8221;0&#8243;]<\/p>\n<p>This exhibition invites us to discover the figure of Antoni Maria Galliss\u00e0 i Roqu\u00e9 (1861\u20131903), a key architect for understanding the birth of Modernism, whose career was cut short by his premature death at the age of 41.<\/p>\n<p>Galliss\u00e0\u2019s work is framed within late 19th-century Catalonia, a turbulent and vibrant period defined by three major axes: the cultural <strong>Renaixen\u00e7a<\/strong>, the Industrial Revolution, and the rise of Catalan political nationalism.<\/p>\n<p><strong>Ceramics and Architecture<\/strong><br \/>The exhibition focuses on two major areas of his work:<br \/>\u2014 his collaboration with the Hijo de Jaime Pujol i Bausis ceramics factory,<br \/>\u2014 and his role as the architect of the Modernist project <strong>Can Casanovas<\/strong> (Esplugues de Llobregat).<\/p>\n<p>[\/et_pb_text][\/et_pb_column][et_pb_column type=&#8221;1_4&#8243; _builder_version=&#8221;4.16&#8243; global_colors_info=&#8221;{}&#8221;][et_pb_image src=&#8221;https:\/\/museus.esplugues.cat\/wp-content\/uploads\/2026\/02\/Columna.png&#8221; title_text=&#8221;Columna&#8221; disabled_on=&#8221;on|on|off&#8221; _builder_version=&#8221;4.27.4&#8243; _module_preset=&#8221;default&#8221; global_colors_info=&#8221;{}&#8221;][\/et_pb_image][\/et_pb_column][\/et_pb_row][\/et_pb_section][et_pb_section fb_built=&#8221;1&#8243; _builder_version=&#8221;4.27.4&#8243; background_color=&#8221;#FFFFFF&#8221; hover_enabled=&#8221;0&#8243; global_colors_info=&#8221;{}&#8221; disabled_on=&#8221;on|on|on&#8221; disabled=&#8221;on&#8221; sticky_enabled=&#8221;0&#8243;][et_pb_row use_custom_gutter=&#8221;on&#8221; gutter_width=&#8221;4&#8243; _builder_version=&#8221;4.16&#8243; background_color=&#8221;#FFFFFF&#8221; global_colors_info=&#8221;{}&#8221;][et_pb_column type=&#8221;4_4&#8243; _builder_version=&#8221;4.16&#8243; global_colors_info=&#8221;{}&#8221;][et_pb_text _builder_version=&#8221;4.27.4&#8243; _module_preset=&#8221;default&#8221; text_font=&#8221;|700|||||||&#8221; text_text_color=&#8221;#FFFFFF&#8221; text_font_size=&#8221;19px&#8221; background_color=&#8221;#8BAC7F&#8221; custom_margin=&#8221;0px|||0px|false|false&#8221; custom_padding=&#8221;|||7px|false|false&#8221; hover_enabled=&#8221;0&#8243; global_colors_info=&#8221;{}&#8221; sticky_enabled=&#8221;0&#8243;]<\/p>\n<p style=\"text-align: left;\">Activitats<\/p>\n<p>[\/et_pb_text][\/et_pb_column][\/et_pb_row][et_pb_row column_structure=&#8221;1_2,1_2&#8243; disabled_on=&#8221;off|off|off&#8221; _builder_version=&#8221;4.16&#8243; _module_preset=&#8221;default&#8221; global_colors_info=&#8221;{}&#8221;][et_pb_column type=&#8221;1_2&#8243; _builder_version=&#8221;4.16&#8243; _module_preset=&#8221;default&#8221; border_width_all=&#8221;1px&#8221; border_width_top=&#8221;0px&#8221; border_color_right=&#8221;#283373&#8243; border_width_bottom=&#8221;0px&#8221; border_width_left=&#8221;0px&#8221; global_colors_info=&#8221;{}&#8221;][et_pb_text _builder_version=&#8221;4.27.4&#8243; _module_preset=&#8221;default&#8221; text_text_color=&#8221;#000000&#8243; global_colors_info=&#8221;{}&#8221;]<\/p>\n<p><span style=\"text-decoration: underline;\"><strong><span class=\"evcal_desc2 evcal_event_title\" itemprop=\"name\">Confer\u00e8ncia inaugural<\/span><\/strong><\/span><\/p>\n<p><strong><span class=\"evcal_desc2 evcal_event_title\" itemprop=\"name\">Divendres, 20 de febrer a les 18 h, a La Masoveria de Can Tintur\u00e9<\/span><\/strong><\/p>\n<p>A c\u00e0rrec de la comiss\u00e0ria de la mostra Carme Comas Camacho.<em><\/em><\/p>\n<p>&nbsp;<\/p>\n<ul>\n<li>Acc\u00e9s lliure<\/li>\n<\/ul>\n<p>[\/et_pb_text][\/et_pb_column][et_pb_column type=&#8221;1_2&#8243; _builder_version=&#8221;4.16&#8243; _module_preset=&#8221;default&#8221; background_color=&#8221;#FFFFFF&#8221; border_width_right=&#8221;1px&#8221; border_color_right=&#8221;#283373&#8243; global_colors_info=&#8221;{}&#8221;][et_pb_text _builder_version=&#8221;4.27.4&#8243; _module_preset=&#8221;default&#8221; text_text_color=&#8221;#000000&#8243; global_colors_info=&#8221;{}&#8221;]<\/p>\n<p><span style=\"text-decoration: underline;\"><strong><span class=\"evcal_desc2 evcal_event_title\" itemprop=\"name\">Visites guiades<\/span><\/strong><\/span><\/p>\n<p><strong><span class=\"evcal_desc2 evcal_event_title\" itemprop=\"name\">\u00a0Tercer o quart* diumenge de mes a les 12 h, al Museu Can Tintur\u00e9<\/span><\/strong><\/p>\n<p><strong data-start=\"102\" data-end=\"146\">Descobreix Antoni Maria Galliss\u00e0 i Soqu\u00e9<\/strong><br data-start=\"146\" data-end=\"149\" \/>Acompanya\u2019ns en aquesta visita guiada i explora la traject\u00f2ria de l&#8217;arquitecte modernisat.<\/p>\n<p>Coneixer\u00e0s la seva obra en cer\u00e0mica i arquitectura, incl\u00f2s el singular projecte de <strong data-start=\"339\" data-end=\"356\">Can Casanovas<\/strong>, i descobrir\u00e0s com va influir en l\u2019art i el patrimoni de la ciutat.<\/p>\n<ul>\n<li>Preu:\u00a03 euros<\/li>\n<li>Inscripci\u00f3 pr\u00e8via recomanada<\/li>\n<li>Dates disponibles:\n<ul>\n<li>15\/03 &#8211; 22\/03 &#8211; 19\/04-17\/05 &#8211; 24\/05 &#8211; 21\/06 &#8211; 19\/07-20\/09 &#8211; 18\/10<\/li>\n<\/ul>\n<\/li>\n<\/ul>\n<p>[\/et_pb_text][et_pb_button button_url=&#8221;https:\/\/forms.gle\/Q9PrRKfj5jCdyd159&#8243; button_text=&#8221;Inscripcions obertes&#8221; button_alignment=&#8221;center&#8221; _builder_version=&#8221;4.27.4&#8243; _module_preset=&#8221;default&#8221; custom_button=&#8221;on&#8221; button_text_color=&#8221;#33333F&#8221; button_bg_color=&#8221;#8BAC7F&#8221; global_colors_info=&#8221;{%22gcid-primary-color%22:%91%22button_text_color__hover%22,%22button_text_color__hover%22%93}&#8221;][\/et_pb_button][et_pb_text _builder_version=&#8221;4.16&#8243; _module_preset=&#8221;default&#8221; global_colors_info=&#8221;{}&#8221;]<\/p>\n<p><em>La programaci\u00f3 s&#8217;actualitzar\u00e0 de manera per\u00edodica. Properament m\u00e9s activitats.<\/em><\/p>\n<p>[\/et_pb_text][\/et_pb_column][\/et_pb_row][\/et_pb_section][et_pb_section fb_built=&#8221;1&#8243; _builder_version=&#8221;4.27.4&#8243; background_color=&#8221;#F4DEC7&#8243; custom_margin=&#8221;0px||0px||false|false&#8221; custom_padding=&#8221;0px||0px||false|false&#8221; global_colors_info=&#8221;{}&#8221;][et_pb_row _builder_version=&#8221;4.16&#8243; custom_margin=&#8221;-16px||||false|false&#8221; global_colors_info=&#8221;{}&#8221;][et_pb_column type=&#8221;4_4&#8243; _builder_version=&#8221;4.16&#8243; global_colors_info=&#8221;{}&#8221;][et_pb_image src=&#8221;https:\/\/museus.esplugues.cat\/wp-content\/uploads\/2026\/02\/logos-Gallissa.png&#8221; title_text=&#8221;logos Gallissa&#8221; _builder_version=&#8221;4.27.4&#8243; _module_preset=&#8221;default&#8221; global_colors_info=&#8221;{}&#8221;][\/et_pb_image][\/et_pb_column][\/et_pb_row][\/et_pb_section]<\/p>\n","protected":false},"excerpt":{"rendered":"<p>Rediscovering the architect who remained in the shadow of the great names, yet left a decisive mark on Modernism, in the art of applied ceramics in architecture, and in Esplugues:Antoni Maria Galliss\u00e0 i Roqu\u00e9This exhibition sheds light on the figure of an architect often overshadowed by the prominent names of his time. A discreet but [&hellip;]<\/p>\n","protected":false},"author":1,"featured_media":46997,"parent":31046,"menu_order":0,"comment_status":"closed","ping_status":"closed","template":"","meta":{"_et_pb_use_builder":"on","_et_pb_old_content":"","_et_gb_content_width":"","_uag_custom_page_level_css":"","footnotes":""},"class_list":["post-46608","page","type-page","status-publish","has-post-thumbnail","hentry"],"uagb_featured_image_src":{"full":["https:\/\/museus.esplugues.cat\/wp-content\/uploads\/2026\/02\/Miniatura-2-650-x-488.png",600,488,false],"thumbnail":["https:\/\/museus.esplugues.cat\/wp-content\/uploads\/2026\/02\/Miniatura-2-650-x-488.png",80,65,false],"medium":["https:\/\/museus.esplugues.cat\/wp-content\/uploads\/2026\/02\/Miniatura-2-650-x-488.png",300,244,false],"medium_large":["https:\/\/museus.esplugues.cat\/wp-content\/uploads\/2026\/02\/Miniatura-2-650-x-488.png",600,488,false],"large":["https:\/\/museus.esplugues.cat\/wp-content\/uploads\/2026\/02\/Miniatura-2-650-x-488.png",600,488,false],"1536x1536":["https:\/\/museus.esplugues.cat\/wp-content\/uploads\/2026\/02\/Miniatura-2-650-x-488.png",600,488,false],"2048x2048":["https:\/\/museus.esplugues.cat\/wp-content\/uploads\/2026\/02\/Miniatura-2-650-x-488.png",600,488,false],"et-pb-post-main-image":["https:\/\/museus.esplugues.cat\/wp-content\/uploads\/2026\/02\/Miniatura-2-650-x-488.png",307,250,false],"et-pb-post-main-image-fullwidth":["https:\/\/museus.esplugues.cat\/wp-content\/uploads\/2026\/02\/Miniatura-2-650-x-488.png",600,488,false],"et-pb-portfolio-image":["https:\/\/museus.esplugues.cat\/wp-content\/uploads\/2026\/02\/Miniatura-2-650-x-488.png",349,284,false],"et-pb-portfolio-module-image":["https:\/\/museus.esplugues.cat\/wp-content\/uploads\/2026\/02\/Miniatura-2-650-x-488.png",470,382,false],"et-pb-portfolio-image-single":["https:\/\/museus.esplugues.cat\/wp-content\/uploads\/2026\/02\/Miniatura-2-650-x-488.png",600,488,false],"et-pb-gallery-module-image-portrait":["https:\/\/museus.esplugues.cat\/wp-content\/uploads\/2026\/02\/Miniatura-2-650-x-488.png",400,325,false],"et-pb-post-main-image-fullwidth-large":["https:\/\/museus.esplugues.cat\/wp-content\/uploads\/2026\/02\/Miniatura-2-650-x-488.png",600,488,false],"et-pb-image--responsive--desktop":["https:\/\/museus.esplugues.cat\/wp-content\/uploads\/2026\/02\/Miniatura-2-650-x-488.png",600,488,false],"et-pb-image--responsive--tablet":["https:\/\/museus.esplugues.cat\/wp-content\/uploads\/2026\/02\/Miniatura-2-650-x-488.png",600,488,false],"et-pb-image--responsive--phone":["https:\/\/museus.esplugues.cat\/wp-content\/uploads\/2026\/02\/Miniatura-2-650-x-488.png",332,270,false]},"uagb_author_info":{"display_name":"alpha","author_link":"https:\/\/museus.esplugues.cat\/en\/author\/alpha"},"uagb_comment_info":0,"uagb_excerpt":"Rediscovering the architect who remained in the shadow of the great names, yet left a decisive mark on Modernism, in the art of applied ceramics in architecture, and in Esplugues:Antoni Maria Galliss\u00e0 i Roqu\u00e9This exhibition sheds light on the figure of an architect often overshadowed by the prominent names of his time. A discreet but&hellip;","_links":{"self":[{"href":"https:\/\/museus.esplugues.cat\/en\/wp-json\/wp\/v2\/pages\/46608","targetHints":{"allow":["GET"]}}],"collection":[{"href":"https:\/\/museus.esplugues.cat\/en\/wp-json\/wp\/v2\/pages"}],"about":[{"href":"https:\/\/museus.esplugues.cat\/en\/wp-json\/wp\/v2\/types\/page"}],"author":[{"embeddable":true,"href":"https:\/\/museus.esplugues.cat\/en\/wp-json\/wp\/v2\/users\/1"}],"replies":[{"embeddable":true,"href":"https:\/\/museus.esplugues.cat\/en\/wp-json\/wp\/v2\/comments?post=46608"}],"version-history":[{"count":5,"href":"https:\/\/museus.esplugues.cat\/en\/wp-json\/wp\/v2\/pages\/46608\/revisions"}],"predecessor-version":[{"id":47008,"href":"https:\/\/museus.esplugues.cat\/en\/wp-json\/wp\/v2\/pages\/46608\/revisions\/47008"}],"up":[{"embeddable":true,"href":"https:\/\/museus.esplugues.cat\/en\/wp-json\/wp\/v2\/pages\/31046"}],"wp:featuredmedia":[{"embeddable":true,"href":"https:\/\/museus.esplugues.cat\/en\/wp-json\/wp\/v2\/media\/46997"}],"wp:attachment":[{"href":"https:\/\/museus.esplugues.cat\/en\/wp-json\/wp\/v2\/media?parent=46608"}],"curies":[{"name":"wp","href":"https:\/\/api.w.org\/{rel}","templated":true}]}}