{"id":22238,"date":"2018-05-02T11:00:50","date_gmt":"2018-05-02T11:00:50","guid":{"rendered":"http:\/\/s712081921.mialojamiento.es\/publicaciones"},"modified":"2020-06-23T10:27:44","modified_gmt":"2020-06-23T08:27:44","slug":"publicaciones","status":"publish","type":"page","link":"https:\/\/museus.esplugues.cat\/es\/publicaciones","title":{"rendered":"Publicaciones"},"content":{"rendered":"<p>[et_pb_section fb_built=\u00bb1&#8243; _builder_version=\u00bb4.0.7&#8243; background_color=\u00bb#eeefe4&#8243; custom_margin_tablet=\u00bb\u00bb custom_margin_phone=\u00bb0px||0px||false|false\u00bb custom_margin_last_edited=\u00bbon|phone\u00bb custom_padding=\u00bb0px||0px||false|false\u00bb][et_pb_row _builder_version=\u00bb4.0.7&#8243;][et_pb_column type=\u00bb4_4&#8243; _builder_version=\u00bb4.0.7&#8243;][et_pb_text _builder_version=\u00bb4.2&#8243; header_font=\u00bb|300|||||||\u00bb header_font_size=\u00bb50px\u00bb custom_margin_tablet=\u00bb\u00bb custom_margin_phone=\u00bb0px||0px||false|false\u00bb custom_margin_last_edited=\u00bbon|phone\u00bb custom_padding=\u00bb0px||0px||false|false\u00bb header_font_size_tablet=\u00bb\u00bb header_font_size_phone=\u00bb35px\u00bb header_font_size_last_edited=\u00bbon|phone\u00bb]<\/p>\n<h1>Publicaciones<\/h1>\n<p>[\/et_pb_text][\/et_pb_column][\/et_pb_row][\/et_pb_section][et_pb_section fb_built=\u00bb1&#8243; admin_label=\u00bbsection\u00bb _builder_version=\u00bb3.22&#8243;][et_pb_row _builder_version=\u00bb4.2&#8243;][et_pb_column type=\u00bb4_4&#8243; _builder_version=\u00bb4.2&#8243;][et_pb_text _builder_version=\u00bb4.4.7&#8243; hover_enabled=\u00bb0&#8243;]<\/p>\n<p>En la recepci\u00f3n del Museo Can Tintur\u00e9 puede encontrar una peque\u00f1a tienda con diferentes publicaciones sobre los contenidos de los museos, as\u00ed como toda una serie de productos, de los que destacamos la colecci\u00f3n de azulejos reproducidas de la antigua f\u00e1brica Pujol i Bausis.<\/p>\n<p>[\/et_pb_text][\/et_pb_column][\/et_pb_row][et_pb_row column_structure=\u00bb1_3,1_3,1_3&#8243; admin_label=\u00bbrow\u00bb _builder_version=\u00bb3.25&#8243; background_size=\u00bbinitial\u00bb background_position=\u00bbtop_left\u00bb background_repeat=\u00bbrepeat\u00bb][et_pb_column type=\u00bb1_3&#8243; _builder_version=\u00bb3.25&#8243; custom_padding=\u00bb|||\u00bb custom_padding__hover=\u00bb|||\u00bb][et_pb_text admin_label=\u00bbText\u00bb _builder_version=\u00bb4.4.7&#8243; background_size=\u00bbinitial\u00bb background_position=\u00bbtop_left\u00bb background_repeat=\u00bbrepeat\u00bb custom_padding=\u00bb||0px|||\u00bb hover_enabled=\u00bb0&#8243;]<\/p>\n<p><a href=\"\/wp-content\/uploads\/2014\/01\/reis.jpg\"><img loading=\"lazy\" decoding=\"async\" class=\"alignnone size-full wp-image-2980\" src=\"\/wp-content\/uploads\/2014\/01\/reis.jpg\" alt=\"El fanguet i els tres reis\" width=\"255\" height=\"226\" \/><\/a><\/p>\n<p><strong>T\u00edtulo<\/strong>: <em>En Fanguet i els tres Reis<\/em><br \/> <strong>Autor\u00eda<\/strong>: Texto: Marta Salin\u00e9 Ilustraciones: Marta Capdevila i Planta<br \/> <strong>Edici\u00f3n<\/strong>: Ajuntament d\u2019Esplugues, 2007<br \/> <strong>Precio<\/strong>: Ejemplar gratuito<\/p>\n<p>&nbsp;<\/p>\n<p>[\/et_pb_text][\/et_pb_column][et_pb_column type=\u00bb1_3&#8243; _builder_version=\u00bb3.25&#8243; custom_padding=\u00bb|||\u00bb custom_padding__hover=\u00bb|||\u00bb][et_pb_text admin_label=\u00bbText\u00bb _builder_version=\u00bb4.4.7&#8243; background_size=\u00bbinitial\u00bb background_position=\u00bbtop_left\u00bb background_repeat=\u00bbrepeat\u00bb hover_enabled=\u00bb0&#8243;]<\/p>\n<p><a href=\"https:\/\/museus.esplugues.cat\/wp-content\/uploads\/\"><img loading=\"lazy\" decoding=\"async\" src=\"https:\/\/museus.esplugues.cat\/wp-content\/uploads\/2020\/06\/guiacantinture.jpeg\" width=\"258\" height=\"228\" alt=\"\" class=\"wp-image-30755 aligncenter size-full\" style=\"float: left;\" \/><\/a><\/p>\n<p><strong><\/strong><\/p>\n<p><strong><\/strong><\/p>\n<p><strong><\/strong><\/p>\n<p><strong><\/strong><\/p>\n<p><strong><\/strong><\/p>\n<p><strong><\/strong><\/p>\n<p><strong><\/strong><\/p>\n<p><strong><\/strong><\/p>\n<p><strong><\/strong><\/p>\n<p><strong><\/strong><\/p>\n<p><strong><\/strong><\/p>\n<p><strong><\/strong><\/p>\n<p><strong><\/strong><\/p>\n<p><strong><\/strong><\/p>\n<p><strong><\/strong><\/p>\n<p><strong><\/strong><\/p>\n<p><strong>T\u00edtulo<\/strong>: <em>Guia del Museu Can Tintur\u00e9. Col\u00b7lecci\u00f3 de rajola de mostra Salvador Miquel<\/em><br \/> <strong>Autor\u00eda<\/strong>: VV.AA.<br \/> <strong>Edici\u00f3n<\/strong>: Ajuntament d\u2019Esplugues, 2006<br \/> <strong>Precio<\/strong>: 5.00\u20ac<\/p>\n<p>&nbsp;<\/p>\n<p>[\/et_pb_text][\/et_pb_column][et_pb_column type=\u00bb1_3&#8243; _builder_version=\u00bb3.25&#8243; custom_padding=\u00bb|||\u00bb custom_padding__hover=\u00bb|||\u00bb][et_pb_text _builder_version=\u00bb4.4.7&#8243; hover_enabled=\u00bb0&#8243;]<\/p>\n<p><a href=\"\/wp-content\/uploads\/2014\/01\/tradic.jpg\"><img loading=\"lazy\" decoding=\"async\" class=\"alignnone size-full wp-image-2981\" src=\"\/wp-content\/uploads\/2014\/01\/tradic.jpg\" alt=\"Tradici\u00f3n y modernidad. La cer\u00e0mica en el modernismo\" width=\"255\" height=\"226\" \/><\/a><\/p>\n<p><strong>T\u00edtulo<\/strong>: <em>Tradici\u00f3n y modernidad. La cer\u00e0mica en el modernismo. IX Congreso Anual de la Asociaci\u00f3n de Ceramolog\u00eda<\/em><br \/> <strong>Autor\u00eda<\/strong>: VV.AA.<br \/> <strong>Edici\u00f3n<\/strong>: Ajuntament d\u2019Esplugues y Asociaci\u00f3n de Ceramologia, 2006<br \/> <strong>Precio<\/strong>: 20.00\u20ac<\/p>\n<p>[\/et_pb_text][\/et_pb_column][\/et_pb_row][et_pb_row column_structure=\u00bb1_3,1_3,1_3&#8243; admin_label=\u00bbrow\u00bb _builder_version=\u00bb3.25&#8243; background_size=\u00bbinitial\u00bb background_position=\u00bbtop_left\u00bb background_repeat=\u00bbrepeat\u00bb][et_pb_column type=\u00bb1_3&#8243; _builder_version=\u00bb3.25&#8243; custom_padding=\u00bb|||\u00bb custom_padding__hover=\u00bb|||\u00bb][et_pb_text _builder_version=\u00bb4.4.7&#8243; hover_enabled=\u00bb0&#8243;]<\/p>\n<p><a href=\"\/wp-content\/uploads\/2014\/03\/kjh.jpg\"><img loading=\"lazy\" decoding=\"async\" src=\"https:\/\/museus.esplugues.cat\/wp-content\/uploads\/2020\/06\/bru.jpg\" width=\"257\" height=\"228\" alt=\"\" class=\"wp-image-30758 aligncenter size-full\" style=\"float: left;\" \/><\/a><\/p>\n<p><strong><\/strong><\/p>\n<p><strong><\/strong><\/p>\n<p><strong><\/strong><\/p>\n<p><strong><\/strong><\/p>\n<p><strong><\/strong><\/p>\n<p><strong><\/strong><\/p>\n<p><strong><\/strong><\/p>\n<p><strong><\/strong><\/p>\n<p><strong><\/strong><\/p>\n<p><strong><\/strong><\/p>\n<p><strong><\/strong><\/p>\n<p><strong><\/strong><\/p>\n<p><strong><\/strong><\/p>\n<p><strong><\/strong><\/p>\n<p><strong><\/strong><\/p>\n<p><strong><\/strong><\/p>\n<p><strong><\/strong><\/p>\n<p><strong>T\u00edtulo<\/strong>: <em>Llu\u00eds Br\u00fa, fragments d\u2019un creador. Els mosaics modernistes<br \/> <\/em><strong>Autor\u00eda<\/strong>: VV.AA.<br \/> <strong>Edici\u00f3n<\/strong>: Ajuntament d\u2019Esplugues, 2005<br \/> <strong>Precio<\/strong>: 20.00\u20ac<\/p>\n<p>[\/et_pb_text][\/et_pb_column][et_pb_column type=\u00bb1_3&#8243; _builder_version=\u00bb3.25&#8243; custom_padding=\u00bb|||\u00bb custom_padding__hover=\u00bb|||\u00bb][et_pb_text _builder_version=\u00bb4.4.7&#8243; hover_enabled=\u00bb0&#8243;]<\/p>\n<p style=\"text-align: left;\"><span><a href=\"https:\/\/museus.esplugues.cat\/wp-content\/uploads\/\"><img loading=\"lazy\" decoding=\"async\" src=\"https:\/\/museus.esplugues.cat\/wp-content\/uploads\/2020\/06\/can-t.jpg\" width=\"257\" height=\"228\" alt=\"\" class=\"wp-image-30763 aligncenter size-full\" \/><\/a><\/span><\/p>\n<p><strong><\/strong><strong>T\u00edtulo<\/strong>: <em>El reflex d\u2019un temps. Can Tintur\u00e9. Col\u00b7lecci\u00f3 de rajola de mostra Salvador Miquel<br \/> <\/em><strong>Autor\u00eda<\/strong>: VV.AA.<br \/> <strong>Edici\u00f3n<\/strong>: Ajuntament d\u2019Esplugues, 2003<br \/> <strong>Precio<\/strong>: 20.00\u20ac<br \/> <span><\/span><\/p>\n<p>[\/et_pb_text][\/et_pb_column][et_pb_column type=\u00bb1_3&#8243; _builder_version=\u00bb3.25&#8243; custom_padding=\u00bb|||\u00bb custom_padding__hover=\u00bb|||\u00bb][et_pb_text _builder_version=\u00bb4.2&#8243; custom_margin=\u00bb||19px|||\u00bb]<\/p>\n<p><img loading=\"lazy\" decoding=\"async\" class=\"alignleft size-square wp-image-22231\" src=\"https:\/\/museus.esplugues.cat\/wp-content\/uploads\/2018\/05\/P-Patrimoni-180x180.jpg\" alt=\"\" width=\"223\" height=\"223\" srcset=\"https:\/\/museus.esplugues.cat\/wp-content\/uploads\/2018\/05\/P-Patrimoni-180x180.jpg 180w, https:\/\/museus.esplugues.cat\/wp-content\/uploads\/2018\/05\/P-Patrimoni-80x80.jpg 80w, https:\/\/museus.esplugues.cat\/wp-content\/uploads\/2018\/05\/P-Patrimoni-36x36.jpg 36w, https:\/\/museus.esplugues.cat\/wp-content\/uploads\/2018\/05\/P-Patrimoni-120x120.jpg 120w\" sizes=\"(max-width: 223px) 100vw, 223px\" \/><\/p>\n<p>&nbsp;<\/p>\n<p>&nbsp;<\/p>\n<p>&nbsp;<\/p>\n<p>&nbsp;<\/p>\n<p><strong><\/strong><\/p>\n<p><strong><\/strong><\/p>\n<p><strong><\/strong><\/p>\n<p>&nbsp;<\/p>\n<p>[\/et_pb_text][et_pb_text _builder_version=\u00bb4.4.7&#8243; hover_enabled=\u00bb0&#8243;]<\/p>\n<p><strong>T\u00edtulo<\/strong>: <em>Esplugues i el Modernisme. Patrimoni i Ciutat. Miscel\u00b7l\u00e0nia del Grup d\u2019Estudis d\u2019Esplugues, vol. I<br \/> <\/em><strong>Autor\u00eda<\/strong>: VV.AA.<br \/> <strong>Edici\u00f3n<\/strong>: Grup d\u2019Estudis d\u2019Esplugues, 2000<br \/> <strong>Precio<\/strong>: 6.01\u20ac<\/p>\n<p>[\/et_pb_text][\/et_pb_column][\/et_pb_row][et_pb_row column_structure=\u00bb1_3,1_3,1_3&#8243; admin_label=\u00bbrow\u00bb _builder_version=\u00bb3.25&#8243; background_size=\u00bbinitial\u00bb background_position=\u00bbtop_left\u00bb background_repeat=\u00bbrepeat\u00bb][et_pb_column type=\u00bb1_3&#8243; _builder_version=\u00bb3.25&#8243; custom_padding=\u00bb|||\u00bb custom_padding__hover=\u00bb|||\u00bb][et_pb_text _builder_version=\u00bb4.2&#8243; custom_margin=\u00bb||24px|||\u00bb]<\/p>\n<p><img loading=\"lazy\" decoding=\"async\" class=\"alignleft size-square wp-image-22234\" src=\"https:\/\/museus.esplugues.cat\/wp-content\/uploads\/2018\/05\/P-Piasubias-180x180.jpg\" alt=\"\" width=\"214\" height=\"214\" srcset=\"https:\/\/museus.esplugues.cat\/wp-content\/uploads\/2018\/05\/P-Piasubias-180x180.jpg 180w, https:\/\/museus.esplugues.cat\/wp-content\/uploads\/2018\/05\/P-Piasubias-80x80.jpg 80w, https:\/\/museus.esplugues.cat\/wp-content\/uploads\/2018\/05\/P-Piasubias-36x36.jpg 36w, https:\/\/museus.esplugues.cat\/wp-content\/uploads\/2018\/05\/P-Piasubias-120x120.jpg 120w\" sizes=\"(max-width: 214px) 100vw, 214px\" \/><\/p>\n<p>&nbsp;<\/p>\n<p>&nbsp;<\/p>\n<p>&nbsp;<\/p>\n<p>&nbsp;<\/p>\n<p>&nbsp;<\/p>\n<p>&nbsp;<\/p>\n<p>[\/et_pb_text][et_pb_text _builder_version=\u00bb4.4.7&#8243; hover_enabled=\u00bb0&#8243;]<\/p>\n<p><strong>T\u00edtulo<\/strong>: <em>Pujol i Bausis, centre productor de cer\u00e0mica arquitect\u00f2nica a Esplugues de Llobregat<br \/> <\/em><strong>Autor\u00eda<\/strong>: M\u00aa Pia Subias i Pujadas<br \/> <strong>Edici\u00f3n<\/strong>: Ajuntament d\u2019Esplugues, 1989<br \/> <strong>Precio<\/strong>: 6.01\u20ac<\/p>\n<p>[\/et_pb_text][\/et_pb_column][et_pb_column type=\u00bb1_3&#8243; _builder_version=\u00bb3.25&#8243; custom_padding=\u00bb|||\u00bb custom_padding__hover=\u00bb|||\u00bb][et_pb_text _builder_version=\u00bb4.4.7&#8243; hover_enabled=\u00bb0&#8243;]<\/p>\n<p><a href=\"\/wp-content\/uploads\/2014\/01\/jjju.jpg\"><img loading=\"lazy\" decoding=\"async\" class=\"alignnone size-full wp-image-2992\" src=\"\/wp-content\/uploads\/2014\/01\/jjju.jpg\" alt=\"Juan Alberto, director art\u00edstic. Creador d\u2019Esplugas City\" width=\"255\" height=\"226\" \/><\/a><\/p>\n<p><strong>T\u00edtulo<\/strong>: <em>Juan Alberto, director art\u00edstic. Creador d\u2019Esplugas City<br \/> <\/em><strong>Autoria<\/strong>: VVAA<br \/> <strong>Edici\u00f3n<\/strong>: Ajuntament d\u2019Esplugues, 2009<br \/> <strong>Precio<\/strong>: 20.00\u20ac<\/p>\n<p><span><\/span><\/p>\n<p>[\/et_pb_text][\/et_pb_column][et_pb_column type=\u00bb1_3&#8243; _builder_version=\u00bb3.25&#8243; custom_padding=\u00bb|||\u00bb custom_padding__hover=\u00bb|||\u00bb][et_pb_text _builder_version=\u00bb4.4.7&#8243; hover_enabled=\u00bb0&#8243;]<\/p>\n<p><a href=\"\/wp-content\/uploads\/2014\/01\/moto.jpg\"><img loading=\"lazy\" decoding=\"async\" class=\"alignnone size-full wp-image-2993\" src=\"\/wp-content\/uploads\/2014\/01\/moto.jpg\" alt=\"Com una moto! 50 anys de motociclisme a Esplugues\" width=\"255\" height=\"226\" \/><\/a><\/p>\n<p><strong>T\u00edtulo<\/strong>: <em>Com una moto! 50 anys de motociclisme a Esplugues<br \/> <\/em><strong>Autoria<\/strong>: VVAA<br \/> <strong>Edici\u00f3n<\/strong>: Ajuntament d\u2019Esplugues, 2008<br \/> <strong>Precio<\/strong>: 15.00\u20ac<\/p>\n<p>[\/et_pb_text][\/et_pb_column][\/et_pb_row][\/et_pb_section]<\/p>\n","protected":false},"excerpt":{"rendered":"<p>PublicacionesEn la recepci\u00f3n del Museo Can Tintur\u00e9 puede encontrar una peque\u00f1a tienda con diferentes publicaciones sobre los contenidos de los museos, as\u00ed como toda una serie de productos, de los que destacamos la colecci\u00f3n de azulejos reproducidas de la antigua f\u00e1brica Pujol i Bausis. T\u00edtulo: En Fanguet i els tres Reis Autor\u00eda: Texto: Marta Salin\u00e9 [&hellip;]<\/p>\n","protected":false},"author":1,"featured_media":0,"parent":0,"menu_order":0,"comment_status":"open","ping_status":"open","template":"","meta":{"_et_pb_use_builder":"on","_et_pb_old_content":"","_et_gb_content_width":"","_uag_custom_page_level_css":"","footnotes":""},"class_list":["post-22238","page","type-page","status-publish","hentry"],"uagb_featured_image_src":{"full":false,"thumbnail":false,"medium":false,"medium_large":false,"large":false,"1536x1536":false,"2048x2048":false,"et-pb-post-main-image":false,"et-pb-post-main-image-fullwidth":false,"et-pb-portfolio-image":false,"et-pb-portfolio-module-image":false,"et-pb-portfolio-image-single":false,"et-pb-gallery-module-image-portrait":false,"et-pb-post-main-image-fullwidth-large":false,"et-pb-image--responsive--desktop":false,"et-pb-image--responsive--tablet":false,"et-pb-image--responsive--phone":false},"uagb_author_info":{"display_name":"alpha","author_link":"https:\/\/museus.esplugues.cat\/es\/author\/alpha"},"uagb_comment_info":0,"uagb_excerpt":"PublicacionesEn la recepci\u00f3n del Museo Can Tintur\u00e9 puede encontrar una peque\u00f1a tienda con diferentes publicaciones sobre los contenidos de los museos, as\u00ed como toda una serie de productos, de los que destacamos la colecci\u00f3n de azulejos reproducidas de la antigua f\u00e1brica Pujol i Bausis. T\u00edtulo: En Fanguet i els tres Reis Autor\u00eda: Texto: Marta Salin\u00e9&hellip;","_links":{"self":[{"href":"https:\/\/museus.esplugues.cat\/es\/wp-json\/wp\/v2\/pages\/22238","targetHints":{"allow":["GET"]}}],"collection":[{"href":"https:\/\/museus.esplugues.cat\/es\/wp-json\/wp\/v2\/pages"}],"about":[{"href":"https:\/\/museus.esplugues.cat\/es\/wp-json\/wp\/v2\/types\/page"}],"author":[{"embeddable":true,"href":"https:\/\/museus.esplugues.cat\/es\/wp-json\/wp\/v2\/users\/1"}],"replies":[{"embeddable":true,"href":"https:\/\/museus.esplugues.cat\/es\/wp-json\/wp\/v2\/comments?post=22238"}],"version-history":[{"count":5,"href":"https:\/\/museus.esplugues.cat\/es\/wp-json\/wp\/v2\/pages\/22238\/revisions"}],"predecessor-version":[{"id":30766,"href":"https:\/\/museus.esplugues.cat\/es\/wp-json\/wp\/v2\/pages\/22238\/revisions\/30766"}],"wp:attachment":[{"href":"https:\/\/museus.esplugues.cat\/es\/wp-json\/wp\/v2\/media?parent=22238"}],"curies":[{"name":"wp","href":"https:\/\/api.w.org\/{rel}","templated":true}]}}