{"id":22438,"date":"2018-05-03T08:05:42","date_gmt":"2018-05-03T08:05:42","guid":{"rendered":"http:\/\/s712081921.mialojamiento.es\/coleccion-de-piezas-en-relieve-de-pujol-i-bausis"},"modified":"2022-12-19T11:30:00","modified_gmt":"2022-12-19T10:30:00","slug":"coleccion-de-piezas-en-relieve-de-pujol-i-bausis","status":"publish","type":"page","link":"https:\/\/museus.esplugues.cat\/es\/coleccion-de-piezas-en-relieve-de-pujol-i-bausis","title":{"rendered":"Colecci\u00f3n de piezas en relieve de Pujol i Bausis"},"content":{"rendered":"<p>[et_pb_section fb_built=\u00bb1&#8243; _builder_version=\u00bb4.4.7&#8243; use_background_color_gradient=\u00bbon\u00bb background_color_gradient_start=\u00bb#8c944d\u00bb background_color_gradient_end=\u00bbrgba(140,148,77,0.21)\u00bb background_color_gradient_direction=\u00bb130deg\u00bb background_color_gradient_start_position=\u00bb49%\u00bb background_color_gradient_end_position=\u00bb18%\u00bb background_image=\u00bbhttps:\/\/museus.esplugues.cat\/wp-content\/uploads\/2020\/06\/R009.jpg\u00bb background_size=\u00bbcontain\u00bb background_repeat=\u00bbrepeat\u00bb background_blend=\u00bbmultiply\u00bb global_colors_info=\u00bb{}\u00bb][et_pb_row column_structure=\u00bb2_3,1_3&#8243; _builder_version=\u00bb4.0.7&#8243; global_colors_info=\u00bb{}\u00bb][et_pb_column type=\u00bb2_3&#8243; _builder_version=\u00bb4.0.7&#8243; global_colors_info=\u00bb{}\u00bb][et_pb_text _builder_version=\u00bb4.4.7&#8243; header_font=\u00bb|300|||||||\u00bb header_text_color=\u00bb#ffffff\u00bb header_font_size=\u00bb50px\u00bb header_font_size_tablet=\u00bb\u00bb header_font_size_phone=\u00bb30px\u00bb header_font_size_last_edited=\u00bbon|desktop\u00bb global_colors_info=\u00bb{}\u00bb]<\/p>\n<h1>Colecci\u00f3n de piezas en relieve de Pujol i Bausis<\/h1>\n<p>[\/et_pb_text][\/et_pb_column][et_pb_column type=\u00bb1_3&#8243; _builder_version=\u00bb4.0.7&#8243; global_colors_info=\u00bb{}\u00bb][\/et_pb_column][\/et_pb_row][\/et_pb_section][et_pb_section fb_built=\u00bb1&#8243; admin_label=\u00bbsection\u00bb _builder_version=\u00bb3.22&#8243; global_colors_info=\u00bb{}\u00bb][et_pb_row admin_label=\u00bbrow\u00bb _builder_version=\u00bb3.25&#8243; background_size=\u00bbinitial\u00bb background_position=\u00bbtop_left\u00bb background_repeat=\u00bbrepeat\u00bb custom_padding=\u00bb0px|||||\u00bb global_colors_info=\u00bb{}\u00bb][et_pb_column type=\u00bb4_4&#8243; _builder_version=\u00bb3.25&#8243; custom_padding=\u00bb|||\u00bb global_colors_info=\u00bb{}\u00bb custom_padding__hover=\u00bb|||\u00bb][et_pb_text admin_label=\u00bbText\u00bb _builder_version=\u00bb4.4.7&#8243; background_size=\u00bbinitial\u00bb background_position=\u00bbtop_left\u00bb background_repeat=\u00bbrepeat\u00bb global_colors_info=\u00bb{}\u00bb]<\/p>\n<p>&nbsp;<\/p>\n<p>A la recepci\u00f3n del Museo Can Tintur\u00e9 puede encontrar una peque\u00f1a tienda con diferentes publicaciones sobre los contenidos de los museos, as\u00ed como toda una serie de productos, de los que destacamos la colecci\u00f3n de azulejos reproducidas de la antigua f\u00e1brica Pujol i Bausis.<\/p>\n<p>&nbsp;<\/p>\n<p>[\/et_pb_text][\/et_pb_column][\/et_pb_row][et_pb_row column_structure=\u00bb1_3,1_3,1_3&#8243; _builder_version=\u00bb4.2&#8243; global_colors_info=\u00bb{}\u00bb][et_pb_column type=\u00bb1_3&#8243; _builder_version=\u00bb4.2&#8243; global_colors_info=\u00bb{}\u00bb][et_pb_text _builder_version=\u00bb4.2&#8243; custom_margin=\u00bb||0px|||\u00bb global_colors_info=\u00bb{}\u00bb]<a href=\"https:\/\/museus.esplugues.cat\/wp-content\/uploads\/2014\/01\/re.jpg\"><img loading=\"lazy\" decoding=\"async\" class=\"alignnone size-full wp-image-3019\" src=\"https:\/\/museus.esplugues.cat\/wp-content\/uploads\/2014\/01\/re.jpg\" alt=\"MEL-Rajola modernista. Lle\u00f3 Morera Barcelona Dom\u00e8nech i Montaner\" width=\"215\" height=\"227\" \/><\/a>[\/et_pb_text][et_pb_text _builder_version=\u00bb4.4.7&#8243; global_colors_info=\u00bb{}\u00bb]<\/p>\n<p><strong>Descripci\u00f3n<\/strong>:<br \/>Modelo de azulejo aplicado en la casa Lle\u00f3 Morera de Barcelona, obra de Llu\u00eds Dom\u00e8nech i Montaner. Colecci\u00f3n de azulejos en relieve Pujol i Bausis, n\u00fam. 1, 2008.<br \/> <strong>Preu<\/strong>: 20,00\u20ac<\/p>\n<p>[\/et_pb_text][\/et_pb_column][et_pb_column type=\u00bb1_3&#8243; _builder_version=\u00bb4.2&#8243; global_colors_info=\u00bb{}\u00bb][et_pb_text _builder_version=\u00bb4.2&#8243; custom_margin=\u00bb||19px|||\u00bb custom_padding=\u00bb||8px|||\u00bb global_colors_info=\u00bb{}\u00bb]<a href=\"https:\/\/museus.esplugues.cat\/wp-content\/uploads\/2014\/01\/bf.jpg\"><img loading=\"lazy\" decoding=\"async\" class=\"alignnone size-full wp-image-3020\" src=\"https:\/\/museus.esplugues.cat\/wp-content\/uploads\/2014\/01\/bf.jpg\" alt=\"MEL- Rajola modernista. Casa Cargols Hospitalet. Tom\u00e0s i Barba\" width=\"241\" height=\"225\" \/><\/a>[\/et_pb_text][et_pb_text _builder_version=\u00bb4.4.7&#8243; custom_margin=\u00bb-20px|||||\u00bb global_colors_info=\u00bb{}\u00bb]<\/p>\n<p><strong>Descripci\u00f3n<\/strong>:<br \/>Modelo de azulejo aplicado en la casa de los Cargols de Hospitalet de Llobregat, obra del arquitecto Mariano Tom\u00e1s y Barba, y la fuente de Sant Nicasi de Gav\u00e0. Colecci\u00f3n de azulejos em relieve Pujol i Bausis, n\u00fam. 2 2010.<br \/> <strong>Precio<\/strong>: 20,00\u20ac<\/p>\n<p>[\/et_pb_text][\/et_pb_column][et_pb_column type=\u00bb1_3&#8243; _builder_version=\u00bb4.2&#8243; global_colors_info=\u00bb{}\u00bb][et_pb_text _builder_version=\u00bb4.2&#8243; custom_margin=\u00bb||-5px|||\u00bb custom_padding=\u00bb||6px|||\u00bb global_colors_info=\u00bb{}\u00bb]<a href=\"https:\/\/museus.esplugues.cat\/wp-content\/uploads\/2014\/04\/re.jpg\"><img loading=\"lazy\" decoding=\"async\" class=\"alignnone size-full wp-image-3020\" src=\"https:\/\/museus.esplugues.cat\/wp-content\/uploads\/2014\/04\/re.jpg\" alt=\"Imatge Escata Cartonet\" width=\"215\" height=\"200\" \/><\/a>[\/et_pb_text][et_pb_text _builder_version=\u00bb4.4.7&#8243; global_colors_info=\u00bb{}\u00bb]<\/p>\n<p><strong>Descripci\u00f3n<\/strong>:<br \/>Modelo de escama cer\u00e1mica de reflejo met\u00e1lico aplicada en muchas cubiertas de manera habitual, pero no exclusiva, durante el Modernismo. Colecci\u00f3n de azulejos en relieve Pujol i Bausis, n\u00fam. 3, 2012.<br \/> <strong>Precio<\/strong>: 20,00\u20ac<\/p>\n<p>[\/et_pb_text][\/et_pb_column][\/et_pb_row][et_pb_row column_structure=\u00bb1_3,1_3,1_3&#8243; _builder_version=\u00bb4.2&#8243; global_colors_info=\u00bb{}\u00bb][et_pb_column type=\u00bb1_3&#8243; _builder_version=\u00bb4.2&#8243; global_colors_info=\u00bb{}\u00bb][et_pb_image src=\u00bbhttps:\/\/museus.esplugues.cat\/wp-content\/uploads\/2020\/02\/peca-relleu-4-2014-1.jpg\u00bb _builder_version=\u00bb4.2&#8243; global_colors_info=\u00bb{}\u00bb][\/et_pb_image][et_pb_text _builder_version=\u00bb4.4.7&#8243; custom_margin=\u00bb7px|||||\u00bb global_colors_info=\u00bb{}\u00bb]<\/p>\n<p><strong>Descripci\u00f3n<\/strong>:<br \/>Modelo de respiradero cer\u00e1mica aplica de manera muy habitual en paredes y techos para dar paso al aire y evitar la entrada de aves. Colecci\u00f3n de azulejos en relieve Pujol i Bausis, n\u00fam. 4, 2,014.<br \/> <strong>Precio<\/strong>: 20,00\u20ac<\/p>\n<p>[\/et_pb_text][\/et_pb_column][et_pb_column type=\u00bb1_3&#8243; _builder_version=\u00bb4.2&#8243; global_colors_info=\u00bb{}\u00bb][et_pb_image src=\u00bbhttps:\/\/museus.esplugues.cat\/wp-content\/uploads\/2020\/02\/1a2.jpg\u00bb _builder_version=\u00bb4.2&#8243; global_colors_info=\u00bb{}\u00bb][\/et_pb_image][et_pb_text _builder_version=\u00bb4.4.9&#8243; custom_margin=\u00bb-3px|||||\u00bb global_colors_info=\u00bb{}\u00bb]<\/p>\n<p><strong>Descripci\u00f3n<\/strong>:<br \/>Esta pieza, en diferentes colores, fue utilizada por diversos arquitectos, como Josep M. Jujol o Ignacio Mas, en la decoraci\u00f3n de sus edificios. En algunas ocasiones, este flor\u00f3n se incrustaba en otras piezas cer\u00e1micas (como por ejemplo, respiraderos) refor\u00e7ant- su efecto decorativo. Colecci\u00f3n de azulejos en relieve Pujol i Bausis, n\u00fam. 5 2014.<br \/> <strong>Precio<\/strong>: 20,00\u20ac<\/p>\n<p>[\/et_pb_text][\/et_pb_column][et_pb_column type=\u00bb1_3&#8243; _builder_version=\u00bb4.2&#8243; global_colors_info=\u00bb{}\u00bb][et_pb_image src=\u00bbhttps:\/\/museus.esplugues.cat\/wp-content\/uploads\/2020\/02\/2Rajola2018-300&#215;300-2.jpg\u00bb _builder_version=\u00bb4.2&#8243; global_colors_info=\u00bb{}\u00bb][\/et_pb_image][et_pb_text _builder_version=\u00bb4.4.9&#8243; custom_margin=\u00bb35px|||||\u00bb global_colors_info=\u00bb{}\u00bb]<\/p>\n<p><strong>Descripci\u00f3n<\/strong>:<\/p>\n<p>Este modelo tiene como motivo central una flor de ocho p\u00e9talos que sobresale de un fondo de hojas entrelazadas. La colocaci\u00f3n y continuidad de cada una de las piezas, una al lado de la otra, formaba la franja decorativa que configuraba el friso. Generalmente, este elemento constructivo ocupaba una parte central del entablamento. En interiores se aplicaba bajo o sobre molduras o la cornisa; en algunos casos, pod\u00eda adquirir la funcionalidad de contrahuella en una escala. Colecci\u00f3n de azulejos en relieve Pujol y Bausis, n\u00fam. 6, 2016.<br \/> <strong>Precio<\/strong>: 20,00\u20ac<\/p>\n<p>[\/et_pb_text][\/et_pb_column][\/et_pb_row][et_pb_row column_structure=\u00bb1_3,1_3,1_3&#8243; _builder_version=\u00bb4.2&#8243; global_colors_info=\u00bb{}\u00bb][et_pb_column type=\u00bb1_3&#8243; _builder_version=\u00bb4.2&#8243; global_colors_info=\u00bb{}\u00bb][et_pb_image src=\u00bbhttps:\/\/museus.esplugues.cat\/wp-content\/uploads\/2020\/12\/Rajola-2020.jpg\u00bb title_text=\u00bbRajola 2020&#8243; _builder_version=\u00bb4.7.6&#8243; global_colors_info=\u00bb{}\u00bb][\/et_pb_image][et_pb_text _builder_version=\u00bb4.7.6&#8243; custom_margin=\u00bb7px|||||\u00bb global_colors_info=\u00bb{}\u00bb]<\/p>\n<p><strong>Descripci\u00f3n<\/strong>:<br \/>Modelo de ladrillo hexagonal de alto relieve tiene como motivo central una flor, de aspecto medieval, con 6 p\u00e9talos denticulats que se alternan con 6 p\u00e9talos m\u00e1s peque\u00f1os que confluyen en un bot\u00f3n central. Tal vez est\u00e1 inspirada en el blavet, una flor silvestre abundante en campos de cereales.<br \/>Su aplicaci\u00f3n se localiza en la Casa Thomas de Barcelona.<\/p>\n<p>Colecci\u00f3n de azulejos en relieve Pujol i Bausis, n\u00fam. 7, 2,020.<br \/> <strong>Precio<\/strong>: 20,00\u20ac<\/p>\n<p>[\/et_pb_text][et_pb_video src=\u00bbhttps:\/\/youtu.be\/mXoXNarb4c4&#8243; _builder_version=\u00bb4.7.6&#8243; _module_preset=\u00bbdefault\u00bb global_colors_info=\u00bb{}\u00bb][\/et_pb_video][\/et_pb_column][et_pb_column _builder_version=\u00bb4.14.2&#8243; _module_preset=\u00bbdefault\u00bb type=\u00bb1_3&#8243;][et_pb_image src=\u00bbhttps:\/\/museus.esplugues.cat\/wp-content\/uploads\/2022\/12\/PIB-8-VOLUM.WEB_-1.jpg\u00bb title_text=\u00bbPIB 8 VOLUM.WEB\u00bb _builder_version=\u00bb4.14.2&#8243; hover_enabled=\u00bb0&#8243; global_colors_info=\u00bb{}\u00bb sticky_enabled=\u00bb0&#8243;][\/et_pb_image][et_pb_text _builder_version=\u00bb4.14.2&#8243; custom_margin=\u00bb7px|||||\u00bb hover_enabled=\u00bb0&#8243; global_colors_info=\u00bb{}\u00bb sticky_enabled=\u00bb0&#8243;]<\/p>\n<p><strong>Descripci\u00f3n<\/strong>:<br \/>Este modelo de baldosa rectangular de alto relieve tiene como motivo central tres<br \/>flores con 5 p\u00e9talos con hojas y tallos.<\/p>\n<p>Su aplicaci\u00f3n se localiza en el trencad\u00eds del<br \/>banco del Park G\u00fcell (1900-1914) y en la Cripta de la Colonia G\u00fcell (1908-1914), obras del arquitecto Antoni Gaud\u00ed y Cornet.<\/p>\n<p>Es el modelo n\u00fam. 16 de frisos de relieve, seg\u00fan los cat\u00e1logos de la f\u00e1brica \u2018Hijo<br \/>de Jaime Pujol y Bausis&#8217;.<\/p>\n<p>Colecci\u00f3n de azulejos en relieve Pujol i Bausis, n\u00fam. 8, 2,020.<br \/><strong>Precio<\/strong>: 20,00\u20ac<\/p>\n<p>[\/et_pb_text][\/et_pb_column][et_pb_column _builder_version=\u00bb4.14.2&#8243; _module_preset=\u00bbdefault\u00bb type=\u00bb1_3&#8243;][\/et_pb_column][\/et_pb_row][\/et_pb_section]<\/p>\n","protected":false},"excerpt":{"rendered":"<p>Colecci\u00f3n de piezas en relieve de Pujol i Bausis&nbsp; A la recepci\u00f3n del Museo Can Tintur\u00e9 puede encontrar una peque\u00f1a tienda con diferentes publicaciones sobre los contenidos de los museos, as\u00ed como toda una serie de productos, de los que destacamos la colecci\u00f3n de azulejos reproducidas de la antigua f\u00e1brica Pujol i Bausis. &nbsp;Descripci\u00f3n:Modelo de [&hellip;]<\/p>\n","protected":false},"author":1,"featured_media":0,"parent":0,"menu_order":0,"comment_status":"open","ping_status":"open","template":"","meta":{"_et_pb_use_builder":"on","_et_pb_old_content":"","_et_gb_content_width":"","_uag_custom_page_level_css":"","footnotes":""},"class_list":["post-22438","page","type-page","status-publish","hentry"],"uagb_featured_image_src":{"full":false,"thumbnail":false,"medium":false,"medium_large":false,"large":false,"1536x1536":false,"2048x2048":false,"et-pb-post-main-image":false,"et-pb-post-main-image-fullwidth":false,"et-pb-portfolio-image":false,"et-pb-portfolio-module-image":false,"et-pb-portfolio-image-single":false,"et-pb-gallery-module-image-portrait":false,"et-pb-post-main-image-fullwidth-large":false,"et-pb-image--responsive--desktop":false,"et-pb-image--responsive--tablet":false,"et-pb-image--responsive--phone":false},"uagb_author_info":{"display_name":"alpha","author_link":"https:\/\/museus.esplugues.cat\/es\/author\/alpha"},"uagb_comment_info":0,"uagb_excerpt":"Colecci\u00f3n de piezas en relieve de Pujol i Bausis&nbsp; A la recepci\u00f3n del Museo Can Tintur\u00e9 puede encontrar una peque\u00f1a tienda con diferentes publicaciones sobre los contenidos de los museos, as\u00ed como toda una serie de productos, de los que destacamos la colecci\u00f3n de azulejos reproducidas de la antigua f\u00e1brica Pujol i Bausis. &nbsp;Descripci\u00f3n:Modelo de&hellip;","_links":{"self":[{"href":"https:\/\/museus.esplugues.cat\/es\/wp-json\/wp\/v2\/pages\/22438","targetHints":{"allow":["GET"]}}],"collection":[{"href":"https:\/\/museus.esplugues.cat\/es\/wp-json\/wp\/v2\/pages"}],"about":[{"href":"https:\/\/museus.esplugues.cat\/es\/wp-json\/wp\/v2\/types\/page"}],"author":[{"embeddable":true,"href":"https:\/\/museus.esplugues.cat\/es\/wp-json\/wp\/v2\/users\/1"}],"replies":[{"embeddable":true,"href":"https:\/\/museus.esplugues.cat\/es\/wp-json\/wp\/v2\/comments?post=22438"}],"version-history":[{"count":5,"href":"https:\/\/museus.esplugues.cat\/es\/wp-json\/wp\/v2\/pages\/22438\/revisions"}],"predecessor-version":[{"id":36096,"href":"https:\/\/museus.esplugues.cat\/es\/wp-json\/wp\/v2\/pages\/22438\/revisions\/36096"}],"wp:attachment":[{"href":"https:\/\/museus.esplugues.cat\/es\/wp-json\/wp\/v2\/media?parent=22438"}],"curies":[{"name":"wp","href":"https:\/\/api.w.org\/{rel}","templated":true}]}}