{"id":22457,"date":"2018-05-03T08:33:03","date_gmt":"2018-05-03T08:33:03","guid":{"rendered":"http:\/\/s712081921.mialojamiento.es\/objetos-de-regalo"},"modified":"2020-07-08T12:13:20","modified_gmt":"2020-07-08T10:13:20","slug":"objetos-de-regalo","status":"publish","type":"page","link":"https:\/\/museus.esplugues.cat\/es\/objetos-de-regalo","title":{"rendered":"Objetos de regalo"},"content":{"rendered":"<p>[et_pb_section fb_built=\u00bb1&#8243; _builder_version=\u00bb4.0.7&#8243; background_color=\u00bb#eeefe4&#8243; custom_margin_tablet=\u00bb\u00bb custom_margin_phone=\u00bb0px||0px||false|false\u00bb custom_margin_last_edited=\u00bbon|phone\u00bb custom_padding=\u00bb0px||0px||false|false\u00bb][et_pb_row _builder_version=\u00bb4.0.7&#8243;][et_pb_column type=\u00bb4_4&#8243; _builder_version=\u00bb4.0.7&#8243;][et_pb_text _builder_version=\u00bb4.4.9&#8243; header_font=\u00bb|300|||||||\u00bb header_font_size=\u00bb50px\u00bb custom_margin_tablet=\u00bb\u00bb custom_margin_phone=\u00bb0px||0px||false|false\u00bb custom_margin_last_edited=\u00bbon|phone\u00bb custom_padding=\u00bb0px||0px||false|false\u00bb hover_enabled=\u00bb0&#8243; header_font_size_tablet=\u00bb\u00bb header_font_size_phone=\u00bb35px\u00bb header_font_size_last_edited=\u00bbon|phone\u00bb]<\/p>\n<h1>Objetos de regalo<\/h1>\n<p>[\/et_pb_text][\/et_pb_column][\/et_pb_row][\/et_pb_section][et_pb_section fb_built=\u00bb1&#8243; admin_label=\u00bbsection\u00bb _builder_version=\u00bb3.22&#8243;][et_pb_row admin_label=\u00bbrow\u00bb _builder_version=\u00bb3.25&#8243; background_size=\u00bbinitial\u00bb background_position=\u00bbtop_left\u00bb background_repeat=\u00bbrepeat\u00bb custom_padding=\u00bb||0px|||\u00bb][et_pb_column type=\u00bb4_4&#8243; _builder_version=\u00bb3.25&#8243; custom_padding=\u00bb|||\u00bb custom_padding__hover=\u00bb|||\u00bb][et_pb_text admin_label=\u00bbText\u00bb _builder_version=\u00bb4.4.7&#8243; background_size=\u00bbinitial\u00bb background_position=\u00bbtop_left\u00bb background_repeat=\u00bbrepeat\u00bb]<\/p>\n<p>A la recepci\u00f3n del Museo Can Tintur\u00e9 puede encontrar una peque\u00f1a tienda con diferentes publicaciones sobre los contenidos de los museos, as\u00ed como toda una serie de productos, de los que destacamos la colecci\u00f3n de azulejos reproducidas de la antigua f\u00e1brica Pujol i Bausis.<\/p>\n<p>&nbsp;<\/p>\n<p>&nbsp;<\/p>\n<p>[\/et_pb_text][\/et_pb_column][\/et_pb_row][et_pb_row _builder_version=\u00bb4.2&#8243;][et_pb_column type=\u00bb4_4&#8243; _builder_version=\u00bb4.2&#8243;][et_pb_text _builder_version=\u00bb4.4.7&#8243;]<\/p>\n<h2>Imanes<\/h2>\n<p>[\/et_pb_text][\/et_pb_column][\/et_pb_row][et_pb_row column_structure=\u00bb1_3,1_3,1_3&#8243; _builder_version=\u00bb4.2&#8243;][et_pb_column type=\u00bb1_3&#8243; _builder_version=\u00bb4.2&#8243;][et_pb_text _builder_version=\u00bb4.4.7&#8243;]<\/p>\n<p><img loading=\"lazy\" decoding=\"async\" class=\"alignnone size-full wp-image-3063\" src=\"https:\/\/museus.esplugues.cat\/wp-content\/uploads\/2014\/01\/iman.jpg\" alt=\"Iman del model de rajola anomenat \u201cou ferrat\u201d. Barcelona, segle XIX.\" width=\"300\" height=\"404\" \/><\/p>\n<p><strong>Descripci\u00f3n<\/strong>: Iman del modelo de azulejo llamado \u00abou fregit\u00bb. Barcelona, siglo XIX.<br \/> <strong>Precio<\/strong>: 2.04\u20ac<\/p>\n<p>[\/et_pb_text][\/et_pb_column][et_pb_column type=\u00bb1_3&#8243; _builder_version=\u00bb4.2&#8243;][et_pb_text _builder_version=\u00bb4.4.7&#8243;]<\/p>\n<p><a href=\"\/wp-content\/uploads\/2014\/01\/iman2.jpg\"><img loading=\"lazy\" decoding=\"async\" class=\"alignnone size-full wp-image-3064\" src=\"\/wp-content\/uploads\/2014\/01\/iman2.jpg\" alt=\"Iman del model de rajola anomenat \u201cfulla de bleda\u201d. Val\u00e8ncia, segles XVI-XVII.\" width=\"300\" height=\"404\" \/><\/a><\/p>\n<p><strong>Descripci\u00f3n<\/strong>: Iman del modelo de azulejo llamado \u00abfulla de bleda\u00bb. Valencia, siglos XVI-XVII.<br \/> <strong>Precio<\/strong>: 2.04\u20ac<\/p>\n<p>[\/et_pb_text][\/et_pb_column][et_pb_column type=\u00bb1_3&#8243; _builder_version=\u00bb4.2&#8243;][et_pb_text _builder_version=\u00bb4.4.7&#8243;]<\/p>\n<p><a href=\"\/wp-content\/uploads\/2014\/01\/iman3.jpg\"><img loading=\"lazy\" decoding=\"async\" class=\"alignnone size-full wp-image-3065\" src=\"\/wp-content\/uploads\/2014\/01\/iman3.jpg\" alt=\"Iman del model de rajola anomenat \u201ccoca\u201d. Barcelona, segles XVIII\" width=\"300\" height=\"404\" \/><\/a><\/p>\n<p><strong>Descripci\u00f3n<\/strong>: Iman del modelo de azulejo llamado \u00abcoca\u00bb. Barcelona, siglos XVIII<br \/> <strong>Precio<\/strong>: 2.04\u20ac<\/p>\n<p>[\/et_pb_text][\/et_pb_column][\/et_pb_row][et_pb_row column_structure=\u00bb1_3,1_3,1_3&#8243; _builder_version=\u00bb4.2&#8243;][et_pb_column type=\u00bb1_3&#8243; _builder_version=\u00bb4.2&#8243;][et_pb_text _builder_version=\u00bb4.4.7&#8243;]<\/p>\n<p><a href=\"\/wp-content\/uploads\/2014\/01\/iman4.jpg\"><img loading=\"lazy\" decoding=\"async\" class=\"alignnone size-full wp-image-3066\" src=\"\/wp-content\/uploads\/2014\/01\/iman4.jpg\" alt=\" Iman del model de rajola anomenat \u201cpastanaga\u201d. Barcelona, segles XVIII\" width=\"300\" height=\"404\" \/><\/a><\/p>\n<p><strong>Descripci\u00f3n<\/strong>: Iman del modelo de azulejo llamado \u00abpastanaga\u00bb. Barcelona, siglos XVIII<br \/> <strong>Precio<\/strong>: 2.04\u20ac<\/p>\n<p>[\/et_pb_text][\/et_pb_column][et_pb_column type=\u00bb1_3&#8243; _builder_version=\u00bb4.2&#8243;][et_pb_text _builder_version=\u00bb4.4.7&#8243; custom_padding=\u00bb||0px|||\u00bb]<\/p>\n<p><a href=\"\/wp-content\/uploads\/2014\/01\/iman-copy.jpg\"><img loading=\"lazy\" decoding=\"async\" class=\"alignnone size-full wp-image-3067\" src=\"\/wp-content\/uploads\/2014\/01\/iman-copy.jpg\" alt=\"Iman del model de rajola anomenat \u201cbotifarra\u201d. Barcelona, segles XVIII\" width=\"300\" height=\"404\" \/><\/a><\/p>\n<p><strong>Descripci\u00f3n<\/strong>: Iman del modelo de azulejo llamado \u00abbotifarra\u00bb. Barcelona, siglos XVIII<br \/> <strong>Precio<\/strong>: 2.04\u20ac<\/p>\n<p>[\/et_pb_text][\/et_pb_column][et_pb_column type=\u00bb1_3&#8243; _builder_version=\u00bb4.2&#8243;][et_pb_image src=\u00bbhttps:\/\/museus.esplugues.cat\/wp-content\/uploads\/2020\/02\/Margarides2017-180&#215;180-1.jpg\u00bb _builder_version=\u00bb4.2&#8243;][\/et_pb_image][et_pb_text _builder_version=\u00bb4.4.7&#8243; custom_padding=\u00bb107px|||||\u00bb]<\/p>\n<div class=\"avia-image-container av-styling- avia-builder-el-19 el_after_av_textblock el_before_av_textblock avia-align-center \"><strong>Descripci\u00f3n<\/strong>: Iman del modelo de azulejo modernista.<\/div>\n<section class=\"av_textblock_section\">\n<div class=\"avia_textblock \">\n<p><strong>Precio<\/strong>: 2.04\u20ac<\/p>\n<\/div>\n<\/section>\n<p>[\/et_pb_text][\/et_pb_column][\/et_pb_row][et_pb_row column_structure=\u00bb1_3,1_3,1_3&#8243; _builder_version=\u00bb4.2&#8243; custom_margin=\u00bb19px|auto||auto||\u00bb][et_pb_column type=\u00bb1_3&#8243; _builder_version=\u00bb4.2&#8243;][et_pb_text _builder_version=\u00bb4.4.7&#8243;]<\/p>\n<p><a href=\"\/wp-content\/uploads\/2014\/01\/iman4.jpg\"><img loading=\"lazy\" decoding=\"async\" class=\"wp-image-28098 aligncenter size-full\" src=\"https:\/\/museus.esplugues.cat\/wp-content\/uploads\/2020\/06\/R001.jpg\" alt=\"\" width=\"239\" height=\"238\" \/><\/a><\/p>\n<p><strong>Descripci\u00f3n<\/strong>: Iman del modelo de azulejo modernista.<\/p>\n<p><strong>Precio<\/strong>: 2.04\u20ac<\/p>\n<p>[\/et_pb_text][\/et_pb_column][et_pb_column type=\u00bb1_3&#8243; _builder_version=\u00bb4.2&#8243;][et_pb_text _builder_version=\u00bb4.4.7&#8243; custom_padding=\u00bb||0px|||\u00bb]<\/p>\n<p><a href=\"\/wp-content\/uploads\/2014\/01\/iman-copy.jpg\"><img loading=\"lazy\" decoding=\"async\" class=\"wp-image-28101 aligncenter size-full\" src=\"https:\/\/museus.esplugues.cat\/wp-content\/uploads\/2020\/06\/R002.jpg\" alt=\"\" width=\"239\" height=\"238\" \/><\/a><\/p>\n<p><strong>Descripci\u00f3n<\/strong>: Iman del modelo de azulejo modernista.<\/p>\n<p><strong>Precio<\/strong>: 2.04\u20ac<\/p>\n<p>[\/et_pb_text][\/et_pb_column][et_pb_column type=\u00bb1_3&#8243; _builder_version=\u00bb4.2&#8243;][et_pb_text _builder_version=\u00bb4.4.7&#8243; custom_padding=\u00bb||0px|||\u00bb]<\/p>\n<p><a href=\"\/wp-content\/uploads\/2014\/01\/iman-copy.jpg\"><img loading=\"lazy\" decoding=\"async\" class=\"wp-image-28104 aligncenter size-full\" src=\"https:\/\/museus.esplugues.cat\/wp-content\/uploads\/2020\/06\/R003.jpg\" alt=\"\" width=\"240\" height=\"239\" \/><\/a><\/p>\n<p><strong>Descripci\u00f3n<\/strong>: Iman del modelo de azulejo modernista.<\/p>\n<p><strong>Precio<\/strong>: 2.04\u20ac<\/p>\n<p>[\/et_pb_text][\/et_pb_column][\/et_pb_row][et_pb_row column_structure=\u00bb1_3,1_3,1_3&#8243; _builder_version=\u00bb4.2&#8243; custom_margin=\u00bb19px|auto||auto||\u00bb][et_pb_column type=\u00bb1_3&#8243; _builder_version=\u00bb4.2&#8243;][et_pb_text _builder_version=\u00bb4.4.7&#8243;]<\/p>\n<p><a href=\"\/wp-content\/uploads\/2014\/01\/iman4.jpg\"><img loading=\"lazy\" decoding=\"async\" class=\"wp-image-28107 aligncenter size-full\" src=\"https:\/\/museus.esplugues.cat\/wp-content\/uploads\/2020\/06\/R006.jpg\" alt=\"\" width=\"240\" height=\"238\" \/><\/a><\/p>\n<p><strong>Descripci\u00f3n<\/strong>: Iman del modelo de azulejo modernista.<\/p>\n<p><strong>Precio<\/strong>: 2.04\u20ac<\/p>\n<p>[\/et_pb_text][\/et_pb_column][et_pb_column type=\u00bb1_3&#8243; _builder_version=\u00bb4.2&#8243;][et_pb_text _builder_version=\u00bb4.4.7&#8243; custom_padding=\u00bb||0px|||\u00bb]<\/p>\n<p><a href=\"\/wp-content\/uploads\/2014\/01\/iman-copy.jpg\"><img loading=\"lazy\" decoding=\"async\" class=\"wp-image-28110 aligncenter size-full\" src=\"https:\/\/museus.esplugues.cat\/wp-content\/uploads\/2020\/06\/R009.jpg\" alt=\"\" width=\"240\" height=\"243\" \/><\/a><\/p>\n<p><strong>Descripci\u00f3n<\/strong>: Iman del modelo de azulejo modernista.<\/p>\n<p><strong>Precio<\/strong>: 2.04\u20ac<\/p>\n<p>[\/et_pb_text][\/et_pb_column][et_pb_column type=\u00bb1_3&#8243; _builder_version=\u00bb4.2&#8243;][et_pb_text _builder_version=\u00bb4.4.7&#8243; custom_padding=\u00bb||0px|||\u00bb]<\/p>\n<p><a href=\"\/wp-content\/uploads\/2014\/01\/iman-copy.jpg\"><img loading=\"lazy\" decoding=\"async\" class=\"wp-image-28113 aligncenter size-full\" src=\"https:\/\/museus.esplugues.cat\/wp-content\/uploads\/2020\/06\/R012.jpg\" alt=\"\" width=\"240\" height=\"245\" \/><\/a><\/p>\n<p><strong>Descripci\u00f3n<\/strong>: Iman de model de rajola modernista.<\/p>\n<p><strong>Precio<\/strong>: 2.04\u20ac<\/p>\n<p>[\/et_pb_text][\/et_pb_column][\/et_pb_row][et_pb_row _builder_version=\u00bb4.2&#8243;][et_pb_column type=\u00bb4_4&#8243; _builder_version=\u00bb4.2&#8243;][et_pb_text _builder_version=\u00bb4.4.7&#8243;]<\/p>\n<h2>Libretas<\/h2>\n<p>[\/et_pb_text][\/et_pb_column][\/et_pb_row][et_pb_row column_structure=\u00bb1_3,1_3,1_3&#8243; _builder_version=\u00bb4.2&#8243;][et_pb_column type=\u00bb1_3&#8243; _builder_version=\u00bb4.2&#8243;][et_pb_text _builder_version=\u00bb4.4.7&#8243;]<\/p>\n<p><a href=\"\/wp-content\/uploads\/2014\/03\/mi.jpg\"><img loading=\"lazy\" decoding=\"async\" class=\"alignnone size-full wp-image-3460\" src=\"\/wp-content\/uploads\/2014\/03\/mi.jpg\" alt=\"Llibreta de 14 x 8cm amb l\u2019arrambador n\u00fam. 30 del cat\u00e0leg de la f\u00e0brica Pujol i Bausis.\" width=\"300\" height=\"513\" \/><\/a><\/p>\n<p><strong>Descripci\u00f3n<\/strong>: Libreta de 14 x 8cm con el pasamanos n\u00fam. 30 del cat\u00e1logo de la f\u00e1brica Pujol i Bausis. Proyecto de Llu\u00eds Br\u00fa, 1910<br \/> <strong>Precio<\/strong>: 2.04\u20ac<\/p>\n<p>[\/et_pb_text][\/et_pb_column][et_pb_column type=\u00bb1_3&#8243; _builder_version=\u00bb4.2&#8243;][et_pb_text _builder_version=\u00bb4.4.7&#8243;]<\/p>\n<p><a href=\"\/wp-content\/uploads\/2014\/01\/llib-mini.jpg\"><img loading=\"lazy\" decoding=\"async\" class=\"alignnone size-full wp-image-3072\" src=\"\/wp-content\/uploads\/2014\/01\/llib-mini.jpg\" alt=\"Llibreta de 14 x 8cm amb l\u2019arrambador n\u00fam. 31 del cat\u00e0leg de la f\u00e0brica Pujol i Bausis. \" width=\"300\" height=\"483\" \/><\/a><\/p>\n<p><strong><\/strong><\/p>\n<p><strong><\/strong><\/p>\n<p><strong>Descripci\u00f3n<\/strong>: Libreta de 14 x 8cm con el pasamanos n\u00fam. 31 del cat\u00e1logo de la f\u00e1brica Pujol i Bausis. Proyecto de Antoni Galliss\u00e0, 1901.<br \/> <strong>Precio<\/strong>: 2.04\u20ac<\/p>\n<p>[\/et_pb_text][\/et_pb_column][et_pb_column type=\u00bb1_3&#8243; _builder_version=\u00bb4.2&#8243;][et_pb_text _builder_version=\u00bb4.4.7&#8243;]<\/p>\n<p><a href=\"\/wp-content\/uploads\/2014\/01\/s.jpg\"><img loading=\"lazy\" decoding=\"async\" class=\"alignnone size-full wp-image-3074\" src=\"\/wp-content\/uploads\/2014\/01\/s.jpg\" alt=\"Llibreta de 14 x 8cm amb l\u2019arrambador n\u00fam. 17 del cat\u00e0leg de la f\u00e0brica Pujol i Bausis. \" width=\"300\" height=\"513\" \/><\/a><\/p>\n<p><strong>Descripci\u00f3n<\/strong>: Libreta de 14 x 8cm con el pasamanos n\u00fam. 17 del cat\u00e1logo de la f\u00e1brica Pujol i Bausis. Proyecto de Adri\u00e0 Gual, ca. 1915.<br \/> <strong>Precio<\/strong>: 2.04\u20ac<\/p>\n<p>[\/et_pb_text][\/et_pb_column][\/et_pb_row][et_pb_row column_structure=\u00bb1_3,1_3,1_3&#8243; _builder_version=\u00bb4.2&#8243;][et_pb_column type=\u00bb1_3&#8243; _builder_version=\u00bb4.2&#8243;][et_pb_image src=\u00bbhttps:\/\/museus.esplugues.cat\/wp-content\/uploads\/2020\/06\/lli.jpg\u00bb title_text=\u00bblli\u00bb _builder_version=\u00bb4.4.7&#8243;][\/et_pb_image][et_pb_text _builder_version=\u00bb4.4.7&#8243;]<\/p>\n<section class=\"av_textblock_section\">\n<div class=\"avia_textblock \"><strong>Descripci\u00f3n<\/strong>: Libreta de 15 x 15cm con modelos de azulejos de los siglos XVI al XVIII de la colecci\u00f3n de azulejos de Salvador Miquel<\/div>\n<\/section>\n<section class=\"av_textblock_section\">\n<div class=\"avia_textblock \">\n<p><strong>Precio<\/strong>: 4.10\u20ac<\/p>\n<\/div>\n<\/section>\n<p>[\/et_pb_text][\/et_pb_column][et_pb_column type=\u00bb1_3&#8243; _builder_version=\u00bb4.2&#8243;][\/et_pb_column][et_pb_column type=\u00bb1_3&#8243; _builder_version=\u00bb4.2&#8243;][\/et_pb_column][\/et_pb_row][et_pb_row _builder_version=\u00bb4.2&#8243;][et_pb_column type=\u00bb4_4&#8243; _builder_version=\u00bb4.2&#8243;][et_pb_text _builder_version=\u00bb4.4.7&#8243;]<\/p>\n<h2>Gomas<\/h2>\n<p>[\/et_pb_text][\/et_pb_column][\/et_pb_row][et_pb_row column_structure=\u00bb1_3,1_3,1_3&#8243; _builder_version=\u00bb4.2&#8243;][et_pb_column type=\u00bb1_3&#8243; _builder_version=\u00bb4.2&#8243;][et_pb_image src=\u00bbhttps:\/\/museus.esplugues.cat\/wp-content\/uploads\/2020\/06\/gomes.jpg\u00bb title_text=\u00bbgomes\u00bb _builder_version=\u00bb4.4.7&#8243;][\/et_pb_image][et_pb_text _builder_version=\u00bb4.4.7&#8243; custom_padding=\u00bb15px|||||\u00bb]<\/p>\n<p><strong>Descripci\u00f3n<\/strong>: Goma con modelo de azulejo aplicado en la casa Lle\u00f3 Morera de Barcelona, obra de Llu\u00eds Dom\u00e8nech i Montaner, producida en la f\u00e1brica Pujol i Bausis.<br \/> <strong>Precio<\/strong>: 2.04\u20ac<\/p>\n<p>[\/et_pb_text][\/et_pb_column][et_pb_column type=\u00bb1_3&#8243; _builder_version=\u00bb4.2&#8243;][et_pb_text _builder_version=\u00bb4.4.7&#8243;]<\/p>\n<p><a href=\"\/wp-content\/uploads\/2014\/01\/goma-amb-model-de-rajola-aplicada.jpeg\"><img loading=\"lazy\" decoding=\"async\" class=\"alignnone size-full wp-image-3862\" src=\"\/wp-content\/uploads\/2014\/01\/goma-amb-model-de-rajola-aplicada.jpeg\" alt=\"Goma amb model de rajola aplicada a l\u2019Hospital de la Santa Creu i Sant Pau de Barcelona, pavell\u00f3 de la \u201cMerc\u00e8\u201d, obra de l\u2019arquitecte Llu\u00eds Dom\u00e8nech i Montaner,\" width=\"300\" height=\"310\" \/><\/a><\/p>\n<p><strong>Descripci\u00f3n<\/strong>: Goma con modelo de azulejo aplicado en el Hospital de la Santa Creu y Sant Pau de Barcelona, pabell\u00f3n de la \u00abMerc\u00e8\u00bb, obra del arquitecto Llu\u00eds Dom\u00e8nech i Montaner, producida en la f\u00e1brica Pujol i Bausis.<br \/> <strong>Precio<\/strong>: 2.04\u20ac<\/p>\n<p>[\/et_pb_text][\/et_pb_column][et_pb_column type=\u00bb1_3&#8243; _builder_version=\u00bb4.2&#8243;][et_pb_text _builder_version=\u00bb4.4.7&#8243;]<\/p>\n<p><a href=\"\/wp-content\/uploads\/2014\/01\/MEL-Goma-model-de-rajola-Hospital-de-Sant-Pau.jpg\"><img loading=\"lazy\" decoding=\"async\" class=\"alignnone size-full wp-image-3078\" src=\"\/wp-content\/uploads\/2014\/01\/MEL-Goma-model-de-rajola-Hospital-de-Sant-Pau.jpg\" alt=\"Goma amb model de rajola aplicada en una antiga lleteria al carrer Bonavista n\u00fam. 40 de Sant Just Desvern\" width=\"300\" height=\"296\" \/><br \/><\/a><\/p>\n<p><strong><\/strong><\/p>\n<p><strong>Descripci\u00f3n<\/strong>: Goma con modelo de azulejo aplicado en una antigua lecher\u00eda en la calle Bonavista n\u00fam. 40 de Sant Just Desvern, producida en la f\u00e1brica Pujol i Bausis.<br \/> <strong>Precio<\/strong>: 2.04\u20ac<\/p>\n<p>[\/et_pb_text][\/et_pb_column][\/et_pb_row][et_pb_row _builder_version=\u00bb4.2&#8243;][et_pb_column type=\u00bb4_4&#8243; _builder_version=\u00bb4.2&#8243;][et_pb_text _builder_version=\u00bb4.4.7&#8243;]<\/p>\n<h2>Figuras<\/h2>\n<p>[\/et_pb_text][\/et_pb_column][\/et_pb_row][et_pb_row column_structure=\u00bb1_3,1_3,1_3&#8243; _builder_version=\u00bb4.2&#8243;][et_pb_column type=\u00bb1_3&#8243; _builder_version=\u00bb4.2&#8243;][et_pb_text _builder_version=\u00bb4.4.7&#8243;]<\/p>\n<p><a href=\"\/wp-content\/uploads\/2014\/01\/Fanguet-ceramic1.jpg\"><img loading=\"lazy\" decoding=\"async\" class=\"alignnone size-full wp-image-3359\" src=\"\/wp-content\/uploads\/2014\/01\/Fanguet-ceramic1.jpg\" alt=\"Fanguet cer\u00e0mic\" width=\"700\" height=\"1112\" \/><\/a><\/p>\n<p><strong>Descripci\u00f3n<\/strong>: Figura de cer\u00e1mica pintada de Fanguet, el escudeller real de Esplugues.<br \/> <strong>Precio<\/strong>: 12.31\u20ac<\/p>\n<p>[\/et_pb_text][\/et_pb_column][et_pb_column type=\u00bb1_3&#8243; _builder_version=\u00bb4.2&#8243;][et_pb_text _builder_version=\u00bb4.4.7&#8243;]<\/p>\n<p><a href=\"\/wp-content\/uploads\/2014\/01\/Fanguet-fang-petit.jpg\"><img loading=\"lazy\" decoding=\"async\" class=\"alignnone size-full wp-image-3058\" src=\"\/wp-content\/uploads\/2014\/01\/Fanguet-fang-petit.jpg\" alt=\"Fanguet de fang \" width=\"350\" height=\"558\" \/><\/a><\/p>\n<p><strong>Descripci\u00f3n<\/strong>: Figura de barro para pintar de Fanguet, el escudeller real de Esplugues.<br \/> <strong>Precio<\/strong>: 3.07\u20ac<\/p>\n<p>[\/et_pb_text][\/et_pb_column][et_pb_column type=\u00bb1_3&#8243; _builder_version=\u00bb4.2&#8243;][\/et_pb_column][\/et_pb_row][\/et_pb_section]<\/p>\n","protected":false},"excerpt":{"rendered":"<p>Objetos de regalo A la recepci\u00f3n del Museo Can Tintur\u00e9 puede encontrar una peque\u00f1a tienda con diferentes publicaciones sobre los contenidos de los museos, as\u00ed como toda una serie de productos, de los que destacamos la colecci\u00f3n de azulejos reproducidas de la antigua f\u00e1brica Pujol i Bausis. &nbsp; &nbsp;Imanes Descripci\u00f3n: Iman del modelo de azulejo [&hellip;]<\/p>\n","protected":false},"author":1,"featured_media":0,"parent":0,"menu_order":0,"comment_status":"open","ping_status":"open","template":"","meta":{"_et_pb_use_builder":"on","_et_pb_old_content":"","_et_gb_content_width":"","_uag_custom_page_level_css":"","footnotes":""},"class_list":["post-22457","page","type-page","status-publish","hentry"],"uagb_featured_image_src":{"full":false,"thumbnail":false,"medium":false,"medium_large":false,"large":false,"1536x1536":false,"2048x2048":false,"et-pb-post-main-image":false,"et-pb-post-main-image-fullwidth":false,"et-pb-portfolio-image":false,"et-pb-portfolio-module-image":false,"et-pb-portfolio-image-single":false,"et-pb-gallery-module-image-portrait":false,"et-pb-post-main-image-fullwidth-large":false,"et-pb-image--responsive--desktop":false,"et-pb-image--responsive--tablet":false,"et-pb-image--responsive--phone":false},"uagb_author_info":{"display_name":"alpha","author_link":"https:\/\/museus.esplugues.cat\/es\/author\/alpha"},"uagb_comment_info":0,"uagb_excerpt":"Objetos de regalo A la recepci\u00f3n del Museo Can Tintur\u00e9 puede encontrar una peque\u00f1a tienda con diferentes publicaciones sobre los contenidos de los museos, as\u00ed como toda una serie de productos, de los que destacamos la colecci\u00f3n de azulejos reproducidas de la antigua f\u00e1brica Pujol i Bausis. &nbsp; &nbsp;Imanes Descripci\u00f3n: Iman del modelo de azulejo&hellip;","_links":{"self":[{"href":"https:\/\/museus.esplugues.cat\/es\/wp-json\/wp\/v2\/pages\/22457","targetHints":{"allow":["GET"]}}],"collection":[{"href":"https:\/\/museus.esplugues.cat\/es\/wp-json\/wp\/v2\/pages"}],"about":[{"href":"https:\/\/museus.esplugues.cat\/es\/wp-json\/wp\/v2\/types\/page"}],"author":[{"embeddable":true,"href":"https:\/\/museus.esplugues.cat\/es\/wp-json\/wp\/v2\/users\/1"}],"replies":[{"embeddable":true,"href":"https:\/\/museus.esplugues.cat\/es\/wp-json\/wp\/v2\/comments?post=22457"}],"version-history":[{"count":5,"href":"https:\/\/museus.esplugues.cat\/es\/wp-json\/wp\/v2\/pages\/22457\/revisions"}],"predecessor-version":[{"id":31120,"href":"https:\/\/museus.esplugues.cat\/es\/wp-json\/wp\/v2\/pages\/22457\/revisions\/31120"}],"wp:attachment":[{"href":"https:\/\/museus.esplugues.cat\/es\/wp-json\/wp\/v2\/media?parent=22457"}],"curies":[{"name":"wp","href":"https:\/\/api.w.org\/{rel}","templated":true}]}}