{"id":22611,"date":"2018-05-03T09:49:23","date_gmt":"2018-05-03T09:49:23","guid":{"rendered":"http:\/\/s712081921.mialojamiento.es\/presentacion"},"modified":"2020-07-06T10:12:23","modified_gmt":"2020-07-06T08:12:23","slug":"presentacion","status":"publish","type":"page","link":"https:\/\/museus.esplugues.cat\/es\/presentacion","title":{"rendered":"Presentaci\u00f3n"},"content":{"rendered":"\n[et_pb_section fb_built=\u00bb1&#8243; _builder_version=\u00bb4.2&#8243; use_background_color_gradient=\u00bbon\u00bb background_color_gradient_start=\u00bb#8c944d\u00bb background_color_gradient_end=\u00bbrgba(140,148,77,0.21)\u00bb background_color_gradient_direction=\u00bb130deg\u00bb background_color_gradient_start_position=\u00bb49%\u00bb background_color_gradient_end_position=\u00bb18%\u00bb background_image=\u00bbhttps:\/\/museus.esplugues.cat\/wp-content\/uploads\/2020\/02\/La-Masoveria-presentaci\u00f3.jpg\u00bb background_blend=\u00bbmultiply\u00bb][et_pb_row column_structure=\u00bb2_3,1_3&#8243; _builder_version=\u00bb4.0.7&#8243;][et_pb_column type=\u00bb2_3&#8243; _builder_version=\u00bb4.0.7&#8243;][et_pb_text _builder_version=\u00bb4.4.2&#8243; header_font=\u00bb|300|||||||\u00bb header_text_color=\u00bb#ffffff\u00bb header_font_size=\u00bb50px\u00bb custom_padding=\u00bb34px||0px|||\u00bb header_font_size_tablet=\u00bb\u00bb header_font_size_phone=\u00bb30px\u00bb header_font_size_last_edited=\u00bbon|desktop\u00bb]<h1>Presentaci\u00f3n<\/h1>[\/et_pb_text][\/et_pb_column][et_pb_column type=\u00bb1_3&#8243; _builder_version=\u00bb4.0.7&#8243;][et_pb_button button_url=\u00bb#descripcion\u00bb button_text=\u00bbSobre los museos\u00bb button_alignment=\u00bbcenter\u00bb _builder_version=\u00bb4.4.7&#8243; custom_margin=\u00bb-5px||||false|false\u00bb][\/et_pb_button][et_pb_button button_url=\u00bb#missio\u00bb button_text=\u00bbMisi\u00f3n y visi\u00f3n\u00bb button_alignment=\u00bbcenter\u00bb _builder_version=\u00bb4.4.7&#8243; custom_margin=\u00bb15px||||false|false\u00bb][\/et_pb_button][et_pb_button button_url=\u00bb#transparencia\u00bb button_text=\u00bbValores\u00bb button_alignment=\u00bbcenter\u00bb _builder_version=\u00bb4.4.7&#8243; custom_margin=\u00bb15px||||false|false\u00bb][\/et_pb_button][\/et_pb_column][\/et_pb_row][\/et_pb_section][et_pb_section fb_built=\u00bb1&#8243; _builder_version=\u00bb4.0.7&#8243; custom_margin=\u00bb0px||0px||false|false\u00bb custom_padding=\u00bb0px||0px||false|false\u00bb][et_pb_row column_structure=\u00bb2_5,3_5&#8243; use_custom_gutter=\u00bbon\u00bb gutter_width=\u00bb4&#8243; _builder_version=\u00bb4.2&#8243; custom_margin=\u00bb||0px||false|false\u00bb custom_padding=\u00bb||0px||false|false\u00bb][et_pb_column type=\u00bb2_5&#8243; _builder_version=\u00bb4.0.7&#8243;][et_pb_text module_id=\u00bbdescripcion\u00bb _builder_version=\u00bb4.4.7&#8243; header_3_font=\u00bb|300||on|||||\u00bb custom_margin=\u00bb||20px||false|false\u00bb custom_padding=\u00bb||0px||false|false\u00bb]<p>Con el nombre de Museos de Esplugues englobamos dos equipamientos muse\u00edsticos: Can Tintur\u00e9 y \u00abLa Rajoleta\u00bb, los cuales comparten tem\u00e1tica y complementan un mismo discurso sobre la cer\u00e1mica de construcci\u00f3n. Los dos espacios est\u00e1n emplazados geogr\u00e1ficamente el uno frente al otro, separados por el paso de la calle de l\u2019Esgl\u00e9sia.<\/p>\n<p>El edificio de La Masoveria -que sustituye a la antigua Masoveria de Can Tintur\u00e9- cumple las funciones auxiliares de los museos: sala de actos polivalente, sala de reuniones, oficinas de administraci\u00f3n y espacio de reserva de los fondos y de las colecciones.<\/p>[\/et_pb_text][et_pb_divider _builder_version=\u00bb4.2&#8243; custom_margin=\u00bb0px||0px||false|false\u00bb custom_padding=\u00bb0px||0px||false|false\u00bb][\/et_pb_divider][\/et_pb_column][et_pb_column type=\u00bb3_5&#8243; _builder_version=\u00bb4.0.7&#8243;][et_pb_gallery gallery_ids=\u00bb29946,29944,29950&#8243; fullwidth=\u00bbon\u00bb _builder_version=\u00bb4.4.7&#8243; width=\u00bb64%\u00bb auto=\u00bbon\u00bb auto_speed=\u00bb3000&#8243;][\/et_pb_gallery][\/et_pb_column][\/et_pb_row][et_pb_row use_custom_gutter=\u00bbon\u00bb gutter_width=\u00bb4&#8243; _builder_version=\u00bb4.2&#8243; custom_padding=\u00bb5px||||false|false\u00bb][et_pb_column type=\u00bb4_4&#8243; _builder_version=\u00bb4.0.7&#8243;][et_pb_text _builder_version=\u00bb4.4.7&#8243; header_3_font=\u00bb|300||on|||||\u00bb]<p>Can Tintur\u00e9 expone la colecci\u00f3n de azulejos de muestra de Salvador Miquel. Un tipo de pieza cer\u00e1mica de producci\u00f3n muy abundante, con una tem\u00e1tica generalmente geom\u00e9trica, cuya repetici\u00f3n reproduce un dibujo de forma infinita. La colecci\u00f3n, b\u00e1sicamente de azulejo catal\u00e1n, cuenta con m\u00e1s de tres mil piezas y abarca desde el s.XIV hasta mediados del s.XIX, es decir, termina cuando se inicia la actividad de la f\u00e1brica \u00abLa Rajoleta\u00bb .<\/p>\n<p>La visita al actual recinto de \u00abLa Rajoleta\u00bb nos introduce en los antecedentes e inicios de la historia y la producci\u00f3n de la f\u00e1brica de cer\u00e1mica \u00abPujol i Bausis\u00bb que durante el Modernismo adquiri\u00f3 un papel de referencia muy destacado. A pesar de la provisionalidad de las instalaciones, la gran variedad y singular tipolog\u00eda de sus hornos dan una cierta excepcionalidad a todo el conjunto.<\/p>[\/et_pb_text][\/et_pb_column][\/et_pb_row][\/et_pb_section][et_pb_section fb_built=\u00bb1&#8243; _builder_version=\u00bb4.0.7&#8243; background_color=\u00bb#efefef\u00bb custom_margin=\u00bb0px||0px||false|false\u00bb custom_padding=\u00bb0px||0px||false|false\u00bb][et_pb_row column_structure=\u00bb1_2,1_2&#8243; use_custom_gutter=\u00bbon\u00bb gutter_width=\u00bb4&#8243; _builder_version=\u00bb4.0.7&#8243;][et_pb_column type=\u00bb1_2&#8243; _builder_version=\u00bb4.0.7&#8243;][et_pb_text module_id=\u00bbmissio\u00bb _builder_version=\u00bb4.4.7&#8243; text_line_height=\u00bb1.5em\u00bb ul_font_size=\u00bb13px\u00bb ul_line_height=\u00bb20px\u00bb header_3_font=\u00bb|300||on|||||\u00bb]<h3>La misi\u00f3n<\/h3>\n<p><span>Su misi\u00f3n consistir\u00e1 en trabajar para conservar, reunir, estudiar, promover y difundir la producci\u00f3n de azulejos de muestra y la historia productiva de la f\u00e1brica Pujol i Bausis, como ejes patrimoniales y de dinamizaci\u00f3n esenciales de la identidad de Esplugues de Llobregat y de la imagen externa de la ciudad, as\u00ed como de la interpretaci\u00f3n de una parte del patrimonio cer\u00e1mico, tanto hist\u00f3rico, como industrial y cultural, de Catalu\u00f1a.<\/span><\/p>[\/et_pb_text][et_pb_text _builder_version=\u00bb4.4.7&#8243; text_line_height=\u00bb1.5em\u00bb ul_font_size=\u00bb13px\u00bb ul_line_height=\u00bb20px\u00bb header_3_font=\u00bb|300||on|||||\u00bb]<h3>los objetivos generales<\/h3>\n<ul>\n<li>\n<p>Estudiar, preservar y difundir in situ \u00abLa Rajoleta\u00bb, un espacio y conjunto patrimonial industrial, \u00fanico en Catalu\u00f1a y en Espa\u00f1a, que pertenece a la memoria colectiva de Espulgues de Llobregat y que es un punto de referencia de la cer\u00e1mica industrial en el pa\u00eds, especialmente durante el Modernismo.<\/p>\n<\/li>\n<li>\n<p>Estudiar, preservar y difundir el azulejo de muestra, como un valor patrimonial de cultura.<\/p>\n<\/li>\n<li>\n<p>Impulsar un espacio vivo de encuentro, de inclusi\u00f3n social, de promoci\u00f3n de la ciencia, el conocimiento, la innovaci\u00f3n y la cultura, abierto al di\u00e1logo y al intercambio de ideas.<\/p>\n<\/li>\n<li>\n<p>Ser un referente de proyecci\u00f3n y de identidad local, capaz de individualizar la ciudad y de ejercer de referente simb\u00f3lico colectivo de su ciudadan\u00eda.<\/p>\n<\/li>\n<\/ul>[\/et_pb_text][\/et_pb_column][et_pb_column type=\u00bb1_2&#8243; _builder_version=\u00bb4.0.7&#8243;][et_pb_text _builder_version=\u00bb4.4.7&#8243; text_line_height=\u00bb1.5em\u00bb ul_font_size=\u00bb13px\u00bb ul_line_height=\u00bb20px\u00bb header_3_font=\u00bb|300||on|||||\u00bb]<h3>La visi\u00f3n<\/h3>\n<p><span>Los Museos de Espulgues de Llobregat aspiran a convertirse en una instituci\u00f3n de referencia y de prestigio del azulejo de muestra y de la cer\u00e1mica industrial y, en especial, la producida durante el Modernismo, cumpliendo sus objetivos dentro de un entorno comprensible y did\u00e1ctico para todos los p\u00fablicos visitantes. Sin embargo, los Museos de Espulgues de Llobregat trabajan para convertirse en un lugar de encuentro y de identificaci\u00f3n para su ciudadan\u00eda, as\u00ed como en un espacio de conocimiento, investigaci\u00f3n e informaci\u00f3n para estudiosos e investigadores.<\/span><\/p>[\/et_pb_text][\/et_pb_column][\/et_pb_row][\/et_pb_section][et_pb_section fb_built=\u00bb1&#8243; _builder_version=\u00bb4.4.2&#8243; background_color=\u00bb#ffffff\u00bb custom_margin=\u00bb0px||0px||false|false\u00bb custom_padding=\u00bb0px||0px||false|false\u00bb][et_pb_row column_structure=\u00bb1_2,1_2&#8243; use_custom_gutter=\u00bbon\u00bb gutter_width=\u00bb4&#8243; _builder_version=\u00bb4.0.7&#8243;][et_pb_column type=\u00bb1_2&#8243; _builder_version=\u00bb4.0.7&#8243;][et_pb_text module_id=\u00bbtransparencia\u00bb _builder_version=\u00bb4.4.7&#8243; text_line_height=\u00bb1.5em\u00bb ul_font_size=\u00bb13px\u00bb ul_line_height=\u00bb20px\u00bb header_3_font=\u00bb|300||on|||||\u00bb custom_margin=\u00bb||8px|||\u00bb]<h3>TRANSPAReNCIA<\/h3>\n<p>Ponemos al alcance de todos la informaci\u00f3n sobre la gesti\u00f3n, servicios y funcionamiento de los museos de Esplugues<\/p>[\/et_pb_text][et_pb_image src=\u00bbhttps:\/\/museus.esplugues.cat\/wp-content\/uploads\/2020\/05\/transpar\u00e8ncia.png\u00bb title_text=\u00bbtranspar\u00e8ncia\u00bb url=\u00bbhttp:\/\/museus.esplugues.cat\/es\/transparencia\u00bb _builder_version=\u00bb4.4.7&#8243; width=\u00bb30%\u00bb module_alignment=\u00bbleft\u00bb hover_enabled=\u00bb0&#8243;][\/et_pb_image][\/et_pb_column][et_pb_column type=\u00bb1_2&#8243; _builder_version=\u00bb4.0.7&#8243;][et_pb_text module_id=\u00bbtransparencia\u00bb _builder_version=\u00bb4.4.7&#8243; text_line_height=\u00bb1.5em\u00bb ul_font_size=\u00bb13px\u00bb ul_line_height=\u00bb20px\u00bb header_3_font=\u00bb|300||on|||||\u00bb custom_margin=\u00bb||18px|||\u00bb]<h3>COMUNIdAd<\/h3>\n<p>Trabajamos en red<\/p>[\/et_pb_text][et_pb_image src=\u00bbhttps:\/\/museus.esplugues.cat\/wp-content\/uploads\/2020\/05\/comunitat.png\u00bb title_text=\u00bbcomunitat\u00bb url=\u00bbhttp:\/\/museus.esplugues.cat\/es\/nuestra-red\u00bb _builder_version=\u00bb4.4.7&#8243; width=\u00bb30%\u00bb module_alignment=\u00bbleft\u00bb custom_margin=\u00bb-1px|||||\u00bb hover_enabled=\u00bb0&#8243;][\/et_pb_image][\/et_pb_column][\/et_pb_row][\/et_pb_section]\n","protected":false},"excerpt":{"rendered":"<p>Presentaci\u00f3nCon el nombre de Museos de Esplugues englobamos dos equipamientos muse\u00edsticos: Can Tintur\u00e9 y \u00abLa Rajoleta\u00bb, los cuales comparten tem\u00e1tica y complementan un mismo discurso sobre la cer\u00e1mica de construcci\u00f3n. Los dos espacios est\u00e1n emplazados geogr\u00e1ficamente el uno frente al otro, separados por el paso de la calle de l\u2019Esgl\u00e9sia. El edificio de La Masoveria [&hellip;]<\/p>\n","protected":false},"author":1,"featured_media":0,"parent":0,"menu_order":0,"comment_status":"open","ping_status":"open","template":"","meta":{"_et_pb_use_builder":"on","_et_pb_old_content":"","_et_gb_content_width":"","_uag_custom_page_level_css":"","footnotes":""},"class_list":["post-22611","page","type-page","status-publish","hentry"],"uagb_featured_image_src":{"full":false,"thumbnail":false,"medium":false,"medium_large":false,"large":false,"1536x1536":false,"2048x2048":false,"et-pb-post-main-image":false,"et-pb-post-main-image-fullwidth":false,"et-pb-portfolio-image":false,"et-pb-portfolio-module-image":false,"et-pb-portfolio-image-single":false,"et-pb-gallery-module-image-portrait":false,"et-pb-post-main-image-fullwidth-large":false,"et-pb-image--responsive--desktop":false,"et-pb-image--responsive--tablet":false,"et-pb-image--responsive--phone":false},"uagb_author_info":{"display_name":"alpha","author_link":"https:\/\/museus.esplugues.cat\/es\/author\/alpha"},"uagb_comment_info":0,"uagb_excerpt":"Presentaci\u00f3nCon el nombre de Museos de Esplugues englobamos dos equipamientos muse\u00edsticos: Can Tintur\u00e9 y \u00abLa Rajoleta\u00bb, los cuales comparten tem\u00e1tica y complementan un mismo discurso sobre la cer\u00e1mica de construcci\u00f3n. Los dos espacios est\u00e1n emplazados geogr\u00e1ficamente el uno frente al otro, separados por el paso de la calle de l\u2019Esgl\u00e9sia. El edificio de La Masoveria&hellip;","_links":{"self":[{"href":"https:\/\/museus.esplugues.cat\/es\/wp-json\/wp\/v2\/pages\/22611","targetHints":{"allow":["GET"]}}],"collection":[{"href":"https:\/\/museus.esplugues.cat\/es\/wp-json\/wp\/v2\/pages"}],"about":[{"href":"https:\/\/museus.esplugues.cat\/es\/wp-json\/wp\/v2\/types\/page"}],"author":[{"embeddable":true,"href":"https:\/\/museus.esplugues.cat\/es\/wp-json\/wp\/v2\/users\/1"}],"replies":[{"embeddable":true,"href":"https:\/\/museus.esplugues.cat\/es\/wp-json\/wp\/v2\/comments?post=22611"}],"version-history":[{"count":5,"href":"https:\/\/museus.esplugues.cat\/es\/wp-json\/wp\/v2\/pages\/22611\/revisions"}],"predecessor-version":[{"id":31002,"href":"https:\/\/museus.esplugues.cat\/es\/wp-json\/wp\/v2\/pages\/22611\/revisions\/31002"}],"wp:attachment":[{"href":"https:\/\/museus.esplugues.cat\/es\/wp-json\/wp\/v2\/media?parent=22611"}],"curies":[{"name":"wp","href":"https:\/\/api.w.org\/{rel}","templated":true}]}}