{"id":27728,"date":"2020-04-02T10:14:07","date_gmt":"2020-04-02T08:14:07","guid":{"rendered":"https:\/\/museus.esplugues.cat\/biennal-ceramica"},"modified":"2025-04-04T09:45:59","modified_gmt":"2025-04-04T07:45:59","slug":"bienalesplugues","status":"publish","type":"page","link":"https:\/\/museus.esplugues.cat\/es\/bienalesplugues","title":{"rendered":"Bienal Cer\u00e1mica"},"content":{"rendered":"<p>[et_pb_section fb_built=\u00bb1&#8243; _builder_version=\u00bb4.16&#8243; use_background_color_gradient=\u00bbon\u00bb background_color_gradient_direction=\u00bb130deg\u00bb background_color_gradient_stops=\u00bb#8c944d 49%|rgba(140,148,77,0.21) 49%\u00bb background_color_gradient_start=\u00bb#8c944d\u00bb background_color_gradient_start_position=\u00bb49%\u00bb background_color_gradient_end=\u00bbrgba(140,148,77,0.21)\u00bb background_color_gradient_end_position=\u00bb18%\u00bb background_image=\u00bbhttps:\/\/museus.esplugues.cat\/wp-content\/uploads\/2020\/04\/Foto-per-cap\u00e7alera.jpg\u00bb background_blend=\u00bbmultiply\u00bb global_colors_info=\u00bb{}\u00bb][et_pb_row column_structure=\u00bb2_3,1_3&#8243; _builder_version=\u00bb4.16&#8243; global_colors_info=\u00bb{}\u00bb][et_pb_column type=\u00bb2_3&#8243; _builder_version=\u00bb4.16&#8243; global_colors_info=\u00bb{}\u00bb][et_pb_text _builder_version=\u00bb4.16&#8243; header_font=\u00bb|300|||||||\u00bb header_text_color=\u00bb#ffffff\u00bb header_font_size=\u00bb50px\u00bb header_font_size_tablet=\u00bb\u00bb header_font_size_phone=\u00bb30px\u00bb header_font_size_last_edited=\u00bbon|desktop\u00bb global_colors_info=\u00bb{}\u00bb]<\/p>\n<h1>Bienal de cer\u00e1mica<\/h1>\n<p>[\/et_pb_text][\/et_pb_column][et_pb_column type=\u00bb1_3&#8243; _builder_version=\u00bb4.16&#8243; global_colors_info=\u00bb{}\u00bb][\/et_pb_column][\/et_pb_row][\/et_pb_section][et_pb_section fb_built=\u00bb1&#8243; _builder_version=\u00bb4.16&#8243; custom_margin=\u00bb0px||0px||false|false\u00bb custom_padding=\u00bb0px||30px||false|false\u00bb global_colors_info=\u00bb{}\u00bb][et_pb_row custom_padding_last_edited=\u00bbon|phone\u00bb _builder_version=\u00bb4.16&#8243; custom_margin=\u00bb0px||0px||false|false\u00bb custom_padding=\u00bb30px||0px||false|false\u00bb custom_padding_tablet=\u00bb\u00bb custom_padding_phone=\u00bb\u00bb border_width_bottom=\u00bb1px\u00bb border_color_bottom=\u00bb#8C944D\u00bb border_style_bottom=\u00bbdotted\u00bb global_colors_info=\u00bb{}\u00bb][et_pb_column type=\u00bb4_4&#8243; _builder_version=\u00bb4.16&#8243; global_colors_info=\u00bb{}\u00bb][et_pb_text _builder_version=\u00bb4.16&#8243; header_2_font=\u00bb|300|||||||\u00bb header_2_font_size=\u00bb30px\u00bb header_2_font_size_tablet=\u00bb\u00bb header_2_font_size_phone=\u00bb25px\u00bb header_2_font_size_last_edited=\u00bbon|phone\u00bb global_colors_info=\u00bb{}\u00bb]<\/p>\n<h2>Bienal internacional de cer\u00e1mica Angelina Al\u00f3s<\/h2>\n<p>[\/et_pb_text][\/et_pb_column][\/et_pb_row][et_pb_row column_structure=\u00bb3_5,2_5&#8243; use_custom_gutter=\u00bbon\u00bb gutter_width=\u00bb4&#8243; _builder_version=\u00bb4.16&#8243; global_colors_info=\u00bb{}\u00bb][et_pb_column type=\u00bb3_5&#8243; _builder_version=\u00bb4.16&#8243; global_colors_info=\u00bb{}\u00bb][et_pb_text _builder_version=\u00bb4.16&#8243; header_3_font=\u00bb|300||on|||||\u00bb global_colors_info=\u00bb{}\u00bb]<\/p>\n<p>La cer\u00e1mica y toda la producci\u00f3n ligada a la arcilla ha sido un punto de referencia en la historia de Esplugues. Desaparecidas las actividades pasadas de los antiguos hornos y ladrilleras, en las \u00faltimas d\u00e9cadas se han ido estableciendo y consolidando nuevas f\u00f3rmulas de continuidad y v\u00ednculo con la cer\u00e1mica. En este planteamiento de reencuentro y proyecci\u00f3n local, cabe destacar la organizaci\u00f3n internacional de la Bienal de Cer\u00e1mica de Esplugues Angelina Al\u00f3s.<\/p>\n<p>Sus or\u00edgenes datan de 1986, cuando el Ayuntamiento de Esplugues institucionaliza la organizaci\u00f3n del Premio de Cer\u00e1mica \u00abCiudad de Esplugues\u00bb que, primero con car\u00e1cter anual y, despu\u00e9s bianual, pretende incitar a los participantes a experimentar y reencontrar nuevas f\u00f3rmulas de expresi\u00f3n art\u00edstica mediante el arte de la cer\u00e1mica.<\/p>\n<p>En memoria del artista y ceramista Angelina Al\u00f3s (Valencia, 1917- Barcelona, 1997), vinculada a la ciudad de Esplugues e impulsora del Premio, en 1998, en el marco de la X edici\u00f3n de la Bienal de Cer\u00e1mica , el certamen incorpor\u00f3 su nombre.<\/p>\n<p>Las piezas premiadas de las \u00faltimas bienales est\u00e1n expuestas en el edificio del Espacio Baronda, donde tambi\u00e9n se expone permanentemente \u00abAngelina Al\u00f3s Tormo, maestra de ceramistas\u00bb con de 31 piezas, dadas por la hija del artista en la ciudad de Esplugues.<\/p>\n<p>[\/et_pb_text][\/et_pb_column][et_pb_column type=\u00bb2_5&#8243; _builder_version=\u00bb4.16&#8243; global_colors_info=\u00bb{}\u00bb][et_pb_image src=\u00bbhttps:\/\/museus.esplugues.cat\/wp-content\/uploads\/2023\/03\/BIENNAL01.jpg\u00bb title_text=\u00bb21 logo BIENNAL\u00bb align=\u00bbcenter\u00bb _builder_version=\u00bb4.27.4&#8243; background_color=\u00bb#221e1f\u00bb hover_enabled=\u00bb0&#8243; global_colors_info=\u00bb{}\u00bb url=\u00bb@ET-DC@eyJkeW5hbWljIjp0cnVlLCJjb250ZW50IjoicG9zdF9saW5rX3VybF9wYWdlIiwic2V0dGluZ3MiOnsicG9zdF9pZCI6IjQzODY2In19@\u00bb _dynamic_attributes=\u00bburl\u00bb sticky_enabled=\u00bb0&#8243;][\/et_pb_image][et_pb_image src=\u00bbhttps:\/\/museus.esplugues.cat\/wp-content\/uploads\/2020\/04\/Foto-per-cap\u00e7alera.jpg\u00bb align=\u00bbcenter\u00bb _builder_version=\u00bb4.27.4&#8243; hover_enabled=\u00bb0&#8243; global_colors_info=\u00bb{}\u00bb url=\u00bb@ET-DC@eyJkeW5hbWljIjp0cnVlLCJjb250ZW50IjoicG9zdF9saW5rX3VybF9wYWdlIiwic2V0dGluZ3MiOnsicG9zdF9pZCI6IjQzODY2In19@\u00bb _dynamic_attributes=\u00bburl\u00bb sticky_enabled=\u00bb0&#8243;][\/et_pb_image][\/et_pb_column][\/et_pb_row][et_pb_row _builder_version=\u00bb4.27.4&#8243; _module_preset=\u00bbdefault\u00bb][et_pb_column _builder_version=\u00bb4.27.4&#8243; _module_preset=\u00bbdefault\u00bb type=\u00bb4_4&#8243;][et_pb_image src=\u00bbhttps:\/\/museus.esplugues.cat\/wp-content\/uploads\/2025\/03\/22Biennal-1080&#215;350-3.jpg\u00bb _builder_version=\u00bb4.27.4&#8243; _module_preset=\u00bbdefault\u00bb title_text=\u00bb22Biennal-1080&#215;350&#8243; hover_enabled=\u00bb0&#8243; sticky_enabled=\u00bb0&#8243; url=\u00bb@ET-DC@eyJkeW5hbWljIjp0cnVlLCJjb250ZW50IjoicG9zdF9saW5rX3VybF9wYWdlIiwic2V0dGluZ3MiOnsicG9zdF9pZCI6IjQzODY2In19@\u00bb _dynamic_attributes=\u00bburl\u00bb align=\u00bbcenter\u00bb width=\u00bb74%\u00bb][\/et_pb_image][\/et_pb_column][\/et_pb_row][et_pb_row column_structure=\u00bb1_2,1_2&#8243; _builder_version=\u00bb4.16&#8243; global_colors_info=\u00bb{}\u00bb][et_pb_column type=\u00bb1_2&#8243; _builder_version=\u00bb4.16&#8243; global_colors_info=\u00bb{}\u00bb][et_pb_image src=\u00bbhttps:\/\/museus.esplugues.cat\/wp-content\/uploads\/2020\/05\/EdicionsAnteriorsB.jpg\u00bb _builder_version=\u00bb4.16&#8243; width=\u00bb79%\u00bb global_colors_info=\u00bb{}\u00bb][\/et_pb_image][et_pb_button button_url=\u00bbhttps:\/\/museus.esplugues.cat\/es\/ediciones-anteriores\u00bb button_text=\u00bbEdiciones anteriores\u00bb button_alignment=\u00bbleft\u00bb _builder_version=\u00bb4.16&#8243; global_colors_info=\u00bb{}\u00bb][\/et_pb_button][\/et_pb_column][et_pb_column type=\u00bb1_2&#8243; _builder_version=\u00bb4.16&#8243; global_colors_info=\u00bb{}\u00bb][et_pb_image src=\u00bbhttps:\/\/museus.esplugues.cat\/wp-content\/uploads\/2020\/05\/AngelinaB.jpg\u00bb _builder_version=\u00bb4.16&#8243; width=\u00bb79%\u00bb global_colors_info=\u00bb{}\u00bb][\/et_pb_image][et_pb_button button_url=\u00bbhttps:\/\/museus.esplugues.cat\/es\/angelina-alos\u00bb button_text=\u00bbAngelina Al\u00f3s, maestra y ceramista\u00bb button_alignment=\u00bbleft\u00bb _builder_version=\u00bb4.16&#8243; global_colors_info=\u00bb{}\u00bb][\/et_pb_button][\/et_pb_column][\/et_pb_row][\/et_pb_section]<\/p>\n","protected":false},"excerpt":{"rendered":"<p>Bienal de cer\u00e1micaBienal internacional de cer\u00e1mica Angelina Al\u00f3sLa cer\u00e1mica y toda la producci\u00f3n ligada a la arcilla ha sido un punto de referencia en la historia de Esplugues. Desaparecidas las actividades pasadas de los antiguos hornos y ladrilleras, en las \u00faltimas d\u00e9cadas se han ido estableciendo y consolidando nuevas f\u00f3rmulas de continuidad y v\u00ednculo con [&hellip;]<\/p>\n","protected":false},"author":2,"featured_media":0,"parent":0,"menu_order":0,"comment_status":"closed","ping_status":"closed","template":"","meta":{"_et_pb_use_builder":"on","_et_pb_old_content":"","_et_gb_content_width":"","_uag_custom_page_level_css":"","footnotes":""},"class_list":["post-27728","page","type-page","status-publish","hentry"],"uagb_featured_image_src":{"full":false,"thumbnail":false,"medium":false,"medium_large":false,"large":false,"1536x1536":false,"2048x2048":false,"et-pb-post-main-image":false,"et-pb-post-main-image-fullwidth":false,"et-pb-portfolio-image":false,"et-pb-portfolio-module-image":false,"et-pb-portfolio-image-single":false,"et-pb-gallery-module-image-portrait":false,"et-pb-post-main-image-fullwidth-large":false,"et-pb-image--responsive--desktop":false,"et-pb-image--responsive--tablet":false,"et-pb-image--responsive--phone":false},"uagb_author_info":{"display_name":"empiezapori","author_link":"https:\/\/museus.esplugues.cat\/es\/author\/empiezapori"},"uagb_comment_info":0,"uagb_excerpt":"Bienal de cer\u00e1micaBienal internacional de cer\u00e1mica Angelina Al\u00f3sLa cer\u00e1mica y toda la producci\u00f3n ligada a la arcilla ha sido un punto de referencia en la historia de Esplugues. Desaparecidas las actividades pasadas de los antiguos hornos y ladrilleras, en las \u00faltimas d\u00e9cadas se han ido estableciendo y consolidando nuevas f\u00f3rmulas de continuidad y v\u00ednculo con&hellip;","_links":{"self":[{"href":"https:\/\/museus.esplugues.cat\/es\/wp-json\/wp\/v2\/pages\/27728","targetHints":{"allow":["GET"]}}],"collection":[{"href":"https:\/\/museus.esplugues.cat\/es\/wp-json\/wp\/v2\/pages"}],"about":[{"href":"https:\/\/museus.esplugues.cat\/es\/wp-json\/wp\/v2\/types\/page"}],"author":[{"embeddable":true,"href":"https:\/\/museus.esplugues.cat\/es\/wp-json\/wp\/v2\/users\/2"}],"replies":[{"embeddable":true,"href":"https:\/\/museus.esplugues.cat\/es\/wp-json\/wp\/v2\/comments?post=27728"}],"version-history":[{"count":5,"href":"https:\/\/museus.esplugues.cat\/es\/wp-json\/wp\/v2\/pages\/27728\/revisions"}],"predecessor-version":[{"id":44422,"href":"https:\/\/museus.esplugues.cat\/es\/wp-json\/wp\/v2\/pages\/27728\/revisions\/44422"}],"wp:attachment":[{"href":"https:\/\/museus.esplugues.cat\/es\/wp-json\/wp\/v2\/media?parent=27728"}],"curies":[{"name":"wp","href":"https:\/\/api.w.org\/{rel}","templated":true}]}}