{"id":27737,"date":"2020-05-25T12:42:21","date_gmt":"2020-05-25T10:42:21","guid":{"rendered":"https:\/\/museus.esplugues.cat\/angelina-alos"},"modified":"2020-05-25T12:45:41","modified_gmt":"2020-05-25T10:45:41","slug":"angelina-alos","status":"publish","type":"page","link":"https:\/\/museus.esplugues.cat\/es\/angelina-alos","title":{"rendered":"Angelina Al\u00f3s"},"content":{"rendered":"<p>[et_pb_section fb_built=\u00bb1&#8243; _builder_version=\u00bb4.0.7&#8243; background_color=\u00bb#eeefe4&#8243; custom_margin_tablet=\u00bb\u00bb custom_margin_phone=\u00bb0px||0px||false|false\u00bb custom_margin_last_edited=\u00bbon|phone\u00bb custom_padding=\u00bb0px||0px||false|false\u00bb][et_pb_row _builder_version=\u00bb4.0.7&#8243;][et_pb_column type=\u00bb4_4&#8243; _builder_version=\u00bb4.0.7&#8243;][et_pb_text _builder_version=\u00bb4.4.2&#8243; header_font=\u00bb|300|||||||\u00bb header_font_size=\u00bb50px\u00bb custom_margin_tablet=\u00bb\u00bb custom_margin_phone=\u00bb0px||0px||false|false\u00bb custom_margin_last_edited=\u00bbon|phone\u00bb custom_padding=\u00bb0px||0px||false|false\u00bb header_font_size_tablet=\u00bb\u00bb header_font_size_phone=\u00bb35px\u00bb header_font_size_last_edited=\u00bbon|phone\u00bb]<\/p>\n<h1>Angelina Al\u00f3s Tormo<\/h1>\n<p>[\/et_pb_text][\/et_pb_column][\/et_pb_row][\/et_pb_section][et_pb_section fb_built=\u00bb1&#8243; _builder_version=\u00bb4.2&#8243; custom_margin=\u00bb0px||0px||false|false\u00bb custom_padding=\u00bb0px||30px||false|false\u00bb][et_pb_row custom_padding_last_edited=\u00bbon|phone\u00bb _builder_version=\u00bb4.0.7&#8243; custom_margin=\u00bb0px||0px||false|false\u00bb custom_padding=\u00bb30px||0px||false|false\u00bb custom_padding_tablet=\u00bb\u00bb custom_padding_phone=\u00bb\u00bb border_width_bottom=\u00bb1px\u00bb border_color_bottom=\u00bb#8C944D\u00bb border_style_bottom=\u00bbdotted\u00bb][et_pb_column type=\u00bb4_4&#8243; _builder_version=\u00bb4.0.7&#8243;][et_pb_text _builder_version=\u00bb4.4.7&#8243; header_2_font=\u00bb|300|||||||\u00bb header_2_font_size=\u00bb30px\u00bb hover_enabled=\u00bb0&#8243; header_2_font_size_tablet=\u00bb\u00bb header_2_font_size_phone=\u00bb25px\u00bb header_2_font_size_last_edited=\u00bbon|phone\u00bb]<\/p>\n<h2>Maestra de ceramistas<\/h2>\n<p>[\/et_pb_text][\/et_pb_column][\/et_pb_row][et_pb_row column_structure=\u00bb3_5,2_5&#8243; use_custom_gutter=\u00bbon\u00bb gutter_width=\u00bb4&#8243; _builder_version=\u00bb4.0.7&#8243;][et_pb_column type=\u00bb3_5&#8243; _builder_version=\u00bb4.0.7&#8243;][et_pb_text _builder_version=\u00bb4.4.7&#8243; header_3_font=\u00bb|300||on|||||\u00bb hover_enabled=\u00bb0&#8243;]<\/p>\n<p><strong>Angelina Al\u00f3s<\/strong> (Valencia 1917- Barcelona 1997) fue una adelantada a su tiempo como artista y como mujer, en unos momentos en que el arte de la cer\u00e1mica era ejercido mayoritariamente por hombres. Su concepci\u00f3n de la cer\u00e1mica como arte en may\u00fasculas y su obra poco convencional, la convirtieron en precursora y referente de artistas posteriores.<\/p>\n<p>Naci\u00f3 en Valencia en una familia con profundas ra\u00edces art\u00edsticas: su padre era el ceramista J.B. Al\u00f3s, que a principios de siglo hab\u00eda sido director art\u00edstico de la f\u00e1brica Pujol i Bausis, \u00abLa Rajoleta\u00bb y su madre, Esperanza Tormo, era profesora de m\u00fasica y compositora.<\/p>\n<p>Angelina creci\u00f3 en un ambiente de creatividad, hasta el punto que ella misma formarse, tanto en la cer\u00e1mica como en la m\u00fasica, como violonchelista, vertiente que dejar\u00eda en segundo plano para dedicarse profesionalmente a la cer\u00e1mica.<\/p>\n<p>En 1946, al terminar sus estudios de pintura, arte y decoraci\u00f3n, obtiene una plaza como profesora en la Escuela del Trabajo, tarea que desempe\u00f1\u00f3 de manera pr\u00e1cticamente ininterrumpida hasta su jubilaci\u00f3n en 1984.<\/p>\n<p>En paralelo, Angelina Al\u00f3s desarroll\u00f3 una carrera larga y reconocida como ceramista. En 1951 establece su taller-estudio en Esplugues, ciudad con la que siempre estuvo muy unida y desde la que producir\u00e1 la mayor\u00eda de sus creaciones cer\u00e1micas. Su obra se caracteriza por un tratamiento innovador de las formas y las texturas, y por un uso, frecuente y caracter\u00edstico, los esmaltes azules en todas sus variantes.<\/p>\n<p>Angelina era vers\u00e1til, y produjo desde piezas de menor formato hasta grandes murales de gres y refractario ubicados en espacios p\u00fablicos destacados. A lo largo de su carrera expuso de manera peri\u00f3dica en salas de Barcelona, Madrid o Valencia. Tambi\u00e9n lo hizo en proyectos internacionales en Cuba, Roma, Washington, Par\u00eds, Buenos Aires o Nueva York, entre otros. Podemos encontrar obras de Angelina Al\u00f3s en museos nacionales e internacionales, y en numerosas colecciones privadas.<\/p>\n<p>En 1998 el Ayuntamiento de Esplugues puso el nombre de Angelina Al\u00f3s a la actual Bienal Internacional de Cer\u00e1mica de Esplugues, en reconocimiento a su labor. En el edificio Baronda de Esplugues se puede visitar la muestra Angelina Al\u00f3s, maestra de ceramistas, con 35 piezas cedidas por su hija en la ciudad de Esplugues. El a\u00f1o 2019 el Ayuntamiento de Barcelona puso en una plaza del barrio de Sarri\u00e0 el nombre del artista.<\/p>\n<p>[\/et_pb_text][\/et_pb_column][et_pb_column type=\u00bb2_5&#8243; _builder_version=\u00bb4.0.7&#8243;][et_pb_image src=\u00bbhttps:\/\/museus.esplugues.cat\/wp-content\/uploads\/2020\/04\/Angelina-Alos.jpg\u00bb _builder_version=\u00bb4.4.2&#8243; custom_margin=\u00bb||16px|||\u00bb][\/et_pb_image][et_pb_text _builder_version=\u00bb4.4.7&#8243; module_alignment=\u00bbleft\u00bb custom_margin=\u00bb||10px||false|false\u00bb custom_padding=\u00bb||19px|||\u00bb hover_enabled=\u00bb0&#8243;]<\/p>\n<h6>Fotograf\u00eda<\/h6>\n<p><strong>Angelina Al\u00f3s en su taller de Esplugues<\/strong>.<strong>\u00a0<\/strong><em>Foto cedida por Emili Sempere Ferr\u00e0ndiz<\/em><\/p>\n<p>[\/et_pb_text][et_pb_button button_url=\u00bb\/?p=26496&#8243; button_text=\u00bbColecci\u00f3n Angelina Al\u00f3s\u00bb button_alignment=\u00bbleft\u00bb _builder_version=\u00bb4.4.7&#8243; custom_margin=\u00bb||31px|||\u00bb hover_enabled=\u00bb0&#8243;][\/et_pb_button][et_pb_text _builder_version=\u00bb4.4.7&#8243; hover_enabled=\u00bb0&#8243;]<\/p>\n<h3>M\u00e1s informaci\u00f3m<\/h3>\n<ul>\n<li><a href=\"http:\/\/museus.esplugues.cat\/wp-content\/uploads\/2019\/02\/AngelinaAlosCATW.pdf\">Angelina Al\u00f3s<\/a><\/li>\n<\/ul>\n<h3><\/h3>\n<h3>Articulos relacionados<\/h3>\n<ul>\n<li><a href=\"http:\/\/museus.esplugues.cat\/homenatge-a-angelina-alos-2\">Art, m\u00fasica i emoci\u00f3 en la cloenda de l\u2019Any Angelina Al\u00f3s<\/a><\/li>\n<li><a href=\"http:\/\/museus.esplugues.cat\/100-anys-del-naixement-dangelina-alos-3\">100 anys del naixement d\u2019Angelina Al\u00f3s<\/a><\/li>\n<li><a href=\"https:\/\/beteve.cat\/societat\/cinc-nom-dones-espais-sarria-sant-gervasi\/\">Cinc espais de Sarri\u00e0 \u2013 Sant Gervasi, batejats amb el nom de sis dones<\/a><\/li>\n<\/ul>\n<p>[\/et_pb_text][\/et_pb_column][\/et_pb_row][\/et_pb_section]<\/p>\n","protected":false},"excerpt":{"rendered":"<p>Angelina Al\u00f3s TormoMaestra de ceramistas Angelina Al\u00f3s (Valencia 1917- Barcelona 1997) fue una adelantada a su tiempo como artista y como mujer, en unos momentos en que el arte de la cer\u00e1mica era ejercido mayoritariamente por hombres. Su concepci\u00f3n de la cer\u00e1mica como arte en may\u00fasculas y su obra poco convencional, la convirtieron en precursora [&hellip;]<\/p>\n","protected":false},"author":2,"featured_media":0,"parent":0,"menu_order":0,"comment_status":"closed","ping_status":"closed","template":"","meta":{"_et_pb_use_builder":"on","_et_pb_old_content":"","_et_gb_content_width":"","_uag_custom_page_level_css":"","footnotes":""},"class_list":["post-27737","page","type-page","status-publish","hentry"],"uagb_featured_image_src":{"full":false,"thumbnail":false,"medium":false,"medium_large":false,"large":false,"1536x1536":false,"2048x2048":false,"et-pb-post-main-image":false,"et-pb-post-main-image-fullwidth":false,"et-pb-portfolio-image":false,"et-pb-portfolio-module-image":false,"et-pb-portfolio-image-single":false,"et-pb-gallery-module-image-portrait":false,"et-pb-post-main-image-fullwidth-large":false,"et-pb-image--responsive--desktop":false,"et-pb-image--responsive--tablet":false,"et-pb-image--responsive--phone":false},"uagb_author_info":{"display_name":"empiezapori","author_link":"https:\/\/museus.esplugues.cat\/es\/author\/empiezapori"},"uagb_comment_info":0,"uagb_excerpt":"Angelina Al\u00f3s TormoMaestra de ceramistas Angelina Al\u00f3s (Valencia 1917- Barcelona 1997) fue una adelantada a su tiempo como artista y como mujer, en unos momentos en que el arte de la cer\u00e1mica era ejercido mayoritariamente por hombres. Su concepci\u00f3n de la cer\u00e1mica como arte en may\u00fasculas y su obra poco convencional, la convirtieron en precursora&hellip;","_links":{"self":[{"href":"https:\/\/museus.esplugues.cat\/es\/wp-json\/wp\/v2\/pages\/27737","targetHints":{"allow":["GET"]}}],"collection":[{"href":"https:\/\/museus.esplugues.cat\/es\/wp-json\/wp\/v2\/pages"}],"about":[{"href":"https:\/\/museus.esplugues.cat\/es\/wp-json\/wp\/v2\/types\/page"}],"author":[{"embeddable":true,"href":"https:\/\/museus.esplugues.cat\/es\/wp-json\/wp\/v2\/users\/2"}],"replies":[{"embeddable":true,"href":"https:\/\/museus.esplugues.cat\/es\/wp-json\/wp\/v2\/comments?post=27737"}],"version-history":[{"count":5,"href":"https:\/\/museus.esplugues.cat\/es\/wp-json\/wp\/v2\/pages\/27737\/revisions"}],"predecessor-version":[{"id":27743,"href":"https:\/\/museus.esplugues.cat\/es\/wp-json\/wp\/v2\/pages\/27737\/revisions\/27743"}],"wp:attachment":[{"href":"https:\/\/museus.esplugues.cat\/es\/wp-json\/wp\/v2\/media?parent=27737"}],"curies":[{"name":"wp","href":"https:\/\/api.w.org\/{rel}","templated":true}]}}