{"id":27892,"date":"2020-06-02T11:28:16","date_gmt":"2020-06-02T09:28:16","guid":{"rendered":"https:\/\/museus.esplugues.cat\/lentrada-dels-nacionals-amb-ulls-de-kautela"},"modified":"2020-06-22T11:53:33","modified_gmt":"2020-06-22T09:53:33","slug":"la-entrada-de-los-nacionales-a-ojos-de-kautela","status":"publish","type":"page","link":"https:\/\/museus.esplugues.cat\/es\/la-entrada-de-los-nacionales-a-ojos-de-kautela","title":{"rendered":"La entrada de los nacionales a ojos de Kautela"},"content":{"rendered":"<p>[et_pb_section fb_built=\u00bb1&#8243; _builder_version=\u00bb4.4.7&#8243; background_color=\u00bb#f1f1f3&#8243; custom_margin=\u00bb0px||0px||false|false\u00bb custom_padding=\u00bb0px||0px||false|false\u00bb][et_pb_row _builder_version=\u00bb4.4.7&#8243; custom_margin=\u00bb0px||0px||false|false\u00bb custom_padding=\u00bb0px||0px||false|false\u00bb][et_pb_column type=\u00bb4_4&#8243; _builder_version=\u00bb4.4.7&#8243;][et_pb_image src=\u00bbhttps:\/\/museus.esplugues.cat\/wp-content\/uploads\/2020\/06\/2.Cap_.Kautela.jpg\u00bb title_text=\u00bb2.Cap.Kautela\u00bb align=\u00bbcenter\u00bb _builder_version=\u00bb4.4.7&#8243;][\/et_pb_image][\/et_pb_column][\/et_pb_row][\/et_pb_section][et_pb_section fb_built=\u00bb1&#8243; _builder_version=\u00bb4.4.7&#8243; background_color=\u00bb#eeefe4&#8243; custom_margin_tablet=\u00bb\u00bb custom_margin_phone=\u00bb0px||0px||false|false\u00bb custom_margin_last_edited=\u00bbon|phone\u00bb custom_padding=\u00bb0px||0px||false|false\u00bb][et_pb_row _builder_version=\u00bb4.0.7&#8243;][et_pb_column type=\u00bb4_4&#8243; _builder_version=\u00bb4.0.7&#8243;][et_pb_text _builder_version=\u00bb4.4.7&#8243; header_font=\u00bb|300|||||||\u00bb header_font_size=\u00bb50px\u00bb custom_margin_tablet=\u00bb\u00bb custom_margin_phone=\u00bb0px||0px||false|false\u00bb custom_margin_last_edited=\u00bbon|phone\u00bb custom_padding=\u00bb0px||0px||false|false\u00bb hover_enabled=\u00bb0&#8243; header_font_size_tablet=\u00bb\u00bb header_font_size_phone=\u00bb35px\u00bb header_font_size_last_edited=\u00bbon|phone\u00bb]<\/p>\n<h2>La entrada de los <em>nacionales<\/em> a ojos de Kautela<\/h2>\n<p class=\"av-special-heading-tag\">1939 ESPLUGUES<\/p>\n<p>[\/et_pb_text][\/et_pb_column][\/et_pb_row][\/et_pb_section][et_pb_section fb_built=\u00bb1&#8243; _builder_version=\u00bb4.0.7&#8243; custom_margin=\u00bb0px||0px||false|false\u00bb custom_padding=\u00bb0px||0px||false|false\u00bb][et_pb_row custom_padding_last_edited=\u00bbon|phone\u00bb _builder_version=\u00bb4.0.7&#8243; custom_margin=\u00bb0px||0px||false|false\u00bb custom_padding=\u00bb30px||0px||false|false\u00bb custom_padding_tablet=\u00bb\u00bb custom_padding_phone=\u00bb\u00bb border_width_bottom=\u00bb1px\u00bb border_color_bottom=\u00bb#8C944D\u00bb border_style_bottom=\u00bbdotted\u00bb][et_pb_column type=\u00bb4_4&#8243; _builder_version=\u00bb4.0.7&#8243;][et_pb_text _builder_version=\u00bb4.4.7&#8243; header_2_font=\u00bb|300|||||||\u00bb header_2_font_size=\u00bb30px\u00bb header_2_font_size_tablet=\u00bb\u00bb header_2_font_size_phone=\u00bb25px\u00bb header_2_font_size_last_edited=\u00bbon|phone\u00bb]<\/p>\n<h2>La exposici\u00f3n<\/h2>\n<p>[\/et_pb_text][\/et_pb_column][\/et_pb_row][et_pb_row use_custom_gutter=\u00bbon\u00bb gutter_width=\u00bb4&#8243; _builder_version=\u00bb4.0.7&#8243;][et_pb_column type=\u00bb4_4&#8243; _builder_version=\u00bb4.0.7&#8243;][et_pb_text _builder_version=\u00bb4.4.7&#8243; text_line_height=\u00bb1.5em\u00bb ul_font_size=\u00bb13px\u00bb ul_line_height=\u00bb20px\u00bb header_3_font=\u00bb|300||on|||||\u00bb]<\/p>\n<p>Del 26 de septiembre de 2019 al 1 de marzo de 2020<\/p>\n<p>Con motivo del 80 aniversario de la finalizaci\u00f3n de la Guerra civil, el archivo municipal de Esplugues y los museos de Esplugues presentaron un programa de exposiciones y actividades, que ten\u00eda como objetivo recuperar la memoria de aquellos d\u00edas y difundir los valores de la cultura de la paz y la tolerancia como \u00fanico camino hacia el futuro.<\/p>\n<p>El programa 1.939 Esplugues despert\u00f3 gran inter\u00e9s entre la poblaci\u00f3n, especialmente local, por lo que se pospuso un mes la clausura, en un primer momento prevista para el d\u00eda 26 de enero.<\/p>\n<p>Las dos muestras, recog\u00edan cap\u00edtulos que nos evocan tiempos de lucha, cambio, incertidumbre, represi\u00f3n y destrucci\u00f3n. La posguerra, con vencedores y vencidos, confirmar\u00eda que la paz todav\u00eda quedaba muy lejos. En Esplugues, como en el resto del pa\u00eds, comenzar\u00eda el regreso de una normalidad imposible.<\/p>\n<blockquote>\n<p>Antes de la entrada en Barcelona las tropas <em>nacionales<\/em> cruzaron la ciudad de Esplugues. Su paso qued\u00f3 registrado por la c\u00e1mara del fotoperiodista aragon\u00e9s Francisco Mart\u00ednez Gasc\u00f3n \u00abKautela\u00bb.<\/p>\n<\/blockquote>\n<p>Las fotograf\u00edas, hasta ese momento nunca expuestas, tienen un gran valor documental, y permitian reconstruir, aunque parcial, lo que se vivi\u00f3 en la ciudad aquel 26 de enero de 1939, se reconocen calles y edificios,\u00a0 y gracias a la colaboraci\u00f3n de los estudiosos Jordi Amig\u00f3 y Francesc Riera se identificaron algunas de las personas que aparecen en las im\u00e1genes como el coronel Lambarri, el capit\u00e1n V\u00edctor de Felipe o el fot\u00f3grafo franc\u00e9s del diario <em>Le Figaro<\/em> Albert Louis Deschamps.<\/p>\n<p>La muestra, esencialmente fotogr\u00e1fica, presentaba una serie de recursos que complementaban el relato; como un mapa de los movimientos de tropas durante aquellas horas, y varios objetos personales Francisco Mart\u00ednez Gasc\u00f3n \u00abKautela\u00bb cedidos por la familia del fot\u00f3grafo.<\/p>\n<p>[\/et_pb_text][\/et_pb_column][\/et_pb_row][\/et_pb_section][et_pb_section fb_built=\u00bb1&#8243; _builder_version=\u00bb4.4.7&#8243; background_color=\u00bb#eeefe4&#8243; custom_margin=\u00bb0px||0px||false|false\u00bb custom_padding=\u00bb0px||0px||false|false\u00bb][et_pb_row custom_padding_last_edited=\u00bbon|phone\u00bb _builder_version=\u00bb4.0.7&#8243; custom_margin=\u00bb0px||0px||false|false\u00bb custom_padding=\u00bb30px||0px||false|false\u00bb custom_padding_tablet=\u00bb\u00bb custom_padding_phone=\u00bb\u00bb border_width_bottom=\u00bb1px\u00bb border_color_bottom=\u00bb#8C944D\u00bb border_style_bottom=\u00bbdotted\u00bb][et_pb_column type=\u00bb4_4&#8243; _builder_version=\u00bb4.0.7&#8243;][et_pb_text _builder_version=\u00bb4.4.7&#8243; header_2_font=\u00bb|300|||||||\u00bb header_2_font_size=\u00bb30px\u00bb header_2_font_size_tablet=\u00bb\u00bb header_2_font_size_phone=\u00bb25px\u00bb header_2_font_size_last_edited=\u00bbon|phone\u00bb]<\/p>\n<h2>Actividades<\/h2>\n<p>[\/et_pb_text][\/et_pb_column][\/et_pb_row][et_pb_row column_structure=\u00bb1_2,1_2&#8243; use_custom_gutter=\u00bbon\u00bb gutter_width=\u00bb4&#8243; _builder_version=\u00bb4.0.7&#8243;][et_pb_column type=\u00bb1_2&#8243; _builder_version=\u00bb4.0.7&#8243;][et_pb_text _builder_version=\u00bb4.4.7&#8243; text_line_height=\u00bb1.5em\u00bb ul_font_size=\u00bb13px\u00bb ul_line_height=\u00bb20px\u00bb header_3_font=\u00bb|300||on|||||\u00bb]<\/p>\n<h4>26.09.19<\/h4>\n<p><strong>Presentaci\u00f3n 1939 Esplugues, e inauguraci\u00f3n de las exposiciones temporales<\/strong><\/p>\n<p><strong><\/strong><\/p>\n<h4>15.10.19<\/h4>\n<p><strong>1939, Esplugues. Visita guiada con motivo del D\u00eda de las v\u00edctimas del franquismo<\/strong><\/p>\n<p>Visita exclusiva de la mano de Jordi Amig\u00f3 y Roser Vilardell<\/p>\n<h4><\/h4>\n<h4>29.09.19 y 06.10.19<\/h4>\n<p><strong>Lucha y resistencia. Los \u00faltimos d\u00edas del conflicto en Sant Pere M\u00e0rtir<\/strong><\/p>\n<p>Itinerario teatralizado en la monta\u00f1a de <strong>Sant Pere M\u00e0rtir<\/strong> recuperando la memoria de los d\u00edas 24 y 25 de enero de 1939. Recreaci\u00f3n teatral de la fuga de los \u00faltimos soldados republicanos de la monta\u00f1a, punto estrat\u00e9gico durante todo el conflicto<\/p>\n<h4><\/h4>\n<h4>02.10.29<\/h4>\n<p>Conferencia <strong>La entrada de los <em>nacionales<\/em> en el Baix Llobregat<\/strong><\/p>\n<p>Inicio del ciclo de conferencias \u00ab1939, Esplugues\u00bb con una charla a cargo del historiador <strong>Jordi Amig\u00f3<\/strong> sobre el paso de las tropas nacionales por Barcelona y su reorganizaci\u00f3n antes de entrada a la Ciudad Condal<\/p>\n<h4><\/h4>\n<h4>17.10.19 y 31.10.19<\/h4>\n<p><strong>Club de lectura. Cuatro d\u00edas de enero<\/strong><\/p>\n<p>La Biblioteca Pare Miquel escogi\u00f3 para su club de oto\u00f1o la novela de Jaume Fabra, <em>Quatre dies de gener<\/em>, ambientada en los \u00faltimos d\u00edas de conflicto en la ciudad de Barcelona. La sesi\u00f3n de debate ser realiz\u00f3 en las salas del museo combinada con una visita a las exposiciones temporales<\/p>\n<p>[\/et_pb_text][\/et_pb_column][et_pb_column type=\u00bb1_2&#8243; _builder_version=\u00bb4.0.7&#8243;][et_pb_text _builder_version=\u00bb4.4.7&#8243; text_line_height=\u00bb1.5em\u00bb ul_font_size=\u00bb13px\u00bb ul_line_height=\u00bb20px\u00bb header_3_font=\u00bb|300||on|||||\u00bb]<\/p>\n<h4>13.11.19<\/h4>\n<p>Conferencia <strong>1939, a\u00f1o cero<\/strong><\/p>\n<p>El AMPEL colabor\u00f3 en\u00a0 el programa \u00ab1939 Esplugues\u00bb, con la confererncia de Carles Santacana, profesor de historia contempor\u00e1nea de la Universidad de Barcelona, sobre c\u00f3mo el a\u00f1o 1939 y el final de la Guerra Civil, supuso el fin de todas las esperanzas republicanas, e hizo balance de lo que signific\u00f3 la inmediata y dura posguerra.<\/p>\n<h4><\/h4>\n<h4>04.12.19<\/h4>\n<p><strong>Conferencia Esplugues 1936-1939. <em>Fent mem\u00f2ria<\/em><\/strong><\/p>\n<p>La historiadora y directora de los museos, Roser Vilardell Tarruella, cerr\u00f3 el ciclo de conferencias con una charla sobre algunos de los hechos hist\u00f3ricos acaecidos durante la Guerra Civil en Esplugues que despert\u00f3 gran inter\u00e9s entre la poblaci\u00f3n local.<\/p>\n<h4><\/h4>\n<h4>14.12.19<\/h4>\n<p><strong>Excursi\u00f3n a las Tierras del Ebro <\/strong><\/p>\n<p>Los Amigos de los Museos incluyeron en su programa de excursiones, la visita a diversos escenarios de la batalla del Ebro, concretamente en la poblaci\u00f3n de Ribarroja de Ebro, donde tambi\u00e9n pudieron visitar los hornos de aceite de enebro .<\/p>\n<h4><\/h4>\n<h4>26.01.20, 16.02.20 y 01.03.20<\/h4>\n<p><strong>Ruta Esplugues 1936-1939<\/strong><\/p>\n<p>El programa de actividades se cerraba de una manera original, con una ruta semiteatralitzada para acercarnos a la historia de Esplugues, con la colaboraci\u00f3n de la compa\u00f1\u00eda amateur L\u2019Endoll. Un paseo por varios lugares de la ciudad descubriendo algunos de los episodios m\u00e1s significativos de la guerra y la posguerra.<\/p>\n<p>Debido al inter\u00e9s que despert\u00f3 la actividad, se tuvieron que hacer dos sesiones extraordinarias, una manera inmejorable de cerrar un programa de actividades que ha sido el principio de un nuevo \u00e1mbito de trabajo municipal: el nuevo servicio de Memoria Democr\u00e1tica.<\/p>\n<p>[\/et_pb_text][\/et_pb_column][\/et_pb_row][\/et_pb_section]<\/p>\n","protected":false},"excerpt":{"rendered":"<p>La entrada de los nacionales a ojos de Kautela 1939 ESPLUGUES La exposici\u00f3nDel 26 de septiembre de 2019 al 1 de marzo de 2020 Con motivo del 80 aniversario de la finalizaci\u00f3n de la Guerra civil, el archivo municipal de Esplugues y los museos de Esplugues presentaron un programa de exposiciones y actividades, que ten\u00eda [&hellip;]<\/p>\n","protected":false},"author":2,"featured_media":0,"parent":0,"menu_order":0,"comment_status":"closed","ping_status":"closed","template":"","meta":{"_et_pb_use_builder":"on","_et_pb_old_content":"","_et_gb_content_width":"","_uag_custom_page_level_css":"","footnotes":""},"class_list":["post-27892","page","type-page","status-publish","hentry"],"uagb_featured_image_src":{"full":false,"thumbnail":false,"medium":false,"medium_large":false,"large":false,"1536x1536":false,"2048x2048":false,"et-pb-post-main-image":false,"et-pb-post-main-image-fullwidth":false,"et-pb-portfolio-image":false,"et-pb-portfolio-module-image":false,"et-pb-portfolio-image-single":false,"et-pb-gallery-module-image-portrait":false,"et-pb-post-main-image-fullwidth-large":false,"et-pb-image--responsive--desktop":false,"et-pb-image--responsive--tablet":false,"et-pb-image--responsive--phone":false},"uagb_author_info":{"display_name":"empiezapori","author_link":"https:\/\/museus.esplugues.cat\/es\/author\/empiezapori"},"uagb_comment_info":0,"uagb_excerpt":"La entrada de los nacionales a ojos de Kautela 1939 ESPLUGUES La exposici\u00f3nDel 26 de septiembre de 2019 al 1 de marzo de 2020 Con motivo del 80 aniversario de la finalizaci\u00f3n de la Guerra civil, el archivo municipal de Esplugues y los museos de Esplugues presentaron un programa de exposiciones y actividades, que ten\u00eda&hellip;","_links":{"self":[{"href":"https:\/\/museus.esplugues.cat\/es\/wp-json\/wp\/v2\/pages\/27892","targetHints":{"allow":["GET"]}}],"collection":[{"href":"https:\/\/museus.esplugues.cat\/es\/wp-json\/wp\/v2\/pages"}],"about":[{"href":"https:\/\/museus.esplugues.cat\/es\/wp-json\/wp\/v2\/types\/page"}],"author":[{"embeddable":true,"href":"https:\/\/museus.esplugues.cat\/es\/wp-json\/wp\/v2\/users\/2"}],"replies":[{"embeddable":true,"href":"https:\/\/museus.esplugues.cat\/es\/wp-json\/wp\/v2\/comments?post=27892"}],"version-history":[{"count":5,"href":"https:\/\/museus.esplugues.cat\/es\/wp-json\/wp\/v2\/pages\/27892\/revisions"}],"predecessor-version":[{"id":30680,"href":"https:\/\/museus.esplugues.cat\/es\/wp-json\/wp\/v2\/pages\/27892\/revisions\/30680"}],"wp:attachment":[{"href":"https:\/\/museus.esplugues.cat\/es\/wp-json\/wp\/v2\/media?parent=27892"}],"curies":[{"name":"wp","href":"https:\/\/api.w.org\/{rel}","templated":true}]}}