{"id":27973,"date":"2020-06-03T11:19:00","date_gmt":"2020-06-03T09:19:00","guid":{"rendered":"https:\/\/museus.esplugues.cat\/can-tinture"},"modified":"2020-07-06T11:03:19","modified_gmt":"2020-07-06T09:03:19","slug":"can-tinture","status":"publish","type":"page","link":"https:\/\/museus.esplugues.cat\/es\/can-tinture","title":{"rendered":"Can Tintur\u00e9"},"content":{"rendered":"\n[et_pb_section fb_built=\u00bb1&#8243; _builder_version=\u00bb4.0.7&#8243; use_background_color_gradient=\u00bbon\u00bb background_color_gradient_start=\u00bb#8c944d\u00bb background_color_gradient_end=\u00bbrgba(140,148,77,0.21)\u00bb background_color_gradient_direction=\u00bb130deg\u00bb background_color_gradient_start_position=\u00bb49%\u00bb background_color_gradient_end_position=\u00bb18%\u00bb background_image=\u00bbhttps:\/\/museus.esplugues.cat\/wp-content\/uploads\/2019\/01\/MuseuCanTintur\u00e9.jpg\u00bb background_blend=\u00bbmultiply\u00bb][et_pb_row column_structure=\u00bb2_3,1_3&#8243; _builder_version=\u00bb4.0.7&#8243;][et_pb_column type=\u00bb2_3&#8243; _builder_version=\u00bb4.0.7&#8243;][et_pb_text _builder_version=\u00bb4.4.7&#8243; header_font=\u00bb|300|||||||\u00bb header_text_color=\u00bb#ffffff\u00bb header_font_size=\u00bb50px\u00bb custom_padding=\u00bb41px|||||\u00bb header_font_size_tablet=\u00bb\u00bb header_font_size_phone=\u00bb30px\u00bb header_font_size_last_edited=\u00bbon|desktop\u00bb]<h1>Museo Can Tintur\u00e9<\/h1>[\/et_pb_text][\/et_pb_column][et_pb_column type=\u00bb1_3&#8243; _builder_version=\u00bb4.0.7&#8243;][et_pb_button button_url=\u00bb#historia\u00bb button_text=\u00bbHistoria\u00bb button_alignment=\u00bbcenter\u00bb _builder_version=\u00bb4.4.7&#8243; custom_margin=\u00bb0px||||false|false\u00bb][\/et_pb_button][et_pb_button button_url=\u00bb#exposicio\u00bb button_text=\u00bbExposici\u00f3n Permanente\u00bb button_alignment=\u00bbcenter\u00bb _builder_version=\u00bb4.4.7&#8243; custom_margin=\u00bb15px||||false|false\u00bb][\/et_pb_button][et_pb_button button_url=\u00bb#salvador\u00bb button_text=\u00bbSalvador Miquel\u00bb button_alignment=\u00bbcenter\u00bb _builder_version=\u00bb4.0.7&#8243; custom_margin=\u00bb15px||||false|false\u00bb][\/et_pb_button][\/et_pb_column][\/et_pb_row][\/et_pb_section][et_pb_section fb_built=\u00bb1&#8243; _builder_version=\u00bb4.0.7&#8243; custom_padding=\u00bb10px||4px|||\u00bb][et_pb_row column_structure=\u00bb2_5,3_5&#8243; _builder_version=\u00bb4.0.7&#8243;][et_pb_column type=\u00bb2_5&#8243; _builder_version=\u00bb4.0.7&#8243;][et_pb_image src=\u00bbhttps:\/\/museus.esplugues.cat\/wp-content\/uploads\/2018\/06\/can-tinture.png\u00bb _builder_version=\u00bb4.0.7&#8243;][\/et_pb_image][\/et_pb_column][et_pb_column type=\u00bb3_5&#8243; _builder_version=\u00bb4.0.7&#8243;][et_pb_text _builder_version=\u00bb4.4.7&#8243; text_text_color=\u00bb#8c944d\u00bb custom_margin=\u00bb||22px|||\u00bb]<p><span>Can Tintur\u00e9 es el primer museo monogr\u00e1fico del azulejo de muestra del Estado espa\u00f1ol y expone piezas producidas desde el siglo XIV hasta el siglo XIX.<\/span><\/p>[\/et_pb_text][et_pb_text quote_border_weight=\u00bb2px\u00bb module_id=\u00bbhistoria\u00bb _builder_version=\u00bb4.4.7&#8243; text_font_size=\u00bb15px\u00bb text_line_height=\u00bb1.8em\u00bb quote_text_color=\u00bb#8C944D\u00bb header_3_font=\u00bb|800|||||||\u00bb header_3_font_size=\u00bb30px\u00bb]<h3 style=\"text-align: justify;\">HISTORIA<\/h3>\n<p style=\"text-align: justify;\"><span>El edificio hist\u00f3rico de Can Tintur\u00e9 est\u00e1 emplazado en el centro hist\u00f3rico de Esplugues de Llobregat, en una casa rodeada de jardines, construida en 1898 por el arquitecto Claudi Duran Ventosa, considerado uno de los pioneros del sistema del cemento armado. Fue alzado como residencia familiar por encargo de su primer propietario, Juan Tintur\u00e9 Campreci\u00f3s, que fue regidor y alcalde de Esplugues de Llobregat entre 1910 y 1915.<\/span><\/p>\n<p style=\"text-align: justify;\"><span>En 1977 el edificio fue adquirido por el Ayuntamiento de Esplugues de Llobregat y ha tenido diferentes destinos de uso cultural y social en el transcurso del tiempo. En el a\u00f1o 2000 -con motivo de la adquisici\u00f3n de la colecci\u00f3n de azulejos de muestra de Salvador Miquel- se decidi\u00f3 su adecuaci\u00f3n como equipamiento muse\u00edstico.<\/span><\/p>[\/et_pb_text][\/et_pb_column][\/et_pb_row][\/et_pb_section][et_pb_section fb_built=\u00bb1&#8243; _builder_version=\u00bb4.0.7&#8243; custom_padding=\u00bb0px||20px|||\u00bb][et_pb_row column_structure=\u00bb3_5,2_5&#8243; _builder_version=\u00bb4.0.7&#8243; custom_padding=\u00bb4px|||||\u00bb][et_pb_column type=\u00bb3_5&#8243; _builder_version=\u00bb4.0.7&#8243;][et_pb_text _builder_version=\u00bb4.4.7&#8243;]<p>En el proceso de su rehabilitaci\u00f3n se pusieron en relieve elementos originales del edificio hist\u00f3rico con la adopci\u00f3n de elementos innovadores, que otorgan un aire de modernidad dentro de una arquitectura de finales del siglo XIX.<\/p>\n<p>Durante el d\u00eda de Sant Jordi del a\u00f1o 2003 se inaugur\u00f3 el Museo Can Tintur\u00e9, el primer museo monogr\u00e1fico de Espa\u00f1a dedicado al azulejo de muestra. La apertura del nuevo museo signific\u00f3 tambi\u00e9n el acceso p\u00fablico a los jardines que rodean la casa.<br \/>En la zona ajardinada se coloc\u00f3 la obra escult\u00f3rica Familia, del artista Xavier Corber\u00f3, compuesta por un conjunto de cinco piezas de basalto.<\/p>\n<p>Delante de Can Tintur\u00e9 se alza La Masoveria, el \u00fanico edificio construido de nueva planta con funciones auxiliares. La fachada de vidrio permite su integraci\u00f3n en los jardines, mientras que la fachada opuesta da continuidad urbana en la calle de l\u2019Esgl\u00e9sia.<\/p>\n<p>El equipamiento y entorno urbano de Can Tintur\u00e9 obtuvieron, en 2004, una menci\u00f3n especial por la actuaci\u00f3n realizada en el marco de reconocimientos de calidad de los equipamientos y espacios p\u00fablicos municipales de la Diputaci\u00f3n de Barcelona.<\/p>[\/et_pb_text][\/et_pb_column][et_pb_column type=\u00bb2_5&#8243; _builder_version=\u00bb4.0.7&#8243;][et_pb_image src=\u00bbhttps:\/\/museus.esplugues.cat\/wp-content\/uploads\/2018\/05\/1-260&#215;185.jpg\u00bb align=\u00bbcenter\u00bb _builder_version=\u00bb4.0.7&#8243; animation_style=\u00bbzoom\u00bb border_width_all=\u00bb10px\u00bb border_color_all=\u00bb#ffffff\u00bb box_shadow_style=\u00bbpreset3&#8243;][\/et_pb_image][et_pb_image src=\u00bbhttps:\/\/museus.esplugues.cat\/wp-content\/uploads\/2018\/05\/2-260&#215;185.jpg\u00bb align=\u00bbcenter\u00bb _builder_version=\u00bb4.0.7&#8243; animation_style=\u00bbzoom\u00bb border_width_all=\u00bb10px\u00bb border_color_all=\u00bb#ffffff\u00bb box_shadow_style=\u00bbpreset3&#8243;][\/et_pb_image][\/et_pb_column][\/et_pb_row][\/et_pb_section][et_pb_section fb_built=\u00bb1&#8243; module_id=\u00bbexposicio\u00bb _builder_version=\u00bb4.4.2&#8243; background_color=\u00bb#f9f9f9&#8243; custom_padding=\u00bb20px|||||\u00bb][et_pb_row column_structure=\u00bb1_2,1_2&#8243; _builder_version=\u00bb4.0.7&#8243; custom_margin=\u00bb20px||0px||false|false\u00bb custom_padding=\u00bb0px||0px||false|false\u00bb border_width_bottom=\u00bb1px\u00bb border_color_bottom=\u00bb#d8d8d8&#8243;][et_pb_column type=\u00bb1_2&#8243; _builder_version=\u00bb4.0.7&#8243;][et_pb_text _builder_version=\u00bb4.0.7&#8243; header_3_font=\u00bb|800|||||||\u00bb header_3_font_size=\u00bb25px\u00bb header_4_font=\u00bb|300|||||||\u00bb header_4_font_size=\u00bb20px\u00bb custom_margin=\u00bb0px||0px||false|false\u00bb custom_padding=\u00bb0px||0px||false|false\u00bb]<h3 style=\"text-align: justify;\">EXPOSICI\u00d3 PERMANENT<\/h3>[\/et_pb_text][\/et_pb_column][et_pb_column type=\u00bb1_2&#8243; _builder_version=\u00bb4.0.7&#8243;][\/et_pb_column][\/et_pb_row][et_pb_row column_structure=\u00bb1_2,1_2&#8243; _builder_version=\u00bb4.0.7&#8243; custom_margin=\u00bb-3px|auto||auto||\u00bb custom_padding=\u00bb5px|||||\u00bb][et_pb_column type=\u00bb1_2&#8243; _builder_version=\u00bb4.0.7&#8243;][et_pb_text _builder_version=\u00bb4.4.7&#8243; header_3_font=\u00bb|800|||||||\u00bb header_3_font_size=\u00bb25px\u00bb header_4_font=\u00bb|300|||||||\u00bb header_4_font_size=\u00bb20px\u00bb custom_margin=\u00bb0px||0px||false|false\u00bb custom_padding=\u00bb11px||0px||false|false\u00bb]<p style=\"text-align: justify;\">La exposici\u00f3n permanente, inaugurada en 2003, est\u00e1 formada b\u00e1sicamente por una selecci\u00f3n de piezas de la colecci\u00f3n de azulejos de muestra de Salvador Miquel.<\/p>\n<p style=\"text-align: justify;\">Can Tintur\u00e9 ofrece una lectura cronol\u00f3gica y est\u00e9tica de la evoluci\u00f3n del azulejo de muestra en el transcurso del tiempo, desde la \u00e9poca medieval hasta el umbral de la industrializaci\u00f3n, precisamente cuando localizamos los or\u00edgenes de la f\u00e1brica Pujol i Bausis, \u00abLa Rajoleta\u00bb.<\/p>\n<p style=\"text-align: justify;\">La visita se inicia con una explicaci\u00f3n del objeto del museo, el azulejo de muestra, y luego se recorren los diferentes \u00e1mbitos de la exposici\u00f3n:<\/p>\n<p style=\"text-align: justify;\">\n<h4>1. Salvador Miquel, coleccionista.<\/h4>\n<p>Introducci\u00f3n del personaje a trav\u00e9s de la audici\u00f3n de una entrevista radiof\u00f3nica realizada en Salvador Miquel y presentada de manera interactiva.<\/p>\n<h4>2. La Europa de las conexiones.<\/h4>\n<p>Interactivo que identifica los centros productores y rutas comerciales europeas de la cer\u00e1mica pintada desde la antig\u00fcedad.<\/p>\n<h4>3. Tierra \u00e1spera y azul de cobalto.<\/h4>\n<p>Los primeros usos del azulejo de muestra se encuentran sobre pavimento en el s.XIII. Modelos \u00e1speros de barro cocido, o bien piezas decoradas a partir de una base blanca de esta\u00f1o y dibujo, principalmente en azul y pintado con \u00f3xido de cobalto. El azulejo azul se convirti\u00f3 sin\u00f3nimo de ladrillo g\u00f3tico por su gran producci\u00f3n.<\/p>\n<h4>4. Esplendente policrom\u00eda.<\/h4>\n<p>El Renacimiento y el Barroco aportaron a la cer\u00e1mica el uso de los colores y nuevas fuentes de inspiraci\u00f3n de los modelos decorativos de ra\u00edz cl\u00e1sica. Las rutas comerciales facilitaron los contactos y el gusto por la cer\u00e1mica italiana, que se extiende por toda Europa desde principios del s.XVI. Los azulejos de muestra estar\u00e1n presentes en paredes y pavimentos de casas nobles e iglesias.<\/p>[\/et_pb_text][\/et_pb_column][et_pb_column type=\u00bb1_2&#8243; _builder_version=\u00bb4.0.7&#8243;][et_pb_text _builder_version=\u00bb4.4.7&#8243; header_3_font=\u00bb|800|||||||\u00bb header_3_font_size=\u00bb25px\u00bb header_4_font=\u00bb|300|||||||\u00bb header_4_font_size=\u00bb20px\u00bb custom_margin=\u00bb0px||0px||false|false\u00bb custom_padding=\u00bb13px||0px||false|false\u00bb]<h4>5. B\u00fasqueda del coleccionista.<\/h4>\n<p style=\"text-align: justify;\"><span>El m\u00e9todo de catalogaci\u00f3n y estudio del azulejo de muestra que desarroll\u00f3 Salvador Miquel incluye un juego que permite al visitante cubrir un muro con diferentes azulejos de la colecci\u00f3n.<\/span><\/p>\n<h4>6. Modelos de \u00e9xito.<\/h4>\n<p>Durante los s.XVIII y XIX proliferar\u00e1n modelos que son copiados de un obrador a otro, y que se personalizaban con la creaci\u00f3n de peque\u00f1as diferencias que pon\u00edan de relieve sus amplias posibilidades de composici\u00f3n. Cada vez m\u00e1s se extender\u00e1 el uso del azulejo de muestra en las viviendas.<\/p>\n<h4>7. Simplicidad.<\/h4>\n<p>En el s.XIX se produce la simplificaci\u00f3n del dise\u00f1o. Ser\u00e1 una consecuencia de un mayor uso del azulejo para las clases populares y crear\u00e1 la necesidad de producir de manera m\u00e1s r\u00e1pida y econ\u00f3mica, as\u00ed como una ruptura con las anteriores tendencias decorativas.<\/p>\n<h4>8. Regreso al azul.<\/h4>\n<p>El azul, como en el per\u00edodo medieval, volver\u00e1 a ser el color protagonista en el s.XIX. La l\u00ednea azul destacar\u00e1 sobre el fondo blanco, y este segundo color aportar\u00e1 gran luminosidad a las peque\u00f1as estancias decoradas con azulejos: cocinas, comunes, etc.<\/p>\n<h4>9. Elecci\u00f3n de un repertorio.<\/h4>\n<p>El aspecto terminol\u00f3gico del azulejo de muestra se relaciona con la idea de muestrario, que muchos ceramistas ofrec\u00edan a sus clientes a la hora de elegir un modelo. La producci\u00f3n artesanal imprimir\u00e1 peque\u00f1as diferencias entre los mismos modelos, que desaparecer\u00e1n con su industrializaci\u00f3n.<\/p>\n<p>La muestra de algunas piezas encontradas en las excavaciones realizadas en el recinto de la f\u00e1brica Pujol i Bausis, los a\u00f1os 1999 y 2000, invitan a continuar la visita al Museo de Cer\u00e1mica \u00abLa Rajoleta\u00bb.<\/p>[\/et_pb_text][\/et_pb_column][\/et_pb_row][et_pb_row use_custom_gutter=\u00bbon\u00bb gutter_width=\u00bb1&#8243; disabled_on=\u00bboff|off|off\u00bb _builder_version=\u00bb4.4.7&#8243; custom_padding=\u00bb1px||4px|||\u00bb][et_pb_column type=\u00bb4_4&#8243; _builder_version=\u00bb4.0.7&#8243;][et_pb_gallery gallery_ids=\u00bb30032,30034,30036,30038,30164,30040,30166,30042&#8243; posts_number=\u00bb8&#8243; show_title_and_caption=\u00bboff\u00bb show_pagination=\u00bboff\u00bb _builder_version=\u00bb4.4.2&#8243; border_width_all_image=\u00bb2px\u00bb border_color_all_image=\u00bb#ffffff\u00bb][\/et_pb_gallery][\/et_pb_column][\/et_pb_row][\/et_pb_section][et_pb_section fb_built=\u00bb1&#8243; module_id=\u00bbsalvador\u00bb _builder_version=\u00bb4.4.2&#8243; background_color=\u00bb#ffffff\u00bb custom_padding=\u00bb6px||7px|||\u00bb][et_pb_row column_structure=\u00bb1_4,3_4&#8243; _builder_version=\u00bb4.0.7&#8243;][et_pb_column type=\u00bb1_4&#8243; _builder_version=\u00bb4.0.7&#8243;][et_pb_text _builder_version=\u00bb4.0.7&#8243; header_3_font=\u00bb|300|||||||\u00bb header_3_font_size=\u00bb50px\u00bb]<h3>Salvador\r\nMiquel<\/h3>[\/et_pb_text][et_pb_image src=\u00bbhttps:\/\/museus.esplugues.cat\/wp-content\/uploads\/2020\/05\/Salvador-Miquel.jpg\u00bb _builder_version=\u00bb4.4.2&#8243; width=\u00bb80%\u00bb module_alignment=\u00bbleft\u00bb][\/et_pb_image][\/et_pb_column][et_pb_column type=\u00bb3_4&#8243; _builder_version=\u00bb4.0.7&#8243;][et_pb_text _builder_version=\u00bb4.4.7&#8243; hover_enabled=\u00bb0&#8243;]<p>Salvador Miquel naci\u00f3 en el barrio de la Barceloneta el 17 de marzo de 1900. Su juventud transcurri\u00f3 en un ambiente cultural rico e intenso. Su padre, Antonio Miguel i Pardo, fue el precursor de numerosas iniciativas culturales que se promov\u00edan en el barrio.<\/p>\n<p>Comenz\u00f3 su colecci\u00f3n de azulejos de muestra entre los a\u00f1os 1921 y 1922. Se entiende por azulejo de muestra las piezas de cer\u00e1mica con un dibujo repetitivo, generalmente geom\u00e9trico, que permite desarrollar el modelo infinitamente. Este tipo de azulejos estaban concebidos de modo que pudieran cubrir extensas superficies.<\/p>\n<p>Salvador Miquel recuper\u00f3 azulejos de los escombros de las cocinas y comedores de las casas de la Barceloneta y del casco antiguo de la ciudad. Algunas piezas de dif\u00edcil localizaci\u00f3n tambi\u00e9n fueron adquiridas a trav\u00e9s de anticuarios.<\/p>\n<p>Empujado por su deseo de estudiar y dar a conocer la importancia del azulejo de muestra, Salvador Miquel hizo p\u00fablica su colecci\u00f3n en una exposici\u00f3n permanente en Can Ros, en Vallromanes, conocida como \u201cLa Rajoloteca\u201d, durante los a\u00f1os 1971-1999, una selecci\u00f3n de la que hoy se expone en Can Tintur\u00e9.<\/p>\n<p>En el a\u00f1o 2003, el Ayuntamiento de Esplugues de Llobregat inaugura el Museo Can Tintur\u00e9, que actualmente acoge la colecci\u00f3n de azulejos de muestra de Salvador Miquel.<\/p>\n[\/et_pb_text][\/et_pb_column][\/et_pb_row][\/et_pb_section]\n","protected":false},"excerpt":{"rendered":"<p>Museo Can Tintur\u00e9Can Tintur\u00e9 es el primer museo monogr\u00e1fico del azulejo de muestra del Estado espa\u00f1ol y expone piezas producidas desde el siglo XIV hasta el siglo XIX.HISTORIA El edificio hist\u00f3rico de Can Tintur\u00e9 est\u00e1 emplazado en el centro hist\u00f3rico de Esplugues de Llobregat, en una casa rodeada de jardines, construida en 1898 por el [&hellip;]<\/p>\n","protected":false},"author":2,"featured_media":0,"parent":0,"menu_order":0,"comment_status":"closed","ping_status":"closed","template":"","meta":{"_et_pb_use_builder":"on","_et_pb_old_content":"","_et_gb_content_width":"","_uag_custom_page_level_css":"","footnotes":""},"class_list":["post-27973","page","type-page","status-publish","hentry"],"uagb_featured_image_src":{"full":false,"thumbnail":false,"medium":false,"medium_large":false,"large":false,"1536x1536":false,"2048x2048":false,"et-pb-post-main-image":false,"et-pb-post-main-image-fullwidth":false,"et-pb-portfolio-image":false,"et-pb-portfolio-module-image":false,"et-pb-portfolio-image-single":false,"et-pb-gallery-module-image-portrait":false,"et-pb-post-main-image-fullwidth-large":false,"et-pb-image--responsive--desktop":false,"et-pb-image--responsive--tablet":false,"et-pb-image--responsive--phone":false},"uagb_author_info":{"display_name":"empiezapori","author_link":"https:\/\/museus.esplugues.cat\/es\/author\/empiezapori"},"uagb_comment_info":0,"uagb_excerpt":"Museo Can Tintur\u00e9Can Tintur\u00e9 es el primer museo monogr\u00e1fico del azulejo de muestra del Estado espa\u00f1ol y expone piezas producidas desde el siglo XIV hasta el siglo XIX.HISTORIA El edificio hist\u00f3rico de Can Tintur\u00e9 est\u00e1 emplazado en el centro hist\u00f3rico de Esplugues de Llobregat, en una casa rodeada de jardines, construida en 1898 por el&hellip;","_links":{"self":[{"href":"https:\/\/museus.esplugues.cat\/es\/wp-json\/wp\/v2\/pages\/27973","targetHints":{"allow":["GET"]}}],"collection":[{"href":"https:\/\/museus.esplugues.cat\/es\/wp-json\/wp\/v2\/pages"}],"about":[{"href":"https:\/\/museus.esplugues.cat\/es\/wp-json\/wp\/v2\/types\/page"}],"author":[{"embeddable":true,"href":"https:\/\/museus.esplugues.cat\/es\/wp-json\/wp\/v2\/users\/2"}],"replies":[{"embeddable":true,"href":"https:\/\/museus.esplugues.cat\/es\/wp-json\/wp\/v2\/comments?post=27973"}],"version-history":[{"count":5,"href":"https:\/\/museus.esplugues.cat\/es\/wp-json\/wp\/v2\/pages\/27973\/revisions"}],"predecessor-version":[{"id":31009,"href":"https:\/\/museus.esplugues.cat\/es\/wp-json\/wp\/v2\/pages\/27973\/revisions\/31009"}],"wp:attachment":[{"href":"https:\/\/museus.esplugues.cat\/es\/wp-json\/wp\/v2\/media?parent=27973"}],"curies":[{"name":"wp","href":"https:\/\/api.w.org\/{rel}","templated":true}]}}