{"id":27981,"date":"2020-06-03T11:54:06","date_gmt":"2020-06-03T09:54:06","guid":{"rendered":"https:\/\/museus.esplugues.cat\/la-rajoleta"},"modified":"2020-12-23T11:06:38","modified_gmt":"2020-12-23T10:06:38","slug":"la-rajoleta","status":"publish","type":"page","link":"https:\/\/museus.esplugues.cat\/es\/la-rajoleta","title":{"rendered":"La Rajoleta"},"content":{"rendered":"<p>[et_pb_section fb_built=\u00bb1&#8243; _builder_version=\u00bb4.4.2&#8243; use_background_color_gradient=\u00bbon\u00bb background_color_gradient_start=\u00bb#8c944d\u00bb background_color_gradient_end=\u00bbrgba(140,148,77,0.21)\u00bb background_color_gradient_direction=\u00bb130deg\u00bb background_color_gradient_start_position=\u00bb49%\u00bb background_color_gradient_end_position=\u00bb18%\u00bb background_image=\u00bbhttps:\/\/museus.esplugues.cat\/wp-content\/uploads\/2020\/05\/Foto-encpa\u00e7alament.jpg\u00bb background_blend=\u00bbmultiply\u00bb][et_pb_row column_structure=\u00bb2_3,1_3&#8243; _builder_version=\u00bb4.0.7&#8243;][et_pb_column type=\u00bb2_3&#8243; _builder_version=\u00bb4.0.7&#8243;][et_pb_text _builder_version=\u00bb4.4.7&#8243; header_font=\u00bb|300|||||||\u00bb header_text_color=\u00bb#ffffff\u00bb header_font_size=\u00bb50px\u00bb header_font_size_tablet=\u00bb\u00bb header_font_size_phone=\u00bb30px\u00bb header_font_size_last_edited=\u00bbon|desktop\u00bb]<\/p>\n<h1>Museo de cer\u00e1mica<br \/> \u00abLa Rajoleta\u00bb<\/h1>\n<p>[\/et_pb_text][\/et_pb_column][et_pb_column type=\u00bb1_3&#8243; _builder_version=\u00bb4.0.7&#8243;][et_pb_button button_url=\u00bb#historia\u00bb button_text=\u00bbHistoria\u00bb button_alignment=\u00bbcenter\u00bb _builder_version=\u00bb4.4.7&#8243; custom_margin=\u00bb13px||13px||true|false\u00bb][\/et_pb_button][et_pb_button button_url=\u00bb#exposicio\u00bb button_text=\u00bbExposici\u00f3n Permanente\u00bb button_alignment=\u00bbcenter\u00bb _builder_version=\u00bb4.4.7&#8243; custom_margin=\u00bb19px||19px||true|false\u00bb][\/et_pb_button][\/et_pb_column][\/et_pb_row][\/et_pb_section][et_pb_section fb_built=\u00bb1&#8243; _builder_version=\u00bb4.0.7&#8243; custom_padding=\u00bb10px||4px|||\u00bb][et_pb_row column_structure=\u00bb2_5,3_5&#8243; _builder_version=\u00bb4.0.7&#8243;][et_pb_column type=\u00bb2_5&#8243; _builder_version=\u00bb4.0.7&#8243;][et_pb_image src=\u00bbhttps:\/\/museus.esplugues.cat\/wp-content\/uploads\/2020\/12\/MNACTEC_Museu_de_Ceramica_de_la_Rajoleta_Positiu.jpg\u00bb _builder_version=\u00bb4.7.6&#8243; width=\u00bb100%\u00bb hover_enabled=\u00bb0&#8243; title_text=\u00bbMNACTEC_Museu_de_Ceramica_de_la_Rajoleta_(Positiu)\u00bb custom_padding=\u00bb0px||||false|false\u00bb sticky_enabled=\u00bb0&#8243;][\/et_pb_image][\/et_pb_column][et_pb_column type=\u00bb3_5&#8243; _builder_version=\u00bb4.0.7&#8243;][et_pb_text quote_border_weight=\u00bb2px\u00bb module_id=\u00bbhistoria\u00bb _builder_version=\u00bb4.4.7&#8243; text_font_size=\u00bb15px\u00bb text_line_height=\u00bb1.8em\u00bb quote_text_color=\u00bb#8C944D\u00bb header_3_font=\u00bb|800|||||||\u00bb header_3_font_size=\u00bb30px\u00bb]<\/p>\n<h3 style=\"text-align: justify;\">HISTORIA<\/h3>\n<p style=\"text-align: justify;\"><span>Durante la d\u00e9cada de los 80 del s.XX, el Ayuntamiento de Esplugues de Llobregat adquiri\u00f3 la finca de la f\u00e1brica de cer\u00e1mica Pujol i Bausis -conocida popularmente como \u201cLa Rajoleta\u201d-, entonces en manos de su \u00faltimo propietario. Era el fin de la decadencia de una de las empresas dedicadas a la producci\u00f3n de cer\u00e1mica industrial que vivi\u00f3, especialmente con el Modernismo, su \u00e9poca de m\u00e1ximo esplendor.<\/span><\/p>\n<p style=\"text-align: justify;\"><span>Sus precedentes empresariales se sit\u00faan en 1858, cuando dos socios franceses, M\u00e0rius Jourdan y Joan Terrada, forman una sociedad para edificar una \u201cf\u00e1brica de azulejos\u201d en un lugar propiedad de Pau Pujol Franquesa. Por fuentes documentales se conoce que se produc\u00edan \u201cazulejos finos y losetas\u201d.<\/span><\/p>\n<p>[\/et_pb_text][\/et_pb_column][\/et_pb_row][\/et_pb_section][et_pb_section fb_built=\u00bb1&#8243; _builder_version=\u00bb4.0.7&#8243; custom_margin=\u00bb-5px|||||\u00bb custom_padding=\u00bb0px||20px|||\u00bb][et_pb_row column_structure=\u00bb3_5,2_5&#8243; _builder_version=\u00bb4.0.7&#8243; custom_padding=\u00bb4px|||||\u00bb][et_pb_column type=\u00bb3_5&#8243; _builder_version=\u00bb4.0.7&#8243;][et_pb_text _builder_version=\u00bb4.4.7&#8243;]<\/p>\n<p>La empresa pasar\u00eda por diferentes cierres y cambios de manos hasta el a\u00f1o 1876, cuando Jaume Pujol i Bausis se hizo cargo de la f\u00e1brica. Iniciar\u00eda una etapa de estabilidad con la producci\u00f3n de unas cer\u00e1micas de calidad que adquirir\u00e1n una gran notoriedad, especialmente durante la etapa de su hijo, Pablo Pujol Vil\u00e0, coincidente con la \u00e9poca dorada del Modernismo.<\/p>\n<p>Arquitectos como Gaud\u00ed, Galliss\u00e0, Puig i Cadafalch, Dom\u00e8nech i Montaner, Font i Gum\u00e0, Bassegoda,\u2026 nutrir\u00e1n sus obras arquitect\u00f3nicas de elementos cer\u00e1micos elaborados en la f\u00e1brica de Esplugues de Llobregat. Algunos de estos arquitectos junto con otros artistas (Adri\u00e0 Gual, Alexandre de Riquer, Llu\u00eds Br\u00fa,\u2026) har\u00e1n proyectos cer\u00e1micos para la f\u00e1brica. La empresa con despacho en Barcelona -en la calle Tallers n\u00famero 9- y f\u00e1brica en Esplugues de Llobregat, cont\u00f3 durante el primer tercio del s.XX, con dos directores art\u00edsticos de gran relieve: Juan B. Al\u00f3s i Peris y Francisco Quer i Selvas.<\/p>\n<p>Despu\u00e9s de la Guerra Civil (1936-1939), la empresa se convierte en sociedad an\u00f3nima -Cer\u00e1micas Pujol i Baucis SA- , comandada por Narciso Vallv\u00e9 Bonany -antiguo trabajador de la f\u00e1brica- y, posteriormente, relevado por su hijo, Narciso Vallv\u00e9 Asenjo.<\/p>\n<p>Se iniciar\u00e1n nuevas l\u00edneas de producci\u00f3n con la fabricaci\u00f3n de aisladores el\u00e9ctricos y revestimientos para molinos de bolas y, m\u00e1s adelante, se comercializar\u00e1n productos cer\u00e1micos hasta su cierre definitivo.<\/p>\n<p>[\/et_pb_text][et_pb_divider _builder_version=\u00bb4.0.7&#8243;][\/et_pb_divider][et_pb_text _builder_version=\u00bb4.4.7&#8243;]<\/p>\n<section class=\"av_textblock_section\">\n<div class=\"avia_textblock \">\n<p>Tras un periodo de abandono y derribo parcial, en el a\u00f1o 1994 se inician las primeras intervenciones del nuevo delimitado recinto con la construcci\u00f3n de un nuevo edificio que, en la actualidad, acoge la exposici\u00f3n permanente de \u201cLa Rajoleta\u201d. M\u00e1s tarde, se realizan en todo el recinto prospecciones arqueol\u00f3gicas, cuyos hallazgos completan los descubrimientos realizados con motivo de la construcci\u00f3n del nuevo edificio.<\/p>\n<p>Con motivo de la celebraci\u00f3n del A\u00f1o Gaud\u00ed, el 26 de abril de 2002 se inician las primeras visitas p\u00fablicas al recinto de \u201cLa Rajoleta\u201d. El acierto de su apertura se ver\u00e1 reconocido, al a\u00f1o siguiente, con la distinci\u00f3n de los Premios Bonaplata, en su modalidad de Difusi\u00f3n.<\/p>\n<p>Pese a la actual provisionalidad de las instalaciones, la excepcionalidad de sus hornos y otros elementos de inter\u00e9s, posibilitan que, el 18 de julio de 2006, el Consejo Rector del Museo de la Ciencia y de la T\u00e9cnica apruebe su vinculaci\u00f3n como museo colaborador, y que, el 25 de noviembre de 2007, con el nombre \u201cMuseo de Cer\u00e1mica \u201cLa Rajoleta\u201d de Esplugues de Llobregat\u201d se formalice el primer convenio de colaboraci\u00f3n.<\/p>\n<\/div>\n<\/section>\n<p>[\/et_pb_text][\/et_pb_column][et_pb_column type=\u00bb2_5&#8243; _builder_version=\u00bb4.0.7&#8243;][et_pb_image src=\u00bbhttps:\/\/museus.esplugues.cat\/wp-content\/uploads\/2018\/05\/b-260&#215;185.jpg\u00bb align=\u00bbcenter\u00bb _builder_version=\u00bb4.0.7&#8243; animation_style=\u00bbzoom\u00bb border_width_all=\u00bb10px\u00bb border_color_all=\u00bb#ffffff\u00bb box_shadow_style=\u00bbpreset3&#8243;][\/et_pb_image][et_pb_image src=\u00bbhttps:\/\/museus.esplugues.cat\/wp-content\/uploads\/2018\/05\/bb-260&#215;185.jpg\u00bb align=\u00bbcenter\u00bb _builder_version=\u00bb4.0.7&#8243; animation_style=\u00bbzoom\u00bb border_width_all=\u00bb10px\u00bb border_color_all=\u00bb#ffffff\u00bb box_shadow_style=\u00bbpreset3&#8243;][\/et_pb_image][et_pb_image src=\u00bbhttps:\/\/museus.esplugues.cat\/wp-content\/uploads\/2018\/05\/bbb-260&#215;185.jpg\u00bb align=\u00bbcenter\u00bb _builder_version=\u00bb4.0.7&#8243; animation_style=\u00bbzoom\u00bb border_width_all=\u00bb10px\u00bb border_color_all=\u00bb#ffffff\u00bb box_shadow_style=\u00bbpreset3&#8243;][\/et_pb_image][\/et_pb_column][\/et_pb_row][\/et_pb_section][et_pb_section fb_built=\u00bb1&#8243; module_id=\u00bbexposicio\u00bb _builder_version=\u00bb4.0.7&#8243; background_color=\u00bb#F9F9F9&#8243; custom_padding=\u00bb20px|||||\u00bb][et_pb_row column_structure=\u00bb1_2,1_2&#8243; _builder_version=\u00bb4.0.7&#8243; custom_margin=\u00bb20px||0px||false|false\u00bb custom_padding=\u00bb0px||0px||false|false\u00bb border_width_bottom=\u00bb1px\u00bb border_color_bottom=\u00bb#d8d8d8&#8243;][et_pb_column type=\u00bb1_2&#8243; _builder_version=\u00bb4.0.7&#8243;][et_pb_text module_id=\u00bbexposicio\u00bb _builder_version=\u00bb4.4.7&#8243; header_3_font=\u00bb|800|||||||\u00bb header_3_font_size=\u00bb25px\u00bb header_4_font=\u00bb|300|||||||\u00bb header_4_font_size=\u00bb20px\u00bb custom_margin=\u00bb0px||0px||false|false\u00bb custom_padding=\u00bb0px||0px||false|false\u00bb]<\/p>\n<h3 style=\"text-align: justify;\">EXPOSICI\u00d3N PERMANENTE<\/h3>\n<p>[\/et_pb_text][\/et_pb_column][et_pb_column type=\u00bb1_2&#8243; _builder_version=\u00bb4.0.7&#8243;][\/et_pb_column][\/et_pb_row][et_pb_row column_structure=\u00bb1_2,1_2&#8243; _builder_version=\u00bb4.0.7&#8243; custom_margin=\u00bb-3px|auto||auto||\u00bb custom_padding=\u00bb5px|||||\u00bb][et_pb_column type=\u00bb1_2&#8243; _builder_version=\u00bb4.0.7&#8243;][et_pb_text _builder_version=\u00bb4.4.7&#8243; header_3_font=\u00bb|800|||||||\u00bb header_3_font_size=\u00bb25px\u00bb header_4_font=\u00bb|300|||||||\u00bb header_4_font_size=\u00bb20px\u00bb custom_margin=\u00bb0px||0px||false|false\u00bb custom_padding=\u00bb11px||0px||false|false\u00bb]<\/p>\n<p>La visita a \u201cLa Rajoleta\u201d tiene un circuito establecido que comprende una parte exterior del recinto y la parte del edificio que acoge la exposici\u00f3n permanente.<\/p>\n<p>Actualmente en el recinto se observan los restos de las balsas de decantaci\u00f3n, de la estancia de los molinos, del rinc\u00f3n del barro, del asiento y de la chimenea para la salida de humos de la m\u00e1quina de vapor, y un importante conjunto de hornos entre los que destacan: seis hornos de tipo \u00e1rabe, dos de ellos enterrados y de grandes dimensiones; dos hornos de botella; y un horno para cer\u00e1mica de reflejo met\u00e1lico.<\/p>\n<p>Hay que decir que estos restos tienen un extraordinario valor, tanto desde el punto de vista arqueol\u00f3gico como tecnol\u00f3gico, ya que permiten mostrar claramente el proceso de fabricaci\u00f3n de cer\u00e1mica decorativa catalana desde el s.XIX hasta pr\u00e1cticamente hoy en d\u00eda.<\/p>\n<p>El recorrido interior presenta tres l\u00edneas de contenido que acompa\u00f1an la visita a los hornos y la exposici\u00f3n con el apoyo de dos audiovisuales.<\/p>\n<p>[\/et_pb_text][\/et_pb_column][et_pb_column type=\u00bb1_2&#8243; _builder_version=\u00bb4.0.7&#8243;][et_pb_text _builder_version=\u00bb4.4.7&#8243; header_3_font=\u00bb|800|||||||\u00bb header_3_font_size=\u00bb25px\u00bb header_4_font=\u00bb|300|||||||\u00bb header_4_font_size=\u00bb20px\u00bb custom_margin=\u00bb0px||0px||false|false\u00bb custom_padding=\u00bb13px||0px||false|false\u00bb]<\/p>\n<h4>1. La empresa<\/h4>\n<p>Presentaci\u00f3n de los cuatro periodos m\u00e1s representativos de historia de la empresa: desde sus precedentes a mediados del s.XIX, pasando por las \u00e9pocas de esplendor de la familia Pujol i Bausis hasta la reconversi\u00f3n en sociedad an\u00f3nima en manos de Narciso Vallv\u00e9 y su cierre definitivo en 1984.<\/p>\n<h4>2. La fabrica<\/h4>\n<p>Explicaci\u00f3n del proceso de producci\u00f3n que se llevaba a cabo en la f\u00e1brica: la preparaci\u00f3n de la tierra, la elaboraci\u00f3n de las piezas y la cocci\u00f3n a los diferentes hornos.<\/p>\n<h4>3. La Producci\u00f3n<\/h4>\n<p>Recorrido por los diferentes tipos de producci\u00f3n que se llevaron a cabo en los m\u00e1s de 100 a\u00f1os de existencia de la f\u00e1brica, poniendo especial \u00e9nfasis en su vinculaci\u00f3n con el Modernismo. Cabe destacar el espacio dedicado al taller de mosaico de Llu\u00eds Br\u00fa i Salelles.<\/p>\n<p>Este \u00e1mbito fue creado en febrero de 2010. Se centra b\u00e1sicamente en la t\u00e9cnica del mosaico a trav\u00e9s de algunos elementos museogr\u00e1ficos de reproducci\u00f3n y con teselas y utensilios originales del taller, cuyo interior aparece reproducido en una imagen captada en 1908.<br \/>La muestra exhibe tambi\u00e9n algunas piezas de los mosaicos originales as\u00ed como dos piezas excepcionales de la Fonda Marina.<\/p>\n<p>[\/et_pb_text][\/et_pb_column][\/et_pb_row][et_pb_row use_custom_gutter=\u00bbon\u00bb gutter_width=\u00bb1&#8243; _builder_version=\u00bb4.0.7&#8243; custom_padding=\u00bb1px||4px|||\u00bb][et_pb_column type=\u00bb4_4&#8243; _builder_version=\u00bb4.0.7&#8243;][et_pb_gallery gallery_ids=\u00bb30062,30060,30058,30056,30050,30048,30046,30044&#8243; posts_number=\u00bb10&#8243; dbdb_version=\u00bb3.3.5&#8243; show_title_and_caption=\u00bboff\u00bb show_pagination=\u00bboff\u00bb _builder_version=\u00bb4.4.2&#8243; border_width_all_image=\u00bb2px\u00bb border_color_all_image=\u00bb#ffffff\u00bb][\/et_pb_gallery][\/et_pb_column][\/et_pb_row][\/et_pb_section]<\/p>\n","protected":false},"excerpt":{"rendered":"<p>Museo de cer\u00e1mica \u00abLa Rajoleta\u00bbHISTORIA Durante la d\u00e9cada de los 80 del s.XX, el Ayuntamiento de Esplugues de Llobregat adquiri\u00f3 la finca de la f\u00e1brica de cer\u00e1mica Pujol i Bausis -conocida popularmente como \u201cLa Rajoleta\u201d-, entonces en manos de su \u00faltimo propietario. Era el fin de la decadencia de una de las empresas dedicadas a [&hellip;]<\/p>\n","protected":false},"author":2,"featured_media":0,"parent":0,"menu_order":0,"comment_status":"closed","ping_status":"closed","template":"","meta":{"_et_pb_use_builder":"on","_et_pb_old_content":"","_et_gb_content_width":"","_uag_custom_page_level_css":"","footnotes":""},"class_list":["post-27981","page","type-page","status-publish","hentry"],"uagb_featured_image_src":{"full":false,"thumbnail":false,"medium":false,"medium_large":false,"large":false,"1536x1536":false,"2048x2048":false,"et-pb-post-main-image":false,"et-pb-post-main-image-fullwidth":false,"et-pb-portfolio-image":false,"et-pb-portfolio-module-image":false,"et-pb-portfolio-image-single":false,"et-pb-gallery-module-image-portrait":false,"et-pb-post-main-image-fullwidth-large":false,"et-pb-image--responsive--desktop":false,"et-pb-image--responsive--tablet":false,"et-pb-image--responsive--phone":false},"uagb_author_info":{"display_name":"empiezapori","author_link":"https:\/\/museus.esplugues.cat\/es\/author\/empiezapori"},"uagb_comment_info":0,"uagb_excerpt":"Museo de cer\u00e1mica \"La Rajoleta\"HISTORIA Durante la d\u00e9cada de los 80 del s.XX, el Ayuntamiento de Esplugues de Llobregat adquiri\u00f3 la finca de la f\u00e1brica de cer\u00e1mica Pujol i Bausis -conocida popularmente como \u201cLa Rajoleta\u201d-, entonces en manos de su \u00faltimo propietario. Era el fin de la decadencia de una de las empresas dedicadas a&hellip;","_links":{"self":[{"href":"https:\/\/museus.esplugues.cat\/es\/wp-json\/wp\/v2\/pages\/27981","targetHints":{"allow":["GET"]}}],"collection":[{"href":"https:\/\/museus.esplugues.cat\/es\/wp-json\/wp\/v2\/pages"}],"about":[{"href":"https:\/\/museus.esplugues.cat\/es\/wp-json\/wp\/v2\/types\/page"}],"author":[{"embeddable":true,"href":"https:\/\/museus.esplugues.cat\/es\/wp-json\/wp\/v2\/users\/2"}],"replies":[{"embeddable":true,"href":"https:\/\/museus.esplugues.cat\/es\/wp-json\/wp\/v2\/comments?post=27981"}],"version-history":[{"count":5,"href":"https:\/\/museus.esplugues.cat\/es\/wp-json\/wp\/v2\/pages\/27981\/revisions"}],"predecessor-version":[{"id":32344,"href":"https:\/\/museus.esplugues.cat\/es\/wp-json\/wp\/v2\/pages\/27981\/revisions\/32344"}],"wp:attachment":[{"href":"https:\/\/museus.esplugues.cat\/es\/wp-json\/wp\/v2\/media?parent=27981"}],"curies":[{"name":"wp","href":"https:\/\/api.w.org\/{rel}","templated":true}]}}