{"id":28001,"date":"2020-06-03T12:49:17","date_gmt":"2020-06-03T10:49:17","guid":{"rendered":"https:\/\/museus.esplugues.cat\/accessibilitat-2"},"modified":"2020-06-22T12:40:31","modified_gmt":"2020-06-22T10:40:31","slug":"accesibilidad","status":"publish","type":"page","link":"https:\/\/museus.esplugues.cat\/es\/accesibilidad","title":{"rendered":"Accesibilidad"},"content":{"rendered":"<p>[et_pb_section fb_built=\u00bb1&#8243; _builder_version=\u00bb4.4.2&#8243; use_background_color_gradient=\u00bbon\u00bb background_color_gradient_start=\u00bb#8c944d\u00bb background_color_gradient_end=\u00bbrgba(140,148,77,0.21)\u00bb background_color_gradient_direction=\u00bb130deg\u00bb background_color_gradient_start_position=\u00bb49%\u00bb background_color_gradient_end_position=\u00bb18%\u00bb background_image=\u00bbhttps:\/\/museus.esplugues.cat\/wp-content\/uploads\/2020\/05\/cap\u00e7alea-acessibiltat.jpg\u00bb background_blend=\u00bbmultiply\u00bb][et_pb_row column_structure=\u00bb2_3,1_3&#8243; _builder_version=\u00bb4.0.7&#8243;][et_pb_column type=\u00bb2_3&#8243; _builder_version=\u00bb4.0.7&#8243;][et_pb_text _builder_version=\u00bb4.4.7&#8243; header_font=\u00bb|300|||||||\u00bb header_text_color=\u00bb#ffffff\u00bb header_font_size=\u00bb50px\u00bb custom_padding=\u00bb24px|||||\u00bb header_font_size_tablet=\u00bb\u00bb header_font_size_phone=\u00bb30px\u00bb header_font_size_last_edited=\u00bbon|desktop\u00bb]<\/p>\n<h1>Accesibilidad<\/h1>\n<p>[\/et_pb_text][\/et_pb_column][et_pb_column type=\u00bb1_3&#8243; _builder_version=\u00bb4.0.7&#8243;][et_pb_button button_url=\u00bb#fisica\u00bb button_text=\u00bbAccesibilidad f\u00edsica\u00bb button_alignment=\u00bbcenter\u00bb _builder_version=\u00bb4.4.7&#8243; custom_margin=\u00bb15px||||false|false\u00bb][\/et_pb_button][et_pb_button button_url=\u00bb#sensorial\u00bb button_text=\u00bbAccesibilidad sensorial\u00bb button_alignment=\u00bbcenter\u00bb _builder_version=\u00bb4.4.7&#8243; custom_margin=\u00bb15px||||false|false\u00bb][\/et_pb_button][\/et_pb_column][\/et_pb_row][\/et_pb_section][et_pb_section fb_built=\u00bb1&#8243; _builder_version=\u00bb4.0.7&#8243; custom_margin=\u00bb0px||0px||false|false\u00bb custom_padding=\u00bb0px||0px||false|false\u00bb][et_pb_row custom_padding_last_edited=\u00bbon|phone\u00bb _builder_version=\u00bb4.0.7&#8243; custom_margin=\u00bb0px||0px||false|false\u00bb custom_padding=\u00bb30px||0px||false|false\u00bb custom_padding_tablet=\u00bb\u00bb custom_padding_phone=\u00bb\u00bb border_width_bottom=\u00bb1px\u00bb border_color_bottom=\u00bb#8C944D\u00bb border_style_bottom=\u00bbdotted\u00bb][et_pb_column type=\u00bb4_4&#8243; _builder_version=\u00bb4.0.7&#8243;][et_pb_text _builder_version=\u00bb4.4.7&#8243; header_2_font=\u00bb|300|||||||\u00bb header_2_font_size=\u00bb30px\u00bb header_2_font_size_tablet=\u00bb\u00bb header_2_font_size_phone=\u00bb25px\u00bb header_2_font_size_last_edited=\u00bbon|phone\u00bb]<\/p>\n<blockquote>\n<p><span style=\"font-weight: 400;\">Los museos de Esplugues de Llobregat incorporan dentro de su pol\u00edtica interna el objetivo la accesibilidad universal con una perspectiva integradora, para\u00a0 garantizar el acceso f\u00edsico y sensorial a sus colecciones a todo tipo de p\u00fablico.\u00a0<\/span><\/p>\n<\/blockquote>\n<p>[\/et_pb_text][et_pb_text module_id=\u00bbfisica\u00bb _builder_version=\u00bb4.4.7&#8243; header_2_font=\u00bb|300|||||||\u00bb header_2_font_size=\u00bb30px\u00bb header_2_font_size_tablet=\u00bb\u00bb header_2_font_size_phone=\u00bb25px\u00bb header_2_font_size_last_edited=\u00bbon|phone\u00bb]<\/p>\n<h2>Accesibilidad f\u00edsica<\/h2>\n<p>[\/et_pb_text][\/et_pb_column][\/et_pb_row][et_pb_row column_structure=\u00bb1_2,1_2&#8243; use_custom_gutter=\u00bbon\u00bb gutter_width=\u00bb4&#8243; _builder_version=\u00bb4.0.7&#8243;][et_pb_column type=\u00bb1_2&#8243; _builder_version=\u00bb4.0.7&#8243;][et_pb_text _builder_version=\u00bb4.4.7&#8243; header_3_font=\u00bb|300||on|||||\u00bb custom_margin=\u00bb||21px|||\u00bb hover_enabled=\u00bb0&#8243;]<\/p>\n<p><span style=\"font-weight: 400;\">El parking reservado a personas usuarias de sillas de ruedas m\u00e1s cercano se localiza en la plaza Santa Magdalena. Los museos disponen de una plaza de parking m\u00e1s cercana reservada autocares. Se recomienda consultar disponibilidad al 93 470 02 18.<\/span><\/p>\n<p><span style=\"font-weight: 400;\">El museo Can Tintur\u00e9 es accesible en todo su recorrido: acceso exterior para rampa, recorrido interior sin obst\u00e1culos destacados, ascensor y servicios higi\u00e9nicos adaptados.<\/span><\/p>\n<p><span style=\"font-weight: 400;\">Tambi\u00e9n dispone de un servicio de pr\u00e9stamo de silla de ruedas para la visita al museo.\u00a0Servicio temporalmente no disponible<\/span><\/p>\n<p>[\/et_pb_text][\/et_pb_column][et_pb_column type=\u00bb1_2&#8243; _builder_version=\u00bb4.0.7&#8243;][et_pb_text _builder_version=\u00bb4.4.7&#8243; header_3_font=\u00bb|300||on|||||\u00bb custom_margin=\u00bb||21px|||\u00bb]<\/p>\n<p><span style=\"font-weight: 400;\">Las actividades programadas en La Masoveria de Can Tintur\u00e9 tambi\u00e9n son accesibles para personas con dificultades de movilidad y \/ o usuarias de sillas de ruedas.<\/span><\/p>\n<p><span style=\"font-weight: 400;\">El Museo de Cer\u00e1mica \u00abLa Rajoleta \u00bb presenta dificultades de acceso a personas con movilidad reducida y usuarias de silla de ruedas. Se encuentra en la espera de una actuaci\u00f3n arquitect\u00f3nica y museol\u00f3gica dada su actual provisionalidad. Consulte informaci\u00f3n detallada en el 93 470 02 18.<\/span><\/p>\n<p>[\/et_pb_text][\/et_pb_column][\/et_pb_row][\/et_pb_section][et_pb_section fb_built=\u00bb1&#8243; _builder_version=\u00bb4.3.3&#8243; background_color=\u00bb#efefef\u00bb custom_margin=\u00bb0px||0px||false|false\u00bb custom_padding=\u00bb0px||30px||false|false\u00bb][et_pb_row custom_padding_last_edited=\u00bbon|phone\u00bb _builder_version=\u00bb4.0.7&#8243; custom_margin=\u00bb0px||0px||false|false\u00bb custom_padding=\u00bb30px||0px||false|false\u00bb custom_padding_tablet=\u00bb\u00bb custom_padding_phone=\u00bb\u00bb border_width_bottom=\u00bb1px\u00bb border_color_bottom=\u00bb#8C944D\u00bb border_style_bottom=\u00bbdotted\u00bb][et_pb_column type=\u00bb4_4&#8243; _builder_version=\u00bb4.0.7&#8243;][et_pb_text module_id=\u00bbsensorial\u00bb _builder_version=\u00bb4.4.7&#8243; header_2_font=\u00bb|300|||||||\u00bb header_2_font_size=\u00bb30px\u00bb header_2_font_size_tablet=\u00bb\u00bb header_2_font_size_phone=\u00bb25px\u00bb header_2_font_size_last_edited=\u00bbon|phone\u00bb]<\/p>\n<h2>Accesibilidad sensorial<\/h2>\n<p>[\/et_pb_text][\/et_pb_column][\/et_pb_row][et_pb_row column_structure=\u00bb1_3,1_3,1_3&#8243; use_custom_gutter=\u00bbon\u00bb gutter_width=\u00bb4&#8243; _builder_version=\u00bb4.3.3&#8243; custom_margin=\u00bb13px|auto||auto||\u00bb custom_padding=\u00bb||||false|false\u00bb border_radii=\u00bbon|5px|5px|5px|5px\u00bb border_color_all=\u00bb#989F61&#8243;][et_pb_column type=\u00bb1_3&#8243; _builder_version=\u00bb4.3.3&#8243; custom_padding=\u00bb0px|0px|0px|0px|false|false\u00bb][et_pb_text _builder_version=\u00bb4.4.7&#8243; custom_margin=\u00bb-6px|||||\u00bb hover_enabled=\u00bb0&#8243;]<\/p>\n<h4><b>Personas con dificultadess visuales<\/b><\/h4>\n<p>&nbsp;<\/p>\n<p><span style=\"font-weight: 400;\">Para la visita libre, el museo Can Tintur\u00e9 dispone de hojas de sala en macro-caracteres y audiogu\u00eda en catal\u00e1n, castellano, ingl\u00e9s y braille.\u00a0Servicio temporalmente no disponible<\/span><\/p>\n<p><span style=\"font-weight: 400;\">Y los las hojas de sala en braille acompa\u00f1adas de l\u00e1minas en relieve facilitan la comprensi\u00f3n del contenido.\u00a0Servicio temporalmente no disponible<\/span><\/p>\n<p><span style=\"font-weight: 400;\">Para la visita de grupos, disponemos de la actividad &#8216;Feelings &#8216;, que combina materiales t\u00e1ctiles, olfativos y auditivos para descubrir la colecci\u00f3n de azulejos de de Salvador Miquel.<\/span><\/p>\n<p><span style=\"font-weight: 400;\">El Museo de Cer\u00e1mica La Rajoleta s\u00f3lo es visitable de forma guiada. En su recorrido presenta diferentes recursos t\u00e1ctiles y auditivos que permiten seguir la visita guiada a personas con dificultades visuales o invidentes.<\/span><\/p>\n<p><span style=\"font-weight: 400;\">Para visitas de grupos, disponemos de la actividad \u00abEl Modernismo cer\u00e1mica en tus manos\u00bb, destinada a personas con dificultades visuales.<\/span><\/p>\n<p>[\/et_pb_text][\/et_pb_column][et_pb_column type=\u00bb1_3&#8243; _builder_version=\u00bb4.3.3&#8243;][et_pb_text _builder_version=\u00bb4.4.7&#8243; custom_margin=\u00bb-6px|||||\u00bb]<\/p>\n<h4><b>Personas con dificultades auditivas<\/b><\/h4>\n<p>&nbsp;<\/p>\n<p><span style=\"font-weight: 400;\">Para la visita libre, el Museo Can Tintur\u00e9 dispone de la guia de visita transcrita y con im\u00e1genes para seguir el recorrido del museo.<\/span><\/p>\n<p><span style=\"font-weight: 400;\">El audiovisual de la exposici\u00f3n permanente del museo Can Tintur\u00e9 se presenta en catal\u00e1n subtitulado y en LSC, Lengua de Signos Catalana. Tambi\u00e9n est\u00e1 traducido al castellano e ingl\u00e9s, sin subtitulaci\u00f3n ni lengua de signos.<\/span><\/p>\n<p><span style=\"font-weight: 400;\">Para la visita guiada en grupos, se dispone de servicio de int\u00e9rprete de lengua de signos, previa reserva.<\/span><\/p>\n<p><span style=\"font-weight: 400;\">El Museo de Cer\u00e1mica La Rajoleta s\u00f3lo es visita de forma guiada, y para la visita en grupos, previa reserva, se dispone de servicio de int\u00e9rprete.<\/span><\/p>\n<p>[\/et_pb_text][\/et_pb_column][et_pb_column type=\u00bb1_3&#8243; _builder_version=\u00bb4.0.7&#8243;][et_pb_text _builder_version=\u00bb4.4.7&#8243; custom_margin=\u00bb-6px|||||\u00bb]<\/p>\n<h4><b>Personas con dificultades cognitivas<\/b><\/h4>\n<p>&nbsp;<\/p>\n<p><span style=\"font-weight: 400;\">Para la visita libre, se ofrece un asesoramiento previo y un acompa\u00f1amiento personalizado en caso de ser necesario. Se recomienda llamar al 93 470 02 18.<\/span><\/p>\n<p><span style=\"font-weight: 400;\">Para la visita en grupos, previa reserva, se realizan adaptaciones personalizadas seg\u00fan las caracter\u00edsticas de los grupos.<\/span><\/p>\n<p><span style=\"font-weight: 400;\">En el museo Can Tintur\u00e9, disponemos de la actividad &#8216;Feelings &#8216;, que combina materiales t\u00e1ctiles, olfativos y auditivos para descubrir la colecci\u00f3n de azulejos de Salvador Miquel.<\/span><\/p>\n<p><span style=\"font-weight: 400;\">En el Museo La Rajoleta, para visitas en grupos, previa reserva, se ofrece la posibilidad de adaptaci\u00f3n personalizada seg\u00fan las caracter\u00edsticas espec\u00edficas del grupo.<\/span><\/p>\n<p><span style=\"font-weight: 400;\">La oferta pedag\u00f3gica de los museos incluye dos actividades dise\u00f1adas para centros de educaci\u00f3n especial. Aqu\u00ed m\u00e1s informaci\u00f3n.<\/span><\/p>\n<p>[\/et_pb_text][\/et_pb_column][\/et_pb_row][\/et_pb_section]<\/p>\n","protected":false},"excerpt":{"rendered":"<p>Accesibilidad Los museos de Esplugues de Llobregat incorporan dentro de su pol\u00edtica interna el objetivo la accesibilidad universal con una perspectiva integradora, para\u00a0 garantizar el acceso f\u00edsico y sensorial a sus colecciones a todo tipo de p\u00fablico.\u00a0 Accesibilidad f\u00edsicaEl parking reservado a personas usuarias de sillas de ruedas m\u00e1s cercano se localiza en la plaza [&hellip;]<\/p>\n","protected":false},"author":2,"featured_media":0,"parent":0,"menu_order":0,"comment_status":"closed","ping_status":"closed","template":"","meta":{"_et_pb_use_builder":"on","_et_pb_old_content":"","_et_gb_content_width":"","_uag_custom_page_level_css":"","footnotes":""},"class_list":["post-28001","page","type-page","status-publish","hentry"],"uagb_featured_image_src":{"full":false,"thumbnail":false,"medium":false,"medium_large":false,"large":false,"1536x1536":false,"2048x2048":false,"et-pb-post-main-image":false,"et-pb-post-main-image-fullwidth":false,"et-pb-portfolio-image":false,"et-pb-portfolio-module-image":false,"et-pb-portfolio-image-single":false,"et-pb-gallery-module-image-portrait":false,"et-pb-post-main-image-fullwidth-large":false,"et-pb-image--responsive--desktop":false,"et-pb-image--responsive--tablet":false,"et-pb-image--responsive--phone":false},"uagb_author_info":{"display_name":"empiezapori","author_link":"https:\/\/museus.esplugues.cat\/es\/author\/empiezapori"},"uagb_comment_info":0,"uagb_excerpt":"Accesibilidad Los museos de Esplugues de Llobregat incorporan dentro de su pol\u00edtica interna el objetivo la accesibilidad universal con una perspectiva integradora, para\u00a0 garantizar el acceso f\u00edsico y sensorial a sus colecciones a todo tipo de p\u00fablico.\u00a0 Accesibilidad f\u00edsicaEl parking reservado a personas usuarias de sillas de ruedas m\u00e1s cercano se localiza en la plaza&hellip;","_links":{"self":[{"href":"https:\/\/museus.esplugues.cat\/es\/wp-json\/wp\/v2\/pages\/28001","targetHints":{"allow":["GET"]}}],"collection":[{"href":"https:\/\/museus.esplugues.cat\/es\/wp-json\/wp\/v2\/pages"}],"about":[{"href":"https:\/\/museus.esplugues.cat\/es\/wp-json\/wp\/v2\/types\/page"}],"author":[{"embeddable":true,"href":"https:\/\/museus.esplugues.cat\/es\/wp-json\/wp\/v2\/users\/2"}],"replies":[{"embeddable":true,"href":"https:\/\/museus.esplugues.cat\/es\/wp-json\/wp\/v2\/comments?post=28001"}],"version-history":[{"count":5,"href":"https:\/\/museus.esplugues.cat\/es\/wp-json\/wp\/v2\/pages\/28001\/revisions"}],"predecessor-version":[{"id":30711,"href":"https:\/\/museus.esplugues.cat\/es\/wp-json\/wp\/v2\/pages\/28001\/revisions\/30711"}],"wp:attachment":[{"href":"https:\/\/museus.esplugues.cat\/es\/wp-json\/wp\/v2\/media?parent=28001"}],"curies":[{"name":"wp","href":"https:\/\/api.w.org\/{rel}","templated":true}]}}