{"id":28127,"date":"2020-06-08T12:11:25","date_gmt":"2020-06-08T10:11:25","guid":{"rendered":"https:\/\/museus.esplugues.cat\/visita-los-museus"},"modified":"2026-03-16T08:40:51","modified_gmt":"2026-03-16T07:40:51","slug":"visita-los-museus","status":"publish","type":"page","link":"https:\/\/museus.esplugues.cat\/es\/visita-los-museus","title":{"rendered":"Visita"},"content":{"rendered":"<p>[et_pb_section fb_built=\u00bb1&#8243; _builder_version=\u00bb4.16&#8243; use_background_color_gradient=\u00bbon\u00bb background_color_gradient_direction=\u00bb130deg\u00bb background_color_gradient_stops=\u00bb#8c944d 49%|rgba(140,148,77,0.21) 49%\u00bb background_color_gradient_start=\u00bb#8c944d\u00bb background_color_gradient_start_position=\u00bb49%\u00bb background_color_gradient_end=\u00bbrgba(140,148,77,0.21)\u00bb background_color_gradient_end_position=\u00bb18%\u00bb background_image=\u00bbhttps:\/\/museus.esplugues.cat\/wp-content\/uploads\/2020\/02\/Can-Tintur\u00e9_presentacion_1.jpg\u00bb background_blend=\u00bbmultiply\u00bb global_colors_info=\u00bb{}\u00bb][et_pb_row column_structure=\u00bb2_3,1_3&#8243; _builder_version=\u00bb4.16&#8243; custom_margin=\u00bb-11px|auto|-14px|auto||\u00bb global_colors_info=\u00bb{}\u00bb][et_pb_column type=\u00bb2_3&#8243; _builder_version=\u00bb4.16&#8243; global_colors_info=\u00bb{}\u00bb][et_pb_text _builder_version=\u00bb4.16&#8243; header_font=\u00bb|300|||||||\u00bb header_text_color=\u00bb#ffffff\u00bb header_font_size=\u00bb50px\u00bb custom_padding=\u00bb29px|||||\u00bb header_font_size_tablet=\u00bb\u00bb header_font_size_phone=\u00bb30px\u00bb header_font_size_last_edited=\u00bbon|desktop\u00bb global_colors_info=\u00bb{}\u00bb]<\/p>\n<h1>Visita los Museus<\/h1>\n<p>[\/et_pb_text][\/et_pb_column][et_pb_column type=\u00bb1_3&#8243; _builder_version=\u00bb4.16&#8243; global_colors_info=\u00bb{}\u00bb][et_pb_button button_url=\u00bbhttps:\/\/museus.esplugues.cat\/es\/visita-para-grupos\u00bb button_text=\u00bbPara grupos\u00bb button_alignment=\u00bbcenter\u00bb _builder_version=\u00bb4.16&#8243; global_colors_info=\u00bb{}\u00bb][\/et_pb_button][et_pb_button button_url=\u00bbhttps:\/\/museus.esplugues.cat\/es\/visita-para-familias\u00bb button_text=\u00bbPara familias\u00bb button_alignment=\u00bbcenter\u00bb _builder_version=\u00bb4.16&#8243; global_colors_info=\u00bb{}\u00bb][\/et_pb_button][et_pb_button button_url=\u00bbhttps:\/\/museus.esplugues.cat\/es\/visita-para-escuelas\u00bb button_text=\u00bbPara escuelas\u00bb button_alignment=\u00bbcenter\u00bb _builder_version=\u00bb4.16&#8243; global_colors_info=\u00bb{}\u00bb][\/et_pb_button][\/et_pb_column][\/et_pb_row][\/et_pb_section][et_pb_section fb_built=\u00bb1&#8243; _builder_version=\u00bb4.16&#8243; custom_margin=\u00bb0px||0px||false|false\u00bb custom_padding=\u00bb0px||0px||false|false\u00bb global_colors_info=\u00bb{}\u00bb][et_pb_row custom_padding_last_edited=\u00bbon|phone\u00bb _builder_version=\u00bb4.16&#8243; custom_margin=\u00bb0px||0px||false|false\u00bb custom_padding=\u00bb30px||0px||false|false\u00bb custom_padding_tablet=\u00bb\u00bb custom_padding_phone=\u00bb\u00bb border_width_bottom=\u00bb1px\u00bb border_color_bottom=\u00bb#8C944D\u00bb border_style_bottom=\u00bbdotted\u00bb global_colors_info=\u00bb{}\u00bb][et_pb_column type=\u00bb4_4&#8243; _builder_version=\u00bb4.16&#8243; global_colors_info=\u00bb{}\u00bb][et_pb_text _builder_version=\u00bb4.16&#8243; header_2_font=\u00bb|300|||||||\u00bb header_2_font_size=\u00bb30px\u00bb header_2_font_size_tablet=\u00bb\u00bb header_2_font_size_phone=\u00bb25px\u00bb header_2_font_size_last_edited=\u00bbon|phone\u00bb global_colors_info=\u00bb{}\u00bb]<\/p>\n<h2>Informaci\u00f3n pr\u00e1ctica<\/h2>\n<p>[\/et_pb_text][\/et_pb_column][\/et_pb_row][et_pb_row column_structure=\u00bb1_2,1_2&#8243; use_custom_gutter=\u00bbon\u00bb gutter_width=\u00bb4&#8243; _builder_version=\u00bb4.16&#8243; global_colors_info=\u00bb{}\u00bb][et_pb_column type=\u00bb1_2&#8243; _builder_version=\u00bb4.16&#8243; global_colors_info=\u00bb{}\u00bb][et_pb_text _builder_version=\u00bb4.27.4&#8243; header_3_font=\u00bb|300||on|||||\u00bb custom_margin=\u00bb||1px|||\u00bb global_colors_info=\u00bb{}\u00bb]<\/p>\n<h3>Museo Can Tintur\u00e9<\/h3>\n<p><strong>Visita libre<\/strong>:<\/p>\n<ul>\n<li>De martes a viernes, de 17 a 20 h.<\/li>\n<li>S\u00e1bados de 10 a 14 y de 17 a 20 h.<\/li>\n<li>Domingos y festivos de 10 a 14 h.<\/li>\n<\/ul>\n<p>Cerrado todos los lunes, el mes de agosto, y los d\u00edas 1 y 6 de enero, y el 25 y 26 de diciembre.<\/p>\n<p>[\/et_pb_text][\/et_pb_column][et_pb_column type=\u00bb1_2&#8243; _builder_version=\u00bb4.16&#8243; global_colors_info=\u00bb{}\u00bb][et_pb_text _builder_version=\u00bb4.27.4&#8243; header_3_font=\u00bb|300||on|||||\u00bb custom_margin=\u00bb||2px|||\u00bb global_colors_info=\u00bb{}\u00bb]<\/p>\n<h3>Museo de cer\u00e1mica \u00abLa Rajoleta\u00bb<\/h3>\n<p>El museo de cer\u00e1mica \u00abLa Rajoleta\u00bb se puede visitar s\u00f3lo en formato de visita guiada<\/p>\n<p>2\u00ba domingo de mes: activitat \u00abGaud\u00ed i Esplugues\u00bb .\u00a0 Sesiones a las 10.30 y 12 h<\/p>\n<p>3r y 4\u00ba domingo de mes ( *): Visita guiada al museo.\u00a0 10.30 h<\/p>\n<p><strong>Punto de salida<\/strong>: Recepci\u00f3n del Museo Can Tintur\u00e9<\/p>\n<p><em>* Meses de cinco domingos.<\/em><em><\/em><\/p>\n<p>&nbsp;<\/p>\n<p>[\/et_pb_text][\/et_pb_column][\/et_pb_row][et_pb_row _builder_version=\u00bb4.27.4&#8243; _module_preset=\u00bbdefault\u00bb global_colors_info=\u00bb{}\u00bb][et_pb_column type=\u00bb4_4&#8243; _builder_version=\u00bb4.27.4&#8243; _module_preset=\u00bbdefault\u00bb global_colors_info=\u00bb{}\u00bb][et_pb_button button_url=\u00bb@ET-DC@eyJkeW5hbWljIjp0cnVlLCJjb250ZW50IjoicG9zdF9saW5rX3VybF9wYWdlIiwic2V0dGluZ3MiOnsicG9zdF9pZCI6IjQ2NTQ0In19@\u00bb button_text=\u00bbM\u00e1s informaci\u00f3n sobre las visitas guiadas\u00bb button_alignment=\u00bbcenter\u00bb _builder_version=\u00bb4.27.4&#8243; _dynamic_attributes=\u00bbbutton_url\u00bb _module_preset=\u00bbdefault\u00bb global_colors_info=\u00bb{}\u00bb][\/et_pb_button][\/et_pb_column][\/et_pb_row][\/et_pb_section][et_pb_section fb_built=\u00bb1&#8243; _builder_version=\u00bb4.16&#8243; background_color=\u00bb#FFFFFF\u00bb custom_margin=\u00bb0px||0px||false|false\u00bb custom_padding=\u00bb0px||30px||false|false\u00bb global_colors_info=\u00bb{}\u00bb][et_pb_row custom_padding_last_edited=\u00bbon|phone\u00bb _builder_version=\u00bb4.16&#8243; custom_margin=\u00bb0px||0px||false|false\u00bb custom_padding=\u00bb30px||0px||false|false\u00bb custom_padding_tablet=\u00bb\u00bb custom_padding_phone=\u00bb\u00bb border_width_bottom=\u00bb1px\u00bb border_color_bottom=\u00bb#8C944D\u00bb border_style_bottom=\u00bbdotted\u00bb global_colors_info=\u00bb{}\u00bb][et_pb_column type=\u00bb4_4&#8243; _builder_version=\u00bb4.16&#8243; global_colors_info=\u00bb{}\u00bb][et_pb_text _builder_version=\u00bb4.16&#8243; header_2_font=\u00bb|300|||||||\u00bb header_2_font_size=\u00bb30px\u00bb header_2_font_size_tablet=\u00bb\u00bb header_2_font_size_phone=\u00bb25px\u00bb header_2_font_size_last_edited=\u00bbon|phone\u00bb global_colors_info=\u00bb{}\u00bb]<\/p>\n<h2>Precios<\/h2>\n<p>[\/et_pb_text][\/et_pb_column][\/et_pb_row][et_pb_row column_structure=\u00bb1_3,1_3,1_3&#8243; use_custom_gutter=\u00bbon\u00bb gutter_width=\u00bb4&#8243; _builder_version=\u00bb4.16&#8243; custom_margin=\u00bb21px|auto|-11px|auto||\u00bb custom_padding=\u00bb1px||0px||false|false\u00bb border_radii=\u00bbon|5px|5px|5px|5px\u00bb border_color_all=\u00bb#989F61&#8243; global_colors_info=\u00bb{}\u00bb][et_pb_column type=\u00bb1_3&#8243; _builder_version=\u00bb4.16&#8243; custom_padding=\u00bb0px|0px|0px|0px|false|false\u00bb global_colors_info=\u00bb{}\u00bb][et_pb_text _builder_version=\u00bb4.27.4&#8243; global_colors_info=\u00bb{}\u00bb]<\/p>\n<p><strong>Tarifa general<\/strong>: 3 euros<\/p>\n<p>Personas adultas<\/p>\n<p>[\/et_pb_text][\/et_pb_column][et_pb_column type=\u00bb1_3&#8243; _builder_version=\u00bb4.16&#8243; global_colors_info=\u00bb{}\u00bb][et_pb_text _builder_version=\u00bb4.27.4&#8243; custom_padding=\u00bb6px|||||\u00bb global_colors_info=\u00bb{}\u00bb]<\/p>\n<p><strong>Tarifa reducida<\/strong>: 1,5 euros<\/p>\n<ul>\n<li>Personas en situaci\u00f3n de desempleo<\/li>\n<li>Personas jubiladas<\/li>\n<li>Estudiantes<\/li>\n<li>Usuarias del Carnet Joven<\/li>\n<li>Grupos de m\u00e1s de 10 personas<\/li>\n<li>Miembros de asociaciones e instituciones relacionadas con la cer\u00e1mica<\/li>\n<\/ul>\n<ul><\/ul>\n<p>[\/et_pb_text][\/et_pb_column][et_pb_column type=\u00bb1_3&#8243; _builder_version=\u00bb4.16&#8243; global_colors_info=\u00bb{}\u00bb][et_pb_text _builder_version=\u00bb4.27.4&#8243; custom_padding=\u00bb6px|||||\u00bb global_colors_info=\u00bb{}\u00bb]<\/p>\n<p><strong>Tarifa gratuita<\/strong>:<\/p>\n<ul>\n<li>Ni\u00f1os y ni\u00f1as\u00a0 menores de 12 a\u00f1os<\/li>\n<li>Miembros del ICOM y de asociaciones e instituciones relacionadas con los Museos<\/li>\n<li>Profesorado<\/li>\n<li>Socios y socias de\u00a0AMPEL<\/li>\n<\/ul>\n<p>[\/et_pb_text][\/et_pb_column][\/et_pb_row][\/et_pb_section][et_pb_section fb_built=\u00bb1&#8243; _builder_version=\u00bb4.16&#8243; background_enable_color=\u00bboff\u00bb custom_margin=\u00bb0px||0px||false|false\u00bb custom_padding=\u00bb0px||30px||false|false\u00bb global_colors_info=\u00bb{}\u00bb][et_pb_row custom_padding_last_edited=\u00bbon|phone\u00bb _builder_version=\u00bb4.16&#8243; custom_margin=\u00bb0px||0px||false|false\u00bb custom_padding=\u00bb30px||0px||false|false\u00bb custom_padding_tablet=\u00bb\u00bb custom_padding_phone=\u00bb\u00bb border_width_bottom=\u00bb1px\u00bb border_color_bottom=\u00bb#8C944D\u00bb border_style_bottom=\u00bbdotted\u00bb global_colors_info=\u00bb{}\u00bb][et_pb_column type=\u00bb4_4&#8243; _builder_version=\u00bb4.16&#8243; global_colors_info=\u00bb{}\u00bb][et_pb_text _builder_version=\u00bb4.16&#8243; header_2_font=\u00bb|300|||||||\u00bb header_2_font_size=\u00bb30px\u00bb header_2_font_size_tablet=\u00bb\u00bb header_2_font_size_phone=\u00bb25px\u00bb header_2_font_size_last_edited=\u00bbon|phone\u00bb global_colors_info=\u00bb{}\u00bb]<\/p>\n<h2>Jornadas y Promociones<\/h2>\n<p>[\/et_pb_text][\/et_pb_column][\/et_pb_row][et_pb_row column_structure=\u00bb1_2,1_2&#8243; _builder_version=\u00bb4.16&#8243; custom_padding=\u00bb||0px|||\u00bb global_colors_info=\u00bb{}\u00bb][et_pb_column type=\u00bb1_2&#8243; _builder_version=\u00bb4.16&#8243; global_colors_info=\u00bb{}\u00bb][et_pb_text _builder_version=\u00bb4.16&#8243; text_line_height=\u00bb1.5em\u00bb ul_font_size=\u00bb13px\u00bb ul_line_height=\u00bb20px\u00bb header_3_font=\u00bb|300||on|||||\u00bb custom_margin=\u00bb||5px|||\u00bb global_colors_info=\u00bb{}\u00bb]<\/p>\n<h3>Puertas abiertas<\/h3>\n<p>[\/et_pb_text][et_pb_text _builder_version=\u00bb4.27.4&#8243; custom_padding=\u00bb6px|||||\u00bb global_colors_info=\u00bb{}\u00bb]<\/p>\n<ul>\n<li>Todos los s\u00e1bados<\/li>\n<li>D\u00eda internacional de las mujeres (8 de marzo)<\/li>\n<li>Sant Jordi (23 de abril)<\/li>\n<li>D\u00eda internacional de los Museos (18 de mayo)<\/li>\n<li>D\u00eda de Santa Magdalena (22 de julio)<\/li>\n<li>Fiesta Mayor de Esplugues (21 de septiembre)<\/li>\n<li>Jornadas Europeas del patrimonio (octubre<\/li>\n<li>D\u00edas adicionales: <a href=\"museus.webesplugues.com\/agenda\">consultar Agenda<\/a><\/li>\n<\/ul>\n<p>[\/et_pb_text][\/et_pb_column][et_pb_column type=\u00bb1_2&#8243; _builder_version=\u00bb4.16&#8243; global_colors_info=\u00bb{}\u00bb][et_pb_text _builder_version=\u00bb4.16&#8243; text_line_height=\u00bb1.5em\u00bb ul_font_size=\u00bb13px\u00bb ul_line_height=\u00bb20px\u00bb header_3_font=\u00bb|300||on|||||\u00bb custom_margin=\u00bb||5px|||\u00bb global_colors_info=\u00bb{}\u00bb]<\/p>\n<h3>Promociones<\/h3>\n<p>[\/et_pb_text][et_pb_text _builder_version=\u00bb4.27.4&#8243; custom_padding=\u00bb|||3px|false|false\u00bb hover_enabled=\u00bb0&#8243; global_colors_info=\u00bb{}\u00bb sticky_enabled=\u00bb0&#8243;]<\/p>\n<p><span style=\"text-decoration: underline;\"><strong>Cupones de descuento del CTBLL.<\/strong><\/span><\/p>\n<p>Visita guiada a La Rajoleta para familias.<\/p>\n<p><a href=\"https:\/\/www.turismebaixllobregat.com\/es\/cupones\">Descarga aqu\u00ed tu cup\u00f3n de descuento<\/a><\/p>\n<p><span style=\"text-decoration: underline;\"><strong>Ruta del Tram<\/strong><\/span><\/p>\n<p>2 x 1 en todas las visitas guiadas al Museu de cer\u00e0mica La Rajoleta ( 3r domingo de mes)<\/p>\n<p><a href=\"https:\/\/www.turismebaixllobregat.com\/es\/ruta-del-tram\">Activa aqu\u00ed tu descuento<\/a><\/p>\n<p><span style=\"text-decoration: underline;\"><strong>Carnet de biblotecas de la Diputaci\u00f3\u00a0<\/strong><\/span><\/p>\n<p>2 x 1 en todas las visitas guiadas al Museu de cer\u00e0mica La Rajoleta ( 3r domingo de mes)<\/p>\n<p>[\/et_pb_text][\/et_pb_column][\/et_pb_row][\/et_pb_section][et_pb_section fb_built=\u00bb1&#8243; _builder_version=\u00bb4.16&#8243; background_color=\u00bb#f9f9f9&#8243; custom_margin=\u00bb0px||0px||false|false\u00bb custom_padding=\u00bb0px||30px||false|false\u00bb global_colors_info=\u00bb{}\u00bb][et_pb_row custom_padding_last_edited=\u00bbon|phone\u00bb _builder_version=\u00bb4.16&#8243; custom_margin=\u00bb0px||0px||false|false\u00bb custom_padding=\u00bb30px||0px||false|false\u00bb custom_padding_tablet=\u00bb\u00bb custom_padding_phone=\u00bb\u00bb border_width_bottom=\u00bb1px\u00bb border_color_bottom=\u00bb#8C944D\u00bb border_style_bottom=\u00bbdotted\u00bb global_colors_info=\u00bb{}\u00bb][et_pb_column type=\u00bb4_4&#8243; _builder_version=\u00bb4.16&#8243; global_colors_info=\u00bb{}\u00bb][et_pb_text _builder_version=\u00bb4.16&#8243; header_2_font=\u00bb|300|||||||\u00bb header_2_font_size=\u00bb30px\u00bb header_2_font_size_tablet=\u00bb\u00bb header_2_font_size_phone=\u00bb25px\u00bb header_2_font_size_last_edited=\u00bbon|phone\u00bb global_colors_info=\u00bb{}\u00bb]<\/p>\n<h2>Servicios a la visita<\/h2>\n<p>[\/et_pb_text][\/et_pb_column][\/et_pb_row][et_pb_row _builder_version=\u00bb4.16&#8243; custom_padding=\u00bb||0px|||\u00bb global_colors_info=\u00bb{}\u00bb][et_pb_column type=\u00bb4_4&#8243; _builder_version=\u00bb4.16&#8243; global_colors_info=\u00bb{}\u00bb][et_pb_text _builder_version=\u00bb4.16&#8243; custom_padding=\u00bb6px|||||\u00bb global_colors_info=\u00bb{}\u00bb]<\/p>\n<ul>\n<li>Audiogu\u00edas en catal\u00e1n, castellano e ingl\u00e9s gratuitas para la visita libre a la exposici\u00f3n permanente de Can Tintur\u00e9. Temporalmente fuera de servicio<\/li>\n<li>Accesibilidad f\u00edsica en Can Tintur\u00e9 <a href=\"https:\/\/museus.esplugues.cat\/es\/accesibilidad\">M\u00e1s informaci\u00f3n<\/a><\/li>\n<li>Cambiadores para beb\u00e9s.<\/li>\n<li>Visitas guiadas en catal\u00e1n, castellano, ingl\u00e9s y franc\u00e9s <a href=\"https:\/\/museus.esplugues.cat\/es\/visita-para-grupos\">M\u00e1s informaci\u00f3n<\/a><\/li>\n<li>Actividades did\u00e1cticas para todos los niveles educativos <a href=\"https:\/\/museus.esplugues.cat\/es\/visita-para-escuelas\">M\u00e1s informaci\u00f3n<\/a><\/li>\n<li>Actividades familiares <a href=\"https:\/\/museus.esplugues.cat\/es\/visita-para-familias\">M\u00e1s informaci\u00f3n<\/a><\/li>\n<li>Programaci\u00f3n anual de actividades de dinamizaci\u00f3n y propuestas espec\u00edficas para todos los p\u00fablicos. <a href=\"https:\/\/museus.esplugues.cat\/es\/agenda\">M\u00e1s informaci\u00f3n<\/a><\/li>\n<li>Actividades y visitas accesibles para grupos con dificultades visuales y \/ o invidentes <a href=\"https:\/\/museus.esplugues.cat\/es\/accesibilidad\">M\u00e1s informaci\u00f3n<\/a><\/li>\n<li>Publicaciones y tienda <a href=\"https:\/\/museus.esplugues.cat\/es\/publicaciones\">M\u00e1s informaci\u00f3n<\/a><\/li>\n<\/ul>\n<p>[\/et_pb_text][\/et_pb_column][\/et_pb_row][\/et_pb_section][et_pb_section fb_built=\u00bb1&#8243; _builder_version=\u00bb4.16&#8243; background_enable_color=\u00bboff\u00bb custom_margin=\u00bb0px||0px||false|false\u00bb custom_padding=\u00bb0px||0px||false|false\u00bb global_colors_info=\u00bb{}\u00bb][et_pb_row custom_padding_last_edited=\u00bbon|phone\u00bb _builder_version=\u00bb4.16&#8243; custom_margin=\u00bb0px||0px||false|false\u00bb custom_padding=\u00bb30px||0px||false|false\u00bb custom_padding_tablet=\u00bb\u00bb custom_padding_phone=\u00bb\u00bb border_width_bottom=\u00bb1px\u00bb border_color_bottom=\u00bb#8C944D\u00bb border_style_bottom=\u00bbdotted\u00bb global_colors_info=\u00bb{}\u00bb][et_pb_column type=\u00bb4_4&#8243; _builder_version=\u00bb4.16&#8243; global_colors_info=\u00bb{}\u00bb][et_pb_text _builder_version=\u00bb4.16&#8243; header_2_font=\u00bb|300|||||||\u00bb header_2_font_size=\u00bb30px\u00bb header_2_font_size_tablet=\u00bb\u00bb header_2_font_size_phone=\u00bb25px\u00bb header_2_font_size_last_edited=\u00bbon|phone\u00bb global_colors_info=\u00bb{}\u00bb]<\/p>\n<h2>Como llegar<\/h2>\n<p>[\/et_pb_text][\/et_pb_column][\/et_pb_row][et_pb_row column_structure=\u00bb1_2,1_2&#8243; use_custom_gutter=\u00bbon\u00bb gutter_width=\u00bb4&#8243; _builder_version=\u00bb4.16&#8243; global_colors_info=\u00bb{}\u00bb][et_pb_column type=\u00bb1_2&#8243; _builder_version=\u00bb4.16&#8243; global_colors_info=\u00bb{}\u00bb][et_pb_code _builder_version=\u00bb4.16&#8243; global_colors_info=\u00bb{}\u00bb]  <iframe loading=\"lazy\" src=\"https:\/\/www.google.com\/maps\/d\/u\/0\/embed?mid=1CBwzNGqpB38hKUFE7Z6sGdSHsHwKwfOU\" width=\"100%\" height=\"450\"><\/iframe>[\/et_pb_code][\/et_pb_column][et_pb_column type=\u00bb1_2&#8243; _builder_version=\u00bb4.16&#8243; global_colors_info=\u00bb{}\u00bb][et_pb_text _builder_version=\u00bb4.16&#8243; header_3_font=\u00bb|300||on|||||\u00bb global_colors_info=\u00bb{}\u00bb]<\/p>\n<h3>En transporte p\u00fablico<\/h3>\n<p><strong>Trambaix:<\/strong> T1, T2 Y T3 Parada Puente de Esplugues<br \/>\n<strong>Bus:<\/strong> EP1, 63, EP1, EP2, 57, 67, 68, 78, EP1, EP2, JM, L51, L52, L60<br \/>\n<strong>Bicibox:<\/strong> E-Bicibox<\/p>\n<h3>En transporte privado<\/h3>\n<p><strong>APARCAMIENTO LAS MORERES<\/strong><br \/>\nAparcamiento subterr\u00e1neo ubicado en la Calle Llu\u00eds Companys, bajo el Complejo Deportivo de Las Moreras:<\/p>\n<p><strong>N\u00famero de plazas<\/strong>: 176 plazas.<br \/>\n<strong>Estacionamiento<\/strong>: Rotaci\u00f3n corta estancia \u00abzona azul\u00bb y Abonos 24 \/ Laboral<\/p>\n<p><strong>Horario<\/strong>:<br \/>\n<strong>D\u00edas laborables<\/strong>: de 8:00 &#8211; 22:00 horas.<br \/>\n<strong>S\u00e1bados<\/strong>: de 8:00 &#8211; 23:00 horas.<br \/>\n<strong>Domingos y Festivos<\/strong>: Cerrado[\/et_pb_text][\/et_pb_column][\/et_pb_row][\/et_pb_section]<\/p>\n","protected":false},"excerpt":{"rendered":"<p>Visita los MuseusInformaci\u00f3n pr\u00e1cticaMuseo Can Tintur\u00e9 Visita libre: De martes a viernes, de 17 a 20 h. S\u00e1bados de 10 a 14 y de 17 a 20 h. Domingos y festivos de 10 a 14 h. Cerrado todos los lunes, el mes de agosto, y los d\u00edas 1 y 6 de enero, y el 25 [&hellip;]<\/p>\n","protected":false},"author":2,"featured_media":0,"parent":0,"menu_order":0,"comment_status":"closed","ping_status":"closed","template":"","meta":{"_et_pb_use_builder":"on","_et_pb_old_content":"","_et_gb_content_width":"","_uag_custom_page_level_css":"","footnotes":""},"class_list":["post-28127","page","type-page","status-publish","hentry"],"uagb_featured_image_src":{"full":false,"thumbnail":false,"medium":false,"medium_large":false,"large":false,"1536x1536":false,"2048x2048":false,"et-pb-post-main-image":false,"et-pb-post-main-image-fullwidth":false,"et-pb-portfolio-image":false,"et-pb-portfolio-module-image":false,"et-pb-portfolio-image-single":false,"et-pb-gallery-module-image-portrait":false,"et-pb-post-main-image-fullwidth-large":false,"et-pb-image--responsive--desktop":false,"et-pb-image--responsive--tablet":false,"et-pb-image--responsive--phone":false},"uagb_author_info":{"display_name":"empiezapori","author_link":"https:\/\/museus.esplugues.cat\/es\/author\/empiezapori"},"uagb_comment_info":0,"uagb_excerpt":"Visita los MuseusInformaci\u00f3n pr\u00e1cticaMuseo Can Tintur\u00e9 Visita libre: De martes a viernes, de 17 a 20 h. S\u00e1bados de 10 a 14 y de 17 a 20 h. Domingos y festivos de 10 a 14 h. Cerrado todos los lunes, el mes de agosto, y los d\u00edas 1 y 6 de enero, y el 25&hellip;","_links":{"self":[{"href":"https:\/\/museus.esplugues.cat\/es\/wp-json\/wp\/v2\/pages\/28127","targetHints":{"allow":["GET"]}}],"collection":[{"href":"https:\/\/museus.esplugues.cat\/es\/wp-json\/wp\/v2\/pages"}],"about":[{"href":"https:\/\/museus.esplugues.cat\/es\/wp-json\/wp\/v2\/types\/page"}],"author":[{"embeddable":true,"href":"https:\/\/museus.esplugues.cat\/es\/wp-json\/wp\/v2\/users\/2"}],"replies":[{"embeddable":true,"href":"https:\/\/museus.esplugues.cat\/es\/wp-json\/wp\/v2\/comments?post=28127"}],"version-history":[{"count":10,"href":"https:\/\/museus.esplugues.cat\/es\/wp-json\/wp\/v2\/pages\/28127\/revisions"}],"predecessor-version":[{"id":47130,"href":"https:\/\/museus.esplugues.cat\/es\/wp-json\/wp\/v2\/pages\/28127\/revisions\/47130"}],"wp:attachment":[{"href":"https:\/\/museus.esplugues.cat\/es\/wp-json\/wp\/v2\/media?parent=28127"}],"curies":[{"name":"wp","href":"https:\/\/api.w.org\/{rel}","templated":true}]}}