{"id":28144,"date":"2020-06-08T12:49:09","date_gmt":"2020-06-08T10:49:09","guid":{"rendered":"https:\/\/museus.esplugues.cat\/visita-para-familias"},"modified":"2024-07-09T13:22:48","modified_gmt":"2024-07-09T11:22:48","slug":"visita-para-familias","status":"publish","type":"page","link":"https:\/\/museus.esplugues.cat\/es\/visita-para-familias","title":{"rendered":"Visita para familias"},"content":{"rendered":"<p>[et_pb_section fb_built=\u00bb1&#8243; _builder_version=\u00bb4.16&#8243; use_background_color_gradient=\u00bbon\u00bb background_color_gradient_direction=\u00bb130deg\u00bb background_color_gradient_stops=\u00bb#8c944d 49%|rgba(140,148,77,0.21) 49%\u00bb background_color_gradient_start=\u00bb#8c944d\u00bb background_color_gradient_start_position=\u00bb49%\u00bb background_color_gradient_end=\u00bbrgba(140,148,77,0.21)\u00bb background_color_gradient_end_position=\u00bb18%\u00bb background_image=\u00bbhttps:\/\/museus.esplugues.cat\/wp-content\/uploads\/2020\/05\/Cap\u00e7alera-families.jpg\u00bb background_blend=\u00bbmultiply\u00bb global_colors_info=\u00bb{}\u00bb][et_pb_row column_structure=\u00bb2_3,1_3&#8243; _builder_version=\u00bb4.16&#8243; global_colors_info=\u00bb{}\u00bb][et_pb_column type=\u00bb2_3&#8243; _builder_version=\u00bb4.16&#8243; global_colors_info=\u00bb{}\u00bb][et_pb_text _builder_version=\u00bb4.16&#8243; header_font=\u00bb|300|||||||\u00bb header_text_color=\u00bb#ffffff\u00bb header_font_size=\u00bb50px\u00bb custom_padding=\u00bb21px|||||\u00bb header_font_size_tablet=\u00bb\u00bb header_font_size_phone=\u00bb30px\u00bb header_font_size_last_edited=\u00bbon|desktop\u00bb global_colors_info=\u00bb{}\u00bb]<\/p>\n<h1>Visita para familias<\/h1>\n<p>[\/et_pb_text][\/et_pb_column][et_pb_column type=\u00bb1_3&#8243; _builder_version=\u00bb4.16&#8243; global_colors_info=\u00bb{}\u00bb][\/et_pb_column][\/et_pb_row][\/et_pb_section][et_pb_section fb_built=\u00bb1&#8243; _builder_version=\u00bb4.16&#8243; global_colors_info=\u00bb{}\u00bb][et_pb_row use_custom_gutter=\u00bbon\u00bb gutter_width=\u00bb4&#8243; _builder_version=\u00bb4.16&#8243; custom_padding=\u00bb0px||0px|||\u00bb global_colors_info=\u00bb{}\u00bb][et_pb_column type=\u00bb4_4&#8243; _builder_version=\u00bb4.16&#8243; global_colors_info=\u00bb{}\u00bb][et_pb_text _builder_version=\u00bb4.16&#8243; header_3_font=\u00bb|300||on|||||\u00bb custom_margin=\u00bb||4px|||\u00bb custom_padding=\u00bb||2px|||\u00bb global_colors_info=\u00bb{}\u00bb]<\/p>\n<blockquote>\n<p>Los Museos de Esplugues de Llobregat disponen de una serie de propuestas de actividades para toda la familia que permiten disfrutar de nuestras colecciones desde una vertiente m\u00e1s l\u00fadica y did\u00e1ctica<\/p>\n<\/blockquote>\n<p>[\/et_pb_text][et_pb_video src=\u00bbhttps:\/\/museus.esplugues.cat\/wp-content\/uploads\/2020\/06\/Families.mp4.mp4&#8243; _builder_version=\u00bb4.16&#8243; width=\u00bb69%\u00bb module_alignment=\u00bbcenter\u00bb global_colors_info=\u00bb{}\u00bb][\/et_pb_video][\/et_pb_column][\/et_pb_row][\/et_pb_section][et_pb_section fb_built=\u00bb1&#8243; _builder_version=\u00bb4.16&#8243; background_color=\u00bb#F9F9F9&#8243; custom_margin=\u00bb0px||0px||false|false\u00bb custom_padding=\u00bb0px||0px||false|false\u00bb global_colors_info=\u00bb{}\u00bb][et_pb_row _builder_version=\u00bb4.16&#8243; custom_margin=\u00bb-12px|auto||auto||\u00bb global_colors_info=\u00bb{}\u00bb][et_pb_column type=\u00bb4_4&#8243; _builder_version=\u00bb4.16&#8243; global_colors_info=\u00bb{}\u00bb][et_pb_text _builder_version=\u00bb4.16&#8243; min_height=\u00bb16px\u00bb custom_margin=\u00bb||-12px|||\u00bb custom_padding=\u00bb||0px|||\u00bb global_colors_info=\u00bb{}\u00bb]<\/p>\n<h3>VISITA CAN TINTUR\u00c9<\/h3>\n<p>[\/et_pb_text][\/et_pb_column][\/et_pb_row][et_pb_row column_structure=\u00bb1_2,1_2&#8243; _builder_version=\u00bb4.16&#8243; custom_margin=\u00bb-12px|auto||auto||\u00bb custom_padding=\u00bb12px|||||\u00bb global_colors_info=\u00bb{}\u00bb][et_pb_column type=\u00bb1_2&#8243; _builder_version=\u00bb4.16&#8243; global_colors_info=\u00bb{}\u00bb][et_pb_text _builder_version=\u00bb4.16&#8243; header_4_font=\u00bb||||||||\u00bb min_height=\u00bb29px\u00bb custom_margin=\u00bb-3px||-3px|||\u00bb global_colors_info=\u00bb{}\u00bb]<\/p>\n<h4>UN MUSEU PLE DE RAJOLES<\/h4>\n<p>[\/et_pb_text][et_pb_divider _builder_version=\u00bb4.16&#8243; custom_margin=\u00bb||8px|||\u00bb custom_padding=\u00bb||0px|||\u00bb global_colors_info=\u00bb{}\u00bb][\/et_pb_divider][et_pb_text _builder_version=\u00bb4.16&#8243; header_4_font=\u00bb||||||||\u00bb custom_margin=\u00bb-10px|||||\u00bb global_colors_info=\u00bb{}\u00bb]<\/p>\n<p>Para visitar por libre el Museo Can Tintur\u00e9, ponemos a su disposici\u00f3n un cuento en pr\u00e9stamo con propuestas de juegos y activittats para hacer m\u00e1s amena la visita.<\/p>\n<p>El cuento est\u00e1 protagonizado por Fanguet, el personaje infantil de los Museos.<\/p>\n<ul>\n<li>Para ni\u00f1os y ni\u00f1as de 2 a 8 a\u00f1os<\/li>\n<li>Tan solo hay que pedirlo en la recepci\u00f3n del Museo.<\/li>\n<\/ul>\n<p>Temporalmente fuera de servicio<\/p>\n<p>[\/et_pb_text][\/et_pb_column][et_pb_column type=\u00bb1_2&#8243; _builder_version=\u00bb4.16&#8243; global_colors_info=\u00bb{}\u00bb][et_pb_image src=\u00bbhttps:\/\/museus.esplugues.cat\/wp-content\/uploads\/2020\/05\/Per-families-un-museu-ple-de-rajoles.jpg\u00bb align=\u00bbcenter\u00bb _builder_version=\u00bb4.16&#8243; max_height=\u00bb191px\u00bb global_colors_info=\u00bb{}\u00bb][\/et_pb_image][\/et_pb_column][\/et_pb_row][\/et_pb_section][et_pb_section fb_built=\u00bb1&#8243; _builder_version=\u00bb4.16&#8243; background_color=\u00bb#ffffff\u00bb custom_margin=\u00bb0px||0px||false|false\u00bb custom_padding=\u00bb0px||0px||false|false\u00bb global_colors_info=\u00bb{}\u00bb][et_pb_row _builder_version=\u00bb4.16&#8243; global_colors_info=\u00bb{}\u00bb][et_pb_column type=\u00bb4_4&#8243; _builder_version=\u00bb4.16&#8243; global_colors_info=\u00bb{}\u00bb][et_pb_text _builder_version=\u00bb4.16&#8243; header_4_font=\u00bb||||||||\u00bb min_height=\u00bb29px\u00bb custom_margin=\u00bb||10px|||\u00bb global_colors_info=\u00bb{}\u00bb]<\/p>\n<h3>LOS CL\u00c1SICOS DE LOS MEL<\/h3>\n<p>[\/et_pb_text][et_pb_text _builder_version=\u00bb4.16&#8243; global_colors_info=\u00bb{}\u00bb]<\/p>\n<p>Actividades anuales dirigidas a p\u00fablico familiar<\/p>\n<p>[\/et_pb_text][\/et_pb_column][\/et_pb_row][\/et_pb_section][et_pb_section fb_built=\u00bb1&#8243; _builder_version=\u00bb4.16&#8243; background_color=\u00bb#ffffff\u00bb custom_margin=\u00bb0px||0px||false|false\u00bb custom_padding=\u00bb0px||0px||false|false\u00bb global_colors_info=\u00bb{}\u00bb][et_pb_row column_structure=\u00bb1_2,1_2&#8243; _builder_version=\u00bb4.16&#8243; custom_margin=\u00bb-12px|auto||auto||\u00bb custom_padding=\u00bb||9px|||\u00bb global_colors_info=\u00bb{}\u00bb][et_pb_column type=\u00bb1_2&#8243; _builder_version=\u00bb4.16&#8243; global_colors_info=\u00bb{}\u00bb][et_pb_text _builder_version=\u00bb4.16&#8243; header_4_font=\u00bb||||||||\u00bb min_height=\u00bb29px\u00bb custom_margin=\u00bb||10px|||\u00bb global_colors_info=\u00bb{}\u00bb]<\/p>\n<h4>EL CAMPAMENT D&#8217;EN FANGUET<\/h4>\n<p>[\/et_pb_text][et_pb_divider _builder_version=\u00bb4.16&#8243; custom_margin=\u00bb||8px|||\u00bb custom_padding=\u00bb||0px|||\u00bb global_colors_info=\u00bb{}\u00bb][\/et_pb_divider][et_pb_text _builder_version=\u00bb4.16&#8243; header_4_font=\u00bb||||||||\u00bb custom_margin=\u00bb-10px|||||\u00bb global_colors_info=\u00bb{}\u00bb]<\/p>\n<p>Los jardines de Can Tintur\u00e9 se llenan de magia, juego y talleres para hacer m\u00e1s corta la espera de la llegada de los Reyes Magos a los ni\u00f1os y ni\u00f1as de Esplugues.<br \/>Los museos proponen un taller de arcilla de ambientaci\u00f3n navide\u00f1a. Tambi\u00e9n participan la Escuela Municipal de cer\u00e1mica y la Escuela municipal de m\u00fasica.<\/p>\n<p><em>2, 3 y 4 de enero<\/em><\/p>\n<p>[\/et_pb_text][\/et_pb_column][et_pb_column type=\u00bb1_2&#8243; _builder_version=\u00bb4.16&#8243; global_colors_info=\u00bb{}\u00bb][et_pb_image src=\u00bbhttps:\/\/museus.esplugues.cat\/wp-content\/uploads\/2020\/05\/Per-families-CampamentFanguet-1.jpg\u00bb align=\u00bbcenter\u00bb _builder_version=\u00bb4.16&#8243; max_height=\u00bb1000px\u00bb global_colors_info=\u00bb{}\u00bb][\/et_pb_image][\/et_pb_column][\/et_pb_row][\/et_pb_section][et_pb_section fb_built=\u00bb1&#8243; _builder_version=\u00bb4.16&#8243; background_color=\u00bb#ffffff\u00bb custom_margin=\u00bb0px||0px||false|false\u00bb custom_padding=\u00bb0px||0px||false|false\u00bb global_colors_info=\u00bb{}\u00bb][et_pb_row column_structure=\u00bb1_2,1_2&#8243; _builder_version=\u00bb4.16&#8243; custom_margin=\u00bb-12px|auto||auto||\u00bb global_colors_info=\u00bb{}\u00bb][et_pb_column type=\u00bb1_2&#8243; _builder_version=\u00bb4.16&#8243; global_colors_info=\u00bb{}\u00bb][et_pb_text _builder_version=\u00bb4.16&#8243; header_4_font=\u00bb||||||||\u00bb min_height=\u00bb29px\u00bb custom_margin=\u00bb||10px|||\u00bb global_colors_info=\u00bb{}\u00bb]<\/p>\n<h4>EN FANGUET I ELS TRES REIS<\/h4>\n<p>[\/et_pb_text][et_pb_divider _builder_version=\u00bb4.16&#8243; custom_margin=\u00bb||8px|||\u00bb custom_padding=\u00bb||0px|||\u00bb global_colors_info=\u00bb{}\u00bb][\/et_pb_divider][et_pb_text _builder_version=\u00bb4.16&#8243; header_4_font=\u00bb||||||||\u00bb custom_margin=\u00bb-10px|||||\u00bb global_colors_info=\u00bb{}\u00bb]<\/p>\n<p>Representaci\u00f3n teatral del cuento \u201cEn Fanguet i els tres Reis\u201d que narra las aventuras de nuestro peque\u00f1o amigo ceramista cuando se convirti\u00f3 en rajoler de Sus Majestades de Oriente y su hermanita la \u00abTerriseta\u00bb.<\/p>\n<p>Esta representaci\u00f3n se ha convertido en un cl\u00e1sico de la Navidad en la ciudad.<br \/>Una vez terminada los ni\u00f1os y ni\u00f1os que lo deseen pueden dar sus cartas a los Reyes y recibir los \u00faltimos consejos para la noche m\u00e1s m\u00e1gica del a\u00f1o<\/p>\n<p><em>5 de enero<\/em><\/p>\n<p>[\/et_pb_text][\/et_pb_column][et_pb_column type=\u00bb1_2&#8243; _builder_version=\u00bb4.16&#8243; global_colors_info=\u00bb{}\u00bb][et_pb_image src=\u00bbhttps:\/\/museus.esplugues.cat\/wp-content\/uploads\/2020\/05\/Per-families-En-Fanguet-i-els-tres-Reis-1.jpg\u00bb align=\u00bbcenter\u00bb _builder_version=\u00bb4.16&#8243; max_height=\u00bb1000px\u00bb custom_padding=\u00bb12px|||||\u00bb global_colors_info=\u00bb{}\u00bb][\/et_pb_image][\/et_pb_column][\/et_pb_row][\/et_pb_section][et_pb_section fb_built=\u00bb1&#8243; _builder_version=\u00bb4.16&#8243; background_color=\u00bb#ffffff\u00bb custom_margin=\u00bb0px||0px||false|false\u00bb custom_padding=\u00bb0px||0px||false|false\u00bb global_colors_info=\u00bb{}\u00bb][et_pb_row column_structure=\u00bb1_2,1_2&#8243; _builder_version=\u00bb4.16&#8243; custom_margin=\u00bb-12px|auto||auto||\u00bb global_colors_info=\u00bb{}\u00bb][et_pb_column type=\u00bb1_2&#8243; _builder_version=\u00bb4.16&#8243; global_colors_info=\u00bb{}\u00bb][et_pb_text _builder_version=\u00bb4.16&#8243; header_4_font=\u00bb||||||||\u00bb min_height=\u00bb29px\u00bb custom_margin=\u00bb||10px|||\u00bb global_colors_info=\u00bb{}\u00bb]<\/p>\n<h4>ELS SUPERMES DEL BAIX LLOBREGAT<\/h4>\n<p>[\/et_pb_text][et_pb_divider _builder_version=\u00bb4.16&#8243; custom_margin=\u00bb||8px|||\u00bb custom_padding=\u00bb||0px|||\u00bb global_colors_info=\u00bb{}\u00bb][\/et_pb_divider][et_pb_text _builder_version=\u00bb4.16&#8243; header_4_font=\u00bb||||||||\u00bb custom_margin=\u00bb-10px|||||\u00bb global_colors_info=\u00bb{}\u00bb]<\/p>\n<p>Los museos de Esplugues participan en el gran mes de las familias organizada por CTBLL cada abril, programando actividades y visitas especiales gratuitas.<\/p>\n<p><em>Fines de semana de abril: fechas a concretar<\/em><\/p>\n<p>[\/et_pb_text][\/et_pb_column][et_pb_column type=\u00bb1_2&#8243; _builder_version=\u00bb4.16&#8243; global_colors_info=\u00bb{}\u00bb][et_pb_image src=\u00bbhttps:\/\/museus.esplugues.cat\/wp-content\/uploads\/2020\/05\/Per-families-Supermes-1.jpg\u00bb align=\u00bbcenter\u00bb _builder_version=\u00bb4.16&#8243; max_height=\u00bb1000px\u00bb global_colors_info=\u00bb{}\u00bb][\/et_pb_image][\/et_pb_column][\/et_pb_row][\/et_pb_section][et_pb_section fb_built=\u00bb1&#8243; _builder_version=\u00bb4.16&#8243; background_color=\u00bb#ffffff\u00bb custom_margin=\u00bb0px||0px||false|false\u00bb custom_padding=\u00bb0px||0px||false|false\u00bb global_colors_info=\u00bb{}\u00bb][et_pb_row column_structure=\u00bb1_2,1_2&#8243; _builder_version=\u00bb4.16&#8243; custom_margin=\u00bb-12px|auto||auto||\u00bb global_colors_info=\u00bb{}\u00bb][et_pb_column type=\u00bb1_2&#8243; _builder_version=\u00bb4.16&#8243; global_colors_info=\u00bb{}\u00bb][et_pb_text _builder_version=\u00bb4.16&#8243; header_4_font=\u00bb||||||||\u00bb min_height=\u00bb29px\u00bb custom_margin=\u00bb||10px|||\u00bb global_colors_info=\u00bb{}\u00bb]<\/p>\n<h4>LA NOCHE DE LOS MUSEOS<\/h4>\n<p>[\/et_pb_text][et_pb_divider _builder_version=\u00bb4.16&#8243; custom_margin=\u00bb||8px|||\u00bb custom_padding=\u00bb||0px|||\u00bb global_colors_info=\u00bb{}\u00bb][\/et_pb_divider][et_pb_text _builder_version=\u00bb4.25.1&#8243; header_4_font=\u00bb||||||||\u00bb custom_margin=\u00bb-10px|||||\u00bb hover_enabled=\u00bb0&#8243; global_colors_info=\u00bb{}\u00bb sticky_enabled=\u00bb0&#8243;]<\/p>\n<p>Actividad dirigida a ni\u00f1os y ni\u00f1os vinculadas a la exposici\u00f3n temporal de Can Tintur\u00e9.<\/p>\n<p>[\/et_pb_text][\/et_pb_column][et_pb_column type=\u00bb1_2&#8243; _builder_version=\u00bb4.16&#8243; global_colors_info=\u00bb{}\u00bb][et_pb_image src=\u00bbhttps:\/\/museus.esplugues.cat\/wp-content\/uploads\/2020\/05\/Per-families-NitMuseus-1.jpg\u00bb align=\u00bbcenter\u00bb _builder_version=\u00bb4.16&#8243; max_height=\u00bb1000px\u00bb global_colors_info=\u00bb{}\u00bb][\/et_pb_image][\/et_pb_column][\/et_pb_row][\/et_pb_section][et_pb_section fb_built=\u00bb1&#8243; _builder_version=\u00bb4.16&#8243; background_color=\u00bb#ffffff\u00bb custom_margin=\u00bb0px||0px||false|false\u00bb custom_padding=\u00bb0px||0px||false|false\u00bb global_colors_info=\u00bb{}\u00bb][et_pb_row column_structure=\u00bb1_2,1_2&#8243; _builder_version=\u00bb4.16&#8243; custom_margin=\u00bb-12px|auto||auto||\u00bb global_colors_info=\u00bb{}\u00bb][et_pb_column type=\u00bb1_2&#8243; _builder_version=\u00bb4.16&#8243; global_colors_info=\u00bb{}\u00bb][et_pb_text _builder_version=\u00bb4.16&#8243; header_4_font=\u00bb||||||||\u00bb min_height=\u00bb29px\u00bb custom_margin=\u00bb||10px|||\u00bb global_colors_info=\u00bb{}\u00bb]<\/p>\n<h4>FESTA MAJOR D&#8217;ESPLUGUES<\/h4>\n<p>[\/et_pb_text][et_pb_divider _builder_version=\u00bb4.16&#8243; custom_margin=\u00bb||8px|||\u00bb custom_padding=\u00bb||0px|||\u00bb global_colors_info=\u00bb{}\u00bb][\/et_pb_divider][et_pb_text _builder_version=\u00bb4.16&#8243; header_4_font=\u00bb||||||||\u00bb custom_margin=\u00bb-10px|||||\u00bb global_colors_info=\u00bb{}\u00bb]<\/p>\n<p>A finales de septiembre, coincidiendo con las fiestas de Sant Mateu, los museos ofrecen un taller l\u00fadico para ni\u00f1os y ni\u00f1as con el objetivo de acercar el patrimonio de la ciudad a los m\u00e1s peque\u00f1os.<\/p>\n<p>[\/et_pb_text][\/et_pb_column][et_pb_column type=\u00bb1_2&#8243; _builder_version=\u00bb4.16&#8243; global_colors_info=\u00bb{}\u00bb][et_pb_image src=\u00bbhttps:\/\/museus.esplugues.cat\/wp-content\/uploads\/2020\/05\/Per-families-FestaMajor-1.jpg\u00bb align=\u00bbcenter\u00bb _builder_version=\u00bb4.16&#8243; max_height=\u00bb1000px\u00bb global_colors_info=\u00bb{}\u00bb][\/et_pb_image][\/et_pb_column][\/et_pb_row][\/et_pb_section][et_pb_section fb_built=\u00bb1&#8243; _builder_version=\u00bb4.16&#8243; background_color=\u00bb#ffffff\u00bb custom_margin=\u00bb0px||0px||false|false\u00bb custom_padding=\u00bb0px||0px||false|false\u00bb global_colors_info=\u00bb{}\u00bb][et_pb_row column_structure=\u00bb1_2,1_2&#8243; _builder_version=\u00bb4.16&#8243; custom_margin=\u00bb-12px|auto||auto||\u00bb custom_padding=\u00bb||44px|||\u00bb global_colors_info=\u00bb{}\u00bb][et_pb_column type=\u00bb1_2&#8243; _builder_version=\u00bb4.16&#8243; global_colors_info=\u00bb{}\u00bb][et_pb_text _builder_version=\u00bb4.25.1&#8243; header_4_font=\u00bb||||||||\u00bb min_height=\u00bb29px\u00bb custom_margin=\u00bb||10px|||\u00bb hover_enabled=\u00bb0&#8243; global_colors_info=\u00bb{}\u00bb sticky_enabled=\u00bb0&#8243;]<\/p>\n<h4>FANGFEST, EL FESTIVAL DE LAS FAMILIAS CREATIVAS<\/h4>\n<p>[\/et_pb_text][et_pb_divider _builder_version=\u00bb4.16&#8243; custom_margin=\u00bb||8px|||\u00bb custom_padding=\u00bb||0px|||\u00bb global_colors_info=\u00bb{}\u00bb][\/et_pb_divider][et_pb_text _builder_version=\u00bb4.25.1&#8243; header_4_font=\u00bb||||||||\u00bb custom_margin=\u00bb-10px|||||\u00bb hover_enabled=\u00bb0&#8243; global_colors_info=\u00bb{}\u00bb sticky_enabled=\u00bb0&#8243;]<\/p>\n<p>Los museos de Esplugues y la Escuela Municipal de cer\u00e1mica ofrecen un conjunto de talleres y experimentaciones con el barro como protagonista, para que los ni\u00f1os y ni\u00f1as se ensucien las manos y nos sorprendan con su capacidad de imaginar<\/p>\n<p><em>Primer o segundo s\u00e1bado de noviembre<\/em><\/p>\n<p>[\/et_pb_text][\/et_pb_column][et_pb_column type=\u00bb1_2&#8243; _builder_version=\u00bb4.16&#8243; global_colors_info=\u00bb{}\u00bb][et_pb_image src=\u00bbhttps:\/\/museus.esplugues.cat\/wp-content\/uploads\/2020\/05\/Per-families-FangFest-1.jpg\u00bb align=\u00bbcenter\u00bb _builder_version=\u00bb4.16&#8243; max_height=\u00bb1000px\u00bb custom_margin=\u00bb28px|||||\u00bb global_colors_info=\u00bb{}\u00bb][\/et_pb_image][\/et_pb_column][\/et_pb_row][\/et_pb_section][et_pb_section fb_built=\u00bb1&#8243; disabled_on=\u00bbon|on|on\u00bb _builder_version=\u00bb4.25.1&#8243; background_color=\u00bb#F9F9F9&#8243; custom_margin=\u00bb0px||0px||false|false\u00bb custom_padding=\u00bb0px||0px||false|false\u00bb disabled=\u00bbon\u00bb global_colors_info=\u00bb{}\u00bb][et_pb_row column_structure=\u00bb1_3,1_3,1_3&#8243; _builder_version=\u00bb4.16&#8243; custom_margin=\u00bb-12px|auto||auto||\u00bb global_colors_info=\u00bb{}\u00bb][et_pb_column type=\u00bb1_3&#8243; _builder_version=\u00bb4.16&#8243; global_colors_info=\u00bb{}\u00bb][et_pb_text _builder_version=\u00bb4.16&#8243; header_4_font=\u00bb||||||||\u00bb min_height=\u00bb29px\u00bb custom_margin=\u00bb||-3px|||\u00bb global_colors_info=\u00bb{}\u00bb]<\/p>\n<h4>Agenda de actividades familiares<\/h4>\n<p>[\/et_pb_text][et_pb_divider _builder_version=\u00bb4.16&#8243; custom_margin=\u00bb||8px|||\u00bb custom_padding=\u00bb||0px|||\u00bb global_colors_info=\u00bb{}\u00bb][\/et_pb_divider][et_pb_text _builder_version=\u00bb4.16&#8243; header_4_font=\u00bb||||||||\u00bb custom_margin=\u00bb-10px|||||\u00bb global_colors_info=\u00bb{}\u00bb]<\/p>\n<p>De manera bimensual los museos proponen nuevas actividades familiares incluidas en la programaci\u00f3n general de los museos y relacionadas con las exposiciones temporales.<\/p>\n<p>Actualmente esta programaci\u00f3n se ha visto alterada por las afectaciones del Covidien-19. Pr\u00f3ximamente disponibles las actividades para el oto\u00f1o de 2020.<\/p>\n<p>[\/et_pb_text][et_pb_image src=\u00bbhttps:\/\/museus.esplugues.cat\/wp-content\/uploads\/2020\/05\/Per-familes2.jpg\u00bb align=\u00bbcenter\u00bb _builder_version=\u00bb4.16&#8243; max_height=\u00bb191px\u00bb custom_margin=\u00bb36px|||||\u00bb global_colors_info=\u00bb{}\u00bb][\/et_pb_image][\/et_pb_column][et_pb_column type=\u00bb1_3&#8243; _builder_version=\u00bb4.16&#8243; global_colors_info=\u00bb{}\u00bb][et_pb_text _builder_version=\u00bb4.16&#8243; header_4_font=\u00bb||||||||\u00bb min_height=\u00bb29px\u00bb custom_margin=\u00bb||-3px|||\u00bb global_colors_info=\u00bb{}\u00bb]<\/p>\n<h4>Juega y aprende con los MEL, tambi\u00e9n en casa<\/h4>\n<p>[\/et_pb_text][et_pb_divider _builder_version=\u00bb4.16&#8243; custom_margin=\u00bb||8px|||\u00bb custom_padding=\u00bb||0px|||\u00bb global_colors_info=\u00bb{}\u00bb][\/et_pb_divider][et_pb_text _builder_version=\u00bb4.16&#8243; header_4_font=\u00bb||||||||\u00bb custom_margin=\u00bb-10px|||||\u00bb global_colors_info=\u00bb{}\u00bb]<\/p>\n<p>Debido a la crisis del Covid-19, los museos han desarrolado una serie de recursos dirigidos a familias para hacer en casa.<\/p>\n<p>Actividades que utilizan materiales reciclados, adaptables a diferentes edades y accesibles para todos los ni\u00f1os y ni\u00f1as<\/p>\n<p>[\/et_pb_text][et_pb_button button_url=\u00bbhttps:\/\/museus.esplugues.cat\/es\/visita-para-familias\/los-mel-en-casa\u00bb button_text=\u00bbLos MEL en casa\u00bb button_alignment=\u00bbcenter\u00bb _builder_version=\u00bb4.16&#8243; custom_margin=\u00bb15px||||false|false\u00bb global_colors_info=\u00bb{}\u00bb][\/et_pb_button][et_pb_image src=\u00bbhttps:\/\/museus.esplugues.cat\/wp-content\/uploads\/2020\/05\/Per-familes3.jpg\u00bb align=\u00bbcenter\u00bb _builder_version=\u00bb4.16&#8243; max_height=\u00bb191px\u00bb global_colors_info=\u00bb{}\u00bb][\/et_pb_image][\/et_pb_column][et_pb_column type=\u00bb1_3&#8243; _builder_version=\u00bb4.16&#8243; global_colors_info=\u00bb{}\u00bb][et_pb_text _builder_version=\u00bb4.16&#8243; header_4_font=\u00bb||||||||\u00bb min_height=\u00bb29px\u00bb custom_margin=\u00bb||-3px|||\u00bb global_colors_info=\u00bb{}\u00bb]<\/p>\n<h4>Celebra tu cumplea\u00f1os en los Museos de Esplugues<\/h4>\n<p>[\/et_pb_text][et_pb_divider _builder_version=\u00bb4.16&#8243; custom_margin=\u00bb||8px|||\u00bb custom_padding=\u00bb||0px|||\u00bb global_colors_info=\u00bb{}\u00bb][\/et_pb_divider][et_pb_text _builder_version=\u00bb4.16&#8243; header_4_font=\u00bb||||||||\u00bb custom_margin=\u00bb-10px|||||\u00bb global_colors_info=\u00bb{}\u00bb]<\/p>\n<p>Os proponemos una manera original de disfrutar de su celebraci\u00f3n de cumplea\u00f1os, con una oferta de dos actividades l\u00fadicas, que combina diversi\u00f3n y aprendizaje.<\/p>\n<p>Aqu\u00ed encontrar\u00e1s toda la informaci\u00f3n sobre las actividades disponibles, horarios, precios y servicios.<\/p>\n<p>[\/et_pb_text][et_pb_button button_url=\u00bbhttps:\/\/museus.esplugues.cat\/es\/visita-para-familias\/cumpleanos\u00bb button_text=\u00bbCumplea\u00f1os en los Museos\u00bb button_alignment=\u00bbcenter\u00bb _builder_version=\u00bb4.16&#8243; custom_margin=\u00bb15px||||false|false\u00bb global_colors_info=\u00bb{}\u00bb][\/et_pb_button][et_pb_image src=\u00bbhttps:\/\/museus.esplugues.cat\/wp-content\/uploads\/2020\/05\/Per-familes.jpg\u00bb align=\u00bbcenter\u00bb _builder_version=\u00bb4.16&#8243; max_height=\u00bb191px\u00bb global_colors_info=\u00bb{}\u00bb][\/et_pb_image][\/et_pb_column][\/et_pb_row][\/et_pb_section]<\/p>\n","protected":false},"excerpt":{"rendered":"<p>Visita para familias Los Museos de Esplugues de Llobregat disponen de una serie de propuestas de actividades para toda la familia que permiten disfrutar de nuestras colecciones desde una vertiente m\u00e1s l\u00fadica y did\u00e1ctica VISITA CAN TINTUR\u00c9UN MUSEU PLE DE RAJOLESPara visitar por libre el Museo Can Tintur\u00e9, ponemos a su disposici\u00f3n un cuento en [&hellip;]<\/p>\n","protected":false},"author":2,"featured_media":0,"parent":0,"menu_order":0,"comment_status":"closed","ping_status":"closed","template":"","meta":{"_et_pb_use_builder":"on","_et_pb_old_content":"","_et_gb_content_width":"","_uag_custom_page_level_css":"","footnotes":""},"class_list":["post-28144","page","type-page","status-publish","hentry"],"uagb_featured_image_src":{"full":false,"thumbnail":false,"medium":false,"medium_large":false,"large":false,"1536x1536":false,"2048x2048":false,"et-pb-post-main-image":false,"et-pb-post-main-image-fullwidth":false,"et-pb-portfolio-image":false,"et-pb-portfolio-module-image":false,"et-pb-portfolio-image-single":false,"et-pb-gallery-module-image-portrait":false,"et-pb-post-main-image-fullwidth-large":false,"et-pb-image--responsive--desktop":false,"et-pb-image--responsive--tablet":false,"et-pb-image--responsive--phone":false},"uagb_author_info":{"display_name":"empiezapori","author_link":"https:\/\/museus.esplugues.cat\/es\/author\/empiezapori"},"uagb_comment_info":0,"uagb_excerpt":"Visita para familias Los Museos de Esplugues de Llobregat disponen de una serie de propuestas de actividades para toda la familia que permiten disfrutar de nuestras colecciones desde una vertiente m\u00e1s l\u00fadica y did\u00e1ctica VISITA CAN TINTUR\u00c9UN MUSEU PLE DE RAJOLESPara visitar por libre el Museo Can Tintur\u00e9, ponemos a su disposici\u00f3n un cuento en&hellip;","_links":{"self":[{"href":"https:\/\/museus.esplugues.cat\/es\/wp-json\/wp\/v2\/pages\/28144","targetHints":{"allow":["GET"]}}],"collection":[{"href":"https:\/\/museus.esplugues.cat\/es\/wp-json\/wp\/v2\/pages"}],"about":[{"href":"https:\/\/museus.esplugues.cat\/es\/wp-json\/wp\/v2\/types\/page"}],"author":[{"embeddable":true,"href":"https:\/\/museus.esplugues.cat\/es\/wp-json\/wp\/v2\/users\/2"}],"replies":[{"embeddable":true,"href":"https:\/\/museus.esplugues.cat\/es\/wp-json\/wp\/v2\/comments?post=28144"}],"version-history":[{"count":5,"href":"https:\/\/museus.esplugues.cat\/es\/wp-json\/wp\/v2\/pages\/28144\/revisions"}],"predecessor-version":[{"id":42150,"href":"https:\/\/museus.esplugues.cat\/es\/wp-json\/wp\/v2\/pages\/28144\/revisions\/42150"}],"wp:attachment":[{"href":"https:\/\/museus.esplugues.cat\/es\/wp-json\/wp\/v2\/media?parent=28144"}],"curies":[{"name":"wp","href":"https:\/\/api.w.org\/{rel}","templated":true}]}}