{"id":28152,"date":"2020-06-08T13:00:07","date_gmt":"2020-06-08T11:00:07","guid":{"rendered":"https:\/\/museus.esplugues.cat\/visita-para-escuelas"},"modified":"2020-06-08T13:04:26","modified_gmt":"2020-06-08T11:04:26","slug":"visita-para-escuelas","status":"publish","type":"page","link":"https:\/\/museus.esplugues.cat\/es\/visita-para-escuelas","title":{"rendered":"Visita para escuelas"},"content":{"rendered":"<p>[et_pb_section fb_built=\u00bb1&#8243; _builder_version=\u00bb4.4.7&#8243; use_background_color_gradient=\u00bbon\u00bb background_color_gradient_start=\u00bb#8c944d\u00bb background_color_gradient_end=\u00bbrgba(140,148,77,0.21)\u00bb background_color_gradient_direction=\u00bb130deg\u00bb background_color_gradient_start_position=\u00bb49%\u00bb background_color_gradient_end_position=\u00bb18%\u00bb background_image=\u00bbhttps:\/\/museus.esplugues.cat\/wp-content\/uploads\/2020\/06\/Cap\u00e7alera-escoles.jpg\u00bb background_blend=\u00bbmultiply\u00bb][et_pb_row column_structure=\u00bb2_3,1_3&#8243; _builder_version=\u00bb4.0.7&#8243;][et_pb_column type=\u00bb2_3&#8243; _builder_version=\u00bb4.0.7&#8243;][et_pb_text _builder_version=\u00bb4.4.7&#8243; header_font=\u00bb|300|||||||\u00bb header_text_color=\u00bb#ffffff\u00bb header_font_size=\u00bb50px\u00bb header_font_size_tablet=\u00bb\u00bb header_font_size_phone=\u00bb30px\u00bb header_font_size_last_edited=\u00bbon|desktop\u00bb]<\/p>\n<h1>Visita para escuelas<\/h1>\n<p>[\/et_pb_text][\/et_pb_column][et_pb_column type=\u00bb1_3&#8243; _builder_version=\u00bb4.0.7&#8243;][\/et_pb_column][\/et_pb_row][\/et_pb_section][et_pb_section fb_built=\u00bb1&#8243; _builder_version=\u00bb4.3.3&#8243;][et_pb_row column_structure=\u00bb2_5,3_5&#8243; use_custom_gutter=\u00bbon\u00bb gutter_width=\u00bb4&#8243; _builder_version=\u00bb4.0.7&#8243;][et_pb_column type=\u00bb2_5&#8243; _builder_version=\u00bb4.0.7&#8243;][et_pb_text _builder_version=\u00bb4.4.7&#8243; header_3_font=\u00bb|300||on|||||\u00bb custom_margin=\u00bb||27px|||\u00bb custom_padding=\u00bb||6px|||\u00bb]<\/p>\n<p>Los MEL ofrecen un programa de actividades pedag\u00f3gicas dirigidas a todos los niveles educativos<\/p>\n<p>Aprender, interpretar, participar y disfrutar son acciones presentes en el descubrimiento del patrimonio. Desde los Museos, os presentamos esta oferta educativa que pretende incidir en el conocimiento y el aprecio del patrimonio cultural y material de la ciudad de Esplugues, donde tiene un papel destacado la cer\u00e1mica.<\/p>\n<p>[\/et_pb_text][et_pb_button button_url=\u00bb\/?page_id=26904&#8243; button_text=\u00bbConsulta todas las actividades para escuelas\u00bb _builder_version=\u00bb4.4.7&#8243; custom_margin=\u00bb0px||||false|false\u00bb][\/et_pb_button][\/et_pb_column][et_pb_column type=\u00bb3_5&#8243; _builder_version=\u00bb4.0.7&#8243;][et_pb_gallery gallery_ids=\u00bb27015,27014,27017&#8243; fullwidth=\u00bbon\u00bb _builder_version=\u00bb4.4.7&#8243; auto=\u00bbon\u00bb auto_speed=\u00bb4000&#8243; hover_enabled=\u00bb0&#8243;][\/et_pb_gallery][\/et_pb_column][\/et_pb_row][\/et_pb_section][et_pb_section fb_built=\u00bb1&#8243; _builder_version=\u00bb4.3.3&#8243; background_color=\u00bb#F9F9F9&#8243;][et_pb_row column_structure=\u00bb1_2,1_2&#8243; _builder_version=\u00bb4.3.3&#8243; custom_margin=\u00bb-12px|auto||auto||\u00bb][et_pb_column type=\u00bb1_2&#8243; _builder_version=\u00bb4.3.3&#8243;][et_pb_text _builder_version=\u00bb4.4.7&#8243; header_4_font=\u00bb||||||||\u00bb min_height=\u00bb29px\u00bb custom_margin=\u00bb||10px|||\u00bb]<\/p>\n<h4>RECURSOS DISPONIBLES PARA MAESTROS<\/h4>\n<p>[\/et_pb_text][et_pb_divider _builder_version=\u00bb4.3.3&#8243; custom_margin=\u00bb||8px|||\u00bb custom_padding=\u00bb||0px|||\u00bb][\/et_pb_divider][et_pb_text _builder_version=\u00bb4.4.7&#8243; header_4_font=\u00bb||||||||\u00bb custom_margin=\u00bb-10px|||||\u00bb]<\/p>\n<p>Ficha informativa de la actividad<\/p>\n<p>Dossier de trabajo previo de la actividad en el aula<\/p>\n<p>Dossier de trabajo posterior de la actividad en el aula<\/p>\n<p>[\/et_pb_text][\/et_pb_column][et_pb_column type=\u00bb1_2&#8243; _builder_version=\u00bb4.3.3&#8243;][et_pb_text _builder_version=\u00bb4.4.7&#8243; header_4_font=\u00bb||||||||\u00bb min_height=\u00bb29px\u00bb custom_margin=\u00bb||10px|||\u00bb]<\/p>\n<h4>HORARIO DE LAS ACTIVIDADES<\/h4>\n<p>[\/et_pb_text][et_pb_divider _builder_version=\u00bb4.3.3&#8243; custom_margin=\u00bb||8px|||\u00bb custom_padding=\u00bb||0px|||\u00bb][\/et_pb_divider][et_pb_text _builder_version=\u00bb4.4.7&#8243; header_4_font=\u00bb||||||||\u00bb custom_margin=\u00bb-10px|||||\u00bb]<\/p>\n<p>De martes a viernes, de 10 a 13 h y de 17 a 19 h<\/p>\n<p>Horaria a concretar sujetos a disponibilidad<\/p>\n<p>Actividades disponibles coincidiendo con el calendario escolar.<\/p>\n<p>[\/et_pb_text][\/et_pb_column][\/et_pb_row][et_pb_row column_structure=\u00bb1_2,1_2&#8243; _builder_version=\u00bb4.3.3&#8243; custom_margin=\u00bb-12px|auto||auto||\u00bb][et_pb_column type=\u00bb1_2&#8243; _builder_version=\u00bb4.3.3&#8243;][et_pb_text _builder_version=\u00bb4.4.7&#8243; header_4_font=\u00bb||||||||\u00bb min_height=\u00bb29px\u00bb custom_margin=\u00bb||10px|||\u00bb]<\/p>\n<h4>SERVICIOS<\/h4>\n<p>[\/et_pb_text][et_pb_divider _builder_version=\u00bb4.3.3&#8243; custom_margin=\u00bb||8px|||\u00bb custom_padding=\u00bb||0px|||\u00bb][\/et_pb_divider][et_pb_text _builder_version=\u00bb4.4.7&#8243; header_4_font=\u00bb||||||||\u00bb custom_margin=\u00bb-10px|||||\u00bb]<\/p>\n<p>Visitas guiadas a los museos en catal\u00e1n, castellano, ingl\u00e9s y franc\u00e9s<\/p>\n<p>Adaptaci\u00f3n seg\u00fan las necesidades del grupo<\/p>\n<p>Aparcamiento disponible para autocares<\/p>\n<p>Oferta de actividades especiales para Casals de Verano (pr\u00f3ximamente disponible)<\/p>\n<p>[\/et_pb_text][\/et_pb_column][et_pb_column type=\u00bb1_2&#8243; _builder_version=\u00bb4.3.3&#8243;][et_pb_text _builder_version=\u00bb4.4.7&#8243; header_4_font=\u00bb||||||||\u00bb min_height=\u00bb29px\u00bb custom_margin=\u00bb||10px|||\u00bb]<\/p>\n<h4>PRECIOS<\/h4>\n<p>[\/et_pb_text][et_pb_divider _builder_version=\u00bb4.3.3&#8243; custom_margin=\u00bb||8px|||\u00bb custom_padding=\u00bb||0px|||\u00bb][\/et_pb_divider][et_pb_text _builder_version=\u00bb4.4.7&#8243; header_4_font=\u00bb||||||||\u00bb custom_margin=\u00bb-10px|||||\u00bb]<\/p>\n<p>Actividades 1 hora: 60 \u20ac \/ centros de Esplugues 30 \u20ac<\/p>\n<p>Actividades 2 horas: 100 \u20ac \/ centros de Esplugues 50 \u20ac<\/p>\n<p>Los antia\u00e9reos de San Pedro M\u00e1rtir: 90 \u20ac<\/p>\n<p>Idiomas: Las visitas guiadas o actividades en ingl\u00e9s o franc\u00e9s tienen un suplemento de un 20% por grupo<\/p>\n<p>[\/et_pb_text][\/et_pb_column][\/et_pb_row][et_pb_row _builder_version=\u00bb4.4.7&#8243;][et_pb_column type=\u00bb4_4&#8243; _builder_version=\u00bb4.4.7&#8243;][et_pb_gallery gallery_ids=\u00bb27015,27014,27017,27016&#8243; show_title_and_caption=\u00bboff\u00bb show_pagination=\u00bboff\u00bb _builder_version=\u00bb4.4.7&#8243;][\/et_pb_gallery][\/et_pb_column][\/et_pb_row][\/et_pb_section]<\/p>\n","protected":false},"excerpt":{"rendered":"<p>Visita para escuelasLos MEL ofrecen un programa de actividades pedag\u00f3gicas dirigidas a todos los niveles educativos Aprender, interpretar, participar y disfrutar son acciones presentes en el descubrimiento del patrimonio. Desde los Museos, os presentamos esta oferta educativa que pretende incidir en el conocimiento y el aprecio del patrimonio cultural y material de la ciudad de [&hellip;]<\/p>\n","protected":false},"author":2,"featured_media":0,"parent":0,"menu_order":0,"comment_status":"closed","ping_status":"closed","template":"","meta":{"_et_pb_use_builder":"on","_et_pb_old_content":"","_et_gb_content_width":"","_uag_custom_page_level_css":"","footnotes":""},"class_list":["post-28152","page","type-page","status-publish","hentry"],"uagb_featured_image_src":{"full":false,"thumbnail":false,"medium":false,"medium_large":false,"large":false,"1536x1536":false,"2048x2048":false,"et-pb-post-main-image":false,"et-pb-post-main-image-fullwidth":false,"et-pb-portfolio-image":false,"et-pb-portfolio-module-image":false,"et-pb-portfolio-image-single":false,"et-pb-gallery-module-image-portrait":false,"et-pb-post-main-image-fullwidth-large":false,"et-pb-image--responsive--desktop":false,"et-pb-image--responsive--tablet":false,"et-pb-image--responsive--phone":false},"uagb_author_info":{"display_name":"empiezapori","author_link":"https:\/\/museus.esplugues.cat\/es\/author\/empiezapori"},"uagb_comment_info":0,"uagb_excerpt":"Visita para escuelasLos MEL ofrecen un programa de actividades pedag\u00f3gicas dirigidas a todos los niveles educativos Aprender, interpretar, participar y disfrutar son acciones presentes en el descubrimiento del patrimonio. Desde los Museos, os presentamos esta oferta educativa que pretende incidir en el conocimiento y el aprecio del patrimonio cultural y material de la ciudad de&hellip;","_links":{"self":[{"href":"https:\/\/museus.esplugues.cat\/es\/wp-json\/wp\/v2\/pages\/28152","targetHints":{"allow":["GET"]}}],"collection":[{"href":"https:\/\/museus.esplugues.cat\/es\/wp-json\/wp\/v2\/pages"}],"about":[{"href":"https:\/\/museus.esplugues.cat\/es\/wp-json\/wp\/v2\/types\/page"}],"author":[{"embeddable":true,"href":"https:\/\/museus.esplugues.cat\/es\/wp-json\/wp\/v2\/users\/2"}],"replies":[{"embeddable":true,"href":"https:\/\/museus.esplugues.cat\/es\/wp-json\/wp\/v2\/comments?post=28152"}],"version-history":[{"count":3,"href":"https:\/\/museus.esplugues.cat\/es\/wp-json\/wp\/v2\/pages\/28152\/revisions"}],"predecessor-version":[{"id":28156,"href":"https:\/\/museus.esplugues.cat\/es\/wp-json\/wp\/v2\/pages\/28152\/revisions\/28156"}],"wp:attachment":[{"href":"https:\/\/museus.esplugues.cat\/es\/wp-json\/wp\/v2\/media?parent=28152"}],"curies":[{"name":"wp","href":"https:\/\/api.w.org\/{rel}","templated":true}]}}