{"id":28161,"date":"2020-06-08T13:14:24","date_gmt":"2020-06-08T11:14:24","guid":{"rendered":"https:\/\/museus.esplugues.cat\/educacion"},"modified":"2024-07-25T16:26:13","modified_gmt":"2024-07-25T14:26:13","slug":"educacion","status":"publish","type":"page","link":"https:\/\/museus.esplugues.cat\/es\/educacion","title":{"rendered":"Educaci\u00f3n"},"content":{"rendered":"<p>[et_pb_section fb_built=\u00bb1&#8243; _builder_version=\u00bb4.16&#8243; use_background_color_gradient=\u00bbon\u00bb background_color_gradient_direction=\u00bb130deg\u00bb background_color_gradient_stops=\u00bb#8c944d 49%|rgba(140,148,77,0.21) 49%\u00bb background_color_gradient_start=\u00bb#8c944d\u00bb background_color_gradient_start_position=\u00bb49%\u00bb background_color_gradient_end=\u00bbrgba(140,148,77,0.21)\u00bb background_color_gradient_end_position=\u00bb18%\u00bb background_image=\u00bbhttps:\/\/museus.esplugues.cat\/wp-content\/uploads\/2020\/05\/Cap\u00e7alera-1.jpg\u00bb background_blend=\u00bbmultiply\u00bb global_colors_info=\u00bb{}\u00bb][et_pb_row column_structure=\u00bb2_3,1_3&#8243; _builder_version=\u00bb4.16&#8243; global_colors_info=\u00bb{}\u00bb][et_pb_column type=\u00bb2_3&#8243; _builder_version=\u00bb4.16&#8243; global_colors_info=\u00bb{}\u00bb][et_pb_text _builder_version=\u00bb4.16&#8243; header_font=\u00bb|300|||||||\u00bb header_text_color=\u00bb#ffffff\u00bb header_font_size=\u00bb50px\u00bb header_font_size_tablet=\u00bb\u00bb header_font_size_phone=\u00bb30px\u00bb header_font_size_last_edited=\u00bbon|desktop\u00bb global_colors_info=\u00bb{}\u00bb]<\/p>\n<h1>Oferta pedag\u00f3gica<\/h1>\n<p>[\/et_pb_text][\/et_pb_column][et_pb_column type=\u00bb1_3&#8243; _builder_version=\u00bb4.16&#8243; global_colors_info=\u00bb{}\u00bb][\/et_pb_column][\/et_pb_row][\/et_pb_section][et_pb_section fb_built=\u00bb1&#8243; _builder_version=\u00bb4.16&#8243; custom_margin=\u00bb0px||0px||false|false\u00bb custom_padding=\u00bb0px||30px||false|false\u00bb global_colors_info=\u00bb{}\u00bb][et_pb_row custom_padding_last_edited=\u00bbon|phone\u00bb _builder_version=\u00bb4.16&#8243; custom_margin=\u00bb0px||0px||false|false\u00bb custom_padding=\u00bb30px||0px||false|false\u00bb custom_padding_tablet=\u00bb\u00bb custom_padding_phone=\u00bb\u00bb border_width_bottom=\u00bb1px\u00bb border_color_bottom=\u00bb#8C944D\u00bb border_style_bottom=\u00bbdotted\u00bb global_colors_info=\u00bb{}\u00bb][et_pb_column type=\u00bb4_4&#8243; _builder_version=\u00bb4.16&#8243; global_colors_info=\u00bb{}\u00bb][et_pb_text _builder_version=\u00bb4.16&#8243; header_2_font=\u00bb|300|||||||\u00bb header_2_font_size=\u00bb30px\u00bb header_2_font_size_tablet=\u00bb\u00bb header_2_font_size_phone=\u00bb25px\u00bb header_2_font_size_last_edited=\u00bbon|phone\u00bb global_colors_info=\u00bb{}\u00bb]<\/p>\n<h2>Esplugues, cer\u00e1mica y Modernismo<\/h2>\n<p>[\/et_pb_text][\/et_pb_column][\/et_pb_row][et_pb_row use_custom_gutter=\u00bbon\u00bb gutter_width=\u00bb4&#8243; _builder_version=\u00bb4.16&#8243; global_colors_info=\u00bb{}\u00bb][et_pb_column type=\u00bb4_4&#8243; _builder_version=\u00bb4.16&#8243; global_colors_info=\u00bb{}\u00bb][et_pb_text _builder_version=\u00bb4.16&#8243; header_3_font=\u00bb|300||on|||||\u00bb global_colors_info=\u00bb{}\u00bb]<\/p>\n<p>Aprender, interpretar, participar y disfrutar son acciones presentes en el descubrimiento del patrimonio. Desde los Museos, os presentamos esta oferta educativa que pretende incidir en el conocimiento y el aprecio del patrimonio cultural y material de la ciudad de Esplugues, donde tiene un papel destacado la cer\u00e1mica.<br \/>Can Tintur\u00e9 y \u00abLa Rajoleta\u00bb disponen de una oferta pedag\u00f3gica completa y singular destinada a todos los niveles educativos, as\u00ed como una serie de propuestas personalizadas para grupos con dificultades sensoriales. Las visitas y talleres se plantean como una experiencia integral y cualitativa entre el aula y el Museo, facilitando a los centros, seg\u00fan la actividad y el nivel, diferentes materiales para trabajar en la escuela que completan y complementan los contenidos adquiridos.<\/p>\n<p>[\/et_pb_text][\/et_pb_column][\/et_pb_row][et_pb_row column_structure=\u00bb1_3,1_3,1_3&#8243; _builder_version=\u00bb4.16&#8243; global_colors_info=\u00bb{}\u00bb][et_pb_column type=\u00bb1_3&#8243; _builder_version=\u00bb4.16&#8243; global_colors_info=\u00bb{}\u00bb][et_pb_text _builder_version=\u00bb4.16&#8243; custom_margin=\u00bb||9px|||\u00bb global_colors_info=\u00bb{}\u00bb]<\/p>\n<h1 style=\"text-align: center;\">Educaci\u00f3n Infantil<\/h1>\n<p style=\"text-align: center;\">[\/et_pb_text][et_pb_image src=\u00bbhttps:\/\/museus.esplugues.cat\/wp-content\/uploads\/2020\/05\/museus-esplugues-educacio-infantil.png\u00bb _builder_version=\u00bb4.16&#8243; width=\u00bb35%\u00bb module_alignment=\u00bbcenter\u00bb global_colors_info=\u00bb{}\u00bb][\/et_pb_image][et_pb_button button_url=\u00bbhttps:\/\/museus.esplugues.cat\/es\/educacion-infantil\u00bb button_text=\u00bbM\u00e1s informaci\u00f3n\u00bb button_alignment=\u00bbcenter\u00bb _builder_version=\u00bb4.16&#8243; global_colors_info=\u00bb{}\u00bb][\/et_pb_button][\/et_pb_column][et_pb_column type=\u00bb1_3&#8243; _builder_version=\u00bb4.16&#8243; global_colors_info=\u00bb{}\u00bb][et_pb_text _builder_version=\u00bb4.16&#8243; custom_margin=\u00bb||9px|||\u00bb global_colors_info=\u00bb{}\u00bb]<\/p>\n<h1 style=\"text-align: center;\">Educaci\u00f3n Primaria<\/h1>\n<p style=\"text-align: center;\">[\/et_pb_text][et_pb_image src=\u00bbhttps:\/\/museus.esplugues.cat\/wp-content\/uploads\/2020\/05\/museus-esplugues-educacio-primaria.png\u00bb _builder_version=\u00bb4.16&#8243; width=\u00bb35%\u00bb module_alignment=\u00bbcenter\u00bb global_colors_info=\u00bb{}\u00bb][\/et_pb_image][et_pb_button button_url=\u00bbhttps:\/\/museus.esplugues.cat\/es\/educacion-primaria\u00bb button_text=\u00bbM\u00e1s informaci\u00f3n\u00bb button_alignment=\u00bbcenter\u00bb _builder_version=\u00bb4.16&#8243; global_colors_info=\u00bb{}\u00bb][\/et_pb_button][\/et_pb_column][et_pb_column type=\u00bb1_3&#8243; _builder_version=\u00bb4.16&#8243; global_colors_info=\u00bb{}\u00bb][et_pb_text _builder_version=\u00bb4.25.1&#8243; custom_margin=\u00bb||9px|||\u00bb global_colors_info=\u00bb{}\u00bb]<\/p>\n<h1 style=\"text-align: center;\">ESO &#8211; Bachillerato<\/h1>\n<h1 style=\"text-align: center;\">Ciclos formativos<\/h1>\n<p>[\/et_pb_text][et_pb_image src=\u00bbhttps:\/\/museus.esplugues.cat\/wp-content\/uploads\/2020\/05\/museus-esplugues-eso.png\u00bb _builder_version=\u00bb4.16&#8243; width=\u00bb35%\u00bb module_alignment=\u00bbcenter\u00bb global_colors_info=\u00bb{}\u00bb][\/et_pb_image][et_pb_button button_url=\u00bbhttps:\/\/museus.esplugues.cat\/es\/eso\u00bb button_text=\u00bbM\u00e1s informaci\u00f3n\u00bb button_alignment=\u00bbcenter\u00bb _builder_version=\u00bb4.16&#8243; global_colors_info=\u00bb{}\u00bb][\/et_pb_button][\/et_pb_column][\/et_pb_row][et_pb_row column_structure=\u00bb1_2,1_2&#8243; _builder_version=\u00bb4.16&#8243; global_colors_info=\u00bb{}\u00bb][et_pb_column type=\u00bb1_2&#8243; _builder_version=\u00bb4.16&#8243; global_colors_info=\u00bb{}\u00bb][et_pb_text _builder_version=\u00bb4.16&#8243; custom_margin=\u00bb||9px|||\u00bb global_colors_info=\u00bb{}\u00bb]<\/p>\n<h1 style=\"text-align: center;\">Educaci\u00f3n especial<\/h1>\n<p style=\"text-align: center;\">[\/et_pb_text][et_pb_image src=\u00bbhttps:\/\/museus.esplugues.cat\/wp-content\/uploads\/2020\/05\/museus-esplugues-educacio-especial.png\u00bb _builder_version=\u00bb4.25.1&#8243; width=\u00bb30%\u00bb module_alignment=\u00bbcenter\u00bb global_colors_info=\u00bb{}\u00bb][\/et_pb_image][et_pb_button button_url=\u00bbhttps:\/\/museus.esplugues.cat\/es\/educacion-especial\u00bb button_text=\u00bbM\u00e1s informaci\u00f3n\u00bb button_alignment=\u00bbcenter\u00bb _builder_version=\u00bb4.16&#8243; global_colors_info=\u00bb{}\u00bb][\/et_pb_button][\/et_pb_column][et_pb_column type=\u00bb1_2&#8243; _builder_version=\u00bb4.16&#8243; global_colors_info=\u00bb{}\u00bb][et_pb_text _builder_version=\u00bb4.16&#8243; custom_margin=\u00bb||9px|||\u00bb global_colors_info=\u00bb{}\u00bb]<\/p>\n<h1 style=\"text-align: center;\">La memoria de la ciudad<\/h1>\n<p style=\"text-align: center;\">[\/et_pb_text][et_pb_image src=\u00bbhttps:\/\/museus.esplugues.cat\/wp-content\/uploads\/2020\/05\/museus-esplugues-memoria-de-la-ciutat.png\u00bb _builder_version=\u00bb4.25.1&#8243; width=\u00bb31%\u00bb module_alignment=\u00bbcenter\u00bb global_colors_info=\u00bb{}\u00bb][\/et_pb_image][et_pb_button button_url=\u00bbhttps:\/\/museus.esplugues.cat\/es\/la-memoria-de-la-ciudad\u00bb button_text=\u00bbM\u00e1s informaci\u00f3n\u00bb button_alignment=\u00bbcenter\u00bb _builder_version=\u00bb4.16&#8243; global_colors_info=\u00bb{}\u00bb][\/et_pb_button][\/et_pb_column][\/et_pb_row][\/et_pb_section][et_pb_section fb_built=\u00bb1&#8243; _builder_version=\u00bb4.16&#8243; background_color=\u00bb#efefef\u00bb custom_margin=\u00bb-2px||0px||false|false\u00bb custom_padding=\u00bb0px||0px||false|false\u00bb global_colors_info=\u00bb{}\u00bb][et_pb_row custom_padding_last_edited=\u00bbon|phone\u00bb _builder_version=\u00bb4.16&#8243; custom_margin=\u00bb0px||0px||false|false\u00bb custom_padding=\u00bb30px||0px||false|false\u00bb custom_padding_tablet=\u00bb\u00bb custom_padding_phone=\u00bb\u00bb border_width_bottom=\u00bb1px\u00bb border_color_bottom=\u00bb#8C944D\u00bb border_style_bottom=\u00bbdotted\u00bb global_colors_info=\u00bb{}\u00bb][et_pb_column type=\u00bb4_4&#8243; _builder_version=\u00bb4.16&#8243; global_colors_info=\u00bb{}\u00bb][et_pb_text _builder_version=\u00bb4.16&#8243; header_2_font=\u00bb|300|||||||\u00bb header_2_font_size=\u00bb30px\u00bb header_2_font_size_tablet=\u00bb\u00bb header_2_font_size_phone=\u00bb25px\u00bb header_2_font_size_last_edited=\u00bbon|phone\u00bb global_colors_info=\u00bb{}\u00bb]<\/p>\n<h2>Informaci\u00f3n y reservas<\/h2>\n<p>[\/et_pb_text][\/et_pb_column][\/et_pb_row][et_pb_row column_structure=\u00bb1_3,1_3,1_3&#8243; use_custom_gutter=\u00bbon\u00bb gutter_width=\u00bb4&#8243; _builder_version=\u00bb4.16&#8243; custom_padding=\u00bb||53px|||\u00bb global_colors_info=\u00bb{}\u00bb][et_pb_column type=\u00bb1_3&#8243; _builder_version=\u00bb4.16&#8243; global_colors_info=\u00bb{}\u00bb][et_pb_text _builder_version=\u00bb4.25.1&#8243; text_line_height=\u00bb1.5em\u00bb ul_font_size=\u00bb13px\u00bb ul_line_height=\u00bb20px\u00bb header_3_font=\u00bb|300||on|||||\u00bb global_colors_info=\u00bb{}\u00bb]<\/p>\n<header class=\"entry-content-header\">\n<h3 class=\"iconlist_title\" itemprop=\"headline\">RECURSOS DISPONIBLES PARA MAESTROS<\/h3>\n<\/header>\n<div class=\"iconlist_content \" itemprop=\"text\">\n<ul>\n<li>Ficha informativa de la actividad<\/li>\n<li>Dosier de trabajo previo de la actividad en el aula para las actividades de primaria<\/li>\n<li>Dosier de trabajo posterior de la actividad en el aula para las actividades de primaria<\/li>\n<\/ul>\n<p>&nbsp;<\/p>\n<header class=\"entry-content-header\">\n<h3 class=\"iconlist_title\" itemprop=\"headline\">SERVICIOS<\/h3>\n<\/header>\n<div class=\"iconlist_content \" itemprop=\"text\">\n<ul>\n<li>Adaptaci\u00f3n seg\u00fan las necesidades del grupo<\/li>\n<li>Aparcamiento disponible para autocares<\/li>\n<\/ul>\n<\/div>\n<\/div>\n<p>[\/et_pb_text][\/et_pb_column][et_pb_column type=\u00bb1_3&#8243; _builder_version=\u00bb4.16&#8243; global_colors_info=\u00bb{}\u00bb][et_pb_text _builder_version=\u00bb4.25.1&#8243; text_line_height=\u00bb1.5em\u00bb ul_font_size=\u00bb13px\u00bb ul_line_height=\u00bb20px\u00bb header_3_font=\u00bb|300||on|||||\u00bb global_colors_info=\u00bb{}\u00bb]<\/p>\n<header class=\"entry-content-header\">\n<h3 class=\"iconlist_title\" itemprop=\"headline\">HORARIOS DE LAS ACTIVIDADES<\/h3>\n<\/header>\n<div class=\"iconlist_content \" itemprop=\"text\">\n<ul>\n<li>Mi\u00e9rcoles, jueves y viernes de 10 a 14 h y de 17 a 20 h<\/li>\n<\/ul>\n<p>&nbsp;<\/p>\n<header class=\"entry-content-header\">\n<h3 class=\"iconlist_title\" itemprop=\"headline\">PRECIOS<\/h3>\n<\/header>\n<div class=\"iconlist_content \" itemprop=\"text\">\n<ul>\n<li>Actividades 1 hora: 60 \u20ac \/ centros de Esplugues 30 \u20ac<\/li>\n<li>Actividades 1,5 horas: 80 \u20ac \/ centros de Esplugues 40 \u20ac<\/li>\n<li>Actividades 2 horas: 100 \u20ac \/ centros de Esplugues 50 \u20ac<\/li>\n<li>Actividad de 2 horas en ingl\u00e9s: 120 \u20ac \/ centros de Esplugues 60 \u20ac<\/li>\n<\/ul>\n<p>&nbsp;<\/p>\n<header class=\"entry-content-header\">\n<h3 class=\"iconlist_title\" itemprop=\"headline\">CONTACTO<\/h3>\n<\/header>\n<div class=\"iconlist_content \" itemprop=\"text\">\n<ul>\n<li>Museos de Esplugues de Llobregat 93 470 02 18 i <a href=\"mailto:educacio.museus@esplugues.cat\">educacio.museus@esplugues.cat<\/a><\/li>\n<li>Horario de atenci\u00f3n telef\u00f3nica y reservas: de martes a viernes de 9 a 15 h y de 17 a 20 h<\/li>\n<\/ul>\n<\/div>\n<\/div>\n<\/div>\n<p>[\/et_pb_text][\/et_pb_column][et_pb_column type=\u00bb1_3&#8243; _builder_version=\u00bb4.16&#8243; global_colors_info=\u00bb{}\u00bb][et_pb_text _builder_version=\u00bb4.25.1&#8243; text_line_height=\u00bb1.5em\u00bb ul_font_size=\u00bb13px\u00bb ul_line_height=\u00bb20px\u00bb header_3_font=\u00bb|300||on|||||\u00bb global_colors_info=\u00bb{}\u00bb]<\/p>\n<header class=\"entry-content-header\">\n<h3 class=\"iconlist_title\" itemprop=\"headline\">INFORMACI\u00d3N EN PDF<\/h3>\n<\/header>\n<p>[\/et_pb_text][et_pb_image src=\u00bbhttps:\/\/museus.esplugues.cat\/wp-content\/uploads\/2024\/07\/Escoles-24-25.png\u00bb title_text=\u00bbEscoles 24-25&#8243; url=\u00bbhttps:\/\/museus.esplugues.cat\/wp-content\/uploads\/2024\/07\/oferta-pedagogica-museus-24-25_DEF.pdf\u00bb _builder_version=\u00bb4.25.1&#8243; _module_preset=\u00bbdefault\u00bb global_colors_info=\u00bb{}\u00bb][\/et_pb_image][et_pb_text _builder_version=\u00bb4.25.1&#8243; text_line_height=\u00bb1.5em\u00bb ul_font_size=\u00bb13px\u00bb ul_line_height=\u00bb20px\u00bb header_3_font=\u00bb|300||on|||||\u00bb custom_margin=\u00bb||24px|||\u00bb global_colors_info=\u00bb{}\u00bb]<\/p>\n<header class=\"entry-content-header\">\n<p class=\"iconlist_title\" itemprop=\"headline\">Desc\u00e1rgate toda la informaci\u00f3n en formato PDF (Disponible en catal\u00e1n)<\/p>\n<\/header>\n<p>[\/et_pb_text][\/et_pb_column][\/et_pb_row][\/et_pb_section]<\/p>\n","protected":false},"excerpt":{"rendered":"<p>Oferta pedag\u00f3gicaEsplugues, cer\u00e1mica y ModernismoAprender, interpretar, participar y disfrutar son acciones presentes en el descubrimiento del patrimonio. Desde los Museos, os presentamos esta oferta educativa que pretende incidir en el conocimiento y el aprecio del patrimonio cultural y material de la ciudad de Esplugues, donde tiene un papel destacado la cer\u00e1mica.Can Tintur\u00e9 y \u00abLa Rajoleta\u00bb [&hellip;]<\/p>\n","protected":false},"author":2,"featured_media":0,"parent":0,"menu_order":0,"comment_status":"closed","ping_status":"closed","template":"","meta":{"_et_pb_use_builder":"on","_et_pb_old_content":"","_et_gb_content_width":"","_uag_custom_page_level_css":"","footnotes":""},"class_list":["post-28161","page","type-page","status-publish","hentry"],"uagb_featured_image_src":{"full":false,"thumbnail":false,"medium":false,"medium_large":false,"large":false,"1536x1536":false,"2048x2048":false,"et-pb-post-main-image":false,"et-pb-post-main-image-fullwidth":false,"et-pb-portfolio-image":false,"et-pb-portfolio-module-image":false,"et-pb-portfolio-image-single":false,"et-pb-gallery-module-image-portrait":false,"et-pb-post-main-image-fullwidth-large":false,"et-pb-image--responsive--desktop":false,"et-pb-image--responsive--tablet":false,"et-pb-image--responsive--phone":false},"uagb_author_info":{"display_name":"empiezapori","author_link":"https:\/\/museus.esplugues.cat\/es\/author\/empiezapori"},"uagb_comment_info":0,"uagb_excerpt":"Oferta pedag\u00f3gicaEsplugues, cer\u00e1mica y ModernismoAprender, interpretar, participar y disfrutar son acciones presentes en el descubrimiento del patrimonio. Desde los Museos, os presentamos esta oferta educativa que pretende incidir en el conocimiento y el aprecio del patrimonio cultural y material de la ciudad de Esplugues, donde tiene un papel destacado la cer\u00e1mica.Can Tintur\u00e9 y \"La Rajoleta\"&hellip;","_links":{"self":[{"href":"https:\/\/museus.esplugues.cat\/es\/wp-json\/wp\/v2\/pages\/28161","targetHints":{"allow":["GET"]}}],"collection":[{"href":"https:\/\/museus.esplugues.cat\/es\/wp-json\/wp\/v2\/pages"}],"about":[{"href":"https:\/\/museus.esplugues.cat\/es\/wp-json\/wp\/v2\/types\/page"}],"author":[{"embeddable":true,"href":"https:\/\/museus.esplugues.cat\/es\/wp-json\/wp\/v2\/users\/2"}],"replies":[{"embeddable":true,"href":"https:\/\/museus.esplugues.cat\/es\/wp-json\/wp\/v2\/comments?post=28161"}],"version-history":[{"count":5,"href":"https:\/\/museus.esplugues.cat\/es\/wp-json\/wp\/v2\/pages\/28161\/revisions"}],"predecessor-version":[{"id":42463,"href":"https:\/\/museus.esplugues.cat\/es\/wp-json\/wp\/v2\/pages\/28161\/revisions\/42463"}],"wp:attachment":[{"href":"https:\/\/museus.esplugues.cat\/es\/wp-json\/wp\/v2\/media?parent=28161"}],"curies":[{"name":"wp","href":"https:\/\/api.w.org\/{rel}","templated":true}]}}