{"id":28169,"date":"2020-06-08T13:35:59","date_gmt":"2020-06-08T11:35:59","guid":{"rendered":"https:\/\/museus.esplugues.cat\/educacion-primaria"},"modified":"2024-06-17T13:51:10","modified_gmt":"2024-06-17T11:51:10","slug":"educacion-primaria","status":"publish","type":"page","link":"https:\/\/museus.esplugues.cat\/es\/educacion\/educacion-primaria","title":{"rendered":"Educaci\u00f3n Primaria"},"content":{"rendered":"<p>[et_pb_section fb_built=\u00bb1&#8243; _builder_version=\u00bb4.16&#8243; background_color=\u00bb#eeefe4&#8243; custom_margin_tablet=\u00bb\u00bb custom_margin_phone=\u00bb0px||0px||false|false\u00bb custom_margin_last_edited=\u00bbon|phone\u00bb custom_padding=\u00bb0px||0px||false|false\u00bb global_colors_info=\u00bb{}\u00bb][et_pb_row _builder_version=\u00bb4.16&#8243; global_colors_info=\u00bb{}\u00bb][et_pb_column type=\u00bb4_4&#8243; _builder_version=\u00bb4.16&#8243; global_colors_info=\u00bb{}\u00bb][et_pb_text _builder_version=\u00bb4.16&#8243; header_font=\u00bb|300|||||||\u00bb header_font_size=\u00bb50px\u00bb custom_margin_tablet=\u00bb\u00bb custom_margin_phone=\u00bb0px||0px||false|false\u00bb custom_margin_last_edited=\u00bbon|phone\u00bb custom_padding=\u00bb0px||0px||false|false\u00bb header_font_size_tablet=\u00bb\u00bb header_font_size_phone=\u00bb35px\u00bb header_font_size_last_edited=\u00bbon|phone\u00bb global_colors_info=\u00bb{}\u00bb]<\/p>\n<h1>Educaci\u00f3n Primaria<\/h1>\n<p>[\/et_pb_text][\/et_pb_column][\/et_pb_row][\/et_pb_section][et_pb_section fb_built=\u00bb1&#8243; _builder_version=\u00bb4.16&#8243; background_enable_color=\u00bboff\u00bb custom_margin=\u00bb0px||1px||false|false\u00bb custom_padding=\u00bb0px||45px||false|false\u00bb global_colors_info=\u00bb{}\u00bb][et_pb_row custom_padding_last_edited=\u00bbon|phone\u00bb _builder_version=\u00bb4.16&#8243; custom_margin=\u00bb0px||0px||false|false\u00bb custom_padding=\u00bb30px||0px||false|false\u00bb custom_padding_tablet=\u00bb\u00bb custom_padding_phone=\u00bb\u00bb border_width_bottom=\u00bb1px\u00bb border_color_bottom=\u00bb#8C944D\u00bb border_style_bottom=\u00bbdotted\u00bb global_colors_info=\u00bb{}\u00bb][et_pb_column type=\u00bb4_4&#8243; _builder_version=\u00bb4.16&#8243; global_colors_info=\u00bb{}\u00bb][et_pb_text _builder_version=\u00bb4.16&#8243; header_2_font=\u00bb|300|||||||\u00bb header_2_font_size=\u00bb30px\u00bb header_2_font_size_tablet=\u00bb\u00bb header_2_font_size_phone=\u00bb25px\u00bb header_2_font_size_last_edited=\u00bbon|phone\u00bb global_colors_info=\u00bb{}\u00bb]<\/p>\n<h2>Del barro a la baldosa<\/h2>\n<p>[\/et_pb_text][\/et_pb_column][\/et_pb_row][et_pb_row column_structure=\u00bb3_5,2_5&#8243; use_custom_gutter=\u00bbon\u00bb gutter_width=\u00bb4&#8243; _builder_version=\u00bb4.16&#8243; custom_padding=\u00bb||53px|||\u00bb global_colors_info=\u00bb{}\u00bb][et_pb_column type=\u00bb3_5&#8243; _builder_version=\u00bb4.16&#8243; global_colors_info=\u00bb{}\u00bb][et_pb_text _builder_version=\u00bb4.25.1&#8243; header_3_font=\u00bb|300||on|||||\u00bb global_colors_info=\u00bb{}\u00bb]<\/p>\n<p>Haremos el camino de la tierra en el proceso de convertirse en cer\u00e1mica, siguiendo los pasos de los trabajadores \/ as que lo hicieron posible.<br \/>A trav\u00e9s de la visita a la <strong>antigua f\u00e1brica Pujol i Bausis<\/strong> explicaremos el proceso de c\u00f3mo se hac\u00edan las baldosas: trabajar el barro, dar forma, cocer las piezas y pintarlas.<\/p>\n<p>&nbsp;<\/p>\n<ul>\n<li>Incluye el taller: <strong>Pintamos una baldosa con trepa<\/strong><br \/>Duraci\u00f3n: 2 h<\/li>\n<li><strong>Museo de Cer\u00e1mica \u00abLa Rajoleta\u00bb<\/strong><\/li>\n<li>Disponible en ingl\u00e9s<\/li>\n<li><span>Adaptaciones para a ciclo inicial y ciclo medio de primaria<\/span><\/li>\n<\/ul>\n<h6 class=\"av-special-heading-tag\"><\/h6>\n<h6 class=\"av-special-heading-tag\"><\/h6>\n<h6 class=\"av-special-heading-tag\"><\/h6>\n<h6 class=\"av-special-heading-tag\">Visita din\u00e1mica, medio, tecnolog\u00eda, trabajo, juego, taller<\/h6>\n<div class=\"special-heading-border\"><\/div>\n<div class=\"special-heading-border\"><\/div>\n<p>[\/et_pb_text][\/et_pb_column][et_pb_column type=\u00bb2_5&#8243; _builder_version=\u00bb4.16&#8243; global_colors_info=\u00bb{}\u00bb][et_pb_image src=\u00bbhttps:\/\/museus.esplugues.cat\/wp-content\/uploads\/2020\/02\/FangRajola2-200&#215;300-1.jpg\u00bb align=\u00bbcenter\u00bb _builder_version=\u00bb4.16&#8243; global_colors_info=\u00bb{}\u00bb][\/et_pb_image][\/et_pb_column][\/et_pb_row][et_pb_row _builder_version=\u00bb4.16&#8243; _module_preset=\u00bbdefault\u00bb global_colors_info=\u00bb{}\u00bb][et_pb_column type=\u00bb4_4&#8243; _builder_version=\u00bb4.16&#8243; _module_preset=\u00bbdefault\u00bb global_colors_info=\u00bb{}\u00bb][et_pb_text _builder_version=\u00bb4.16&#8243; _module_preset=\u00bbdefault\u00bb global_colors_info=\u00bb{}\u00bb]<\/p>\n<p>Disponibles en catal\u00e1n<\/p>\n<p>[\/et_pb_text][\/et_pb_column][\/et_pb_row][et_pb_row column_structure=\u00bb1_3,1_3,1_3&#8243; _builder_version=\u00bb4.16&#8243; custom_padding=\u00bb||0px|||\u00bb global_colors_info=\u00bb{}\u00bb][et_pb_column type=\u00bb1_3&#8243; _builder_version=\u00bb4.16&#8243; global_colors_info=\u00bb{}\u00bb][et_pb_button button_url=\u00bb@ET-DC@eyJkeW5hbWljIjp0cnVlLCJjb250ZW50IjoicG9zdF9saW5rX3VybF9hdHRhY2htZW50Iiwic2V0dGluZ3MiOnsicG9zdF9pZCI6IjQyMDI0In19@\u00bb url_new_window=\u00bbon\u00bb button_text=\u00bbFicha de la actividad\u00bb button_alignment=\u00bbcenter\u00bb _builder_version=\u00bb4.25.1&#8243; _dynamic_attributes=\u00bbbutton_url\u00bb global_colors_info=\u00bb{}\u00bb][\/et_pb_button][\/et_pb_column][et_pb_column type=\u00bb1_3&#8243; _builder_version=\u00bb4.16&#8243; global_colors_info=\u00bb{}\u00bb][et_pb_button button_url=\u00bbhttps:\/\/youtu.be\/AsMovLKjGcg\u00bb url_new_window=\u00bbon\u00bb button_text=\u00bbMaterial de trabajo previo para ciclo inicial\u00bb button_alignment=\u00bbcenter\u00bb _builder_version=\u00bb4.16&#8243; global_colors_info=\u00bb{}\u00bb][\/et_pb_button][et_pb_button button_url=\u00bbhttps:\/\/youtu.be\/KsFxAx-O8L8&#8243; url_new_window=\u00bbon\u00bb button_text=\u00bbMaterial de trabajo previo para ciclo medio\u00bb button_alignment=\u00bbcenter\u00bb _builder_version=\u00bb4.16&#8243; global_colors_info=\u00bb{}\u00bb][\/et_pb_button][\/et_pb_column][et_pb_column type=\u00bb1_3&#8243; _builder_version=\u00bb4.16&#8243; global_colors_info=\u00bb{}\u00bb][et_pb_button button_url=\u00bbhttps:\/\/youtu.be\/AgPGvmh3fL0&#8243; url_new_window=\u00bbon\u00bb button_text=\u00bbMaterial de trabajo posterior para ciclo inicial\u00bb button_alignment=\u00bbcenter\u00bb _builder_version=\u00bb4.16&#8243; global_colors_info=\u00bb{}\u00bb][\/et_pb_button][et_pb_button button_url=\u00bbhttps:\/\/youtu.be\/zy6TMR5rEUg\u00bb url_new_window=\u00bbon\u00bb button_text=\u00bbMaterial de trabajo posterior para ciclo medio\u00bb button_alignment=\u00bbcenter\u00bb _builder_version=\u00bb4.16&#8243; global_colors_info=\u00bb{}\u00bb][\/et_pb_button][\/et_pb_column][\/et_pb_row][\/et_pb_section][et_pb_section fb_built=\u00bb1&#8243; _builder_version=\u00bb4.16&#8243; background_color=\u00bb#efefef\u00bb custom_margin=\u00bb-4px||0px||false|false\u00bb custom_padding=\u00bb0px||28px||false|false\u00bb global_colors_info=\u00bb{}\u00bb][et_pb_row custom_padding_last_edited=\u00bbon|phone\u00bb _builder_version=\u00bb4.16&#8243; custom_margin=\u00bb0px||0px||false|false\u00bb custom_padding=\u00bb30px||0px||false|false\u00bb custom_padding_tablet=\u00bb\u00bb custom_padding_phone=\u00bb\u00bb border_width_bottom=\u00bb1px\u00bb border_color_bottom=\u00bb#8C944D\u00bb border_style_bottom=\u00bbdotted\u00bb global_colors_info=\u00bb{}\u00bb][et_pb_column type=\u00bb4_4&#8243; _builder_version=\u00bb4.16&#8243; global_colors_info=\u00bb{}\u00bb][et_pb_text _builder_version=\u00bb4.16&#8243; header_2_font=\u00bb|300|||||||\u00bb header_2_font_size=\u00bb30px\u00bb header_2_font_size_tablet=\u00bb\u00bb header_2_font_size_phone=\u00bb25px\u00bb header_2_font_size_last_edited=\u00bbon|phone\u00bb global_colors_info=\u00bb{}\u00bb]<\/p>\n<h2>Geometr\u00edas en el museo<\/h2>\n<p>[\/et_pb_text][\/et_pb_column][\/et_pb_row][et_pb_row column_structure=\u00bb3_5,2_5&#8243; use_custom_gutter=\u00bbon\u00bb gutter_width=\u00bb4&#8243; _builder_version=\u00bb4.16&#8243; global_colors_info=\u00bb{}\u00bb][et_pb_column type=\u00bb3_5&#8243; _builder_version=\u00bb4.16&#8243; global_colors_info=\u00bb{}\u00bb][et_pb_text _builder_version=\u00bb4.25.1&#8243; header_3_font=\u00bb|300||on|||||\u00bb global_colors_info=\u00bb{}\u00bb]<\/p>\n<p>Nos adentraremos en un obrador de finales del siglo XIX y para descubrir los secretos del dise\u00f1o de las baldosas del Museo Can Tintur\u00e9.<br \/>Las baldosas de muestra son un gran ejemplo para explicar algunos conceptos b\u00e1sicos de geometr\u00eda y matem\u00e1ticas, conceptos que deber\u00e1n aplicarse cuando creen su propio modelo de ladrillo.<\/p>\n<ul>\n<li>Duraci\u00f3n: 2 h<\/li>\n<li><strong>Museo Can Tintur\u00e9<\/strong><\/li>\n<li><strong>Recomendable para Ciclo superior de primaria y 1\u00ba\u00a0y 2\u00ba de ESO<\/strong><\/li>\n<\/ul>\n<p>&nbsp;<\/p>\n<p>&nbsp;<\/p>\n<p>&nbsp;<\/p>\n<h6>Visita din\u00e1mica, matem\u00e1ticas, medio, participaci\u00f3n, juego, simetr\u00eda, dibujo, 2\u00ba ciclo<\/h6>\n<p>[\/et_pb_text][\/et_pb_column][et_pb_column type=\u00bb2_5&#8243; _builder_version=\u00bb4.16&#8243; global_colors_info=\u00bb{}\u00bb][et_pb_image src=\u00bbhttps:\/\/museus.esplugues.cat\/wp-content\/uploads\/2020\/02\/Geo-200&#215;300-1.jpg\u00bb align=\u00bbcenter\u00bb _builder_version=\u00bb4.16&#8243; global_colors_info=\u00bb{}\u00bb][\/et_pb_image][\/et_pb_column][\/et_pb_row][et_pb_row _builder_version=\u00bb4.16&#8243; _module_preset=\u00bbdefault\u00bb global_colors_info=\u00bb{}\u00bb][et_pb_column type=\u00bb4_4&#8243; _builder_version=\u00bb4.16&#8243; _module_preset=\u00bbdefault\u00bb global_colors_info=\u00bb{}\u00bb][et_pb_text _builder_version=\u00bb4.16&#8243; _module_preset=\u00bbdefault\u00bb global_colors_info=\u00bb{}\u00bb]<\/p>\n<p>Disponibles en catal\u00e1n<\/p>\n<p>[\/et_pb_text][\/et_pb_column][\/et_pb_row][et_pb_row column_structure=\u00bb1_3,1_3,1_3&#8243; _builder_version=\u00bb4.16&#8243; global_colors_info=\u00bb{}\u00bb][et_pb_column type=\u00bb1_3&#8243; _builder_version=\u00bb4.16&#8243; global_colors_info=\u00bb{}\u00bb][et_pb_button button_url=\u00bb@ET-DC@eyJkeW5hbWljIjp0cnVlLCJjb250ZW50IjoicG9zdF9saW5rX3VybF9hdHRhY2htZW50Iiwic2V0dGluZ3MiOnsicG9zdF9pZCI6IjMzNzQzIn19@\u00bb url_new_window=\u00bbon\u00bb button_text=\u00bbFicha de la actividad\u00bb button_alignment=\u00bbcenter\u00bb _builder_version=\u00bb4.25.1&#8243; _dynamic_attributes=\u00bbbutton_url\u00bb global_colors_info=\u00bb{}\u00bb][\/et_pb_button][\/et_pb_column][et_pb_column type=\u00bb1_3&#8243; _builder_version=\u00bb4.16&#8243; global_colors_info=\u00bb{}\u00bb][et_pb_button button_url=\u00bbhttps:\/\/youtu.be\/EO666FJIFlg\u00bb url_new_window=\u00bbon\u00bb button_text=\u00bbMaterial de trabajo previo \u00bb button_alignment=\u00bbcenter\u00bb _builder_version=\u00bb4.25.1&#8243; global_colors_info=\u00bb{}\u00bb][\/et_pb_button][\/et_pb_column][et_pb_column type=\u00bb1_3&#8243; _builder_version=\u00bb4.16&#8243; global_colors_info=\u00bb{}\u00bb][et_pb_button button_url=\u00bbhttps:\/\/youtu.be\/m6aDgwuirGg\u00bb url_new_window=\u00bbon\u00bb button_text=\u00bbMaterial posterior en el aula\u00bb button_alignment=\u00bbcenter\u00bb _builder_version=\u00bb4.25.1&#8243; global_colors_info=\u00bb{}\u00bb][\/et_pb_button][\/et_pb_column][\/et_pb_row][et_pb_row column_structure=\u00bb1_3,1_3,1_3&#8243; _builder_version=\u00bb4.16&#8243; global_colors_info=\u00bb{}\u00bb][et_pb_column type=\u00bb1_3&#8243; _builder_version=\u00bb4.16&#8243; global_colors_info=\u00bb{}\u00bb][\/et_pb_column][et_pb_column type=\u00bb1_3&#8243; _builder_version=\u00bb4.16&#8243; global_colors_info=\u00bb{}\u00bb][et_pb_button button_url=\u00bb@ET-DC@eyJkeW5hbWljIjp0cnVlLCJjb250ZW50IjoicG9zdF9saW5rX3VybF9wYWdlIiwic2V0dGluZ3MiOnsicG9zdF9pZCI6IjI2OTA0In19@\u00bb url_new_window=\u00bbon\u00bb button_text=\u00bbVolver a la p\u00e1gina principal\u00bb button_alignment=\u00bbcenter\u00bb _builder_version=\u00bb4.25.1&#8243; hover_enabled=\u00bb0&#8243; global_colors_info=\u00bb{}\u00bb _dynamic_attributes=\u00bbbutton_url\u00bb sticky_enabled=\u00bb0&#8243;][\/et_pb_button][\/et_pb_column][et_pb_column type=\u00bb1_3&#8243; _builder_version=\u00bb4.16&#8243; global_colors_info=\u00bb{}\u00bb][\/et_pb_column][\/et_pb_row][\/et_pb_section]<\/p>\n","protected":false},"excerpt":{"rendered":"<p>Educaci\u00f3n PrimariaDel barro a la baldosaHaremos el camino de la tierra en el proceso de convertirse en cer\u00e1mica, siguiendo los pasos de los trabajadores \/ as que lo hicieron posible.A trav\u00e9s de la visita a la antigua f\u00e1brica Pujol i Bausis explicaremos el proceso de c\u00f3mo se hac\u00edan las baldosas: trabajar el barro, dar forma, [&hellip;]<\/p>\n","protected":false},"author":2,"featured_media":0,"parent":28161,"menu_order":0,"comment_status":"closed","ping_status":"closed","template":"","meta":{"_et_pb_use_builder":"on","_et_pb_old_content":"","_et_gb_content_width":"","_uag_custom_page_level_css":"","footnotes":""},"class_list":["post-28169","page","type-page","status-publish","hentry"],"uagb_featured_image_src":{"full":false,"thumbnail":false,"medium":false,"medium_large":false,"large":false,"1536x1536":false,"2048x2048":false,"et-pb-post-main-image":false,"et-pb-post-main-image-fullwidth":false,"et-pb-portfolio-image":false,"et-pb-portfolio-module-image":false,"et-pb-portfolio-image-single":false,"et-pb-gallery-module-image-portrait":false,"et-pb-post-main-image-fullwidth-large":false,"et-pb-image--responsive--desktop":false,"et-pb-image--responsive--tablet":false,"et-pb-image--responsive--phone":false},"uagb_author_info":{"display_name":"empiezapori","author_link":"https:\/\/museus.esplugues.cat\/es\/author\/empiezapori"},"uagb_comment_info":0,"uagb_excerpt":"Educaci\u00f3n PrimariaDel barro a la baldosaHaremos el camino de la tierra en el proceso de convertirse en cer\u00e1mica, siguiendo los pasos de los trabajadores \/ as que lo hicieron posible.A trav\u00e9s de la visita a la antigua f\u00e1brica Pujol i Bausis explicaremos el proceso de c\u00f3mo se hac\u00edan las baldosas: trabajar el barro, dar forma,&hellip;","_links":{"self":[{"href":"https:\/\/museus.esplugues.cat\/es\/wp-json\/wp\/v2\/pages\/28169","targetHints":{"allow":["GET"]}}],"collection":[{"href":"https:\/\/museus.esplugues.cat\/es\/wp-json\/wp\/v2\/pages"}],"about":[{"href":"https:\/\/museus.esplugues.cat\/es\/wp-json\/wp\/v2\/types\/page"}],"author":[{"embeddable":true,"href":"https:\/\/museus.esplugues.cat\/es\/wp-json\/wp\/v2\/users\/2"}],"replies":[{"embeddable":true,"href":"https:\/\/museus.esplugues.cat\/es\/wp-json\/wp\/v2\/comments?post=28169"}],"version-history":[{"count":5,"href":"https:\/\/museus.esplugues.cat\/es\/wp-json\/wp\/v2\/pages\/28169\/revisions"}],"predecessor-version":[{"id":42068,"href":"https:\/\/museus.esplugues.cat\/es\/wp-json\/wp\/v2\/pages\/28169\/revisions\/42068"}],"up":[{"embeddable":true,"href":"https:\/\/museus.esplugues.cat\/es\/wp-json\/wp\/v2\/pages\/28161"}],"wp:attachment":[{"href":"https:\/\/museus.esplugues.cat\/es\/wp-json\/wp\/v2\/media?parent=28169"}],"curies":[{"name":"wp","href":"https:\/\/api.w.org\/{rel}","templated":true}]}}