{"id":28179,"date":"2020-06-08T13:45:29","date_gmt":"2020-06-08T11:45:29","guid":{"rendered":"https:\/\/museus.esplugues.cat\/bachillerato-y-ciclos-formativos"},"modified":"2021-06-14T12:04:48","modified_gmt":"2021-06-14T10:04:48","slug":"bachillerato-y-ciclos-formativos","status":"publish","type":"page","link":"https:\/\/museus.esplugues.cat\/es\/bachillerato-y-ciclos-formativos","title":{"rendered":"Bachillerato y Ciclos Formativos"},"content":{"rendered":"<p>[et_pb_section fb_built=\u00bb1&#8243; _builder_version=\u00bb4.0.7&#8243; background_color=\u00bb#eeefe4&#8243; custom_margin_tablet=\u00bb\u00bb custom_margin_phone=\u00bb0px||0px||false|false\u00bb custom_margin_last_edited=\u00bbon|phone\u00bb custom_padding=\u00bb0px||0px||false|false\u00bb][et_pb_row _builder_version=\u00bb4.0.7&#8243;][et_pb_column type=\u00bb4_4&#8243; _builder_version=\u00bb4.0.7&#8243;][et_pb_text _builder_version=\u00bb4.2&#8243; header_font=\u00bb|300|||||||\u00bb header_font_size=\u00bb50px\u00bb custom_margin_tablet=\u00bb\u00bb custom_margin_phone=\u00bb0px||0px||false|false\u00bb custom_margin_last_edited=\u00bbon|phone\u00bb custom_padding=\u00bb0px||0px||false|false\u00bb header_font_size_tablet=\u00bb\u00bb header_font_size_phone=\u00bb35px\u00bb header_font_size_last_edited=\u00bbon|phone\u00bb]<\/p>\n<h1>Bachillerato y Ciclos Formativos<\/h1>\n<p>[\/et_pb_text][\/et_pb_column][\/et_pb_row][\/et_pb_section][et_pb_section fb_built=\u00bb1&#8243; _builder_version=\u00bb4.4.2&#8243; background_color=\u00bb#efefef\u00bb custom_margin=\u00bb0px||0px||false|false\u00bb custom_padding=\u00bb0px||30px||false|false\u00bb][et_pb_row custom_padding_last_edited=\u00bbon|phone\u00bb _builder_version=\u00bb4.0.7&#8243; custom_margin=\u00bb0px||0px||false|false\u00bb custom_padding=\u00bb30px||0px||false|false\u00bb custom_padding_tablet=\u00bb\u00bb custom_padding_phone=\u00bb\u00bb border_width_bottom=\u00bb1px\u00bb border_color_bottom=\u00bb#8C944D\u00bb border_style_bottom=\u00bbdotted\u00bb][et_pb_column type=\u00bb4_4&#8243; _builder_version=\u00bb4.0.7&#8243;][et_pb_text _builder_version=\u00bb4.4.7&#8243; header_2_font=\u00bb|300|||||||\u00bb header_2_font_size=\u00bb30px\u00bb header_2_font_size_tablet=\u00bb\u00bb header_2_font_size_phone=\u00bb25px\u00bb header_2_font_size_last_edited=\u00bbon|phone\u00bb]<\/p>\n<h2>Visita guiada al Museo Can Tintur\u00e9<\/h2>\n<p>[\/et_pb_text][\/et_pb_column][\/et_pb_row][et_pb_row column_structure=\u00bb3_5,2_5&#8243; use_custom_gutter=\u00bbon\u00bb gutter_width=\u00bb4&#8243; _builder_version=\u00bb4.0.7&#8243;][et_pb_column type=\u00bb3_5&#8243; _builder_version=\u00bb4.0.7&#8243;][et_pb_text _builder_version=\u00bb4.4.7&#8243; header_3_font=\u00bb|300||on|||||\u00bb]<\/p>\n<p>La visita a Can Tintur\u00e9 descubre un objeto sencillo, la baldosa de muestra, y despierta la conciencia de los alumnos sobre como un elemento cotidiano ha convertido en objeto de museo.<\/p>\n<p>&nbsp;<\/p>\n<ul>\n<li>Duraci\u00f3n: 1 h<\/li>\n<li>Museo Can Tintur\u00e9<\/li>\n<li><em>Opci\u00f3n de visita combinada: Museo Can Tintur\u00e9 + \u00abLa Rajoleta\u00bb 2h<\/em><\/li>\n<\/ul>\n<h6><\/h6>\n<p>&nbsp;<\/p>\n<p>&nbsp;<\/p>\n<h6 class=\"av-special-heading-tag\">visita, sociales, arte, patrimonio, di\u00e1logo<\/h6>\n<div class=\"special-heading-border\"><\/div>\n<p>[\/et_pb_text][\/et_pb_column][et_pb_column type=\u00bb2_5&#8243; _builder_version=\u00bb4.0.7&#8243;][et_pb_image src=\u00bbhttps:\/\/museus.esplugues.cat\/wp-content\/uploads\/2020\/02\/CT-200&#215;300-1.jpg\u00bb align=\u00bbcenter\u00bb _builder_version=\u00bb4.2&#8243;][\/et_pb_image][\/et_pb_column][\/et_pb_row][\/et_pb_section][et_pb_section fb_built=\u00bb1&#8243; _builder_version=\u00bb4.4.2&#8243; background_enable_color=\u00bboff\u00bb custom_margin=\u00bb0px||0px||false|false\u00bb custom_padding=\u00bb0px||0px||false|false\u00bb][et_pb_row custom_padding_last_edited=\u00bbon|phone\u00bb _builder_version=\u00bb4.0.7&#8243; custom_margin=\u00bb0px||0px||false|false\u00bb custom_padding=\u00bb30px||0px||false|false\u00bb custom_padding_tablet=\u00bb\u00bb custom_padding_phone=\u00bb\u00bb border_width_bottom=\u00bb1px\u00bb border_color_bottom=\u00bb#8C944D\u00bb border_style_bottom=\u00bbdotted\u00bb][et_pb_column type=\u00bb4_4&#8243; _builder_version=\u00bb4.0.7&#8243;][et_pb_text _builder_version=\u00bb4.4.7&#8243; header_2_font=\u00bb|300|||||||\u00bb header_2_font_size=\u00bb30px\u00bb header_2_font_size_tablet=\u00bb\u00bb header_2_font_size_phone=\u00bb25px\u00bb header_2_font_size_last_edited=\u00bbon|phone\u00bb]<\/p>\n<h2>Visita guiada al Museo de cer\u00e1mica \u201cLa Rajoleta\u201d<\/h2>\n<p>[\/et_pb_text][\/et_pb_column][\/et_pb_row][et_pb_row column_structure=\u00bb3_5,2_5&#8243; use_custom_gutter=\u00bbon\u00bb gutter_width=\u00bb4&#8243; _builder_version=\u00bb4.0.7&#8243; custom_padding=\u00bb||53px|||\u00bb][et_pb_column type=\u00bb3_5&#8243; _builder_version=\u00bb4.0.7&#8243;][et_pb_text _builder_version=\u00bb4.4.7&#8243; header_3_font=\u00bb|300||on|||||\u00bb]<\/p>\n<p>La visita a \u00abRajoleta\u00bb pone en valor la tradici\u00f3n ceramista de Esplugues. Durante la visita haremos un recorrido por la evoluci\u00f3n tecnol\u00f3gica de la industria cer\u00e1mica catalana durante 100 a\u00f1os, gracias a la diversidad de hornos del recinto, y para la producci\u00f3n de la f\u00e1brica que fue una de las m\u00e1s relevantes del Modernismo catal\u00e1n.<\/p>\n<p>&nbsp;<\/p>\n<ul>\n<li>Duraci\u00f3n: 1 h<\/li>\n<li>Museo de cer\u00e1mica \u00abLa Rajoleta\u00bb<\/li>\n<li><em>Opci\u00f3n de visita combinada: Museo<\/em><br \/><em>Can Tintur\u00e9 + \u00abLa Rajoleta\u00bb 2h<\/em><\/li>\n<\/ul>\n<p>&nbsp;<\/p>\n<h6 class=\"av-special-heading-tag\">visita, sociales, arte, patrimonio, di\u00e1logo<\/h6>\n<div class=\"special-heading-border\"><\/div>\n<div class=\"special-heading-border\"><\/div>\n<p>[\/et_pb_text][\/et_pb_column][et_pb_column type=\u00bb2_5&#8243; _builder_version=\u00bb4.0.7&#8243;][et_pb_image src=\u00bbhttps:\/\/museus.esplugues.cat\/wp-content\/uploads\/2020\/02\/VLaRajoleta3-200&#215;300-1.jpg\u00bb align=\u00bbcenter\u00bb _builder_version=\u00bb4.2&#8243;][\/et_pb_image][\/et_pb_column][\/et_pb_row][\/et_pb_section]<\/p>\n","protected":false},"excerpt":{"rendered":"<p>Bachillerato y Ciclos FormativosVisita guiada al Museo Can Tintur\u00e9La visita a Can Tintur\u00e9 descubre un objeto sencillo, la baldosa de muestra, y despierta la conciencia de los alumnos sobre como un elemento cotidiano ha convertido en objeto de museo. &nbsp; Duraci\u00f3n: 1 h Museo Can Tintur\u00e9 Opci\u00f3n de visita combinada: Museo Can Tintur\u00e9 + \u00abLa [&hellip;]<\/p>\n","protected":false},"author":2,"featured_media":0,"parent":0,"menu_order":0,"comment_status":"closed","ping_status":"closed","template":"","meta":{"_et_pb_use_builder":"on","_et_pb_old_content":"","_et_gb_content_width":"","_uag_custom_page_level_css":"","footnotes":""},"class_list":["post-28179","page","type-page","status-publish","hentry"],"uagb_featured_image_src":{"full":false,"thumbnail":false,"medium":false,"medium_large":false,"large":false,"1536x1536":false,"2048x2048":false,"et-pb-post-main-image":false,"et-pb-post-main-image-fullwidth":false,"et-pb-portfolio-image":false,"et-pb-portfolio-module-image":false,"et-pb-portfolio-image-single":false,"et-pb-gallery-module-image-portrait":false,"et-pb-post-main-image-fullwidth-large":false,"et-pb-image--responsive--desktop":false,"et-pb-image--responsive--tablet":false,"et-pb-image--responsive--phone":false},"uagb_author_info":{"display_name":"empiezapori","author_link":"https:\/\/museus.esplugues.cat\/es\/author\/empiezapori"},"uagb_comment_info":0,"uagb_excerpt":"Bachillerato y Ciclos FormativosVisita guiada al Museo Can Tintur\u00e9La visita a Can Tintur\u00e9 descubre un objeto sencillo, la baldosa de muestra, y despierta la conciencia de los alumnos sobre como un elemento cotidiano ha convertido en objeto de museo. &nbsp; Duraci\u00f3n: 1 h Museo Can Tintur\u00e9 Opci\u00f3n de visita combinada: Museo Can Tintur\u00e9 + \"La&hellip;","_links":{"self":[{"href":"https:\/\/museus.esplugues.cat\/es\/wp-json\/wp\/v2\/pages\/28179","targetHints":{"allow":["GET"]}}],"collection":[{"href":"https:\/\/museus.esplugues.cat\/es\/wp-json\/wp\/v2\/pages"}],"about":[{"href":"https:\/\/museus.esplugues.cat\/es\/wp-json\/wp\/v2\/types\/page"}],"author":[{"embeddable":true,"href":"https:\/\/museus.esplugues.cat\/es\/wp-json\/wp\/v2\/users\/2"}],"replies":[{"embeddable":true,"href":"https:\/\/museus.esplugues.cat\/es\/wp-json\/wp\/v2\/comments?post=28179"}],"version-history":[{"count":5,"href":"https:\/\/museus.esplugues.cat\/es\/wp-json\/wp\/v2\/pages\/28179\/revisions"}],"predecessor-version":[{"id":33763,"href":"https:\/\/museus.esplugues.cat\/es\/wp-json\/wp\/v2\/pages\/28179\/revisions\/33763"}],"wp:attachment":[{"href":"https:\/\/museus.esplugues.cat\/es\/wp-json\/wp\/v2\/media?parent=28179"}],"curies":[{"name":"wp","href":"https:\/\/api.w.org\/{rel}","templated":true}]}}