{"id":28183,"date":"2020-06-08T13:50:07","date_gmt":"2020-06-08T11:50:07","guid":{"rendered":"https:\/\/museus.esplugues.cat\/la-memoria-de-la-ciudad"},"modified":"2024-06-17T14:05:26","modified_gmt":"2024-06-17T12:05:26","slug":"la-memoria-de-la-ciudad","status":"publish","type":"page","link":"https:\/\/museus.esplugues.cat\/es\/educacion\/la-memoria-de-la-ciudad","title":{"rendered":"La memoria de la ciudad"},"content":{"rendered":"<p>[et_pb_section fb_built=\u00bb1&#8243; _builder_version=\u00bb4.16&#8243; background_color=\u00bb#eeefe4&#8243; custom_margin_tablet=\u00bb\u00bb custom_margin_phone=\u00bb0px||0px||false|false\u00bb custom_margin_last_edited=\u00bbon|phone\u00bb custom_padding=\u00bb0px||0px||false|false\u00bb global_colors_info=\u00bb{}\u00bb][et_pb_row column_structure=\u00bb2_3,1_3&#8243; _builder_version=\u00bb4.16&#8243; global_colors_info=\u00bb{}\u00bb][et_pb_column type=\u00bb2_3&#8243; _builder_version=\u00bb4.16&#8243; global_colors_info=\u00bb{}\u00bb][et_pb_text _builder_version=\u00bb4.16&#8243; header_font=\u00bb|300|||||||\u00bb header_font_size=\u00bb50px\u00bb custom_margin_tablet=\u00bb\u00bb custom_margin_phone=\u00bb0px||0px||false|false\u00bb custom_margin_last_edited=\u00bbon|phone\u00bb custom_padding=\u00bb0px||0px||false|false\u00bb header_font_size_tablet=\u00bb\u00bb header_font_size_phone=\u00bb35px\u00bb header_font_size_last_edited=\u00bbon|phone\u00bb global_colors_info=\u00bb{}\u00bb]<\/p>\n<h1>La memoria de la ciudad<\/h1>\n<p>[\/et_pb_text][\/et_pb_column][et_pb_column type=\u00bb1_3&#8243; _builder_version=\u00bb4.16&#8243; global_colors_info=\u00bb{}\u00bb][et_pb_button button_url=\u00bbhttps:\/\/museus.esplugues.cat\/formulari-dinformacio-i-o-pre-reserva\u00bb url_new_window=\u00bbon\u00bb button_text=\u00bbFormulari pre-reserva\u00bb button_alignment=\u00bbcenter\u00bb _builder_version=\u00bb4.16&#8243; custom_margin=\u00bb5px|0px|0px|0px|false|false\u00bb global_colors_info=\u00bb{}\u00bb][\/et_pb_button][\/et_pb_column][\/et_pb_row][\/et_pb_section][et_pb_section fb_built=\u00bb1&#8243; _builder_version=\u00bb4.16&#8243; background_color=\u00bb#efefef\u00bb custom_margin=\u00bb0px||0px||false|false\u00bb custom_padding=\u00bb0px||0px||false|false\u00bb global_colors_info=\u00bb{}\u00bb][et_pb_row custom_padding_last_edited=\u00bbon|phone\u00bb _builder_version=\u00bb4.16&#8243; custom_margin=\u00bb0px||0px||false|false\u00bb custom_padding=\u00bb30px||0px||false|false\u00bb custom_padding_tablet=\u00bb\u00bb custom_padding_phone=\u00bb\u00bb border_width_bottom=\u00bb1px\u00bb border_color_bottom=\u00bb#8C944D\u00bb border_style_bottom=\u00bbdotted\u00bb global_colors_info=\u00bb{}\u00bb][et_pb_column type=\u00bb4_4&#8243; _builder_version=\u00bb4.16&#8243; global_colors_info=\u00bb{}\u00bb][et_pb_text _builder_version=\u00bb4.16&#8243; header_2_font=\u00bb|300|||||||\u00bb header_2_font_size=\u00bb30px\u00bb header_2_font_size_tablet=\u00bb\u00bb header_2_font_size_phone=\u00bb25px\u00bb header_2_font_size_last_edited=\u00bbon|phone\u00bb global_colors_info=\u00bb{}\u00bb]<\/p>\n<h2>La m\u00e0 d&#8217;Esplugues, ruta hist\u00f2rica de la ciutat<\/h2>\n<p>[\/et_pb_text][\/et_pb_column][\/et_pb_row][et_pb_row column_structure=\u00bb3_5,2_5&#8243; use_custom_gutter=\u00bbon\u00bb gutter_width=\u00bb4&#8243; _builder_version=\u00bb4.16&#8243; custom_padding=\u00bb||53px|||\u00bb global_colors_info=\u00bb{}\u00bb][et_pb_column type=\u00bb3_5&#8243; _builder_version=\u00bb4.16&#8243; global_colors_info=\u00bb{}\u00bb][et_pb_text _builder_version=\u00bb4.25.1&#8243; header_3_font=\u00bb|300||on|||||\u00bb global_colors_info=\u00bb{}\u00bb]<\/p>\n<p>Un recorrido por el centro hist\u00f3rico de Esplugues para reivindicar el valor patrimonial de algunos lugares por los que pasamos cada d\u00eda, como Can Casanovas o el molino del Parc dels Torrents, y conocer un poco mejor la historia de nuestra ciudad.<\/p>\n<ul>\n<li>Duraci\u00f3n: 2 h \/ Barrio Centro de Esplugues<\/li>\n<li>Punto de encuentro: Museo Can Tintur\u00e9<\/li>\n<li>ESO &#8211; Bachillerato &#8211; Ciclos formativos<\/li>\n<\/ul>\n<p>&nbsp;<\/p>\n<p>itinerario, sociales, patrimonio, arquitectura<\/p>\n<h6 class=\"av-special-heading-tag\">\u00a0<\/h6>\n<h6 class=\"av-special-heading-tag\">\u00a0<\/h6>\n<h6 class=\"av-special-heading-tag\">\u00a0<\/h6>\n<div class=\"special-heading-border\">\u00a0<\/div>\n<p>[\/et_pb_text][\/et_pb_column][et_pb_column type=\u00bb2_5&#8243; _builder_version=\u00bb4.16&#8243; global_colors_info=\u00bb{}\u00bb][et_pb_image src=\u00bbhttps:\/\/museus.esplugues.cat\/wp-content\/uploads\/2020\/04\/museus-esplugues-MAEsplugues1.jpg\u00bb align=\u00bbcenter\u00bb _builder_version=\u00bb4.16&#8243; max_width=\u00bb54%\u00bb global_colors_info=\u00bb{}\u00bb][\/et_pb_image][\/et_pb_column][\/et_pb_row][\/et_pb_section][et_pb_section fb_built=\u00bb1&#8243; _builder_version=\u00bb4.16&#8243; custom_margin=\u00bb0px||0px||false|false\u00bb custom_padding=\u00bb0px||30px||false|false\u00bb global_colors_info=\u00bb{}\u00bb][et_pb_row custom_padding_last_edited=\u00bbon|phone\u00bb _builder_version=\u00bb4.16&#8243; custom_margin=\u00bb0px||0px||false|false\u00bb custom_padding=\u00bb30px||0px||false|false\u00bb custom_padding_tablet=\u00bb\u00bb custom_padding_phone=\u00bb\u00bb border_width_bottom=\u00bb1px\u00bb border_color_bottom=\u00bb#8C944D\u00bb border_style_bottom=\u00bbdotted\u00bb global_colors_info=\u00bb{}\u00bb][et_pb_column type=\u00bb4_4&#8243; _builder_version=\u00bb4.16&#8243; global_colors_info=\u00bb{}\u00bb][et_pb_text _builder_version=\u00bb4.16&#8243; header_2_font=\u00bb|300|||||||\u00bb header_2_font_size=\u00bb30px\u00bb header_2_font_size_tablet=\u00bb\u00bb header_2_font_size_phone=\u00bb25px\u00bb header_2_font_size_last_edited=\u00bbon|phone\u00bb global_colors_info=\u00bb{}\u00bb]<\/p>\n<h2>La monta\u00f1a de Sant Pere M\u00e0rtir. Memoria de una guerra<\/h2>\n<p>[\/et_pb_text][\/et_pb_column][\/et_pb_row][et_pb_row column_structure=\u00bb3_5,2_5&#8243; use_custom_gutter=\u00bbon\u00bb gutter_width=\u00bb4&#8243; _builder_version=\u00bb4.16&#8243; global_colors_info=\u00bb{}\u00bb][et_pb_column type=\u00bb3_5&#8243; _builder_version=\u00bb4.16&#8243; global_colors_info=\u00bb{}\u00bb][et_pb_text _builder_version=\u00bb4.25.1&#8243; header_3_font=\u00bb|300||on|||||\u00bb global_colors_info=\u00bb{}\u00bb]<\/p>\n<p>Itinerario hasta la cima de Collserola, que fue un punto estrat\u00e9gico durante la guerra civil espa\u00f1ola, y hoy es un espacio de memoria que nos permite recuperar algunos hechos y personas de esos tiempos convulsos.<\/p>\n<p>Durante la ruta trabajaremos la importancia de los valores democr\u00e1ticos, la cultura de la paz y el impacto de las guerras desde el pasado hasta la actualidad.<\/p>\n<p>Duraci\u00f3n: 2 h \/Sant PEre M\u00e0rtir<br \/>Punto de encuentro: pl. Mireia, Esplugues de Llobregat.<br \/>Primaria \u2014Ciclo superior de primaria, ESO y Bachillerato<\/p>\n<p>&nbsp;<\/p>\n<p>itinerario, sociales, naturales, historia local<\/p>\n<h6>\u00a0<\/h6>\n<p>[\/et_pb_text][\/et_pb_column][et_pb_column type=\u00bb2_5&#8243; _builder_version=\u00bb4.16&#8243; global_colors_info=\u00bb{}\u00bb][et_pb_image src=\u00bbhttps:\/\/museus.esplugues.cat\/wp-content\/uploads\/2020\/04\/Vista-duna-de-les-plataformes-de-la-bateria-antiaeria-de-St-Pere-M\u00e0rtir.jpg\u00bb align=\u00bbcenter\u00bb _builder_version=\u00bb4.16&#8243; global_colors_info=\u00bb{}\u00bb][\/et_pb_image][\/et_pb_column][\/et_pb_row][\/et_pb_section][et_pb_section fb_built=\u00bb1&#8243; _builder_version=\u00bb4.16&#8243; background_color=\u00bb#efefef\u00bb custom_margin=\u00bb0px||0px||false|false\u00bb custom_padding=\u00bb0px||0px||false|false\u00bb global_colors_info=\u00bb{}\u00bb][et_pb_row custom_padding_last_edited=\u00bbon|phone\u00bb _builder_version=\u00bb4.16&#8243; custom_margin=\u00bb0px||0px||false|false\u00bb custom_padding=\u00bb30px||0px||false|false\u00bb custom_padding_tablet=\u00bb\u00bb custom_padding_phone=\u00bb\u00bb border_width_bottom=\u00bb1px\u00bb border_color_bottom=\u00bb#8C944D\u00bb border_style_bottom=\u00bbdotted\u00bb global_colors_info=\u00bb{}\u00bb][et_pb_column type=\u00bb4_4&#8243; _builder_version=\u00bb4.16&#8243; global_colors_info=\u00bb{}\u00bb][et_pb_text _builder_version=\u00bb4.25.1&#8243; header_2_font=\u00bb|300|||||||\u00bb header_2_font_size=\u00bb30px\u00bb header_2_font_size_tablet=\u00bb\u00bb header_2_font_size_phone=\u00bb25px\u00bb header_2_font_size_last_edited=\u00bbon|phone\u00bb global_colors_info=\u00bb{}\u00bb]<\/p>\n<h2>Esplugues 1936- 1939. Vivir en guerra<\/h2>\n<p>[\/et_pb_text][\/et_pb_column][\/et_pb_row][et_pb_row column_structure=\u00bb3_5,2_5&#8243; use_custom_gutter=\u00bbon\u00bb gutter_width=\u00bb4&#8243; _builder_version=\u00bb4.16&#8243; custom_padding=\u00bb||53px|||\u00bb global_colors_info=\u00bb{}\u00bb][et_pb_column type=\u00bb3_5&#8243; _builder_version=\u00bb4.16&#8243; global_colors_info=\u00bb{}\u00bb][et_pb_text _builder_version=\u00bb4.25.1&#8243; header_3_font=\u00bb|300||on|||||\u00bb global_colors_info=\u00bb{}\u00bb]<\/p>\n<p>Ruta urbana que relata el impacto de la Guerra Civil Espa\u00f1ola (1936-1939) en la ciudad, construida a partir de los testigos reales y otras fuentes. Un itinerario desde un punto de vista humano para acercarnos a la vida en la retaguardia.<\/p>\n<p>Durante la actividad se trabajar\u00e1 la diferencia entre historia y memoria, as\u00ed como los valores democr\u00e1ticos y de la cultura de la paz.<\/p>\n<ul>\n<li>Duraci\u00f3n: 1,5\u00a0 h \/ Barrio Centro de Esplugues<\/li>\n<li>Punto de encuentro: Museo Can Tintur\u00e9.<\/li>\n<li>ESO &#8211; Bachillerato &#8211; Ciclos formativos<\/li>\n<\/ul>\n<p>itinerario, sociales, patrimonio, arquitectura<\/p>\n<h6 class=\"av-special-heading-tag\">\u00a0<\/h6>\n<h6 class=\"av-special-heading-tag\">\u00a0<\/h6>\n<h6 class=\"av-special-heading-tag\">\u00a0<\/h6>\n<div class=\"special-heading-border\">\u00a0<\/div>\n<p>[\/et_pb_text][\/et_pb_column][et_pb_column type=\u00bb2_5&#8243; _builder_version=\u00bb4.16&#8243; global_colors_info=\u00bb{}\u00bb][et_pb_image src=\u00bbhttps:\/\/museus.esplugues.cat\/wp-content\/uploads\/2024\/06\/1936-1939-scaled.jpg\u00bb title_text=\u00bb1936-1939&#8243; align=\u00bbcenter\u00bb _builder_version=\u00bb4.25.1&#8243; max_width=\u00bb54%\u00bb global_colors_info=\u00bb{}\u00bb][\/et_pb_image][\/et_pb_column][\/et_pb_row][\/et_pb_section][et_pb_section fb_built=\u00bb1&#8243; _builder_version=\u00bb4.16&#8243; custom_margin=\u00bb0px||0px||false|false\u00bb custom_padding=\u00bb0px||30px||false|false\u00bb global_colors_info=\u00bb{}\u00bb][et_pb_row custom_padding_last_edited=\u00bbon|phone\u00bb _builder_version=\u00bb4.16&#8243; custom_margin=\u00bb0px||0px||false|false\u00bb custom_padding=\u00bb30px||0px||false|false\u00bb custom_padding_tablet=\u00bb\u00bb custom_padding_phone=\u00bb\u00bb border_width_bottom=\u00bb1px\u00bb border_color_bottom=\u00bb#8C944D\u00bb border_style_bottom=\u00bbdotted\u00bb global_colors_info=\u00bb{}\u00bb][et_pb_column type=\u00bb4_4&#8243; _builder_version=\u00bb4.16&#8243; global_colors_info=\u00bb{}\u00bb][et_pb_text _builder_version=\u00bb4.16&#8243; header_2_font=\u00bb|300|||||||\u00bb header_2_font_size=\u00bb30px\u00bb header_2_font_size_tablet=\u00bb\u00bb header_2_font_size_phone=\u00bb25px\u00bb header_2_font_size_last_edited=\u00bbon|phone\u00bb global_colors_info=\u00bb{}\u00bb]<\/p>\n<h2>Visita a l&#8217;Arxiu Hist\u00f2ric<\/h2>\n<p>[\/et_pb_text][\/et_pb_column][\/et_pb_row][et_pb_row column_structure=\u00bb3_5,2_5&#8243; use_custom_gutter=\u00bbon\u00bb gutter_width=\u00bb4&#8243; _builder_version=\u00bb4.16&#8243; global_colors_info=\u00bb{}\u00bb][et_pb_column type=\u00bb3_5&#8243; _builder_version=\u00bb4.16&#8243; global_colors_info=\u00bb{}\u00bb][et_pb_text _builder_version=\u00bb4.16&#8243; header_3_font=\u00bb|300||on|||||\u00bb global_colors_info=\u00bb{}\u00bb]<\/p>\n<p>Visitaremos las instalaciones del Archivo Municipal para ver su funcionamiento como instituci\u00f3n para la conservaci\u00f3n de la memoria local y para introducirnos en la riqueza de sus fondos. Los diversos fondos depositados corresponden a documentaci\u00f3n del Ayuntamiento, de personas, de empresas y de asociaciones, as\u00ed como las colecciones de carteles, folletos, im\u00e1genes&#8230;<\/p>\n<ul>\n<li>Duraci\u00f3n: 1 h &#8211; Actividad gratuita<\/li>\n<li>Primaria &#8211; ESO &#8211; Bachillerato &#8211; Ciclos formativos<\/li>\n<\/ul>\n<p>visita, sociales, fondos primarias, patrimonio, historia local<\/p>\n<h6>\u00a0<\/h6>\n<p>[\/et_pb_text][\/et_pb_column][et_pb_column type=\u00bb2_5&#8243; _builder_version=\u00bb4.16&#8243; global_colors_info=\u00bb{}\u00bb][et_pb_image src=\u00bbhttps:\/\/museus.esplugues.cat\/wp-content\/uploads\/2020\/04\/ARxiu1.jpg\u00bb align=\u00bbcenter\u00bb _builder_version=\u00bb4.16&#8243; global_colors_info=\u00bb{}\u00bb][\/et_pb_image][\/et_pb_column][\/et_pb_row][et_pb_row _builder_version=\u00bb4.25.1&#8243; _module_preset=\u00bbdefault\u00bb column_structure=\u00bb1_3,1_3,1_3&#8243;][et_pb_column _builder_version=\u00bb4.25.1&#8243; _module_preset=\u00bbdefault\u00bb type=\u00bb1_3&#8243;][\/et_pb_column][et_pb_column _builder_version=\u00bb4.25.1&#8243; _module_preset=\u00bbdefault\u00bb type=\u00bb1_3&#8243;][et_pb_button button_text=\u00bbVolver a la p\u00e1gina principal\u00bb _builder_version=\u00bb4.25.1&#8243; _module_preset=\u00bbdefault\u00bb button_url=\u00bb@ET-DC@eyJkeW5hbWljIjp0cnVlLCJjb250ZW50IjoicG9zdF9saW5rX3VybF9wYWdlIiwic2V0dGluZ3MiOnsicG9zdF9pZCI6IjI2OTA0In19@\u00bb _dynamic_attributes=\u00bbbutton_url\u00bb hover_enabled=\u00bb0&#8243; sticky_enabled=\u00bb0&#8243;][\/et_pb_button][\/et_pb_column][et_pb_column _builder_version=\u00bb4.25.1&#8243; _module_preset=\u00bbdefault\u00bb type=\u00bb1_3&#8243;][\/et_pb_column][\/et_pb_row][\/et_pb_section]<\/p>\n","protected":false},"excerpt":{"rendered":"<p>La memoria de la ciudadLa m\u00e0 d&#8217;Esplugues, ruta hist\u00f2rica de la ciutatUn recorrido por el centro hist\u00f3rico de Esplugues para reivindicar el valor patrimonial de algunos lugares por los que pasamos cada d\u00eda, como Can Casanovas o el molino del Parc dels Torrents, y conocer un poco mejor la historia de nuestra ciudad. Duraci\u00f3n: 2 [&hellip;]<\/p>\n","protected":false},"author":2,"featured_media":0,"parent":28161,"menu_order":0,"comment_status":"closed","ping_status":"closed","template":"","meta":{"_et_pb_use_builder":"on","_et_pb_old_content":"","_et_gb_content_width":"","_uag_custom_page_level_css":"","footnotes":""},"class_list":["post-28183","page","type-page","status-publish","hentry"],"uagb_featured_image_src":{"full":false,"thumbnail":false,"medium":false,"medium_large":false,"large":false,"1536x1536":false,"2048x2048":false,"et-pb-post-main-image":false,"et-pb-post-main-image-fullwidth":false,"et-pb-portfolio-image":false,"et-pb-portfolio-module-image":false,"et-pb-portfolio-image-single":false,"et-pb-gallery-module-image-portrait":false,"et-pb-post-main-image-fullwidth-large":false,"et-pb-image--responsive--desktop":false,"et-pb-image--responsive--tablet":false,"et-pb-image--responsive--phone":false},"uagb_author_info":{"display_name":"empiezapori","author_link":"https:\/\/museus.esplugues.cat\/es\/author\/empiezapori"},"uagb_comment_info":0,"uagb_excerpt":"La memoria de la ciudadLa m\u00e0 d'Esplugues, ruta hist\u00f2rica de la ciutatUn recorrido por el centro hist\u00f3rico de Esplugues para reivindicar el valor patrimonial de algunos lugares por los que pasamos cada d\u00eda, como Can Casanovas o el molino del Parc dels Torrents, y conocer un poco mejor la historia de nuestra ciudad. Duraci\u00f3n: 2&hellip;","_links":{"self":[{"href":"https:\/\/museus.esplugues.cat\/es\/wp-json\/wp\/v2\/pages\/28183","targetHints":{"allow":["GET"]}}],"collection":[{"href":"https:\/\/museus.esplugues.cat\/es\/wp-json\/wp\/v2\/pages"}],"about":[{"href":"https:\/\/museus.esplugues.cat\/es\/wp-json\/wp\/v2\/types\/page"}],"author":[{"embeddable":true,"href":"https:\/\/museus.esplugues.cat\/es\/wp-json\/wp\/v2\/users\/2"}],"replies":[{"embeddable":true,"href":"https:\/\/museus.esplugues.cat\/es\/wp-json\/wp\/v2\/comments?post=28183"}],"version-history":[{"count":5,"href":"https:\/\/museus.esplugues.cat\/es\/wp-json\/wp\/v2\/pages\/28183\/revisions"}],"predecessor-version":[{"id":42082,"href":"https:\/\/museus.esplugues.cat\/es\/wp-json\/wp\/v2\/pages\/28183\/revisions\/42082"}],"up":[{"embeddable":true,"href":"https:\/\/museus.esplugues.cat\/es\/wp-json\/wp\/v2\/pages\/28161"}],"wp:attachment":[{"href":"https:\/\/museus.esplugues.cat\/es\/wp-json\/wp\/v2\/media?parent=28183"}],"curies":[{"name":"wp","href":"https:\/\/api.w.org\/{rel}","templated":true}]}}