{"id":28723,"date":"2020-06-12T10:50:10","date_gmt":"2020-06-12T08:50:10","guid":{"rendered":"https:\/\/museus.esplugues.cat\/patrimonio"},"modified":"2020-07-01T13:54:24","modified_gmt":"2020-07-01T11:54:24","slug":"patrimonio","status":"publish","type":"page","link":"https:\/\/museus.esplugues.cat\/es\/patrimonio","title":{"rendered":"Patrimonio"},"content":{"rendered":"<p>[et_pb_section fb_built=\u00bb1&#8243; _builder_version=\u00bb4.4.2&#8243; use_background_color_gradient=\u00bbon\u00bb background_color_gradient_start=\u00bb#8c944d\u00bb background_color_gradient_end=\u00bbrgba(140,148,77,0.21)\u00bb background_color_gradient_direction=\u00bb130deg\u00bb background_color_gradient_start_position=\u00bb49%\u00bb background_color_gradient_end_position=\u00bb18%\u00bb background_image=\u00bbhttps:\/\/museus.esplugues.cat\/wp-content\/uploads\/2020\/05\/Cap\u00e7alera.jpg\u00bb background_blend=\u00bbmultiply\u00bb custom_padding=\u00bb0px|||||\u00bb][et_pb_row column_structure=\u00bb2_3,1_3&#8243; _builder_version=\u00bb4.0.7&#8243;][et_pb_column type=\u00bb2_3&#8243; _builder_version=\u00bb4.0.7&#8243;][et_pb_text _builder_version=\u00bb4.4.2&#8243; header_font=\u00bb|300|||||||\u00bb header_text_color=\u00bb#ffffff\u00bb header_font_size=\u00bb50px\u00bb custom_padding=\u00bb48px|||||\u00bb header_font_size_tablet=\u00bb\u00bb header_font_size_phone=\u00bb30px\u00bb header_font_size_last_edited=\u00bbon|desktop\u00bb]<\/p>\n<h1>Patrimonio<\/h1>\n<p>[\/et_pb_text][\/et_pb_column][et_pb_column type=\u00bb1_3&#8243; _builder_version=\u00bb4.0.7&#8243;][et_pb_button button_url=\u00bb#ruta\u00bb button_text=\u00bbRuta hist\u00f3rica de La m\u00e0 d&#8217;Esplugues\u00bb button_alignment=\u00bbcenter\u00bb _builder_version=\u00bb4.4.7&#8243; custom_margin=\u00bb13px||13px||true|false\u00bb][\/et_pb_button][et_pb_button button_url=\u00bb#bateries\u00bb button_text=\u00bbBater\u00edas antia\u00e9reas de Sant Pere M\u00e0rtir\u00bb button_alignment=\u00bbcenter\u00bb _builder_version=\u00bb4.4.7&#8243; custom_margin=\u00bb13px||13px||true|false\u00bb][\/et_pb_button][et_pb_button button_url=\u00bb#monestir\u00bb button_text=\u00bbMonasterio de Montsi\u00f3\u00bb button_alignment=\u00bbcenter\u00bb _builder_version=\u00bb4.4.7&#8243; custom_margin=\u00bb19px||19px||true|false\u00bb][\/et_pb_button][\/et_pb_column][\/et_pb_row][\/et_pb_section][et_pb_section fb_built=\u00bb1&#8243; _builder_version=\u00bb4.0.7&#8243; custom_margin=\u00bb-31px||0px||false|false\u00bb custom_padding=\u00bb0px||0px||false|false\u00bb][et_pb_row _builder_version=\u00bb4.4.2&#8243; custom_padding=\u00bb||8px|||\u00bb][et_pb_column type=\u00bb4_4&#8243; _builder_version=\u00bb4.4.2&#8243;][et_pb_text _builder_version=\u00bb4.4.7&#8243;]<\/p>\n<blockquote>\n<p>Los Museos de Esplugues gestionan directamente los siguientes recursos patrimoniales de Esplugues<\/p>\n<\/blockquote>\n<p>[\/et_pb_text][\/et_pb_column][\/et_pb_row][et_pb_row _builder_version=\u00bb4.4.2&#8243; custom_padding=\u00bb10px|||||\u00bb][et_pb_column type=\u00bb4_4&#8243; _builder_version=\u00bb4.4.2&#8243;][et_pb_text module_id=\u00bbruta\u00bb _builder_version=\u00bb4.4.7&#8243; header_3_font=\u00bb||||||||\u00bb custom_margin=\u00bb||-17px|||\u00bb custom_padding=\u00bb||16px|||\u00bb]<\/p>\n<h3>Ruta hist\u00f3rica de La m\u00e0 d&#8217;Esplugues<\/h3>\n<p>[\/et_pb_text][et_pb_divider _builder_version=\u00bb4.4.2&#8243; custom_margin=\u00bb||-17px|||\u00bb custom_padding=\u00bb||0px|||\u00bb][\/et_pb_divider][\/et_pb_column][\/et_pb_row][et_pb_row column_structure=\u00bb2_5,3_5&#8243; use_custom_gutter=\u00bbon\u00bb gutter_width=\u00bb3&#8243; _builder_version=\u00bb4.0.7&#8243; custom_padding=\u00bb5px|||||\u00bb][et_pb_column type=\u00bb2_5&#8243; _builder_version=\u00bb4.0.7&#8243;][et_pb_text _builder_version=\u00bb4.4.7&#8243; header_3_font=\u00bb|300||on|||||\u00bb custom_margin=\u00bb||11px|||\u00bb custom_padding=\u00bb||9px|||\u00bb]<\/p>\n<p>Recorrido por el centro hist\u00f3rico de la ciudad, en el que descubriremos peque\u00f1os tesoros escondidos, y nos adentraremos en un pedazo de la historia de la ciudad. El itinerario, que incluye 16 rincones emblem\u00e1ticos del centro hist\u00f3rico de Esplugues, puede realizarse de manera aut\u00f3noma con la ayuda de su <em>smartphone<\/em> mediante la descarga de un c\u00f3digo QR del que obtendr\u00e1 informaci\u00f3n b\u00e1sica tres idiomas (catal\u00e1n, castellano e ingl\u00e9s), as\u00ed como permitir\u00e1 el uso del geolocalizador.<\/p>\n<p>Y tambi\u00e9n puede realizarse,\u00a0 de manera guiada el \u00faltimo domingo de mes excepto agosto (link a folleto). Punto de encuentro Museo Can Tintur\u00e9.<\/p>\n<p><strong>Informaci\u00f3n y reservas<\/strong> al 93 470 02 18 o <a href=\"mailto:museus@esplugues.cat\">museus@esplugues.cat<\/a><\/p>\n<p>[\/et_pb_text][et_pb_button button_url=\u00bbhttp:\/\/museus.esplugues.cat\/wp-content\/uploads\/2020\/05\/RUTA-historica-Esplugues-2017.pdf\u00bb url_new_window=\u00bbon\u00bb button_text=\u00bbFolleto\u00bb button_alignment=\u00bbleft\u00bb _builder_version=\u00bb4.4.7&#8243; hover_enabled=\u00bb0&#8243;][\/et_pb_button][et_pb_code _builder_version=\u00bb4.4.2&#8243;]<iframe loading=\"lazy\" style=\"border: 0;\" tabindex=\"0\" src=\"https:\/\/www.google.com\/maps\/embed?pb=!4v1589280098171!6m8!1m7!1s_802i2JfXpT7GIvDxowOdg!2m2!1d41.37892024549629!2d2.086520933661035!3f125.42!4f1.25!5f2.497718620273619\" width=\"400\" height=\"300\" frameborder=\"0\" allowfullscreen=\"allowfullscreen\" aria-hidden=\"false\"><\/iframe>[\/et_pb_code][\/et_pb_column][et_pb_column type=\u00bb3_5&#8243; _builder_version=\u00bb4.0.7&#8243;][et_pb_gallery gallery_ids=\u00bb30074,30070,30072&#8243; fullwidth=\u00bbon\u00bb _builder_version=\u00bb4.4.2&#8243; background_layout=\u00bbdark\u00bb width=\u00bb75%\u00bb module_alignment=\u00bbcenter\u00bb auto=\u00bbon\u00bb auto_speed=\u00bb2500&#8243;][\/et_pb_gallery][et_pb_code _builder_version=\u00bb4.4.2&#8243; width=\u00bb75%\u00bb module_alignment=\u00bbcenter\u00bb]<iframe loading=\"lazy\" src=\"https:\/\/www.youtube.com\/embed\/57MPc4Hnx0c\" width=\"560\" height=\"315\" frameborder=\"0\" allowfullscreen=\"allowfullscreen\"><\/iframe>[\/et_pb_code][\/et_pb_column][\/et_pb_row][\/et_pb_section][et_pb_section fb_built=\u00bb1&#8243; _builder_version=\u00bb4.4.2&#8243; background_color=\u00bb#F9F9F9&#8243; custom_margin=\u00bb0px||0px||false|false\u00bb custom_padding=\u00bb0px||0px||false|false\u00bb][et_pb_row _builder_version=\u00bb4.4.2&#8243; custom_padding=\u00bb10px||5px|||\u00bb][et_pb_column type=\u00bb4_4&#8243; _builder_version=\u00bb4.4.2&#8243;][et_pb_text module_id=\u00bbbateries\u00bb _builder_version=\u00bb4.4.7&#8243; header_3_font=\u00bb||||||||\u00bb custom_margin=\u00bb25px||-18px|||\u00bb custom_padding=\u00bb0px||13px|||\u00bb]<\/p>\n<h3>Bater\u00edas antia\u00e9reas de Sant Pere M\u00e0rtir<\/h3>\n<p>[\/et_pb_text][et_pb_divider _builder_version=\u00bb4.4.2&#8243; min_height=\u00bb8px\u00bb custom_padding=\u00bb||0px|||\u00bb][\/et_pb_divider][\/et_pb_column][\/et_pb_row][et_pb_row column_structure=\u00bb2_5,3_5&#8243; use_custom_gutter=\u00bbon\u00bb gutter_width=\u00bb3&#8243; _builder_version=\u00bb4.0.7&#8243; custom_padding=\u00bb5px|||||\u00bb][et_pb_column type=\u00bb2_5&#8243; _builder_version=\u00bb4.0.7&#8243;][et_pb_text _builder_version=\u00bb4.4.7&#8243; header_3_font=\u00bb|300||on|||||\u00bb custom_margin=\u00bb||11px|||\u00bb custom_padding=\u00bb||9px|||\u00bb]<\/p>\n<p>A lo largo del tiempo, la monta\u00f1a de Sant Pere M\u00e0rtir , situada dentro del Parque de Collserola, ha actuado como punto estrat\u00e9gico para la defensa de la ciudad de Barcelona y del \u00e1rea del Baix Llobregat. Durante la Guerra Civil, en Sant Pere M\u00e0rtir se construy\u00f3 una bater\u00eda antia\u00e9rea formada por tres bases de ca\u00f1\u00f3n o piezas de artiller\u00eda con el objetivo de abatir aviones enemigos. Hoy d\u00eda, dos de las plataformas defensivas se pueden visitar como espacio de memoria representativo de la lucha por la defensa de la democracia en Catalu\u00f1a.<\/p>\n<p>Visitas guiadas, primer domingo de mes excepto enero y agosto, \u00a0a las 11h.<\/p>\n<p><strong>Reserva previa<\/strong> al 93 470 18 o <a href=\"mailto:%20museus@esplugues.cat\">museus@esplugues.cat<\/a><\/p>\n<p>[\/et_pb_text][et_pb_button button_url=\u00bbhttp:\/\/museus.esplugues.cat\/wp-content\/uploads\/2020\/05\/Espais-de-mem\u00f2ria-Bateria-de-St.-Pere-M\u00e0rtir.-provisionalWEB.pdf\u00bb url_new_window=\u00bbon\u00bb button_text=\u00bbFolleto\u00bb button_alignment=\u00bbleft\u00bb _builder_version=\u00bb4.4.7&#8243; hover_enabled=\u00bb0&#8243;][\/et_pb_button][et_pb_code _builder_version=\u00bb4.4.2&#8243;]<iframe loading=\"lazy\" style=\"border: 0;\" tabindex=\"0\" src=\"https:\/\/www.google.com\/maps\/embed?pb=!4v1589280928409!6m8!1m7!1sWVaTBxWs8xkCLEeYLaW3dw!2m2!1d41.39652806439138!2d2.099581319956144!3f281.5765521437356!4f-5.9905554645790176!5f0.7820865974627469\" width=\"400\" height=\"300\" frameborder=\"0\" allowfullscreen=\"allowfullscreen\" aria-hidden=\"false\"><\/iframe>[\/et_pb_code][\/et_pb_column][et_pb_column type=\u00bb3_5&#8243; _builder_version=\u00bb4.0.7&#8243;][et_pb_gallery gallery_ids=\u00bb30078,30080&#8243; fullwidth=\u00bbon\u00bb _builder_version=\u00bb4.4.2&#8243; background_layout=\u00bbdark\u00bb width=\u00bb75%\u00bb module_alignment=\u00bbcenter\u00bb auto=\u00bbon\u00bb auto_speed=\u00bb2500&#8243;][\/et_pb_gallery][et_pb_image src=\u00bbhttps:\/\/museus.esplugues.cat\/wp-content\/uploads\/2020\/05\/XEM.jpg\u00bb url=\u00bbhttps:\/\/banc.memoria.gencat.cat\/ca\/app\/#\/maps\/map\/3&#8243; url_new_window=\u00bbon\u00bb _builder_version=\u00bb4.4.2&#8243; width=\u00bb55%\u00bb module_alignment=\u00bbcenter\u00bb][\/et_pb_image][\/et_pb_column][\/et_pb_row][\/et_pb_section][et_pb_section fb_built=\u00bb1&#8243; _builder_version=\u00bb4.4.2&#8243; background_enable_color=\u00bboff\u00bb custom_margin=\u00bb0px||0px||false|false\u00bb custom_padding=\u00bb0px||0px||false|false\u00bb][et_pb_row _builder_version=\u00bb4.4.2&#8243; custom_padding=\u00bb10px|||||\u00bb][et_pb_column type=\u00bb4_4&#8243; _builder_version=\u00bb4.4.2&#8243;][et_pb_text module_id=\u00bbmonestir\u00bb _builder_version=\u00bb4.4.7&#8243; header_3_font=\u00bb||||||||\u00bb custom_margin=\u00bb25px||-17px|||\u00bb custom_padding=\u00bb||12px|||\u00bb]<\/p>\n<h3>Monasterio de Santa Maria de Montsi\u00f3<\/h3>\n<p>[\/et_pb_text][et_pb_divider _builder_version=\u00bb4.4.2&#8243;][\/et_pb_divider][\/et_pb_column][\/et_pb_row][et_pb_row column_structure=\u00bb2_5,3_5&#8243; use_custom_gutter=\u00bbon\u00bb gutter_width=\u00bb3&#8243; _builder_version=\u00bb4.0.7&#8243; custom_margin=\u00bb-27px|auto||auto||\u00bb custom_padding=\u00bb5px|||||\u00bb][et_pb_column type=\u00bb2_5&#8243; _builder_version=\u00bb4.0.7&#8243;][et_pb_text _builder_version=\u00bb4.4.7&#8243; header_3_font=\u00bb|300||on|||||\u00bb custom_margin=\u00bb||11px|||\u00bb custom_padding=\u00bb||9px|||\u00bb]<\/p>\n<p>Conjunto arquitect\u00f3nico que incluye un claustro g\u00f3tico del siglo XIV, la iglesia conventual y la casa modernista de Can Casanovas obra del arquitecto Antoni Maria Galliss\u00e0.<\/p>\n<p>El claustro fue traslado en Esplugues en 1947 desde el Eixample de Barcelona para preservar su conservaci\u00f3n y su funcionamiento monacal en un entorno en ese momento semi-rural.<\/p>\n<p><strong>Horario<\/strong>: Entrada libre, \u00faltimo domingo de mes de 11 a 13h<\/p>\n<p>[\/et_pb_text][et_pb_button button_url=\u00bbhttp:\/\/museus.esplugues.cat\/wp-content\/uploads\/2020\/05\/Fullet-informatiu.-Monestir-de-Sta-Maria-de-Montsi\u00f3.pdf\u00bb url_new_window=\u00bbon\u00bb button_text=\u00bbFolleto\u00bb button_alignment=\u00bbleft\u00bb _builder_version=\u00bb4.4.7&#8243; hover_enabled=\u00bb0&#8243;][\/et_pb_button][\/et_pb_column][et_pb_column type=\u00bb3_5&#8243; _builder_version=\u00bb4.0.7&#8243;][et_pb_gallery gallery_ids=\u00bb30090,30088,30086&#8243; fullwidth=\u00bbon\u00bb _builder_version=\u00bb4.4.2&#8243; background_layout=\u00bbdark\u00bb width=\u00bb75%\u00bb module_alignment=\u00bbcenter\u00bb auto=\u00bbon\u00bb auto_speed=\u00bb2500&#8243;][\/et_pb_gallery][\/et_pb_column][\/et_pb_row][\/et_pb_section]<\/p>\n","protected":false},"excerpt":{"rendered":"<p>Patrimonio Los Museos de Esplugues gestionan directamente los siguientes recursos patrimoniales de Esplugues Ruta hist\u00f3rica de La m\u00e0 d&#8217;EspluguesRecorrido por el centro hist\u00f3rico de la ciudad, en el que descubriremos peque\u00f1os tesoros escondidos, y nos adentraremos en un pedazo de la historia de la ciudad. El itinerario, que incluye 16 rincones emblem\u00e1ticos del centro hist\u00f3rico [&hellip;]<\/p>\n","protected":false},"author":2,"featured_media":0,"parent":0,"menu_order":0,"comment_status":"closed","ping_status":"closed","template":"","meta":{"_et_pb_use_builder":"on","_et_pb_old_content":"","_et_gb_content_width":"","_uag_custom_page_level_css":"","footnotes":""},"class_list":["post-28723","page","type-page","status-publish","hentry"],"uagb_featured_image_src":{"full":false,"thumbnail":false,"medium":false,"medium_large":false,"large":false,"1536x1536":false,"2048x2048":false,"et-pb-post-main-image":false,"et-pb-post-main-image-fullwidth":false,"et-pb-portfolio-image":false,"et-pb-portfolio-module-image":false,"et-pb-portfolio-image-single":false,"et-pb-gallery-module-image-portrait":false,"et-pb-post-main-image-fullwidth-large":false,"et-pb-image--responsive--desktop":false,"et-pb-image--responsive--tablet":false,"et-pb-image--responsive--phone":false},"uagb_author_info":{"display_name":"empiezapori","author_link":"https:\/\/museus.esplugues.cat\/es\/author\/empiezapori"},"uagb_comment_info":0,"uagb_excerpt":"Patrimonio Los Museos de Esplugues gestionan directamente los siguientes recursos patrimoniales de Esplugues Ruta hist\u00f3rica de La m\u00e0 d'EspluguesRecorrido por el centro hist\u00f3rico de la ciudad, en el que descubriremos peque\u00f1os tesoros escondidos, y nos adentraremos en un pedazo de la historia de la ciudad. El itinerario, que incluye 16 rincones emblem\u00e1ticos del centro hist\u00f3rico&hellip;","_links":{"self":[{"href":"https:\/\/museus.esplugues.cat\/es\/wp-json\/wp\/v2\/pages\/28723","targetHints":{"allow":["GET"]}}],"collection":[{"href":"https:\/\/museus.esplugues.cat\/es\/wp-json\/wp\/v2\/pages"}],"about":[{"href":"https:\/\/museus.esplugues.cat\/es\/wp-json\/wp\/v2\/types\/page"}],"author":[{"embeddable":true,"href":"https:\/\/museus.esplugues.cat\/es\/wp-json\/wp\/v2\/users\/2"}],"replies":[{"embeddable":true,"href":"https:\/\/museus.esplugues.cat\/es\/wp-json\/wp\/v2\/comments?post=28723"}],"version-history":[{"count":5,"href":"https:\/\/museus.esplugues.cat\/es\/wp-json\/wp\/v2\/pages\/28723\/revisions"}],"predecessor-version":[{"id":30926,"href":"https:\/\/museus.esplugues.cat\/es\/wp-json\/wp\/v2\/pages\/28723\/revisions\/30926"}],"wp:attachment":[{"href":"https:\/\/museus.esplugues.cat\/es\/wp-json\/wp\/v2\/media?parent=28723"}],"curies":[{"name":"wp","href":"https:\/\/api.w.org\/{rel}","templated":true}]}}