{"id":29034,"date":"2020-06-17T11:28:15","date_gmt":"2020-06-17T09:28:15","guid":{"rendered":"https:\/\/museus.esplugues.cat\/19-bienal-de-ceramica-de-esplugues-angelina-alos"},"modified":"2020-06-22T11:56:47","modified_gmt":"2020-06-22T09:56:47","slug":"19-bienal-de-ceramica-de-esplugues-angelina-alos","status":"publish","type":"page","link":"https:\/\/museus.esplugues.cat\/es\/19-bienal-de-ceramica-de-esplugues-angelina-alos","title":{"rendered":"19 Bienal de cer\u00e1mica de Esplugues Angelina Al\u00f3s"},"content":{"rendered":"<p>[et_pb_section fb_built=\u00bb1&#8243; _builder_version=\u00bb4.4.7&#8243; background_color=\u00bb#eeefe4&#8243; custom_margin=\u00bb0px||0px||false|false\u00bb custom_padding=\u00bb0px||0px||false|false\u00bb][et_pb_row _builder_version=\u00bb4.4.7&#8243; custom_margin=\u00bb0px||0px||false|false\u00bb custom_padding=\u00bb0px||0px||false|false\u00bb][et_pb_column type=\u00bb4_4&#8243; _builder_version=\u00bb4.4.7&#8243;][et_pb_image src=\u00bbhttps:\/\/museus.esplugues.cat\/wp-content\/uploads\/2020\/06\/2.Cap_.19Biennal.jpg\u00bb title_text=\u00bb2.Cap.19Biennal\u00bb align=\u00bbcenter\u00bb _builder_version=\u00bb4.4.7&#8243;][\/et_pb_image][\/et_pb_column][\/et_pb_row][\/et_pb_section][et_pb_section fb_built=\u00bb1&#8243; _builder_version=\u00bb4.0.7&#8243; background_color=\u00bb#eeefe4&#8243; custom_margin_tablet=\u00bb\u00bb custom_margin_phone=\u00bb0px||0px||false|false\u00bb custom_margin_last_edited=\u00bbon|phone\u00bb custom_padding=\u00bb0px||0px||false|false\u00bb][et_pb_row _builder_version=\u00bb4.0.7&#8243; custom_padding=\u00bb||16px|||\u00bb][et_pb_column type=\u00bb4_4&#8243; _builder_version=\u00bb4.0.7&#8243;][et_pb_text _builder_version=\u00bb4.4.7&#8243; header_font=\u00bb|300|||||||\u00bb header_font_size=\u00bb50px\u00bb custom_margin_tablet=\u00bb\u00bb custom_margin_phone=\u00bb0px||0px||false|false\u00bb custom_margin_last_edited=\u00bbon|phone\u00bb custom_padding=\u00bb0px||0px||false|false\u00bb header_font_size_tablet=\u00bb\u00bb header_font_size_phone=\u00bb35px\u00bb header_font_size_last_edited=\u00bbon|phone\u00bb]<\/p>\n<h2 class=\"av-special-heading-tag\">19 BIENNAL DE CER\u00c1MICA DE ESPLUGUES ANGELINA AL\u00d3S<\/h2>\n<p>[\/et_pb_text][\/et_pb_column][\/et_pb_row][\/et_pb_section][et_pb_section fb_built=\u00bb1&#8243; _builder_version=\u00bb4.0.7&#8243; custom_margin=\u00bb0px||0px||false|false\u00bb custom_padding=\u00bb0px||0px||false|false\u00bb][et_pb_row custom_padding_last_edited=\u00bbon|phone\u00bb _builder_version=\u00bb4.0.7&#8243; custom_margin=\u00bb0px||0px||false|false\u00bb custom_padding=\u00bb30px||0px||false|false\u00bb custom_padding_tablet=\u00bb\u00bb custom_padding_phone=\u00bb\u00bb border_width_bottom=\u00bb1px\u00bb border_color_bottom=\u00bb#8C944D\u00bb border_style_bottom=\u00bbdotted\u00bb][et_pb_column type=\u00bb4_4&#8243; _builder_version=\u00bb4.0.7&#8243;][et_pb_text _builder_version=\u00bb4.4.7&#8243; header_2_font=\u00bb|300|||||||\u00bb header_2_font_size=\u00bb30px\u00bb header_2_font_size_tablet=\u00bb\u00bb header_2_font_size_phone=\u00bb25px\u00bb header_2_font_size_last_edited=\u00bbon|phone\u00bb]<\/p>\n<h2>19 Biennal de cer\u00e1mica de Esplugues Angelina Al\u00f3s<\/h2>\n<p>[\/et_pb_text][\/et_pb_column][\/et_pb_row][et_pb_row column_structure=\u00bb1_2,1_2&#8243; use_custom_gutter=\u00bbon\u00bb gutter_width=\u00bb4&#8243; _builder_version=\u00bb4.0.7&#8243;][et_pb_column type=\u00bb1_2&#8243; _builder_version=\u00bb4.0.7&#8243;][et_pb_text _builder_version=\u00bb4.4.7&#8243; header_5_line_height=\u00bb0.2em\u00bb hover_enabled=\u00bb0&#8243; custom_margin=\u00bb||21px|||\u00bb]<\/p>\n<p><em>Del 26 de octubre de 2018 al 13 de enero de 2019<\/em><\/p>\n<p>&nbsp;<\/p>\n<h5><span style=\"font-weight: 400;\">#cer\u00e0micacontempor\u00e0nia<\/span><\/h5>\n<p>Exposici\u00f3n temporal que acog\u00eda las obras seleccionadas y ganadoras en la 19 la Bienal de Cer\u00e1mica de Esplugues Angelina Al\u00f3s.<\/p>\n<p>Las obras presentadas y seleccionadas en esta edici\u00f3n ofrecen un amplio abanico de t\u00e9cnicas, estilos, tendencias y or\u00edgenes: un conjunto amplio y heterog\u00e9neo que nos permit\u00eda hacer una radiograf\u00eda real sobre la creaci\u00f3n cer\u00e1mica nuestros d\u00edas a nivel internacional.<\/p>\n<p>El jurado de la edici\u00f3n est\u00e1 formado por Pilar V\u00e9lez, director del Museo del Disseny de Barcelona, Montse Frisach, periodista y cr\u00edtica de arte, y Maria Bofill, ceramista. Tres mujeres que avaladas por una carrera profesional consolidada, con perfiles diferentes que se complementan para ofrecer una visi\u00f3n amplia de la cer\u00e1mica actual.<\/p>\n<p>[\/et_pb_text][et_pb_image src=\u00bbhttps:\/\/museus.esplugues.cat\/wp-content\/uploads\/2020\/04\/19-2018.jpg\u00bb _builder_version=\u00bb4.4.7&#8243; title_text=\u00bb19-2018&#8243; hover_enabled=\u00bb0&#8243; url=\u00bbhttps:\/\/issuu.com\/museusdesplugues\/docs\/cataleg_19_biennal_esplugues_2019_2&#8243; width=\u00bb50%\u00bb custom_margin=\u00bb||12px|||\u00bb][\/et_pb_image][et_pb_text _builder_version=\u00bb4.4.7&#8243; hover_enabled=\u00bb0&#8243;]<\/p>\n<p><a href=\"https:\/\/issuu.com\/museusdesplugues\/docs\/cataleg_19_biennal_esplugues_2019_2\">CAT\u00c1LOGO COMPLETO DE LA EDICI\u00d3N<\/a><\/p>\n<p>[\/et_pb_text][\/et_pb_column][et_pb_column type=\u00bb1_2&#8243; _builder_version=\u00bb4.0.7&#8243;][et_pb_code _builder_version=\u00bb4.4.2&#8243;]<iframe loading=\"lazy\" src=\"https:\/\/www.youtube.com\/embed\/DUquhYecVWw\" width=\"560\" height=\"315\" frameborder=\"0\" allowfullscreen=\"allowfullscreen\"><\/iframe>[\/et_pb_code][\/et_pb_column][\/et_pb_row][\/et_pb_section]<\/p>\n","protected":false},"excerpt":{"rendered":"<p>19 BIENNAL DE CER\u00c1MICA DE ESPLUGUES ANGELINA AL\u00d3S19 Biennal de cer\u00e1mica de Esplugues Angelina Al\u00f3sDel 26 de octubre de 2018 al 13 de enero de 2019 &nbsp; #cer\u00e0micacontempor\u00e0nia Exposici\u00f3n temporal que acog\u00eda las obras seleccionadas y ganadoras en la 19 la Bienal de Cer\u00e1mica de Esplugues Angelina Al\u00f3s. Las obras presentadas y seleccionadas en esta [&hellip;]<\/p>\n","protected":false},"author":2,"featured_media":0,"parent":0,"menu_order":0,"comment_status":"closed","ping_status":"closed","template":"","meta":{"_et_pb_use_builder":"on","_et_pb_old_content":"","_et_gb_content_width":"","_uag_custom_page_level_css":"","footnotes":""},"class_list":["post-29034","page","type-page","status-publish","hentry"],"uagb_featured_image_src":{"full":false,"thumbnail":false,"medium":false,"medium_large":false,"large":false,"1536x1536":false,"2048x2048":false,"et-pb-post-main-image":false,"et-pb-post-main-image-fullwidth":false,"et-pb-portfolio-image":false,"et-pb-portfolio-module-image":false,"et-pb-portfolio-image-single":false,"et-pb-gallery-module-image-portrait":false,"et-pb-post-main-image-fullwidth-large":false,"et-pb-image--responsive--desktop":false,"et-pb-image--responsive--tablet":false,"et-pb-image--responsive--phone":false},"uagb_author_info":{"display_name":"empiezapori","author_link":"https:\/\/museus.esplugues.cat\/es\/author\/empiezapori"},"uagb_comment_info":0,"uagb_excerpt":"19 BIENNAL DE CER\u00c1MICA DE ESPLUGUES ANGELINA AL\u00d3S19 Biennal de cer\u00e1mica de Esplugues Angelina Al\u00f3sDel 26 de octubre de 2018 al 13 de enero de 2019 &nbsp; #cer\u00e0micacontempor\u00e0nia Exposici\u00f3n temporal que acog\u00eda las obras seleccionadas y ganadoras en la 19 la Bienal de Cer\u00e1mica de Esplugues Angelina Al\u00f3s. Las obras presentadas y seleccionadas en esta&hellip;","_links":{"self":[{"href":"https:\/\/museus.esplugues.cat\/es\/wp-json\/wp\/v2\/pages\/29034","targetHints":{"allow":["GET"]}}],"collection":[{"href":"https:\/\/museus.esplugues.cat\/es\/wp-json\/wp\/v2\/pages"}],"about":[{"href":"https:\/\/museus.esplugues.cat\/es\/wp-json\/wp\/v2\/types\/page"}],"author":[{"embeddable":true,"href":"https:\/\/museus.esplugues.cat\/es\/wp-json\/wp\/v2\/users\/2"}],"replies":[{"embeddable":true,"href":"https:\/\/museus.esplugues.cat\/es\/wp-json\/wp\/v2\/comments?post=29034"}],"version-history":[{"count":3,"href":"https:\/\/museus.esplugues.cat\/es\/wp-json\/wp\/v2\/pages\/29034\/revisions"}],"predecessor-version":[{"id":30685,"href":"https:\/\/museus.esplugues.cat\/es\/wp-json\/wp\/v2\/pages\/29034\/revisions\/30685"}],"wp:attachment":[{"href":"https:\/\/museus.esplugues.cat\/es\/wp-json\/wp\/v2\/media?parent=29034"}],"curies":[{"name":"wp","href":"https:\/\/api.w.org\/{rel}","templated":true}]}}