{"id":29041,"date":"2020-06-17T11:35:55","date_gmt":"2020-06-17T09:35:55","guid":{"rendered":"https:\/\/museus.esplugues.cat\/el-modernismo-y-las-flores-2"},"modified":"2020-06-17T11:42:55","modified_gmt":"2020-06-17T09:42:55","slug":"el-modernismo-y-las-flores-2","status":"publish","type":"page","link":"https:\/\/museus.esplugues.cat\/es\/el-modernismo-y-las-flores-2","title":{"rendered":"El modernismo y las flores"},"content":{"rendered":"<p>[et_pb_section fb_built=\u00bb1&#8243; fullwidth=\u00bbon\u00bb disabled_on=\u00bbon|on|on\u00bb _builder_version=\u00bb4.4.7&#8243; disabled=\u00bbon\u00bb][et_pb_fullwidth_image src=\u00bbhttps:\/\/museus.esplugues.cat\/wp-content\/uploads\/2020\/02\/BANNER-WEB-1200X300-modern-scaled.jpg\u00bb _builder_version=\u00bb4.4.7&#8243; module_alignment=\u00bbcenter\u00bb][\/et_pb_fullwidth_image][\/et_pb_section][et_pb_section fb_built=\u00bb1&#8243; _builder_version=\u00bb4.4.7&#8243; background_color=\u00bb#eeefe4&#8243; custom_margin=\u00bb0px||0px||false|false\u00bb custom_padding=\u00bb0px||0px||false|false\u00bb hover_enabled=\u00bb0&#8243;][et_pb_row _builder_version=\u00bb4.4.7&#8243; custom_margin=\u00bb0px||0px||false|false\u00bb custom_padding=\u00bb0px||0px||false|false\u00bb][et_pb_column type=\u00bb4_4&#8243; _builder_version=\u00bb4.4.7&#8243;][et_pb_image src=\u00bbhttps:\/\/museus.esplugues.cat\/wp-content\/uploads\/2020\/05\/Sin-t\u00edtulo-2.jpg\u00bb title_text=\u00bbSin-t\u00edtulo-2&#8243; align=\u00bbcenter\u00bb _builder_version=\u00bb4.4.7&#8243;][\/et_pb_image][\/et_pb_column][\/et_pb_row][\/et_pb_section][et_pb_section fb_built=\u00bb1&#8243; _builder_version=\u00bb4.4.7&#8243; background_color=\u00bb#eeefe4&#8243; custom_margin_tablet=\u00bb\u00bb custom_margin_phone=\u00bb0px||0px||false|false\u00bb custom_margin_last_edited=\u00bbon|phone\u00bb custom_padding=\u00bb0px||0px||false|false\u00bb][et_pb_row _builder_version=\u00bb4.0.7&#8243;][et_pb_column type=\u00bb4_4&#8243; _builder_version=\u00bb4.0.7&#8243;][et_pb_text _builder_version=\u00bb4.4.7&#8243; header_font=\u00bb|300|||||||\u00bb header_font_size=\u00bb50px\u00bb custom_margin_tablet=\u00bb\u00bb custom_margin_phone=\u00bb0px||0px||false|false\u00bb custom_margin_last_edited=\u00bbon|phone\u00bb custom_padding=\u00bb0px||0px||false|false\u00bb hover_enabled=\u00bb0&#8243; header_font_size_tablet=\u00bb\u00bb header_font_size_phone=\u00bb35px\u00bb header_font_size_last_edited=\u00bbon|phone\u00bb]<\/p>\n<h2 class=\"av-special-heading-tag\">EL MODERNISMO Y LAS FLORES<\/h2>\n<div class=\"av-subheading av-subheading_below av_custom_color\">\n<p>De la naturaleza a la arquitectura<\/p>\n<\/div>\n<p>[\/et_pb_text][\/et_pb_column][\/et_pb_row][\/et_pb_section][et_pb_section fb_built=\u00bb1&#8243; _builder_version=\u00bb4.0.7&#8243; custom_margin=\u00bb0px||0px||false|false\u00bb custom_padding=\u00bb0px||0px||false|false\u00bb][et_pb_row custom_padding_last_edited=\u00bbon|phone\u00bb _builder_version=\u00bb4.0.7&#8243; custom_margin=\u00bb0px||0px||false|false\u00bb custom_padding=\u00bb30px||0px||false|false\u00bb custom_padding_tablet=\u00bb\u00bb custom_padding_phone=\u00bb\u00bb border_width_bottom=\u00bb1px\u00bb border_color_bottom=\u00bb#8C944D\u00bb border_style_bottom=\u00bbdotted\u00bb][et_pb_column type=\u00bb4_4&#8243; _builder_version=\u00bb4.0.7&#8243;][et_pb_text _builder_version=\u00bb4.2&#8243; header_2_font=\u00bb|300|||||||\u00bb header_2_font_size=\u00bb30px\u00bb header_2_font_size_tablet=\u00bb\u00bb header_2_font_size_phone=\u00bb25px\u00bb header_2_font_size_last_edited=\u00bbon|phone\u00bb]<\/p>\n<h2>La exposici\u00f3n<\/h2>\n<p>[\/et_pb_text][\/et_pb_column][\/et_pb_row][et_pb_row column_structure=\u00bb1_2,1_2&#8243; use_custom_gutter=\u00bbon\u00bb gutter_width=\u00bb4&#8243; _builder_version=\u00bb4.0.7&#8243;][et_pb_column type=\u00bb1_2&#8243; _builder_version=\u00bb4.0.7&#8243;][et_pb_text _builder_version=\u00bb4.4.7&#8243; text_line_height=\u00bb1.5em\u00bb ul_font_size=\u00bb13px\u00bb ul_line_height=\u00bb20px\u00bb header_3_font=\u00bb|300||on|||||\u00bb hover_enabled=\u00bb0&#8243;]<\/p>\n<p><em>Del 12 de abril al 22 de septiembre de 2018<\/em><\/p>\n<h5><span style=\"font-weight: 400;\">#modernismo<\/span><\/h5>\n<p>Entre finales del siglo XIX y comienzos del siglo XX, la naturaleza fue el principal libro de inspiraci\u00f3n del Modernismo. Se inspiraron arquitectos, pintores, decoradores, artesanos e industrias art\u00edsticas.<\/p>\n<p>Esta exposici\u00f3n muestra como la naturaleza en general \u00a0y las flores en particular fue la principal fuente de los repertorios de la arquitectura modernista,\u00a0 que lleg\u00f3 a establecer un verdadero di\u00e1logo con el mundo vegetal a trav\u00e9s de las artes decorativas.<\/p>\n<p>Explica el proceso de captaci\u00f3n de la naturaleza y su transformaci\u00f3n en arte aplicada para la construcci\u00f3n.<\/p>\n<p>La muestra tambi\u00e9n quiere poner de relieve la riqueza del Modernismo m\u00e1s desconocido con ejemplos de la ciudad de Barcelona y municipios cercanos.<\/p>\n<p>La exposici\u00f3n se organiza en cuatro \u00e1mbitos:<\/p>\n<ul>\n<li>La naturaleza, la fuente de la inspiraci\u00f3n<\/li>\n<li>El taller: la creaci\u00f3n de las artes de la construcci\u00f3n<\/li>\n<li>La arquitectura, el jard\u00edn urbano<\/li>\n<li>La ciudad, la naturaleza perdida<\/li>\n<\/ul>\n<p>Actualmente la exposici\u00f3n continua su itinerario por los museos de la Xarxa de Museus locals de la Diputaci\u00f3 de Barcelona. Consulta <a href=\"https:\/\/www.diba.cat\/es\/web\/opc\/-\/el-modernisme-i-les-flors\">aqu\u00ed<\/a> d\u00f3nde puedes visitar\u00a0<\/p>\n<p>[\/et_pb_text][\/et_pb_column][et_pb_column type=\u00bb1_2&#8243; _builder_version=\u00bb4.0.7&#8243;][et_pb_code _builder_version=\u00bb4.4.2&#8243;]<iframe loading=\"lazy\" src=\"https:\/\/www.youtube.com\/embed\/VZmYrqEoWNc\" width=\"560\" height=\"315\" frameborder=\"0\" allowfullscreen=\"allowfullscreen\"><\/iframe>[\/et_pb_code][\/et_pb_column][\/et_pb_row][\/et_pb_section][et_pb_section fb_built=\u00bb1&#8243; _builder_version=\u00bb4.4.2&#8243; background_color=\u00bb#f9f9f9&#8243; custom_margin=\u00bb0px||0px||false|false\u00bb custom_padding=\u00bb0px||0px||false|false\u00bb][et_pb_row custom_padding_last_edited=\u00bbon|phone\u00bb _builder_version=\u00bb4.0.7&#8243; custom_margin=\u00bb0px||0px||false|false\u00bb custom_padding=\u00bb30px||0px||false|false\u00bb custom_padding_tablet=\u00bb\u00bb custom_padding_phone=\u00bb\u00bb border_width_bottom=\u00bb1px\u00bb border_color_bottom=\u00bb#8C944D\u00bb border_style_bottom=\u00bbdotted\u00bb][et_pb_column type=\u00bb4_4&#8243; _builder_version=\u00bb4.0.7&#8243;][et_pb_text _builder_version=\u00bb4.4.7&#8243; header_2_font=\u00bb|300|||||||\u00bb header_2_font_size=\u00bb30px\u00bb hover_enabled=\u00bb0&#8243; header_2_font_size_tablet=\u00bb\u00bb header_2_font_size_phone=\u00bb25px\u00bb header_2_font_size_last_edited=\u00bbon|phone\u00bb]<\/p>\n<h2>Actividades<\/h2>\n<p>[\/et_pb_text][\/et_pb_column][\/et_pb_row][et_pb_row column_structure=\u00bb1_2,1_2&#8243; use_custom_gutter=\u00bbon\u00bb gutter_width=\u00bb4&#8243; _builder_version=\u00bb4.0.7&#8243;][et_pb_column type=\u00bb1_2&#8243; _builder_version=\u00bb4.0.7&#8243;][et_pb_text _builder_version=\u00bb4.4.7&#8243; header_3_font=\u00bb|300||on|||||\u00bb hover_enabled=\u00bb0&#8243;]<\/p>\n<p><strong>Taller de vidrieras modernistas<\/strong><br \/> S\u00e1bado 14 de abril, 11 h en La Masoveria de Can Tintur\u00e9.<br \/> taller familiar<\/p>\n<p><strong>Un jard\u00edn modernista<\/strong><br \/> S\u00e1bado 21 de abril, 11 h en el Museo Can Tintur\u00e9<br \/> Actividad familiar para celebrar el d\u00eda de Sant Jordi<\/p>\n<p><strong>Visitas guiadas exclusivas<\/strong><br \/> S\u00e1bado, 21 de abril a las 17:30 y 18:30. Inscripci\u00f3n previa<\/p>\n<p><strong>Bienvenida primavera!<\/strong><br \/> S\u00e1bado 28 de abril, 11 h<br \/> Museo Can Tintur\u00e9<br \/> Visita sensorial en familia a la exposici\u00f3n<\/p>\n<p><strong>\u201cEl Modernismo en las calles\u201d<\/strong><br \/> 12 y 13 de mayo, todo el d\u00eda<br \/> Decoraci\u00f3n de calles, demostraciones y actividades<\/p>\n<p>[\/et_pb_text][\/et_pb_column][et_pb_column type=\u00bb1_2&#8243; _builder_version=\u00bb4.0.7&#8243;][et_pb_text _builder_version=\u00bb4.4.7&#8243; header_3_font=\u00bb|300||on|||||\u00bb hover_enabled=\u00bb0&#8243;]<\/p>\n<p><strong>Recoger, conservar, destruir \u2026<br \/> <\/strong>Mi\u00e9rcoles 16 de mayo.<br \/>Mesa redonda en torno a la preservaci\u00f3n del patrimonio arquitect\u00f3nico<\/p>\n<p><strong>Flores, flores y m\u00e1s flores<\/strong><br \/> S\u00e1bado 19 de mayo, 19 h<br \/> Jardines de Can Tintur\u00e9<br \/> Taller familiar. La Noche de los Museos<\/p>\n<p><strong>Feria de cer\u00e1mica antigua y modernista<\/strong><br \/> Domingo 27 de mayo de 10 a 15 h<br \/> Jardines de Can Tintur\u00e9<br \/> Feria de cer\u00e1mica, demostraciones de cocci\u00f3n y pintura, y vermut<\/p>\n<p><strong>La vi\u00f1a en el arte y la arquitectura modernista<\/strong><br \/> S\u00e1bado 21 de julio, 12 h<br \/> La Masoveria de Can Tintur\u00e9<br \/> Charla de F\u00e1tima L\u00f3pex, comisaria de la exposici\u00f3n, y cata de vinos<\/p>\n<p>[\/et_pb_text][\/et_pb_column][\/et_pb_row][\/et_pb_section][et_pb_section fb_built=\u00bb1&#8243; _builder_version=\u00bb4.4.7&#8243; custom_margin=\u00bb0px||0px||false|false\u00bb custom_padding=\u00bb0px||29px||false|false\u00bb hover_enabled=\u00bb0&#8243; disabled_on=\u00bbon|on|on\u00bb disabled=\u00bbon\u00bb][et_pb_row custom_padding_last_edited=\u00bbon|phone\u00bb _builder_version=\u00bb4.0.7&#8243; custom_margin=\u00bb0px||0px||false|false\u00bb custom_padding=\u00bb30px||0px||false|false\u00bb custom_padding_tablet=\u00bb\u00bb custom_padding_phone=\u00bb\u00bb border_width_bottom=\u00bb1px\u00bb border_color_bottom=\u00bb#8C944D\u00bb border_style_bottom=\u00bbdotted\u00bb][et_pb_column type=\u00bb4_4&#8243; _builder_version=\u00bb4.0.7&#8243;][et_pb_text _builder_version=\u00bb4.2&#8243; header_2_font=\u00bb|300|||||||\u00bb header_2_font_size=\u00bb30px\u00bb header_2_font_size_tablet=\u00bb\u00bb header_2_font_size_phone=\u00bb25px\u00bb header_2_font_size_last_edited=\u00bbon|phone\u00bb]<\/p>\n<h2>Accessibilitat<\/h2>\n<p>[\/et_pb_text][\/et_pb_column][\/et_pb_row][et_pb_row column_structure=\u00bb1_2,1_2&#8243; use_custom_gutter=\u00bbon\u00bb gutter_width=\u00bb4&#8243; _builder_version=\u00bb4.0.7&#8243;][et_pb_column type=\u00bb1_2&#8243; _builder_version=\u00bb4.0.7&#8243;][et_pb_text _builder_version=\u00bb4.2&#8243; text_line_height=\u00bb1.5em\u00bb ul_font_size=\u00bb13px\u00bb ul_line_height=\u00bb20px\u00bb header_3_font=\u00bb|300||on|||||\u00bb]<strong>Accessibilitat f\u00edsica:<\/strong><\/p>\n<ul>\n<li>Rampa d\u2019entrada al Museu<\/li>\n<li>Amplada m\u00ednima de pas a tot el recorregut entre 90 i 110 cm.<\/li>\n<li>Espai de gir de 150 cm.<\/li>\n<li>Mobiliari i pantalles t\u00e0ctils respecten les mesures m\u00ednimes de confort<\/li>\n<\/ul>\n<p><strong>Accessibilitat visual:<\/strong><\/p>\n<ul>\n<li>Recursos t\u00e0ctils en to el recorregut acompanyats en ocasions amb recursos olfactius.<\/li>\n<li>Dossier amb els textos en braille acompanyats de l\u00e0mines amb relleu.<\/li>\n<li>Audioguia descriptiva consultable a trav\u00e9s de codis QR.<\/li>\n<li>Els gossos d\u2019assist\u00e8ncia estan admessos.<\/li>\n<\/ul>\n<p>&nbsp;[\/et_pb_text][\/et_pb_column][et_pb_column type=\u00bb1_2&#8243; _builder_version=\u00bb4.0.7&#8243;][et_pb_text _builder_version=\u00bb4.2&#8243; text_line_height=\u00bb1.5em\u00bb ul_font_size=\u00bb13px\u00bb ul_line_height=\u00bb20px\u00bb header_3_font=\u00bb|300||on|||||\u00bb]<strong>Accessibilitat auditiva:<\/strong><\/p>\n<ul>\n<li>Audiovisuals amb adaptaci\u00f3 a la llengua de signes catalana (LSC) i subtitulaci\u00f3<\/li>\n<li>Audioguia amb adaptaci\u00f3 a la llengua de signes catalana (LSC) i subtitulaci\u00f3 consultable a trav\u00e9s de codi QR.<\/li>\n<li>Possibilitat de visita guiada amb int\u00e8rpret de llengua de signes catalana (LSC) pr\u00e8via reserva<\/li>\n<\/ul>\n<p><strong>Accessibilitat cognitiva:<\/strong><\/p>\n<ul>\n<li>Adaptacions per a grups amb discapacitat cognitiva, intel\u00b7lectual i ps\u00edquica.<\/li>\n<\/ul>\n<p>[\/et_pb_text][\/et_pb_column][\/et_pb_row][\/et_pb_section]<\/p>\n","protected":false},"excerpt":{"rendered":"<p>EL MODERNISMO Y LAS FLORES De la naturaleza a la arquitectura La exposici\u00f3nDel 12 de abril al 22 de septiembre de 2018 #modernismo Entre finales del siglo XIX y comienzos del siglo XX, la naturaleza fue el principal libro de inspiraci\u00f3n del Modernismo. Se inspiraron arquitectos, pintores, decoradores, artesanos e industrias art\u00edsticas. Esta exposici\u00f3n muestra [&hellip;]<\/p>\n","protected":false},"author":2,"featured_media":0,"parent":0,"menu_order":0,"comment_status":"closed","ping_status":"closed","template":"","meta":{"_et_pb_use_builder":"on","_et_pb_old_content":"","_et_gb_content_width":"","_uag_custom_page_level_css":"","footnotes":""},"class_list":["post-29041","page","type-page","status-publish","hentry"],"uagb_featured_image_src":{"full":false,"thumbnail":false,"medium":false,"medium_large":false,"large":false,"1536x1536":false,"2048x2048":false,"et-pb-post-main-image":false,"et-pb-post-main-image-fullwidth":false,"et-pb-portfolio-image":false,"et-pb-portfolio-module-image":false,"et-pb-portfolio-image-single":false,"et-pb-gallery-module-image-portrait":false,"et-pb-post-main-image-fullwidth-large":false,"et-pb-image--responsive--desktop":false,"et-pb-image--responsive--tablet":false,"et-pb-image--responsive--phone":false},"uagb_author_info":{"display_name":"empiezapori","author_link":"https:\/\/museus.esplugues.cat\/es\/author\/empiezapori"},"uagb_comment_info":0,"uagb_excerpt":"EL MODERNISMO Y LAS FLORES De la naturaleza a la arquitectura La exposici\u00f3nDel 12 de abril al 22 de septiembre de 2018 #modernismo Entre finales del siglo XIX y comienzos del siglo XX, la naturaleza fue el principal libro de inspiraci\u00f3n del Modernismo. Se inspiraron arquitectos, pintores, decoradores, artesanos e industrias art\u00edsticas. Esta exposici\u00f3n muestra&hellip;","_links":{"self":[{"href":"https:\/\/museus.esplugues.cat\/es\/wp-json\/wp\/v2\/pages\/29041","targetHints":{"allow":["GET"]}}],"collection":[{"href":"https:\/\/museus.esplugues.cat\/es\/wp-json\/wp\/v2\/pages"}],"about":[{"href":"https:\/\/museus.esplugues.cat\/es\/wp-json\/wp\/v2\/types\/page"}],"author":[{"embeddable":true,"href":"https:\/\/museus.esplugues.cat\/es\/wp-json\/wp\/v2\/users\/2"}],"replies":[{"embeddable":true,"href":"https:\/\/museus.esplugues.cat\/es\/wp-json\/wp\/v2\/comments?post=29041"}],"version-history":[{"count":3,"href":"https:\/\/museus.esplugues.cat\/es\/wp-json\/wp\/v2\/pages\/29041\/revisions"}],"predecessor-version":[{"id":29046,"href":"https:\/\/museus.esplugues.cat\/es\/wp-json\/wp\/v2\/pages\/29041\/revisions\/29046"}],"wp:attachment":[{"href":"https:\/\/museus.esplugues.cat\/es\/wp-json\/wp\/v2\/media?parent=29041"}],"curies":[{"name":"wp","href":"https:\/\/api.w.org\/{rel}","templated":true}]}}