{"id":29049,"date":"2020-06-17T11:44:24","date_gmt":"2020-06-17T09:44:24","guid":{"rendered":"https:\/\/museus.esplugues.cat\/el-modernismo-sutil"},"modified":"2020-06-17T11:48:22","modified_gmt":"2020-06-17T09:48:22","slug":"el-modernismo-sutil","status":"publish","type":"page","link":"https:\/\/museus.esplugues.cat\/es\/el-modernismo-sutil","title":{"rendered":"El modernismo sutil"},"content":{"rendered":"<p>[et_pb_section fb_built=\u00bb1&#8243; _builder_version=\u00bb4.4.7&#8243; background_color=\u00bb#f2d5e7&#8243; custom_margin=\u00bb0px||0px||false|false\u00bb custom_padding=\u00bb0px||0px||false|false\u00bb][et_pb_row _builder_version=\u00bb4.4.7&#8243; custom_margin=\u00bb0px||0px||false|false\u00bb custom_padding=\u00bb0px||0px||false|false\u00bb][et_pb_column type=\u00bb4_4&#8243; _builder_version=\u00bb4.4.7&#8243;][et_pb_image src=\u00bbhttps:\/\/museus.esplugues.cat\/wp-content\/uploads\/2020\/06\/2.Cap_.ModernismeSubtil.jpg\u00bb title_text=\u00bb2.Cap.ModernismeSubtil\u00bb align=\u00bbcenter\u00bb _builder_version=\u00bb4.4.7&#8243;][\/et_pb_image][\/et_pb_column][\/et_pb_row][\/et_pb_section][et_pb_section fb_built=\u00bb1&#8243; _builder_version=\u00bb4.0.7&#8243; background_color=\u00bb#eeefe4&#8243; custom_margin_tablet=\u00bb\u00bb custom_margin_phone=\u00bb0px||0px||false|false\u00bb custom_margin_last_edited=\u00bbon|phone\u00bb custom_padding=\u00bb0px||0px||false|false\u00bb][et_pb_row _builder_version=\u00bb4.0.7&#8243; custom_padding=\u00bb||18px|||\u00bb][et_pb_column type=\u00bb4_4&#8243; _builder_version=\u00bb4.0.7&#8243;][et_pb_text _builder_version=\u00bb4.2&#8243; header_font=\u00bb|300|||||||\u00bb header_font_size=\u00bb50px\u00bb custom_margin_tablet=\u00bb\u00bb custom_margin_phone=\u00bb0px||0px||false|false\u00bb custom_margin_last_edited=\u00bbon|phone\u00bb custom_padding=\u00bb0px||0px||false|false\u00bb header_font_size_tablet=\u00bb\u00bb header_font_size_phone=\u00bb35px\u00bb header_font_size_last_edited=\u00bbon|phone\u00bb]<\/p>\n<h2 class=\"av-special-heading-tag\">EL MODERNISMO SUTIL<\/h2>\n<p>[\/et_pb_text][\/et_pb_column][\/et_pb_row][\/et_pb_section][et_pb_section fb_built=\u00bb1&#8243; _builder_version=\u00bb4.4.7&#8243; background_enable_color=\u00bboff\u00bb custom_margin=\u00bb0px||0px||false|false\u00bb custom_padding=\u00bb0px||17px||false|false\u00bb][et_pb_row use_custom_gutter=\u00bbon\u00bb gutter_width=\u00bb4&#8243; _builder_version=\u00bb4.0.7&#8243;][et_pb_column type=\u00bb4_4&#8243; _builder_version=\u00bb4.0.7&#8243;][et_pb_text _builder_version=\u00bb4.4.7&#8243; text_line_height=\u00bb1.5em\u00bb ul_font_size=\u00bb13px\u00bb ul_line_height=\u00bb20px\u00bb header_3_font=\u00bb|300||on|||||\u00bb hover_enabled=\u00bb0&#8243;]<\/p>\n<p><em>Del 27 de mayo al 22 de julio de 2018<\/em><\/p>\n<h5><span style=\"font-weight: 400;\">#modernismo<\/span><\/h5>\n<p><strong>La cer\u00e1mica art\u00edstica y utilitaria<\/strong><\/p>\n<p>La exposici\u00f3n <strong>El Modernismo suti<\/strong>l organizada con la <span>Associaci\u00f3 Catalana de Cer\u00e0mica<\/span> pone de relieve la calidad est\u00e9tica y el valor patrimonial de los objetos que formaban parte de la vida privada en el marco del modernismo.<\/p>\n<p>La selecci\u00f3n de piezas a cargo de diversos especialistas tiene como objetivo ofrecer una visi\u00f3n completa de la cer\u00e1mica art\u00edstica y utilitaria, incluyendo piezas de uso puramente decorativo, y otros que se utilizaban diariamente, como servicio de mesa, y algunas utilizadas en el entorno de la jardiner\u00eda. Peque\u00f1as joyas que tienen como denominador com\u00fan su material, la cer\u00e1mica.<\/p>\n<p>Se pod\u00edan ver piezas de autores reconocidos como Antoni Serra Fiter, Xavier Nogu\u00e9s o Lambert Escaler y Olot, cedidas por el Museu del Disseny de Barcelona. Y tambi\u00e9n, obras in\u00e9ditas de Barcelona, Valencia, Manises, Olot o La Bisbal, procedentes de colecciones particulares, que dan a conocer diferentes obradores, como la F\u00e1brica de Porcelana Ramon Florensa o los Talleres Muntanyola.<\/p>\n<p>Esta muestra dialogaba con la exposici\u00f3n itinerante, <a href=\"https:\/\/museus.esplugues.cat\/es\/el-modernismo-y-las-flores-2\">&#8216;El Modernismo y las flores. De la naturaleza a la arquitectura&#8217;<\/a>, dedicada a las artes aplicadas a la construcci\u00f3n, con la que comparti\u00f3 calendario.<\/p>\n<p>[\/et_pb_text][\/et_pb_column][\/et_pb_row][\/et_pb_section]<\/p>\n","protected":false},"excerpt":{"rendered":"<p>EL MODERNISMO SUTILDel 27 de mayo al 22 de julio de 2018 #modernismo La cer\u00e1mica art\u00edstica y utilitaria La exposici\u00f3n El Modernismo sutil organizada con la Associaci\u00f3 Catalana de Cer\u00e0mica pone de relieve la calidad est\u00e9tica y el valor patrimonial de los objetos que formaban parte de la vida privada en el marco del modernismo. [&hellip;]<\/p>\n","protected":false},"author":2,"featured_media":0,"parent":0,"menu_order":0,"comment_status":"closed","ping_status":"closed","template":"","meta":{"_et_pb_use_builder":"on","_et_pb_old_content":"","_et_gb_content_width":"","_uag_custom_page_level_css":"","footnotes":""},"class_list":["post-29049","page","type-page","status-publish","hentry"],"uagb_featured_image_src":{"full":false,"thumbnail":false,"medium":false,"medium_large":false,"large":false,"1536x1536":false,"2048x2048":false,"et-pb-post-main-image":false,"et-pb-post-main-image-fullwidth":false,"et-pb-portfolio-image":false,"et-pb-portfolio-module-image":false,"et-pb-portfolio-image-single":false,"et-pb-gallery-module-image-portrait":false,"et-pb-post-main-image-fullwidth-large":false,"et-pb-image--responsive--desktop":false,"et-pb-image--responsive--tablet":false,"et-pb-image--responsive--phone":false},"uagb_author_info":{"display_name":"empiezapori","author_link":"https:\/\/museus.esplugues.cat\/es\/author\/empiezapori"},"uagb_comment_info":0,"uagb_excerpt":"EL MODERNISMO SUTILDel 27 de mayo al 22 de julio de 2018 #modernismo La cer\u00e1mica art\u00edstica y utilitaria La exposici\u00f3n El Modernismo sutil organizada con la Associaci\u00f3 Catalana de Cer\u00e0mica pone de relieve la calidad est\u00e9tica y el valor patrimonial de los objetos que formaban parte de la vida privada en el marco del modernismo.&hellip;","_links":{"self":[{"href":"https:\/\/museus.esplugues.cat\/es\/wp-json\/wp\/v2\/pages\/29049","targetHints":{"allow":["GET"]}}],"collection":[{"href":"https:\/\/museus.esplugues.cat\/es\/wp-json\/wp\/v2\/pages"}],"about":[{"href":"https:\/\/museus.esplugues.cat\/es\/wp-json\/wp\/v2\/types\/page"}],"author":[{"embeddable":true,"href":"https:\/\/museus.esplugues.cat\/es\/wp-json\/wp\/v2\/users\/2"}],"replies":[{"embeddable":true,"href":"https:\/\/museus.esplugues.cat\/es\/wp-json\/wp\/v2\/comments?post=29049"}],"version-history":[{"count":2,"href":"https:\/\/museus.esplugues.cat\/es\/wp-json\/wp\/v2\/pages\/29049\/revisions"}],"predecessor-version":[{"id":29055,"href":"https:\/\/museus.esplugues.cat\/es\/wp-json\/wp\/v2\/pages\/29049\/revisions\/29055"}],"wp:attachment":[{"href":"https:\/\/museus.esplugues.cat\/es\/wp-json\/wp\/v2\/media?parent=29049"}],"curies":[{"name":"wp","href":"https:\/\/api.w.org\/{rel}","templated":true}]}}