{"id":29056,"date":"2020-06-17T11:49:43","date_gmt":"2020-06-17T09:49:43","guid":{"rendered":"https:\/\/museus.esplugues.cat\/el-legado-nolla"},"modified":"2020-06-22T11:58:53","modified_gmt":"2020-06-22T09:58:53","slug":"el-legado-nolla","status":"publish","type":"page","link":"https:\/\/museus.esplugues.cat\/es\/el-legado-nolla","title":{"rendered":"El Legado Nolla"},"content":{"rendered":"<p>[et_pb_section fb_built=\u00bb1&#8243; _builder_version=\u00bb4.4.7&#8243; background_color=\u00bb#d5c3b5&#8243; custom_margin=\u00bb0px||0px||false|false\u00bb custom_padding=\u00bb0px||0px||false|false\u00bb][et_pb_row _builder_version=\u00bb4.4.7&#8243; custom_margin=\u00bb0px||0px||false|false\u00bb custom_padding=\u00bb0px||0px||false|false\u00bb][et_pb_column type=\u00bb4_4&#8243; _builder_version=\u00bb4.4.7&#8243;][et_pb_image src=\u00bbhttps:\/\/museus.esplugues.cat\/wp-content\/uploads\/2020\/06\/2.Cap_.LlegatNolla.jpg\u00bb title_text=\u00bb2.Cap.LlegatNolla\u00bb align=\u00bbcenter\u00bb _builder_version=\u00bb4.4.7&#8243;][\/et_pb_image][\/et_pb_column][\/et_pb_row][\/et_pb_section][et_pb_section fb_built=\u00bb1&#8243; _builder_version=\u00bb4.0.7&#8243; background_color=\u00bb#eeefe4&#8243; custom_margin_tablet=\u00bb\u00bb custom_margin_phone=\u00bb0px||0px||false|false\u00bb custom_margin_last_edited=\u00bbon|phone\u00bb custom_padding=\u00bb0px||0px||false|false\u00bb][et_pb_row _builder_version=\u00bb4.0.7&#8243;][et_pb_column type=\u00bb4_4&#8243; _builder_version=\u00bb4.0.7&#8243;][et_pb_text _builder_version=\u00bb4.4.7&#8243; header_font=\u00bb|300|||||||\u00bb header_font_size=\u00bb50px\u00bb custom_margin_tablet=\u00bb\u00bb custom_margin_phone=\u00bb0px||0px||false|false\u00bb custom_margin_last_edited=\u00bbon|phone\u00bb custom_padding=\u00bb0px||0px||false|false\u00bb header_font_size_tablet=\u00bb\u00bb header_font_size_phone=\u00bb35px\u00bb header_font_size_last_edited=\u00bbon|phone\u00bb]<\/p>\n<h2 class=\"av-special-heading-tag\">EL LLEGADO NOLLA<\/h2>\n<p>[\/et_pb_text][\/et_pb_column][\/et_pb_row][\/et_pb_section][et_pb_section fb_built=\u00bb1&#8243; _builder_version=\u00bb4.0.7&#8243; custom_margin=\u00bb0px||0px||false|false\u00bb custom_padding=\u00bb0px||0px||false|false\u00bb][et_pb_row custom_padding_last_edited=\u00bbon|phone\u00bb _builder_version=\u00bb4.0.7&#8243; custom_margin=\u00bb0px||0px||false|false\u00bb custom_padding=\u00bb30px||0px||false|false\u00bb custom_padding_tablet=\u00bb\u00bb custom_padding_phone=\u00bb\u00bb border_width_bottom=\u00bb1px\u00bb border_color_bottom=\u00bb#8C944D\u00bb border_style_bottom=\u00bbdotted\u00bb][et_pb_column type=\u00bb4_4&#8243; _builder_version=\u00bb4.0.7&#8243;][et_pb_text _builder_version=\u00bb4.4.7&#8243; header_2_font=\u00bb|300|||||||\u00bb header_2_font_size=\u00bb30px\u00bb header_2_font_size_tablet=\u00bb\u00bb header_2_font_size_phone=\u00bb25px\u00bb header_2_font_size_last_edited=\u00bbon|phone\u00bb]<\/p>\n<h2>El Legado Nolla<\/h2>\n<p>[\/et_pb_text][\/et_pb_column][\/et_pb_row][et_pb_row column_structure=\u00bb1_2,1_2&#8243; use_custom_gutter=\u00bbon\u00bb gutter_width=\u00bb4&#8243; _builder_version=\u00bb4.0.7&#8243;][et_pb_column type=\u00bb1_2&#8243; _builder_version=\u00bb4.0.7&#8243;][et_pb_text _builder_version=\u00bb4.4.7&#8243; header_3_font=\u00bb|300||on|||||\u00bb custom_margin=\u00bb||9px|||\u00bb]<\/p>\n<h4><b>150 a\u00f1os de la f\u00e1brica de mosaicos<\/b><\/h4>\n<p>[\/et_pb_text][et_pb_text _builder_version=\u00bb4.4.7&#8243; header_5_line_height=\u00bb0.2em\u00bb]<\/p>\n<p><em>Del 7 de octubre al 22 de octubre de 2017<\/p>\n<p><\/em><\/p>\n<h5><span style=\"font-weight: 400;\">#modernismo<\/span><\/h5>\n<p>El gres cer\u00e1mico y la f\u00e1brica Cer\u00e1mica Nolla son protagonistas de esta nueva exposici\u00f3n que pretende poner de relieve el papel dinamizador y modernizador de esta conocida factor\u00eda y reivindicar el valor art\u00edstico de sus mosaicos.<\/p>\n<p>La muestra se pudo ver por primera vez en Castell\u00f3n en 2015 con motivo del 150 aniversario de la fundaci\u00f3n de la f\u00e1brica, y ahora llega a Esplugues coincidiendo con el II Congreso Nacional sobre la cer\u00e1mica de Nolla que tiene lugar en Barcelona el mes de abril.<\/p>\n<p>Para su exposici\u00f3n en el Museo Can Tintur\u00e9, se ha incorporado el \u00e1mbito local:<\/p>\n<p>[\/et_pb_text][\/et_pb_column][et_pb_column type=\u00bb1_2&#8243; _builder_version=\u00bb4.0.7&#8243;][et_pb_image src=\u00bbhttps:\/\/museus.esplugues.cat\/wp-content\/uploads\/2020\/02\/Nolla11-300&#215;225-1.jpg\u00bb _builder_version=\u00bb4.2&#8243;][\/et_pb_image][\/et_pb_column][\/et_pb_row][\/et_pb_section][et_pb_section fb_built=\u00bb1&#8243; _builder_version=\u00bb4.0.7&#8243; background_color=\u00bb#efefef\u00bb custom_margin=\u00bb0px||0px||false|false\u00bb custom_padding=\u00bb0px||0px||false|false\u00bb][et_pb_row custom_padding_last_edited=\u00bbon|phone\u00bb _builder_version=\u00bb4.0.7&#8243; custom_margin=\u00bb0px||0px||false|false\u00bb custom_padding=\u00bb30px||0px||false|false\u00bb custom_padding_tablet=\u00bb\u00bb custom_padding_phone=\u00bb\u00bb border_width_bottom=\u00bb1px\u00bb border_color_bottom=\u00bb#8C944D\u00bb border_style_bottom=\u00bbdotted\u00bb][et_pb_column type=\u00bb4_4&#8243; _builder_version=\u00bb4.0.7&#8243;][et_pb_text _builder_version=\u00bb4.2&#8243; header_2_font=\u00bb|300|||||||\u00bb header_2_font_size=\u00bb30px\u00bb header_2_font_size_tablet=\u00bb\u00bb header_2_font_size_phone=\u00bb25px\u00bb header_2_font_size_last_edited=\u00bbon|phone\u00bb]<\/p>\n<h2>Gres Made in Esplugues<\/h2>\n<p>[\/et_pb_text][\/et_pb_column][\/et_pb_row][et_pb_row column_structure=\u00bb1_2,1_2&#8243; use_custom_gutter=\u00bbon\u00bb gutter_width=\u00bb4&#8243; _builder_version=\u00bb4.0.7&#8243;][et_pb_column type=\u00bb1_2&#8243; _builder_version=\u00bb4.0.7&#8243;][et_pb_text _builder_version=\u00bb4.4.7&#8243; header_3_font=\u00bb|300||on|||||\u00bb custom_margin=\u00bb||28px|||\u00bb]<\/p>\n<h4><b>De la f\u00e1brica Pujol i Bausis a La Rajoleta<\/b><\/h4>\n<p>[\/et_pb_text][et_pb_text _builder_version=\u00bb4.4.7&#8243; custom_margin=\u00bb-13px|||||\u00bb]<\/p>\n<p>El espacio dedicado a la f\u00e1brica Hijo de Jaime Pujol y Bausis, y al dise\u00f1o y producci\u00f3n de sus populares \u00abazulejos\u00bb de gres cer\u00e1mico.<br \/> La creaci\u00f3n de la nueva f\u00e1brica (1919), la construcci\u00f3n de los hornos de botella y la direcci\u00f3n art\u00edstica de Francisco Quer fueron los tres factores fundamentales en el crecimiento de la producci\u00f3n de gres en Esplugues.<br \/> En la muestra encontraremos ejemplos de algunas piezas y documentaci\u00f3n que acredita el valor econ\u00f3mico y art\u00edstico del gres producido a Pujol y Bausis.<\/p>\n<p>[\/et_pb_text][\/et_pb_column][et_pb_column type=\u00bb1_2&#8243; _builder_version=\u00bb4.0.7&#8243;][et_pb_image src=\u00bbhttps:\/\/museus.esplugues.cat\/wp-content\/uploads\/2020\/02\/Parr\u00f2quia-\u00c0ngels-rq-J.-Dan\u00e9s-BCN-32-300&#215;210-1.jpg\u00bb _builder_version=\u00bb4.2&#8243;][\/et_pb_image][\/et_pb_column][\/et_pb_row][\/et_pb_section][et_pb_section fb_built=\u00bb1&#8243; _builder_version=\u00bb4.0.7&#8243; background_color=\u00bb#efefef\u00bb custom_margin=\u00bb0px||0px||false|false\u00bb custom_padding=\u00bb0px||29px||false|false\u00bb][et_pb_row custom_padding_last_edited=\u00bbon|phone\u00bb _builder_version=\u00bb4.0.7&#8243; custom_margin=\u00bb0px||0px||false|false\u00bb custom_padding=\u00bb30px||0px||false|false\u00bb custom_padding_tablet=\u00bb\u00bb custom_padding_phone=\u00bb\u00bb border_width_bottom=\u00bb1px\u00bb border_color_bottom=\u00bb#8C944D\u00bb border_style_bottom=\u00bbdotted\u00bb][et_pb_column type=\u00bb4_4&#8243; _builder_version=\u00bb4.0.7&#8243;][et_pb_text _builder_version=\u00bb4.4.2&#8243; header_2_font=\u00bb|300|||||||\u00bb header_2_font_size=\u00bb30px\u00bb header_2_font_size_tablet=\u00bb\u00bb header_2_font_size_phone=\u00bb25px\u00bb header_2_font_size_last_edited=\u00bbon|phone\u00bb]<\/p>\n<h2>Video<\/h2>\n<p>[\/et_pb_text][\/et_pb_column][\/et_pb_row][et_pb_row use_custom_gutter=\u00bbon\u00bb gutter_width=\u00bb4&#8243; _builder_version=\u00bb4.0.7&#8243;][et_pb_column type=\u00bb4_4&#8243; _builder_version=\u00bb4.0.7&#8243;][et_pb_code _builder_version=\u00bb4.4.2&#8243;]<iframe loading=\"lazy\" src=\"https:\/\/www.youtube.com\/embed\/MqIdYOM2iMw\" width=\"560\" height=\"315\" frameborder=\"0\" allowfullscreen=\"allowfullscreen\"><\/iframe>[\/et_pb_code][\/et_pb_column][\/et_pb_row][\/et_pb_section]<\/p>\n","protected":false},"excerpt":{"rendered":"<p>EL LLEGADO NOLLAEl Legado Nolla150 a\u00f1os de la f\u00e1brica de mosaicosDel 7 de octubre al 22 de octubre de 2017 #modernismo El gres cer\u00e1mico y la f\u00e1brica Cer\u00e1mica Nolla son protagonistas de esta nueva exposici\u00f3n que pretende poner de relieve el papel dinamizador y modernizador de esta conocida factor\u00eda y reivindicar el valor art\u00edstico de [&hellip;]<\/p>\n","protected":false},"author":2,"featured_media":0,"parent":0,"menu_order":0,"comment_status":"closed","ping_status":"closed","template":"","meta":{"_et_pb_use_builder":"on","_et_pb_old_content":"","_et_gb_content_width":"","_uag_custom_page_level_css":"","footnotes":""},"class_list":["post-29056","page","type-page","status-publish","hentry"],"uagb_featured_image_src":{"full":false,"thumbnail":false,"medium":false,"medium_large":false,"large":false,"1536x1536":false,"2048x2048":false,"et-pb-post-main-image":false,"et-pb-post-main-image-fullwidth":false,"et-pb-portfolio-image":false,"et-pb-portfolio-module-image":false,"et-pb-portfolio-image-single":false,"et-pb-gallery-module-image-portrait":false,"et-pb-post-main-image-fullwidth-large":false,"et-pb-image--responsive--desktop":false,"et-pb-image--responsive--tablet":false,"et-pb-image--responsive--phone":false},"uagb_author_info":{"display_name":"empiezapori","author_link":"https:\/\/museus.esplugues.cat\/es\/author\/empiezapori"},"uagb_comment_info":0,"uagb_excerpt":"EL LLEGADO NOLLAEl Legado Nolla150 a\u00f1os de la f\u00e1brica de mosaicosDel 7 de octubre al 22 de octubre de 2017 #modernismo El gres cer\u00e1mico y la f\u00e1brica Cer\u00e1mica Nolla son protagonistas de esta nueva exposici\u00f3n que pretende poner de relieve el papel dinamizador y modernizador de esta conocida factor\u00eda y reivindicar el valor art\u00edstico de&hellip;","_links":{"self":[{"href":"https:\/\/museus.esplugues.cat\/es\/wp-json\/wp\/v2\/pages\/29056","targetHints":{"allow":["GET"]}}],"collection":[{"href":"https:\/\/museus.esplugues.cat\/es\/wp-json\/wp\/v2\/pages"}],"about":[{"href":"https:\/\/museus.esplugues.cat\/es\/wp-json\/wp\/v2\/types\/page"}],"author":[{"embeddable":true,"href":"https:\/\/museus.esplugues.cat\/es\/wp-json\/wp\/v2\/users\/2"}],"replies":[{"embeddable":true,"href":"https:\/\/museus.esplugues.cat\/es\/wp-json\/wp\/v2\/comments?post=29056"}],"version-history":[{"count":3,"href":"https:\/\/museus.esplugues.cat\/es\/wp-json\/wp\/v2\/pages\/29056\/revisions"}],"predecessor-version":[{"id":30687,"href":"https:\/\/museus.esplugues.cat\/es\/wp-json\/wp\/v2\/pages\/29056\/revisions\/30687"}],"wp:attachment":[{"href":"https:\/\/museus.esplugues.cat\/es\/wp-json\/wp\/v2\/media?parent=29056"}],"curies":[{"name":"wp","href":"https:\/\/api.w.org\/{rel}","templated":true}]}}