{"id":29066,"date":"2020-06-17T11:57:47","date_gmt":"2020-06-17T09:57:47","guid":{"rendered":"https:\/\/museus.esplugues.cat\/catifes-de-ciment"},"modified":"2020-06-17T12:01:23","modified_gmt":"2020-06-17T10:01:23","slug":"catifes-de-ciment","status":"publish","type":"page","link":"https:\/\/museus.esplugues.cat\/es\/catifes-de-ciment","title":{"rendered":"Catifes de ciment"},"content":{"rendered":"<p>[et_pb_section fb_built=\u00bb1&#8243; _builder_version=\u00bb4.4.7&#8243; background_color=\u00bb#e6e6de\u00bb custom_margin=\u00bb0px||0px||false|false\u00bb custom_padding=\u00bb0px||0px||false|false\u00bb][et_pb_row _builder_version=\u00bb4.4.7&#8243; custom_margin=\u00bb0px||0px||false|false\u00bb custom_padding=\u00bb0px||0px||false|false\u00bb][et_pb_column type=\u00bb4_4&#8243; _builder_version=\u00bb4.4.7&#8243;][et_pb_image src=\u00bbhttps:\/\/museus.esplugues.cat\/wp-content\/uploads\/2020\/06\/2.Cap_.CatifesCiment.jpg\u00bb title_text=\u00bb2.Cap.CatifesCiment\u00bb align=\u00bbcenter\u00bb _builder_version=\u00bb4.4.7&#8243;][\/et_pb_image][\/et_pb_column][\/et_pb_row][\/et_pb_section][et_pb_section fb_built=\u00bb1&#8243; _builder_version=\u00bb4.0.7&#8243; background_color=\u00bb#eeefe4&#8243; custom_margin_tablet=\u00bb\u00bb custom_margin_phone=\u00bb0px||0px||false|false\u00bb custom_margin_last_edited=\u00bbon|phone\u00bb custom_padding=\u00bb0px||0px||false|false\u00bb][et_pb_row _builder_version=\u00bb4.0.7&#8243;][et_pb_column type=\u00bb4_4&#8243; _builder_version=\u00bb4.0.7&#8243;][et_pb_text _builder_version=\u00bb4.2&#8243; header_font=\u00bb|300|||||||\u00bb header_font_size=\u00bb50px\u00bb custom_margin_tablet=\u00bb\u00bb custom_margin_phone=\u00bb0px||0px||false|false\u00bb custom_margin_last_edited=\u00bbon|phone\u00bb custom_padding=\u00bb0px||0px||false|false\u00bb header_font_size_tablet=\u00bb\u00bb header_font_size_phone=\u00bb35px\u00bb header_font_size_last_edited=\u00bbon|phone\u00bb]<\/p>\n<h2 class=\"av-special-heading-tag\">CATIFES DE CIMENT<\/h2>\n<div class=\"av-subheading av-subheading_below av_custom_color\">\n<p>El mundo del azulejo hidr\u00e1ulico<\/p>\n<\/div>\n<p>[\/et_pb_text][\/et_pb_column][\/et_pb_row][\/et_pb_section][et_pb_section fb_built=\u00bb1&#8243; _builder_version=\u00bb4.4.2&#8243; background_enable_color=\u00bboff\u00bb custom_margin=\u00bb0px||0px||false|false\u00bb custom_padding=\u00bb0px||0px||false|false\u00bb][et_pb_row use_custom_gutter=\u00bbon\u00bb gutter_width=\u00bb4&#8243; _builder_version=\u00bb4.0.7&#8243;][et_pb_column type=\u00bb4_4&#8243; _builder_version=\u00bb4.0.7&#8243;][et_pb_text _builder_version=\u00bb4.4.7&#8243; text_line_height=\u00bb1.5em\u00bb ul_font_size=\u00bb13px\u00bb ul_line_height=\u00bb20px\u00bb header_3_font=\u00bb|300||on|||||\u00bb hover_enabled=\u00bb0&#8243;]<\/p>\n<p><em>Del 28 de enero al 3 de abril de 2016.<\/em><\/p>\n<h5><span style=\"font-weight: 400;\">#modernismo<\/span><\/h5>\n<p>La exposici\u00f3n itinerante <strong>Catifes de ciment<\/strong>. El mundo de la baldosa hidr\u00e1ulica llega en Esplugues. Esta muestra pone en valor la baldosa hidr\u00e1ulica muy vinculada a la arquitectura catalana.<\/p>\n<p><em>Catifes de ciment<\/em> es una exposici\u00f3n organizada por la Oficina de Patrimonio Cultural del \u00c1rea de Presidencia de la Diputaci\u00f3n de Barcelona, el Ayuntamiento de Sitges y el Consorcio del Patrimonio de Sitges.Tras el \u00e9xito registrado en Sitges, y de varias paradas en el Maresme y Vall\u00e9s, la muestra se podr\u00e1 visitar en el Museo Can Tintur\u00e9 de Esplugues hasta el 3 de abril.<\/p>\n<p>Las piezas y los documentos que forman la exposici\u00f3n proceden del fondo de la colecci\u00f3n particular de Jordi Griset (coleccionista de mosaico hidr\u00e1ulico) y de instituciones p\u00fablicas y privadas.<\/p>\n<p>Entre las piezas que forman parte de la muestra, destacan dos cat\u00e1logos cedidos por el Arxiu Municipal d\u2019Esplugues:<\/p>\n<p>CAT\u00c1LOGO F\u00e1brica de Mosaicos Hidr\u00e1ulicos Bulet y Cia (1924)<\/p>\n<p>CAT\u00c1LOGO Mosaicos E F Escofet y Cia, n\u00fam. 7 (1913). Este segundo fue restaurado especialmente para la ocasi\u00f3n.<\/p>\n<p>La muestra hace un repaso cronol\u00f3gico en el mundo de la baldosa hidr\u00e1ulica desde los antecedentes cer\u00e1micos, pasando por losetas de las calles, y hasta la actualidad cuando algunas empresas de dise\u00f1o de interiores han vuelto a apostar con fuerza por este tipo de pavimento.<\/p>\n<p>El eje central de la muestra es el per\u00edodo de 1880 a 1930 cuando se desarrollaron los dise\u00f1os m\u00e1s elaborados y complejos; y los mosaicos hidr\u00e1ulicos se convirtieron en el pavimento favorito para las casas modernistas y novecentistas.<\/p>\n<p>[\/et_pb_text][\/et_pb_column][\/et_pb_row][et_pb_row column_structure=\u00bb1_2,1_2&#8243; _builder_version=\u00bb4.2&#8243;][et_pb_column type=\u00bb1_2&#8243; _builder_version=\u00bb4.2&#8243;][et_pb_text _builder_version=\u00bb4.4.7&#8243; hover_enabled=\u00bb0&#8243;]<\/p>\n<h4 style=\"text-align: left;\">\u00c1mbito local: El azulejo hidr\u00e1ulico y Esplugues<\/h4>\n<p>En su parada en Esplugues la muestra incorpora un \u00e1mbito local en el que se explica la relaci\u00f3n con el municipio:<\/p>\n<p>En primer lugar, la relaci\u00f3n con Pujol y Bausis que adem\u00e1s de ser f\u00e1brica de baldosas cer\u00e1micas tambi\u00e9n fue distribuidor de baldosa hidr\u00e1ulica. Se conservan cat\u00e1logos de Azulejos hidr\u00e1ulicas timbrados con la marca Pujol y Bausis, aunque nunca fueron dise\u00f1adores ni productores, que se pueden ver en la muestra.<\/p>\n<p>En segundo lugar, el mismo edificio de Can Tintur\u00e9 es protagonista, donde a pesar de la desaparici\u00f3n de los pasamanos y dem\u00e1s decoraci\u00f3n original, se han mantenido los mosaicos hidr\u00e1ulicos de la \u00e9poca, es ejemplo inmejorable para ver y pisar alfombras de cemento en su ubicaci\u00f3n original.<\/p>\n<p>[\/et_pb_text][\/et_pb_column][et_pb_column type=\u00bb1_2&#8243; _builder_version=\u00bb4.2&#8243;][et_pb_code _builder_version=\u00bb4.4.2&#8243;]<iframe loading=\"lazy\" src=\"https:\/\/www.youtube.com\/embed\/6PLbmcV8oxU\" width=\"560\" height=\"315\" frameborder=\"0\" allowfullscreen=\"allowfullscreen\"><\/iframe>[\/et_pb_code][\/et_pb_column][\/et_pb_row][\/et_pb_section]<\/p>\n","protected":false},"excerpt":{"rendered":"<p>CATIFES DE CIMENT El mundo del azulejo hidr\u00e1ulico Del 28 de enero al 3 de abril de 2016. #modernismo La exposici\u00f3n itinerante Catifes de ciment. El mundo de la baldosa hidr\u00e1ulica llega en Esplugues. Esta muestra pone en valor la baldosa hidr\u00e1ulica muy vinculada a la arquitectura catalana. Catifes de ciment es una exposici\u00f3n organizada [&hellip;]<\/p>\n","protected":false},"author":2,"featured_media":0,"parent":0,"menu_order":0,"comment_status":"closed","ping_status":"closed","template":"","meta":{"_et_pb_use_builder":"on","_et_pb_old_content":"","_et_gb_content_width":"","_uag_custom_page_level_css":"","footnotes":""},"class_list":["post-29066","page","type-page","status-publish","hentry"],"uagb_featured_image_src":{"full":false,"thumbnail":false,"medium":false,"medium_large":false,"large":false,"1536x1536":false,"2048x2048":false,"et-pb-post-main-image":false,"et-pb-post-main-image-fullwidth":false,"et-pb-portfolio-image":false,"et-pb-portfolio-module-image":false,"et-pb-portfolio-image-single":false,"et-pb-gallery-module-image-portrait":false,"et-pb-post-main-image-fullwidth-large":false,"et-pb-image--responsive--desktop":false,"et-pb-image--responsive--tablet":false,"et-pb-image--responsive--phone":false},"uagb_author_info":{"display_name":"empiezapori","author_link":"https:\/\/museus.esplugues.cat\/es\/author\/empiezapori"},"uagb_comment_info":0,"uagb_excerpt":"CATIFES DE CIMENT El mundo del azulejo hidr\u00e1ulico Del 28 de enero al 3 de abril de 2016. #modernismo La exposici\u00f3n itinerante Catifes de ciment. El mundo de la baldosa hidr\u00e1ulica llega en Esplugues. Esta muestra pone en valor la baldosa hidr\u00e1ulica muy vinculada a la arquitectura catalana. Catifes de ciment es una exposici\u00f3n organizada&hellip;","_links":{"self":[{"href":"https:\/\/museus.esplugues.cat\/es\/wp-json\/wp\/v2\/pages\/29066","targetHints":{"allow":["GET"]}}],"collection":[{"href":"https:\/\/museus.esplugues.cat\/es\/wp-json\/wp\/v2\/pages"}],"about":[{"href":"https:\/\/museus.esplugues.cat\/es\/wp-json\/wp\/v2\/types\/page"}],"author":[{"embeddable":true,"href":"https:\/\/museus.esplugues.cat\/es\/wp-json\/wp\/v2\/users\/2"}],"replies":[{"embeddable":true,"href":"https:\/\/museus.esplugues.cat\/es\/wp-json\/wp\/v2\/comments?post=29066"}],"version-history":[{"count":2,"href":"https:\/\/museus.esplugues.cat\/es\/wp-json\/wp\/v2\/pages\/29066\/revisions"}],"predecessor-version":[{"id":29071,"href":"https:\/\/museus.esplugues.cat\/es\/wp-json\/wp\/v2\/pages\/29066\/revisions\/29071"}],"wp:attachment":[{"href":"https:\/\/museus.esplugues.cat\/es\/wp-json\/wp\/v2\/media?parent=29066"}],"curies":[{"name":"wp","href":"https:\/\/api.w.org\/{rel}","templated":true}]}}