{"id":29084,"date":"2020-06-17T12:23:11","date_gmt":"2020-06-17T10:23:11","guid":{"rendered":"https:\/\/museus.esplugues.cat\/visita-para-familias\/los-mel-en-casa"},"modified":"2020-06-17T12:27:37","modified_gmt":"2020-06-17T10:27:37","slug":"los-mel-en-casa","status":"publish","type":"page","link":"https:\/\/museus.esplugues.cat\/es\/visita-para-familias\/los-mel-en-casa","title":{"rendered":"Los MEL en casa"},"content":{"rendered":"<p>[et_pb_section fb_built=\u00bb1&#8243; _builder_version=\u00bb4.4.2&#8243; use_background_color_gradient=\u00bbon\u00bb background_color_gradient_start=\u00bb#8c944d\u00bb background_color_gradient_end=\u00bbrgba(140,148,77,0.21)\u00bb background_color_gradient_direction=\u00bb130deg\u00bb background_color_gradient_start_position=\u00bb49%\u00bb background_color_gradient_end_position=\u00bb18%\u00bb background_image=\u00bbhttps:\/\/museus.esplugues.cat\/wp-content\/uploads\/2020\/05\/Cap\u00e7alera-families.jpg\u00bb background_blend=\u00bbmultiply\u00bb][et_pb_row column_structure=\u00bb2_3,1_3&#8243; _builder_version=\u00bb4.0.7&#8243;][et_pb_column type=\u00bb2_3&#8243; _builder_version=\u00bb4.0.7&#8243;][et_pb_text _builder_version=\u00bb4.4.2&#8243; header_font=\u00bb|300|||||||\u00bb header_text_color=\u00bb#ffffff\u00bb header_font_size=\u00bb50px\u00bb custom_padding=\u00bb21px|||||\u00bb header_font_size_tablet=\u00bb\u00bb header_font_size_phone=\u00bb30px\u00bb header_font_size_last_edited=\u00bbon|desktop\u00bb]<\/p>\n<h1>Los MEL en casa<\/h1>\n<p>[\/et_pb_text][\/et_pb_column][et_pb_column type=\u00bb1_3&#8243; _builder_version=\u00bb4.0.7&#8243;][\/et_pb_column][\/et_pb_row][\/et_pb_section][et_pb_section fb_built=\u00bb1&#8243; _builder_version=\u00bb4.4.7&#8243; background_enable_color=\u00bboff\u00bb custom_margin=\u00bb0px||0px||false|false\u00bb custom_padding=\u00bb44px||0px||false|false\u00bb][et_pb_row column_structure=\u00bb1_2,1_2&#8243; _builder_version=\u00bb4.3.3&#8243; custom_margin=\u00bb-12px|auto||auto||\u00bb custom_padding=\u00bb3px||8px|||\u00bb][et_pb_column type=\u00bb1_2&#8243; _builder_version=\u00bb4.3.3&#8243;][et_pb_text _builder_version=\u00bb4.4.2&#8243; min_height=\u00bb16px\u00bb custom_margin=\u00bb||-8px|||\u00bb custom_padding=\u00bb||12px|||\u00bb]<\/p>\n<h3>RECURSOS DISPONIBLES<\/h3>\n<p>[\/et_pb_text][\/et_pb_column][et_pb_column type=\u00bb1_2&#8243; _builder_version=\u00bb4.3.3&#8243;][\/et_pb_column][\/et_pb_row][et_pb_row column_structure=\u00bb1_2,1_2&#8243; _builder_version=\u00bb4.3.3&#8243; custom_margin=\u00bb-12px|auto||auto||\u00bb custom_padding=\u00bb6px||49px|||\u00bb][et_pb_column type=\u00bb1_2&#8243; _builder_version=\u00bb4.3.3&#8243;][et_pb_text _builder_version=\u00bb4.4.2&#8243; header_4_font=\u00bb||||||||\u00bb min_height=\u00bb29px\u00bb custom_margin=\u00bb||-2px|||\u00bb custom_padding=\u00bb||0px|||\u00bb]<\/p>\n<h4><b>El joc de les parelles<\/b><\/h4>\n<p>[\/et_pb_text][et_pb_divider _builder_version=\u00bb4.3.3&#8243; custom_margin=\u00bb||8px|||\u00bb custom_padding=\u00bb0px||0px|||\u00bb][\/et_pb_divider][et_pb_code _builder_version=\u00bb4.4.2&#8243;]<iframe loading=\"lazy\" src=\"https:\/\/www.youtube.com\/embed\/WlWcZfwXGDw\" width=\"560\" height=\"315\" frameborder=\"0\" allowfullscreen=\"allowfullscreen\"><\/iframe>[\/et_pb_code][\/et_pb_column][et_pb_column type=\u00bb1_2&#8243; _builder_version=\u00bb4.3.3&#8243;][et_pb_text _builder_version=\u00bb4.4.2&#8243; header_4_font=\u00bb||||||||\u00bb min_height=\u00bb29px\u00bb custom_margin=\u00bb||-2px|||\u00bb custom_padding=\u00bb||0px|||\u00bb]<\/p>\n<h4><b>Les roses s\u00f3n vermelles<\/b><\/h4>\n<p>[\/et_pb_text][et_pb_divider _builder_version=\u00bb4.3.3&#8243; custom_margin=\u00bb||8px|||\u00bb custom_padding=\u00bb0px||0px|||\u00bb][\/et_pb_divider][et_pb_code _builder_version=\u00bb4.4.2&#8243;]<iframe loading=\"lazy\" src=\"https:\/\/www.youtube.com\/embed\/Ne9TvODACa0\" width=\"560\" height=\"315\" frameborder=\"0\" allowfullscreen=\"allowfullscreen\"><\/iframe>[\/et_pb_code][\/et_pb_column][\/et_pb_row][et_pb_row column_structure=\u00bb1_2,1_2&#8243; _builder_version=\u00bb4.3.3&#8243; custom_margin=\u00bb-12px|auto||auto||\u00bb custom_padding=\u00bb6px||49px|||\u00bb][et_pb_column type=\u00bb1_2&#8243; _builder_version=\u00bb4.3.3&#8243;][et_pb_text _builder_version=\u00bb4.4.7&#8243; header_4_font=\u00bb||||||||\u00bb min_height=\u00bb29px\u00bb custom_margin=\u00bb||-2px|||\u00bb custom_padding=\u00bb||0px|||\u00bb]<\/p>\n<h4><strong>Petites hist<\/strong>\u00f2ries, grans dones<\/h4>\n<p>[\/et_pb_text][et_pb_divider _builder_version=\u00bb4.3.3&#8243; custom_margin=\u00bb||8px|||\u00bb custom_padding=\u00bb0px||0px|||\u00bb][\/et_pb_divider][et_pb_code _builder_version=\u00bb4.4.7&#8243;]<iframe loading=\"lazy\" src=\"https:\/\/www.youtube.com\/embed\/C1yAYG6ycYA\" width=\"560\" height=\"315\" frameborder=\"0\" allowfullscreen=\"allowfullscreen\"><\/iframe>[\/et_pb_code][\/et_pb_column][et_pb_column type=\u00bb1_2&#8243; _builder_version=\u00bb4.3.3&#8243;][et_pb_text _builder_version=\u00bb4.4.7&#8243; header_4_font=\u00bb||||||||\u00bb min_height=\u00bb29px\u00bb custom_margin=\u00bb||-2px|||\u00bb custom_padding=\u00bb||0px|||\u00bb]<\/p>\n<h4><b>Fem un mosaic<\/b><\/h4>\n<p>[\/et_pb_text][et_pb_divider _builder_version=\u00bb4.3.3&#8243; custom_margin=\u00bb||8px|||\u00bb custom_padding=\u00bb0px||0px|||\u00bb][\/et_pb_divider][et_pb_code _builder_version=\u00bb4.4.7&#8243;]<iframe loading=\"lazy\" src=\"https:\/\/www.youtube.com\/embed\/SMVMy91k9Gc\" width=\"560\" height=\"315\" frameborder=\"0\" allowfullscreen=\"allowfullscreen\"><\/iframe>[\/et_pb_code][\/et_pb_column][\/et_pb_row][et_pb_row column_structure=\u00bb1_3,1_3,1_3&#8243; _builder_version=\u00bb4.3.3&#8243; custom_margin=\u00bb-12px|auto||auto||\u00bb custom_padding=\u00bb6px||49px|||\u00bb][et_pb_column type=\u00bb1_3&#8243; _builder_version=\u00bb4.3.3&#8243;][et_pb_text _builder_version=\u00bb4.4.7&#8243; header_4_font=\u00bb||||||||\u00bb min_height=\u00bb29px\u00bb custom_margin=\u00bb||-2px|||\u00bb custom_padding=\u00bb||0px|||\u00bb hover_enabled=\u00bb0&#8243;]<\/p>\n<h4><b>El recortable de las baldosas de Esplugues<\/b><\/h4>\n<p>[\/et_pb_text][et_pb_divider _builder_version=\u00bb4.3.3&#8243; custom_margin=\u00bb||8px|||\u00bb custom_padding=\u00bb0px||0px|||\u00bb][\/et_pb_divider][et_pb_text _builder_version=\u00bb4.4.7&#8243; hover_enabled=\u00bb0&#8243;]<\/p>\n<p>\u00bfQuieres convertirte en dise\u00f1adores de cer\u00e1mica?<\/p>\n<p><strong>Instrucciones:<\/strong><\/p>\n<ul>\n<li>Descargue el pdf con los materiales<\/li>\n<li>Imprime o dibuja la base del azulejo tantas veces como quieras<\/li>\n<li>Imprime o dibuja los elementos decorativos<\/li>\n<li>Pinta los elementos decorativos con colores, y recortar los mismos<\/li>\n<li>Pega los elementos en los azulejos combin\u00e1ndolos como desee, y creando los su propio dise\u00f1o<\/li>\n<\/ul>\n<p>[\/et_pb_text][et_pb_button button_url=\u00bbhttps:\/\/museus.esplugues.cat\/wp-content\/uploads\/2020\/05\/Museus-Retallable-Les-Rajoles-dEsplugues.pdf\u00bb url_new_window=\u00bbon\u00bb button_text=\u00bbMaterial descargable\u00bb button_alignment=\u00bbcenter\u00bb _builder_version=\u00bb4.4.7&#8243; hover_enabled=\u00bb0&#8243;][\/et_pb_button][\/et_pb_column][et_pb_column type=\u00bb1_3&#8243; _builder_version=\u00bb4.3.3&#8243;][et_pb_text _builder_version=\u00bb4.4.7&#8243; header_4_font=\u00bb||||||||\u00bb min_height=\u00bb29px\u00bb custom_margin=\u00bb||-2px|||\u00bb custom_padding=\u00bb||0px|||\u00bb hover_enabled=\u00bb0&#8243;]<\/p>\n<h4><b>El juego del azulejo de vela<\/b><\/h4>\n<p>[\/et_pb_text][et_pb_divider _builder_version=\u00bb4.3.3&#8243; custom_margin=\u00bb||8px|||\u00bb custom_padding=\u00bb0px||0px|||\u00bb][\/et_pb_divider][et_pb_text _builder_version=\u00bb4.4.7&#8243; hover_enabled=\u00bb0&#8243;]<\/p>\n<p>\u00bfConoces el azulejo de vela?<span style=\"font-weight: 400;\"> <br \/><\/span><\/p>\n<p>Es un modelo cuadrado formado por dos tri\u00e1ngulos: uno blanco y otro de color, en la mayor\u00eda de casos verde, pero tambi\u00e9n puede ser azul o amarillo .y para nuestro juego del color que m\u00e1s os guste.<\/p>\n<p>En Catalu\u00f1a la conocemos con el nombre de la VELA pero tambi\u00e9n se llama el pa\u00f1uelito en tierras valencianas<\/p>\n<p>Las combinaciones que podemos hacer con estas baldosas son infinitas, y os invitamos a jugar creando todas las combinaciones que desee.<\/p>\n<p><span style=\"font-weight: 400;\"><strong>Instrucciones:<\/strong>\u00a0<\/span><\/p>\n<ul>\n<li>Descarga el pdf con los materiales<\/li>\n<li>Imprime o dibuja la plantilla del azulejo de vela, un m\u00ednimo de 6 tarjetas y un m\u00e1ximo de las que quieras.<\/li>\n<li>Recorta, y pinta uno de los tri\u00e1ngulos de color. El modelo m\u00e1s popular era verde pero puede hacerlo de cualquier otro color.<\/li>\n<li>Seguid las plantillas e intenta crear combinaciones que os hemos propuesto o inventa nuevas combinaciones<\/li>\n<\/ul>\n<p>[\/et_pb_text][et_pb_button button_url=\u00bbhttps:\/\/museus.esplugues.cat\/wp-content\/uploads\/2020\/05\/Museus-Joc-de-la-rajola-de-vela.pdf\u00bb url_new_window=\u00bbon\u00bb button_text=\u00bbMaterial descargable\u00bb button_alignment=\u00bbcenter\u00bb _builder_version=\u00bb4.4.7&#8243; hover_enabled=\u00bb0&#8243;][\/et_pb_button][\/et_pb_column][et_pb_column type=\u00bb1_3&#8243; _builder_version=\u00bb4.3.3&#8243;][et_pb_text _builder_version=\u00bb4.4.7&#8243; header_4_font=\u00bb||||||||\u00bb min_height=\u00bb29px\u00bb custom_margin=\u00bb||-2px|||\u00bb custom_padding=\u00bb||0px|||\u00bb hover_enabled=\u00bb0&#8243;]<\/p>\n<h4><b>Mandalas y Azulejos<\/b><\/h4>\n<p>[\/et_pb_text][et_pb_divider _builder_version=\u00bb4.3.3&#8243; custom_margin=\u00bb||8px|||\u00bb custom_padding=\u00bb0px||0px|||\u00bb][\/et_pb_divider][et_pb_text _builder_version=\u00bb4.4.7&#8243; hover_enabled=\u00bb0&#8243;]<\/p>\n<p>Para grandes y peque\u00f1os, pintar mandalas es un ejercicio de relajaci\u00f3n, concentraci\u00f3n y encuentro con uno mismo.<\/p>\n<p>Estos d\u00edas convulsos todos necesitamos momentos de calma y por este motivo hemos reconvertido algunas de los azulejos de Can Tintur\u00e9 en \u00abmandalas\u00bb.<\/p>\n<p><strong>Instrucciones:\u00a0<\/strong><\/p>\n<ul>\n<li>Descargue el pdf con los materiales<\/li>\n<li>Pintar las propuestas de baldosas con l\u00e1pices de colores<\/li>\n<\/ul>\n<p>[\/et_pb_text][et_pb_button button_url=\u00bbhttps:\/\/museus.esplugues.cat\/wp-content\/uploads\/2020\/05\/Museus-Mandales-i-rajoles.pdf\u00bb url_new_window=\u00bbon\u00bb button_text=\u00bbMaterial descargable\u00bb button_alignment=\u00bbcenter\u00bb _builder_version=\u00bb4.4.7&#8243; hover_enabled=\u00bb0&#8243;][\/et_pb_button][\/et_pb_column][\/et_pb_row][\/et_pb_section][et_pb_section fb_built=\u00bb1&#8243; _builder_version=\u00bb4.4.7&#8243; background_color=\u00bb#F9F9F9&#8243; custom_margin=\u00bb0px||0px||false|false\u00bb custom_padding=\u00bb44px||0px||false|false\u00bb][et_pb_row column_structure=\u00bb1_2,1_2&#8243; _builder_version=\u00bb4.3.3&#8243; custom_margin=\u00bb-12px|auto||auto||\u00bb custom_padding=\u00bb3px|||||\u00bb][et_pb_column type=\u00bb1_2&#8243; _builder_version=\u00bb4.3.3&#8243;][et_pb_text _builder_version=\u00bb4.4.7&#8243; min_height=\u00bb16px\u00bb custom_margin=\u00bb||-12px|||\u00bb custom_padding=\u00bb||12px|||\u00bb hover_enabled=\u00bb0&#8243;]<\/p>\n<h3>JUGAMOS Y APRENDEMOS CON EL MEL, EN CASA<\/h3>\n<p>[\/et_pb_text][et_pb_text _builder_version=\u00bb4.4.7&#8243; header_4_font=\u00bb||||||||\u00bb custom_margin=\u00bb-10px|||||\u00bb hover_enabled=\u00bb0&#8243;]<\/p>\n<ul>\n<li>Las actividades est\u00e1n dise\u00f1adas para hacer en casa con materiales habituales: tijeras, pegamento, l\u00e1pices de colores y materiales reciclados como cartones o envases.<\/li>\n<li>Son actividades pensadas para hacer conjuntamente ni\u00f1os y ni\u00f1as con adultos<\/li>\n<li>Los tutoriales de v\u00eddeo incorporan pictos para facilitar la actividad a ni\u00f1os con TEA, int\u00e9rprete LSC y audio descripci\u00f3n para personas ciegas.<\/li>\n<li>No es necesario disponer de impresora, s\u00f3lo requiere un poco m\u00e1s de esfuerzo para dibujar<\/li>\n<\/ul>\n<p>[\/et_pb_text][\/et_pb_column][et_pb_column type=\u00bb1_2&#8243; _builder_version=\u00bb4.3.3&#8243;][\/et_pb_column][\/et_pb_row][\/et_pb_section]<\/p>\n","protected":false},"excerpt":{"rendered":"<p>Los MEL en casaRECURSOS DISPONIBLESEl joc de les parellesLes roses s\u00f3n vermellesPetites hist\u00f2ries, grans donesFem un mosaicEl recortable de las baldosas de Esplugues \u00bfQuieres convertirte en dise\u00f1adores de cer\u00e1mica? Instrucciones: Descargue el pdf con los materiales Imprime o dibuja la base del azulejo tantas veces como quieras Imprime o dibuja los elementos decorativos Pinta los [&hellip;]<\/p>\n","protected":false},"author":2,"featured_media":0,"parent":28144,"menu_order":0,"comment_status":"closed","ping_status":"closed","template":"","meta":{"_et_pb_use_builder":"on","_et_pb_old_content":"","_et_gb_content_width":"","_uag_custom_page_level_css":"","footnotes":""},"class_list":["post-29084","page","type-page","status-publish","hentry"],"uagb_featured_image_src":{"full":false,"thumbnail":false,"medium":false,"medium_large":false,"large":false,"1536x1536":false,"2048x2048":false,"et-pb-post-main-image":false,"et-pb-post-main-image-fullwidth":false,"et-pb-portfolio-image":false,"et-pb-portfolio-module-image":false,"et-pb-portfolio-image-single":false,"et-pb-gallery-module-image-portrait":false,"et-pb-post-main-image-fullwidth-large":false,"et-pb-image--responsive--desktop":false,"et-pb-image--responsive--tablet":false,"et-pb-image--responsive--phone":false},"uagb_author_info":{"display_name":"empiezapori","author_link":"https:\/\/museus.esplugues.cat\/es\/author\/empiezapori"},"uagb_comment_info":0,"uagb_excerpt":"Los MEL en casaRECURSOS DISPONIBLESEl joc de les parellesLes roses s\u00f3n vermellesPetites hist\u00f2ries, grans donesFem un mosaicEl recortable de las baldosas de Esplugues \u00bfQuieres convertirte en dise\u00f1adores de cer\u00e1mica? Instrucciones: Descargue el pdf con los materiales Imprime o dibuja la base del azulejo tantas veces como quieras Imprime o dibuja los elementos decorativos Pinta los&hellip;","_links":{"self":[{"href":"https:\/\/museus.esplugues.cat\/es\/wp-json\/wp\/v2\/pages\/29084","targetHints":{"allow":["GET"]}}],"collection":[{"href":"https:\/\/museus.esplugues.cat\/es\/wp-json\/wp\/v2\/pages"}],"about":[{"href":"https:\/\/museus.esplugues.cat\/es\/wp-json\/wp\/v2\/types\/page"}],"author":[{"embeddable":true,"href":"https:\/\/museus.esplugues.cat\/es\/wp-json\/wp\/v2\/users\/2"}],"replies":[{"embeddable":true,"href":"https:\/\/museus.esplugues.cat\/es\/wp-json\/wp\/v2\/comments?post=29084"}],"version-history":[{"count":2,"href":"https:\/\/museus.esplugues.cat\/es\/wp-json\/wp\/v2\/pages\/29084\/revisions"}],"predecessor-version":[{"id":29087,"href":"https:\/\/museus.esplugues.cat\/es\/wp-json\/wp\/v2\/pages\/29084\/revisions\/29087"}],"up":[{"embeddable":true,"href":"https:\/\/museus.esplugues.cat\/es\/wp-json\/wp\/v2\/pages\/28144"}],"wp:attachment":[{"href":"https:\/\/museus.esplugues.cat\/es\/wp-json\/wp\/v2\/media?parent=29084"}],"curies":[{"name":"wp","href":"https:\/\/api.w.org\/{rel}","templated":true}]}}