{"id":29090,"date":"2020-06-17T12:45:27","date_gmt":"2020-06-17T10:45:27","guid":{"rendered":"https:\/\/museus.esplugues.cat\/suscripcion-mailing"},"modified":"2020-09-16T11:25:34","modified_gmt":"2020-09-16T09:25:34","slug":"suscripcion-mailing","status":"publish","type":"page","link":"https:\/\/museus.esplugues.cat\/es\/suscripcion-mailing","title":{"rendered":"Suscripci\u00f3n Mailing"},"content":{"rendered":"<p>[et_pb_section fb_built=\u00bb1&#8243; _builder_version=\u00bb4.0.7&#8243; background_color=\u00bb#eeefe4&#8243; custom_margin_tablet=\u00bb\u00bb custom_margin_phone=\u00bb0px||0px||false|false\u00bb custom_margin_last_edited=\u00bbon|phone\u00bb custom_padding=\u00bb0px||0px||false|false\u00bb][et_pb_row _builder_version=\u00bb4.0.7&#8243;][et_pb_column type=\u00bb4_4&#8243; _builder_version=\u00bb4.0.7&#8243;][et_pb_text _builder_version=\u00bb4.4.7&#8243; header_font=\u00bb|300|||||||\u00bb header_font_size=\u00bb50px\u00bb custom_margin_tablet=\u00bb\u00bb custom_margin_phone=\u00bb0px||0px||false|false\u00bb custom_margin_last_edited=\u00bbon|phone\u00bb custom_padding=\u00bb0px||0px||false|false\u00bb header_font_size_tablet=\u00bb\u00bb header_font_size_phone=\u00bb35px\u00bb header_font_size_last_edited=\u00bbon|phone\u00bb]<\/p>\n<h1>Suscripci\u00f3n mailing<\/h1>\n<p>[\/et_pb_text][\/et_pb_column][\/et_pb_row][\/et_pb_section][et_pb_section fb_built=\u00bb1&#8243; _builder_version=\u00bb4.0.7&#8243;][et_pb_row column_structure=\u00bb1_2,1_2&#8243; use_custom_gutter=\u00bbon\u00bb gutter_width=\u00bb4&#8243; _builder_version=\u00bb4.0.7&#8243;][et_pb_column type=\u00bb1_2&#8243; _builder_version=\u00bb4.0.7&#8243;][et_pb_contact_form email=\u00bbmuseus@esplugues.cat\u00bb submit_button_text=\u00bbEnviar\u00bb _builder_version=\u00bb4.4.9&#8243; hover_enabled=\u00bb0&#8243; success_message=\u00bbGracias por contactar con nosotros.\u00bb][et_pb_contact_field field_id=\u00bbNom\u00bb field_title=\u00bbNombre*\u00bb fullwidth_field=\u00bbon\u00bb _builder_version=\u00bb4.4.7&#8243; button_text_size__hover_enabled=\u00bboff\u00bb button_one_text_size__hover_enabled=\u00bboff\u00bb button_two_text_size__hover_enabled=\u00bboff\u00bb button_text_color__hover_enabled=\u00bboff\u00bb button_one_text_color__hover_enabled=\u00bboff\u00bb button_two_text_color__hover_enabled=\u00bboff\u00bb button_border_width__hover_enabled=\u00bboff\u00bb button_one_border_width__hover_enabled=\u00bboff\u00bb button_two_border_width__hover_enabled=\u00bboff\u00bb button_border_color__hover_enabled=\u00bboff\u00bb button_one_border_color__hover_enabled=\u00bboff\u00bb button_two_border_color__hover_enabled=\u00bboff\u00bb button_border_radius__hover_enabled=\u00bboff\u00bb button_one_border_radius__hover_enabled=\u00bboff\u00bb button_two_border_radius__hover_enabled=\u00bboff\u00bb button_letter_spacing__hover_enabled=\u00bboff\u00bb button_one_letter_spacing__hover_enabled=\u00bboff\u00bb button_two_letter_spacing__hover_enabled=\u00bboff\u00bb button_bg_color__hover_enabled=\u00bboff\u00bb button_one_bg_color__hover_enabled=\u00bboff\u00bb button_two_bg_color__hover_enabled=\u00bboff\u00bb][\/et_pb_contact_field][et_pb_contact_field field_id=\u00bbCognoms\u00bb field_title=\u00bbApellidos*\u00bb fullwidth_field=\u00bbon\u00bb _builder_version=\u00bb4.4.7&#8243; button_text_size__hover_enabled=\u00bboff\u00bb button_one_text_size__hover_enabled=\u00bboff\u00bb button_two_text_size__hover_enabled=\u00bboff\u00bb button_text_color__hover_enabled=\u00bboff\u00bb button_one_text_color__hover_enabled=\u00bboff\u00bb button_two_text_color__hover_enabled=\u00bboff\u00bb button_border_width__hover_enabled=\u00bboff\u00bb button_one_border_width__hover_enabled=\u00bboff\u00bb button_two_border_width__hover_enabled=\u00bboff\u00bb button_border_color__hover_enabled=\u00bboff\u00bb button_one_border_color__hover_enabled=\u00bboff\u00bb button_two_border_color__hover_enabled=\u00bboff\u00bb button_border_radius__hover_enabled=\u00bboff\u00bb button_one_border_radius__hover_enabled=\u00bboff\u00bb button_two_border_radius__hover_enabled=\u00bboff\u00bb button_letter_spacing__hover_enabled=\u00bboff\u00bb button_one_letter_spacing__hover_enabled=\u00bboff\u00bb button_two_letter_spacing__hover_enabled=\u00bboff\u00bb button_bg_color__hover_enabled=\u00bboff\u00bb button_one_bg_color__hover_enabled=\u00bboff\u00bb button_two_bg_color__hover_enabled=\u00bboff\u00bb][\/et_pb_contact_field][et_pb_contact_field field_id=\u00bbEmail\u00bb field_title=\u00bbEmail*\u00bb field_type=\u00bbemail\u00bb fullwidth_field=\u00bbon\u00bb _builder_version=\u00bb4.4.7&#8243; button_text_size__hover_enabled=\u00bboff\u00bb button_one_text_size__hover_enabled=\u00bboff\u00bb button_two_text_size__hover_enabled=\u00bboff\u00bb button_text_color__hover_enabled=\u00bboff\u00bb button_one_text_color__hover_enabled=\u00bboff\u00bb button_two_text_color__hover_enabled=\u00bboff\u00bb button_border_width__hover_enabled=\u00bboff\u00bb button_one_border_width__hover_enabled=\u00bboff\u00bb button_two_border_width__hover_enabled=\u00bboff\u00bb button_border_color__hover_enabled=\u00bboff\u00bb button_one_border_color__hover_enabled=\u00bboff\u00bb button_two_border_color__hover_enabled=\u00bboff\u00bb button_border_radius__hover_enabled=\u00bboff\u00bb button_one_border_radius__hover_enabled=\u00bboff\u00bb button_two_border_radius__hover_enabled=\u00bboff\u00bb button_letter_spacing__hover_enabled=\u00bboff\u00bb button_one_letter_spacing__hover_enabled=\u00bboff\u00bb button_two_letter_spacing__hover_enabled=\u00bboff\u00bb button_bg_color__hover_enabled=\u00bboff\u00bb button_one_bg_color__hover_enabled=\u00bboff\u00bb button_two_bg_color__hover_enabled=\u00bboff\u00bb][\/et_pb_contact_field][et_pb_contact_field field_id=\u00bbPoblaci\u00f3\u00bb field_title=\u00bbPoblaci\u00f3n*\u00bb field_type=\u00bbemail\u00bb fullwidth_field=\u00bbon\u00bb _builder_version=\u00bb4.4.7&#8243; button_text_size__hover_enabled=\u00bboff\u00bb button_one_text_size__hover_enabled=\u00bboff\u00bb button_two_text_size__hover_enabled=\u00bboff\u00bb button_text_color__hover_enabled=\u00bboff\u00bb button_one_text_color__hover_enabled=\u00bboff\u00bb button_two_text_color__hover_enabled=\u00bboff\u00bb button_border_width__hover_enabled=\u00bboff\u00bb button_one_border_width__hover_enabled=\u00bboff\u00bb button_two_border_width__hover_enabled=\u00bboff\u00bb button_border_color__hover_enabled=\u00bboff\u00bb button_one_border_color__hover_enabled=\u00bboff\u00bb button_two_border_color__hover_enabled=\u00bboff\u00bb button_border_radius__hover_enabled=\u00bboff\u00bb button_one_border_radius__hover_enabled=\u00bboff\u00bb button_two_border_radius__hover_enabled=\u00bboff\u00bb button_letter_spacing__hover_enabled=\u00bboff\u00bb button_one_letter_spacing__hover_enabled=\u00bboff\u00bb button_two_letter_spacing__hover_enabled=\u00bboff\u00bb button_bg_color__hover_enabled=\u00bboff\u00bb button_one_bg_color__hover_enabled=\u00bboff\u00bb button_two_bg_color__hover_enabled=\u00bboff\u00bb][\/et_pb_contact_field][et_pb_contact_field field_id=\u00bbEdat\u00bb field_title=\u00bbEdad\u00bb field_type=\u00bbradio\u00bb radio_options=\u00bb%91{%22value%22:%22De 15 a 20 a\u00f1os%22,%22checked%22:0,%22dragID%22:-1},{%22value%22:%22De 21 a 25 a\u00f1os%22,%22checked%22:0,%22dragID%22:0},{%22value%22:%22De 26 a 30 a\u00f1os%22,%22checked%22:0,%22dragID%22:1},{%22value%22:%22De 31 a 40 a\u00f1os%22,%22checked%22:0,%22dragID%22:2},{%22value%22:%22De 41 a 50 a\u00f1os%22,%22checked%22:0,%22dragID%22:3},{%22value%22:%22De 51 a 65 a\u00f1os%22,%22checked%22:0,%22dragID%22:4},{%22value%22:%22M\u00e1s de 65 a\u00f1os%22,%22checked%22:0,%22dragID%22:5}%93&#8243; required_mark=\u00bboff\u00bb fullwidth_field=\u00bbon\u00bb _builder_version=\u00bb4.4.7&#8243;][\/et_pb_contact_field][et_pb_contact_field field_id=\u00bbInteressos\u00bb field_title=\u00bbMe interesan (marca hasta 3 opciones)\u00bb field_type=\u00bbcheckbox\u00bb checkbox_options=\u00bb%91{%22value%22:%22Exposiciones temporales%22,%22checked%22:0,%22dragID%22:-1},{%22value%22:%22Actividades culturales en general%22,%22checked%22:0,%22dragID%22:0},{%22value%22:%22Actividades familiares%22,%22checked%22:0,%22dragID%22:1},{%22value%22:%22La cer\u00e1mica antigua%22,%22checked%22:0,%22dragID%22:2},{%22value%22:%22La cer\u00e1mica contempor\u00e1nea%22,%22checked%22:0,%22dragID%22:3},{%22value%22:%22La historia de Esplugues%22,%22checked%22:0,%22dragID%22:4},{%22value%22:%22El patrimonio industrial%22,%22checked%22:0,%22dragID%22:5},{%22value%22:%22Los Museos de Esplugues, informaci\u00f3n general%22,%22checked%22:0,%22dragID%22:6}%93&#8243; required_mark=\u00bboff\u00bb fullwidth_field=\u00bbon\u00bb _builder_version=\u00bb4.4.7&#8243;][\/et_pb_contact_field][\/et_pb_contact_form][\/et_pb_column][et_pb_column type=\u00bb1_2&#8243; _builder_version=\u00bb4.0.7&#8243;][et_pb_text _builder_version=\u00bb4.4.7&#8243;]<em>Le informamos que sus datos ser\u00e1n tratados para remitirle comunicaciones en relaci\u00f3n a exposiciones actividades y otras iniciativas relacionadas con los Museos de Esplugues. El Responsable de Tratamiento del Ayuntamiento de Esplugues de Llobregat. Sus datos no ser\u00e1n comunicados a terceros. Para m\u00e1s informaci\u00f3n puede consultar la pol\u00edtica de privacidad a www.esplugues.cat.<\/em><\/p>\n<p><em>En cualquier momento podr\u00e1 revocar su consentimiento y dejar de recibir nuestras Comuniaci\u00f3n enviando un correo electr\u00f3nico a subscriptors.museus@esplugues.cat<\/em><\/p>\n<p><em>Para ejercer sus derechos de acceso, rectificaci\u00f3n, supresi\u00f3n, oposici\u00f3n, portabilidad y limitaci\u00f3n de los datos puede dirigir un escrito dirigido al Punto de Atenci\u00f3n Ciudadana (PAC) del Ayuntamiento de Esplugues de Llobregat, Plaza Santa Magdalena, 24 o Rambla Virgen de la Merced, 1 (08950) Esplugues Llobregat o bien a trav\u00e9s del Portal de la Ciutadania.s.<\/em>[\/et_pb_text][\/et_pb_column][\/et_pb_row][\/et_pb_section]<\/p>\n","protected":false},"excerpt":{"rendered":"<p>Suscripci\u00f3n mailingLe informamos que sus datos ser\u00e1n tratados para remitirle comunicaciones en relaci\u00f3n a exposiciones actividades y otras iniciativas relacionadas con los Museos de Esplugues. El Responsable de Tratamiento del Ayuntamiento de Esplugues de Llobregat. Sus datos no ser\u00e1n comunicados a terceros. Para m\u00e1s informaci\u00f3n puede consultar la pol\u00edtica de privacidad a www.esplugues.cat. En cualquier [&hellip;]<\/p>\n","protected":false},"author":2,"featured_media":0,"parent":0,"menu_order":0,"comment_status":"closed","ping_status":"closed","template":"","meta":{"_et_pb_use_builder":"on","_et_pb_old_content":"","_et_gb_content_width":"","_uag_custom_page_level_css":"","footnotes":""},"class_list":["post-29090","page","type-page","status-publish","hentry"],"uagb_featured_image_src":{"full":false,"thumbnail":false,"medium":false,"medium_large":false,"large":false,"1536x1536":false,"2048x2048":false,"et-pb-post-main-image":false,"et-pb-post-main-image-fullwidth":false,"et-pb-portfolio-image":false,"et-pb-portfolio-module-image":false,"et-pb-portfolio-image-single":false,"et-pb-gallery-module-image-portrait":false,"et-pb-post-main-image-fullwidth-large":false,"et-pb-image--responsive--desktop":false,"et-pb-image--responsive--tablet":false,"et-pb-image--responsive--phone":false},"uagb_author_info":{"display_name":"empiezapori","author_link":"https:\/\/museus.esplugues.cat\/es\/author\/empiezapori"},"uagb_comment_info":0,"uagb_excerpt":"Suscripci\u00f3n mailingLe informamos que sus datos ser\u00e1n tratados para remitirle comunicaciones en relaci\u00f3n a exposiciones actividades y otras iniciativas relacionadas con los Museos de Esplugues. El Responsable de Tratamiento del Ayuntamiento de Esplugues de Llobregat. Sus datos no ser\u00e1n comunicados a terceros. Para m\u00e1s informaci\u00f3n puede consultar la pol\u00edtica de privacidad a www.esplugues.cat. En cualquier&hellip;","_links":{"self":[{"href":"https:\/\/museus.esplugues.cat\/es\/wp-json\/wp\/v2\/pages\/29090","targetHints":{"allow":["GET"]}}],"collection":[{"href":"https:\/\/museus.esplugues.cat\/es\/wp-json\/wp\/v2\/pages"}],"about":[{"href":"https:\/\/museus.esplugues.cat\/es\/wp-json\/wp\/v2\/types\/page"}],"author":[{"embeddable":true,"href":"https:\/\/museus.esplugues.cat\/es\/wp-json\/wp\/v2\/users\/2"}],"replies":[{"embeddable":true,"href":"https:\/\/museus.esplugues.cat\/es\/wp-json\/wp\/v2\/comments?post=29090"}],"version-history":[{"count":3,"href":"https:\/\/museus.esplugues.cat\/es\/wp-json\/wp\/v2\/pages\/29090\/revisions"}],"predecessor-version":[{"id":31507,"href":"https:\/\/museus.esplugues.cat\/es\/wp-json\/wp\/v2\/pages\/29090\/revisions\/31507"}],"wp:attachment":[{"href":"https:\/\/museus.esplugues.cat\/es\/wp-json\/wp\/v2\/media?parent=29090"}],"curies":[{"name":"wp","href":"https:\/\/api.w.org\/{rel}","templated":true}]}}