{"id":30650,"date":"2020-06-22T11:00:59","date_gmt":"2020-06-22T09:00:59","guid":{"rendered":"https:\/\/museus.esplugues.cat\/transparencia"},"modified":"2020-07-14T12:59:49","modified_gmt":"2020-07-14T10:59:49","slug":"transparencia","status":"publish","type":"page","link":"https:\/\/museus.esplugues.cat\/es\/transparencia","title":{"rendered":"Transparencia"},"content":{"rendered":"<p>[et_pb_section fb_built=\u00bb1&#8243; _builder_version=\u00bb4.4.7&#8243; use_background_color_gradient=\u00bbon\u00bb background_color_gradient_start=\u00bb#8c944d\u00bb background_color_gradient_end=\u00bbrgba(140,148,77,0.21)\u00bb background_color_gradient_direction=\u00bb130deg\u00bb background_color_gradient_start_position=\u00bb49%\u00bb background_color_gradient_end_position=\u00bb18%\u00bb background_image=\u00bbhttps:\/\/museus.esplugues.cat\/wp-content\/uploads\/2020\/05\/Transpar\u00e8ncia-cap\u00e7alera.jpg\u00bb background_blend=\u00bbmultiply\u00bb][et_pb_row column_structure=\u00bb2_3,1_3&#8243; _builder_version=\u00bb4.0.7&#8243;][et_pb_column type=\u00bb2_3&#8243; _builder_version=\u00bb4.0.7&#8243;][et_pb_text _builder_version=\u00bb4.4.7&#8243; header_font=\u00bb|300|||||||\u00bb header_text_color=\u00bb#ffffff\u00bb header_font_size=\u00bb50px\u00bb custom_padding=\u00bb24px|||||\u00bb header_font_size_tablet=\u00bb\u00bb header_font_size_phone=\u00bb30px\u00bb header_font_size_last_edited=\u00bbon|desktop\u00bb]<\/p>\n<h1>Transparencia<\/h1>\n<p>[\/et_pb_text][\/et_pb_column][et_pb_column type=\u00bb1_3&#8243; _builder_version=\u00bb4.0.7&#8243;][\/et_pb_column][\/et_pb_row][\/et_pb_section][et_pb_section fb_built=\u00bb1&#8243; _builder_version=\u00bb4.4.7&#8243; background_enable_color=\u00bboff\u00bb custom_margin=\u00bb0px||-23px||false|false\u00bb custom_padding=\u00bb0px||30px||false|false\u00bb][et_pb_row custom_padding_last_edited=\u00bbon|phone\u00bb _builder_version=\u00bb4.0.7&#8243; custom_margin=\u00bb0px||0px||false|false\u00bb custom_padding=\u00bb30px||0px||false|false\u00bb custom_padding_tablet=\u00bb\u00bb custom_padding_phone=\u00bb\u00bb border_width_bottom=\u00bb1px\u00bb border_color_bottom=\u00bb#8C944D\u00bb border_style_bottom=\u00bbdotted\u00bb][et_pb_column type=\u00bb4_4&#8243; _builder_version=\u00bb4.0.7&#8243;][et_pb_text module_id=\u00bbsensorial\u00bb _builder_version=\u00bb4.4.7&#8243; header_2_font=\u00bb|300|||||||\u00bb header_2_font_size=\u00bb30px\u00bb header_2_font_size_tablet=\u00bb\u00bb header_2_font_size_phone=\u00bb25px\u00bb header_2_font_size_last_edited=\u00bbon|phone\u00bb]<\/p>\n<h2>Transparencia<\/h2>\n<p>[\/et_pb_text][\/et_pb_column][\/et_pb_row][et_pb_row use_custom_gutter=\u00bbon\u00bb gutter_width=\u00bb4&#8243; _builder_version=\u00bb4.3.3&#8243; custom_margin=\u00bb13px|auto||auto||\u00bb custom_padding=\u00bb||0px||false|false\u00bb border_radii=\u00bbon|5px|5px|5px|5px\u00bb border_color_all=\u00bb#989F61&#8243;][et_pb_column type=\u00bb4_4&#8243; _builder_version=\u00bb4.3.3&#8243; custom_padding=\u00bb0px|0px|0px|0px|false|false\u00bb][et_pb_text _builder_version=\u00bb4.4.7&#8243; custom_margin=\u00bb-6px||12px|||\u00bb]<\/p>\n<h4><strong>Memorias de gesti\u00f3n<\/strong><\/h4>\n<p>&nbsp;<\/p>\n<p>[\/et_pb_text][\/et_pb_column][\/et_pb_row][et_pb_row column_structure=\u00bb1_3,1_3,1_3&#8243; use_custom_gutter=\u00bbon\u00bb gutter_width=\u00bb4&#8243; _builder_version=\u00bb4.3.3&#8243; custom_margin=\u00bb13px|auto||auto||\u00bb custom_padding=\u00bb||||false|false\u00bb border_radii=\u00bbon|5px|5px|5px|5px\u00bb border_color_all=\u00bb#989F61&#8243;][et_pb_column type=\u00bb1_3&#8243; _builder_version=\u00bb4.3.3&#8243; custom_padding=\u00bb0px|0px|0px|0px|false|false\u00bb][et_pb_button button_url=\u00bbhttps:\/\/museus.esplugues.cat\/es\/educacion-infantil\u00bb url_new_window=\u00bbon\u00bb button_text=\u00bb2019&#8243; button_alignment=\u00bbleft\u00bb _builder_version=\u00bb4.4.7&#8243; custom_margin=\u00bb||18px|||\u00bb][\/et_pb_button][\/et_pb_column][et_pb_column type=\u00bb1_3&#8243; _builder_version=\u00bb4.3.3&#8243;][et_pb_image src=\u00bbhttps:\/\/museus.esplugues.cat\/wp-content\/uploads\/2020\/07\/Portada-memoria-2018.jpg\u00bb title_text=\u00bbPortada-memoria-2018&#8243; url=\u00bbhttps:\/\/museus.esplugues.cat\/wp-content\/uploads\/2020\/07\/Mem\u00f2ria-2018.pdf\u00bb _builder_version=\u00bb4.4.9&#8243; width=\u00bb100%\u00bb custom_margin=\u00bb||18px|||\u00bb hover_enabled=\u00bb0&#8243;][\/et_pb_image][\/et_pb_column][et_pb_column type=\u00bb1_3&#8243; _builder_version=\u00bb4.0.7&#8243;][et_pb_image src=\u00bbhttps:\/\/museus.esplugues.cat\/wp-content\/uploads\/2020\/06\/Portada-memoria-2017.jpg\u00bb title_text=\u00bbPortada-memoria-2017&#8243; url=\u00bbhttps:\/\/museus.esplugues.cat\/wp-content\/uploads\/2020\/06\/Mem\u00f2ria-2017.pdf\u00bb _builder_version=\u00bb4.4.7&#8243; width=\u00bb100%\u00bb custom_margin=\u00bb||18px|||\u00bb][\/et_pb_image][\/et_pb_column][\/et_pb_row][et_pb_row column_structure=\u00bb1_3,1_3,1_3&#8243; use_custom_gutter=\u00bbon\u00bb gutter_width=\u00bb4&#8243; _builder_version=\u00bb4.3.3&#8243; custom_margin=\u00bb13px|auto||auto||\u00bb custom_padding=\u00bb||||false|false\u00bb border_radii=\u00bbon|5px|5px|5px|5px\u00bb border_color_all=\u00bb#989F61&#8243;][et_pb_column type=\u00bb1_3&#8243; _builder_version=\u00bb4.3.3&#8243; custom_padding=\u00bb0px|0px|0px|0px|false|false\u00bb][et_pb_image src=\u00bbhttps:\/\/museus.esplugues.cat\/wp-content\/uploads\/2020\/06\/Portada-memoria-2016.jpg\u00bb title_text=\u00bbPortada-memoria-2016&#8243; url=\u00bbhttps:\/\/museus.esplugues.cat\/wp-content\/uploads\/2020\/06\/Mem\u00f2ria-2016.pdf\u00bb _builder_version=\u00bb4.4.7&#8243; width=\u00bb100%\u00bb custom_margin=\u00bb||18px|||\u00bb][\/et_pb_image][\/et_pb_column][et_pb_column type=\u00bb1_3&#8243; _builder_version=\u00bb4.3.3&#8243;][et_pb_image src=\u00bbhttps:\/\/museus.esplugues.cat\/wp-content\/uploads\/2020\/06\/Portada-memoria-2015.jpg\u00bb title_text=\u00bbPortada-memoria-2015&#8243; url=\u00bbhttps:\/\/museus.esplugues.cat\/wp-content\/uploads\/2020\/06\/Mem\u00f2ria-2015.pdf\u00bb _builder_version=\u00bb4.4.7&#8243; width=\u00bb100%\u00bb custom_margin=\u00bb||18px|||\u00bb][\/et_pb_image][\/et_pb_column][et_pb_column type=\u00bb1_3&#8243; _builder_version=\u00bb4.0.7&#8243;][et_pb_image src=\u00bbhttps:\/\/museus.esplugues.cat\/wp-content\/uploads\/2020\/06\/Portada-memoria-2016.jpg\u00bb title_text=\u00bbPortada-memoria-2016&#8243; url=\u00bbhttps:\/\/museus.esplugues.cat\/wp-content\/uploads\/2020\/06\/Mem\u00f2ria-2016.pdf\u00bb _builder_version=\u00bb4.4.7&#8243; width=\u00bb100%\u00bb custom_margin=\u00bb||18px|||\u00bb][\/et_pb_image][\/et_pb_column][\/et_pb_row][\/et_pb_section][et_pb_section fb_built=\u00bb1&#8243; _builder_version=\u00bb4.4.7&#8243; background_color=\u00bb#f9f9f9&#8243; custom_margin=\u00bb-12px||0px||false|false\u00bb custom_padding=\u00bb0px||7px||false|false\u00bb][et_pb_row column_structure=\u00bb1_2,1_2&#8243; use_custom_gutter=\u00bbon\u00bb gutter_width=\u00bb4&#8243; disabled_on=\u00bboff|off|off\u00bb _builder_version=\u00bb4.4.7&#8243; custom_margin=\u00bb13px|auto||auto||\u00bb custom_padding=\u00bb40px||||false|false\u00bb border_radii=\u00bbon|5px|5px|5px|5px\u00bb border_color_all=\u00bb#989F61&#8243;][et_pb_column type=\u00bb1_2&#8243; _builder_version=\u00bb4.3.3&#8243; custom_padding=\u00bb0px|0px|0px|0px|false|false\u00bb][et_pb_text _builder_version=\u00bb4.4.7&#8243; custom_margin=\u00bb-6px|||||\u00bb]<\/p>\n<h4><b>Documentaci\u00f3n de gesti\u00f3n<\/b><\/h4>\n<p>&nbsp;<\/p>\n<p>Actualmente se est\u00e1 revisando el reglamento interno y la carta de servicios de los Museos de Esplugues.<\/p>\n<p><em>Pr\u00f3ximamente disponibles<\/em><\/p>\n<p>[\/et_pb_text][\/et_pb_column][et_pb_column type=\u00bb1_2&#8243; _builder_version=\u00bb4.3.3&#8243;][et_pb_text _builder_version=\u00bb4.4.7&#8243; custom_margin=\u00bb-6px|||||\u00bb]<\/p>\n<h4><strong>M\u00e1s informaci\u00f3n<\/strong><\/h4>\n<p>Portal de transparencia del Ayuntamiento de Esplugues de Llobregat<\/p>\n<p>[\/et_pb_text][et_pb_image src=\u00bbhttps:\/\/museus.esplugues.cat\/wp-content\/uploads\/2020\/05\/Transparencia-mes-info.jpg\u00bb title_text=\u00bbTransparencia-mes-info\u00bb url=\u00bbhttps:\/\/www.esplugues.cat\/indicadors%20de%20transparencia\u00bb url_new_window=\u00bbon\u00bb _builder_version=\u00bb4.4.7&#8243;][\/et_pb_image][\/et_pb_column][\/et_pb_row][\/et_pb_section]<\/p>\n","protected":false},"excerpt":{"rendered":"<p>TransparenciaTransparenciaMemorias de gesti\u00f3n &nbsp;Documentaci\u00f3n de gesti\u00f3n &nbsp; Actualmente se est\u00e1 revisando el reglamento interno y la carta de servicios de los Museos de Esplugues. Pr\u00f3ximamente disponiblesM\u00e1s informaci\u00f3n Portal de transparencia del Ayuntamiento de Esplugues de Llobregat<\/p>\n","protected":false},"author":2,"featured_media":0,"parent":0,"menu_order":0,"comment_status":"closed","ping_status":"closed","template":"","meta":{"_et_pb_use_builder":"on","_et_pb_old_content":"","_et_gb_content_width":"","_uag_custom_page_level_css":"","footnotes":""},"class_list":["post-30650","page","type-page","status-publish","hentry"],"uagb_featured_image_src":{"full":false,"thumbnail":false,"medium":false,"medium_large":false,"large":false,"1536x1536":false,"2048x2048":false,"et-pb-post-main-image":false,"et-pb-post-main-image-fullwidth":false,"et-pb-portfolio-image":false,"et-pb-portfolio-module-image":false,"et-pb-portfolio-image-single":false,"et-pb-gallery-module-image-portrait":false,"et-pb-post-main-image-fullwidth-large":false,"et-pb-image--responsive--desktop":false,"et-pb-image--responsive--tablet":false,"et-pb-image--responsive--phone":false},"uagb_author_info":{"display_name":"empiezapori","author_link":"https:\/\/museus.esplugues.cat\/es\/author\/empiezapori"},"uagb_comment_info":0,"uagb_excerpt":"TransparenciaTransparenciaMemorias de gesti\u00f3n &nbsp;Documentaci\u00f3n de gesti\u00f3n &nbsp; Actualmente se est\u00e1 revisando el reglamento interno y la carta de servicios de los Museos de Esplugues. Pr\u00f3ximamente disponiblesM\u00e1s informaci\u00f3n Portal de transparencia del Ayuntamiento de Esplugues de Llobregat","_links":{"self":[{"href":"https:\/\/museus.esplugues.cat\/es\/wp-json\/wp\/v2\/pages\/30650","targetHints":{"allow":["GET"]}}],"collection":[{"href":"https:\/\/museus.esplugues.cat\/es\/wp-json\/wp\/v2\/pages"}],"about":[{"href":"https:\/\/museus.esplugues.cat\/es\/wp-json\/wp\/v2\/types\/page"}],"author":[{"embeddable":true,"href":"https:\/\/museus.esplugues.cat\/es\/wp-json\/wp\/v2\/users\/2"}],"replies":[{"embeddable":true,"href":"https:\/\/museus.esplugues.cat\/es\/wp-json\/wp\/v2\/comments?post=30650"}],"version-history":[{"count":5,"href":"https:\/\/museus.esplugues.cat\/es\/wp-json\/wp\/v2\/pages\/30650\/revisions"}],"predecessor-version":[{"id":31285,"href":"https:\/\/museus.esplugues.cat\/es\/wp-json\/wp\/v2\/pages\/30650\/revisions\/31285"}],"wp:attachment":[{"href":"https:\/\/museus.esplugues.cat\/es\/wp-json\/wp\/v2\/media?parent=30650"}],"curies":[{"name":"wp","href":"https:\/\/api.w.org\/{rel}","templated":true}]}}