{"id":31706,"date":"2020-10-13T14:26:04","date_gmt":"2020-10-13T12:26:04","guid":{"rendered":"https:\/\/museus.esplugues.cat\/exposiciones-temporales\/de-esplugues-al-cielo"},"modified":"2020-10-16T14:10:34","modified_gmt":"2020-10-16T12:10:34","slug":"esplugues-al-cel-2","status":"publish","type":"page","link":"https:\/\/museus.esplugues.cat\/es\/exposiciones-temporales\/esplugues-al-cel-2","title":{"rendered":"D&#8217;Esplugues al cel"},"content":{"rendered":"<p>[et_pb_section fb_built=\u00bb1&#8243; _builder_version=\u00bb4.4.7&#8243; background_color=\u00bb#f1f1f3&#8243; custom_margin=\u00bb0px||0px||false|false\u00bb custom_padding=\u00bb0px||0px||false|false\u00bb][et_pb_row _builder_version=\u00bb4.4.7&#8243; custom_margin=\u00bb0px||0px||false|false\u00bb custom_padding=\u00bb0px||0px||false|false\u00bb][et_pb_column type=\u00bb4_4&#8243; _builder_version=\u00bb4.4.7&#8243;][et_pb_image src=\u00bbhttps:\/\/museus.esplugues.cat\/wp-content\/uploads\/2020\/10\/DESPLUGUES.jpg\u00bb title_text=\u00bbD&#8217;ESPLUGUES\u00bb align=\u00bbcenter\u00bb _builder_version=\u00bb4.4.9&#8243;][\/et_pb_image][\/et_pb_column][\/et_pb_row][\/et_pb_section][et_pb_section fb_built=\u00bb1&#8243; _builder_version=\u00bb4.4.9&#8243; background_color=\u00bb#ffffff\u00bb custom_margin_tablet=\u00bb\u00bb custom_margin_phone=\u00bb0px||0px||false|false\u00bb custom_margin_last_edited=\u00bbon|phone\u00bb custom_padding=\u00bb0px||0px||false|false\u00bb][et_pb_row _builder_version=\u00bb4.0.7&#8243;][et_pb_column type=\u00bb4_4&#8243; _builder_version=\u00bb4.0.7&#8243;][et_pb_text _builder_version=\u00bb4.4.9&#8243; text_line_height=\u00bb1.5em\u00bb ul_font_size=\u00bb13px\u00bb ul_line_height=\u00bb20px\u00bb header_3_font=\u00bb|300||on|||||\u00bb]<\/p>\n<p>Nova exposici\u00f3 temporal organitzada per l\u2019<a href=\"http:\/\/www.acatceramica.com\/CA\/1\/L-Associacio\/c18\/Presentacio.html\" target=\"_blank\" rel=\"noopener noreferrer\"><strong>Associaci\u00f3 Catalana de Cer\u00e0mica<\/strong><\/a> i els <strong>Museus d\u2019Esplugues de Llobregat<\/strong>, dedicada als plafons cer\u00e0mics de santoral, unes peces de gran popularitat, presents a les llars i esgl\u00e9sies catalanes fins a mitjans del segle XX.<\/p>\n<p>\u00a0La mostra proposa un recorregut amb peces en la seva majoria del segle XVIII, aix\u00ed com una mostra dels que encara es feien el segle XX. Conclou amb un \u00faltim \u00e0mbit exclusivament local en el qual trobarem dibuixos de l\u2019Arxiu Municipal d\u2019Esplugues amb plafons del segle XX, produ\u00efts a la f\u00e0brica Pujol i Bausis.<\/p>\n<p>[\/et_pb_text][\/et_pb_column][\/et_pb_row][\/et_pb_section][et_pb_section fb_built=\u00bb1&#8243; _builder_version=\u00bb4.0.7&#8243; custom_margin=\u00bb0px||0px||false|false\u00bb custom_padding=\u00bb0px||0px||false|false\u00bb][et_pb_row column_structure=\u00bb1_2,1_2&#8243; custom_padding_last_edited=\u00bbon|phone\u00bb disabled_on=\u00bboff|off|off\u00bb _builder_version=\u00bb4.4.9&#8243; custom_margin=\u00bb0px||0px||false|false\u00bb custom_padding=\u00bb30px||0px||false|false\u00bb custom_padding_tablet=\u00bb\u00bb custom_padding_phone=\u00bb\u00bb border_width_bottom=\u00bb1px\u00bb border_color_bottom=\u00bb#8C944D\u00bb border_style_bottom=\u00bbdotted\u00bb][et_pb_column type=\u00bb1_2&#8243; _builder_version=\u00bb4.0.7&#8243;][et_pb_text _builder_version=\u00bb4.4.9&#8243; header_2_font=\u00bb|300|||||||\u00bb header_2_font_size=\u00bb30px\u00bb header_2_font_size_tablet=\u00bb\u00bb header_2_font_size_phone=\u00bb25px\u00bb header_2_font_size_last_edited=\u00bbon|phone\u00bb]<\/p>\n<h4>Informaci\u00f3 pr\u00e0ctica<\/h4>\n<p>[\/et_pb_text][\/et_pb_column][et_pb_column type=\u00bb1_2&#8243; _builder_version=\u00bb4.4.9&#8243;][\/et_pb_column][\/et_pb_row][et_pb_row column_structure=\u00bb1_2,1_2&#8243; use_custom_gutter=\u00bbon\u00bb gutter_width=\u00bb4&#8243; _builder_version=\u00bb4.4.9&#8243;][et_pb_column type=\u00bb1_2&#8243; _builder_version=\u00bb4.0.7&#8243;][et_pb_video src=\u00bbhttps:\/\/youtu.be\/jdt4gEDUqH8&#8243; disabled_on=\u00bboff|off|off\u00bb _builder_version=\u00bb4.4.9&#8243;][\/et_pb_video][\/et_pb_column][et_pb_column type=\u00bb1_2&#8243; _builder_version=\u00bb4.0.7&#8243;][et_pb_text _builder_version=\u00bb4.4.9&#8243; hover_enabled=\u00bb0&#8243;]<\/p>\n<p><strong>Del 14 d&#8217;octubre de 2020 al 14 de mar\u00e7 de 2021<\/strong><\/p>\n<p><strong>Museu Can Tintur\u00e9<\/strong><\/p>\n<p>Entrada lliure<\/p>\n<p>De dimarts a divendres de 17 a 20, dissabtes de 10 a 14 h i de 17 a 20 h, i d diumenges de 10 a 14 h<\/p>\n<p>Tancat tots els dilluns, i els dies 25 i 26 de desembre i 1 i 6 de gener.<\/p>\n<p>Mesures de seguretat:<\/p>\n<ul>\n<li>Aforament limitat<\/li>\n<li>Control de temperatura<\/li>\n<li>\u00das obligatori de mascareta<\/li>\n<li>Dist\u00e0ncia de seguretat<\/li>\n<li>Inscripci\u00f3 pr\u00e8via obligat\u00f2ria de totes les activitat<\/li>\n<\/ul>\n<p>&nbsp;<\/p>\n<p>[\/et_pb_text][\/et_pb_column][\/et_pb_row][\/et_pb_section][et_pb_section fb_built=\u00bb1&#8243; _builder_version=\u00bb4.4.9&#8243; background_color=\u00bb#ffffff\u00bb custom_margin_tablet=\u00bb\u00bb custom_margin_phone=\u00bb0px||0px||false|false\u00bb custom_margin_last_edited=\u00bbon|phone\u00bb custom_padding=\u00bb0px||0px||false|false\u00bb][et_pb_row _builder_version=\u00bb4.0.7&#8243;][et_pb_column type=\u00bb4_4&#8243; _builder_version=\u00bb4.0.7&#8243;][et_pb_text disabled_on=\u00bbon|on|off\u00bb _builder_version=\u00bb4.4.9&#8243; header_2_font=\u00bb|300|||||||\u00bb header_2_font_size=\u00bb30px\u00bb header_2_font_size_tablet=\u00bb\u00bb header_2_font_size_phone=\u00bb25px\u00bb header_2_font_size_last_edited=\u00bbon|phone\u00bb]<\/p>\n<h4>Presentaci\u00f3<\/h4>\n<p>[\/et_pb_text][et_pb_video_slider _builder_version=\u00bb4.4.9&#8243; hover_enabled=\u00bb0&#8243; width=\u00bb79%\u00bb][et_pb_video_slider_item src=\u00bbhttps:\/\/youtu.be\/k8QXL8WM21s\u00bb _builder_version=\u00bb4.4.9&#8243; show_image_overlay=\u00bboff\u00bb hover_enabled=\u00bb0&#8243;][\/et_pb_video_slider_item][\/et_pb_video_slider][\/et_pb_column][\/et_pb_row][\/et_pb_section][et_pb_section fb_built=\u00bb1&#8243; _builder_version=\u00bb4.4.9&#8243; background_color=\u00bb#eeefe4&#8243; border_color_bottom=\u00bb#ffffff\u00bb][et_pb_row _builder_version=\u00bb4.4.9&#8243; custom_margin=\u00bb-28px||-80px||false|false\u00bb][et_pb_column type=\u00bb4_4&#8243; _builder_version=\u00bb4.4.9&#8243;][et_pb_text _builder_version=\u00bb4.2&#8243; header_2_font=\u00bb|300|||||||\u00bb header_2_font_size=\u00bb30px\u00bb header_2_font_size_tablet=\u00bb\u00bb header_2_font_size_phone=\u00bb25px\u00bb header_2_font_size_last_edited=\u00bbon|phone\u00bb]<\/p>\n<h2>L&#8217;exposici\u00f3<\/h2>\n<p>[\/et_pb_text][\/et_pb_column][\/et_pb_row][\/et_pb_section][et_pb_section fb_built=\u00bb1&#8243; _builder_version=\u00bb4.4.9&#8243; background_color=\u00bb#eeefe4&#8243;][et_pb_row column_structure=\u00bb2_3,1_3&#8243; _builder_version=\u00bb4.4.9&#8243; custom_margin=\u00bb-15px||||false|false\u00bb][et_pb_column type=\u00bb2_3&#8243; _builder_version=\u00bb4.4.9&#8243;][et_pb_text _builder_version=\u00bb4.4.9&#8243;]<\/p>\n<h5><span style=\"text-decoration: underline;\">\u00c0mbit general<\/span><\/h5>\n<p>[\/et_pb_text][et_pb_text _builder_version=\u00bb4.4.9&#8243;]<\/p>\n<p style=\"padding-left: 30px; text-align: justify;\"><em>\u201c[&#8230;] presidien, completats per rajoles amb temes florals, els portals de les cases o les fa\u00e7anes o constitu\u00efen la imatge d&#8217;una capella de ve\u00efnat, al llarg dels segles XVII i XVIII.\u201d<\/em><\/p>\n<p style=\"text-align: justify;\">Amb aquestes paraules <a href=\"https:\/\/ca.wikipedia.org\/wiki\/Joaquim_Folch_i_Torres\" target=\"_blank\" rel=\"noopener noreferrer\"><strong>Joaquim Folch i Torres<\/strong><\/a> definia l\u2019any 1927 els popular plafons de santoral, en un moment quan aquesta pr\u00e0ctica, a mig cam\u00ed entre la decoraci\u00f3 i la devoci\u00f3, encara es mantenia molt viva. La hist\u00f2ria dels \u201cQuadres de Sant \u201c o \u201cPlafons de santoral\u201d es remunta a l\u2019edat mitjana, i van gaudir de gran popularitat a partir del segle XVII promoguts per les doctrines del Concili de Trento i la reivindicaci\u00f3 de les figures dels sants i marededeus de la fe cat\u00f2lica, en contraposici\u00f3 al luteranisme emergent.<\/p>\n<p style=\"text-align: justify;\">A nivell formal estem parlant d\u2019una composici\u00f3 feta habitualment per 12 o m\u00e9s rajoles decorades. Es tractava de plafons que els propietaris encomanaven per col\u00b7locar a les fa\u00e7anes, patis o balconades de les seves llars, d\u2019acord a les seves prefer\u00e8ncies. El sant o santa escollit acostumava a respondre al nom del propietari o el seu ofici, al patr\u00f3 del poble o del barri, o a una devoci\u00f3 especial.<\/p>\n<p style=\"text-align: justify;\">A la planta baixa de Can Tintur\u00e9 trobem un recorregut per 13 peces que representen \u00e8poques, estils i figures diferents, amb l\u2019objectiu d\u2018oferir una visi\u00f3 general i acurada de la diversitat dels plafons de santoral.<\/p>\n<p>S\u00f3n petites grans obres d\u2019art, que reflecteixen \u00a0l\u2019evoluci\u00f3 est\u00e8tica\u00a0 de cada moment, i en alguns casos, la seva qualitat art\u00edstica arriba fins al punt de trobar-ne exemplars signats per importants artistes, especialment a partir del segle xix.<\/p>\n<p>[\/et_pb_text][\/et_pb_column][et_pb_column type=\u00bb1_3&#8243; _builder_version=\u00bb4.4.9&#8243;][et_pb_image src=\u00bbhttps:\/\/museus.esplugues.cat\/wp-content\/uploads\/2020\/10\/\u00c0mbit-general.jpg\u00bb alt=\u00bbLa Mare de D\u00e9u del Lled\u00f3 i la Pastoreta\u00bb title_text=\u00bb\u00c0mbit general\u00bb _builder_version=\u00bb4.4.9&#8243; background_color=\u00bbrgba(0,0,0,0)\u00bb transform_scale=\u00bb98%|98%\u00bb][\/et_pb_image][\/et_pb_column][\/et_pb_row][et_pb_row column_structure=\u00bb2_3,1_3&#8243; _builder_version=\u00bb4.4.9&#8243;][et_pb_column type=\u00bb2_3&#8243; _builder_version=\u00bb4.4.9&#8243;][et_pb_text _builder_version=\u00bb4.4.9&#8243;]<\/p>\n<h5><span style=\"text-decoration: underline;\">\u00c0mbit local<\/span><\/h5>\n<p>[\/et_pb_text][et_pb_text _builder_version=\u00bb4.4.9&#8243;]<\/p>\n<p style=\"text-align: justify;\">Els Museus d\u2019Esplugues, en col\u00b7laboraci\u00f3 amb l\u2019A<strong>rxiu Municipal d&#8217;Esplugues<\/strong> , dediquen l\u2019espai final de l\u2019exposici\u00f3 a la relaci\u00f3 dels plafons de santoral amb la ciutat d\u2019Esplugues de Llobregat, en una mostra de petit format que combina pe\u00e7a de cer\u00e0mica, dibuixos i documents.<\/p>\n<p style=\"text-align: justify;\">\u00a0Amb la idea de relacionar l\u2019\u00e0mbit general de la mostra amb la ciutat, s\u2019ha dissenyat aquest espai que justifica el t\u00edtol general de l\u2019exposici\u00f3: \u201cD\u2019Esplugues al Cel\u201d.<\/p>\n<p style=\"text-align: justify;\">\u00a0En aquesta sala sobresurten dos \u00a0dibuixos de grans dimensions que representen a dos dels quatre evangelistes, Sant Mateu i Sant Joan. S\u00f3n dibuixos preparatoris d\u2019 uns plafons cer\u00e0mics que es produirien a la f\u00e0brica Pujol i Bausis.<\/p>\n<p style=\"text-align: justify;\">Les\u00a0 dues creacions s\u00f3n dissenys de l\u2019arquitecte <a href=\"https:\/\/ca.wikipedia.org\/wiki\/Llu%C3%ADs_Dom%C3%A8nech_i_Montaner\" target=\"_blank\" rel=\"noopener noreferrer\">Lluis Dom\u00e8nech i Muntaner<\/a> amb col\u00b7laboraci\u00f3 amb <a href=\"https:\/\/ca.wikipedia.org\/wiki\/Antoni_Maria_Galliss%C3%A0_i_Soqu%C3%A9\" target=\"_blank\" rel=\"noopener noreferrer\">Antoni M. Galliss\u00e0<\/a>. \u00a0Es tracta d\u2019un peces que destaquem per la seva bellesa i qualitat art\u00edstica.<\/p>\n<p style=\"text-align: justify;\">Una oportunitat \u00fanica per veure unes autentiques joies del modernisme catal\u00e0 fetes a Esplugues.<\/p>\n<p>[\/et_pb_text][\/et_pb_column][et_pb_column type=\u00bb1_3&#8243; _builder_version=\u00bb4.4.9&#8243;][et_pb_image src=\u00bbhttps:\/\/museus.esplugues.cat\/wp-content\/uploads\/2020\/10\/AmbitoLocal-scaled.jpg\u00bb title_text=\u00bbAmbitoLocal\u00bb _builder_version=\u00bb4.4.9&#8243;][\/et_pb_image][\/et_pb_column][\/et_pb_row][\/et_pb_section][et_pb_section fb_built=\u00bb1&#8243; _builder_version=\u00bb4.4.9&#8243; background_color=\u00bb#ffffff\u00bb custom_margin=\u00bb0px||0px||false|false\u00bb custom_padding=\u00bb0px||0px||false|false\u00bb][et_pb_row custom_padding_last_edited=\u00bbon|phone\u00bb _builder_version=\u00bb4.0.7&#8243; custom_margin=\u00bb0px||0px||false|false\u00bb custom_padding=\u00bb30px||0px||false|false\u00bb custom_padding_tablet=\u00bb\u00bb custom_padding_phone=\u00bb\u00bb border_width_bottom=\u00bb1px\u00bb border_color_bottom=\u00bb#8C944D\u00bb border_style_bottom=\u00bbdotted\u00bb][et_pb_column type=\u00bb4_4&#8243; _builder_version=\u00bb4.0.7&#8243;][et_pb_text _builder_version=\u00bb4.4.9&#8243; header_2_font=\u00bb|300|||||||\u00bb header_2_font_size=\u00bb30px\u00bb header_2_font_size_tablet=\u00bb\u00bb header_2_font_size_phone=\u00bb25px\u00bb header_2_font_size_last_edited=\u00bbon|phone\u00bb]<\/p>\n<h2>Activitats<\/h2>\n<p>[\/et_pb_text][\/et_pb_column][\/et_pb_row][et_pb_row use_custom_gutter=\u00bbon\u00bb gutter_width=\u00bb4&#8243; _builder_version=\u00bb4.4.9&#8243;][et_pb_column type=\u00bb4_4&#8243; _builder_version=\u00bb4.0.7&#8243;][et_pb_text _builder_version=\u00bb4.4.9&#8243; text_line_height=\u00bb1.5em\u00bb ul_font_size=\u00bb13px\u00bb ul_line_height=\u00bb20px\u00bb header_3_font=\u00bb|300||on|||||\u00bb]<\/p>\n<h5><strong>Presentaci\u00f3 virtual <\/strong>al canal de Youtube dels Museus d\u2019Esplugues de Llobregat.<\/h5>\n<p>El comissariat ens parlar\u00e0 de la import\u00e0ncia dels plafons de santoral a les llars dels segles XVII i XVIII,\u00a0 i ens comentaran algunes de les peces m\u00e9s destacades de la mostra.<\/p>\n<p><em>Disponible pr\u00f2ximament<\/em><\/p>\n<h5><strong>Visites guiades de l\u2019exposici\u00f3<\/strong><\/h5>\n<p>De <em>30 minut<\/em>s, tots els diumenges a les 12 h.\u00a0 inclosa en la visita guiada completa al Museu Can Tintur\u00e9<\/p>\n<p>D\u2019 <em>1 hora<\/em> i exclusiva a l\u2019exposici\u00f3.<\/p>\n<p>Pen\u00faltim dissabte del mes a les 18.00.<\/p>\n<p>Dates: 24 d\u2019octubre, 21 de novembre i 19 de desembre de 2020 i els dies\u00a0 23 de gener i 20 de febrer de 2021<\/p>\n<h5><strong>Els secrets de Santa Magdalena i Sant Mateu, a trav\u00e9s de la cer\u00e0mica<\/strong><\/h5>\n<p>Posem la lupa en les figures de Santa Magdalena i Sant Mateu, protagonistes a l\u2019exposici\u00f3 i patrons d\u2019Esplugues: la hist\u00f2ria, els mites, la simbologia i\u00a0 la relaci\u00f3 amb\u00a0 la ciutat com a fil conductor per a una activitat a mig cam\u00ed entre la tert\u00falia i l\u2019experi\u00e8ncia sensorial<\/p>\n<p><strong>Dissabte 14 de novembre . La Nit dels Museus. Sessions a les 20.30, 21.30, 22.30 i 23.30.<\/strong><\/p>\n<p>Informaci\u00f3 i reserves al 93 470 0218 o al nostre lloc web<\/p>\n<p><span>\u00a0<\/span><\/p>\n<p>[\/et_pb_text][\/et_pb_column][\/et_pb_row][\/et_pb_section][et_pb_section fb_built=\u00bb1&#8243; _builder_version=\u00bb4.4.9&#8243; background_color=\u00bb#eeefe4&#8243; custom_margin=\u00bb0px||0px||false|false\u00bb custom_padding=\u00bb0px||0px||false|false\u00bb][et_pb_row column_structure=\u00bb3_5,2_5&#8243; _builder_version=\u00bb4.4.9&#8243; custom_margin=\u00bb-16px||||false|false\u00bb][et_pb_column type=\u00bb3_5&#8243; _builder_version=\u00bb4.4.9&#8243;][et_pb_text _builder_version=\u00bb4.4.9&#8243;]<\/p>\n<p>Organitzadors<\/p>\n<p>[\/et_pb_text][\/et_pb_column][et_pb_column type=\u00bb2_5&#8243; _builder_version=\u00bb4.4.9&#8243;][et_pb_text _builder_version=\u00bb4.4.9&#8243;]<\/p>\n<p>Col\u00b7laboradors<\/p>\n<p>[\/et_pb_text][\/et_pb_column][\/et_pb_row][et_pb_row column_structure=\u00bb1_5,1_5,1_5,1_5,1_5&#8243; use_custom_gutter=\u00bbon\u00bb gutter_width=\u00bb4&#8243; _builder_version=\u00bb4.4.9&#8243; custom_margin=\u00bb-42px||||false|false\u00bb][et_pb_column type=\u00bb1_5&#8243; _builder_version=\u00bb4.0.7&#8243;][et_pb_image src=\u00bbhttps:\/\/museus.esplugues.cat\/wp-content\/uploads\/2020\/10\/Aj.-Esplugues.jpg\u00bb title_text=\u00bbAj. Esplugues\u00bb _builder_version=\u00bb4.4.9&#8243; width=\u00bb100%\u00bb max_width=\u00bb100%\u00bb][\/et_pb_image][\/et_pb_column][et_pb_column type=\u00bb1_5&#8243; _builder_version=\u00bb4.0.7&#8243;][et_pb_image src=\u00bbhttps:\/\/museus.esplugues.cat\/wp-content\/uploads\/2020\/10\/Logo-ASS.jpg\u00bb title_text=\u00bbLogo ASS\u00bb _builder_version=\u00bb4.4.9&#8243; width=\u00bb100%\u00bb max_width=\u00bb100%\u00bb][\/et_pb_image][\/et_pb_column][et_pb_column type=\u00bb1_5&#8243; _builder_version=\u00bb4.0.7&#8243;][et_pb_image src=\u00bbhttps:\/\/museus.esplugues.cat\/wp-content\/uploads\/2020\/10\/MEL.negre_.jpg\u00bb title_text=\u00bbMEL.negre\u00bb _builder_version=\u00bb4.4.9&#8243;][\/et_pb_image][\/et_pb_column][et_pb_column type=\u00bb1_5&#8243; _builder_version=\u00bb4.0.7&#8243;][et_pb_image src=\u00bbhttps:\/\/museus.esplugues.cat\/wp-content\/uploads\/2020\/10\/LOGO_AMEL-03.jpg\u00bb title_text=\u00bbImprimir\u00bb _builder_version=\u00bb4.4.9&#8243;][\/et_pb_image][\/et_pb_column][et_pb_column type=\u00bb1_5&#8243; _builder_version=\u00bb4.0.7&#8243;][\/et_pb_column][\/et_pb_row][et_pb_row _builder_version=\u00bb4.4.9&#8243;][et_pb_column type=\u00bb4_4&#8243; _builder_version=\u00bb4.4.9&#8243;][et_pb_text _builder_version=\u00bb4.4.9&#8243;]<\/p>\n<p>Agra\u00efments:\u00a0<\/p>\n<p>[\/et_pb_text][\/et_pb_column][\/et_pb_row][et_pb_row use_custom_gutter=\u00bbon\u00bb gutter_width=\u00bb4&#8243; _builder_version=\u00bb4.4.9&#8243;][et_pb_column type=\u00bb4_4&#8243; _builder_version=\u00bb4.0.7&#8243;][et_pb_text _builder_version=\u00bb4.4.9&#8243; custom_margin=\u00bb-44px||||false|false\u00bb]<\/p>\n<p>Alfons Romero Vidal<br \/>Col\u00b7lecci\u00f3 Brugarolas<br \/>Col\u00b7lecci\u00f3 Ramon Mascort,\u00a0Barcelona<br \/>Joan Riera Vil\u00e0<br \/>Joaquim Poblet<br \/>Josep Antoni Cerd\u00e0 i Mellado<br \/>Museu de Matar\u00f3<br \/>Museu Municipal Vicen\u00e7 Ros de Martorell<\/p>\n<p>[\/et_pb_text][\/et_pb_column][\/et_pb_row][\/et_pb_section]<\/p>\n","protected":false},"excerpt":{"rendered":"<p>Nova exposici\u00f3 temporal organitzada per l\u2019Associaci\u00f3 Catalana de Cer\u00e0mica i els Museus d\u2019Esplugues de Llobregat, dedicada als plafons cer\u00e0mics de santoral, unes peces de gran popularitat, presents a les llars i esgl\u00e9sies catalanes fins a mitjans del segle XX. \u00a0La mostra proposa un recorregut amb peces en la seva majoria del segle XVIII, aix\u00ed com [&hellip;]<\/p>\n","protected":false},"author":1,"featured_media":0,"parent":27989,"menu_order":0,"comment_status":"closed","ping_status":"closed","template":"","meta":{"_et_pb_use_builder":"on","_et_pb_old_content":"","_et_gb_content_width":"","_uag_custom_page_level_css":"","footnotes":""},"class_list":["post-31706","page","type-page","status-publish","hentry"],"uagb_featured_image_src":{"full":false,"thumbnail":false,"medium":false,"medium_large":false,"large":false,"1536x1536":false,"2048x2048":false,"et-pb-post-main-image":false,"et-pb-post-main-image-fullwidth":false,"et-pb-portfolio-image":false,"et-pb-portfolio-module-image":false,"et-pb-portfolio-image-single":false,"et-pb-gallery-module-image-portrait":false,"et-pb-post-main-image-fullwidth-large":false,"et-pb-image--responsive--desktop":false,"et-pb-image--responsive--tablet":false,"et-pb-image--responsive--phone":false},"uagb_author_info":{"display_name":"alpha","author_link":"https:\/\/museus.esplugues.cat\/es\/author\/alpha"},"uagb_comment_info":0,"uagb_excerpt":"Nova exposici\u00f3 temporal organitzada per l\u2019Associaci\u00f3 Catalana de Cer\u00e0mica i els Museus d\u2019Esplugues de Llobregat, dedicada als plafons cer\u00e0mics de santoral, unes peces de gran popularitat, presents a les llars i esgl\u00e9sies catalanes fins a mitjans del segle XX. \u00a0La mostra proposa un recorregut amb peces en la seva majoria del segle XVIII, aix\u00ed com&hellip;","_links":{"self":[{"href":"https:\/\/museus.esplugues.cat\/es\/wp-json\/wp\/v2\/pages\/31706","targetHints":{"allow":["GET"]}}],"collection":[{"href":"https:\/\/museus.esplugues.cat\/es\/wp-json\/wp\/v2\/pages"}],"about":[{"href":"https:\/\/museus.esplugues.cat\/es\/wp-json\/wp\/v2\/types\/page"}],"author":[{"embeddable":true,"href":"https:\/\/museus.esplugues.cat\/es\/wp-json\/wp\/v2\/users\/1"}],"replies":[{"embeddable":true,"href":"https:\/\/museus.esplugues.cat\/es\/wp-json\/wp\/v2\/comments?post=31706"}],"version-history":[{"count":5,"href":"https:\/\/museus.esplugues.cat\/es\/wp-json\/wp\/v2\/pages\/31706\/revisions"}],"predecessor-version":[{"id":31789,"href":"https:\/\/museus.esplugues.cat\/es\/wp-json\/wp\/v2\/pages\/31706\/revisions\/31789"}],"up":[{"embeddable":true,"href":"https:\/\/museus.esplugues.cat\/es\/wp-json\/wp\/v2\/pages\/27989"}],"wp:attachment":[{"href":"https:\/\/museus.esplugues.cat\/es\/wp-json\/wp\/v2\/media?parent=31706"}],"curies":[{"name":"wp","href":"https:\/\/api.w.org\/{rel}","templated":true}]}}