{"id":33262,"date":"2021-04-08T13:43:42","date_gmt":"2021-04-08T11:43:42","guid":{"rendered":"https:\/\/museus.esplugues.cat\/formulari-dinformacio-biennal"},"modified":"2021-04-09T09:32:59","modified_gmt":"2021-04-09T07:32:59","slug":"formulari-dinformacio-biennal","status":"publish","type":"page","link":"https:\/\/museus.esplugues.cat\/es\/formulari-dinformacio-biennal","title":{"rendered":"Formulari d&#8217;informaci\u00f3 Biennal"},"content":{"rendered":"<p>[et_pb_section fb_built=\u00bb1&#8243; _builder_version=\u00bb4.9.1&#8243; background_color=\u00bb#F08286&#8243; custom_margin_tablet=\u00bb\u00bb custom_margin_phone=\u00bb0px||0px||false|false\u00bb custom_margin_last_edited=\u00bbon|phone\u00bb custom_padding=\u00bb0px||0px||false|false\u00bb][et_pb_row _builder_version=\u00bb4.0.7&#8243;][et_pb_column type=\u00bb4_4&#8243; _builder_version=\u00bb4.0.7&#8243;][et_pb_text _builder_version=\u00bb4.9.1&#8243; text_text_color=\u00bb#FFFFFF\u00bb header_font=\u00bb|300|||||||\u00bb header_font_size=\u00bb50px\u00bb custom_margin_tablet=\u00bb\u00bb custom_margin_phone=\u00bb0px||0px||false|false\u00bb custom_margin_last_edited=\u00bbon|phone\u00bb custom_padding=\u00bb0px||0px||false|false\u00bb hover_enabled=\u00bb0&#8243; header_font_size_tablet=\u00bb\u00bb header_font_size_phone=\u00bb35px\u00bb header_font_size_last_edited=\u00bbon|phone\u00bb sticky_enabled=\u00bb0&#8243;]<\/p>\n<h1><span style=\"color: #ffffff;\">20 Bienal de cer\u00e1mica de Esplugues Angelina Al\u00f3s<\/span><\/h1>\n<p>[\/et_pb_text][\/et_pb_column][\/et_pb_row][\/et_pb_section][et_pb_section fb_built=\u00bb1&#8243; _builder_version=\u00bb4.2&#8243; custom_margin=\u00bb0px||0px||false|false\u00bb custom_padding=\u00bb0px||30px||false|false\u00bb][et_pb_row column_structure=\u00bb3_5,2_5&#8243; use_custom_gutter=\u00bbon\u00bb gutter_width=\u00bb4&#8243; _builder_version=\u00bb4.0.7&#8243;][et_pb_column type=\u00bb3_5&#8243; _builder_version=\u00bb4.0.7&#8243;][et_pb_text _builder_version=\u00bb4.9.1&#8243; header_3_font=\u00bb|300||on|||||\u00bb hover_enabled=\u00bb0&#8243; sticky_enabled=\u00bb0&#8243;]<\/p>\n<p>Estimados artistas a trav\u00e9s de este formulario puede hacernos llegar sus dudas o consultas sobre la 20 edici\u00f3n de la Bienal de cer\u00e1mica de Esplugues.<\/p>\n<p>[\/et_pb_text][et_pb_contact_form captcha=\u00bboff\u00bb email=\u00bbmuseus@esplugues.cat\u00bb success_message=\u00bbGracias por contactar! En breve nos pondremos en contacto contigo.\u00bb submit_button_text=\u00bbEnviar\u00bb _builder_version=\u00bb4.9.1&#8243; custom_button=\u00bbon\u00bb button_text_color=\u00bb#000000&#8243; button_bg_color=\u00bb#F08286&#8243;][et_pb_contact_field field_id=\u00bbNom\u00bb field_title=\u00bbNombre y apellidos*\u00bb fullwidth_field=\u00bbon\u00bb _builder_version=\u00bb4.9.1&#8243; button_text_size__hover_enabled=\u00bboff\u00bb button_one_text_size__hover_enabled=\u00bboff\u00bb button_two_text_size__hover_enabled=\u00bboff\u00bb button_text_color__hover_enabled=\u00bboff\u00bb button_one_text_color__hover_enabled=\u00bboff\u00bb button_two_text_color__hover_enabled=\u00bboff\u00bb button_border_width__hover_enabled=\u00bboff\u00bb button_one_border_width__hover_enabled=\u00bboff\u00bb button_two_border_width__hover_enabled=\u00bboff\u00bb button_border_color__hover_enabled=\u00bboff\u00bb button_one_border_color__hover_enabled=\u00bboff\u00bb button_two_border_color__hover_enabled=\u00bboff\u00bb button_border_radius__hover_enabled=\u00bboff\u00bb button_one_border_radius__hover_enabled=\u00bboff\u00bb button_two_border_radius__hover_enabled=\u00bboff\u00bb button_letter_spacing__hover_enabled=\u00bboff\u00bb button_one_letter_spacing__hover_enabled=\u00bboff\u00bb button_two_letter_spacing__hover_enabled=\u00bboff\u00bb button_bg_color__hover_enabled=\u00bboff\u00bb button_one_bg_color__hover_enabled=\u00bboff\u00bb button_two_bg_color__hover_enabled=\u00bboff\u00bb][\/et_pb_contact_field][et_pb_contact_field field_id=\u00bbTel\u00e8fon\u00bb field_title=\u00bbTel\u00e9fono de contacto\u00bb allowed_symbols=\u00bbnumbers\u00bb required_mark=\u00bboff\u00bb fullwidth_field=\u00bbon\u00bb _builder_version=\u00bb4.9.1&#8243; button_text_size__hover_enabled=\u00bboff\u00bb button_one_text_size__hover_enabled=\u00bboff\u00bb button_two_text_size__hover_enabled=\u00bboff\u00bb button_text_color__hover_enabled=\u00bboff\u00bb button_one_text_color__hover_enabled=\u00bboff\u00bb button_two_text_color__hover_enabled=\u00bboff\u00bb button_border_width__hover_enabled=\u00bboff\u00bb button_one_border_width__hover_enabled=\u00bboff\u00bb button_two_border_width__hover_enabled=\u00bboff\u00bb button_border_color__hover_enabled=\u00bboff\u00bb button_one_border_color__hover_enabled=\u00bboff\u00bb button_two_border_color__hover_enabled=\u00bboff\u00bb button_border_radius__hover_enabled=\u00bboff\u00bb button_one_border_radius__hover_enabled=\u00bboff\u00bb button_two_border_radius__hover_enabled=\u00bboff\u00bb button_letter_spacing__hover_enabled=\u00bboff\u00bb button_one_letter_spacing__hover_enabled=\u00bboff\u00bb button_two_letter_spacing__hover_enabled=\u00bboff\u00bb button_bg_color__hover_enabled=\u00bboff\u00bb button_one_bg_color__hover_enabled=\u00bboff\u00bb button_two_bg_color__hover_enabled=\u00bboff\u00bb][\/et_pb_contact_field][et_pb_contact_field field_id=\u00bbCorreu_electr\u00f2nic\u00bb field_title=\u00bbCorreo electr\u00f3nico*\u00bb field_type=\u00bbemail\u00bb fullwidth_field=\u00bbon\u00bb _builder_version=\u00bb4.9.1&#8243;][\/et_pb_contact_field][et_pb_contact_field field_id=\u00bbPreguntes_o_observacions\u00bb field_title=\u00bbPreguntas u observaciones\u00bb field_type=\u00bbtext\u00bb fullwidth_field=\u00bbon\u00bb _builder_version=\u00bb4.4.2&#8243;][\/et_pb_contact_field][\/et_pb_contact_form][\/et_pb_column][et_pb_column type=\u00bb2_5&#8243; _builder_version=\u00bb4.0.7&#8243;][et_pb_text _builder_version=\u00bb4.9.1&#8243; header_3_font=\u00bb|300||on|||||\u00bb hover_enabled=\u00bb0&#8243; sticky_enabled=\u00bb0&#8243;]<\/p>\n<p>L<em>e informamos que sus datos ser\u00e1n tratados para dar respuesta a sus consultas, quejas y \/ o sugerencias. El Responsable de Tratamiento del Ayuntamiento de Esplugues de Llobregat. Sus datos no ser\u00e1n comunicados a terceros. Para m\u00e1s informaci\u00f3n puede consultar la pol\u00edtica de privacidad a www.esplugues.cat.<\/em><\/p>\n<p><em>Para ejercer sus derechos de acceso, rectificaci\u00f3n, supresi\u00f3n, oposici\u00f3n, portabilidad y limitaci\u00f3n de los datos puede dirigir un escrito dirigido al Punto de Atenci\u00f3n Ciudadana (PAC) del Ayuntamiento de Esplugues de Llobregat, Plaza Santa Magdalena, 24 o Rambla Virgen de la Merc\u00e8, 1 (08950) Esplugues Llobregat o bien a trav\u00e9s del Portal de la Ciudadan\u00eda.<\/em><\/p>\n<p>[\/et_pb_text][\/et_pb_column][\/et_pb_row][\/et_pb_section]<\/p>\n","protected":false},"excerpt":{"rendered":"<p>20 Bienal de cer\u00e1mica de Esplugues Angelina Al\u00f3sEstimados artistas a trav\u00e9s de este formulario puede hacernos llegar sus dudas o consultas sobre la 20 edici\u00f3n de la Bienal de cer\u00e1mica de Esplugues.Le informamos que sus datos ser\u00e1n tratados para dar respuesta a sus consultas, quejas y \/ o sugerencias. El Responsable de Tratamiento del Ayuntamiento [&hellip;]<\/p>\n","protected":false},"author":1,"featured_media":0,"parent":0,"menu_order":0,"comment_status":"closed","ping_status":"closed","template":"","meta":{"_et_pb_use_builder":"on","_et_pb_old_content":"","_et_gb_content_width":"","_uag_custom_page_level_css":"","footnotes":""},"class_list":["post-33262","page","type-page","status-publish","hentry"],"uagb_featured_image_src":{"full":false,"thumbnail":false,"medium":false,"medium_large":false,"large":false,"1536x1536":false,"2048x2048":false,"et-pb-post-main-image":false,"et-pb-post-main-image-fullwidth":false,"et-pb-portfolio-image":false,"et-pb-portfolio-module-image":false,"et-pb-portfolio-image-single":false,"et-pb-gallery-module-image-portrait":false,"et-pb-post-main-image-fullwidth-large":false,"et-pb-image--responsive--desktop":false,"et-pb-image--responsive--tablet":false,"et-pb-image--responsive--phone":false},"uagb_author_info":{"display_name":"alpha","author_link":"https:\/\/museus.esplugues.cat\/es\/author\/alpha"},"uagb_comment_info":0,"uagb_excerpt":"20 Bienal de cer\u00e1mica de Esplugues Angelina Al\u00f3sEstimados artistas a trav\u00e9s de este formulario puede hacernos llegar sus dudas o consultas sobre la 20 edici\u00f3n de la Bienal de cer\u00e1mica de Esplugues.Le informamos que sus datos ser\u00e1n tratados para dar respuesta a sus consultas, quejas y \/ o sugerencias. El Responsable de Tratamiento del Ayuntamiento&hellip;","_links":{"self":[{"href":"https:\/\/museus.esplugues.cat\/es\/wp-json\/wp\/v2\/pages\/33262","targetHints":{"allow":["GET"]}}],"collection":[{"href":"https:\/\/museus.esplugues.cat\/es\/wp-json\/wp\/v2\/pages"}],"about":[{"href":"https:\/\/museus.esplugues.cat\/es\/wp-json\/wp\/v2\/types\/page"}],"author":[{"embeddable":true,"href":"https:\/\/museus.esplugues.cat\/es\/wp-json\/wp\/v2\/users\/1"}],"replies":[{"embeddable":true,"href":"https:\/\/museus.esplugues.cat\/es\/wp-json\/wp\/v2\/comments?post=33262"}],"version-history":[{"count":4,"href":"https:\/\/museus.esplugues.cat\/es\/wp-json\/wp\/v2\/pages\/33262\/revisions"}],"predecessor-version":[{"id":33273,"href":"https:\/\/museus.esplugues.cat\/es\/wp-json\/wp\/v2\/pages\/33262\/revisions\/33273"}],"wp:attachment":[{"href":"https:\/\/museus.esplugues.cat\/es\/wp-json\/wp\/v2\/media?parent=33262"}],"curies":[{"name":"wp","href":"https:\/\/api.w.org\/{rel}","templated":true}]}}