{"id":33282,"date":"2021-04-08T13:31:02","date_gmt":"2021-04-08T11:31:02","guid":{"rendered":"https:\/\/museus.esplugues.cat\/biennal-2"},"modified":"2023-03-20T09:51:23","modified_gmt":"2023-03-20T08:51:23","slug":"biennal2021","status":"publish","type":"page","link":"https:\/\/museus.esplugues.cat\/es\/biennal2021","title":{"rendered":"20 Biennal de cer\u00e0mica d\u2019Esplugues Angelina Al\u00f3s"},"content":{"rendered":"<p>[et_pb_section fb_built=\u00bb1&#8243; _builder_version=\u00bb4.4.7&#8243; background_color=\u00bb#eeefe4&#8243; custom_margin=\u00bb0px||0px||false|false\u00bb custom_padding=\u00bb0px||0px||false|false\u00bb global_colors_info=\u00bb{}\u00bb][et_pb_row _builder_version=\u00bb4.4.7&#8243; custom_margin=\u00bb0px||0px||false|false\u00bb custom_padding=\u00bb0px||0px||false|false\u00bb global_colors_info=\u00bb{}\u00bb][et_pb_column type=\u00bb4_4&#8243; _builder_version=\u00bb4.4.7&#8243; global_colors_info=\u00bb{}\u00bb][et_pb_image src=\u00bbhttps:\/\/museus.esplugues.cat\/wp-content\/uploads\/2021\/04\/Capcalera20Biennal.jpg\u00bb alt=\u00bb20 Biennal de cer\u00e0mica d&#8217;Esplugues\u00bb title_text=\u00bb20 Biennal de cer\u00e0mica\u00bb align=\u00bbcenter\u00bb _builder_version=\u00bb4.9.1&#8243; global_colors_info=\u00bb{}\u00bb][\/et_pb_image][\/et_pb_column][\/et_pb_row][\/et_pb_section][et_pb_section fb_built=\u00bb1&#8243; _builder_version=\u00bb4.0.7&#8243; custom_margin=\u00bb0px||0px||false|false\u00bb custom_padding=\u00bb0px||0px||false|false\u00bb global_colors_info=\u00bb{}\u00bb][et_pb_row custom_padding_last_edited=\u00bbon|phone\u00bb _builder_version=\u00bb4.0.7&#8243; custom_margin=\u00bb0px||0px||false|false\u00bb custom_padding=\u00bb30px||0px||false|false\u00bb custom_padding_tablet=\u00bb\u00bb custom_padding_phone=\u00bb\u00bb border_width_bottom=\u00bb1px\u00bb border_color_bottom=\u00bb#8C944D\u00bb border_style_bottom=\u00bbdotted\u00bb global_colors_info=\u00bb{}\u00bb][et_pb_column type=\u00bb4_4&#8243; _builder_version=\u00bb4.0.7&#8243; global_colors_info=\u00bb{}\u00bb][et_pb_text _builder_version=\u00bb4.9.1&#8243; header_2_font=\u00bb|300|||||||\u00bb header_2_font_size=\u00bb30px\u00bb header_2_font_size_tablet=\u00bb\u00bb header_2_font_size_phone=\u00bb25px\u00bb header_2_font_size_last_edited=\u00bbon|phone\u00bb global_colors_info=\u00bb{}\u00bb]<\/p>\n<h2>20 Biennal de cer\u00e0mica d\u2019Esplugues Angelina Al\u00f3s<\/h2>\n<p>[\/et_pb_text][\/et_pb_column][\/et_pb_row][et_pb_row custom_padding_last_edited=\u00bbon|phone\u00bb _builder_version=\u00bb4.0.7&#8243; custom_margin=\u00bb0px||0px||false|false\u00bb custom_padding=\u00bb30px||0px||false|false\u00bb custom_padding_tablet=\u00bb\u00bb custom_padding_phone=\u00bb\u00bb border_width_bottom=\u00bb1px\u00bb border_color_bottom=\u00bb#8C944D\u00bb border_style_bottom=\u00bbdotted\u00bb global_colors_info=\u00bb{}\u00bb][et_pb_column type=\u00bb4_4&#8243; _builder_version=\u00bb4.0.7&#8243; global_colors_info=\u00bb{}\u00bb][et_pb_button button_text=\u00bbAqu\u00ed votaci\u00f3 popular online de les peces seleccionades i guanyadores fins al 4 de febrer\u00bb _builder_version=\u00bb4.14.2&#8243; _module_preset=\u00bbdefault\u00bb custom_button=\u00bbon\u00bb button_text_size=\u00bb22px\u00bb button_url=\u00bbhttps:\/\/participa311-espluguesparticipa.diba.cat\/processes\/biennalEsplugues?locale=ca\u00bb hover_enabled=\u00bb0&#8243; sticky_enabled=\u00bb0&#8243; button_alignment=\u00bbcenter\u00bb button_bg_color=\u00bb#f08286&#8243; button_bg_enable_color=\u00bbon\u00bb][\/et_pb_button][\/et_pb_column][\/et_pb_row][et_pb_row use_custom_gutter=\u00bbon\u00bb gutter_width=\u00bb4&#8243; _builder_version=\u00bb4.9.1&#8243; custom_padding=\u00bb||0px||false|false\u00bb global_colors_info=\u00bb{}\u00bb][et_pb_column type=\u00bb4_4&#8243; _builder_version=\u00bb4.0.7&#8243; global_colors_info=\u00bb{}\u00bb][et_pb_text _builder_version=\u00bb4.9.1&#8243; _module_preset=\u00bbdefault\u00bb text_font=\u00bb|600|||||||\u00bb text_text_color=\u00bb#FFFFFF\u00bb text_font_size=\u00bb23px\u00bb background_color=\u00bb#f08286&#8243; custom_margin=\u00bb0px||||false|false\u00bb custom_padding=\u00bb7px|0px|15px|7px|false|false\u00bb border_width_all=\u00bb0px\u00bb border_color_all=\u00bb#000000&#8243; border_style_right=\u00bbsolid\u00bb global_colors_info=\u00bb{}\u00bb]<\/p>\n<p>CALENDARI<\/p>\n<p>[\/et_pb_text][\/et_pb_column][\/et_pb_row][et_pb_row column_structure=\u00bb1_6,1_6,1_6,1_6,1_6,1_6&#8243; _builder_version=\u00bb4.9.1&#8243; _module_preset=\u00bb48574ec8-5954-44a2-ab22-c30d83df5cee\u00bb global_colors_info=\u00bb{}\u00bb][et_pb_column type=\u00bb1_6&#8243; _builder_version=\u00bb4.9.1&#8243; _module_preset=\u00bbdefault\u00bb global_colors_info=\u00bb{}\u00bb][et_pb_text _builder_version=\u00bb4.9.1&#8243; _module_preset=\u00bbdefault\u00bb background_color=\u00bb#DCE7DE\u00bb custom_margin=\u00bb-20px||-20px|0px|false|false\u00bb custom_padding=\u00bb4px|7px|11px|12px|false|false\u00bb global_colors_info=\u00bb{}\u00bb]<\/p>\n<p style=\"text-align: center;\"><strong>Inscripcions<\/strong><\/p>\n<p style=\"text-align: center;\">Del 12 d&#8217;abril al 31 de maig<\/p>\n<p>[\/et_pb_text][\/et_pb_column][et_pb_column type=\u00bb1_6&#8243; _builder_version=\u00bb4.9.1&#8243; _module_preset=\u00bbdefault\u00bb global_colors_info=\u00bb{}\u00bb][et_pb_text _builder_version=\u00bb4.9.1&#8243; _module_preset=\u00bbdefault\u00bb text_font=\u00bb||||||||\u00bb background_color=\u00bb#DCE7DE\u00bb custom_margin=\u00bb-20px||-20px|0px|false|false\u00bb custom_padding=\u00bb4px|7px|11px|12px|false|false\u00bb global_colors_info=\u00bb{}\u00bb]<\/p>\n<p style=\"text-align: center;\"><strong>Selecci\u00f3 de peces<\/strong><\/p>\n<p style=\"text-align: center;\">Dimecres, 16 de\u00a0 juny<\/p>\n<p>[\/et_pb_text][et_pb_text _builder_version=\u00bb4.9.1&#8243; _module_preset=\u00bbdefault\u00bb text_font=\u00bb||on||||||\u00bb text_font_size=\u00bb11px\u00bb background_color=\u00bb#DCE7DE\u00bb custom_margin=\u00bb-20px||-20px|0px|false|false\u00bb custom_padding=\u00bb28px|7px|11px|12px|false|false\u00bb global_colors_info=\u00bb{}\u00bb]<\/p>\n<p style=\"text-align: center;\">Es publicar\u00e0 en aquesta web a partir del 17\/06\/21 a les 10:00<\/p>\n<p>[\/et_pb_text][\/et_pb_column][et_pb_column type=\u00bb1_6&#8243; _builder_version=\u00bb4.9.1&#8243; _module_preset=\u00bbdefault\u00bb global_colors_info=\u00bb{}\u00bb][et_pb_text _builder_version=\u00bb4.9.1&#8243; _module_preset=\u00bbdefault\u00bb background_color=\u00bb#DCE7DE\u00bb custom_margin=\u00bb-20px||-20px|0px|false|false\u00bb custom_padding=\u00bb4px|7px|11px|12px|false|false\u00bb global_colors_info=\u00bb{}\u00bb]<\/p>\n<p style=\"text-align: center;\"><strong>Lliurament d&#8217;obres seleccionades<\/strong><\/p>\n<p style=\"text-align: center;\">Del 16 al 24 de juliol<\/p>\n<p>[\/et_pb_text][\/et_pb_column][et_pb_column type=\u00bb1_6&#8243; _builder_version=\u00bb4.9.1&#8243; _module_preset=\u00bbdefault\u00bb global_colors_info=\u00bb{}\u00bb][et_pb_text _builder_version=\u00bb4.9.1&#8243; _module_preset=\u00bbdefault\u00bb background_color=\u00bb#DCE7DE\u00bb custom_margin=\u00bb-20px||-20px|0px|false|false\u00bb custom_padding=\u00bb4px|7px|11px|12px|false|false\u00bb global_colors_info=\u00bb{}\u00bb]<\/p>\n<p style=\"text-align: center;\"><strong>Lliurament de guardons<\/strong><\/p>\n<p style=\"text-align: center;\">Dimecres, 27 d&#8217;octubre a les 19 h.<\/p>\n<p>[\/et_pb_text][\/et_pb_column][et_pb_column type=\u00bb1_6&#8243; _builder_version=\u00bb4.9.1&#8243; _module_preset=\u00bbdefault\u00bb global_colors_info=\u00bb{}\u00bb][et_pb_text _builder_version=\u00bb4.9.10&#8243; _module_preset=\u00bbdefault\u00bb background_color=\u00bb#DCE7DE\u00bb custom_margin=\u00bb-20px||-20px|0px|false|false\u00bb custom_padding=\u00bb4px|7px|11px|12px|false|false\u00bb global_colors_info=\u00bb{}\u00bb]<\/p>\n<p style=\"text-align: center;\"><strong>Exposici\u00f3 temporal <\/strong><\/p>\n<p style=\"text-align: center;\"><strong>Obres guanyadores i seleccionades<\/strong><\/p>\n<p style=\"text-align: center;\">Del 28 d&#8217;octubre de 2021 al 6 de febrer de 2022<\/p>\n<p>[\/et_pb_text][\/et_pb_column][et_pb_column type=\u00bb1_6&#8243; _builder_version=\u00bb4.9.1&#8243; _module_preset=\u00bbdefault\u00bb global_colors_info=\u00bb{}\u00bb][et_pb_text _builder_version=\u00bb4.14.2&#8243; _module_preset=\u00bbdefault\u00bb background_color=\u00bb#DCE7DE\u00bb custom_margin=\u00bb-20px||-20px|0px|false|false\u00bb custom_padding=\u00bb4px|7px|11px|12px|false|false\u00bb hover_enabled=\u00bb0&#8243; global_colors_info=\u00bb{}\u00bb sticky_enabled=\u00bb0&#8243;]<\/p>\n<p style=\"text-align: center;\"><strong>Acte de clausura<\/strong><\/p>\n<p style=\"text-align: center;\">Diumenge, 6 de febrer de 2022<\/p>\n<p>[\/et_pb_text][\/et_pb_column][\/et_pb_row][et_pb_row use_custom_gutter=\u00bbon\u00bb gutter_width=\u00bb4&#8243; _builder_version=\u00bb4.9.1&#8243; custom_padding=\u00bb||0px||false|false\u00bb global_colors_info=\u00bb{}\u00bb][et_pb_column type=\u00bb4_4&#8243; _builder_version=\u00bb4.0.7&#8243; global_colors_info=\u00bb{}\u00bb][et_pb_text _builder_version=\u00bb4.9.10&#8243; _module_preset=\u00bbdefault\u00bb text_font=\u00bb|600|||||||\u00bb text_text_color=\u00bb#FFFFFF\u00bb text_font_size=\u00bb23px\u00bb background_color=\u00bb#f08286&#8243; custom_margin=\u00bb0px||||false|false\u00bb custom_padding=\u00bb7px|0px|15px|7px|false|false\u00bb link_option_url=\u00bbhttps:\/\/museus.esplugues.cat\/exposicions-temporals\/20biennalespluguesexposicio\u00bb hover_enabled=\u00bb0&#8243; border_width_all=\u00bb0px\u00bb border_color_all=\u00bb#000000&#8243; border_style_right=\u00bbsolid\u00bb global_colors_info=\u00bb{}\u00bb sticky_enabled=\u00bb0&#8243;]<\/p>\n<p>EXPOSICI\u00d3 TEMPORAL<\/p>\n<p>[\/et_pb_text][et_pb_text _builder_version=\u00bb4.9.10&#8243; _module_preset=\u00bbdefault\u00bb custom_margin=\u00bb1px||19px||false|false\u00bb custom_padding=\u00bb0px||||false|false\u00bb global_colors_info=\u00bb{}\u00bb]<\/p>\n<p>El dimecres 16 de juny ha tingut lloc als Museus d\u2019Esplugues de Llobregat la primera reuni\u00f3 del jurat de la 20 Edici\u00f3 de la Biennal de cer\u00e0mica d\u2019 Esplugues que\u00a0 ha triat les 24 peces que concursen en la fase final del certamen.<\/p>\n<p>[\/et_pb_text][et_pb_image src=\u00bbhttps:\/\/museus.esplugues.cat\/wp-content\/uploads\/2021\/10\/IMG-20211027-WA0002.jpg\u00bb title_text=\u00bbIMG-20211027-WA0002&#8243; url=\u00bbhttps:\/\/museus.esplugues.cat\/exposicions-temporals\/20biennalespluguesexposicio\u00bb _builder_version=\u00bb4.9.10&#8243; _module_preset=\u00bbdefault\u00bb global_colors_info=\u00bb{}\u00bb][\/et_pb_image][et_pb_button button_url=\u00bbhttps:\/\/museus.esplugues.cat\/exposicions-temporals\/20biennalespluguesexposicio\u00bb button_text=\u00bbM\u00e9s informaci\u00f3&#8230;\u00bb _builder_version=\u00bb4.9.10&#8243; _module_preset=\u00bbdefault\u00bb custom_button=\u00bbon\u00bb button_text_color=\u00bb#FFFFFF\u00bb button_bg_color=\u00bb#EF888D\u00bb button_font=\u00bb|700|||||||\u00bb custom_margin=\u00bb0px||||false|false\u00bb global_colors_info=\u00bb{}\u00bb][\/et_pb_button][et_pb_text _builder_version=\u00bb4.9.10&#8243; _module_preset=\u00bbdefault\u00bb text_font=\u00bb|600|||||||\u00bb text_text_color=\u00bb#FFFFFF\u00bb text_font_size=\u00bb23px\u00bb background_color=\u00bb#f08286&#8243; custom_margin=\u00bb0px||||false|false\u00bb custom_padding=\u00bb7px|0px|15px|7px|false|false\u00bb border_width_all=\u00bb0px\u00bb border_color_all=\u00bb#000000&#8243; border_style_right=\u00bbsolid\u00bb global_colors_info=\u00bb{}\u00bb]<\/p>\n<p>LLIURAMENT DE GUARDONS<\/p>\n<p>[\/et_pb_text][et_pb_video src=\u00bbhttps:\/\/youtu.be\/5ZJHz6GZtU0&#8243; _builder_version=\u00bb4.9.10&#8243; _module_preset=\u00bbdefault\u00bb global_colors_info=\u00bb{}\u00bb][\/et_pb_video][\/et_pb_column][\/et_pb_row][et_pb_row column_structure=\u00bb1_2,1_2&#8243; use_custom_gutter=\u00bbon\u00bb gutter_width=\u00bb4&#8243; _builder_version=\u00bb4.9.1&#8243; custom_padding=\u00bb||0px||false|false\u00bb global_colors_info=\u00bb{}\u00bb][et_pb_column type=\u00bb1_2&#8243; _builder_version=\u00bb4.0.7&#8243; global_colors_info=\u00bb{}\u00bb][et_pb_text _builder_version=\u00bb4.9.1&#8243; _module_preset=\u00bbdefault\u00bb text_font=\u00bb|600|||||||\u00bb text_text_color=\u00bb#FFFFFF\u00bb text_font_size=\u00bb23px\u00bb background_color=\u00bb#f08286&#8243; custom_margin=\u00bb0px||||false|false\u00bb custom_padding=\u00bb7px|0px|15px|7px|false|false\u00bb border_width_all=\u00bb0px\u00bb border_color_all=\u00bb#000000&#8243; border_style_right=\u00bbsolid\u00bb global_colors_info=\u00bb{}\u00bb]<\/p>\n<p>OBRES SELECCIONADES<\/p>\n<p>[\/et_pb_text][et_pb_text _builder_version=\u00bb4.9.1&#8243; _module_preset=\u00bbdefault\u00bb custom_margin=\u00bb1px||19px||false|false\u00bb custom_padding=\u00bb0px||||false|false\u00bb global_colors_info=\u00bb{}\u00bb]<\/p>\n<p>El dimecres 16 de juny ha tingut lloc als Museus d\u2019Esplugues de Llobregat la primera reuni\u00f3 del jurat de la 20 Edici\u00f3 de la Biennal de cer\u00e0mica d\u2019 Esplugues que\u00a0 ha triat les 24 peces que concursen en la fase final del certamen.<\/p>\n<p>[\/et_pb_text][et_pb_button button_url=\u00bb@ET-DC@eyJkeW5hbWljIjp0cnVlLCJjb250ZW50IjoicG9zdF9saW5rX3VybF9wYWdlIiwic2V0dGluZ3MiOnsicG9zdF9pZCI6IjMzODUxIn19@\u00bb button_text=\u00bbLlistat de peces seleccionades\u00bb _builder_version=\u00bb4.9.1&#8243; _dynamic_attributes=\u00bbbutton_url\u00bb _module_preset=\u00bbdefault\u00bb custom_button=\u00bbon\u00bb button_text_color=\u00bb#FFFFFF\u00bb button_bg_color=\u00bb#EF888D\u00bb button_font=\u00bb|700|||||||\u00bb custom_margin=\u00bb0px||||false|false\u00bb global_colors_info=\u00bb{}\u00bb][\/et_pb_button][\/et_pb_column][et_pb_column type=\u00bb1_2&#8243; _builder_version=\u00bb4.9.1&#8243; _module_preset=\u00bbdefault\u00bb global_colors_info=\u00bb{}\u00bb][et_pb_text _builder_version=\u00bb4.9.1&#8243; _module_preset=\u00bbdefault\u00bb text_font=\u00bb|600|||||||\u00bb text_text_color=\u00bb#FFFFFF\u00bb text_font_size=\u00bb23px\u00bb background_color=\u00bb#f08286&#8243; custom_margin=\u00bb0px||||false|false\u00bb custom_padding=\u00bb7px|0px|15px|7px|false|false\u00bb border_width_all=\u00bb0px\u00bb border_color_all=\u00bb#000000&#8243; border_style_right=\u00bbsolid\u00bb global_colors_info=\u00bb{}\u00bb]<\/p>\n<p>ACTUALITAT<\/p>\n<p>[\/et_pb_text][et_pb_text _builder_version=\u00bb4.9.1&#8243; _module_preset=\u00bbdefault\u00bb text_text_color=\u00bb#000000&#8243; custom_margin=\u00bb1px||19px||false|false\u00bb custom_padding=\u00bb0px||||false|false\u00bb global_colors_info=\u00bb{}\u00bb]<\/p>\n<p><strong>Arrenca la 20 Biennal de cer\u00e0mica d\u2019Esplugues amb la selecci\u00f3 de peces a concurs.<\/strong><\/p>\n<p>16\u00a0 de juny de 2021<\/p>\n<p>[\/et_pb_text][et_pb_button button_url=\u00bb@ET-DC@eyJkeW5hbWljIjp0cnVlLCJjb250ZW50IjoicG9zdF9saW5rX3VybF9wb3N0Iiwic2V0dGluZ3MiOnsicG9zdF9pZCI6IjMzODcwIn19@\u00bb button_text=\u00bbSeguir llegint\u00bb _builder_version=\u00bb4.9.1&#8243; _dynamic_attributes=\u00bbbutton_url\u00bb _module_preset=\u00bbdefault\u00bb custom_button=\u00bbon\u00bb button_text_color=\u00bb#FFFFFF\u00bb button_bg_color=\u00bb#EF888D\u00bb button_font=\u00bb|700|||||||\u00bb custom_margin=\u00bb0px||||false|false\u00bb global_colors_info=\u00bb{}\u00bb][\/et_pb_button][\/et_pb_column][\/et_pb_row][et_pb_row use_custom_gutter=\u00bbon\u00bb gutter_width=\u00bb4&#8243; _builder_version=\u00bb4.9.1&#8243; custom_padding=\u00bb||0px||false|false\u00bb global_colors_info=\u00bb{}\u00bb][et_pb_column type=\u00bb4_4&#8243; _builder_version=\u00bb4.0.7&#8243; global_colors_info=\u00bb{}\u00bb][et_pb_text _builder_version=\u00bb4.9.1&#8243; _module_preset=\u00bbdefault\u00bb text_font=\u00bb|600|||||||\u00bb text_text_color=\u00bb#FFFFFF\u00bb text_font_size=\u00bb23px\u00bb background_color=\u00bb#f08286&#8243; custom_margin=\u00bb0px||||false|false\u00bb custom_padding=\u00bb7px|0px|15px|7px|false|false\u00bb border_width_all=\u00bb0px\u00bb border_color_all=\u00bb#000000&#8243; border_style_right=\u00bbsolid\u00bb global_colors_info=\u00bb{}\u00bb]<\/p>\n<p>BASES I INSCRIPCIONS<\/p>\n<p>[\/et_pb_text][et_pb_text _builder_version=\u00bb4.9.1&#8243; _module_preset=\u00bbdefault\u00bb custom_margin=\u00bb-12px||-12px||false|false\u00bb custom_padding=\u00bb0px||||false|false\u00bb global_colors_info=\u00bb{}\u00bb]<\/p>\n<p>Amb la 20a BIENNAL DE CER\u00c0MICA D\u2019ESPLUGUES ANGELINA AL\u00d3S, l\u2019Ajuntament d\u2018Esplugues t\u00e9 el desig i la voluntat de continuar impulsant la pres\u00e8ncia de la cer\u00e0mica a la nostra ciutat.<\/p>\n<p>Les bases reguladores de la concessi\u00f3 d\u2019aquest certamen foren aprovades per la Junta de Govern Local de l\u2019Ajuntament d\u2019Esplugues amb data 9 de mar\u00e7 de 2018. Aquesta convocat\u00f2ria est\u00e0 inclosa espec\u00edficament entre les l\u00ednies de subvenci\u00f3 del Pla Estrat\u00e8gic 2020-2024<\/p>\n<p>[\/et_pb_text][\/et_pb_column][\/et_pb_row][et_pb_row column_structure=\u00bb3_5,2_5&#8243; _builder_version=\u00bb4.9.1&#8243; _module_preset=\u00bb48574ec8-5954-44a2-ab22-c30d83df5cee\u00bb global_colors_info=\u00bb{}\u00bb][et_pb_column type=\u00bb3_5&#8243; _builder_version=\u00bb4.9.1&#8243; _module_preset=\u00bbdefault\u00bb border_width_right=\u00bb1px\u00bb border_color_right=\u00bb#DCE7DE\u00bb global_colors_info=\u00bb{}\u00bb][et_pb_text _builder_version=\u00bb4.9.1&#8243; _module_preset=\u00bbdefault\u00bb global_colors_info=\u00bb{}\u00bb]<\/p>\n<p><em>Consutla aqu\u00ed les bases per participar&#8230;<\/em><\/p>\n<p>[\/et_pb_text][et_pb_image src=\u00bbhttps:\/\/museus.esplugues.cat\/wp-content\/uploads\/2021\/04\/TW600x335.jpg\u00bb alt=\u00bbBases de la Biennal de cer\u00e0mica\u00bb title_text=\u00bbBases de la Biennal de cer\u00e0mica\u00bb url=\u00bb@ET-DC@eyJkeW5hbWljIjp0cnVlLCJjb250ZW50IjoicG9zdF9saW5rX3VybF9hdHRhY2htZW50Iiwic2V0dGluZ3MiOnsicG9zdF9pZCI6IjMzMjI2In19@\u00bb _builder_version=\u00bb4.9.1&#8243; _dynamic_attributes=\u00bburl\u00bb _module_preset=\u00bbdefault\u00bb width=\u00bb75%\u00bb global_colors_info=\u00bb{}\u00bb][\/et_pb_image][\/et_pb_column][et_pb_column type=\u00bb2_5&#8243; _builder_version=\u00bb4.9.1&#8243; _module_preset=\u00bbdefault\u00bb border_width_right=\u00bb1px\u00bb border_color_right=\u00bb#DCE7DE\u00bb global_colors_info=\u00bb{}\u00bb][et_pb_text _builder_version=\u00bb4.9.1&#8243; _module_preset=\u00bbdefault\u00bb global_colors_info=\u00bb{}\u00bb]<\/p>\n<p><em>Per participar a la Biennal&#8230;<\/em><\/p>\n<p>[\/et_pb_text][et_pb_button button_url=\u00bbhttps:\/\/intranet.esplugues.cat\/WebAplic\/Biennal\/Biennal2021.nsf\/FRM_INICI?OpenForm&#038;IDIOMA=CA\u00bb button_text=\u00bbInscripci\u00f3 online aqu\u00ed\u00bb button_alignment=\u00bbcenter\u00bb _builder_version=\u00bb4.9.1&#8243; _module_preset=\u00bbdefault\u00bb custom_button=\u00bbon\u00bb button_text_size=\u00bb17px\u00bb button_text_color=\u00bb#000000&#8243; button_bg_color=\u00bb#DCE7DE\u00bb global_colors_info=\u00bb{}\u00bb][\/et_pb_button][et_pb_text _builder_version=\u00bb4.9.1&#8243; _module_preset=\u00bbdefault\u00bb custom_margin=\u00bb100px||||false|false\u00bb global_colors_info=\u00bb{}\u00bb]<\/p>\n<p><em>Si tens algun dubte, pregunta&#8217;ns&#8230;<\/em><\/p>\n<p>[\/et_pb_text][et_pb_button button_url=\u00bb@ET-DC@eyJkeW5hbWljIjp0cnVlLCJjb250ZW50IjoicG9zdF9saW5rX3VybF9wYWdlIiwic2V0dGluZ3MiOnsicG9zdF9pZCI6IjMzMjUzIn19@\u00bb button_text=\u00bbFormulari de contacte\u00bb button_alignment=\u00bbcenter\u00bb _builder_version=\u00bb4.9.1&#8243; _dynamic_attributes=\u00bbbutton_url\u00bb _module_preset=\u00bbdefault\u00bb custom_button=\u00bbon\u00bb button_text_size=\u00bb17px\u00bb button_text_color=\u00bb#000000&#8243; button_bg_color=\u00bb#DCE7DE\u00bb global_colors_info=\u00bb{}\u00bb][\/et_pb_button][\/et_pb_column][\/et_pb_row][et_pb_row _builder_version=\u00bb4.9.1&#8243; _module_preset=\u00bbdefault\u00bb global_colors_info=\u00bb{}\u00bb][et_pb_column type=\u00bb4_4&#8243; _builder_version=\u00bb4.9.1&#8243; _module_preset=\u00bbdefault\u00bb global_colors_info=\u00bb{}\u00bb][et_pb_divider color=\u00bb#F08286&#8243; _builder_version=\u00bb4.9.1&#8243; _module_preset=\u00bbdefault\u00bb global_colors_info=\u00bb{}\u00bb][\/et_pb_divider][et_pb_text _builder_version=\u00bb4.9.1&#8243; _module_preset=\u00bbdefault\u00bb global_colors_info=\u00bb{}\u00bb]<\/p>\n<p>Organitza:<\/p>\n<p>[\/et_pb_text][et_pb_image src=\u00bbhttps:\/\/museus.esplugues.cat\/wp-content\/uploads\/2021\/04\/lgos2.jpg\u00bb title_text=\u00bbOrganitzadors Biennal\u00bb align=\u00bbcenter\u00bb _builder_version=\u00bb4.9.1&#8243; _module_preset=\u00bbdefault\u00bb custom_margin=\u00bb-51px||||false|false\u00bb custom_padding=\u00bb0px||||false|false\u00bb global_colors_info=\u00bb{}\u00bb][\/et_pb_image][et_pb_text _builder_version=\u00bb4.9.1&#8243; _module_preset=\u00bbdefault\u00bb global_colors_info=\u00bb{}\u00bb]<\/p>\n<p>Patrocina:<\/p>\n<p>[\/et_pb_text][et_pb_image src=\u00bbhttps:\/\/museus.esplugues.cat\/wp-content\/uploads\/2021\/04\/logos.jpg\u00bb title_text=\u00bbPatrocinadors\u00bb align=\u00bbcenter\u00bb _builder_version=\u00bb4.9.1&#8243; _module_preset=\u00bbdefault\u00bb custom_margin=\u00bb-50px||||false|false\u00bb global_colors_info=\u00bb{}\u00bb][\/et_pb_image][\/et_pb_column][\/et_pb_row][\/et_pb_section]<\/p>\n","protected":false},"excerpt":{"rendered":"<p>20 Biennal de cer\u00e0mica d\u2019Esplugues Angelina Al\u00f3sCALENDARIInscripcions Del 12 d&#8217;abril al 31 de maigSelecci\u00f3 de peces Dimecres, 16 de\u00a0 junyEs publicar\u00e0 en aquesta web a partir del 17\/06\/21 a les 10:00Lliurament d&#8217;obres seleccionades Del 16 al 24 de juliolLliurament de guardons Dimecres, 27 d&#8217;octubre a les 19 h.Exposici\u00f3 temporal Obres guanyadores i seleccionades Del 28 [&hellip;]<\/p>\n","protected":false},"author":1,"featured_media":33279,"parent":0,"menu_order":0,"comment_status":"closed","ping_status":"closed","template":"","meta":{"_et_pb_use_builder":"on","_et_pb_old_content":"","_et_gb_content_width":"","_uag_custom_page_level_css":"","footnotes":""},"class_list":["post-33282","page","type-page","status-publish","has-post-thumbnail","hentry"],"uagb_featured_image_src":{"full":["https:\/\/museus.esplugues.cat\/wp-content\/uploads\/2021\/04\/MiniaturaWEB.jpg",300,200,false],"thumbnail":["https:\/\/museus.esplugues.cat\/wp-content\/uploads\/2021\/04\/MiniaturaWEB-80x80.jpg",80,80,true],"medium":["https:\/\/museus.esplugues.cat\/wp-content\/uploads\/2021\/04\/MiniaturaWEB.jpg",300,200,false],"medium_large":["https:\/\/museus.esplugues.cat\/wp-content\/uploads\/2021\/04\/MiniaturaWEB.jpg",300,200,false],"large":["https:\/\/museus.esplugues.cat\/wp-content\/uploads\/2021\/04\/MiniaturaWEB.jpg",300,200,false],"1536x1536":["https:\/\/museus.esplugues.cat\/wp-content\/uploads\/2021\/04\/MiniaturaWEB.jpg",300,200,false],"2048x2048":["https:\/\/museus.esplugues.cat\/wp-content\/uploads\/2021\/04\/MiniaturaWEB.jpg",300,200,false],"et-pb-post-main-image":["https:\/\/museus.esplugues.cat\/wp-content\/uploads\/2021\/04\/MiniaturaWEB.jpg",300,200,false],"et-pb-post-main-image-fullwidth":["https:\/\/museus.esplugues.cat\/wp-content\/uploads\/2021\/04\/MiniaturaWEB.jpg",300,200,false],"et-pb-portfolio-image":["https:\/\/museus.esplugues.cat\/wp-content\/uploads\/2021\/04\/MiniaturaWEB.jpg",300,200,false],"et-pb-portfolio-module-image":["https:\/\/museus.esplugues.cat\/wp-content\/uploads\/2021\/04\/MiniaturaWEB.jpg",300,200,false],"et-pb-portfolio-image-single":["https:\/\/museus.esplugues.cat\/wp-content\/uploads\/2021\/04\/MiniaturaWEB.jpg",300,200,false],"et-pb-gallery-module-image-portrait":["https:\/\/museus.esplugues.cat\/wp-content\/uploads\/2021\/04\/MiniaturaWEB.jpg",300,200,false],"et-pb-post-main-image-fullwidth-large":["https:\/\/museus.esplugues.cat\/wp-content\/uploads\/2021\/04\/MiniaturaWEB.jpg",300,200,false],"et-pb-image--responsive--desktop":["https:\/\/museus.esplugues.cat\/wp-content\/uploads\/2021\/04\/MiniaturaWEB.jpg",300,200,false],"et-pb-image--responsive--tablet":["https:\/\/museus.esplugues.cat\/wp-content\/uploads\/2021\/04\/MiniaturaWEB.jpg",300,200,false],"et-pb-image--responsive--phone":["https:\/\/museus.esplugues.cat\/wp-content\/uploads\/2021\/04\/MiniaturaWEB.jpg",300,200,false]},"uagb_author_info":{"display_name":"alpha","author_link":"https:\/\/museus.esplugues.cat\/es\/author\/alpha"},"uagb_comment_info":0,"uagb_excerpt":"20 Biennal de cer\u00e0mica d\u2019Esplugues Angelina Al\u00f3sCALENDARIInscripcions Del 12 d'abril al 31 de maigSelecci\u00f3 de peces Dimecres, 16 de\u00a0 junyEs publicar\u00e0 en aquesta web a partir del 17\/06\/21 a les 10:00Lliurament d'obres seleccionades Del 16 al 24 de juliolLliurament de guardons Dimecres, 27 d'octubre a les 19 h.Exposici\u00f3 temporal Obres guanyadores i seleccionades Del 28&hellip;","_links":{"self":[{"href":"https:\/\/museus.esplugues.cat\/es\/wp-json\/wp\/v2\/pages\/33282","targetHints":{"allow":["GET"]}}],"collection":[{"href":"https:\/\/museus.esplugues.cat\/es\/wp-json\/wp\/v2\/pages"}],"about":[{"href":"https:\/\/museus.esplugues.cat\/es\/wp-json\/wp\/v2\/types\/page"}],"author":[{"embeddable":true,"href":"https:\/\/museus.esplugues.cat\/es\/wp-json\/wp\/v2\/users\/1"}],"replies":[{"embeddable":true,"href":"https:\/\/museus.esplugues.cat\/es\/wp-json\/wp\/v2\/comments?post=33282"}],"version-history":[{"count":5,"href":"https:\/\/museus.esplugues.cat\/es\/wp-json\/wp\/v2\/pages\/33282\/revisions"}],"predecessor-version":[{"id":36878,"href":"https:\/\/museus.esplugues.cat\/es\/wp-json\/wp\/v2\/pages\/33282\/revisions\/36878"}],"wp:featuredmedia":[{"embeddable":true,"href":"https:\/\/museus.esplugues.cat\/es\/wp-json\/wp\/v2\/media\/33279"}],"wp:attachment":[{"href":"https:\/\/museus.esplugues.cat\/es\/wp-json\/wp\/v2\/media?parent=33282"}],"curies":[{"name":"wp","href":"https:\/\/api.w.org\/{rel}","templated":true}]}}