{"id":33446,"date":"2021-04-21T12:12:41","date_gmt":"2021-04-21T10:12:41","guid":{"rendered":"https:\/\/museus.esplugues.cat\/exposiciones-temporales\/posit-35-anos-de-la-biennal-de-ceramica-de-esplugues"},"modified":"2021-04-22T11:41:57","modified_gmt":"2021-04-22T09:41:57","slug":"posit-exposicion","status":"publish","type":"page","link":"https:\/\/museus.esplugues.cat\/es\/exposiciones-temporales\/posit-exposicion","title":{"rendered":"P\u00f2sit. 35 a\u00f1os de la Biennal de cer\u00e1mica de Esplugues"},"content":{"rendered":"<p>[et_pb_section fb_built=\u00bb1&#8243; _builder_version=\u00bb4.9.1&#8243; background_color=\u00bb#99c7be\u00bb custom_margin=\u00bb0px||0px||false|false\u00bb custom_padding=\u00bb0px||0px||false|false\u00bb][et_pb_row _builder_version=\u00bb4.4.7&#8243; custom_margin=\u00bb0px||0px||false|false\u00bb custom_padding=\u00bb0px||0px||false|false\u00bb][et_pb_column type=\u00bb4_4&#8243; _builder_version=\u00bb4.4.7&#8243;][et_pb_image src=\u00bbhttps:\/\/museus.esplugues.cat\/wp-content\/uploads\/2021\/04\/capcalera-provisional.jpg\u00bb title_text=\u00bbposter_posit_def\u00bb align=\u00bbcenter\u00bb _builder_version=\u00bb4.9.1&#8243;][\/et_pb_image][\/et_pb_column][\/et_pb_row][et_pb_row _builder_version=\u00bb4.9.1&#8243; background_color=\u00bbrgba(0,0,0,0)\u00bb][et_pb_column type=\u00bb4_4&#8243; _builder_version=\u00bb4.0.7&#8243;][et_pb_text _builder_version=\u00bb4.9.1&#8243; text_font=\u00bb||||||||\u00bb text_text_color=\u00bb#3f3f3f\u00bb text_font_size=\u00bb16px\u00bb text_line_height=\u00bb1.5em\u00bb link_font=\u00bb||||on||||\u00bb link_text_color=\u00bb#FFFFFF\u00bb ul_font_size=\u00bb13px\u00bb ul_line_height=\u00bb20px\u00bb header_text_color=\u00bbRGBA(0,0,0,0)\u00bb header_letter_spacing=\u00bb7px\u00bb header_3_font=\u00bb|300||on|||||\u00bb background_layout=\u00bbdark\u00bb custom_margin=\u00bb0px||||false|false\u00bb custom_padding=\u00bb30px|6px||11px|false|false\u00bb]<\/p>\n<p>Obras ganadoras e de la <strong>Bienal de Cer\u00e1mica Angelina Al\u00f3s<\/strong> se han recuperado de los almacenes del museo para establecer nuevos di\u00e1logos con obras de otras disciplinas art\u00edsticas.<\/p>\n<p>Una apuesta innovadora y arriesgada, dirigida\u00a0 por <strong>\u00c0lex Mitrani<\/strong>, conservador y comisario, que quiere ofrecer en \u00a0sus salas el espacio y el tiempo necesarios \u00a0para redescubrir o descubrir parte del arte catal\u00e1n de las \u00faltimas tres d\u00e9cadas.<\/p>\n<p>[\/et_pb_text][\/et_pb_column][\/et_pb_row][\/et_pb_section][et_pb_section fb_built=\u00bb1&#8243; _builder_version=\u00bb4.9.1&#8243; background_color=\u00bb#FFFFFF\u00bb custom_margin=\u00bb0px||0px||false|false\u00bb custom_padding=\u00bb0px||0px||false|false\u00bb][et_pb_row custom_padding_last_edited=\u00bbon|phone\u00bb disabled_on=\u00bboff|off|off\u00bb _builder_version=\u00bb4.9.1&#8243; background_color=\u00bb#FFFFFF\u00bb min_height=\u00bb68px\u00bb custom_margin=\u00bb0px||0px||false|false\u00bb custom_padding=\u00bb30px||0px||false|false\u00bb custom_padding_tablet=\u00bb\u00bb custom_padding_phone=\u00bb\u00bb border_color_bottom=\u00bb#8C944D\u00bb border_style_bottom=\u00bbdotted\u00bb][et_pb_column type=\u00bb4_4&#8243; _builder_version=\u00bb4.0.7&#8243;][et_pb_text _builder_version=\u00bb4.9.1&#8243; _module_preset=\u00bbdefault\u00bb text_font=\u00bb|700|||||||\u00bb text_text_color=\u00bb#0E6457&#8243; text_font_size=\u00bb22px\u00bb min_height=\u00bb47px\u00bb custom_padding=\u00bb|||11px|false|false\u00bb]<\/p>\n<p>Informaci\u00f3n pr\u00e1ctica<\/p>\n<p>[\/et_pb_text][et_pb_divider color=\u00bb#99C7BE\u00bb _builder_version=\u00bb4.9.1&#8243; _module_preset=\u00bbdefault\u00bb][\/et_pb_divider][\/et_pb_column][\/et_pb_row][et_pb_row column_structure=\u00bb3_5,2_5&#8243; use_custom_gutter=\u00bbon\u00bb gutter_width=\u00bb4&#8243; _builder_version=\u00bb4.9.1&#8243; background_color=\u00bb#FFFFFF\u00bb][et_pb_column type=\u00bb3_5&#8243; _builder_version=\u00bb4.0.7&#8243;][et_pb_video src=\u00bbhttps:\/\/youtu.be\/HgOEj-9mPLQ\u00bb disabled_on=\u00bboff|off|off\u00bb _builder_version=\u00bb4.9.1&#8243;][\/et_pb_video][et_pb_text _builder_version=\u00bb4.9.1&#8243; _module_preset=\u00bbdefault\u00bb text_text_color=\u00bb#0E6457&#8243; text_letter_spacing=\u00bb3px\u00bb text_font=\u00bb|700|||||||\u00bb hover_enabled=\u00bb0&#8243; sticky_enabled=\u00bb0&#8243;]<\/p>\n<p style=\"text-align: center;\">Comparte tu experiencia #P\u00f2sitExposic\u00f3<\/p>\n<p>[\/et_pb_text][et_pb_social_media_follow _builder_version=\u00bb4.9.1&#8243; _module_preset=\u00bbdefault\u00bb text_orientation=\u00bbcenter\u00bb hover_enabled=\u00bb0&#8243; sticky_enabled=\u00bb0&#8243;][et_pb_social_media_follow_network social_network=\u00bbfacebook\u00bb background_color=\u00bb#3b5998&#8243; _builder_version=\u00bb4.9.1&#8243; _module_preset=\u00bbdefault\u00bb follow_button=\u00bboff\u00bb url_new_window=\u00bbon\u00bb url=\u00bbhttps:\/\/www.facebook.com\/MuseusdEsplugues\u00bb hover_enabled=\u00bb0&#8243; sticky_enabled=\u00bb0&#8243;]facebook[\/et_pb_social_media_follow_network][et_pb_social_media_follow_network social_network=\u00bbtwitter\u00bb background_color=\u00bb#00aced\u00bb _builder_version=\u00bb4.9.1&#8243; _module_preset=\u00bbdefault\u00bb follow_button=\u00bboff\u00bb url_new_window=\u00bbon\u00bb url=\u00bbhttps:\/\/twitter.com\/MuseusEsplugues\u00bb hover_enabled=\u00bb0&#8243; sticky_enabled=\u00bb0&#8243;]twitter[\/et_pb_social_media_follow_network][et_pb_social_media_follow_network social_network=\u00bbinstagram\u00bb background_color=\u00bb#ea2c59&#8243; _builder_version=\u00bb4.9.1&#8243; _module_preset=\u00bbdefault\u00bb follow_button=\u00bboff\u00bb url_new_window=\u00bbon\u00bb url=\u00bbhttps:\/\/www.instagram.com\/museus_esplugues\/\u00bb hover_enabled=\u00bb0&#8243; sticky_enabled=\u00bb0&#8243;]instagram[\/et_pb_social_media_follow_network][et_pb_social_media_follow_network social_network=\u00bbyoutube\u00bb background_color=\u00bb#a82400&#8243; _builder_version=\u00bb4.9.1&#8243; _module_preset=\u00bbdefault\u00bb follow_button=\u00bboff\u00bb url_new_window=\u00bbon\u00bb url=\u00bbhttps:\/\/www.youtube.com\/channel\/UCneJk88G-0_2BfEpKvvOkVA\u00bb hover_enabled=\u00bb0&#8243; sticky_enabled=\u00bb0&#8243;]youtube[\/et_pb_social_media_follow_network][\/et_pb_social_media_follow][\/et_pb_column][et_pb_column type=\u00bb2_5&#8243; _builder_version=\u00bb4.0.7&#8243;][et_pb_text _builder_version=\u00bb4.9.1&#8243;]<\/p>\n<p><strong>Del 21 de <\/strong><strong>abril al\u00a0 21 de septiembre de\u00a0 2021<\/strong><\/p>\n<p><strong>Museu Can Tintur\u00e9<\/strong><\/p>\n<p>Entrada libre<\/p>\n<p>De martes a viernes de 17 a 20, s\u00e1bados de 10 a 14 h y de 17 a 20 h, y domingos diumenges de 10 a 14 h.<\/p>\n<p>Medidas de seguridad<\/p>\n<ul>\n<li>Aforo\u00a0 limitado<\/li>\n<li>Uso obligatorio de mascarilla<\/li>\n<li>Distancia de seguridad<\/li>\n<li>Inscrioci\u00f3n previa en todas las actividades<\/li>\n<li>Ventilaci\u00f3n natural<\/li>\n<\/ul>\n<p>&nbsp;<\/p>\n<p>[\/et_pb_text][\/et_pb_column][\/et_pb_row][\/et_pb_section][et_pb_section fb_built=\u00bb1&#8243; _builder_version=\u00bb4.9.1&#8243; background_color=\u00bb#FFFFFF\u00bb][et_pb_row custom_padding_last_edited=\u00bbon|phone\u00bb disabled_on=\u00bboff|off|off\u00bb _builder_version=\u00bb4.9.1&#8243; background_color=\u00bb#FFFFFF\u00bb min_height=\u00bb68px\u00bb custom_margin=\u00bb0px||0px||false|false\u00bb custom_padding=\u00bb0px||0px||false|false\u00bb custom_padding_tablet=\u00bb\u00bb custom_padding_phone=\u00bb\u00bb border_color_bottom=\u00bb#8C944D\u00bb border_style_bottom=\u00bbdotted\u00bb][et_pb_column type=\u00bb4_4&#8243; _builder_version=\u00bb4.0.7&#8243;][et_pb_text _builder_version=\u00bb4.9.1&#8243; _module_preset=\u00bbdefault\u00bb text_font=\u00bb|700|||||||\u00bb text_text_color=\u00bb#0E6457&#8243; text_font_size=\u00bb22px\u00bb min_height=\u00bb47px\u00bb custom_padding=\u00bb|||11px|false|false\u00bb]<\/p>\n<p>La exposici\u00f3n<\/p>\n<p>[\/et_pb_text][et_pb_divider color=\u00bb#99C7BE\u00bb _builder_version=\u00bb4.9.1&#8243; _module_preset=\u00bbdefault\u00bb][\/et_pb_divider][\/et_pb_column][\/et_pb_row][et_pb_row column_structure=\u00bb2_3,1_3&#8243; _builder_version=\u00bb4.9.1&#8243; custom_margin=\u00bb0px||||false|false\u00bb custom_padding=\u00bb0px||||false|false\u00bb][et_pb_column type=\u00bb2_3&#8243; _builder_version=\u00bb4.4.9&#8243;][et_pb_text _builder_version=\u00bb4.9.1&#8243; hover_enabled=\u00bb0&#8243; sticky_enabled=\u00bb0&#8243;]<\/p>\n<p>Un P\u00f2sit (poso) es lo que el tiempo acumula por decantaci\u00f3n y que deja el fundamento natural, como un humus, para una nueva fertilidad. En este sentido, la mirada hacia el pasado no es s\u00f3lo una actitud hist\u00f3rica sino que construye una escalera con pelda\u00f1os que nos lleva al presente, a una atalaya que ofrece panoramas para reflexionar.<\/p>\n<p>La exposici\u00f3n presenta una selecci\u00f3n de obras premiadas en las diferentes bienales, lo que nos permite observar una evoluci\u00f3n constante. Estas obras se acompa\u00f1an de una selecci\u00f3n compacta de diferentes obras de territorios creativos diversos (pintura, c\u00f3mic, cine, literatura) que nos ayudan a situar la cer\u00e1mica en un contexto art\u00edstico y, sobre todo, a definir de manera m\u00e1s rica y matizada una \u00e9poca, un universo cultural. Cruzamos memorias y pensamos -acompa\u00f1ados por los creadores \/ ras- qui\u00e9nes somos, qui\u00e9nes queremos ser.<\/p>\n<p>Os invitamos a sentarse, observar, mirar a los ojos y dialogar.<\/p>\n<p>La exposici\u00f3n est\u00e1 dividida en tres \u00e1mbitos que corresponden a per\u00edodos hist\u00f3ricos y culturales, m\u00e1s all\u00e1 de las fechas escogidas, destaca el t\u00edtulo de cada un de estos \u00e1mbitos que hacen referencia a las vivencias, a la sociedad y los lenguajes art\u00edsticos de cada momento .<\/p>\n<p>[\/et_pb_text][\/et_pb_column][et_pb_column type=\u00bb1_3&#8243; _builder_version=\u00bb4.4.9&#8243;][et_pb_image src=\u00bbhttps:\/\/museus.esplugues.cat\/wp-content\/uploads\/2021\/04\/Diseno-sin-titulo.gif\u00bb title_text=\u00bbDise\u00f1o sin t\u00edtulo\u00bb align=\u00bbcenter\u00bb _builder_version=\u00bb4.9.1&#8243; _module_preset=\u00bbdefault\u00bb width=\u00bb65%\u00bb][\/et_pb_image][\/et_pb_column][\/et_pb_row][et_pb_row column_structure=\u00bb1_3,1_3,1_3&#8243; _builder_version=\u00bb4.9.1&#8243; _module_preset=\u00bbdefault\u00bb][et_pb_column type=\u00bb1_3&#8243; _builder_version=\u00bb4.9.1&#8243; _module_preset=\u00bbdefault\u00bb background_color=\u00bb#0E6457&#8243;][et_pb_text _builder_version=\u00bb4.9.1&#8243; _module_preset=\u00bbdefault\u00bb text_font=\u00bb|700|||||||\u00bb text_text_color=\u00bb#FFFFFF\u00bb text_font_size=\u00bb15px\u00bb text_line_height=\u00bb1.4em\u00bb custom_margin=\u00bb|||0px|false|false\u00bb custom_padding=\u00bb13px|||0px|false|false\u00bb]<\/p>\n<p style=\"text-align: center;\">Tiempo de sensualidad<\/p>\n<p style=\"text-align: center;\">1986-1992<\/p>\n<p style=\"text-align: center;\">[\/et_pb_text][et_pb_image src=\u00bbhttps:\/\/museus.esplugues.cat\/wp-content\/uploads\/2021\/04\/sensualitat.jpg\u00bb title_text=\u00bbsensualitat\u00bb align=\u00bbcenter\u00bb _builder_version=\u00bb4.9.1&#8243; _module_preset=\u00bbdefault\u00bb][\/et_pb_image][et_pb_text _builder_version=\u00bb4.9.1&#8243; _module_preset=\u00bbdefault\u00bb text_font=\u00bb||||||||\u00bb text_text_color=\u00bb#FFFFFF\u00bb text_font_size=\u00bb15px\u00bb text_letter_spacing=\u00bb4px\u00bb]<\/p>\n<p style=\"text-align: center;\">&#8211; grafismo &#8211; hedonismo &#8211; dinamismo &#8211;<\/p>\n<p style=\"text-align: center;\"><strong>cer\u00e1mica, pintura y c\u00f3mic<\/strong><\/p>\n<p>[\/et_pb_text][\/et_pb_column][et_pb_column type=\u00bb1_3&#8243; _builder_version=\u00bb4.9.1&#8243; _module_preset=\u00bbdefault\u00bb background_color=\u00bb#99c7be\u00bb][et_pb_text _builder_version=\u00bb4.9.1&#8243; _module_preset=\u00bbdefault\u00bb text_font=\u00bb|700|||||||\u00bb text_font_size=\u00bb15px\u00bb text_line_height=\u00bb1.4em\u00bb custom_margin=\u00bb|||0px|false|false\u00bb custom_padding=\u00bb13px|||0px|false|false\u00bb]<\/p>\n<p style=\"text-align: center;\">Tiempo de meditaci\u00f3n<\/p>\n<p style=\"text-align: center;\">1994 -2002<\/p>\n<p style=\"text-align: center;\">[\/et_pb_text][et_pb_image src=\u00bbhttps:\/\/museus.esplugues.cat\/wp-content\/uploads\/2021\/04\/meditacio.jpg\u00bb title_text=\u00bbmeditaci\u00f3\u00bb align=\u00bbcenter\u00bb _builder_version=\u00bb4.9.1&#8243; _module_preset=\u00bbdefault\u00bb][\/et_pb_image][et_pb_text _builder_version=\u00bb4.9.1&#8243; _module_preset=\u00bbdefault\u00bb text_font=\u00bb||||||||\u00bb text_text_color=\u00bb#3F3F3F\u00bb text_font_size=\u00bb15px\u00bb text_letter_spacing=\u00bb4px\u00bb]<\/p>\n<p style=\"text-align: center;\">&#8211; estructura- orden &#8211; ci\u00e9ncia &#8211;<\/p>\n<p style=\"text-align: center;\"><strong>cer\u00e1mica, cine y pintura<\/strong><\/p>\n<p>[\/et_pb_text][\/et_pb_column][et_pb_column type=\u00bb1_3&#8243; _builder_version=\u00bb4.9.1&#8243; _module_preset=\u00bbdefault\u00bb background_color=\u00bb#dfd5c6&#8243;][et_pb_text _builder_version=\u00bb4.9.1&#8243; _module_preset=\u00bbdefault\u00bb text_font=\u00bb|700|||||||\u00bb text_text_color=\u00bbrgba(0,0,0,0.87)\u00bb text_font_size=\u00bb15px\u00bb text_line_height=\u00bb1.4em\u00bb custom_margin=\u00bb|||0px|false|false\u00bb custom_padding=\u00bb13px|||0px|false|false\u00bb]<\/p>\n<p style=\"text-align: center;\">Tiempo de incertidumbre<\/p>\n<p style=\"text-align: center;\">2004-2020<\/p>\n<p style=\"text-align: center;\">[\/et_pb_text][et_pb_image src=\u00bbhttps:\/\/museus.esplugues.cat\/wp-content\/uploads\/2021\/04\/Incertesa.jpg\u00bb title_text=\u00bbIncertesa\u00bb align=\u00bbcenter\u00bb _builder_version=\u00bb4.9.1&#8243; _module_preset=\u00bbdefault\u00bb][\/et_pb_image][et_pb_text _builder_version=\u00bb4.9.1&#8243; _module_preset=\u00bbdefault\u00bb text_font=\u00bb||||||||\u00bb text_text_color=\u00bb#3F3F3F\u00bb text_font_size=\u00bb15px\u00bb text_letter_spacing=\u00bb4px\u00bb]<\/p>\n<p style=\"text-align: center;\">&#8211; ironia- melancolia- inquietut-<\/p>\n<p style=\"text-align: center;\"><strong>cer\u00e1mica y pintura<\/strong><\/p>\n<p>[\/et_pb_text][\/et_pb_column][\/et_pb_row][\/et_pb_section][et_pb_section fb_built=\u00bb1&#8243; _builder_version=\u00bb4.4.9&#8243; background_color=\u00bb#ffffff\u00bb custom_margin=\u00bb0px||0px||false|false\u00bb custom_padding=\u00bb0px||0px||false|false\u00bb][et_pb_row custom_padding_last_edited=\u00bbon|phone\u00bb disabled_on=\u00bboff|off|off\u00bb _builder_version=\u00bb4.9.1&#8243; background_color=\u00bb#FFFFFF\u00bb min_height=\u00bb68px\u00bb custom_margin=\u00bb0px||0px||false|false\u00bb custom_padding=\u00bb0px||0px||false|false\u00bb custom_padding_tablet=\u00bb\u00bb custom_padding_phone=\u00bb\u00bb border_color_bottom=\u00bb#8C944D\u00bb border_style_bottom=\u00bbdotted\u00bb][et_pb_column type=\u00bb4_4&#8243; _builder_version=\u00bb4.0.7&#8243;][et_pb_text _builder_version=\u00bb4.9.1&#8243; _module_preset=\u00bbdefault\u00bb text_font=\u00bb|700|||||||\u00bb text_text_color=\u00bb#0E6457&#8243; text_font_size=\u00bb22px\u00bb min_height=\u00bb47px\u00bb custom_padding=\u00bb|||11px|false|false\u00bb hover_enabled=\u00bb0&#8243; sticky_enabled=\u00bb0&#8243;]<\/p>\n<p>Actividades<\/p>\n<p>[\/et_pb_text][et_pb_divider color=\u00bb#99C7BE\u00bb _builder_version=\u00bb4.9.1&#8243; _module_preset=\u00bbdefault\u00bb][\/et_pb_divider][\/et_pb_column][\/et_pb_row][et_pb_row _builder_version=\u00bb4.9.1&#8243; _module_preset=\u00bbdefault\u00bb column_structure=\u00bb1_4,1_4,1_4,1_4&#8243;][et_pb_column _builder_version=\u00bb4.9.1&#8243; _module_preset=\u00bbdefault\u00bb type=\u00bb1_4&#8243;][et_pb_text _builder_version=\u00bb4.9.1&#8243; _module_preset=\u00bbdefault\u00bb hover_enabled=\u00bb0&#8243; sticky_enabled=\u00bb0&#8243;]<\/p>\n<p>Conferencia en l\u00ednea<\/p>\n<p><strong>TRENCAD\u00cdS DE VI\u00d1ETAS: ARTE Y C\u00d3MIC SE ENCUENTRAN<\/strong><\/p>\n<p>Mi\u00e9rcoles, 28 de abril a las 19 h.<\/p>\n<p>Conferencia de Sant Jordi a cargo del periodista y especialista en c\u00f3mic <strong>Marc Charles<\/strong> sobre el c\u00f3mic como expresi\u00f3n art\u00edstica de primer orden y su relaci\u00f3n con otras disciplinas<\/p>\n<p>[\/et_pb_text][et_pb_button button_text=\u00bbInscripci\u00f3n aqu\u00ed\u00bb _builder_version=\u00bb4.9.1&#8243; _module_preset=\u00bbdefault\u00bb button_url=\u00bb@ET-DC@eyJkeW5hbWljIjp0cnVlLCJjb250ZW50IjoicG9zdF9saW5rX3VybF9wYWdlIiwic2V0dGluZ3MiOnsicG9zdF9pZCI6IjMyOTA3In19@\u00bb _dynamic_attributes=\u00bbbutton_url\u00bb hover_enabled=\u00bb0&#8243; sticky_enabled=\u00bb0&#8243;][\/et_pb_button][\/et_pb_column][et_pb_column _builder_version=\u00bb4.9.1&#8243; _module_preset=\u00bbdefault\u00bb type=\u00bb1_4&#8243;][et_pb_text _builder_version=\u00bb4.9.1&#8243; _module_preset=\u00bbdefault\u00bb hover_enabled=\u00bb0&#8243; sticky_enabled=\u00bb0&#8243;]<\/p>\n<p>Actividad familiar<\/p>\n<p><strong>EmociArts amb el fang<\/strong><\/p>\n<p>S\u00e1bado, 15 de mayo a las 18 h.<\/p>\n<p>Os invitamos a vivir el barro &#8230; una experencia de emociones, vivencias y arte que te convertir\u00e1 en nuevos artistas.<\/p>\n<p>Inscricpcions a partir del 1 de mayo<\/p>\n<p>[\/et_pb_text][\/et_pb_column][et_pb_column _builder_version=\u00bb4.9.1&#8243; _module_preset=\u00bbdefault\u00bb type=\u00bb1_4&#8243;][et_pb_text _builder_version=\u00bb4.9.1&#8243; _module_preset=\u00bbdefault\u00bb hover_enabled=\u00bb0&#8243; sticky_enabled=\u00bb0&#8243;]<\/p>\n<p>visitas guiadas<\/p>\n<p><strong>P\u00f3sit, la exposici\u00f3n<\/strong><\/p>\n<p>S\u00e1bado, 15 de mayo a las 18 h.<\/p>\n<p>Un paseo, una conversaci\u00f3n, un debate sobre todo lo que puede encontrar en las salas<\/p>\n<p>Inscricpcions a partir del 1 de mayo<\/p>\n<p>[\/et_pb_text][\/et_pb_column][et_pb_column _builder_version=\u00bb4.9.1&#8243; _module_preset=\u00bbdefault\u00bb type=\u00bb1_4&#8243;][et_pb_text _builder_version=\u00bb4.9.1&#8243; _module_preset=\u00bbdefault\u00bb hover_enabled=\u00bb0&#8243; sticky_enabled=\u00bb0&#8243;]<\/p>\n<p>Conferencia<\/p>\n<p><strong>P\u00f3sit, retrospectiva y perspectiva<\/strong><\/p>\n<p>Martes, 18 de mayo a las 19 h.<\/p>\n<p>Charla a cargo de <strong>\u00c0lex Mitrani<\/strong>, comisario de la exposici\u00f3n.<\/p>\n<p>[\/et_pb_text][\/et_pb_column][\/et_pb_row][\/et_pb_section][et_pb_section fb_built=\u00bb1&#8243; _builder_version=\u00bb4.9.1&#8243; background_color=\u00bb#dfd5c6&#8243; custom_margin=\u00bb0px||0px||false|false\u00bb custom_padding=\u00bb0px||0px||false|false\u00bb][et_pb_row column_structure=\u00bb1_3,1_3,1_3&#8243; _builder_version=\u00bb4.9.1&#8243; custom_margin=\u00bb-16px||||false|false\u00bb][et_pb_column type=\u00bb1_3&#8243; _builder_version=\u00bb4.4.9&#8243;][et_pb_text _builder_version=\u00bb4.9.1&#8243; _module_preset=\u00bbdefault\u00bb]<\/p>\n<p><strong>Organiza<\/strong><\/p>\n<p>Museus d\u2019Esplugues de Llobregat<\/p>\n<p><strong>Comissariado<\/strong><\/p>\n<p>\u00c0lex Mitrani<\/p>\n<p><strong>Dise\u00f1o museogr\u00e1fico:<\/strong><\/p>\n<p>Intervento<\/p>\n<p><strong>Derechs de reproducci\u00f3n:<\/strong><\/p>\n<p>\u00a9 Jordi Fulla, Francesca Llopis, VEGAP, Barcelona, 2021<\/p>\n<p>[\/et_pb_text][\/et_pb_column][et_pb_column type=\u00bb1_3&#8243; _builder_version=\u00bb4.4.9&#8243;][et_pb_text _builder_version=\u00bb4.9.1&#8243; _module_preset=\u00bbdefault\u00bb]<\/p>\n<p><strong>Colabora<\/strong><\/p>\n<p>Galeria Prats<\/p>\n<p>Galeria etHall<\/p>\n<p>Col\u00b7lecci\u00f3 Z46<\/p>\n<p>[\/et_pb_text][\/et_pb_column][et_pb_column type=\u00bb1_3&#8243; _builder_version=\u00bb4.4.9&#8243;][et_pb_text _builder_version=\u00bb4.9.1&#8243; _module_preset=\u00bbdefault\u00bb]<\/p>\n<p><strong>Agradecimientos<\/strong><\/p>\n<p>Francesca Llopis<\/p>\n<p>Jan Moncl\u00fas<\/p>\n<p>Jo Milne<\/p>\n<p>Lola Lasurt<\/p>\n<p>Pepe Serra<\/p>\n<p>Ventura Pons<\/p>\n<p>[\/et_pb_text][\/et_pb_column][\/et_pb_row][et_pb_row column_structure=\u00bb1_2,1_2&#8243; use_custom_gutter=\u00bbon\u00bb gutter_width=\u00bb4&#8243; _builder_version=\u00bb4.4.9&#8243; custom_margin=\u00bb-42px||||false|false\u00bb][et_pb_column type=\u00bb1_2&#8243; _builder_version=\u00bb4.0.7&#8243;][et_pb_image src=\u00bbhttps:\/\/museus.esplugues.cat\/wp-content\/uploads\/2020\/10\/Aj.-Esplugues.jpg\u00bb title_text=\u00bbAj. Esplugues\u00bb align=\u00bbcenter\u00bb _builder_version=\u00bb4.9.1&#8243; width=\u00bb25%\u00bb max_width=\u00bb100%\u00bb][\/et_pb_image][\/et_pb_column][et_pb_column type=\u00bb1_2&#8243; _builder_version=\u00bb4.0.7&#8243;][et_pb_image src=\u00bbhttps:\/\/museus.esplugues.cat\/wp-content\/uploads\/2020\/10\/MEL.negre_.jpg\u00bb title_text=\u00bbMEL.negre\u00bb align=\u00bbcenter\u00bb _builder_version=\u00bb4.9.1&#8243; width=\u00bb25%\u00bb][\/et_pb_image][\/et_pb_column][\/et_pb_row][\/et_pb_section]<\/p>\n","protected":false},"excerpt":{"rendered":"<p>Obras ganadoras e de la Bienal de Cer\u00e1mica Angelina Al\u00f3s se han recuperado de los almacenes del museo para establecer nuevos di\u00e1logos con obras de otras disciplinas art\u00edsticas. Una apuesta innovadora y arriesgada, dirigida\u00a0 por \u00c0lex Mitrani, conservador y comisario, que quiere ofrecer en \u00a0sus salas el espacio y el tiempo necesarios \u00a0para redescubrir o [&hellip;]<\/p>\n","protected":false},"author":1,"featured_media":33437,"parent":27989,"menu_order":0,"comment_status":"closed","ping_status":"closed","template":"","meta":{"_et_pb_use_builder":"on","_et_pb_old_content":"","_et_gb_content_width":"","_uag_custom_page_level_css":"","footnotes":""},"class_list":["post-33446","page","type-page","status-publish","has-post-thumbnail","hentry"],"uagb_featured_image_src":{"full":["https:\/\/museus.esplugues.cat\/wp-content\/uploads\/2021\/04\/miniatura.jpg",300,200,false],"thumbnail":["https:\/\/museus.esplugues.cat\/wp-content\/uploads\/2021\/04\/miniatura-80x80.jpg",80,80,true],"medium":["https:\/\/museus.esplugues.cat\/wp-content\/uploads\/2021\/04\/miniatura.jpg",300,200,false],"medium_large":["https:\/\/museus.esplugues.cat\/wp-content\/uploads\/2021\/04\/miniatura.jpg",300,200,false],"large":["https:\/\/museus.esplugues.cat\/wp-content\/uploads\/2021\/04\/miniatura.jpg",300,200,false],"1536x1536":["https:\/\/museus.esplugues.cat\/wp-content\/uploads\/2021\/04\/miniatura.jpg",300,200,false],"2048x2048":["https:\/\/museus.esplugues.cat\/wp-content\/uploads\/2021\/04\/miniatura.jpg",300,200,false],"et-pb-post-main-image":["https:\/\/museus.esplugues.cat\/wp-content\/uploads\/2021\/04\/miniatura.jpg",300,200,false],"et-pb-post-main-image-fullwidth":["https:\/\/museus.esplugues.cat\/wp-content\/uploads\/2021\/04\/miniatura.jpg",300,200,false],"et-pb-portfolio-image":["https:\/\/museus.esplugues.cat\/wp-content\/uploads\/2021\/04\/miniatura.jpg",300,200,false],"et-pb-portfolio-module-image":["https:\/\/museus.esplugues.cat\/wp-content\/uploads\/2021\/04\/miniatura.jpg",300,200,false],"et-pb-portfolio-image-single":["https:\/\/museus.esplugues.cat\/wp-content\/uploads\/2021\/04\/miniatura.jpg",300,200,false],"et-pb-gallery-module-image-portrait":["https:\/\/museus.esplugues.cat\/wp-content\/uploads\/2021\/04\/miniatura.jpg",300,200,false],"et-pb-post-main-image-fullwidth-large":["https:\/\/museus.esplugues.cat\/wp-content\/uploads\/2021\/04\/miniatura.jpg",300,200,false],"et-pb-image--responsive--desktop":["https:\/\/museus.esplugues.cat\/wp-content\/uploads\/2021\/04\/miniatura.jpg",300,200,false],"et-pb-image--responsive--tablet":["https:\/\/museus.esplugues.cat\/wp-content\/uploads\/2021\/04\/miniatura.jpg",300,200,false],"et-pb-image--responsive--phone":["https:\/\/museus.esplugues.cat\/wp-content\/uploads\/2021\/04\/miniatura.jpg",300,200,false]},"uagb_author_info":{"display_name":"alpha","author_link":"https:\/\/museus.esplugues.cat\/es\/author\/alpha"},"uagb_comment_info":0,"uagb_excerpt":"Obras ganadoras e de la Bienal de Cer\u00e1mica Angelina Al\u00f3s se han recuperado de los almacenes del museo para establecer nuevos di\u00e1logos con obras de otras disciplinas art\u00edsticas. Una apuesta innovadora y arriesgada, dirigida\u00a0 por \u00c0lex Mitrani, conservador y comisario, que quiere ofrecer en \u00a0sus salas el espacio y el tiempo necesarios \u00a0para redescubrir o&hellip;","_links":{"self":[{"href":"https:\/\/museus.esplugues.cat\/es\/wp-json\/wp\/v2\/pages\/33446","targetHints":{"allow":["GET"]}}],"collection":[{"href":"https:\/\/museus.esplugues.cat\/es\/wp-json\/wp\/v2\/pages"}],"about":[{"href":"https:\/\/museus.esplugues.cat\/es\/wp-json\/wp\/v2\/types\/page"}],"author":[{"embeddable":true,"href":"https:\/\/museus.esplugues.cat\/es\/wp-json\/wp\/v2\/users\/1"}],"replies":[{"embeddable":true,"href":"https:\/\/museus.esplugues.cat\/es\/wp-json\/wp\/v2\/comments?post=33446"}],"version-history":[{"count":4,"href":"https:\/\/museus.esplugues.cat\/es\/wp-json\/wp\/v2\/pages\/33446\/revisions"}],"predecessor-version":[{"id":33489,"href":"https:\/\/museus.esplugues.cat\/es\/wp-json\/wp\/v2\/pages\/33446\/revisions\/33489"}],"up":[{"embeddable":true,"href":"https:\/\/museus.esplugues.cat\/es\/wp-json\/wp\/v2\/pages\/27989"}],"wp:featuredmedia":[{"embeddable":true,"href":"https:\/\/museus.esplugues.cat\/es\/wp-json\/wp\/v2\/media\/33437"}],"wp:attachment":[{"href":"https:\/\/museus.esplugues.cat\/es\/wp-json\/wp\/v2\/media?parent=33446"}],"curies":[{"name":"wp","href":"https:\/\/api.w.org\/{rel}","templated":true}]}}