{"id":33664,"date":"2021-05-27T12:45:11","date_gmt":"2021-05-27T10:45:11","guid":{"rendered":"https:\/\/museus.esplugues.cat\/exposiciones-temporales\/90anys-republica-esplugues"},"modified":"2021-06-16T12:23:03","modified_gmt":"2021-06-16T10:23:03","slug":"90anys-republica-esplugues","status":"publish","type":"page","link":"https:\/\/museus.esplugues.cat\/es\/exposiciones-temporales\/90anys-republica-esplugues","title":{"rendered":"\u00a1Viva la Rep\u00fablica! 90 a\u00f1os de la proclamaci\u00f3n"},"content":{"rendered":"<p>[et_pb_section fb_built=\u00bb1&#8243; _builder_version=\u00bb4.9.1&#8243; background_color=\u00bb#FFFFFF\u00bb custom_margin=\u00bb0px||0px||false|false\u00bb custom_padding=\u00bb0px||0px||false|false\u00bb][et_pb_row _builder_version=\u00bb4.4.7&#8243; custom_margin=\u00bb0px||0px||false|false\u00bb custom_padding=\u00bb0px||0px||false|false\u00bb][et_pb_column type=\u00bb4_4&#8243; _builder_version=\u00bb4.4.7&#8243;][et_pb_image src=\u00bbhttps:\/\/museus.esplugues.cat\/wp-content\/uploads\/2021\/05\/DIBA_BANNER_DIBA_noticia-scaled.jpg\u00bb title_text=\u00bbDIBA_BANNER_DIBA_not\u00edcia\u00bb align=\u00bbcenter\u00bb _builder_version=\u00bb4.9.1&#8243;][\/et_pb_image][et_pb_text _builder_version=\u00bb4.9.1&#8243; text_font=\u00bb|600|||||||\u00bb text_text_color=\u00bb#FFFFFF\u00bb text_font_size=\u00bb26px\u00bb text_line_height=\u00bb0.6em\u00bb custom_padding=\u00bb0px||12px||false|false\u00bb]<\/p>\n<h3><span style=\"color: #800080;\"><strong>Del 5 de junio al 26 de septiembre de\u00a0 2021,\u00a0<\/strong><\/span><span style=\"color: #800080;\"><strong> en las cristaleras de <\/strong><strong>La Masoveria de Can Tintur\u00e9<\/strong><\/span><\/h3>\n<h3 style=\"text-align: center;\"><span style=\"color: #800080;\">Jardines de Can Tintur\u00e9<\/span><\/h3>\n<p>[\/et_pb_text][\/et_pb_column][\/et_pb_row][\/et_pb_section][et_pb_section fb_built=\u00bb1&#8243; _builder_version=\u00bb4.9.1&#8243; background_color=\u00bb#FFFFFF\u00bb custom_margin=\u00bb0px||0px||false|false\u00bb custom_padding=\u00bb0px||0px||false|false\u00bb][et_pb_row custom_padding_last_edited=\u00bbon|phone\u00bb disabled_on=\u00bboff|off|off\u00bb _builder_version=\u00bb4.9.1&#8243; background_color=\u00bb#FFFFFF\u00bb min_height=\u00bb68px\u00bb custom_margin=\u00bb0px||0px||false|false\u00bb custom_padding=\u00bb0px||0px||false|false\u00bb custom_padding_tablet=\u00bb\u00bb custom_padding_phone=\u00bb\u00bb border_color_bottom=\u00bb#8C944D\u00bb border_style_bottom=\u00bbdotted\u00bb][et_pb_column type=\u00bb4_4&#8243; _builder_version=\u00bb4.9.1&#8243; _module_preset=\u00bbdefault\u00bb][et_pb_text _builder_version=\u00bb4.9.1&#8243; text_font=\u00bb||||||||\u00bb text_text_color=\u00bbRGBA(0,0,0,0.87)\u00bb text_font_size=\u00bb16px\u00bb text_line_height=\u00bb1.5em\u00bb link_font=\u00bb||||on||||\u00bb link_text_color=\u00bb#FFFFFF\u00bb ul_font_size=\u00bb13px\u00bb ul_line_height=\u00bb20px\u00bb header_text_color=\u00bbRGBA(0,0,0,0)\u00bb header_letter_spacing=\u00bb7px\u00bb header_3_font=\u00bb|300||on|||||\u00bb background_layout=\u00bbdark\u00bb custom_margin=\u00bb0px||||false|false\u00bb custom_padding=\u00bb28px|6px||0px|false|false\u00bb]<\/p>\n<p>A partir del s\u00e1bado 5 de junio se podr\u00e1 visitar la exposici\u00f3n gr\u00e1fica \u00ab<strong>\u00a1Viva La Rep\u00fablica! 90 a\u00f1os de su proclamaci\u00f3n<\/strong> \u00aben las cristaleras de La Masoveria de Can Tintur\u00e9. La muestra incluye el apartado local \u00abLa Proclamaci\u00f3n en Esplugues. Cambio y continuidad \u00ab.<\/p>\n<p>Se trata de una exposici\u00f3n de formato gr\u00e1fico que se podr\u00e1 visitar paseando por los Jardines de Can Tintur\u00e9.<\/p>\n<p>[\/et_pb_text][\/et_pb_column][\/et_pb_row][\/et_pb_section][et_pb_section fb_built=\u00bb1&#8243; _builder_version=\u00bb4.9.1&#8243; background_color=\u00bb#FFFFFF\u00bb][et_pb_row custom_padding_last_edited=\u00bbon|phone\u00bb disabled_on=\u00bboff|off|off\u00bb _builder_version=\u00bb4.9.1&#8243; background_color=\u00bb#FFFFFF\u00bb min_height=\u00bb68px\u00bb custom_margin=\u00bb0px||0px||false|false\u00bb custom_padding=\u00bb0px||0px||false|false\u00bb custom_padding_tablet=\u00bb\u00bb custom_padding_phone=\u00bb\u00bb border_color_bottom=\u00bb#8C944D\u00bb border_style_bottom=\u00bbdotted\u00bb][et_pb_column type=\u00bb4_4&#8243; _builder_version=\u00bb4.0.7&#8243;][et_pb_text _builder_version=\u00bb4.9.1&#8243; _module_preset=\u00bbdefault\u00bb text_font=\u00bb|700|||||||\u00bb text_text_color=\u00bb#0E6457&#8243; text_font_size=\u00bb22px\u00bb min_height=\u00bb47px\u00bb custom_padding=\u00bb|||11px|false|false\u00bb]<\/p>\n<p><span style=\"color: #800080;\">La exposici\u00f3n<\/span><\/p>\n<p>[\/et_pb_text][et_pb_divider color=\u00bb#A518C3&#8243; _builder_version=\u00bb4.9.1&#8243; _module_preset=\u00bbdefault\u00bb][\/et_pb_divider][\/et_pb_column][\/et_pb_row][et_pb_row _builder_version=\u00bb4.9.1&#8243; custom_margin=\u00bb0px||||false|false\u00bb custom_padding=\u00bb0px||||false|false\u00bb][et_pb_column type=\u00bb4_4&#8243; _builder_version=\u00bb4.4.9&#8243;][et_pb_text _builder_version=\u00bb4.9.1&#8243; text_text_color=\u00bb#000000&#8243; text_font_size=\u00bb16px\u00bb]<\/p>\n<p>La exposici\u00f3n se incluye en el proyecto de memoria en red de la Xarxa de Museus Locals de la Diputaci\u00f3 de Barcelona.<\/p>\n<p>\u00a1Viva la Rep\u00fablica! propone una exposici\u00f3n compartida en 25 museos de la demarcaci\u00f3n de Barcelona, \u200b\u200ba partir de una selecci\u00f3n de objetos provenientes de sus colecciones relacionados con diferentes episodios del per\u00edodo que se inicia el 14 de abril de 1931 con la proclamaci\u00f3n de la Segunda Rep\u00fablica.<\/p>\n<p>[\/et_pb_text][et_pb_text _builder_version=\u00bb4.9.1&#8243; _module_preset=\u00bbdefault\u00bb text_font=\u00bb|700|||||||\u00bb text_text_color=\u00bb#0E6457&#8243; text_font_size=\u00bb18px\u00bb min_height=\u00bb47px\u00bb custom_padding=\u00bb|||11px|false|false\u00bb]<\/p>\n<p><span style=\"color: #800080;\">La Proclamaci\u00f3n en Esplugues. Cambio y continuidad<\/span><\/p>\n<p>[\/et_pb_text][et_pb_text _builder_version=\u00bb4.9.1&#8243; text_text_color=\u00bb#000000&#8243; text_font_size=\u00bb16px\u00bb]<\/p>\n<p>En Esplugues ha incorporado un espacio 100% local. Tras el \u00e9xito cosechado por \u00ab1939 Esplugues\u00bb, el nuevo proyecto de memoria democr\u00e1tica narra la Proclamaci\u00f3n de la II Rep\u00fablica desde un perspectiva local, destacando los hitos, eventos y nombres propios que tuvo este per\u00edodo hist\u00f3rico en nuestra ciudad .<\/p>\n<p>El objetivo del proyectos es reivindicar los valores democr\u00e1ticos que traj\u00f3 la IIa rep\u00fablica como la igualdad, el autogobierno, el laicismo, las libertades civiles, la educaci\u00f3n y la cultura como instrumento de mejora de las personas. Un mensaje de modernidad, progreso y democracia que a\u00fan nos resulta v\u00e1lido y vigente.<\/p>\n<p>El \u00e1mbito local ha permitido poner en valor la tarea de recuperaci\u00f3n y conservaci\u00f3n documental del Archivo Municipal de Esplugues as\u00ed como la de particulares, depositarios y de fuentes documentales.<\/p>\n<p>La investigaci\u00f3n a partir de esta documentaci\u00f3n ha sido fundamental para recuperar 90 a\u00f1os m\u00e1s tarde hechos y protagonistas hasta hoy desconocidos.<\/p>\n<p>[\/et_pb_text][\/et_pb_column][\/et_pb_row][et_pb_row column_structure=\u00bb1_2,1_2&#8243; _builder_version=\u00bb4.9.1&#8243; _module_preset=\u00bbdefault\u00bb custom_padding=\u00bb||37px||false|false\u00bb][et_pb_column type=\u00bb1_2&#8243; _builder_version=\u00bb4.9.1&#8243; _module_preset=\u00bbdefault\u00bb background_color=\u00bb#FFFFFF\u00bb border_color_all=\u00bb#be8cc9&#8243; box_shadow_style=\u00bbpreset2&#8243; box_shadow_color=\u00bb#BE8CC9&#8243;][et_pb_text _builder_version=\u00bb4.9.1&#8243; _module_preset=\u00bbdefault\u00bb text_font=\u00bb||||||||\u00bb text_text_color=\u00bb#8300E9&#8243; text_font_size=\u00bb17px\u00bb text_line_height=\u00bb1.4em\u00bb background_color=\u00bbRGBA(0,0,0,0)\u00bb custom_margin=\u00bb|||0px|false|false\u00bb custom_padding=\u00bb13px|||0px|false|false\u00bb]<\/p>\n<h2 style=\"text-align: center;\"><span style=\"color: #800080;\">Memoria en Red. <\/span><\/h2>\n<p style=\"text-align: center;\"><span style=\"color: #800080;\">Exposici\u00f3n compartida<\/span><\/p>\n<p>[\/et_pb_text][et_pb_image src=\u00bbhttps:\/\/museus.esplugues.cat\/wp-content\/uploads\/2021\/05\/DIBA_BANNER_TW_publicacio.jpg\u00bb title_text=\u00bbDIBA_BANNER_TW_publicaci\u00f3\u00bb align=\u00bbcenter\u00bb _builder_version=\u00bb4.9.1&#8243; _module_preset=\u00bbdefault\u00bb][\/et_pb_image][et_pb_text _builder_version=\u00bb4.9.1&#8243; _module_preset=\u00bbdefault\u00bb text_font=\u00bb||||||||\u00bb text_text_color=\u00bb#000000&#8243; text_font_size=\u00bb15px\u00bb custom_margin=\u00bb0px|5px||11px|false|false\u00bb custom_padding=\u00bb||0px|||\u00bb]<\/p>\n<p>Memoria en Red es una actividad de la Xarxa de Museus Locals de la Diputaci\u00f3 de Barcelona, \u200b\u200buna exposici\u00f3n compartida en el territorio articulada en torno a un hecho hist\u00f3rico que se\u00f1ala los museos como depositarios de su memoria material y como transmisores de un legado cultural com\u00fan.<\/p>\n<p>[\/et_pb_text][et_pb_button button_url=\u00bbhttps:\/\/www.diba.cat\/es\/web\/visca-la-republica\/inici\u00bb button_text=\u00bbM\u00e1s informaci\u00f3n\u00bb button_alignment=\u00bbcenter\u00bb _builder_version=\u00bb4.9.1&#8243; _module_preset=\u00bbdefault\u00bb custom_button=\u00bbon\u00bb button_text_size=\u00bb17px\u00bb button_bg_color=\u00bb#B1B2B4&#8243; transform_scale=\u00bb102%|102%\u00bb custom_margin=\u00bb4px||10px||false|false\u00bb custom_padding=\u00bb0px||||false|false\u00bb][\/et_pb_button][\/et_pb_column][et_pb_column type=\u00bb1_2&#8243; _builder_version=\u00bb4.9.1&#8243; _module_preset=\u00bbdefault\u00bb background_color=\u00bbrgba(190,140,201,0.03)\u00bb box_shadow_style=\u00bbpreset2&#8243; box_shadow_color=\u00bb#BE8CC9&#8243;][et_pb_text _builder_version=\u00bb4.9.1&#8243; _module_preset=\u00bbdefault\u00bb text_font=\u00bb|700|||||||\u00bb text_text_color=\u00bb#8300E9&#8243; text_font_size=\u00bb13px\u00bb text_line_height=\u00bb1.4em\u00bb background_color=\u00bbRGBA(0,0,0,0)\u00bb custom_margin=\u00bb|||0px|false|false\u00bb custom_padding=\u00bb13px|||0px|false|false\u00bb]<\/p>\n<h2 style=\"text-align: center;\"><span style=\"color: #800080;\"><\/span><\/h2>\n<h2 style=\"text-align: center;\"><span style=\"color: #800080;\">90 a\u00f1os de la proclamaci\u00f3n<\/span><\/h2>\n<p style=\"text-align: center;\">[\/et_pb_text][et_pb_video src=\u00bbhttps:\/\/www.youtube.com\/watch?v=TY4GsRrspDo&#038;t=12s\u00bb image_src=\u00bbhttps:\/\/museus.esplugues.cat\/wp-content\/uploads\/2021\/05\/Tw.jpg\u00bb play_icon_color=\u00bb#E02B20&#8243; _builder_version=\u00bb4.9.1&#8243; _module_preset=\u00bbdefault\u00bb][\/et_pb_video][et_pb_text _builder_version=\u00bb4.9.1&#8243; _module_preset=\u00bbdefault\u00bb text_font=\u00bb||||||||\u00bb text_text_color=\u00bb#000000&#8243; text_font_size=\u00bb15px\u00bb custom_margin=\u00bb0px|5px||11px|false|false\u00bb]<\/p>\n<p>La regidora \u00a0de Patrimonio cultural y memoria democr\u00e1tica, Maribel Aguilera presenta la programaci\u00f3 especial que commemora los 90 a\u00f1os de la proclamaci\u00f3n de la IIa Rep\u00fablica.<\/p>\n<p>&nbsp;<\/p>\n<p>[\/et_pb_text][\/et_pb_column][\/et_pb_row][et_pb_row custom_padding_last_edited=\u00bbon|phone\u00bb disabled_on=\u00bboff|off|off\u00bb _builder_version=\u00bb4.9.1&#8243; background_color=\u00bb#FFFFFF\u00bb min_height=\u00bb68px\u00bb custom_margin=\u00bb0px||0px||false|false\u00bb custom_padding=\u00bb0px||0px||false|false\u00bb custom_padding_tablet=\u00bb\u00bb custom_padding_phone=\u00bb\u00bb border_color_bottom=\u00bb#8C944D\u00bb border_style_bottom=\u00bbdotted\u00bb][et_pb_column type=\u00bb4_4&#8243; _builder_version=\u00bb4.0.7&#8243;][et_pb_text _builder_version=\u00bb4.9.1&#8243; _module_preset=\u00bbdefault\u00bb text_font=\u00bb|700|||||||\u00bb text_text_color=\u00bb#0E6457&#8243; text_font_size=\u00bb22px\u00bb min_height=\u00bb47px\u00bb custom_padding=\u00bb|||11px|false|false\u00bb]<\/p>\n<p><span style=\"color: #800080;\">Actividades<\/span><\/p>\n<p>[\/et_pb_text][et_pb_divider color=\u00bb#A518C3&#8243; _builder_version=\u00bb4.9.1&#8243; _module_preset=\u00bbdefault\u00bb][\/et_pb_divider][\/et_pb_column][\/et_pb_row][et_pb_row column_structure=\u00bb1_3,1_3,1_3&#8243; _builder_version=\u00bb4.9.1&#8243; _module_preset=\u00bbdefault\u00bb][et_pb_column type=\u00bb1_3&#8243; _builder_version=\u00bb4.9.1&#8243; _module_preset=\u00bbdefault\u00bb][et_pb_text _builder_version=\u00bb4.9.1&#8243; _module_preset=\u00bbdefault\u00bb]<\/p>\n<p><span class=\"evcal_desc2 evcal_event_title\" itemprop=\"name\">Conferencia\u00a0<\/span><\/p>\n<p><span style=\"color: #800080;\"><strong>LA PROCLAMACI\u00d3N DE LA REP\u00daBLICA EN ESPLUGUES<\/strong><\/span><\/p>\n<p><span style=\"color: #800080;\"><strong>CAMBIO Y CONTINUIDAD<\/strong><\/span><\/p>\n<p><strong><span class=\"evcal_desc2 evcal_event_title\" itemprop=\"name\">Mi\u00e9rcoles, 9 de junio a las 19 h.<\/span><\/strong><\/p>\n<p><strong><span class=\"evcal_desc2 evcal_event_title\" itemprop=\"name\">Masoveria de Can Tintur\u00e9<\/span><\/strong><\/p>\n<p>Con motivo del D\u00eda Internacional de los Archivos, tendr\u00e1 lugar la conferencia a cargo de<strong> Roser Vilardel<\/strong>l, historiadora y directora de los museos de Esplugues, quien nos explicar\u00e1 c\u00f3mo fueron aquellos meses de cambio, o no, en nuestra ciudad.<\/p>\n<ul>\n<li>Presencial con plazas limitadas<\/li>\n<\/ul>\n<p>[\/et_pb_text][et_pb_video src=\u00bbhttps:\/\/youtu.be\/7RZbhlTe_ho\u00bb _builder_version=\u00bb4.9.1&#8243; _module_preset=\u00bbdefault\u00bb hover_enabled=\u00bb0&#8243; sticky_enabled=\u00bb0&#8243;][\/et_pb_video][\/et_pb_column][et_pb_column type=\u00bb1_3&#8243; _builder_version=\u00bb4.9.1&#8243; _module_preset=\u00bbdefault\u00bb][et_pb_text _builder_version=\u00bb4.9.1&#8243; _module_preset=\u00bbdefault\u00bb]<\/p>\n<p><span class=\"evcal_desc2 evcal_event_title\" itemprop=\"name\">Concierto<\/span><\/p>\n<p><span style=\"color: #800080;\"><b>Swing Engine<\/b><\/span><\/p>\n<p><strong><span class=\"evcal_desc2 evcal_event_title\" itemprop=\"name\"><\/span><\/strong><\/p>\n<p><strong><span class=\"evcal_desc2 evcal_event_title\" itemprop=\"name\"><\/span><\/strong><\/p>\n<p><strong><span class=\"evcal_desc2 evcal_event_title\" itemprop=\"name\"><\/span><\/strong><\/p>\n<p><strong><span class=\"evcal_desc2 evcal_event_title\" itemprop=\"name\"><\/span><\/strong><\/p>\n<p><strong><span class=\"evcal_desc2 evcal_event_title\" itemprop=\"name\"><\/span><\/strong><\/p>\n<p><strong><span class=\"evcal_desc2 evcal_event_title\" itemprop=\"name\">Viernes, 16 de julio a las 21 h.\u00a0<\/span><\/strong><\/p>\n<p><strong><span class=\"evcal_desc2 evcal_event_title\" itemprop=\"name\">Jardins de Can Tintur\u00e9<\/span><\/strong><\/p>\n<p class=\"tw-data-text tw-text-large XcVN5d tw-ta\" data-placeholder=\"Traducci\u00f3n\" id=\"tw-target-text\" dir=\"ltr\"><span class=\"Y2IQFc\" lang=\"es\">Nueva sesi\u00f3n \u00abJazz &amp; Tintur\u00e9\u00bb dedicado a la m\u00fasica de los a\u00f1os 30 del siglo XX<\/span><\/p>\n<ul>\n<li class=\"tw-data-text tw-text-large XcVN5d tw-ta\" data-placeholder=\"Traducci\u00f3n\" dir=\"ltr\"><span class=\"Y2IQFc\" lang=\"es\">Plazas limitadas <\/span><\/li>\n<li class=\"tw-data-text tw-text-large XcVN5d tw-ta\" data-placeholder=\"Traducci\u00f3n\" dir=\"ltr\"><span class=\"Y2IQFc\" lang=\"es\">Pr\u00f3ximamente inscripciones<\/span><span><\/span><\/li>\n<\/ul>\n<ul><\/ul>\n<p>[\/et_pb_text][\/et_pb_column][et_pb_column type=\u00bb1_3&#8243; _builder_version=\u00bb4.9.1&#8243; _module_preset=\u00bbdefault\u00bb][et_pb_text _builder_version=\u00bb4.9.1&#8243; _module_preset=\u00bbdefault\u00bb]<\/p>\n<p><span class=\"evcal_desc2 evcal_event_title\" itemprop=\"name\">Actividad teatralitzada<\/span><\/p>\n<p><span style=\"color: #800080;\"><b>ESPLGUENCS, VOTEU LA REP\u00daBLICA!<\/b><\/span><\/p>\n<p><strong><span class=\"evcal_desc2 evcal_event_title\" itemprop=\"name\"><\/span><\/strong><\/p>\n<p><strong><span class=\"evcal_desc2 evcal_event_title\" itemprop=\"name\"><\/span><\/strong><\/p>\n<p><strong><span class=\"evcal_desc2 evcal_event_title\" itemprop=\"name\"><\/span><\/strong><\/p>\n<p><strong><span class=\"evcal_desc2 evcal_event_title\" itemprop=\"name\"><\/span><\/strong><\/p>\n<p><strong><span class=\"evcal_desc2 evcal_event_title\" itemprop=\"name\"><\/span><\/strong><\/p>\n<p><strong><span class=\"evcal_desc2 evcal_event_title\" itemprop=\"name\">Viernes, 23 de julio en los MEL<\/span><\/strong><\/p>\n<p>Una versi\u00f3n muy especial de Las sombras de la f\u00e1brica, ambientada en los convulsons d\u00edas de la Primavera de 1931. De la mano de trabajadores de La Rajoleta iremos descubriendo como fue la proclamaci\u00f3n de la Rep\u00fablica en la ciudad.<\/p>\n<ul>\n<li>Sesiones a las 19:30,20:30 i 21:30<\/li>\n<li>Plazas limitads<\/li>\n<li>Pr\u00f3ximamente inscripciones<\/li>\n<\/ul>\n<p>&nbsp;<\/p>\n<p>[\/et_pb_text][\/et_pb_column][\/et_pb_row][et_pb_row _builder_version=\u00bb4.9.1&#8243; _module_preset=\u00bbdefault\u00bb][et_pb_column type=\u00bb4_4&#8243; _builder_version=\u00bb4.9.1&#8243; _module_preset=\u00bbdefault\u00bb][et_pb_text _builder_version=\u00bb4.9.1&#8243; _module_preset=\u00bbdefault\u00bb text_font_size=\u00bb10px\u00bb]<\/p>\n<p><span>*Fotografia : Arxiu Municipal d\u2019Esplugues de Llobregat. Col\u00b7lecci\u00f3 Imatges, cedida per Francesc Romeu. Autoria desconeguda. Reg. 1624<\/span><\/p>\n<p>[\/et_pb_text][\/et_pb_column][\/et_pb_row][\/et_pb_section][et_pb_section fb_built=\u00bb1&#8243; _builder_version=\u00bb4.4.9&#8243; background_color=\u00bb#ffffff\u00bb custom_margin=\u00bb0px||0px||false|false\u00bb custom_padding=\u00bb0px||0px||false|false\u00bb][\/et_pb_section][et_pb_section fb_built=\u00bb1&#8243; _builder_version=\u00bb4.9.1&#8243; background_color=\u00bb#dfd5c6&#8243; custom_margin=\u00bb0px||0px||false|false\u00bb custom_padding=\u00bb0px||0px||false|false\u00bb][et_pb_row column_structure=\u00bb1_4,1_4,1_4,1_4&#8243; use_custom_gutter=\u00bbon\u00bb gutter_width=\u00bb4&#8243; _builder_version=\u00bb4.4.9&#8243; custom_margin=\u00bb-42px||||false|false\u00bb][et_pb_column type=\u00bb1_4&#8243; _builder_version=\u00bb4.0.7&#8243;][et_pb_image src=\u00bbhttps:\/\/museus.esplugues.cat\/wp-content\/uploads\/2020\/10\/Aj.-Esplugues.jpg\u00bb title_text=\u00bbAj. Esplugues\u00bb align=\u00bbcenter\u00bb _builder_version=\u00bb4.9.1&#8243; width=\u00bb100%\u00bb max_width=\u00bb100%\u00bb][\/et_pb_image][\/et_pb_column][et_pb_column type=\u00bb1_4&#8243; _builder_version=\u00bb4.0.7&#8243;][et_pb_image src=\u00bbhttps:\/\/museus.esplugues.cat\/wp-content\/uploads\/2020\/10\/MEL.negre_.jpg\u00bb title_text=\u00bbMEL.negre\u00bb align=\u00bbcenter\u00bb _builder_version=\u00bb4.9.1&#8243; width=\u00bb100%\u00bb][\/et_pb_image][\/et_pb_column][et_pb_column type=\u00bb1_4&#8243; _builder_version=\u00bb4.0.7&#8243;][et_pb_image src=\u00bbhttps:\/\/museus.esplugues.cat\/wp-content\/uploads\/2020\/10\/LOGO_AMEL-03.jpg\u00bb title_text=\u00bbImprimir\u00bb _builder_version=\u00bb4.9.1&#8243; _module_preset=\u00bbdefault\u00bb][\/et_pb_image][\/et_pb_column][et_pb_column type=\u00bb1_4&#8243; _builder_version=\u00bb4.0.7&#8243;][et_pb_image src=\u00bbhttps:\/\/museus.esplugues.cat\/wp-content\/uploads\/2021\/06\/DIBA-Logo3.jpg\u00bb title_text=\u00bbDIBA-Logo3&#8243; _builder_version=\u00bb4.9.1&#8243; _module_preset=\u00bbdefault\u00bb][\/et_pb_image][\/et_pb_column][\/et_pb_row][\/et_pb_section]<\/p>\n","protected":false},"excerpt":{"rendered":"<p>Del 5 de junio al 26 de septiembre de\u00a0 2021,\u00a0 en las cristaleras de La Masoveria de Can Tintur\u00e9 Jardines de Can Tintur\u00e9A partir del s\u00e1bado 5 de junio se podr\u00e1 visitar la exposici\u00f3n gr\u00e1fica \u00ab\u00a1Viva La Rep\u00fablica! 90 a\u00f1os de su proclamaci\u00f3n \u00aben las cristaleras de La Masoveria de Can Tintur\u00e9. La muestra incluye [&hellip;]<\/p>\n","protected":false},"author":1,"featured_media":33634,"parent":27989,"menu_order":0,"comment_status":"closed","ping_status":"closed","template":"","meta":{"_et_pb_use_builder":"on","_et_pb_old_content":"","_et_gb_content_width":"","_uag_custom_page_level_css":"","footnotes":""},"class_list":["post-33664","page","type-page","status-publish","has-post-thumbnail","hentry"],"uagb_featured_image_src":{"full":["https:\/\/museus.esplugues.cat\/wp-content\/uploads\/2021\/05\/ViscaLaRepubica300x200.jpg",300,200,false],"thumbnail":["https:\/\/museus.esplugues.cat\/wp-content\/uploads\/2021\/05\/ViscaLaRepubica300x200-80x80.jpg",80,80,true],"medium":["https:\/\/museus.esplugues.cat\/wp-content\/uploads\/2021\/05\/ViscaLaRepubica300x200.jpg",300,200,false],"medium_large":["https:\/\/museus.esplugues.cat\/wp-content\/uploads\/2021\/05\/ViscaLaRepubica300x200.jpg",300,200,false],"large":["https:\/\/museus.esplugues.cat\/wp-content\/uploads\/2021\/05\/ViscaLaRepubica300x200.jpg",300,200,false],"1536x1536":["https:\/\/museus.esplugues.cat\/wp-content\/uploads\/2021\/05\/ViscaLaRepubica300x200.jpg",300,200,false],"2048x2048":["https:\/\/museus.esplugues.cat\/wp-content\/uploads\/2021\/05\/ViscaLaRepubica300x200.jpg",300,200,false],"et-pb-post-main-image":["https:\/\/museus.esplugues.cat\/wp-content\/uploads\/2021\/05\/ViscaLaRepubica300x200.jpg",300,200,false],"et-pb-post-main-image-fullwidth":["https:\/\/museus.esplugues.cat\/wp-content\/uploads\/2021\/05\/ViscaLaRepubica300x200.jpg",300,200,false],"et-pb-portfolio-image":["https:\/\/museus.esplugues.cat\/wp-content\/uploads\/2021\/05\/ViscaLaRepubica300x200.jpg",300,200,false],"et-pb-portfolio-module-image":["https:\/\/museus.esplugues.cat\/wp-content\/uploads\/2021\/05\/ViscaLaRepubica300x200.jpg",300,200,false],"et-pb-portfolio-image-single":["https:\/\/museus.esplugues.cat\/wp-content\/uploads\/2021\/05\/ViscaLaRepubica300x200.jpg",300,200,false],"et-pb-gallery-module-image-portrait":["https:\/\/museus.esplugues.cat\/wp-content\/uploads\/2021\/05\/ViscaLaRepubica300x200.jpg",300,200,false],"et-pb-post-main-image-fullwidth-large":["https:\/\/museus.esplugues.cat\/wp-content\/uploads\/2021\/05\/ViscaLaRepubica300x200.jpg",300,200,false],"et-pb-image--responsive--desktop":["https:\/\/museus.esplugues.cat\/wp-content\/uploads\/2021\/05\/ViscaLaRepubica300x200.jpg",300,200,false],"et-pb-image--responsive--tablet":["https:\/\/museus.esplugues.cat\/wp-content\/uploads\/2021\/05\/ViscaLaRepubica300x200.jpg",300,200,false],"et-pb-image--responsive--phone":["https:\/\/museus.esplugues.cat\/wp-content\/uploads\/2021\/05\/ViscaLaRepubica300x200.jpg",300,200,false]},"uagb_author_info":{"display_name":"alpha","author_link":"https:\/\/museus.esplugues.cat\/es\/author\/alpha"},"uagb_comment_info":0,"uagb_excerpt":"Del 5 de junio al 26 de septiembre de\u00a0 2021,\u00a0 en las cristaleras de La Masoveria de Can Tintur\u00e9 Jardines de Can Tintur\u00e9A partir del s\u00e1bado 5 de junio se podr\u00e1 visitar la exposici\u00f3n gr\u00e1fica \"\u00a1Viva La Rep\u00fablica! 90 a\u00f1os de su proclamaci\u00f3n \"en las cristaleras de La Masoveria de Can Tintur\u00e9. La muestra incluye&hellip;","_links":{"self":[{"href":"https:\/\/museus.esplugues.cat\/es\/wp-json\/wp\/v2\/pages\/33664","targetHints":{"allow":["GET"]}}],"collection":[{"href":"https:\/\/museus.esplugues.cat\/es\/wp-json\/wp\/v2\/pages"}],"about":[{"href":"https:\/\/museus.esplugues.cat\/es\/wp-json\/wp\/v2\/types\/page"}],"author":[{"embeddable":true,"href":"https:\/\/museus.esplugues.cat\/es\/wp-json\/wp\/v2\/users\/1"}],"replies":[{"embeddable":true,"href":"https:\/\/museus.esplugues.cat\/es\/wp-json\/wp\/v2\/comments?post=33664"}],"version-history":[{"count":5,"href":"https:\/\/museus.esplugues.cat\/es\/wp-json\/wp\/v2\/pages\/33664\/revisions"}],"predecessor-version":[{"id":33828,"href":"https:\/\/museus.esplugues.cat\/es\/wp-json\/wp\/v2\/pages\/33664\/revisions\/33828"}],"up":[{"embeddable":true,"href":"https:\/\/museus.esplugues.cat\/es\/wp-json\/wp\/v2\/pages\/27989"}],"wp:featuredmedia":[{"embeddable":true,"href":"https:\/\/museus.esplugues.cat\/es\/wp-json\/wp\/v2\/media\/33634"}],"wp:attachment":[{"href":"https:\/\/museus.esplugues.cat\/es\/wp-json\/wp\/v2\/media?parent=33664"}],"curies":[{"name":"wp","href":"https:\/\/api.w.org\/{rel}","templated":true}]}}