{"id":37173,"date":"2023-04-11T13:45:29","date_gmt":"2023-04-11T11:45:29","guid":{"rendered":"https:\/\/museus.esplugues.cat\/?page_id=37173"},"modified":"2023-04-11T13:45:39","modified_gmt":"2023-04-11T11:45:39","slug":"educacioi2republica","status":"publish","type":"page","link":"https:\/\/museus.esplugues.cat\/es\/exposiciones-temporales\/educacioi2republica","title":{"rendered":"L\u2019ESCOLA, LLUM DE LLIBERTAT"},"content":{"rendered":"<p>[et_pb_section fb_built=\u00bb1&#8243; _builder_version=\u00bb4.9.1&#8243; background_color=\u00bb#FFFFFF\u00bb custom_margin=\u00bb0px||0px||false|false\u00bb custom_padding=\u00bb0px||0px||false|false\u00bb global_colors_info=\u00bb{}\u00bb][et_pb_row _builder_version=\u00bb4.4.7&#8243; custom_margin=\u00bb0px||0px||false|false\u00bb custom_padding=\u00bb0px||0px||false|false\u00bb global_colors_info=\u00bb{}\u00bb][et_pb_column type=\u00bb4_4&#8243; _builder_version=\u00bb4.4.7&#8243; global_colors_info=\u00bb{}\u00bb][et_pb_image src=\u00bbhttps:\/\/museus.esplugues.cat\/wp-content\/uploads\/2023\/03\/Capcalera.png\u00bb title_text=\u00bbCap\u00e7alera\u00bb align=\u00bbcenter\u00bb _builder_version=\u00bb4.14.2&#8243; global_colors_info=\u00bb{}\u00bb][\/et_pb_image][\/et_pb_column][\/et_pb_row][\/et_pb_section][et_pb_section fb_built=\u00bb1&#8243; _builder_version=\u00bb4.9.1&#8243; background_color=\u00bb#FFFFFF\u00bb custom_margin=\u00bb0px||0px||false|false\u00bb custom_padding=\u00bb0px||0px||false|false\u00bb global_colors_info=\u00bb{}\u00bb][et_pb_row column_structure=\u00bb3_4,1_4&#8243; custom_padding_last_edited=\u00bbon|phone\u00bb disabled_on=\u00bboff|off|off\u00bb _builder_version=\u00bb4.9.1&#8243; background_color=\u00bb#FFFFFF\u00bb min_height=\u00bb68px\u00bb custom_margin=\u00bb0px||0px||false|false\u00bb custom_padding=\u00bb0px||0px||false|false\u00bb custom_padding_tablet=\u00bb\u00bb custom_padding_phone=\u00bb\u00bb border_color_bottom=\u00bb#8C944D\u00bb border_style_bottom=\u00bbdotted\u00bb global_colors_info=\u00bb{}\u00bb][et_pb_column type=\u00bb3_4&#8243; _builder_version=\u00bb4.9.1&#8243; _module_preset=\u00bbdefault\u00bb global_colors_info=\u00bb{}\u00bb][et_pb_text _builder_version=\u00bb4.14.2&#8243; text_font=\u00bb||||||||\u00bb text_text_color=\u00bbRGBA(0,0,0,0.87)\u00bb text_font_size=\u00bb16px\u00bb text_line_height=\u00bb1.5em\u00bb link_font=\u00bb||||on||||\u00bb link_text_color=\u00bb#FFFFFF\u00bb ul_font_size=\u00bb13px\u00bb ul_line_height=\u00bb20px\u00bb header_text_color=\u00bbRGBA(0,0,0,0)\u00bb header_letter_spacing=\u00bb7px\u00bb header_3_font=\u00bb|300||on|||||\u00bb background_layout=\u00bbdark\u00bb custom_margin=\u00bb0px||||false|false\u00bb custom_padding=\u00bb28px|6px||0px|false|false\u00bb global_colors_info=\u00bb{}\u00bb]<\/p>\n<p>\u00abMem\u00f2ria en Xarxa\u00bb es un proyecto de la Diputaci\u00f3n de Barcelona nacido en 2019, por iniciativa de la Comisi\u00f3n de Exposiciones de la Xarxa de Museus Locals. La intenci\u00f3n es organizar exposiciones dispersas en el territorio en torno a hechos hist\u00f3ricos compartidos.<\/p>\n<p>El objetivo es destacar los museos y archivos como depositarios de la memoria material y como transmisores de un legado cultural com\u00fan.<\/p>\n<p>El tema central propuesto este a\u00f1o es la Educaci\u00f3n durante la Segunda Rep\u00fablica, con la participaci\u00f3n de 17 museos de la demarcaci\u00f3n de Barcelona. Cada museo participante en la muestra compartida presenta un espacio propio singular.<\/p>\n<p>La reforma en la ense\u00f1anza es una de las m\u00e1s importantes que afrontar\u00e1 el nuevo gobierno de la Rep\u00fablica. El objetivo era la creaci\u00f3n de una escuela p\u00fablica, unificada, laica, obligatoria, mixta, fundamentada en los valores de la solidaridad. Un estado aut\u00e9nticamente democr\u00e1tico necesitaba de un pueblo instruido.<\/p>\n<p>La derrota de la Rep\u00fablica termin\u00f3 con todo este ambicioso proyecto de formaci\u00f3n de una ciudadan\u00eda libre. El franquismo eliminar\u00e1 el conjunto de esta obra educativa e impondr\u00e1 los principios del nacionalcatolicismo.<\/p>\n<p>[\/et_pb_text][et_pb_button button_url=\u00bbhttps:\/\/www.diba.cat\/es\/web\/exposicions\/-\/escola-llum-llibertat\u00bb button_text=\u00bbM\u00e1s informaci\u00f3n\u00bb _builder_version=\u00bb4.14.2&#8243; _module_preset=\u00bbdefault\u00bb custom_button=\u00bbon\u00bb button_text_color=\u00bb#B28002&#8243; button_bg_color=\u00bb#FFFFFF\u00bb button_border_width=\u00bb1px\u00bb button_border_color=\u00bb#B28002&#8243; global_colors_info=\u00bb{}\u00bb][\/et_pb_button][et_pb_divider color=\u00bb#B28002&#8243; _builder_version=\u00bb4.14.2&#8243; _module_preset=\u00bbdefault\u00bb global_colors_info=\u00bb{}\u00bb][\/et_pb_divider][et_pb_text _builder_version=\u00bb4.14.2&#8243; text_font=\u00bb|600||||on|||\u00bb text_text_color=\u00bb#B28002&#8243; text_font_size=\u00bb20px\u00bb text_line_height=\u00bb0.6em\u00bb background_color=\u00bb#FFFFFF\u00bb custom_margin=\u00bb3px||||false|false\u00bb custom_padding=\u00bb10px||12px|13px|false|false\u00bb border_radii=\u00bbon|8px|8px|8px|8px\u00bb global_colors_info=\u00bb{}\u00bb]<\/p>\n<p id=\"tw-target-text\" class=\"tw-data-text tw-text-large tw-ta\" dir=\"ltr\" data-placeholder=\"Traducci\u00f3n\"><span class=\"Y2IQFc\" lang=\"es\">Cuando \u00abLas Torres\u00bb fueron escuela: la obra del CENU en Esplugues<\/span><\/p>\n<p>[\/et_pb_text][\/et_pb_column][et_pb_column type=\u00bb1_4&#8243; _builder_version=\u00bb4.9.1&#8243; _module_preset=\u00bbdefault\u00bb global_colors_info=\u00bb{}\u00bb][et_pb_text _builder_version=\u00bb4.14.2&#8243; _module_preset=\u00bbdefault\u00bb background_color=\u00bb#B28002&#8243; custom_margin=\u00bb10px||||false|false\u00bb custom_margin_tablet=\u00bb10px||||false|false\u00bb custom_margin_phone=\u00bb10px||||false|false\u00bb custom_margin_last_edited=\u00bbon|tablet\u00bb custom_padding=\u00bb9px||||false|false\u00bb background_color_tablet=\u00bbRGBA(255,255,255,0)\u00bb background_last_edited=\u00bbon|phone\u00bb background_enable_color_tablet=\u00bbon\u00bb border_radii=\u00bbon|16px|16px|16px|16px\u00bb global_colors_info=\u00bb{}\u00bb]<\/p>\n<p>&nbsp;<\/p>\n<p>&nbsp;<\/p>\n<p>&nbsp;<\/p>\n<p>&nbsp;<\/p>\n<p>&nbsp;<\/p>\n<p>&nbsp;<\/p>\n<p>&nbsp;<\/p>\n<p>&nbsp;<\/p>\n<p>&nbsp;<\/p>\n<p>&nbsp;<\/p>\n<p>&nbsp;<\/p>\n<p>&nbsp;<\/p>\n<p>[\/et_pb_text][\/et_pb_column][\/et_pb_row][\/et_pb_section][et_pb_section fb_built=\u00bb1&#8243; _builder_version=\u00bb4.9.1&#8243; background_color=\u00bb#FFFFFF\u00bb global_colors_info=\u00bb{}\u00bb][et_pb_row column_structure=\u00bb1_4,3_4&#8243; _builder_version=\u00bb4.9.1&#8243; custom_margin=\u00bb0px||||false|false\u00bb custom_padding=\u00bb0px||||false|false\u00bb global_colors_info=\u00bb{}\u00bb][et_pb_column type=\u00bb1_4&#8243; _builder_version=\u00bb4.4.9&#8243; global_colors_info=\u00bb{}\u00bb][et_pb_text _builder_version=\u00bb4.14.2&#8243; text_text_color=\u00bb#000000&#8243; text_font_size=\u00bb16px\u00bb global_colors_info=\u00bb{}\u00bb]<\/p>\n<p>&nbsp;<\/p>\n<p>En su paro en Esplugues, se centra en la transformaci\u00f3n de la finca \u00abLas Torres\u00bb del conde del Montseny, en escuela p\u00fablica durante los a\u00f1os de la Guerra Civil como intento de implementar los principios de la renovaci\u00f3n pedag\u00f3gica y para solucionar la carencia de puestos escolares que sufr\u00eda la ciudad.<\/p>\n<p>[\/et_pb_text][\/et_pb_column][et_pb_column type=\u00bb3_4&#8243; _builder_version=\u00bb4.4.9&#8243; global_colors_info=\u00bb{}\u00bb][et_pb_image src=\u00bbhttps:\/\/museus.esplugues.cat\/wp-content\/uploads\/2023\/03\/Escola-Las-Torres.jpg\u00bb title_text=\u00bbLas Torres\u00bb align=\u00bbcenter\u00bb _builder_version=\u00bb4.14.2&#8243; _module_preset=\u00bbdefault\u00bb background_color=\u00bb#B28002&#8243; global_colors_info=\u00bb{}\u00bb][\/et_pb_image][et_pb_text _builder_version=\u00bb4.14.2&#8243; _module_preset=\u00bbdefault\u00bb global_colors_info=\u00bb{}\u00bb]<\/p>\n<p>Los maestros situados a ambos lados, con sus alumnos en los jardines de la escuela del CENU durante el curso 1937-1938.<\/p>\n<p>[\/et_pb_text][\/et_pb_column][\/et_pb_row][et_pb_row _builder_version=\u00bb4.14.2&#8243; background_color=\u00bb#FFFFFF\u00bb custom_margin=\u00bb0px||||false|false\u00bb custom_padding=\u00bb0px||||false|false\u00bb border_radii=\u00bbon|16px|16px|16px|16px\u00bb global_colors_info=\u00bb{}\u00bb][et_pb_column type=\u00bb4_4&#8243; _builder_version=\u00bb4.4.9&#8243; global_colors_info=\u00bb{}\u00bb][et_pb_text _builder_version=\u00bb4.14.2&#8243; text_text_color=\u00bb#000000&#8243; text_font_size=\u00bb16px\u00bb custom_padding=\u00bb2px|||23px|false|false\u00bb border_radii=\u00bbon|16px|16px|16px|16px\u00bb global_colors_info=\u00bb{}\u00bb]<\/p>\n<p><strong>Informaci\u00f3n pr\u00e1ctica<\/strong><\/p>\n<p>[\/et_pb_text][et_pb_divider color=\u00bbRGBA(178,128,2,0.22)\u00bb _builder_version=\u00bb4.14.2&#8243; _module_preset=\u00bbdefault\u00bb global_colors_info=\u00bb{}\u00bb][\/et_pb_divider][\/et_pb_column][\/et_pb_row][et_pb_row column_structure=\u00bb1_2,1_2&#8243; _builder_version=\u00bb4.14.2&#8243; background_color=\u00bb#FFFFFF\u00bb custom_margin=\u00bb0px||||false|false\u00bb custom_padding=\u00bb0px||||false|false\u00bb border_radii=\u00bbon|16px|16px|16px|16px\u00bb global_colors_info=\u00bb{}\u00bb][et_pb_column type=\u00bb1_2&#8243; _builder_version=\u00bb4.4.9&#8243; global_colors_info=\u00bb{}\u00bb][et_pb_text _builder_version=\u00bb4.14.2&#8243; text_text_color=\u00bb#000000&#8243; text_font_size=\u00bb16px\u00bb custom_padding=\u00bb2px|||23px|false|false\u00bb border_radii=\u00bbon|16px|16px|16px|16px\u00bb global_colors_info=\u00bb{}\u00bb]<\/p>\n<p>Exposici\u00f3n gr\u00e1fica en los ventanales de La Masoveria de Can Tintur\u00e9<\/p>\n<ul>\n<li>Del 14 de abril al 31 de diciembre de 2023<\/li>\n<li>Horario libre.<\/li>\n<li>Acceso a los Jardines de Can Tintur\u00e9<\/li>\n<\/ul>\n<p>#EscolaiLlibertat #Esplugues<\/p>\n<p>[\/et_pb_text][\/et_pb_column][et_pb_column type=\u00bb1_2&#8243; _builder_version=\u00bb4.4.9&#8243; global_colors_info=\u00bb{}\u00bb][et_pb_image src=\u00bbhttps:\/\/museus.esplugues.cat\/wp-content\/uploads\/2023\/03\/segells.jpg\u00bb title_text=\u00bbsegells\u00bb align=\u00bbcenter\u00bb _builder_version=\u00bb4.14.2&#8243; _module_preset=\u00bbdefault\u00bb width=\u00bb62%\u00bb box_shadow_style=\u00bbpreset3&#8243; global_colors_info=\u00bb{}\u00bb][\/et_pb_image][et_pb_text _builder_version=\u00bb4.14.2&#8243; _module_preset=\u00bbdefault\u00bb text_font_size=\u00bb10px\u00bb global_colors_info=\u00bb{}\u00bb]<\/p>\n<p style=\"text-align: center;\"><em>Sellos de las escuelas p\u00fablicas nacionales de Esplugues<\/em><\/p>\n<p>[\/et_pb_text][\/et_pb_column][\/et_pb_row][et_pb_row _builder_version=\u00bb4.14.2&#8243; background_color=\u00bb#FFFFFF\u00bb custom_margin=\u00bb10px||||false|false\u00bb custom_padding=\u00bb0px||||false|false\u00bb global_colors_info=\u00bb{}\u00bb][et_pb_column type=\u00bb4_4&#8243; _builder_version=\u00bb4.4.9&#8243; global_colors_info=\u00bb{}\u00bb][et_pb_text _builder_version=\u00bb4.14.2&#8243; text_text_color=\u00bb#000000&#8243; text_font_size=\u00bb16px\u00bb custom_padding=\u00bb2px|||23px|false|false\u00bb border_radii=\u00bbon|16px|16px|16px|16px\u00bb global_colors_info=\u00bb{}\u00bb]<\/p>\n<p><strong>Actividades<\/strong><\/p>\n<p>[\/et_pb_text][et_pb_divider color=\u00bbRGBA(178,128,2,0.22)\u00bb _builder_version=\u00bb4.14.2&#8243; _module_preset=\u00bbdefault\u00bb global_colors_info=\u00bb{}\u00bb][\/et_pb_divider][\/et_pb_column][\/et_pb_row][et_pb_row column_structure=\u00bb1_6,1_6,1_6,1_6,1_6,1_6&#8243; _builder_version=\u00bb4.14.2&#8243; _module_preset=\u00bbdefault\u00bb global_colors_info=\u00bb{}\u00bb][et_pb_column type=\u00bb1_6&#8243; _builder_version=\u00bb4.14.2&#8243; _module_preset=\u00bbdefault\u00bb background_color=\u00bbRGBA(178,128,2,0.22)\u00bb custom_padding=\u00bb2px|4px||10px|false|false\u00bb border_radii=\u00bbon|16px|16px|16px|16px\u00bb global_colors_info=\u00bb{}\u00bb][et_pb_text _builder_version=\u00bb4.14.2&#8243; _module_preset=\u00bbdefault\u00bb hover_enabled=\u00bb0&#8243; global_colors_info=\u00bb{}\u00bb sticky_enabled=\u00bb0&#8243;]<\/p>\n<p><strong>Apertura<\/strong><\/p>\n<p><em>Viernes, 14 de abril a las 18 h<\/em><\/p>\n<p>Jardines de Can Tintur\u00e9.<\/p>\n<p>[\/et_pb_text][\/et_pb_column][et_pb_column type=\u00bb1_6&#8243; _builder_version=\u00bb4.14.2&#8243; _module_preset=\u00bbdefault\u00bb global_colors_info=\u00bb{}\u00bb][et_pb_text _builder_version=\u00bb4.14.2&#8243; _module_preset=\u00bbdefault\u00bb global_colors_info=\u00bb{}\u00bb]<\/p>\n<p>Conferencia<\/p>\n<p><strong>Marcel\u00b7l\u00ed Perich: el exilio de un anarquista y maestro de Esplugues<\/strong><\/p>\n<p><em>Mi\u00e9rcoles, 10 de mayo a las 18:30 h. La Masover\u00eda<\/em><\/p>\n<p>En torno al D\u00eda del Exilio y la Deportaci\u00f3n (8 de Mayo)<\/p>\n<p>A cargo de Roser Vilardell y Marta de Planell, historiadoras<\/p>\n<p>[\/et_pb_text][\/et_pb_column][et_pb_column type=\u00bb1_6&#8243; _builder_version=\u00bb4.14.2&#8243; _module_preset=\u00bbdefault\u00bb background_color=\u00bbRGBA(178,128,2,0.22)\u00bb custom_padding=\u00bb2px|4px||10px|false|false\u00bb border_radii=\u00bbon|16px|16px|16px|16px\u00bb global_colors_info=\u00bb{}\u00bb][et_pb_text _builder_version=\u00bb4.14.2&#8243; _module_preset=\u00bbdefault\u00bb global_colors_info=\u00bb{}\u00bb]<\/p>\n<p>Itinerario<\/p>\n<p><strong>Atardecer en Sant Pere M\u00e0rtir<\/strong><\/p>\n<p><em>Domingos, 4 de junio y 3 de julio a las 19h.<\/em><\/p>\n<p>Edici\u00f3n especial del itinerario guiado en la bater\u00eda antia\u00e9rea a la hora m\u00e1gica que el sol cae por Collserola.<\/p>\n<p><a href=\"https:\/\/forms.gle\/htkzktsAqQuYMMBh9\">04\/06\/23 Inscripci\u00f3n<\/a><\/p>\n<p><a href=\"https:\/\/forms.gle\/Ac83bZWGyERpVx839\">02\/07\/023 Inscripci\u00f3n<\/a><\/p>\n<p>[\/et_pb_text][\/et_pb_column][et_pb_column type=\u00bb1_6&#8243; _builder_version=\u00bb4.14.2&#8243; _module_preset=\u00bbdefault\u00bb global_colors_info=\u00bb{}\u00bb][et_pb_text _builder_version=\u00bb4.14.2&#8243; _module_preset=\u00bbdefault\u00bb global_colors_info=\u00bb{}\u00bb]<\/p>\n<p>Actividad<\/p>\n<p><strong>Escola, llum de llibertat<\/strong><\/p>\n<p><em>Viernes, 22 de septiembre a las 18:30 h.<\/em><\/p>\n<p>Taller participativo de acercamiento al papel de la educaci\u00f3n durante la Segunda Rep\u00fablica.<\/p>\n<p>Inscripciones a partir del 1 de septiembre<\/p>\n<p>[\/et_pb_text][\/et_pb_column][et_pb_column type=\u00bb1_6&#8243; _builder_version=\u00bb4.14.2&#8243; _module_preset=\u00bbdefault\u00bb background_color=\u00bbRGBA(178,128,2,0.22)\u00bb custom_padding=\u00bb2px|4px||10px|false|false\u00bb border_radii=\u00bbon|16px|16px|16px|16px\u00bb global_colors_info=\u00bb{}\u00bb][et_pb_text _builder_version=\u00bb4.14.2&#8243; _module_preset=\u00bbdefault\u00bb global_colors_info=\u00bb{}\u00bb]<\/p>\n<p><strong>Activitat teatralitzada<\/strong><\/p>\n<p><strong><em>Lluita i resist\u00e8ncia a Sant Pere M\u00e0rtir<\/em><\/strong><\/p>\n<p><em>Diumenge, 24\u00a0 de setembre\u00a0 a les 11 h.<\/em><\/p>\n<p>Recreaci\u00f3 del \u00faltims dies de la Guerra Civil al cim de Collserola.<\/p>\n<p>Inscripci\u00f3 a partir de l&#8217;1 de setembre.<\/p>\n<p>&nbsp;<\/p>\n<p><strong>\u00a0<\/strong><\/p>\n<p>[\/et_pb_text][\/et_pb_column][et_pb_column type=\u00bb1_6&#8243; _builder_version=\u00bb4.14.2&#8243; _module_preset=\u00bbdefault\u00bb global_colors_info=\u00bb{}\u00bb][et_pb_text _builder_version=\u00bb4.14.2&#8243; _module_preset=\u00bbdefault\u00bb global_colors_info=\u00bb{}\u00bb]<\/p>\n<p>Ruta<\/p>\n<p><strong>Ruta 1936-1939. Esplugues de Llobregat desde la retaguardia<\/strong><\/p>\n<p><em>S\u00e1bado, 21 de Octubre a las 11h. Museo Can Tintur\u00e9<\/em><\/p>\n<p>Nueva ruta que recupera la memoria de la ciudad en el conflicto.<\/p>\n<p>Inscripciones a partir del 1 de octubre.<\/p>\n<p>[\/et_pb_text][\/et_pb_column][\/et_pb_row][\/et_pb_section][et_pb_section fb_built=\u00bb1&#8243; _builder_version=\u00bb4.4.9&#8243; background_color=\u00bb#ffffff\u00bb custom_margin=\u00bb0px||0px||false|false\u00bb custom_padding=\u00bb0px||0px||false|false\u00bb global_colors_info=\u00bb{}\u00bb][\/et_pb_section][et_pb_section fb_built=\u00bb1&#8243; _builder_version=\u00bb4.9.1&#8243; background_color=\u00bb#dfd5c6&#8243; custom_margin=\u00bb0px||0px||false|false\u00bb custom_padding=\u00bb0px||0px||false|false\u00bb global_colors_info=\u00bb{}\u00bb][et_pb_row column_structure=\u00bb1_4,1_4,1_4,1_4&#8243; use_custom_gutter=\u00bbon\u00bb gutter_width=\u00bb4&#8243; _builder_version=\u00bb4.4.9&#8243; custom_margin=\u00bb-42px||||false|false\u00bb global_colors_info=\u00bb{}\u00bb][et_pb_column type=\u00bb1_4&#8243; _builder_version=\u00bb4.0.7&#8243; global_colors_info=\u00bb{}\u00bb][et_pb_image src=\u00bbhttps:\/\/museus.esplugues.cat\/wp-content\/uploads\/2020\/10\/Aj.-Esplugues.jpg\u00bb title_text=\u00bbAj. Esplugues\u00bb align=\u00bbcenter\u00bb _builder_version=\u00bb4.9.1&#8243; width=\u00bb100%\u00bb max_width=\u00bb100%\u00bb global_colors_info=\u00bb{}\u00bb][\/et_pb_image][\/et_pb_column][et_pb_column type=\u00bb1_4&#8243; _builder_version=\u00bb4.0.7&#8243; global_colors_info=\u00bb{}\u00bb][et_pb_image src=\u00bbhttps:\/\/museus.esplugues.cat\/wp-content\/uploads\/2020\/10\/MEL.negre_.jpg\u00bb title_text=\u00bbMEL.negre\u00bb align=\u00bbcenter\u00bb _builder_version=\u00bb4.9.1&#8243; width=\u00bb98%\u00bb global_colors_info=\u00bb{}\u00bb][\/et_pb_image][\/et_pb_column][et_pb_column type=\u00bb1_4&#8243; _builder_version=\u00bb4.0.7&#8243; global_colors_info=\u00bb{}\u00bb][et_pb_image src=\u00bbhttps:\/\/museus.esplugues.cat\/wp-content\/uploads\/2020\/10\/LOGO_AMEL-03.jpg\u00bb title_text=\u00bbImprimir\u00bb force_fullwidth=\u00bbon\u00bb _builder_version=\u00bb4.9.1&#8243; _module_preset=\u00bbdefault\u00bb min_height=\u00bb40%\u00bb global_colors_info=\u00bb{}\u00bb][\/et_pb_image][\/et_pb_column][et_pb_column type=\u00bb1_4&#8243; _builder_version=\u00bb4.0.7&#8243; global_colors_info=\u00bb{}\u00bb][et_pb_image src=\u00bbhttps:\/\/museus.esplugues.cat\/wp-content\/uploads\/2021\/06\/DIBA-Logo3.jpg\u00bb title_text=\u00bbDIBA-Logo3&#8243; _builder_version=\u00bb4.9.1&#8243; _module_preset=\u00bbdefault\u00bb global_colors_info=\u00bb{}\u00bb][\/et_pb_image][\/et_pb_column][\/et_pb_row][\/et_pb_section]<\/p>\n","protected":false},"excerpt":{"rendered":"<p>Esplugues de Llobregat, te propone descubrir en La Masoveria de Can Tintur\u00e9 el momento en que &#8216;Las Torres&#8217; del conde  del Montseny fueron escuela, y qu\u00e9 papel tuvo el CENU en nuestra ciudad.<\/p>\n","protected":false},"author":1,"featured_media":37154,"parent":27989,"menu_order":0,"comment_status":"closed","ping_status":"closed","template":"","meta":{"_et_pb_use_builder":"on","_et_pb_old_content":"","_et_gb_content_width":"","_uag_custom_page_level_css":"","footnotes":""},"class_list":["post-37173","page","type-page","status-publish","has-post-thumbnail","hentry"],"uagb_featured_image_src":{"full":["https:\/\/museus.esplugues.cat\/wp-content\/uploads\/2023\/03\/300x200px_web1.jpg",300,200,false],"thumbnail":["https:\/\/museus.esplugues.cat\/wp-content\/uploads\/2023\/03\/300x200px_web1-80x80.jpg",80,80,true],"medium":["https:\/\/museus.esplugues.cat\/wp-content\/uploads\/2023\/03\/300x200px_web1.jpg",300,200,false],"medium_large":["https:\/\/museus.esplugues.cat\/wp-content\/uploads\/2023\/03\/300x200px_web1.jpg",300,200,false],"large":["https:\/\/museus.esplugues.cat\/wp-content\/uploads\/2023\/03\/300x200px_web1.jpg",300,200,false],"1536x1536":["https:\/\/museus.esplugues.cat\/wp-content\/uploads\/2023\/03\/300x200px_web1.jpg",300,200,false],"2048x2048":["https:\/\/museus.esplugues.cat\/wp-content\/uploads\/2023\/03\/300x200px_web1.jpg",300,200,false],"et-pb-post-main-image":["https:\/\/museus.esplugues.cat\/wp-content\/uploads\/2023\/03\/300x200px_web1.jpg",300,200,false],"et-pb-post-main-image-fullwidth":["https:\/\/museus.esplugues.cat\/wp-content\/uploads\/2023\/03\/300x200px_web1.jpg",300,200,false],"et-pb-portfolio-image":["https:\/\/museus.esplugues.cat\/wp-content\/uploads\/2023\/03\/300x200px_web1.jpg",300,200,false],"et-pb-portfolio-module-image":["https:\/\/museus.esplugues.cat\/wp-content\/uploads\/2023\/03\/300x200px_web1.jpg",300,200,false],"et-pb-portfolio-image-single":["https:\/\/museus.esplugues.cat\/wp-content\/uploads\/2023\/03\/300x200px_web1.jpg",300,200,false],"et-pb-gallery-module-image-portrait":["https:\/\/museus.esplugues.cat\/wp-content\/uploads\/2023\/03\/300x200px_web1.jpg",300,200,false],"et-pb-post-main-image-fullwidth-large":["https:\/\/museus.esplugues.cat\/wp-content\/uploads\/2023\/03\/300x200px_web1.jpg",300,200,false],"et-pb-image--responsive--desktop":["https:\/\/museus.esplugues.cat\/wp-content\/uploads\/2023\/03\/300x200px_web1.jpg",300,200,false],"et-pb-image--responsive--tablet":["https:\/\/museus.esplugues.cat\/wp-content\/uploads\/2023\/03\/300x200px_web1.jpg",300,200,false],"et-pb-image--responsive--phone":["https:\/\/museus.esplugues.cat\/wp-content\/uploads\/2023\/03\/300x200px_web1.jpg",300,200,false]},"uagb_author_info":{"display_name":"alpha","author_link":"https:\/\/museus.esplugues.cat\/es\/author\/alpha"},"uagb_comment_info":0,"uagb_excerpt":"Esplugues de Llobregat, te propone descubrir en La Masoveria de Can Tintur\u00e9 el momento en que 'Las Torres' del conde del Montseny fueron escuela, y qu\u00e9 papel tuvo el CENU en nuestra ciudad.","_links":{"self":[{"href":"https:\/\/museus.esplugues.cat\/es\/wp-json\/wp\/v2\/pages\/37173","targetHints":{"allow":["GET"]}}],"collection":[{"href":"https:\/\/museus.esplugues.cat\/es\/wp-json\/wp\/v2\/pages"}],"about":[{"href":"https:\/\/museus.esplugues.cat\/es\/wp-json\/wp\/v2\/types\/page"}],"author":[{"embeddable":true,"href":"https:\/\/museus.esplugues.cat\/es\/wp-json\/wp\/v2\/users\/1"}],"replies":[{"embeddable":true,"href":"https:\/\/museus.esplugues.cat\/es\/wp-json\/wp\/v2\/comments?post=37173"}],"version-history":[{"count":5,"href":"https:\/\/museus.esplugues.cat\/es\/wp-json\/wp\/v2\/pages\/37173\/revisions"}],"predecessor-version":[{"id":37233,"href":"https:\/\/museus.esplugues.cat\/es\/wp-json\/wp\/v2\/pages\/37173\/revisions\/37233"}],"up":[{"embeddable":true,"href":"https:\/\/museus.esplugues.cat\/es\/wp-json\/wp\/v2\/pages\/27989"}],"wp:featuredmedia":[{"embeddable":true,"href":"https:\/\/museus.esplugues.cat\/es\/wp-json\/wp\/v2\/media\/37154"}],"wp:attachment":[{"href":"https:\/\/museus.esplugues.cat\/es\/wp-json\/wp\/v2\/media?parent=37173"}],"curies":[{"name":"wp","href":"https:\/\/api.w.org\/{rel}","templated":true}]}}