{"id":37203,"date":"2023-03-31T14:06:25","date_gmt":"2023-03-31T12:06:25","guid":{"rendered":"https:\/\/museus.esplugues.cat\/activitats-casals-estiu-2023"},"modified":"2023-04-11T09:27:04","modified_gmt":"2023-04-11T07:27:04","slug":"activitats-casals-estiu-2023","status":"publish","type":"page","link":"https:\/\/museus.esplugues.cat\/es\/activitats-casals-estiu-2023","title":{"rendered":"Activitats per a Casals d&#8217;estiu 2023"},"content":{"rendered":"<p>[et_pb_section fb_built=\u00bb1&#8243; admin_label=\u00bbsection\u00bb _builder_version=\u00bb3.22&#8243; global_colors_info=\u00bb{}\u00bb][et_pb_row admin_label=\u00bbrow\u00bb _builder_version=\u00bb3.25&#8243; background_size=\u00bbinitial\u00bb background_position=\u00bbtop_left\u00bb background_repeat=\u00bbrepeat\u00bb global_colors_info=\u00bb{}\u00bb][et_pb_column type=\u00bb4_4&#8243; _builder_version=\u00bb3.25&#8243; custom_padding=\u00bb|||\u00bb global_colors_info=\u00bb{}\u00bb custom_padding__hover=\u00bb|||\u00bb][et_pb_image src=\u00bbhttps:\/\/museus.esplugues.cat\/wp-content\/uploads\/2023\/03\/estiu-2023.png\u00bb alt=\u00bbDones i Museus\u00bb title_text=\u00bbestiu 2023&#8243; disabled_on=\u00bboff|off|off\u00bb _builder_version=\u00bb4.14.2&#8243; global_colors_info=\u00bb{}\u00bb][\/et_pb_image][\/et_pb_column][\/et_pb_row][et_pb_row admin_label=\u00bbrow\u00bb _builder_version=\u00bb3.25&#8243; background_size=\u00bbinitial\u00bb background_position=\u00bbtop_left\u00bb background_repeat=\u00bbrepeat\u00bb global_colors_info=\u00bb{}\u00bb][et_pb_column type=\u00bb4_4&#8243; _builder_version=\u00bb3.25&#8243; custom_padding=\u00bb|||\u00bb global_colors_info=\u00bb{}\u00bb custom_padding__hover=\u00bb|||\u00bb][et_pb_text admin_label=\u00bbText\u00bb _builder_version=\u00bb4.14.2&#8243; text_font=\u00bb||||||||\u00bb text_line_height=\u00bb2em\u00bb background_size=\u00bbinitial\u00bb background_position=\u00bbtop_left\u00bb background_repeat=\u00bbrepeat\u00bb global_colors_info=\u00bb{}\u00bb]<\/p>\n<p>Els Museus d&#8217;Esplugues presenten una oferta especial d&#8217;activitats per a casals d&#8217;Estiu.<\/p>\n<p>Activitats did\u00e0ctiques i l\u00fadiques per a gaudir d&#8217;una jornada especial als Museus d&#8217;Esplugues.<\/p>\n<div class=\"wp-block-columns\"><!-- \/divi:column --><\/div>\n<p><!-- \/divi:columns --><\/p>\n<p>[\/et_pb_text][\/et_pb_column][\/et_pb_row][et_pb_row column_structure=\u00bb3_5,2_5&#8243; admin_label=\u00bbrow\u00bb _builder_version=\u00bb4.14.2&#8243; background_color=\u00bb#ec521c\u00bb use_background_color_gradient=\u00bbon\u00bb background_color_gradient_start=\u00bb#ffffff\u00bb background_color_gradient_end=\u00bb#edef7a\u00bb background_size=\u00bbinitial\u00bb background_position=\u00bbtop_left\u00bb background_repeat=\u00bbrepeat\u00bb global_colors_info=\u00bb{}\u00bb][et_pb_column type=\u00bb3_5&#8243; _builder_version=\u00bb3.25&#8243; custom_padding=\u00bb|||\u00bb global_colors_info=\u00bb{}\u00bb custom_padding__hover=\u00bb|||\u00bb][et_pb_text _builder_version=\u00bb4.14.2&#8243; _module_preset=\u00bbdefault\u00bb text_font=\u00bb|700||on|||||\u00bb text_text_color=\u00bb#000000&#8243; text_font_size=\u00bb32px\u00bb background_color=\u00bbrgba(255,255,255,0.56)\u00bb custom_margin=\u00bb3px|||10px|false|false\u00bb custom_padding=\u00bb14px||16px|8px|false|false\u00bb border_radii=\u00bbon|16px|16px|16px|16px\u00bb global_colors_info=\u00bb{}\u00bb]<\/p>\n<p>Peuades al Museu<\/p>\n<p>[\/et_pb_text][et_pb_text _builder_version=\u00bb4.14.2&#8243; _module_preset=\u00bbdefault\u00bb text_font=\u00bb|600|||||||\u00bb text_text_color=\u00bbrgba(0,0,0,0.81)\u00bb text_font_size=\u00bb17px\u00bb custom_margin=\u00bb|||13px|false|false\u00bb global_colors_info=\u00bb{}\u00bb]<\/p>\n<p>Activitat de descoberta, joc i experimentaci\u00f3 amb diferents materials utilitzats als terres dels edificis, i en concret als mosaics hidr\u00e0ulics originals conservats al Museu Can Tintur\u00e9.<\/p>\n<p>Taller complementari de pintura sobre rajoles.<\/p>\n<p>[\/et_pb_text][et_pb_text _builder_version=\u00bb4.14.2&#8243; _module_preset=\u00bbdefault\u00bb text_font=\u00bb||||||||\u00bb text_text_color=\u00bb#000000&#8243; text_font_size=\u00bb15px\u00bb custom_margin=\u00bb|||28px|false|false\u00bb global_colors_info=\u00bb{}\u00bb]<\/p>\n<ul>\n<li>De 3 a 7 anys.<\/li>\n<li>Museu Can Tintur\u00e9<\/li>\n<li>Activitat disponible en catal\u00e0 i castell\u00e0.<\/li>\n<li>Dijous i divenrdres de 9 a 14 h.<\/li>\n<li>Durada 2 hores<\/li>\n<li>\u00a0Preu:\n<ul>\n<li>100 euros per a grups de fins a 25 infants.<\/li>\n<li>50% de dte. per a Casals d&#8217;Esplugues de Llobregat<\/li>\n<\/ul>\n<\/li>\n<\/ul>\n<p>[\/et_pb_text][\/et_pb_column][et_pb_column type=\u00bb2_5&#8243; _builder_version=\u00bb3.25&#8243; custom_padding=\u00bb|||\u00bb global_colors_info=\u00bb{}\u00bb custom_padding__hover=\u00bb|||\u00bb][et_pb_image src=\u00bbhttps:\/\/museus.esplugues.cat\/wp-content\/uploads\/2023\/03\/2.png\u00bb title_text=\u00bb2&#8243; _builder_version=\u00bb4.14.2&#8243; _module_preset=\u00bbdefault\u00bb custom_margin=\u00bb|8px||8px|false|false\u00bb global_colors_info=\u00bb{}\u00bb][\/et_pb_image][\/et_pb_column][\/et_pb_row][et_pb_row column_structure=\u00bb3_5,2_5&#8243; admin_label=\u00bbrow\u00bb _builder_version=\u00bb4.14.2&#8243; background_color=\u00bbRGBA(255,255,255,0)\u00bb use_background_color_gradient=\u00bbon\u00bb background_color_gradient_start=\u00bb#ffffff\u00bb background_color_gradient_end=\u00bb#edef7a\u00bb background_size=\u00bbinitial\u00bb background_position=\u00bbtop_left\u00bb background_repeat=\u00bbrepeat\u00bb custom_margin=\u00bb12px||||false|false\u00bb global_colors_info=\u00bb{}\u00bb][et_pb_column type=\u00bb3_5&#8243; _builder_version=\u00bb3.25&#8243; custom_padding=\u00bb|||\u00bb global_colors_info=\u00bb{}\u00bb custom_padding__hover=\u00bb|||\u00bb][et_pb_text _builder_version=\u00bb4.14.2&#8243; _module_preset=\u00bbdefault\u00bb text_font=\u00bb|700||on|||||\u00bb text_text_color=\u00bb#000000&#8243; text_font_size=\u00bb32px\u00bb background_color=\u00bbrgba(255,255,255,0.56)\u00bb custom_margin=\u00bb3px|||10px|false|false\u00bb custom_padding=\u00bb14px||16px|8px|false|false\u00bb border_radii=\u00bbon|16px|16px|16px|16px\u00bb global_colors_info=\u00bb{}\u00bb]<\/p>\n<p>Les veus de les rajoles<\/p>\n<p>[\/et_pb_text][et_pb_text _builder_version=\u00bb4.14.2&#8243; _module_preset=\u00bbdefault\u00bb text_font=\u00bb|600|||||||\u00bb text_text_color=\u00bbrgba(0,0,0,0.81)\u00bb text_font_size=\u00bb17px\u00bb custom_margin=\u00bb|||13px|false|false\u00bb global_colors_info=\u00bb{}\u00bb]<\/p>\n<p>Activitat sensorial al Museu de Cer\u00e0mica La Rajoleta per descobrir com eren les cases, les cuines i els lavabos durant al Modernisme, i com les persones ens relacionem en aquests espais de vida.<\/p>\n<p>Taller complementari de peces realitzades amb motlles.<\/p>\n<p>&nbsp;<\/p>\n<p>[\/et_pb_text][et_pb_text _builder_version=\u00bb4.14.2&#8243; _module_preset=\u00bbdefault\u00bb text_font=\u00bb||||||||\u00bb text_text_color=\u00bb#000000&#8243; text_font_size=\u00bb15px\u00bb custom_margin=\u00bb|||28px|false|false\u00bb global_colors_info=\u00bb{}\u00bb]<\/p>\n<ul>\n<li>De 7 a 12 anys<\/li>\n<li>Museu de Cer\u00e0mica La Rajoleta<\/li>\n<li>Activitat disponible en catal\u00e0 i castell\u00e0.<\/li>\n<li>Dijous i divenrdres de 9 a 14 h.<\/li>\n<li>Durada 2 hores<\/li>\n<li>\u00a0Preu:\n<ul>\n<li>100 euros per a grups de fins a 25 infants.<\/li>\n<li>50% de dte. per a Casals d&#8217;Esplugues de Llobregat<\/li>\n<\/ul>\n<\/li>\n<\/ul>\n<p>[\/et_pb_text][\/et_pb_column][et_pb_column type=\u00bb2_5&#8243; _builder_version=\u00bb3.25&#8243; custom_padding=\u00bb|||\u00bb global_colors_info=\u00bb{}\u00bb custom_padding__hover=\u00bb|||\u00bb][et_pb_image src=\u00bbhttps:\/\/museus.esplugues.cat\/wp-content\/uploads\/2023\/03\/4.png\u00bb title_text=\u00bb4&#8243; _builder_version=\u00bb4.14.2&#8243; _module_preset=\u00bbdefault\u00bb custom_margin=\u00bb|8px||8px|false|false\u00bb global_colors_info=\u00bb{}\u00bb][\/et_pb_image][\/et_pb_column][\/et_pb_row][\/et_pb_section]<\/p>\n","protected":false},"excerpt":{"rendered":"<p>Els Museus d&#8217;Esplugues presenten una oferta especial d&#8217;activitats per a casals d&#8217;Estiu. Activitats did\u00e0ctiques i l\u00fadiques per a gaudir d&#8217;una jornada especial als Museus d&#8217;Esplugues. Peuades al MuseuActivitat de descoberta, joc i experimentaci\u00f3 amb diferents materials utilitzats als terres dels edificis, i en concret als mosaics hidr\u00e0ulics originals conservats al Museu Can Tintur\u00e9. Taller complementari [&hellip;]<\/p>\n","protected":false},"author":1,"featured_media":0,"parent":0,"menu_order":0,"comment_status":"closed","ping_status":"closed","template":"","meta":{"_et_pb_use_builder":"on","_et_pb_old_content":"","_et_gb_content_width":"","_uag_custom_page_level_css":"","footnotes":""},"class_list":["post-37203","page","type-page","status-publish","hentry"],"uagb_featured_image_src":{"full":false,"thumbnail":false,"medium":false,"medium_large":false,"large":false,"1536x1536":false,"2048x2048":false,"et-pb-post-main-image":false,"et-pb-post-main-image-fullwidth":false,"et-pb-portfolio-image":false,"et-pb-portfolio-module-image":false,"et-pb-portfolio-image-single":false,"et-pb-gallery-module-image-portrait":false,"et-pb-post-main-image-fullwidth-large":false,"et-pb-image--responsive--desktop":false,"et-pb-image--responsive--tablet":false,"et-pb-image--responsive--phone":false},"uagb_author_info":{"display_name":"alpha","author_link":"https:\/\/museus.esplugues.cat\/es\/author\/alpha"},"uagb_comment_info":0,"uagb_excerpt":"Els Museus d'Esplugues presenten una oferta especial d'activitats per a casals d'Estiu. Activitats did\u00e0ctiques i l\u00fadiques per a gaudir d'una jornada especial als Museus d'Esplugues. Peuades al MuseuActivitat de descoberta, joc i experimentaci\u00f3 amb diferents materials utilitzats als terres dels edificis, i en concret als mosaics hidr\u00e0ulics originals conservats al Museu Can Tintur\u00e9. Taller complementari&hellip;","_links":{"self":[{"href":"https:\/\/museus.esplugues.cat\/es\/wp-json\/wp\/v2\/pages\/37203","targetHints":{"allow":["GET"]}}],"collection":[{"href":"https:\/\/museus.esplugues.cat\/es\/wp-json\/wp\/v2\/pages"}],"about":[{"href":"https:\/\/museus.esplugues.cat\/es\/wp-json\/wp\/v2\/types\/page"}],"author":[{"embeddable":true,"href":"https:\/\/museus.esplugues.cat\/es\/wp-json\/wp\/v2\/users\/1"}],"replies":[{"embeddable":true,"href":"https:\/\/museus.esplugues.cat\/es\/wp-json\/wp\/v2\/comments?post=37203"}],"version-history":[{"count":5,"href":"https:\/\/museus.esplugues.cat\/es\/wp-json\/wp\/v2\/pages\/37203\/revisions"}],"predecessor-version":[{"id":37228,"href":"https:\/\/museus.esplugues.cat\/es\/wp-json\/wp\/v2\/pages\/37203\/revisions\/37228"}],"wp:attachment":[{"href":"https:\/\/museus.esplugues.cat\/es\/wp-json\/wp\/v2\/media?parent=37203"}],"curies":[{"name":"wp","href":"https:\/\/api.w.org\/{rel}","templated":true}]}}