{"id":38040,"date":"2023-06-12T15:28:46","date_gmt":"2023-06-12T13:28:46","guid":{"rendered":"https:\/\/museus.esplugues.cat\/our-god-is-great-21"},"modified":"2023-07-04T09:11:22","modified_gmt":"2023-07-04T07:11:22","slug":"our-god-is-great-21","status":"publish","type":"page","link":"https:\/\/museus.esplugues.cat\/es\/biennal-2\/our-god-is-great-21","title":{"rendered":"Our God is great #21"},"content":{"rendered":"<p>[et_pb_section fb_built=\u00bb1&#8243; _builder_version=\u00bb4.21.0&#8243; background_color=\u00bb#FACBA5&#8243; custom_margin=\u00bb0px||0px||false|false\u00bb custom_padding=\u00bb0px||6px||false|false\u00bb global_colors_info=\u00bb{}\u00bb][et_pb_row _builder_version=\u00bb4.16&#8243; background_color=\u00bbRGBA(255,255,255,0)\u00bb background_image=\u00bbhttps:\/\/museus.esplugues.cat\/wp-content\/uploads\/2023\/03\/slider-blog-1080x350px.jpg\u00bb custom_margin=\u00bb0px||0px||false|false\u00bb custom_padding=\u00bb0px||0px||false|false\u00bb global_colors_info=\u00bb{}\u00bb][et_pb_column type=\u00bb4_4&#8243; _builder_version=\u00bb4.16&#8243; global_colors_info=\u00bb{}\u00bb][et_pb_image src=\u00bbhttps:\/\/museus.esplugues.cat\/wp-content\/uploads\/2023\/03\/slider-blog-1080x350px.jpg\u00bb title_text=\u00bbslider-blog-1080x350px\u00bb _builder_version=\u00bb4.16&#8243; _module_preset=\u00bbdefault\u00bb global_colors_info=\u00bb{}\u00bb][\/et_pb_image][\/et_pb_column][\/et_pb_row][\/et_pb_section][et_pb_section fb_built=\u00bb1&#8243; _builder_version=\u00bb4.16&#8243; background_color=\u00bb#FFFFFF\u00bb width=\u00bb100%\u00bb module_alignment=\u00bbcenter\u00bb custom_margin=\u00bb0px||0px||false|false\u00bb custom_padding=\u00bb0px||0px||false|false\u00bb global_colors_info=\u00bb{}\u00bb][et_pb_row _builder_version=\u00bb4.21.0&#8243; _module_preset=\u00bbdefault\u00bb width=\u00bb100%\u00bb custom_margin=\u00bb-7px||||false|false\u00bb global_colors_info=\u00bb{}\u00bb][et_pb_column type=\u00bb4_4&#8243; _builder_version=\u00bb4.16&#8243; _module_preset=\u00bbdefault\u00bb global_colors_info=\u00bb{}\u00bb][et_pb_text _builder_version=\u00bb4.21.0&#8243; _module_preset=\u00bbdefault\u00bb text_font=\u00bb|700||||on|||\u00bb text_text_color=\u00bbrgba(249,112,0,0.76)\u00bb text_font_size=\u00bb25px\u00bb background_color=\u00bbRGBA(255,255,255,0)\u00bb min_height=\u00bb47px\u00bb custom_margin=\u00bb10px|-40px||0px|false|false\u00bb custom_padding=\u00bb||8px|11px|false|false\u00bb border_radii=\u00bbon|11px|11px|11px|11px\u00bb global_colors_info=\u00bb{}\u00bb]<\/p>\n<p>OUR GOD IS GREAT #21<\/p>\n<p>[\/et_pb_text][et_pb_text _builder_version=\u00bb4.21.0&#8243; _module_preset=\u00bbdefault\u00bb text_font=\u00bb|300|on||||||\u00bb text_text_color=\u00bbrgba(249,112,0,0.76)\u00bb text_font_size=\u00bb25px\u00bb background_color=\u00bbRGBA(255,255,255,0)\u00bb min_height=\u00bb47px\u00bb custom_margin=\u00bb0px|-40px|0px|0px|false|false\u00bb custom_padding=\u00bb||0px|0px|false|false\u00bb border_radii=\u00bbon|11px|11px|11px|11px\u00bb global_colors_info=\u00bb{}\u00bb]<\/p>\n<p><strong>Liu Xi <\/strong>(China)<\/p>\n<p>[\/et_pb_text][et_pb_divider color=\u00bb#EC751B\u00bb _builder_version=\u00bb4.21.0&#8243; _module_preset=\u00bbdefault\u00bb custom_margin=\u00bb||-43px||false|false\u00bb custom_padding=\u00bb||0px||false|false\u00bb global_colors_info=\u00bb{}\u00bb][\/et_pb_divider][\/et_pb_column][\/et_pb_row][et_pb_row column_structure=\u00bb1_3,2_3&#8243; _builder_version=\u00bb4.21.0&#8243; _module_preset=\u00bbdefault\u00bb global_colors_info=\u00bb{}\u00bb][et_pb_column type=\u00bb1_3&#8243; _builder_version=\u00bb4.21.0&#8243; _module_preset=\u00bbdefault\u00bb global_colors_info=\u00bb{}\u00bb][et_pb_text _builder_version=\u00bb4.21.0&#8243; _module_preset=\u00bbdefault\u00bb custom_margin=\u00bb||0px||false|false\u00bb custom_padding=\u00bb||0px|17px|false|false\u00bb border_radii=\u00bbon|16px|16px|16px|16px\u00bb border_width_all=\u00bb1px\u00bb border_color_all=\u00bb#EC751B\u00bb global_colors_info=\u00bb{}\u00bb]<\/p>\n<ul>\n<li>Material: <strong>Cer\u00e1mica con cromado dorad<\/strong>o<\/li>\n<li>T\u00e9cnica: <strong>Modelado<\/strong><\/li>\n<li>Cocci\u00f3n: <strong>Cocci\u00f3n reductora a 1.350 \u00baC<\/strong><\/li>\n<\/ul>\n<p>[\/et_pb_text][et_pb_text _builder_version=\u00bb4.21.0&#8243; _module_preset=\u00bbdefault\u00bb custom_padding=\u00bb12px||||false|false\u00bb global_colors_info=\u00bb{}\u00bb]<\/p>\n<p>La obra en palabras del artista:<\/p>\n<p>[\/et_pb_text][et_pb_text _builder_version=\u00bb4.21.0&#8243; _module_preset=\u00bbdefault\u00bb text_font_size=\u00bb16px\u00bb custom_margin=\u00bb6px|0px|6px|2px|true|false\u00bb custom_padding=\u00bb0px|5px|0px|17px|false|false\u00bb border_radii=\u00bbon|16px|16px|16px|16px\u00bb border_width_all=\u00bb1px\u00bb border_color_all=\u00bb#EC751B\u00bb global_colors_info=\u00bb{}\u00bb]<\/p>\n<p>Nac\u00ed mujer en un peque\u00f1o pueblo del norte de China impregnado de una profunda influencia del confucionismo. Parte de esta influencia fue una disparidad entre las estructuras de poder de hombres y mujeres. La inferioridad se inculc\u00f3 desde la infancia.<\/p>\n<p>La desigualdad fren\u00f3 mi crecimiento individual, hasta que empec\u00e9 a trabajar contra estas creencias obsoletas y emprend\u00ed un viaje de autodescubrimiento.<\/p>\n<p>El arte cer\u00e1mico me concedi\u00f3 la libertad de expresi\u00f3n que buscaba.<\/p>\n<p>[\/et_pb_text][\/et_pb_column][et_pb_column type=\u00bb2_3&#8243; _builder_version=\u00bb4.21.0&#8243; _module_preset=\u00bbdefault\u00bb global_colors_info=\u00bb{}\u00bb][et_pb_image src=\u00bbhttps:\/\/museus.esplugues.cat\/wp-content\/uploads\/2023\/06\/OUR-GOD-IS-GREAT-21_H.png\u00bb title_text=\u00bbOUR GOD IS GREAT #21_H\u00bb _builder_version=\u00bb4.21.0&#8243; _module_preset=\u00bbdefault\u00bb global_colors_info=\u00bb{}\u00bb][\/et_pb_image][\/et_pb_column][\/et_pb_row][et_pb_row column_structure=\u00bb1_3,1_3,1_3&#8243; _builder_version=\u00bb4.21.0&#8243; _module_preset=\u00bbdefault\u00bb global_colors_info=\u00bb{}\u00bb][et_pb_column type=\u00bb1_3&#8243; _builder_version=\u00bb4.21.0&#8243; _module_preset=\u00bbdefault\u00bb global_colors_info=\u00bb{}\u00bb][et_pb_image src=\u00bbhttps:\/\/museus.esplugues.cat\/wp-content\/uploads\/2023\/06\/1.Detall-OUR-GOD-IS-GREAT-21.png\u00bb title_text=\u00bb1.Detall OUR GOD IS GREAT #21&#8243; _builder_version=\u00bb4.21.0&#8243; _module_preset=\u00bbdefault\u00bb global_colors_info=\u00bb{}\u00bb][\/et_pb_image][\/et_pb_column][et_pb_column type=\u00bb1_3&#8243; _builder_version=\u00bb4.21.0&#8243; _module_preset=\u00bbdefault\u00bb global_colors_info=\u00bb{}\u00bb][et_pb_image src=\u00bbhttps:\/\/museus.esplugues.cat\/wp-content\/uploads\/2023\/06\/2.Detall-OUR-GOD-IS-GREAT-21.png\u00bb title_text=\u00bb2.Detall OUR GOD IS GREAT #21&#8243; _builder_version=\u00bb4.21.0&#8243; _module_preset=\u00bbdefault\u00bb global_colors_info=\u00bb{}\u00bb][\/et_pb_image][\/et_pb_column][et_pb_column type=\u00bb1_3&#8243; _builder_version=\u00bb4.21.0&#8243; _module_preset=\u00bbdefault\u00bb global_colors_info=\u00bb{}\u00bb][et_pb_image src=\u00bbhttps:\/\/museus.esplugues.cat\/wp-content\/uploads\/2023\/06\/3.Detall-OUR-GOD-IS-GREAT-21.png\u00bb title_text=\u00bb3.Detall OUR GOD IS GREAT #21&#8243; _builder_version=\u00bb4.21.0&#8243; _module_preset=\u00bbdefault\u00bb global_colors_info=\u00bb{}\u00bb][\/et_pb_image][\/et_pb_column][\/et_pb_row][et_pb_row column_structure=\u00bb1_3,2_3&#8243; _builder_version=\u00bb4.21.0&#8243; _module_preset=\u00bbdefault\u00bb global_colors_info=\u00bb{}\u00bb][et_pb_column type=\u00bb1_3&#8243; _builder_version=\u00bb4.21.0&#8243; _module_preset=\u00bbdefault\u00bb global_colors_info=\u00bb{}\u00bb][et_pb_text _builder_version=\u00bb4.21.0&#8243; _module_preset=\u00bbdefault\u00bb custom_padding=\u00bb54px||||false|false\u00bb global_colors_info=\u00bb{}\u00bb]<\/p>\n<p>\u00a1El premio del p\u00fablico, lo eliges t\u00fa!<\/p>\n<p>[\/et_pb_text][\/et_pb_column][et_pb_column type=\u00bb2_3&#8243; _builder_version=\u00bb4.21.0&#8243; _module_preset=\u00bbdefault\u00bb global_colors_info=\u00bb{}\u00bb][et_pb_button button_text=\u00bbVota aqu\u00ed\u00bb _builder_version=\u00bb4.21.0&#8243; _module_preset=\u00bbdefault\u00bb custom_button=\u00bbon\u00bb button_text_size=\u00bb24px\u00bb button_text_color=\u00bb#FFFFFF\u00bb button_bg_color=\u00bb#f7954a\u00bb custom_margin=\u00bb34px||-6px||false|false\u00bb custom_padding=\u00bb0px||||false|false\u00bb global_colors_info=\u00bb{}\u00bb][\/et_pb_button][\/et_pb_column][\/et_pb_row][et_pb_row _builder_version=\u00bb4.21.0&#8243; _module_preset=\u00bbdefault\u00bb global_colors_info=\u00bb{}\u00bb][et_pb_column type=\u00bb4_4&#8243; _builder_version=\u00bb4.21.0&#8243; _module_preset=\u00bbdefault\u00bb global_colors_info=\u00bb{}\u00bb][et_pb_divider color=\u00bb#EC751B\u00bb _builder_version=\u00bb4.21.0&#8243; _module_preset=\u00bbdefault\u00bb global_colors_info=\u00bb{}\u00bb][\/et_pb_divider][et_pb_text _builder_version=\u00bb4.21.0&#8243; _module_preset=\u00bbdefault\u00bb text_font=\u00bb|700||||on|||\u00bb text_text_color=\u00bbrgba(249,112,0,0.76)\u00bb text_font_size=\u00bb30px\u00bb background_color=\u00bbRGBA(255,255,255,0)\u00bb min_height=\u00bb47px\u00bb custom_margin=\u00bb10px|-12px||0px|false|false\u00bb custom_padding=\u00bb||0px|12px|false|false\u00bb border_radii=\u00bbon|11px|11px|11px|11px\u00bb global_colors_info=\u00bb{}\u00bb]<\/p>\n<p>Liu xi<\/p>\n<p>[\/et_pb_text][\/et_pb_column][\/et_pb_row][et_pb_row column_structure=\u00bb1_3,1_3,1_3&#8243; _builder_version=\u00bb4.21.0&#8243; _module_preset=\u00bbdefault\u00bb global_colors_info=\u00bb{}\u00bb][et_pb_column type=\u00bb1_3&#8243; _builder_version=\u00bb4.21.0&#8243; _module_preset=\u00bbdefault\u00bb global_colors_info=\u00bb{}\u00bb][et_pb_text _builder_version=\u00bb4.21.0&#8243; _module_preset=\u00bbdefault\u00bb text_font=\u00bb|800|||||||\u00bb text_text_color=\u00bb#ed6200&#8243; text_font_size=\u00bb25px\u00bb text_line_height=\u00bb1.8em\u00bb background_color=\u00bb#edd8cb\u00bb custom_padding=\u00bb17px|16px|12px|13px|false|false\u00bb hover_enabled=\u00bb0&#8243; border_radii=\u00bbon|16px|16px|16px|16px\u00bb global_colors_info=\u00bb{}\u00bb sticky_enabled=\u00bb0&#8243;]<\/p>\n<p style=\"text-align: center;\">\u00ab&#8230;El barro y yo rompimos las convenciones y, poco a poco, me empoder\u00e9.\u00bb<\/p>\n<p>[\/et_pb_text][\/et_pb_column][et_pb_column type=\u00bb1_3&#8243; _builder_version=\u00bb4.21.0&#8243; _module_preset=\u00bbdefault\u00bb global_colors_info=\u00bb{}\u00bb][et_pb_text _builder_version=\u00bb4.21.0&#8243; _module_preset=\u00bbdefault\u00bb global_colors_info=\u00bb{}\u00bb]<\/p>\n<p><span style=\"color: #ff6600;\"><strong>Liu Xi\u00a0<\/strong><\/span>naci\u00f3 en 1986 en la provincia de Shandong. Tras graduarse en el Departamento de Escultura de la Academia Central de Bellas Artes de Pek\u00edn en 2010, Liu Xi se traslad\u00f3 a Shangh\u00e1i, donde instal\u00f3 su estudio.<\/p>\n<p>Experimentando constantemente con los l\u00edmites t\u00e9cnicos y est\u00e9ticos de la cer\u00e1mica, y con las posibilidades materiales de la arcilla y los esmaltes, Liu explora temas de sexualidad y g\u00e9nero, autodescubrimiento, identidad y libertad.<\/p>\n<p>Ha participado en numerosas exposiciones en China y en el extranjero, como en Portugal, Noruega, Espa\u00f1a, Corea y Reino Unido. Sus obras se han incluido en diversas bienales internacionales de cer\u00e1mica, en las que ha recibido numerosos premios. Participa activamente en programas de residencia en Bali, Taiw\u00e1n, India, M\u00e9xico y Yixing<\/p>\n<p>[\/et_pb_text][\/et_pb_column][et_pb_column type=\u00bb1_3&#8243; _builder_version=\u00bb4.21.0&#8243; _module_preset=\u00bbdefault\u00bb global_colors_info=\u00bb{}\u00bb][et_pb_image src=\u00bbhttps:\/\/museus.esplugues.cat\/wp-content\/uploads\/2023\/06\/LiuXi_CV_amb-foto1.png\u00bb title_text=\u00bbLiuXi_CV_amb foto1&#8243; _builder_version=\u00bb4.21.0&#8243; _module_preset=\u00bbdefault\u00bb global_colors_info=\u00bb{}\u00bb][\/et_pb_image][\/et_pb_column][\/et_pb_row][\/et_pb_section][et_pb_section fb_built=\u00bb1&#8243; _builder_version=\u00bb4.16&#8243; background_color=\u00bb#FFFFFF\u00bb custom_margin=\u00bb0px||0px||false|false\u00bb custom_padding=\u00bb0px||0px||false|false\u00bb global_colors_info=\u00bb{}\u00bb][et_pb_row _builder_version=\u00bb4.21.0&#8243; _module_preset=\u00bbdefault\u00bb global_colors_info=\u00bb{}\u00bb][et_pb_column type=\u00bb4_4&#8243; _builder_version=\u00bb4.21.0&#8243; _module_preset=\u00bbdefault\u00bb global_colors_info=\u00bb{}\u00bb][et_pb_button button_url=\u00bb@ET-DC@eyJkeW5hbWljIjp0cnVlLCJjb250ZW50IjoicG9zdF9saW5rX3VybF9wYWdlIiwic2V0dGluZ3MiOnsicG9zdF9pZCI6IjM3NTc4In19@\u00bb button_text=\u00bbVolver a la p\u00e1gina : 21 Bienal de Esplugues. Exposici\u00f3n de obras ganadoras y seleccionadas\u00bb button_alignment=\u00bbcenter\u00bb _builder_version=\u00bb4.21.0&#8243; _dynamic_attributes=\u00bbbutton_url\u00bb _module_preset=\u00bbdefault\u00bb custom_button=\u00bbon\u00bb button_text_color=\u00bb#ffffff\u00bb button_bg_color=\u00bb#f1aa74&#8243; global_colors_info=\u00bb{}\u00bb][\/et_pb_button][\/et_pb_column][\/et_pb_row][\/et_pb_section]<\/p>\n","protected":false},"excerpt":{"rendered":"<p>OUR GOD IS GREAT #21<br \/>\nLiu Xi (China) <\/p>\n","protected":false},"author":1,"featured_media":37834,"parent":36956,"menu_order":0,"comment_status":"closed","ping_status":"closed","template":"","meta":{"_et_pb_use_builder":"on","_et_pb_old_content":"","_et_gb_content_width":"","_uag_custom_page_level_css":"","footnotes":""},"class_list":["post-38040","page","type-page","status-publish","has-post-thumbnail","hentry"],"uagb_featured_image_src":{"full":["https:\/\/museus.esplugues.cat\/wp-content\/uploads\/2023\/06\/Our-God-is-great-21-300x200-1.png",300,200,false],"thumbnail":["https:\/\/museus.esplugues.cat\/wp-content\/uploads\/2023\/06\/Our-God-is-great-21-300x200-1-80x80.png",80,80,true],"medium":["https:\/\/museus.esplugues.cat\/wp-content\/uploads\/2023\/06\/Our-God-is-great-21-300x200-1.png",300,200,false],"medium_large":["https:\/\/museus.esplugues.cat\/wp-content\/uploads\/2023\/06\/Our-God-is-great-21-300x200-1.png",300,200,false],"large":["https:\/\/museus.esplugues.cat\/wp-content\/uploads\/2023\/06\/Our-God-is-great-21-300x200-1.png",300,200,false],"1536x1536":["https:\/\/museus.esplugues.cat\/wp-content\/uploads\/2023\/06\/Our-God-is-great-21-300x200-1.png",300,200,false],"2048x2048":["https:\/\/museus.esplugues.cat\/wp-content\/uploads\/2023\/06\/Our-God-is-great-21-300x200-1.png",300,200,false],"et-pb-post-main-image":["https:\/\/museus.esplugues.cat\/wp-content\/uploads\/2023\/06\/Our-God-is-great-21-300x200-1.png",300,200,false],"et-pb-post-main-image-fullwidth":["https:\/\/museus.esplugues.cat\/wp-content\/uploads\/2023\/06\/Our-God-is-great-21-300x200-1.png",300,200,false],"et-pb-portfolio-image":["https:\/\/museus.esplugues.cat\/wp-content\/uploads\/2023\/06\/Our-God-is-great-21-300x200-1.png",300,200,false],"et-pb-portfolio-module-image":["https:\/\/museus.esplugues.cat\/wp-content\/uploads\/2023\/06\/Our-God-is-great-21-300x200-1.png",300,200,false],"et-pb-portfolio-image-single":["https:\/\/museus.esplugues.cat\/wp-content\/uploads\/2023\/06\/Our-God-is-great-21-300x200-1.png",300,200,false],"et-pb-gallery-module-image-portrait":["https:\/\/museus.esplugues.cat\/wp-content\/uploads\/2023\/06\/Our-God-is-great-21-300x200-1.png",300,200,false],"et-pb-post-main-image-fullwidth-large":["https:\/\/museus.esplugues.cat\/wp-content\/uploads\/2023\/06\/Our-God-is-great-21-300x200-1.png",300,200,false],"et-pb-image--responsive--desktop":["https:\/\/museus.esplugues.cat\/wp-content\/uploads\/2023\/06\/Our-God-is-great-21-300x200-1.png",300,200,false],"et-pb-image--responsive--tablet":["https:\/\/museus.esplugues.cat\/wp-content\/uploads\/2023\/06\/Our-God-is-great-21-300x200-1.png",300,200,false],"et-pb-image--responsive--phone":["https:\/\/museus.esplugues.cat\/wp-content\/uploads\/2023\/06\/Our-God-is-great-21-300x200-1.png",300,200,false]},"uagb_author_info":{"display_name":"alpha","author_link":"https:\/\/museus.esplugues.cat\/es\/author\/alpha"},"uagb_comment_info":0,"uagb_excerpt":"OUR GOD IS GREAT #21 Liu Xi (China)","_links":{"self":[{"href":"https:\/\/museus.esplugues.cat\/es\/wp-json\/wp\/v2\/pages\/38040","targetHints":{"allow":["GET"]}}],"collection":[{"href":"https:\/\/museus.esplugues.cat\/es\/wp-json\/wp\/v2\/pages"}],"about":[{"href":"https:\/\/museus.esplugues.cat\/es\/wp-json\/wp\/v2\/types\/page"}],"author":[{"embeddable":true,"href":"https:\/\/museus.esplugues.cat\/es\/wp-json\/wp\/v2\/users\/1"}],"replies":[{"embeddable":true,"href":"https:\/\/museus.esplugues.cat\/es\/wp-json\/wp\/v2\/comments?post=38040"}],"version-history":[{"count":5,"href":"https:\/\/museus.esplugues.cat\/es\/wp-json\/wp\/v2\/pages\/38040\/revisions"}],"predecessor-version":[{"id":38089,"href":"https:\/\/museus.esplugues.cat\/es\/wp-json\/wp\/v2\/pages\/38040\/revisions\/38089"}],"up":[{"embeddable":true,"href":"https:\/\/museus.esplugues.cat\/es\/wp-json\/wp\/v2\/pages\/36956"}],"wp:featuredmedia":[{"embeddable":true,"href":"https:\/\/museus.esplugues.cat\/es\/wp-json\/wp\/v2\/media\/37834"}],"wp:attachment":[{"href":"https:\/\/museus.esplugues.cat\/es\/wp-json\/wp\/v2\/media?parent=38040"}],"curies":[{"name":"wp","href":"https:\/\/api.w.org\/{rel}","templated":true}]}}