{"id":39874,"date":"2024-02-21T11:13:50","date_gmt":"2024-02-21T10:13:50","guid":{"rendered":"https:\/\/museus.esplugues.cat\/premiteresajansana\/primera-edicio2023"},"modified":"2024-02-21T11:17:10","modified_gmt":"2024-02-21T10:17:10","slug":"primera-edicio2023","status":"publish","type":"page","link":"https:\/\/museus.esplugues.cat\/es\/premiteresajansana\/primera-edicio2023","title":{"rendered":"I PREMIO DE INVESTIGACI\u00d3N TERESA JANSANA"},"content":{"rendered":"<p>[et_pb_section fb_built=\u00bb1&#8243; _builder_version=\u00bb4.16&#8243; background_color=\u00bb#FFFFFF\u00bb custom_margin=\u00bb0px||0px||false|false\u00bb custom_padding=\u00bb0px||0px||false|false\u00bb global_colors_info=\u00bb{}\u00bb theme_builder_area=\u00bbpost_content\u00bb][et_pb_row _builder_version=\u00bb4.16&#8243; custom_margin=\u00bb0px||0px||false|false\u00bb custom_padding=\u00bb0px||0px||false|false\u00bb global_colors_info=\u00bb{}\u00bb theme_builder_area=\u00bbpost_content\u00bb][et_pb_column type=\u00bb4_4&#8243; _builder_version=\u00bb4.16&#8243; global_colors_info=\u00bb{}\u00bb theme_builder_area=\u00bbpost_content\u00bb][et_pb_image src=\u00bbhttps:\/\/museus.esplugues.cat\/wp-content\/uploads\/2023\/03\/Premi-Teresa-Jansana.Web_.png\u00bb title_text=\u00bbPremi Teresa Jansana.Web\u00bb align=\u00bbcenter\u00bb _builder_version=\u00bb4.16&#8243; global_colors_info=\u00bb{}\u00bb theme_builder_area=\u00bbpost_content\u00bb][\/et_pb_image][\/et_pb_column][\/et_pb_row][et_pb_row _builder_version=\u00bb4.16&#8243; background_color=\u00bbrgba(219,150,188,0.29)\u00bb custom_margin=\u00bb8px||||false|false\u00bb custom_padding=\u00bb5px||||false|false\u00bb border_radii=\u00bbon|20px|20px|20px|20px\u00bb border_color_all=\u00bb#DB96BC\u00bb global_colors_info=\u00bb{}\u00bb theme_builder_area=\u00bbpost_content\u00bb][et_pb_column type=\u00bb4_4&#8243; _builder_version=\u00bb4.16&#8243; global_colors_info=\u00bb{}\u00bb theme_builder_area=\u00bbpost_content\u00bb][et_pb_text _builder_version=\u00bb4.16&#8243; text_font=\u00bb|800|||||||\u00bb text_text_color=\u00bbrgba(0,0,0,0.72)\u00bb text_font_size=\u00bb27px\u00bb text_line_height=\u00bb1em\u00bb link_font=\u00bb||||on||||\u00bb link_text_color=\u00bb#FFFFFF\u00bb ul_font_size=\u00bb13px\u00bb ul_line_height=\u00bb20px\u00bb header_text_color=\u00bbRGBA(0,0,0,0)\u00bb header_letter_spacing=\u00bb7px\u00bb header_3_font=\u00bb|300||on|||||\u00bb background_layout=\u00bbdark\u00bb custom_margin=\u00bb0px||||false|false\u00bb custom_padding=\u00bb30px|6px||11px|false|false\u00bb border_color_all=\u00bbRGBA(255,255,255,0)\u00bb global_colors_info=\u00bb{}\u00bb theme_builder_area=\u00bbpost_content\u00bb]<\/p>\n<p style=\"text-align: center;\">I PREMIO DE INVESTIGACI\u00d3N TERESA JANSANA<\/p>\n<p>[\/et_pb_text][et_pb_divider color=\u00bb#db96bc\u00bb divider_weight=\u00bb2px\u00bb _builder_version=\u00bb4.16&#8243; _module_preset=\u00bbdefault\u00bb width=\u00bb35%\u00bb module_alignment=\u00bbcenter\u00bb custom_margin=\u00bb||-32px||false|false\u00bb global_colors_info=\u00bb{}\u00bb theme_builder_area=\u00bbpost_content\u00bb][\/et_pb_divider][et_pb_text _builder_version=\u00bb4.16&#8243; text_font=\u00bb||||||||\u00bb text_text_color=\u00bb#000000&#8243; text_font_size=\u00bb20px\u00bb text_line_height=\u00bb1.5em\u00bb link_font=\u00bb||||on||||\u00bb link_text_color=\u00bb#FFFFFF\u00bb ul_font_size=\u00bb13px\u00bb ul_line_height=\u00bb20px\u00bb header_text_color=\u00bbRGBA(0,0,0,0)\u00bb header_letter_spacing=\u00bb7px\u00bb header_3_font=\u00bb|300||on|||||\u00bb background_layout=\u00bbdark\u00bb custom_margin=\u00bb0px||||false|false\u00bb custom_padding=\u00bb30px|6px||11px|false|false\u00bb global_colors_info=\u00bb{}\u00bb theme_builder_area=\u00bbpost_content\u00bb]<\/p>\n<p style=\"text-align: center;\">Una nueva herramienta que quiere ser clave para el estudio hist\u00f3rico, desde una perspectiva feminista, de las mujeres de Esplugues a lo largo del tiempo en distintos \u00e1mbitos.<\/p>\n<p>[\/et_pb_text][\/et_pb_column][\/et_pb_row][\/et_pb_section][et_pb_section fb_built=\u00bb1&#8243; _builder_version=\u00bb4.16&#8243; background_color=\u00bb#FFFFFF\u00bb custom_margin=\u00bb0px||0px||false|false\u00bb custom_padding=\u00bb0px||0px||false|false\u00bb global_colors_info=\u00bb{}\u00bb theme_builder_area=\u00bbpost_content\u00bb][et_pb_row custom_padding_last_edited=\u00bbon|phone\u00bb disabled_on=\u00bboff|off|off\u00bb _builder_version=\u00bb4.16&#8243; background_color=\u00bbRGBA(255,255,255,0)\u00bb min_height=\u00bb68px\u00bb custom_margin=\u00bb0px||0px||false|false\u00bb custom_padding=\u00bb30px||0px||false|false\u00bb custom_padding_tablet=\u00bb\u00bb custom_padding_phone=\u00bb\u00bb border_color_bottom=\u00bb#8C944D\u00bb border_style_bottom=\u00bbdotted\u00bb global_colors_info=\u00bb{}\u00bb theme_builder_area=\u00bbpost_content\u00bb][et_pb_column type=\u00bb4_4&#8243; _builder_version=\u00bb4.16&#8243; background_color=\u00bbRGBA(255,255,255,0)\u00bb border_radii=\u00bbon|16px|16px|16px|16px\u00bb border_color_all=\u00bb#DB96BC\u00bb global_colors_info=\u00bb{}\u00bb theme_builder_area=\u00bbpost_content\u00bb][et_pb_text _builder_version=\u00bb4.16&#8243; _module_preset=\u00bbdefault\u00bb text_font=\u00bb|700||||on|||\u00bb text_text_color=\u00bb#db96bc\u00bb text_font_size=\u00bb25px\u00bb background_color=\u00bbRGBA(255,255,255,0)\u00bb min_height=\u00bb47px\u00bb custom_margin=\u00bb10px|-40px||0px|false|false\u00bb custom_padding=\u00bb||8px|11px|false|false\u00bb border_radii=\u00bbon|11px|11px|11px|11px\u00bb global_colors_info=\u00bb{}\u00bb theme_builder_area=\u00bbpost_content\u00bb]<\/p>\n<p style=\"text-align: left;\">Presentaci\u00f3n<\/p>\n<p>[\/et_pb_text][et_pb_divider color=\u00bb#DB96BC\u00bb _builder_version=\u00bb4.16&#8243; _module_preset=\u00bbdefault\u00bb global_colors_info=\u00bb{}\u00bb theme_builder_area=\u00bbpost_content\u00bb][\/et_pb_divider][\/et_pb_column][\/et_pb_row][et_pb_row custom_padding_last_edited=\u00bbon|phone\u00bb disabled_on=\u00bboff|off|off\u00bb _builder_version=\u00bb4.16&#8243; background_color=\u00bb#FFFFFF\u00bb min_height=\u00bb68px\u00bb custom_margin=\u00bb0px||0px||false|false\u00bb custom_padding=\u00bb30px||0px||false|false\u00bb custom_padding_tablet=\u00bb\u00bb custom_padding_phone=\u00bb\u00bb border_color_bottom=\u00bb#8C944D\u00bb border_style_bottom=\u00bbdotted\u00bb global_colors_info=\u00bb{}\u00bb theme_builder_area=\u00bbpost_content\u00bb][et_pb_column type=\u00bb4_4&#8243; _builder_version=\u00bb4.16&#8243; global_colors_info=\u00bb{}\u00bb theme_builder_area=\u00bbpost_content\u00bb][et_pb_text _builder_version=\u00bb4.16&#8243; _module_preset=\u00bbdefault\u00bb text_font_size=\u00bb15px\u00bb global_colors_info=\u00bb{}\u00bb theme_builder_area=\u00bbpost_content\u00bb]<\/p>\n<p>El Ayuntamiento de Esplugues de Llobregat convoca este a\u00f1o por primera vez el Premio de investigaci\u00f3n \u00abTeresa Jansana\u00bb, con una dotaci\u00f3n econ\u00f3mica de 2.000 euros.<\/p>\n<p>El proyecto del Premio de Investigaci\u00f3n \u201cTeresa Jansana\u201d nace del Servicio de Patrimonio Cultural con el objetivo de ofrecer un instrumento para la investigaci\u00f3n hist\u00f3rica y el conocimiento, desde una perspectiva feminista, de la presencia en Esplugues de les dones en distintos temas de estudio propuestos en cada convocatoria.<\/p>\n<p>El Premio toma el nombre de Tersa Jansana, una trabajadora an\u00f3nima de la f\u00e1brica de cer\u00e1mica \u00abLa Rajoleta\u00bb en los a\u00f1os 20 del siglo pasado; queriendo simbolizar de esta manera la recuperaci\u00f3n del olvido injusto de muchas mujeres.<\/p>\n<p>Las bases reguladoras de este premio fueron aprobadas por la Junta de Gobierno del Ayuntamiento de Esplugues con fecha 10 de febrero de 2023, y la convocatoria de este a\u00f1o, el 24 de febrero de 2023.<\/p>\n<p>Este premio se enmarca en los ejes del Plan de Pol\u00edticas de Mujeres y de Igualdad de Esplugues y se coordina a trav\u00e9s de los Servicio de Patrimonio Cultural y Memoria Democr\u00e1tica.<\/p>\n<p>El Ayuntamiento de Esplugues de Llobregat convoca este a\u00f1o por primera vez el Premio de investigaci\u00f3n \u00abTeresa Jansana\u00bb, con una dotaci\u00f3n econ\u00f3mica de 2.000 euros.<\/p>\n<p>El proyecto del Premio nace del Servicio de Patrimonio Cultural con el objetivo de ofrecer un instrumento para la investigaci\u00f3n hist\u00f3rica y el conocimiento, desde una perspectiva feminista, de la presencia en Esplugues de les dones en distintos temas de estudio propuestos en cada convocatoria.<\/p>\n<p>El Premio toma el nombre de Tersa Jansana, una trabajadora an\u00f3nima de la f\u00e1brica de cer\u00e1mica \u00abLa Rajoleta\u00bb en los a\u00f1os 20 del siglo pasado; queriendo simbolizar de esta manera la recuperaci\u00f3n del olvido injusto de muchas mujeres.<\/p>\n<p>Las bases reguladoras de este premio fueron aprobadas por la Junta de Gobierno del Ayuntamiento de Esplugues con fecha 10 de febrero de 2023, y la convocatoria de este a\u00f1o, el 24 de febrero de 2023.<\/p>\n<p>Este premio se enmarca en los ejes del Plan de Pol\u00edticas de Mujeres y de Igualdad de Esplugues y se coordina a trav\u00e9s de los Servicio de Patrimonio Cultural y Memoria Democr\u00e1tica.<\/p>\n<p>La presentaci\u00f3n p\u00fablica del Premio tuv\u00f3 lugar el 29 de marzo de 2023 a las 18 h, en La Masoveria de Can Tintur\u00e9.<\/p>\n<p>[\/et_pb_text][\/et_pb_column][\/et_pb_row][et_pb_row custom_padding_last_edited=\u00bbon|phone\u00bb disabled_on=\u00bboff|off|off\u00bb _builder_version=\u00bb4.16&#8243; background_color=\u00bbRGBA(255,255,255,0)\u00bb min_height=\u00bb68px\u00bb custom_margin=\u00bb0px||0px||false|false\u00bb custom_padding=\u00bb30px||0px||false|false\u00bb custom_padding_tablet=\u00bb\u00bb custom_padding_phone=\u00bb\u00bb border_color_bottom=\u00bb#8C944D\u00bb border_style_bottom=\u00bbdotted\u00bb global_colors_info=\u00bb{}\u00bb theme_builder_area=\u00bbpost_content\u00bb][et_pb_column type=\u00bb4_4&#8243; _builder_version=\u00bb4.16&#8243; background_color=\u00bbRGBA(255,255,255,0)\u00bb border_radii=\u00bbon|16px|16px|16px|16px\u00bb border_color_all=\u00bb#DB96BC\u00bb global_colors_info=\u00bb{}\u00bb theme_builder_area=\u00bbpost_content\u00bb][et_pb_text _builder_version=\u00bb4.16&#8243; _module_preset=\u00bbdefault\u00bb text_font=\u00bb|700||||on|||\u00bb text_text_color=\u00bb#db96bc\u00bb text_font_size=\u00bb25px\u00bb background_color=\u00bbRGBA(255,255,255,0)\u00bb min_height=\u00bb47px\u00bb custom_margin=\u00bb5px|-40px|5px|0px|false|false\u00bb custom_padding=\u00bb8px||8px|11px|false|false\u00bb border_radii=\u00bbon|11px|11px|11px|11px\u00bb global_colors_info=\u00bb{}\u00bb theme_builder_area=\u00bbpost_content\u00bb]<\/p>\n<p>Contacto<\/p>\n<p>[\/et_pb_text][et_pb_divider color=\u00bb#DB96BC\u00bb _builder_version=\u00bb4.16&#8243; _module_preset=\u00bbdefault\u00bb global_colors_info=\u00bb{}\u00bb theme_builder_area=\u00bbpost_content\u00bb][\/et_pb_divider][\/et_pb_column][\/et_pb_row][et_pb_row column_structure=\u00bb1_3,1_3,1_3&#8243; use_custom_gutter=\u00bbon\u00bb gutter_width=\u00bb4&#8243; _builder_version=\u00bb4.16&#8243; background_color=\u00bb#FFFFFF\u00bb global_colors_info=\u00bb{}\u00bb theme_builder_area=\u00bbpost_content\u00bb][et_pb_column type=\u00bb1_3&#8243; _builder_version=\u00bb4.16&#8243; _module_preset=\u00bbdefault\u00bb global_colors_info=\u00bb{}\u00bb theme_builder_area=\u00bbpost_content\u00bb][et_pb_text _builder_version=\u00bb4.16&#8243; text_text_color=\u00bbRGBA(0,0,0,0.72)\u00bb global_colors_info=\u00bb{}\u00bb theme_builder_area=\u00bbpost_content\u00bb]<\/p>\n<p><strong>Informaci\u00f3n:<\/strong><\/p>\n<p>Museus d&#8217;Esplugues de Llobregat<\/p>\n<p>93 470 02 18 o <a href=\"mailto:museus@esplugues.cat\">museus@esplugues.cat<\/a><\/p>\n<p>Horario de atenci\u00f3n telef\u00f3nica:<\/p>\n<p>De lunes a viernes de 9 a 14 y de 17 a 20 h.<\/p>\n<p>[\/et_pb_text][\/et_pb_column][et_pb_column type=\u00bb1_3&#8243; _builder_version=\u00bb4.16&#8243; global_colors_info=\u00bb{}\u00bb theme_builder_area=\u00bbpost_content\u00bb][et_pb_text _builder_version=\u00bb4.16&#8243; text_text_color=\u00bbRGBA(0,0,0,0.72)\u00bb global_colors_info=\u00bb{}\u00bb theme_builder_area=\u00bbpost_content\u00bb]<\/p>\n<p>Consultas de documentaci\u00f3n:<\/p>\n<p>Archivo Municipal de Esplugues<\/p>\n<p>39 371 33 50 ( ext. 2113)<\/p>\n<p>Por consultas, concertaci\u00f3n de cita previa<\/p>\n<p>[\/et_pb_text][\/et_pb_column][et_pb_column type=\u00bb1_3&#8243; _builder_version=\u00bb4.16&#8243; global_colors_info=\u00bb{}\u00bb theme_builder_area=\u00bbpost_content\u00bb][\/et_pb_column][\/et_pb_row][\/et_pb_section]<\/p>\n","protected":false},"excerpt":{"rendered":"<p>Primera edici\u00f3n del Premio de investigaci\u00f3n Teresa Jansana.<br \/>\n2023.<br \/>\nLas trabajadoras de La Rajoleta<\/p>\n","protected":false},"author":1,"featured_media":36808,"parent":36816,"menu_order":0,"comment_status":"closed","ping_status":"closed","template":"","meta":{"_et_pb_use_builder":"on","_et_pb_old_content":"","_et_gb_content_width":"","_uag_custom_page_level_css":"","footnotes":""},"class_list":["post-39874","page","type-page","status-publish","has-post-thumbnail","hentry"],"uagb_featured_image_src":{"full":["https:\/\/museus.esplugues.cat\/wp-content\/uploads\/2023\/03\/Premi-Teresa-Jansana.Web_.png",1080,350,false],"thumbnail":["https:\/\/museus.esplugues.cat\/wp-content\/uploads\/2023\/03\/Premi-Teresa-Jansana.Web_-80x80.png",80,80,true],"medium":["https:\/\/museus.esplugues.cat\/wp-content\/uploads\/2023\/03\/Premi-Teresa-Jansana.Web_-300x97.png",300,97,true],"medium_large":["https:\/\/museus.esplugues.cat\/wp-content\/uploads\/2023\/03\/Premi-Teresa-Jansana.Web_-768x249.png",768,249,true],"large":["https:\/\/museus.esplugues.cat\/wp-content\/uploads\/2023\/03\/Premi-Teresa-Jansana.Web_-1030x334.png",1030,334,true],"1536x1536":["https:\/\/museus.esplugues.cat\/wp-content\/uploads\/2023\/03\/Premi-Teresa-Jansana.Web_.png",1080,350,false],"2048x2048":["https:\/\/museus.esplugues.cat\/wp-content\/uploads\/2023\/03\/Premi-Teresa-Jansana.Web_.png",1080,350,false],"et-pb-post-main-image":["https:\/\/museus.esplugues.cat\/wp-content\/uploads\/2023\/03\/Premi-Teresa-Jansana.Web_-400x250.png",400,250,true],"et-pb-post-main-image-fullwidth":["https:\/\/museus.esplugues.cat\/wp-content\/uploads\/2023\/03\/Premi-Teresa-Jansana.Web_.png",1080,350,false],"et-pb-portfolio-image":["https:\/\/museus.esplugues.cat\/wp-content\/uploads\/2023\/03\/Premi-Teresa-Jansana.Web_-400x284.png",400,284,true],"et-pb-portfolio-module-image":["https:\/\/museus.esplugues.cat\/wp-content\/uploads\/2023\/03\/Premi-Teresa-Jansana.Web_-510x350.png",510,350,true],"et-pb-portfolio-image-single":["https:\/\/museus.esplugues.cat\/wp-content\/uploads\/2023\/03\/Premi-Teresa-Jansana.Web_.png",1080,350,false],"et-pb-gallery-module-image-portrait":["https:\/\/museus.esplugues.cat\/wp-content\/uploads\/2023\/03\/Premi-Teresa-Jansana.Web_-400x350.png",400,350,true],"et-pb-post-main-image-fullwidth-large":["https:\/\/museus.esplugues.cat\/wp-content\/uploads\/2023\/03\/Premi-Teresa-Jansana.Web_.png",1080,350,false],"et-pb-image--responsive--desktop":["https:\/\/museus.esplugues.cat\/wp-content\/uploads\/2023\/03\/Premi-Teresa-Jansana.Web_.png",1080,350,false],"et-pb-image--responsive--tablet":["https:\/\/museus.esplugues.cat\/wp-content\/uploads\/2023\/03\/Premi-Teresa-Jansana.Web_-980x318.png",980,318,true],"et-pb-image--responsive--phone":["https:\/\/museus.esplugues.cat\/wp-content\/uploads\/2023\/03\/Premi-Teresa-Jansana.Web_-480x156.png",480,156,true]},"uagb_author_info":{"display_name":"alpha","author_link":"https:\/\/museus.esplugues.cat\/es\/author\/alpha"},"uagb_comment_info":0,"uagb_excerpt":"Primera edici\u00f3n del Premio de investigaci\u00f3n Teresa Jansana. 2023. Las trabajadoras de La Rajoleta","_links":{"self":[{"href":"https:\/\/museus.esplugues.cat\/es\/wp-json\/wp\/v2\/pages\/39874","targetHints":{"allow":["GET"]}}],"collection":[{"href":"https:\/\/museus.esplugues.cat\/es\/wp-json\/wp\/v2\/pages"}],"about":[{"href":"https:\/\/museus.esplugues.cat\/es\/wp-json\/wp\/v2\/types\/page"}],"author":[{"embeddable":true,"href":"https:\/\/museus.esplugues.cat\/es\/wp-json\/wp\/v2\/users\/1"}],"replies":[{"embeddable":true,"href":"https:\/\/museus.esplugues.cat\/es\/wp-json\/wp\/v2\/comments?post=39874"}],"version-history":[{"count":5,"href":"https:\/\/museus.esplugues.cat\/es\/wp-json\/wp\/v2\/pages\/39874\/revisions"}],"predecessor-version":[{"id":39881,"href":"https:\/\/museus.esplugues.cat\/es\/wp-json\/wp\/v2\/pages\/39874\/revisions\/39881"}],"up":[{"embeddable":true,"href":"https:\/\/museus.esplugues.cat\/es\/wp-json\/wp\/v2\/pages\/36816"}],"wp:featuredmedia":[{"embeddable":true,"href":"https:\/\/museus.esplugues.cat\/es\/wp-json\/wp\/v2\/media\/36808"}],"wp:attachment":[{"href":"https:\/\/museus.esplugues.cat\/es\/wp-json\/wp\/v2\/media?parent=39874"}],"curies":[{"name":"wp","href":"https:\/\/api.w.org\/{rel}","templated":true}]}}