{"id":46609,"date":"2026-02-04T12:36:26","date_gmt":"2026-02-04T11:36:26","guid":{"rendered":"https:\/\/museus.esplugues.cat\/?page_id=46609"},"modified":"2026-02-18T12:01:23","modified_gmt":"2026-02-18T11:01:23","slug":"gallissa-un-modernista-neogotic","status":"publish","type":"page","link":"https:\/\/museus.esplugues.cat\/es\/exposiciones-temporales\/gallissa-un-modernista-neogotic","title":{"rendered":"Galliss\u00e0. Un modernista neog\u00f2tic"},"content":{"rendered":"<p>[et_pb_section fb_built=\u00bb1&#8243; _builder_version=\u00bb4.27.4&#8243; background_color=\u00bb#f5dfc8&#8243; custom_margin=\u00bb0px||0px||false|false\u00bb custom_padding=\u00bb0px||0px||false|false\u00bb global_colors_info=\u00bb{}\u00bb][et_pb_row _builder_version=\u00bb4.27.4&#8243; custom_margin=\u00bb0px||0px||false|false\u00bb custom_padding=\u00bb0px||0px||false|false\u00bb global_colors_info=\u00bb{}\u00bb][et_pb_column type=\u00bb4_4&#8243; _builder_version=\u00bb4.16&#8243; global_colors_info=\u00bb{}\u00bb][et_pb_image src=\u00bbhttps:\/\/museus.esplugues.cat\/wp-content\/uploads\/2026\/02\/Slider-side-1080-x-350.png\u00bb title_text=\u00bbSlider side 1080 x 350&#8243; align=\u00bbcenter\u00bb _builder_version=\u00bb4.27.4&#8243; background_color=\u00bbRGBA(255,255,255,0)\u00bb global_colors_info=\u00bb{}\u00bb][\/et_pb_image][\/et_pb_column][\/et_pb_row][\/et_pb_section][et_pb_section fb_built=\u00bb1&#8243; _builder_version=\u00bb4.16&#8243; background_color=\u00bb#FFFFFF\u00bb custom_margin=\u00bb0px||0px||false|false\u00bb custom_padding=\u00bb0px||0px||false|false\u00bb global_colors_info=\u00bb{}\u00bb][et_pb_row use_custom_gutter=\u00bbon\u00bb gutter_width=\u00bb4&#8243; _builder_version=\u00bb4.23.1&#8243; background_color=\u00bbRGBA(255,255,255,0)\u00bb global_colors_info=\u00bb{}\u00bb][et_pb_column type=\u00bb4_4&#8243; _builder_version=\u00bb4.16&#8243; global_colors_info=\u00bb{}\u00bb][et_pb_text _builder_version=\u00bb4.27.4&#8243; _module_preset=\u00bbdefault\u00bb text_font=\u00bb|600|||||||\u00bb text_text_color=\u00bb#000000&#8243; text_font_size=\u00bb20px\u00bb hover_enabled=\u00bb0&#8243; global_colors_info=\u00bb{}\u00bb sticky_enabled=\u00bb0&#8243;]<\/p>\n<p>Redescubrimos al arquitecto que qued\u00f3 eclipsado por los grandes nombres de su \u00e9poca, pero que dej\u00f3 una huella decisiva en el Modernismo, en el arte de la cer\u00e1mica aplicada a la arquitectura y en Esplugues:<\/p>\n<p>[\/et_pb_text][et_pb_text _builder_version=\u00bb4.27.4&#8243; _module_preset=\u00bbdefault\u00bb text_font=\u00bb|800|||||||\u00bb text_text_color=\u00bb#8bac7f\u00bb text_font_size=\u00bb29px\u00bb global_colors_info=\u00bb{}\u00bb]<\/p>\n<p>Antoni Maria Galliss\u00e0 i Soqu\u00e9<\/p>\n<p>[\/et_pb_text][\/et_pb_column][\/et_pb_row][et_pb_row column_structure=\u00bb3_5,2_5&#8243; use_custom_gutter=\u00bbon\u00bb gutter_width=\u00bb4&#8243; _builder_version=\u00bb4.27.4&#8243; background_color=\u00bbRGBA(255,255,255,0)\u00bb global_colors_info=\u00bb{}\u00bb][et_pb_column type=\u00bb3_5&#8243; _builder_version=\u00bb4.16&#8243; global_colors_info=\u00bb{}\u00bb][et_pb_image src=\u00bbhttps:\/\/museus.esplugues.cat\/wp-content\/uploads\/2026\/02\/cenefa.png\u00bb title_text=\u00bbcenefa\u00bb _builder_version=\u00bb4.27.4&#8243; _module_preset=\u00bbdefault\u00bb global_colors_info=\u00bb{}\u00bb][\/et_pb_image][et_pb_text _builder_version=\u00bb4.27.4&#8243; _module_preset=\u00bbdefault\u00bb hover_enabled=\u00bb0&#8243; global_colors_info=\u00bb{}\u00bb sticky_enabled=\u00bb0&#8243;]<\/p>\n<p data-start=\"98\" data-end=\"333\">Esta exposici\u00f3n arroja luz sobre la figura de un arquitecto a menudo eclipsado por los grandes nombres de su \u00e9poca. Un creador discreto pero esencial en el nacimiento del Modernismo y en la recuperaci\u00f3n de la cer\u00e1mica aplicada a la arquitectura.<\/p>\n<p data-start=\"340\" data-end=\"656\">A trav\u00e9s de su legado, descubrimos un enfoque de la arquitectura en el que dialogan el arte y la artesan\u00eda, y en el que la colaboraci\u00f3n con la f\u00e1brica Pujol i Bausis dio lugar a una de las joyas patrimoniales de la ciudad: Can Casanovas, un edificio \u00fanico que a\u00fan hoy habla del talento y la sensibilidad de aquella \u00e9poca.<\/p>\n<p>[\/et_pb_text][et_pb_text _builder_version=\u00bb4.27.4&#8243; _module_preset=\u00bbdefault\u00bb text_font=\u00bb|700|||||||\u00bb text_text_color=\u00bb#FFFFFF\u00bb text_font_size=\u00bb19px\u00bb background_color=\u00bb#e2ae37&#8243; custom_margin=\u00bb0px|||0px|false|false\u00bb custom_padding=\u00bb|||7px|false|false\u00bb hover_enabled=\u00bb0&#8243; global_colors_info=\u00bb{}\u00bb sticky_enabled=\u00bb0&#8243;]<\/p>\n<p style=\"text-align: left;\">Informaci\u00f3n pr\u00e1ctica<\/p>\n<p>[\/et_pb_text][et_pb_text _builder_version=\u00bb4.27.4&#8243; hover_enabled=\u00bb0&#8243; global_colors_info=\u00bb{}\u00bb sticky_enabled=\u00bb0&#8243;]<\/p>\n<p><strong>A partir del 20 de febrero de 2026<\/strong><\/p>\n<p>Museo Can Tintur\u00e9<\/p>\n<p>Entrada gratuita<\/p>\n<p>Horario:<\/p>\n<ul>\n<li>De martes a viernes, de 17:00 a 20:00.<\/li>\n<li>S\u00e1bados, de 10:00 a 14:00 y de 17:00 a 20:00.<\/li>\n<li>Domingos y festivos, de 10:00 a 14:00.<\/li>\n<li>Cerrado los lunes.<\/li>\n<\/ul>\n<p>[\/et_pb_text][et_pb_social_media_follow _builder_version=\u00bb4.27.4&#8243; _module_preset=\u00bbdefault\u00bb background_color=\u00bbRGBA(255,255,255,0)\u00bb text_orientation=\u00bbleft\u00bb custom_margin=\u00bb0px|||7px|false|false\u00bb custom_padding=\u00bb9px||||false|false\u00bb global_colors_info=\u00bb{}\u00bb][et_pb_social_media_follow_network social_network=\u00bbfacebook\u00bb url=\u00bbhttps:\/\/www.facebook.com\/MuseusdEsplugues\u00bb _builder_version=\u00bb4.16&#8243; _module_preset=\u00bbdefault\u00bb background_color=\u00bb#3b5998&#8243; global_colors_info=\u00bb{}\u00bb follow_button=\u00bboff\u00bb url_new_window=\u00bbon\u00bb]facebook[\/et_pb_social_media_follow_network][et_pb_social_media_follow_network social_network=\u00bbtwitter\u00bb url=\u00bbhttps:\/\/twitter.com\/MuseusEsplugues\u00bb _builder_version=\u00bb4.22.2&#8243; _module_preset=\u00bbdefault\u00bb background_color=\u00bb#000000&#8243; global_colors_info=\u00bb{}\u00bb follow_button=\u00bboff\u00bb url_new_window=\u00bbon\u00bb]twitter[\/et_pb_social_media_follow_network][et_pb_social_media_follow_network social_network=\u00bbinstagram\u00bb url=\u00bbhttps:\/\/www.instagram.com\/museus_esplugues\/\u00bb use_icon_font_size=\u00bbon\u00bb _builder_version=\u00bb4.16&#8243; _module_preset=\u00bbdefault\u00bb background_color=\u00bb#ea2c59&#8243; global_colors_info=\u00bb{}\u00bb follow_button=\u00bboff\u00bb url_new_window=\u00bbon\u00bb]instagram[\/et_pb_social_media_follow_network][et_pb_social_media_follow_network social_network=\u00bbyoutube\u00bb url=\u00bbhttps:\/\/www.youtube.com\/channel\/UCneJk88G-0_2BfEpKvvOkVA\u00bb _builder_version=\u00bb4.16&#8243; _module_preset=\u00bbdefault\u00bb background_color=\u00bb#a82400&#8243; global_colors_info=\u00bb{}\u00bb follow_button=\u00bboff\u00bb url_new_window=\u00bbon\u00bb]youtube[\/et_pb_social_media_follow_network][\/et_pb_social_media_follow][\/et_pb_column][et_pb_column type=\u00bb2_5&#8243; _builder_version=\u00bb4.16&#8243; global_colors_info=\u00bb{}\u00bb][et_pb_image src=\u00bbhttps:\/\/museus.esplugues.cat\/wp-content\/uploads\/2026\/02\/3.-Retrat-Gallissa.jpg\u00bb title_text=\u00bb3. Retrat Galliss\u00e0\u00bb align=\u00bbcenter\u00bb disabled_on=\u00bboff|on|off\u00bb _builder_version=\u00bb4.27.4&#8243; _module_preset=\u00bbdefault\u00bb width=\u00bb76%\u00bb global_colors_info=\u00bb{}\u00bb][\/et_pb_image][et_pb_text _builder_version=\u00bb4.27.4&#8243; _module_preset=\u00bbdefault\u00bb text_text_color=\u00bbrgba(255,255,255,0.92)\u00bb text_font_size=\u00bb15px\u00bb background_color=\u00bb#e2ae38&#8243; custom_padding=\u00bb|||12px|false|false\u00bb hover_enabled=\u00bb0&#8243; border_radii=\u00bbon|16px|16px|16px|16px\u00bb global_colors_info=\u00bb{}\u00bb sticky_enabled=\u00bb0&#8243;]<\/p>\n<p><strong>Antoni Maria Galliss\u00e0 i Soqu\u00e9 <\/strong><\/p>\n<p><em>Barcelona, 1861-1903. Arquitecto y profesor, dise\u00f1ador gr\u00e1fico, historiador, coleccionista, fot\u00f3grafo, alpinista y pol\u00edtico.<\/em><\/p>\n<p>[\/et_pb_text][et_pb_text _builder_version=\u00bb4.27.4&#8243; _module_preset=\u00bbdefault\u00bb text_font=\u00bb|300|on||||||\u00bb text_font_size=\u00bb12px\u00bb hover_enabled=\u00bb0&#8243; global_colors_info=\u00bb{}\u00bb sticky_enabled=\u00bb0&#8243;]<\/p>\n<p>Retrato de Antoni Maria Galliss\u00e0 i Soqu\u00e9.<\/p>\n<p><em>La Il\u00b7lustraci\u00f3 Catalana<\/em> (15 de mayo de 1903)<\/p>\n<p>[\/et_pb_text][\/et_pb_column][\/et_pb_row][\/et_pb_section][et_pb_section fb_built=\u00bb1&#8243; _builder_version=\u00bb4.16&#8243; background_color=\u00bb#FFFFFF\u00bb custom_margin=\u00bb0px||0px||false|false\u00bb custom_padding=\u00bb0px||0px||false|false\u00bb global_colors_info=\u00bb{}\u00bb][et_pb_row use_custom_gutter=\u00bbon\u00bb gutter_width=\u00bb4&#8243; _builder_version=\u00bb4.16&#8243; background_color=\u00bb#FFFFFF\u00bb global_colors_info=\u00bb{}\u00bb][et_pb_column type=\u00bb4_4&#8243; _builder_version=\u00bb4.16&#8243; global_colors_info=\u00bb{}\u00bb][et_pb_text _builder_version=\u00bb4.27.4&#8243; _module_preset=\u00bbdefault\u00bb text_font=\u00bb|700|||||||\u00bb text_text_color=\u00bb#FFFFFF\u00bb text_font_size=\u00bb19px\u00bb background_color=\u00bb#5067AC\u00bb custom_margin=\u00bb0px|||0px|false|false\u00bb custom_padding=\u00bb|||7px|false|false\u00bb hover_enabled=\u00bb0&#8243; global_colors_info=\u00bb{}\u00bb sticky_enabled=\u00bb0&#8243;]<\/p>\n<p style=\"text-align: left;\">La exposici\u00f3n<\/p>\n<p>[\/et_pb_text][\/et_pb_column][\/et_pb_row][et_pb_row column_structure=\u00bb3_4,1_4&#8243; use_custom_gutter=\u00bbon\u00bb gutter_width=\u00bb4&#8243; disabled_on=\u00bboff|off|off\u00bb _builder_version=\u00bb4.27.4&#8243; background_color=\u00bb#FFFFFF\u00bb global_colors_info=\u00bb{}\u00bb][et_pb_column type=\u00bb3_4&#8243; _builder_version=\u00bb4.16&#8243; global_colors_info=\u00bb{}\u00bb][et_pb_text _builder_version=\u00bb4.27.4&#8243; text_font=\u00bb|600|||||||\u00bb text_text_color=\u00bb#6D6D6D\u00bb text_font_size=\u00bb16px\u00bb text_line_height=\u00bb1.5em\u00bb link_font=\u00bb||||on||||\u00bb link_text_color=\u00bb#FFFFFF\u00bb ul_font_size=\u00bb13px\u00bb ul_line_height=\u00bb20px\u00bb header_text_color=\u00bbRGBA(0,0,0,0)\u00bb header_letter_spacing=\u00bb7px\u00bb header_3_font=\u00bb|300||on|||||\u00bb background_layout=\u00bbdark\u00bb custom_margin=\u00bb0px||||false|false\u00bb custom_padding=\u00bb30px|6px||11px|false|false\u00bb hover_enabled=\u00bb0&#8243; global_colors_info=\u00bb{}\u00bb sticky_enabled=\u00bb0&#8243;]<\/p>\n<p>Esta exposici\u00f3n nos invita a descubrir la figura de Antoni Maria Galliss\u00e0 i Soqu\u00e9 (1861-1903), un arquitecto clave para comprender el nacimiento del modernismo, cuya carrera se vio truncada por su prematura muerte a los 41 a\u00f1os.<\/p>\n<p>La obra de Galliss\u00e0 se enmarca en la Catalu\u00f1a de finales del siglo XIX, un periodo turbulento y vibrante definido por tres ejes principales: la Renaixen\u00e7a cultural, la Revoluci\u00f3n Industrial y el nacimiento del nacionalismo pol\u00edtico catal\u00e1n.<\/p>\n<p>[\/et_pb_text][et_pb_text _builder_version=\u00bb4.27.4&#8243; _module_preset=\u00bbdefault\u00bb hover_enabled=\u00bb0&#8243; global_colors_info=\u00bb{}\u00bb sticky_enabled=\u00bb0&#8243;]<\/p>\n<p>Disc\u00edpulo de Llu\u00eds Dom\u00e8nech i Montaner, Galliss\u00e0 fue mucho m\u00e1s all\u00e1 de la arquitectura: fue dise\u00f1ador, historiador, pol\u00edtico y alpinista. Todas estas facetas convergen en su enfoque de la arquitectura.<\/p>\n<p>Encontr\u00f3 en la Edad Media su principal fuente de inspiraci\u00f3n, que supo plasmar tanto en sus obras arquitect\u00f3nicas como en su trabajo como dise\u00f1ador de modelos cer\u00e1micos aplicados: azulejos, paneles y elementos decorativos.<\/p>\n<p>Su participaci\u00f3n en la Exposici\u00f3n Universal de 1888 fue fundamental. Posteriormente dirigi\u00f3 los talleres experimentales del \u00abCastell dels Tres Dragons\u00bb, con el objetivo de recuperar las t\u00e9cnicas artesanales aplicadas a las artes decorativas y la producci\u00f3n contempor\u00e1nea.<\/p>\n<p>[\/et_pb_text][et_pb_text _builder_version=\u00bb4.27.4&#8243; _module_preset=\u00bbdefault\u00bb hover_enabled=\u00bb0&#8243; global_colors_info=\u00bb{}\u00bb sticky_enabled=\u00bb0&#8243;]<\/p>\n<p>Cer\u00e1mica y arquitectura<\/p>\n<p>La exposici\u00f3n se centra en dos \u00e1reas principales de su obra:<br \/>\u2014 Su colaboraci\u00f3n con la f\u00e1brica de cer\u00e1mica Hijo de Jaime Pujol y Bausis.<br \/>\u2014 Su papel como arquitecto en el proyecto modernista de Can Casanovas (Esplugues de Llobregat).<\/p>\n<p>[\/et_pb_text][\/et_pb_column][et_pb_column type=\u00bb1_4&#8243; _builder_version=\u00bb4.16&#8243; global_colors_info=\u00bb{}\u00bb][et_pb_image src=\u00bbhttps:\/\/museus.esplugues.cat\/wp-content\/uploads\/2026\/02\/Columna.png\u00bb title_text=\u00bbColumna\u00bb disabled_on=\u00bbon|on|off\u00bb _builder_version=\u00bb4.27.4&#8243; _module_preset=\u00bbdefault\u00bb global_colors_info=\u00bb{}\u00bb][\/et_pb_image][\/et_pb_column][\/et_pb_row][et_pb_row column_structure=\u00bb1_2,1_2&#8243; _builder_version=\u00bb4.27.4&#8243; _module_preset=\u00bbdefault\u00bb global_colors_info=\u00bb{}\u00bb][et_pb_column type=\u00bb1_2&#8243; _builder_version=\u00bb4.27.4&#8243; _module_preset=\u00bbdefault\u00bb global_colors_info=\u00bb{}\u00bb][et_pb_text _builder_version=\u00bb4.27.4&#8243; _module_preset=\u00bbdefault\u00bb hover_enabled=\u00bb0&#8243; global_colors_info=\u00bb{}\u00bb sticky_enabled=\u00bb0&#8243;]<\/p>\n<p><strong>Galliss\u00e0, dise\u00f1ador<\/strong><\/p>\n<p>En la primera secci\u00f3n se presenta un conjunto importante de proyectos de dise\u00f1o cer\u00e1mico de inspiraci\u00f3n g\u00f3tica realizados exclusivamente en Esplugues. La investigaci\u00f3n ha permitido construir una narrativa continua que va desde el proyecto inicial hasta las piezas terminadas, pasando por los cat\u00e1logos comerciales de la f\u00e1brica.<\/p>\n<p>Aunque su carrera fue lamentablemente corta, el conjunto de su obra nos permite seguir la evoluci\u00f3n de su lenguaje formal: desde modelos m\u00e1s puristas, fieles a la tradici\u00f3n g\u00f3tica, hasta propuestas con formas m\u00e1s estilizadas y colores m\u00e1s llamativos.<\/p>\n<p>[\/et_pb_text][\/et_pb_column][et_pb_column type=\u00bb1_2&#8243; _builder_version=\u00bb4.27.4&#8243; _module_preset=\u00bbdefault\u00bb global_colors_info=\u00bb{}\u00bb][et_pb_text _builder_version=\u00bb4.27.4&#8243; _module_preset=\u00bbdefault\u00bb hover_enabled=\u00bb0&#8243; global_colors_info=\u00bb{}\u00bb sticky_enabled=\u00bb0&#8243;]<\/p>\n<p><strong>Can Casanovas: un proyecto inacabado<\/strong><\/p>\n<p>La exposici\u00f3n dedica una secci\u00f3n destacada a Can Casanovas, el gran proyecto de renovaci\u00f3n modernista que Galliss\u00e0 no pudo completar. La muestra recupera la memoria de este edificio, recientemente adquirido por el Ayuntamiento, que tiene un gran valor patrimonial y una larga historia, a menudo desconocida.<\/p>\n<p>Aunque lo que vemos hoy en d\u00eda difiere del proyecto original debido a las vicisitudes hist\u00f3ricas, el edificio incorporaba cer\u00e1mica, vidrieras, hierro forjado y pintura mural. Si bien los frisos interiores no han sobrevivido, el exterior a\u00fan conserva modelos cer\u00e1micos dise\u00f1ados por el propio Galliss\u00e0, testimonio de su universo creativo.<\/p>\n<p>[\/et_pb_text][\/et_pb_column][\/et_pb_row][et_pb_row column_structure=\u00bb1_3,1_3,1_3&#8243; disabled_on=\u00bbon|on|off\u00bb _builder_version=\u00bb4.27.4&#8243; _module_preset=\u00bbdefault\u00bb background_color=\u00bb#f4dec7&#8243; width=\u00bb100%\u00bb border_radii=\u00bbon|16px|16px|16px|16px\u00bb global_colors_info=\u00bb{}\u00bb][et_pb_column type=\u00bb1_3&#8243; _builder_version=\u00bb4.23.1&#8243; _module_preset=\u00bbdefault\u00bb global_colors_info=\u00bb{}\u00bb][et_pb_image src=\u00bbhttps:\/\/museus.esplugues.cat\/wp-content\/uploads\/2026\/02\/12.4.plafo_web_3.jpg\u00bb title_text=\u00bbDise\u00f1o sin t\u00edtulo &#8211; 1&#8243; align=\u00bbcenter\u00bb _builder_version=\u00bb4.27.4&#8243; _module_preset=\u00bbdefault\u00bb width=\u00bb50%\u00bb global_colors_info=\u00bb{}\u00bb][\/et_pb_image][\/et_pb_column][et_pb_column type=\u00bb1_3&#8243; _builder_version=\u00bb4.23.1&#8243; _module_preset=\u00bbdefault\u00bb global_colors_info=\u00bb{}\u00bb][et_pb_image src=\u00bbhttps:\/\/museus.esplugues.cat\/wp-content\/uploads\/2026\/02\/12.4.plafo_web_2.jpg\u00bb title_text=\u00bbDise\u00f1o sin t\u00edtulo &#8211; 1&#8243; align=\u00bbcenter\u00bb _builder_version=\u00bb4.27.4&#8243; _module_preset=\u00bbdefault\u00bb width=\u00bb50%\u00bb global_colors_info=\u00bb{}\u00bb][\/et_pb_image][\/et_pb_column][et_pb_column type=\u00bb1_3&#8243; _builder_version=\u00bb4.23.1&#8243; _module_preset=\u00bbdefault\u00bb global_colors_info=\u00bb{}\u00bb][et_pb_image src=\u00bbhttps:\/\/museus.esplugues.cat\/wp-content\/uploads\/2026\/02\/12.4.plafo_web.jpg\u00bb title_text=\u00bbDise\u00f1o sin t\u00edtulo &#8211; 1&#8243; align=\u00bbcenter\u00bb _builder_version=\u00bb4.27.4&#8243; _module_preset=\u00bbdefault\u00bb width=\u00bb50%\u00bb global_colors_info=\u00bb{}\u00bb][\/et_pb_image][\/et_pb_column][\/et_pb_row][\/et_pb_section][et_pb_section fb_built=\u00bb1&#8243; _builder_version=\u00bb4.16&#8243; background_color=\u00bb#FFFFFF\u00bb global_colors_info=\u00bb{}\u00bb][et_pb_row use_custom_gutter=\u00bbon\u00bb gutter_width=\u00bb4&#8243; _builder_version=\u00bb4.16&#8243; background_color=\u00bb#FFFFFF\u00bb global_colors_info=\u00bb{}\u00bb][et_pb_column type=\u00bb4_4&#8243; _builder_version=\u00bb4.16&#8243; global_colors_info=\u00bb{}\u00bb][et_pb_text _builder_version=\u00bb4.27.4&#8243; _module_preset=\u00bbdefault\u00bb text_font=\u00bb|700|||||||\u00bb text_text_color=\u00bb#FFFFFF\u00bb text_font_size=\u00bb19px\u00bb background_color=\u00bb#8BAC7F\u00bb custom_margin=\u00bb0px|||0px|false|false\u00bb custom_padding=\u00bb|||7px|false|false\u00bb global_colors_info=\u00bb{}\u00bb]<\/p>\n<p style=\"text-align: left;\">Activitats<\/p>\n<p>[\/et_pb_text][\/et_pb_column][\/et_pb_row][et_pb_row column_structure=\u00bb1_2,1_2&#8243; disabled_on=\u00bboff|off|off\u00bb _builder_version=\u00bb4.16&#8243; _module_preset=\u00bbdefault\u00bb global_colors_info=\u00bb{}\u00bb][et_pb_column type=\u00bb1_2&#8243; _builder_version=\u00bb4.16&#8243; _module_preset=\u00bbdefault\u00bb border_width_all=\u00bb1px\u00bb border_width_top=\u00bb0px\u00bb border_color_right=\u00bb#283373&#8243; border_width_bottom=\u00bb0px\u00bb border_width_left=\u00bb0px\u00bb global_colors_info=\u00bb{}\u00bb][et_pb_text _builder_version=\u00bb4.27.4&#8243; _module_preset=\u00bbdefault\u00bb text_text_color=\u00bb#000000&#8243; hover_enabled=\u00bb0&#8243; global_colors_info=\u00bb{}\u00bb sticky_enabled=\u00bb0&#8243;]<\/p>\n<p><strong>Conferencia inaugural<\/strong><\/p>\n<p>Viernes, 20 de febrero, a las 18 h, en La Masoveria de Can Tintur\u00e9.<\/p>\n<p>A cargo de la comisaria de la exposici\u00f3n, Carme Comas Camacho.<\/p>\n<p>Entrada libre.<\/p>\n<p>[\/et_pb_text][\/et_pb_column][et_pb_column type=\u00bb1_2&#8243; _builder_version=\u00bb4.16&#8243; _module_preset=\u00bbdefault\u00bb background_color=\u00bb#FFFFFF\u00bb border_width_right=\u00bb1px\u00bb border_color_right=\u00bb#283373&#8243; global_colors_info=\u00bb{}\u00bb][et_pb_text _builder_version=\u00bb4.27.4&#8243; _module_preset=\u00bbdefault\u00bb text_text_color=\u00bb#000000&#8243; hover_enabled=\u00bb0&#8243; global_colors_info=\u00bb{}\u00bb sticky_enabled=\u00bb0&#8243;]<\/p>\n<p><strong>Visitas guiadas<\/strong><\/p>\n<p>Tercer o cuarto* domingo del mes a las 12 del mediod\u00eda, en el Museo Can Tintur\u00e9<\/p>\n<p>Descubra a Antoni Maria Galliss\u00e0 i Soqu\u00e9<br \/>Acomp\u00e1\u00f1enos en esta visita guiada y explore la trayectoria del arquitecto modernista.<\/p>\n<p>Conocer\u00e1s su obra en cer\u00e1mica y arquitectura, incluido el singular proyecto de Can Casanovas, y descubrir\u00e1s c\u00f3mo influy\u00f3 en el arte y el patrimonio de la ciudad.<\/p>\n<ul>\n<li>Precio: 3 \u20ac.<\/li>\n<li>Se recomienda reservar.<\/li>\n<li>Fechas disponibles:\n<ul>\n<li>15\/03 &#8211; 22\/03 &#8211; 19\/04 &#8211; 17\/05 &#8211; 24\/05 &#8211; 21\/06 &#8211; 19\/07 &#8211; 20\/09 &#8211; 18\/10<\/li>\n<\/ul>\n<\/li>\n<\/ul>\n<p>[\/et_pb_text][et_pb_button button_url=\u00bbhttps:\/\/forms.gle\/Q9PrRKfj5jCdyd159&#8243; button_text=\u00bbInscripcions obertes\u00bb button_alignment=\u00bbcenter\u00bb _builder_version=\u00bb4.27.4&#8243; _module_preset=\u00bbdefault\u00bb custom_button=\u00bbon\u00bb button_text_color=\u00bb#33333F\u00bb button_bg_color=\u00bb#8BAC7F\u00bb global_colors_info=\u00bb{%22gcid-primary-color%22:%91%22button_text_color__hover%22,%22button_text_color__hover%22%93}\u00bb][\/et_pb_button][et_pb_text _builder_version=\u00bb4.16&#8243; _module_preset=\u00bbdefault\u00bb global_colors_info=\u00bb{}\u00bb]<\/p>\n<p><em>La programaci\u00f3 s&#8217;actualitzar\u00e0 de manera per\u00edodica. Properament m\u00e9s activitats.<\/em><\/p>\n<p>[\/et_pb_text][\/et_pb_column][\/et_pb_row][\/et_pb_section][et_pb_section fb_built=\u00bb1&#8243; _builder_version=\u00bb4.27.4&#8243; background_color=\u00bb#F4DEC7&#8243; custom_margin=\u00bb0px||0px||false|false\u00bb custom_padding=\u00bb0px||0px||false|false\u00bb global_colors_info=\u00bb{}\u00bb][et_pb_row _builder_version=\u00bb4.16&#8243; custom_margin=\u00bb-16px||||false|false\u00bb global_colors_info=\u00bb{}\u00bb][et_pb_column type=\u00bb4_4&#8243; _builder_version=\u00bb4.16&#8243; global_colors_info=\u00bb{}\u00bb][et_pb_image src=\u00bbhttps:\/\/museus.esplugues.cat\/wp-content\/uploads\/2026\/02\/logos-Gallissa.png\u00bb title_text=\u00bblogos Gallissa\u00bb _builder_version=\u00bb4.27.4&#8243; _module_preset=\u00bbdefault\u00bb global_colors_info=\u00bb{}\u00bb][\/et_pb_image][\/et_pb_column][\/et_pb_row][\/et_pb_section]<\/p>\n","protected":false},"excerpt":{"rendered":"<p>Redescubrimos al arquitecto que qued\u00f3 eclipsado por los grandes nombres de su \u00e9poca, pero que dej\u00f3 una huella decisiva en el Modernismo, en el arte de la cer\u00e1mica aplicada a la arquitectura y en Esplugues:Antoni Maria Galliss\u00e0 i Soqu\u00e9Esta exposici\u00f3n arroja luz sobre la figura de un arquitecto a menudo eclipsado por los grandes nombres [&hellip;]<\/p>\n","protected":false},"author":1,"featured_media":46998,"parent":27989,"menu_order":0,"comment_status":"closed","ping_status":"closed","template":"","meta":{"_et_pb_use_builder":"on","_et_pb_old_content":"","_et_gb_content_width":"","_uag_custom_page_level_css":"","footnotes":""},"class_list":["post-46609","page","type-page","status-publish","has-post-thumbnail","hentry"],"uagb_featured_image_src":{"full":["https:\/\/museus.esplugues.cat\/wp-content\/uploads\/2026\/02\/Miniatura-2-650-x-488.png",600,488,false],"thumbnail":["https:\/\/museus.esplugues.cat\/wp-content\/uploads\/2026\/02\/Miniatura-2-650-x-488.png",80,65,false],"medium":["https:\/\/museus.esplugues.cat\/wp-content\/uploads\/2026\/02\/Miniatura-2-650-x-488.png",300,244,false],"medium_large":["https:\/\/museus.esplugues.cat\/wp-content\/uploads\/2026\/02\/Miniatura-2-650-x-488.png",600,488,false],"large":["https:\/\/museus.esplugues.cat\/wp-content\/uploads\/2026\/02\/Miniatura-2-650-x-488.png",600,488,false],"1536x1536":["https:\/\/museus.esplugues.cat\/wp-content\/uploads\/2026\/02\/Miniatura-2-650-x-488.png",600,488,false],"2048x2048":["https:\/\/museus.esplugues.cat\/wp-content\/uploads\/2026\/02\/Miniatura-2-650-x-488.png",600,488,false],"et-pb-post-main-image":["https:\/\/museus.esplugues.cat\/wp-content\/uploads\/2026\/02\/Miniatura-2-650-x-488.png",307,250,false],"et-pb-post-main-image-fullwidth":["https:\/\/museus.esplugues.cat\/wp-content\/uploads\/2026\/02\/Miniatura-2-650-x-488.png",600,488,false],"et-pb-portfolio-image":["https:\/\/museus.esplugues.cat\/wp-content\/uploads\/2026\/02\/Miniatura-2-650-x-488.png",349,284,false],"et-pb-portfolio-module-image":["https:\/\/museus.esplugues.cat\/wp-content\/uploads\/2026\/02\/Miniatura-2-650-x-488.png",470,382,false],"et-pb-portfolio-image-single":["https:\/\/museus.esplugues.cat\/wp-content\/uploads\/2026\/02\/Miniatura-2-650-x-488.png",600,488,false],"et-pb-gallery-module-image-portrait":["https:\/\/museus.esplugues.cat\/wp-content\/uploads\/2026\/02\/Miniatura-2-650-x-488.png",400,325,false],"et-pb-post-main-image-fullwidth-large":["https:\/\/museus.esplugues.cat\/wp-content\/uploads\/2026\/02\/Miniatura-2-650-x-488.png",600,488,false],"et-pb-image--responsive--desktop":["https:\/\/museus.esplugues.cat\/wp-content\/uploads\/2026\/02\/Miniatura-2-650-x-488.png",600,488,false],"et-pb-image--responsive--tablet":["https:\/\/museus.esplugues.cat\/wp-content\/uploads\/2026\/02\/Miniatura-2-650-x-488.png",600,488,false],"et-pb-image--responsive--phone":["https:\/\/museus.esplugues.cat\/wp-content\/uploads\/2026\/02\/Miniatura-2-650-x-488.png",332,270,false]},"uagb_author_info":{"display_name":"alpha","author_link":"https:\/\/museus.esplugues.cat\/es\/author\/alpha"},"uagb_comment_info":0,"uagb_excerpt":"Redescubrimos al arquitecto que qued\u00f3 eclipsado por los grandes nombres de su \u00e9poca, pero que dej\u00f3 una huella decisiva en el Modernismo, en el arte de la cer\u00e1mica aplicada a la arquitectura y en Esplugues:Antoni Maria Galliss\u00e0 i Soqu\u00e9Esta exposici\u00f3n arroja luz sobre la figura de un arquitecto a menudo eclipsado por los grandes nombres&hellip;","_links":{"self":[{"href":"https:\/\/museus.esplugues.cat\/es\/wp-json\/wp\/v2\/pages\/46609","targetHints":{"allow":["GET"]}}],"collection":[{"href":"https:\/\/museus.esplugues.cat\/es\/wp-json\/wp\/v2\/pages"}],"about":[{"href":"https:\/\/museus.esplugues.cat\/es\/wp-json\/wp\/v2\/types\/page"}],"author":[{"embeddable":true,"href":"https:\/\/museus.esplugues.cat\/es\/wp-json\/wp\/v2\/users\/1"}],"replies":[{"embeddable":true,"href":"https:\/\/museus.esplugues.cat\/es\/wp-json\/wp\/v2\/comments?post=46609"}],"version-history":[{"count":4,"href":"https:\/\/museus.esplugues.cat\/es\/wp-json\/wp\/v2\/pages\/46609\/revisions"}],"predecessor-version":[{"id":47033,"href":"https:\/\/museus.esplugues.cat\/es\/wp-json\/wp\/v2\/pages\/46609\/revisions\/47033"}],"up":[{"embeddable":true,"href":"https:\/\/museus.esplugues.cat\/es\/wp-json\/wp\/v2\/pages\/27989"}],"wp:featuredmedia":[{"embeddable":true,"href":"https:\/\/museus.esplugues.cat\/es\/wp-json\/wp\/v2\/media\/46998"}],"wp:attachment":[{"href":"https:\/\/museus.esplugues.cat\/es\/wp-json\/wp\/v2\/media?parent=46609"}],"curies":[{"name":"wp","href":"https:\/\/api.w.org\/{rel}","templated":true}]}}